{"id":23483,"date":"2024-12-13T13:31:20","date_gmt":"2024-12-13T12:31:20","guid":{"rendered":"https:\/\/www.moree.de\/bar-stools-operating-instructions\/"},"modified":"2024-12-13T15:45:00","modified_gmt":"2024-12-13T14:45:00","slug":"bar-stools-operating-instructions","status":"publish","type":"page","link":"https:\/\/www.moree.de\/en\/bar-stools-operating-instructions\/","title":{"rendered":"Bar Stools &#8211; Operating Instructions"},"content":{"rendered":"\t\t<div data-elementor-type=\"wp-page\" data-elementor-id=\"23483\" class=\"elementor elementor-23483 elementor-23472\" data-elementor-post-type=\"page\">\n\t\t\t\t\t\t<section class=\"ob-is-breaking-bad elementor-section elementor-top-section elementor-element elementor-element-6f9e68ba elementor-section-boxed elementor-section-height-default elementor-section-height-default\" data-id=\"6f9e68ba\" data-element_type=\"section\" data-e-type=\"section\" data-settings=\"{&quot;_ob_bbad_use_it&quot;:&quot;yes&quot;,&quot;_ob_bbad_sssic_use&quot;:&quot;no&quot;,&quot;_ob_glider_is_slider&quot;:&quot;no&quot;}\">\n\t\t\t\t\t\t<div class=\"elementor-container elementor-column-gap-default\">\n\t\t\t\t\t<div class=\"elementor-column elementor-col-100 elementor-top-column elementor-element elementor-element-60a78f9d\" data-id=\"60a78f9d\" data-element_type=\"column\" data-e-type=\"column\" data-settings=\"{&quot;_ob_bbad_is_stalker&quot;:&quot;no&quot;,&quot;_ob_teleporter_use&quot;:false,&quot;_ob_column_hoveranimator&quot;:&quot;no&quot;,&quot;_ob_column_has_pseudo&quot;:&quot;no&quot;}\">\n\t\t\t<div class=\"elementor-widget-wrap elementor-element-populated\">\n\t\t\t\t\t\t<div class=\"elementor-element elementor-element-7212d0ee ob-harakiri-inherit ob-has-background-overlay elementor-widget elementor-widget-text-editor\" data-id=\"7212d0ee\" data-element_type=\"widget\" data-e-type=\"widget\" data-settings=\"{&quot;_ob_use_harakiri&quot;:&quot;yes&quot;,&quot;_ob_harakiri_writing_mode&quot;:&quot;inherit&quot;,&quot;_ob_postman_use&quot;:&quot;no&quot;,&quot;_ob_perspektive_use&quot;:&quot;no&quot;,&quot;_ob_poopart_use&quot;:&quot;yes&quot;,&quot;_ob_shadough_use&quot;:&quot;no&quot;,&quot;_ob_allow_hoveranimator&quot;:&quot;no&quot;,&quot;_ob_widget_stalker_use&quot;:&quot;no&quot;}\" data-widget_type=\"text-editor.default\">\n\t\t\t\t<div class=\"elementor-widget-container\">\n\t\t\t\t\t\t\t\t\t<h4>ED Bar stool 13-02-XX Stainless steel\/white\/anthracite Instruction manual<\/h4>\n<div class=\"_df_book df-lite\" id=\"df_23492\"  _slug=\"220819-13-02-xx-ml-ed-adj-integrated-lever-de-en-v2-4\" data-title=\"250125-13-02-xx-ml-ed-adj-ss-de-en\" wpoptions=\"true\" thumbtype=\"\"><\/div><script class=\"df-shortcode-script\" nowprocket type=\"application\/javascript\">window.option_df_23492 = {\"outline\":[],\"height\":\"300\",\"autoEnableOutline\":\"false\",\"autoEnableThumbnail\":\"false\",\"overwritePDFOutline\":\"false\",\"backgroundImage\":\"https:\\\/\\\/www.moree.de\\\/wp-content\\\/uploads\\\/2021\\\/06\\\/Moree-ED-Barhocker-Sitz-aus-Eiche.jpg\",\"direction\":\"1\",\"pageSize\":\"0\",\"source\":\"https:\\\/\\\/www.moree.de\\\/wp-content\\\/uploads\\\/2025\\\/01\\\/250125-13-02-XX-ML-ED-Adj.-SS-DE-EN.pdf\",\"wpOptions\":\"true\"}; if(window.DFLIP && window.DFLIP.parseBooks){window.DFLIP.parseBooks();}<\/script>\n<hr \/>\n<h4>ED Bar stool 13-03-XX White\/Anthracite Instruction manual<\/h4>\n<h4 style=\"--brlbs-tw-border-spacing-x: 0; --brlbs-tw-border-spacing-y: 0; --brlbs-tw-translate-x: 0; --brlbs-tw-translate-y: 0; --brlbs-tw-rotate: 0; --brlbs-tw-skew-x: 0; --brlbs-tw-skew-y: 0; --brlbs-tw-scale-x: 1; --brlbs-tw-scale-y: 1; --brlbs-tw-scroll-snap-strictness: proximity; --brlbs-tw-ring-offset-width: 0px; --brlbs-tw-ring-offset-color: #fff; --brlbs-tw-ring-color: rgba(59,130,246,.5); --brlbs-tw-ring-offset-shadow: 0 0 #0000; --brlbs-tw-ring-shadow: 0 0 #0000; --brlbs-tw-shadow: 0 0 #0000; --brlbs-tw-shadow-colored: 0 0 #0000; color: #575757;\"><span style=\"color: #3c434a; font-family: -apple-system, BlinkMacSystemFont, 'Segoe UI', Roboto, Oxygen-Sans, Ubuntu, Cantarell, 'Helvetica Neue', sans-serif; font-size: 13px; background-color: #ffffff;\"><div class=\"_df_book df-lite\" id=\"df_23497\"  _slug=\"220819-13-03-xx-ml-ed-adj-barstool-full-color-de-en-v1\" data-title=\"250124-13-03-xx-ml-ed-adj-barstool-full-color-de-en-pdf\" wpoptions=\"true\" thumbtype=\"\"><\/div><script class=\"df-shortcode-script\" nowprocket type=\"application\/javascript\">window.option_df_23497 = {\"outline\":[],\"height\":\"300\",\"autoEnableOutline\":\"false\",\"autoEnableThumbnail\":\"false\",\"overwritePDFOutline\":\"false\",\"backgroundImage\":\"https:\\\/\\\/www.moree.de\\\/wp-content\\\/uploads\\\/2021\\\/06\\\/Moree-ED-Barhocker-Wallnuss-Sitz.jpg\",\"direction\":\"1\",\"pageSize\":\"0\",\"source\":\"https:\\\/\\\/www.moree.de\\\/wp-content\\\/uploads\\\/2025\\\/01\\\/250124-13-03-XX-ML-ED-Adj.-Barstool-Full-Color-DE-EN.pdf\",\"wpOptions\":\"true\"}; if(window.DFLIP && window.DFLIP.parseBooks){window.DFLIP.parseBooks();}<\/script><\/span><\/h4>\n<hr \/>\n<h4>DAVE Bar stool 42-0X-XX Operating instructions Fabric version<\/h4>\n<h4><span style=\"color: #3c434a; font-family: -apple-system, BlinkMacSystemFont, 'Segoe UI', Roboto, Oxygen-Sans, Ubuntu, Cantarell, 'Helvetica Neue', sans-serif; font-size: 13px; background-color: #ffffff;\"><div class=\"_df_book df-lite\" id=\"df_23518\"  _slug=\"220930-42-0x-xx-ml-dave-adj-fabrics-de-en\" data-title=\"220930-42-0x-xx-ml-dave-adj-fabrics-de-en\" wpoptions=\"true\" thumb=\"https:\/\/www.moree.de\/wp-content\/uploads\/2024\/10\/\u00a9-GABRIEL-Cura-header-photo-1.jpg\" thumbtype=\"\"><\/div><script class=\"df-shortcode-script\" nowprocket type=\"application\/javascript\">window.option_df_23518 = {\"outline\":[],\"height\":\"300\",\"autoEnableOutline\":\"false\",\"autoEnableThumbnail\":\"false\",\"overwritePDFOutline\":\"false\",\"backgroundImage\":\"https:\\\/\\\/www.moree.de\\\/wp-content\\\/uploads\\\/2024\\\/10\\\/\\u00a9-GABRIEL-Cura-header-photo-1.jpg\",\"direction\":\"1\",\"pageSize\":\"0\",\"source\":\"https:\\\/\\\/www.moree.de\\\/wp-content\\\/uploads\\\/2024\\\/12\\\/220930-42-0X-XX-ML-Dave-Adj.-Fabrics-DE-EN-V1.pdf\",\"wpOptions\":\"true\"}; if(window.DFLIP && window.DFLIP.parseBooks){window.DFLIP.parseBooks();}<\/script><br \/>\n<\/span><\/h4>\n<hr \/>\n<h4>DAVE bar stool 42-0X-XX Operating instructions artificial leather version<\/h4>\n<div class=\"_df_book df-lite\" id=\"df_23507\"  _slug=\"240227-42-0x-xx-mlasml-dave-adj-leather-de-en\" data-title=\"240227-42-0x-xx-mlasml-dave-adj-leather-de-en\" wpoptions=\"true\" thumbtype=\"\"><\/div><script class=\"df-shortcode-script\" nowprocket type=\"application\/javascript\">window.option_df_23507 = {\"outline\":[],\"height\":\"300\",\"autoEnableOutline\":\"false\",\"autoEnableThumbnail\":\"false\",\"overwritePDFOutline\":\"false\",\"backgroundImage\":\"https:\\\/\\\/www.moree.de\\\/wp-content\\\/uploads\\\/2024\\\/10\\\/\\u00a9-SPRADLING-Valencia-footer-photo.jpg\",\"direction\":\"1\",\"pageSize\":\"0\",\"source\":\"https:\\\/\\\/www.moree.de\\\/wp-content\\\/uploads\\\/2024\\\/12\\\/240227-42-0X-XX-MLASML-Dave-Adj.-Leather-DE-EN-V1.pdf\",\"wpOptions\":\"true\"}; if(window.DFLIP && window.DFLIP.parseBooks){window.DFLIP.parseBooks();}<\/script>\n\t\t\t\t\t\t\t\t<\/div>\n\t\t\t\t<\/div>\n\t\t\t\t\t<\/div>\n\t\t<\/div>\n\t\t\t\t\t<\/div>\n\t\t<\/section>\n\t\t\t\t<\/div>\n\t\t","protected":false},"excerpt":{"rendered":"<p>ED Bar stool 13-02-XX Stainless steel\/white\/anthracite Instruction manual ED Bar stool 13-03-XX White\/Anthracite Instruction manual DAVE Bar stool 42-0X-XX Operating instructions Fabric version DAVE bar stool 42-0X-XX Operating instructions artificial leather version<\/p>\n","protected":false},"author":45,"featured_media":6601,"parent":0,"menu_order":0,"comment_status":"closed","ping_status":"closed","template":"elementor_theme","meta":{"_acf_changed":false,"footnotes":""},"class_list":["post-23483","page","type-page","status-publish","has-post-thumbnail","hentry"],"acf":[],"yoast_head":"<!-- This site is optimized with the Yoast SEO plugin v26.8 - https:\/\/yoast.com\/product\/yoast-seo-wordpress\/ -->\n<title>Bar Stools - Operating Instructions - Moree.de<\/title>\n<meta name=\"robots\" content=\"index, follow, max-snippet:-1, max-image-preview:large, max-video-preview:-1\" \/>\n<link rel=\"canonical\" href=\"https:\/\/www.moree.de\/en\/bar-stools-operating-instructions\/\" \/>\n<meta property=\"og:locale\" content=\"en_US\" \/>\n<meta property=\"og:type\" content=\"article\" \/>\n<meta property=\"og:title\" content=\"Bar Stools - Operating Instructions - Moree.de\" \/>\n<meta property=\"og:description\" content=\"ED Bar stool 13-02-XX Stainless steel\/white\/anthracite Instruction manual ED Bar stool 13-03-XX White\/Anthracite Instruction manual DAVE Bar stool 42-0X-XX Operating instructions Fabric version DAVE bar stool 42-0X-XX Operating instructions artificial leather version\" \/>\n<meta property=\"og:url\" content=\"https:\/\/www.moree.de\/en\/bar-stools-operating-instructions\/\" \/>\n<meta property=\"og:site_name\" content=\"Moree.de\" \/>\n<meta property=\"article:modified_time\" content=\"2024-12-13T14:45:00+00:00\" \/>\n<meta property=\"og:image\" content=\"https:\/\/www.moree.de\/wp-content\/uploads\/2021\/08\/TS-ED-Barstool-Katalog.jpg\" \/>\n\t<meta property=\"og:image:width\" content=\"1440\" \/>\n\t<meta property=\"og:image:height\" content=\"530\" \/>\n\t<meta property=\"og:image:type\" content=\"image\/jpeg\" \/>\n<meta name=\"twitter:card\" content=\"summary_large_image\" \/>\n<meta name=\"twitter:label1\" content=\"Est. reading time\" \/>\n\t<meta name=\"twitter:data1\" content=\"1 minute\" \/>\n<script type=\"application\/ld+json\" class=\"yoast-schema-graph\">{\"@context\":\"https:\/\/schema.org\",\"@graph\":[{\"@type\":\"WebPage\",\"@id\":\"https:\/\/www.moree.de\/en\/bar-stools-operating-instructions\/\",\"url\":\"https:\/\/www.moree.de\/en\/bar-stools-operating-instructions\/\",\"name\":\"Bar Stools - Operating Instructions - Moree.de\",\"isPartOf\":{\"@id\":\"https:\/\/www.moree.de\/en\/#website\"},\"primaryImageOfPage\":{\"@id\":\"https:\/\/www.moree.de\/en\/bar-stools-operating-instructions\/#primaryimage\"},\"image\":{\"@id\":\"https:\/\/www.moree.de\/en\/bar-stools-operating-instructions\/#primaryimage\"},\"thumbnailUrl\":\"https:\/\/www.moree.de\/wp-content\/uploads\/2021\/08\/TS-ED-Barstool-Katalog.jpg\",\"datePublished\":\"2024-12-13T12:31:20+00:00\",\"dateModified\":\"2024-12-13T14:45:00+00:00\",\"breadcrumb\":{\"@id\":\"https:\/\/www.moree.de\/en\/bar-stools-operating-instructions\/#breadcrumb\"},\"inLanguage\":\"en-US\",\"potentialAction\":[{\"@type\":\"ReadAction\",\"target\":[\"https:\/\/www.moree.de\/en\/bar-stools-operating-instructions\/\"]}]},{\"@type\":\"ImageObject\",\"inLanguage\":\"en-US\",\"@id\":\"https:\/\/www.moree.de\/en\/bar-stools-operating-instructions\/#primaryimage\",\"url\":\"https:\/\/www.moree.de\/wp-content\/uploads\/2021\/08\/TS-ED-Barstool-Katalog.jpg\",\"contentUrl\":\"https:\/\/www.moree.de\/wp-content\/uploads\/2021\/08\/TS-ED-Barstool-Katalog.jpg\",\"width\":1440,\"height\":530},{\"@type\":\"BreadcrumbList\",\"@id\":\"https:\/\/www.moree.de\/en\/bar-stools-operating-instructions\/#breadcrumb\",\"itemListElement\":[{\"@type\":\"ListItem\",\"position\":1,\"name\":\"Home\",\"item\":\"https:\/\/www.moree.de\/en\/\"},{\"@type\":\"ListItem\",\"position\":2,\"name\":\"Bar Stools &#8211; Operating Instructions\"}]},{\"@type\":\"WebSite\",\"@id\":\"https:\/\/www.moree.de\/en\/#website\",\"url\":\"https:\/\/www.moree.de\/en\/\",\"name\":\"Moree.de\",\"description\":\"Gastronomie M\u00f6bel, Lounge M\u00f6bel, Barhocker und LED M\u00f6bel\",\"publisher\":{\"@id\":\"https:\/\/www.moree.de\/en\/#organization\"},\"potentialAction\":[{\"@type\":\"SearchAction\",\"target\":{\"@type\":\"EntryPoint\",\"urlTemplate\":\"https:\/\/www.moree.de\/en\/?s={search_term_string}\"},\"query-input\":{\"@type\":\"PropertyValueSpecification\",\"valueRequired\":true,\"valueName\":\"search_term_string\"}}],\"inLanguage\":\"en-US\"},{\"@type\":\"Organization\",\"@id\":\"https:\/\/www.moree.de\/en\/#organization\",\"name\":\"Moree.de\",\"url\":\"https:\/\/www.moree.de\/en\/\",\"logo\":{\"@type\":\"ImageObject\",\"inLanguage\":\"en-US\",\"@id\":\"https:\/\/www.moree.de\/en\/#\/schema\/logo\/image\/\",\"url\":\"https:\/\/www.moree.de\/wp-content\/uploads\/2021\/05\/moree-logo.svg\",\"contentUrl\":\"https:\/\/www.moree.de\/wp-content\/uploads\/2021\/05\/moree-logo.svg\",\"width\":349,\"height\":62,\"caption\":\"Moree.de\"},\"image\":{\"@id\":\"https:\/\/www.moree.de\/en\/#\/schema\/logo\/image\/\"}}]}<\/script>\n<!-- \/ Yoast SEO plugin. -->","yoast_head_json":{"title":"Bar Stools - Operating Instructions - Moree.de","robots":{"index":"index","follow":"follow","max-snippet":"max-snippet:-1","max-image-preview":"max-image-preview:large","max-video-preview":"max-video-preview:-1"},"canonical":"https:\/\/www.moree.de\/en\/bar-stools-operating-instructions\/","og_locale":"en_US","og_type":"article","og_title":"Bar Stools - Operating Instructions - Moree.de","og_description":"ED Bar stool 13-02-XX Stainless steel\/white\/anthracite Instruction manual ED Bar stool 13-03-XX White\/Anthracite Instruction manual DAVE Bar stool 42-0X-XX Operating instructions Fabric version DAVE bar stool 42-0X-XX Operating instructions artificial leather version","og_url":"https:\/\/www.moree.de\/en\/bar-stools-operating-instructions\/","og_site_name":"Moree.de","article_modified_time":"2024-12-13T14:45:00+00:00","og_image":[{"width":1440,"height":530,"url":"https:\/\/www.moree.de\/wp-content\/uploads\/2021\/08\/TS-ED-Barstool-Katalog.jpg","type":"image\/jpeg"}],"twitter_card":"summary_large_image","twitter_misc":{"Est. reading time":"1 minute"},"schema":{"@context":"https:\/\/schema.org","@graph":[{"@type":"WebPage","@id":"https:\/\/www.moree.de\/en\/bar-stools-operating-instructions\/","url":"https:\/\/www.moree.de\/en\/bar-stools-operating-instructions\/","name":"Bar Stools - Operating Instructions - Moree.de","isPartOf":{"@id":"https:\/\/www.moree.de\/en\/#website"},"primaryImageOfPage":{"@id":"https:\/\/www.moree.de\/en\/bar-stools-operating-instructions\/#primaryimage"},"image":{"@id":"https:\/\/www.moree.de\/en\/bar-stools-operating-instructions\/#primaryimage"},"thumbnailUrl":"https:\/\/www.moree.de\/wp-content\/uploads\/2021\/08\/TS-ED-Barstool-Katalog.jpg","datePublished":"2024-12-13T12:31:20+00:00","dateModified":"2024-12-13T14:45:00+00:00","breadcrumb":{"@id":"https:\/\/www.moree.de\/en\/bar-stools-operating-instructions\/#breadcrumb"},"inLanguage":"en-US","potentialAction":[{"@type":"ReadAction","target":["https:\/\/www.moree.de\/en\/bar-stools-operating-instructions\/"]}]},{"@type":"ImageObject","inLanguage":"en-US","@id":"https:\/\/www.moree.de\/en\/bar-stools-operating-instructions\/#primaryimage","url":"https:\/\/www.moree.de\/wp-content\/uploads\/2021\/08\/TS-ED-Barstool-Katalog.jpg","contentUrl":"https:\/\/www.moree.de\/wp-content\/uploads\/2021\/08\/TS-ED-Barstool-Katalog.jpg","width":1440,"height":530},{"@type":"BreadcrumbList","@id":"https:\/\/www.moree.de\/en\/bar-stools-operating-instructions\/#breadcrumb","itemListElement":[{"@type":"ListItem","position":1,"name":"Home","item":"https:\/\/www.moree.de\/en\/"},{"@type":"ListItem","position":2,"name":"Bar Stools &#8211; Operating Instructions"}]},{"@type":"WebSite","@id":"https:\/\/www.moree.de\/en\/#website","url":"https:\/\/www.moree.de\/en\/","name":"Moree.de","description":"Gastronomie M\u00f6bel, Lounge M\u00f6bel, Barhocker und LED M\u00f6bel","publisher":{"@id":"https:\/\/www.moree.de\/en\/#organization"},"potentialAction":[{"@type":"SearchAction","target":{"@type":"EntryPoint","urlTemplate":"https:\/\/www.moree.de\/en\/?s={search_term_string}"},"query-input":{"@type":"PropertyValueSpecification","valueRequired":true,"valueName":"search_term_string"}}],"inLanguage":"en-US"},{"@type":"Organization","@id":"https:\/\/www.moree.de\/en\/#organization","name":"Moree.de","url":"https:\/\/www.moree.de\/en\/","logo":{"@type":"ImageObject","inLanguage":"en-US","@id":"https:\/\/www.moree.de\/en\/#\/schema\/logo\/image\/","url":"https:\/\/www.moree.de\/wp-content\/uploads\/2021\/05\/moree-logo.svg","contentUrl":"https:\/\/www.moree.de\/wp-content\/uploads\/2021\/05\/moree-logo.svg","width":349,"height":62,"caption":"Moree.de"},"image":{"@id":"https:\/\/www.moree.de\/en\/#\/schema\/logo\/image\/"}}]}},"_links":{"self":[{"href":"https:\/\/www.moree.de\/en\/wp-json\/wp\/v2\/pages\/23483","targetHints":{"allow":["GET"]}}],"collection":[{"href":"https:\/\/www.moree.de\/en\/wp-json\/wp\/v2\/pages"}],"about":[{"href":"https:\/\/www.moree.de\/en\/wp-json\/wp\/v2\/types\/page"}],"author":[{"embeddable":true,"href":"https:\/\/www.moree.de\/en\/wp-json\/wp\/v2\/users\/45"}],"replies":[{"embeddable":true,"href":"https:\/\/www.moree.de\/en\/wp-json\/wp\/v2\/comments?post=23483"}],"version-history":[{"count":5,"href":"https:\/\/www.moree.de\/en\/wp-json\/wp\/v2\/pages\/23483\/revisions"}],"predecessor-version":[{"id":23529,"href":"https:\/\/www.moree.de\/en\/wp-json\/wp\/v2\/pages\/23483\/revisions\/23529"}],"wp:featuredmedia":[{"embeddable":true,"href":"https:\/\/www.moree.de\/en\/wp-json\/wp\/v2\/media\/6601"}],"wp:attachment":[{"href":"https:\/\/www.moree.de\/en\/wp-json\/wp\/v2\/media?parent=23483"}],"curies":[{"name":"wp","href":"https:\/\/api.w.org\/{rel}","templated":true}]}}