{"id":24379,"date":"2025-05-07T10:40:02","date_gmt":"2025-05-07T08:40:02","guid":{"rendered":"https:\/\/www.moree.de\/catalogue-modular-led-counter\/"},"modified":"2025-05-07T11:14:36","modified_gmt":"2025-05-07T09:14:36","slug":"catalogue-modular-led-counter","status":"publish","type":"page","link":"https:\/\/www.moree.de\/en\/catalogue-modular-led-counter\/","title":{"rendered":"Catalogue Modular LED Counter"},"content":{"rendered":"\t\t<div data-elementor-type=\"wp-page\" data-elementor-id=\"24379\" class=\"elementor elementor-24379 elementor-24369\" data-elementor-post-type=\"page\">\n\t\t\t\t\t\t<section class=\"ob-is-breaking-bad elementor-section elementor-top-section elementor-element elementor-element-6f9e68ba elementor-section-boxed elementor-section-height-default elementor-section-height-default\" data-id=\"6f9e68ba\" data-element_type=\"section\" data-e-type=\"section\" data-settings=\"{&quot;_ob_bbad_use_it&quot;:&quot;yes&quot;,&quot;_ob_bbad_sssic_use&quot;:&quot;no&quot;,&quot;_ob_glider_is_slider&quot;:&quot;no&quot;}\">\n\t\t\t\t\t\t<div class=\"elementor-container elementor-column-gap-default\">\n\t\t\t\t\t<div class=\"elementor-column elementor-col-100 elementor-top-column elementor-element elementor-element-60a78f9d\" data-id=\"60a78f9d\" data-element_type=\"column\" data-e-type=\"column\" data-settings=\"{&quot;_ob_bbad_is_stalker&quot;:&quot;no&quot;,&quot;_ob_teleporter_use&quot;:false,&quot;_ob_column_hoveranimator&quot;:&quot;no&quot;,&quot;_ob_column_has_pseudo&quot;:&quot;no&quot;}\">\n\t\t\t<div class=\"elementor-widget-wrap elementor-element-populated\">\n\t\t\t\t\t\t<div class=\"elementor-element elementor-element-7212d0ee ob-harakiri-inherit ob-has-background-overlay elementor-widget elementor-widget-text-editor\" data-id=\"7212d0ee\" data-element_type=\"widget\" data-e-type=\"widget\" data-settings=\"{&quot;_ob_use_harakiri&quot;:&quot;yes&quot;,&quot;_ob_harakiri_writing_mode&quot;:&quot;inherit&quot;,&quot;_ob_postman_use&quot;:&quot;no&quot;,&quot;_ob_perspektive_use&quot;:&quot;no&quot;,&quot;_ob_poopart_use&quot;:&quot;yes&quot;,&quot;_ob_shadough_use&quot;:&quot;no&quot;,&quot;_ob_allow_hoveranimator&quot;:&quot;no&quot;,&quot;_ob_widget_stalker_use&quot;:&quot;no&quot;}\" data-widget_type=\"text-editor.default\">\n\t\t\t\t<div class=\"elementor-widget-container\">\n\t\t\t\t\t\t\t\t\t<h4>Catalogue Modular Bar &amp; Buffet System 2025 (Flipbook 48 pages)<\/h4>\n<div class=\"_df_book df-lite\" id=\"df_20992\"  _slug=\"catalogue-modular-barbuffet-system-2024-en\" data-title=\"250120-moree-barbuffet-system-en-v6-pdf-2025-en\" wpoptions=\"true\" thumbtype=\"\"><\/div><script class=\"df-shortcode-script\" nowprocket type=\"application\/javascript\">window.option_df_20992 = {\"outline\":[],\"backgroundColor\":\"#3b2441\",\"autoEnableOutline\":\"false\",\"autoEnableThumbnail\":\"false\",\"overwritePDFOutline\":\"false\",\"direction\":\"1\",\"pageSize\":\"0\",\"source\":\"https:\\\/\\\/www.moree.de\\\/wp-content\\\/uploads\\\/2025\\\/01\\\/250120-Moree-BarBuffet-System-EN-V6.pdf\",\"wpOptions\":\"true\"}; if(window.DFLIP && window.DFLIP.parseBooks){window.DFLIP.parseBooks();}<\/script>\n\t\t\t\t\t\t\t\t<\/div>\n\t\t\t\t<\/div>\n\t\t\t\t\t<\/div>\n\t\t<\/div>\n\t\t\t\t\t<\/div>\n\t\t<\/section>\n\t\t\t\t<\/div>\n\t\t","protected":false},"excerpt":{"rendered":"<p>Catalogue Modular Bar &amp; Buffet System 2025 (Flipbook 48 pages)<\/p>\n","protected":false},"author":1,"featured_media":24374,"parent":0,"menu_order":0,"comment_status":"closed","ping_status":"closed","template":"elementor_theme","meta":{"_acf_changed":false,"footnotes":""},"class_list":["post-24379","page","type-page","status-publish","has-post-thumbnail","hentry"],"acf":[],"yoast_head":"<!-- This site is optimized with the Yoast SEO plugin v26.8 - https:\/\/yoast.com\/product\/yoast-seo-wordpress\/ -->\n<title>Catalogue Modular LED Counter - Moree.de<\/title>\n<meta name=\"robots\" content=\"index, follow, max-snippet:-1, max-image-preview:large, max-video-preview:-1\" \/>\n<link rel=\"canonical\" href=\"https:\/\/www.moree.de\/en\/catalogue-modular-led-counter\/\" \/>\n<meta property=\"og:locale\" content=\"en_US\" \/>\n<meta property=\"og:type\" content=\"article\" \/>\n<meta property=\"og:title\" content=\"Catalogue Modular LED Counter - Moree.de\" \/>\n<meta property=\"og:description\" content=\"Catalogue Modular Bar &amp; Buffet System 2025 (Flipbook 48 pages)\" \/>\n<meta property=\"og:url\" content=\"https:\/\/www.moree.de\/en\/catalogue-modular-led-counter\/\" \/>\n<meta property=\"og:site_name\" content=\"Moree.de\" \/>\n<meta property=\"article:modified_time\" content=\"2025-05-07T09:14:36+00:00\" \/>\n<meta property=\"og:image\" content=\"https:\/\/www.moree.de\/wp-content\/uploads\/2025\/05\/Moree-Modular-LED-Bar.jpg\" \/>\n\t<meta property=\"og:image:width\" content=\"1440\" \/>\n\t<meta property=\"og:image:height\" content=\"530\" \/>\n\t<meta property=\"og:image:type\" content=\"image\/jpeg\" \/>\n<meta name=\"twitter:card\" content=\"summary_large_image\" \/>\n<script type=\"application\/ld+json\" class=\"yoast-schema-graph\">{\"@context\":\"https:\/\/schema.org\",\"@graph\":[{\"@type\":\"WebPage\",\"@id\":\"https:\/\/www.moree.de\/en\/catalogue-modular-led-counter\/\",\"url\":\"https:\/\/www.moree.de\/en\/catalogue-modular-led-counter\/\",\"name\":\"Catalogue Modular LED Counter - Moree.de\",\"isPartOf\":{\"@id\":\"https:\/\/www.moree.de\/en\/#website\"},\"primaryImageOfPage\":{\"@id\":\"https:\/\/www.moree.de\/en\/catalogue-modular-led-counter\/#primaryimage\"},\"image\":{\"@id\":\"https:\/\/www.moree.de\/en\/catalogue-modular-led-counter\/#primaryimage\"},\"thumbnailUrl\":\"https:\/\/www.moree.de\/wp-content\/uploads\/2025\/05\/Moree-Modular-LED-Bar.jpg\",\"datePublished\":\"2025-05-07T08:40:02+00:00\",\"dateModified\":\"2025-05-07T09:14:36+00:00\",\"breadcrumb\":{\"@id\":\"https:\/\/www.moree.de\/en\/catalogue-modular-led-counter\/#breadcrumb\"},\"inLanguage\":\"en-US\",\"potentialAction\":[{\"@type\":\"ReadAction\",\"target\":[\"https:\/\/www.moree.de\/en\/catalogue-modular-led-counter\/\"]}]},{\"@type\":\"ImageObject\",\"inLanguage\":\"en-US\",\"@id\":\"https:\/\/www.moree.de\/en\/catalogue-modular-led-counter\/#primaryimage\",\"url\":\"https:\/\/www.moree.de\/wp-content\/uploads\/2025\/05\/Moree-Modular-LED-Bar.jpg\",\"contentUrl\":\"https:\/\/www.moree.de\/wp-content\/uploads\/2025\/05\/Moree-Modular-LED-Bar.jpg\",\"width\":1440,\"height\":530},{\"@type\":\"BreadcrumbList\",\"@id\":\"https:\/\/www.moree.de\/en\/catalogue-modular-led-counter\/#breadcrumb\",\"itemListElement\":[{\"@type\":\"ListItem\",\"position\":1,\"name\":\"Home\",\"item\":\"https:\/\/www.moree.de\/en\/\"},{\"@type\":\"ListItem\",\"position\":2,\"name\":\"Catalogue Modular LED Counter\"}]},{\"@type\":\"WebSite\",\"@id\":\"https:\/\/www.moree.de\/en\/#website\",\"url\":\"https:\/\/www.moree.de\/en\/\",\"name\":\"Moree.de\",\"description\":\"Gastronomie M\u00f6bel, Lounge M\u00f6bel, Barhocker und LED M\u00f6bel\",\"publisher\":{\"@id\":\"https:\/\/www.moree.de\/en\/#organization\"},\"potentialAction\":[{\"@type\":\"SearchAction\",\"target\":{\"@type\":\"EntryPoint\",\"urlTemplate\":\"https:\/\/www.moree.de\/en\/?s={search_term_string}\"},\"query-input\":{\"@type\":\"PropertyValueSpecification\",\"valueRequired\":true,\"valueName\":\"search_term_string\"}}],\"inLanguage\":\"en-US\"},{\"@type\":\"Organization\",\"@id\":\"https:\/\/www.moree.de\/en\/#organization\",\"name\":\"Moree.de\",\"url\":\"https:\/\/www.moree.de\/en\/\",\"logo\":{\"@type\":\"ImageObject\",\"inLanguage\":\"en-US\",\"@id\":\"https:\/\/www.moree.de\/en\/#\/schema\/logo\/image\/\",\"url\":\"https:\/\/www.moree.de\/wp-content\/uploads\/2021\/05\/moree-logo.svg\",\"contentUrl\":\"https:\/\/www.moree.de\/wp-content\/uploads\/2021\/05\/moree-logo.svg\",\"width\":349,\"height\":62,\"caption\":\"Moree.de\"},\"image\":{\"@id\":\"https:\/\/www.moree.de\/en\/#\/schema\/logo\/image\/\"}}]}<\/script>\n<!-- \/ Yoast SEO plugin. -->","yoast_head_json":{"title":"Catalogue Modular LED Counter - Moree.de","robots":{"index":"index","follow":"follow","max-snippet":"max-snippet:-1","max-image-preview":"max-image-preview:large","max-video-preview":"max-video-preview:-1"},"canonical":"https:\/\/www.moree.de\/en\/catalogue-modular-led-counter\/","og_locale":"en_US","og_type":"article","og_title":"Catalogue Modular LED Counter - Moree.de","og_description":"Catalogue Modular Bar &amp; Buffet System 2025 (Flipbook 48 pages)","og_url":"https:\/\/www.moree.de\/en\/catalogue-modular-led-counter\/","og_site_name":"Moree.de","article_modified_time":"2025-05-07T09:14:36+00:00","og_image":[{"width":1440,"height":530,"url":"https:\/\/www.moree.de\/wp-content\/uploads\/2025\/05\/Moree-Modular-LED-Bar.jpg","type":"image\/jpeg"}],"twitter_card":"summary_large_image","schema":{"@context":"https:\/\/schema.org","@graph":[{"@type":"WebPage","@id":"https:\/\/www.moree.de\/en\/catalogue-modular-led-counter\/","url":"https:\/\/www.moree.de\/en\/catalogue-modular-led-counter\/","name":"Catalogue Modular LED Counter - Moree.de","isPartOf":{"@id":"https:\/\/www.moree.de\/en\/#website"},"primaryImageOfPage":{"@id":"https:\/\/www.moree.de\/en\/catalogue-modular-led-counter\/#primaryimage"},"image":{"@id":"https:\/\/www.moree.de\/en\/catalogue-modular-led-counter\/#primaryimage"},"thumbnailUrl":"https:\/\/www.moree.de\/wp-content\/uploads\/2025\/05\/Moree-Modular-LED-Bar.jpg","datePublished":"2025-05-07T08:40:02+00:00","dateModified":"2025-05-07T09:14:36+00:00","breadcrumb":{"@id":"https:\/\/www.moree.de\/en\/catalogue-modular-led-counter\/#breadcrumb"},"inLanguage":"en-US","potentialAction":[{"@type":"ReadAction","target":["https:\/\/www.moree.de\/en\/catalogue-modular-led-counter\/"]}]},{"@type":"ImageObject","inLanguage":"en-US","@id":"https:\/\/www.moree.de\/en\/catalogue-modular-led-counter\/#primaryimage","url":"https:\/\/www.moree.de\/wp-content\/uploads\/2025\/05\/Moree-Modular-LED-Bar.jpg","contentUrl":"https:\/\/www.moree.de\/wp-content\/uploads\/2025\/05\/Moree-Modular-LED-Bar.jpg","width":1440,"height":530},{"@type":"BreadcrumbList","@id":"https:\/\/www.moree.de\/en\/catalogue-modular-led-counter\/#breadcrumb","itemListElement":[{"@type":"ListItem","position":1,"name":"Home","item":"https:\/\/www.moree.de\/en\/"},{"@type":"ListItem","position":2,"name":"Catalogue Modular LED Counter"}]},{"@type":"WebSite","@id":"https:\/\/www.moree.de\/en\/#website","url":"https:\/\/www.moree.de\/en\/","name":"Moree.de","description":"Gastronomie M\u00f6bel, Lounge M\u00f6bel, Barhocker und LED M\u00f6bel","publisher":{"@id":"https:\/\/www.moree.de\/en\/#organization"},"potentialAction":[{"@type":"SearchAction","target":{"@type":"EntryPoint","urlTemplate":"https:\/\/www.moree.de\/en\/?s={search_term_string}"},"query-input":{"@type":"PropertyValueSpecification","valueRequired":true,"valueName":"search_term_string"}}],"inLanguage":"en-US"},{"@type":"Organization","@id":"https:\/\/www.moree.de\/en\/#organization","name":"Moree.de","url":"https:\/\/www.moree.de\/en\/","logo":{"@type":"ImageObject","inLanguage":"en-US","@id":"https:\/\/www.moree.de\/en\/#\/schema\/logo\/image\/","url":"https:\/\/www.moree.de\/wp-content\/uploads\/2021\/05\/moree-logo.svg","contentUrl":"https:\/\/www.moree.de\/wp-content\/uploads\/2021\/05\/moree-logo.svg","width":349,"height":62,"caption":"Moree.de"},"image":{"@id":"https:\/\/www.moree.de\/en\/#\/schema\/logo\/image\/"}}]}},"_links":{"self":[{"href":"https:\/\/www.moree.de\/en\/wp-json\/wp\/v2\/pages\/24379","targetHints":{"allow":["GET"]}}],"collection":[{"href":"https:\/\/www.moree.de\/en\/wp-json\/wp\/v2\/pages"}],"about":[{"href":"https:\/\/www.moree.de\/en\/wp-json\/wp\/v2\/types\/page"}],"author":[{"embeddable":true,"href":"https:\/\/www.moree.de\/en\/wp-json\/wp\/v2\/users\/1"}],"replies":[{"embeddable":true,"href":"https:\/\/www.moree.de\/en\/wp-json\/wp\/v2\/comments?post=24379"}],"version-history":[{"count":2,"href":"https:\/\/www.moree.de\/en\/wp-json\/wp\/v2\/pages\/24379\/revisions"}],"predecessor-version":[{"id":24386,"href":"https:\/\/www.moree.de\/en\/wp-json\/wp\/v2\/pages\/24379\/revisions\/24386"}],"wp:featuredmedia":[{"embeddable":true,"href":"https:\/\/www.moree.de\/en\/wp-json\/wp\/v2\/media\/24374"}],"wp:attachment":[{"href":"https:\/\/www.moree.de\/en\/wp-json\/wp\/v2\/media?parent=24379"}],"curies":[{"name":"wp","href":"https:\/\/api.w.org\/{rel}","templated":true}]}}