{"id":7265,"date":"2021-08-11T16:20:53","date_gmt":"2021-08-11T14:20:53","guid":{"rendered":"https:\/\/www.moree.de\/subscribe-to-newsletter\/"},"modified":"2021-09-21T10:07:48","modified_gmt":"2021-09-21T08:07:48","slug":"subscribe-to-newsletter","status":"publish","type":"page","link":"https:\/\/www.moree.de\/en\/subscribe-to-newsletter\/","title":{"rendered":"Subscribe to Newsletter"},"content":{"rendered":"\t\t<div data-elementor-type=\"wp-page\" data-elementor-id=\"7265\" class=\"elementor elementor-7265 elementor-4324\" data-elementor-post-type=\"page\">\n\t\t\t\t\t\t<section class=\"ob-is-breaking-bad elementor-section elementor-top-section elementor-element elementor-element-4490e08 elementor-section-boxed elementor-section-height-default elementor-section-height-default\" data-id=\"4490e08\" data-element_type=\"section\" data-e-type=\"section\" data-settings=\"{&quot;_ob_bbad_use_it&quot;:&quot;yes&quot;,&quot;_ob_bbad_sssic_use&quot;:&quot;no&quot;,&quot;_ob_glider_is_slider&quot;:&quot;no&quot;}\">\n\t\t\t\t\t\t<div class=\"elementor-container elementor-column-gap-no\">\n\t\t\t\t\t<div class=\"elementor-column elementor-col-100 elementor-top-column elementor-element elementor-element-9edad27\" data-id=\"9edad27\" data-element_type=\"column\" data-e-type=\"column\" data-settings=\"{&quot;_ob_bbad_is_stalker&quot;:&quot;no&quot;,&quot;_ob_teleporter_use&quot;:false,&quot;_ob_column_hoveranimator&quot;:&quot;no&quot;,&quot;_ob_column_has_pseudo&quot;:&quot;no&quot;}\">\n\t\t\t<div class=\"elementor-widget-wrap elementor-element-populated\">\n\t\t\t\t\t\t<div class=\"elementor-element elementor-element-fe92eb0 ob-harakiri-inherit ob-has-background-overlay elementor-widget elementor-widget-heading\" data-id=\"fe92eb0\" data-element_type=\"widget\" data-e-type=\"widget\" data-settings=\"{&quot;_ob_use_harakiri&quot;:&quot;yes&quot;,&quot;_ob_harakiri_writing_mode&quot;:&quot;inherit&quot;,&quot;_ob_harakiri_text_clip&quot;:&quot;none&quot;,&quot;_ob_perspektive_use&quot;:&quot;no&quot;,&quot;_ob_poopart_use&quot;:&quot;yes&quot;,&quot;_ob_shadough_use&quot;:&quot;no&quot;,&quot;_ob_allow_hoveranimator&quot;:&quot;no&quot;,&quot;_ob_widget_stalker_use&quot;:&quot;no&quot;}\" data-widget_type=\"heading.default\">\n\t\t\t\t<div class=\"elementor-widget-container\">\n\t\t\t\t\t<h4 class=\"elementor-heading-title elementor-size-default\">Please sign up to receive our newsletter.<\/h4>\t\t\t\t<\/div>\n\t\t\t\t<\/div>\n\t\t\t\t<div class=\"elementor-element elementor-element-d28b59c elementor-widget__width-initial elementor-widget-tablet__width-initial elementor-button-align-stretch ob-has-background-overlay elementor-widget elementor-widget-form\" data-id=\"d28b59c\" data-element_type=\"widget\" data-e-type=\"widget\" data-settings=\"{&quot;step_next_label&quot;:&quot;N\\u00e4chster&quot;,&quot;step_previous_label&quot;:&quot;Voriger&quot;,&quot;button_width&quot;:&quot;100&quot;,&quot;step_type&quot;:&quot;number_text&quot;,&quot;step_icon_shape&quot;:&quot;circle&quot;,&quot;_ob_perspektive_use&quot;:&quot;no&quot;,&quot;_ob_poopart_use&quot;:&quot;yes&quot;,&quot;_ob_shadough_use&quot;:&quot;no&quot;,&quot;_ob_allow_hoveranimator&quot;:&quot;no&quot;,&quot;_ob_widget_stalker_use&quot;:&quot;no&quot;}\" data-widget_type=\"form.default\">\n\t\t\t\t<div class=\"elementor-widget-container\">\n\t\t\t\t\t\t\t<form class=\"elementor-form\" method=\"post\" name=\"New Form\" aria-label=\"New Form\">\n\t\t\t<input type=\"hidden\" name=\"post_id\" value=\"7265\"\/>\n\t\t\t<input type=\"hidden\" name=\"form_id\" value=\"d28b59c\"\/>\n\t\t\t<input type=\"hidden\" name=\"referer_title\" value=\"Moree.de\" \/>\n\n\t\t\t\n\t\t\t<div class=\"elementor-form-fields-wrapper elementor-labels-\">\n\t\t\t\t\t\t\t\t<div class=\"elementor-field-type-text elementor-field-group elementor-column elementor-field-group-vorname elementor-col-50\">\n\t\t\t\t\t\t\t\t\t\t\t\t<label for=\"form-field-vorname\" class=\"elementor-field-label elementor-screen-only\">\n\t\t\t\t\t\t\t\tFirst Name\t\t\t\t\t\t\t<\/label>\n\t\t\t\t\t\t\t\t\t\t\t\t\t\t<input size=\"1\" type=\"text\" name=\"form_fields[vorname]\" id=\"form-field-vorname\" class=\"elementor-field elementor-size-lg  elementor-field-textual\" placeholder=\"First Name\"\/>\n\t\t\t\t\t\t\t\t\t\t\t<\/div>\n\t\t\t\t\t\t\t\t<div class=\"elementor-field-type-text elementor-field-group elementor-column elementor-field-group-nachname elementor-col-50\">\n\t\t\t\t\t\t\t\t\t\t\t\t<label for=\"form-field-nachname\" class=\"elementor-field-label elementor-screen-only\">\n\t\t\t\t\t\t\t\tLast Name\t\t\t\t\t\t\t<\/label>\n\t\t\t\t\t\t\t\t\t\t\t\t\t\t<input size=\"1\" type=\"text\" name=\"form_fields[nachname]\" id=\"form-field-nachname\" class=\"elementor-field elementor-size-lg  elementor-field-textual\" placeholder=\"Last Name\"\/>\n\t\t\t\t\t\t\t\t\t\t\t<\/div>\n\t\t\t\t\t\t\t\t<div class=\"elementor-field-type-email elementor-field-group elementor-column elementor-field-group-mail elementor-col-100 elementor-field-required\">\n\t\t\t\t\t\t\t\t\t\t\t\t<label for=\"form-field-mail\" class=\"elementor-field-label elementor-screen-only\">\n\t\t\t\t\t\t\t\tE-Mail\t\t\t\t\t\t\t<\/label>\n\t\t\t\t\t\t\t\t\t\t\t\t\t\t<input size=\"1\" type=\"email\" name=\"form_fields[mail]\" id=\"form-field-mail\" class=\"elementor-field elementor-size-lg  elementor-field-textual\" placeholder=\"E-Mail Address*\" required=\"required\"\/>\n\t\t\t\t\t\t\t\t\t\t\t<\/div>\n\t\t\t\t\t\t\t\t<div class=\"elementor-field-group elementor-column elementor-field-type-submit elementor-col-100 e-form__buttons\">\n\t\t\t\t\t<button class=\"elementor-button elementor-size-lg\" type=\"submit\">\n\t\t\t\t\t\t<span class=\"elementor-button-content-wrapper\">\n\t\t\t\t\t\t\t\t\t\t\t\t\t\t\t\t\t\t\t\t\t\t<span class=\"elementor-button-text\">Log in<\/span>\n\t\t\t\t\t\t\t\t\t\t\t\t\t<\/span>\n\t\t\t\t\t<\/button>\n\t\t\t\t<\/div>\n\t\t\t<\/div>\n\t\t<\/form>\n\t\t\t\t\t\t<\/div>\n\t\t\t\t<\/div>\n\t\t\t\t\t<\/div>\n\t\t<\/div>\n\t\t\t\t\t<\/div>\n\t\t<\/section>\n\t\t\t\t<\/div>\n\t\t","protected":false},"excerpt":{"rendered":"<p>Please sign up to receive our newsletter.<\/p>\n","protected":false},"author":1,"featured_media":6601,"parent":0,"menu_order":0,"comment_status":"closed","ping_status":"closed","template":"elementor_theme","meta":{"_acf_changed":false,"footnotes":""},"class_list":["post-7265","page","type-page","status-publish","has-post-thumbnail","hentry"],"acf":[],"yoast_head":"<!-- This site is optimized with the Yoast SEO plugin v26.8 - https:\/\/yoast.com\/product\/yoast-seo-wordpress\/ -->\n<title>Subscribe to Newsletter - Moree.de<\/title>\n<meta name=\"robots\" content=\"index, follow, max-snippet:-1, max-image-preview:large, max-video-preview:-1\" \/>\n<link rel=\"canonical\" href=\"https:\/\/www.moree.de\/en\/subscribe-to-newsletter\/\" \/>\n<meta property=\"og:locale\" content=\"en_US\" \/>\n<meta property=\"og:type\" content=\"article\" \/>\n<meta property=\"og:title\" content=\"Subscribe to Newsletter - Moree.de\" \/>\n<meta property=\"og:description\" content=\"Please sign up to receive our newsletter.\" \/>\n<meta property=\"og:url\" content=\"https:\/\/www.moree.de\/en\/subscribe-to-newsletter\/\" \/>\n<meta property=\"og:site_name\" content=\"Moree.de\" \/>\n<meta property=\"article:modified_time\" content=\"2021-09-21T08:07:48+00:00\" \/>\n<meta property=\"og:image\" content=\"https:\/\/www.moree.de\/wp-content\/uploads\/2021\/08\/TS-ED-Barstool-Katalog.jpg\" \/>\n\t<meta property=\"og:image:width\" content=\"1440\" \/>\n\t<meta property=\"og:image:height\" content=\"530\" \/>\n\t<meta property=\"og:image:type\" content=\"image\/jpeg\" \/>\n<meta name=\"twitter:card\" content=\"summary_large_image\" \/>\n<meta name=\"twitter:label1\" content=\"Est. reading time\" \/>\n\t<meta name=\"twitter:data1\" content=\"1 minute\" \/>\n<script type=\"application\/ld+json\" class=\"yoast-schema-graph\">{\"@context\":\"https:\/\/schema.org\",\"@graph\":[{\"@type\":\"WebPage\",\"@id\":\"https:\/\/www.moree.de\/en\/subscribe-to-newsletter\/\",\"url\":\"https:\/\/www.moree.de\/en\/subscribe-to-newsletter\/\",\"name\":\"Subscribe to Newsletter - Moree.de\",\"isPartOf\":{\"@id\":\"https:\/\/www.moree.de\/en\/#website\"},\"primaryImageOfPage\":{\"@id\":\"https:\/\/www.moree.de\/en\/subscribe-to-newsletter\/#primaryimage\"},\"image\":{\"@id\":\"https:\/\/www.moree.de\/en\/subscribe-to-newsletter\/#primaryimage\"},\"thumbnailUrl\":\"https:\/\/www.moree.de\/wp-content\/uploads\/2021\/08\/TS-ED-Barstool-Katalog.jpg\",\"datePublished\":\"2021-08-11T14:20:53+00:00\",\"dateModified\":\"2021-09-21T08:07:48+00:00\",\"breadcrumb\":{\"@id\":\"https:\/\/www.moree.de\/en\/subscribe-to-newsletter\/#breadcrumb\"},\"inLanguage\":\"en-US\",\"potentialAction\":[{\"@type\":\"ReadAction\",\"target\":[\"https:\/\/www.moree.de\/en\/subscribe-to-newsletter\/\"]}]},{\"@type\":\"ImageObject\",\"inLanguage\":\"en-US\",\"@id\":\"https:\/\/www.moree.de\/en\/subscribe-to-newsletter\/#primaryimage\",\"url\":\"https:\/\/www.moree.de\/wp-content\/uploads\/2021\/08\/TS-ED-Barstool-Katalog.jpg\",\"contentUrl\":\"https:\/\/www.moree.de\/wp-content\/uploads\/2021\/08\/TS-ED-Barstool-Katalog.jpg\",\"width\":1440,\"height\":530},{\"@type\":\"BreadcrumbList\",\"@id\":\"https:\/\/www.moree.de\/en\/subscribe-to-newsletter\/#breadcrumb\",\"itemListElement\":[{\"@type\":\"ListItem\",\"position\":1,\"name\":\"Home\",\"item\":\"https:\/\/www.moree.de\/en\/\"},{\"@type\":\"ListItem\",\"position\":2,\"name\":\"Subscribe to Newsletter\"}]},{\"@type\":\"WebSite\",\"@id\":\"https:\/\/www.moree.de\/en\/#website\",\"url\":\"https:\/\/www.moree.de\/en\/\",\"name\":\"Moree.de\",\"description\":\"Gastronomie M\u00f6bel, Lounge M\u00f6bel, Barhocker und LED M\u00f6bel\",\"publisher\":{\"@id\":\"https:\/\/www.moree.de\/en\/#organization\"},\"potentialAction\":[{\"@type\":\"SearchAction\",\"target\":{\"@type\":\"EntryPoint\",\"urlTemplate\":\"https:\/\/www.moree.de\/en\/?s={search_term_string}\"},\"query-input\":{\"@type\":\"PropertyValueSpecification\",\"valueRequired\":true,\"valueName\":\"search_term_string\"}}],\"inLanguage\":\"en-US\"},{\"@type\":\"Organization\",\"@id\":\"https:\/\/www.moree.de\/en\/#organization\",\"name\":\"Moree.de\",\"url\":\"https:\/\/www.moree.de\/en\/\",\"logo\":{\"@type\":\"ImageObject\",\"inLanguage\":\"en-US\",\"@id\":\"https:\/\/www.moree.de\/en\/#\/schema\/logo\/image\/\",\"url\":\"https:\/\/www.moree.de\/wp-content\/uploads\/2021\/05\/moree-logo.svg\",\"contentUrl\":\"https:\/\/www.moree.de\/wp-content\/uploads\/2021\/05\/moree-logo.svg\",\"width\":349,\"height\":62,\"caption\":\"Moree.de\"},\"image\":{\"@id\":\"https:\/\/www.moree.de\/en\/#\/schema\/logo\/image\/\"}}]}<\/script>\n<!-- \/ Yoast SEO plugin. -->","yoast_head_json":{"title":"Subscribe to Newsletter - Moree.de","robots":{"index":"index","follow":"follow","max-snippet":"max-snippet:-1","max-image-preview":"max-image-preview:large","max-video-preview":"max-video-preview:-1"},"canonical":"https:\/\/www.moree.de\/en\/subscribe-to-newsletter\/","og_locale":"en_US","og_type":"article","og_title":"Subscribe to Newsletter - Moree.de","og_description":"Please sign up to receive our newsletter.","og_url":"https:\/\/www.moree.de\/en\/subscribe-to-newsletter\/","og_site_name":"Moree.de","article_modified_time":"2021-09-21T08:07:48+00:00","og_image":[{"width":1440,"height":530,"url":"https:\/\/www.moree.de\/wp-content\/uploads\/2021\/08\/TS-ED-Barstool-Katalog.jpg","type":"image\/jpeg"}],"twitter_card":"summary_large_image","twitter_misc":{"Est. reading time":"1 minute"},"schema":{"@context":"https:\/\/schema.org","@graph":[{"@type":"WebPage","@id":"https:\/\/www.moree.de\/en\/subscribe-to-newsletter\/","url":"https:\/\/www.moree.de\/en\/subscribe-to-newsletter\/","name":"Subscribe to Newsletter - Moree.de","isPartOf":{"@id":"https:\/\/www.moree.de\/en\/#website"},"primaryImageOfPage":{"@id":"https:\/\/www.moree.de\/en\/subscribe-to-newsletter\/#primaryimage"},"image":{"@id":"https:\/\/www.moree.de\/en\/subscribe-to-newsletter\/#primaryimage"},"thumbnailUrl":"https:\/\/www.moree.de\/wp-content\/uploads\/2021\/08\/TS-ED-Barstool-Katalog.jpg","datePublished":"2021-08-11T14:20:53+00:00","dateModified":"2021-09-21T08:07:48+00:00","breadcrumb":{"@id":"https:\/\/www.moree.de\/en\/subscribe-to-newsletter\/#breadcrumb"},"inLanguage":"en-US","potentialAction":[{"@type":"ReadAction","target":["https:\/\/www.moree.de\/en\/subscribe-to-newsletter\/"]}]},{"@type":"ImageObject","inLanguage":"en-US","@id":"https:\/\/www.moree.de\/en\/subscribe-to-newsletter\/#primaryimage","url":"https:\/\/www.moree.de\/wp-content\/uploads\/2021\/08\/TS-ED-Barstool-Katalog.jpg","contentUrl":"https:\/\/www.moree.de\/wp-content\/uploads\/2021\/08\/TS-ED-Barstool-Katalog.jpg","width":1440,"height":530},{"@type":"BreadcrumbList","@id":"https:\/\/www.moree.de\/en\/subscribe-to-newsletter\/#breadcrumb","itemListElement":[{"@type":"ListItem","position":1,"name":"Home","item":"https:\/\/www.moree.de\/en\/"},{"@type":"ListItem","position":2,"name":"Subscribe to Newsletter"}]},{"@type":"WebSite","@id":"https:\/\/www.moree.de\/en\/#website","url":"https:\/\/www.moree.de\/en\/","name":"Moree.de","description":"Gastronomie M\u00f6bel, Lounge M\u00f6bel, Barhocker und LED M\u00f6bel","publisher":{"@id":"https:\/\/www.moree.de\/en\/#organization"},"potentialAction":[{"@type":"SearchAction","target":{"@type":"EntryPoint","urlTemplate":"https:\/\/www.moree.de\/en\/?s={search_term_string}"},"query-input":{"@type":"PropertyValueSpecification","valueRequired":true,"valueName":"search_term_string"}}],"inLanguage":"en-US"},{"@type":"Organization","@id":"https:\/\/www.moree.de\/en\/#organization","name":"Moree.de","url":"https:\/\/www.moree.de\/en\/","logo":{"@type":"ImageObject","inLanguage":"en-US","@id":"https:\/\/www.moree.de\/en\/#\/schema\/logo\/image\/","url":"https:\/\/www.moree.de\/wp-content\/uploads\/2021\/05\/moree-logo.svg","contentUrl":"https:\/\/www.moree.de\/wp-content\/uploads\/2021\/05\/moree-logo.svg","width":349,"height":62,"caption":"Moree.de"},"image":{"@id":"https:\/\/www.moree.de\/en\/#\/schema\/logo\/image\/"}}]}},"_links":{"self":[{"href":"https:\/\/www.moree.de\/en\/wp-json\/wp\/v2\/pages\/7265","targetHints":{"allow":["GET"]}}],"collection":[{"href":"https:\/\/www.moree.de\/en\/wp-json\/wp\/v2\/pages"}],"about":[{"href":"https:\/\/www.moree.de\/en\/wp-json\/wp\/v2\/types\/page"}],"author":[{"embeddable":true,"href":"https:\/\/www.moree.de\/en\/wp-json\/wp\/v2\/users\/1"}],"replies":[{"embeddable":true,"href":"https:\/\/www.moree.de\/en\/wp-json\/wp\/v2\/comments?post=7265"}],"version-history":[{"count":6,"href":"https:\/\/www.moree.de\/en\/wp-json\/wp\/v2\/pages\/7265\/revisions"}],"predecessor-version":[{"id":8930,"href":"https:\/\/www.moree.de\/en\/wp-json\/wp\/v2\/pages\/7265\/revisions\/8930"}],"wp:featuredmedia":[{"embeddable":true,"href":"https:\/\/www.moree.de\/en\/wp-json\/wp\/v2\/media\/6601"}],"wp:attachment":[{"href":"https:\/\/www.moree.de\/en\/wp-json\/wp\/v2\/media?parent=7265"}],"curies":[{"name":"wp","href":"https:\/\/api.w.org\/{rel}","templated":true}]}}