{"id":7289,"date":"2021-08-11T16:53:10","date_gmt":"2021-08-11T14:53:10","guid":{"rendered":"https:\/\/www.moree.de\/cancellation\/"},"modified":"2021-11-29T14:57:35","modified_gmt":"2021-11-29T13:57:35","slug":"cancellation","status":"publish","type":"page","link":"https:\/\/www.moree.de\/en\/cancellation\/","title":{"rendered":"Cancellation Policy"},"content":{"rendered":"<div class=\"legal-text-contents-html revocation\">\n<h3><strong>Cancellation Right for Consumer Customers<\/strong><\/h3>\n<p>Exclusively for Consumer Customers within the sense of \u00a7 13 BGB, i.e. natural persons who conclude a legal transaction for a purpose that can be attributed neither to their commercial nor to their self-employed activity, the following shall apply:<\/p>\n<h3><strong>Cancellation Right<\/strong><\/h3>\n<p>You have the right to cancel this contract within fourteen days without providing reasons.<br \/>\nThe cancellation period is fourteen days from the day on which you or a third party named by you, who is not the carrier, have taken possession of the final goods.<br \/>\nIn order to exercise your cancellation right, you must notify us at:<\/p>\n<p>Moree Germany GmbH<br \/>\nKaiserswerther Markt 11<br \/>\n40489 D\u00fcsseldorf<br \/>\nGermany<\/p>\n<p>Tel.: +49 211 302 768 0<br \/>\nEmail: info@moree.de<\/p>\n<p>by means of a clear declaration (e.g. a letter sent by mail or email) regarding your decision to cancel this contract. You may use the attached Sample Cancellation Form for this purpose, however, this is not mandatory.<br \/>\nIn order to comply with the cancellation period, it is sufficient that you send the notification of the exercise of the cancellation right prior the expiry of the cancellation period.<\/p>\n<h3><strong>Consequences of Cancellation<\/strong><\/h3>\n<p>If you cancel this contract, we must refund all payments we have received from you, including delivery costs (with the exception of additional costs resulting from the fact that you have chosen a type of delivery other than the least expensive standard delivery offered by us), without delay and at the latest within fourteen days from the day on which we received notification of your cancellation of this contract.<br \/>\nFor this repayment, we will use the same means of payment used by you for the original transaction, unless expressly agreed otherwise with you;<br \/>\nin no case will you be charged for this repayment.<br \/>\nWe may refuse to refund you until the goods are returned to us or until you have provided proof that you have returned the goods, whichever is the earlier date. You must return or hand over the goods to us immediately and in any case, no later than within fourteen days from the day on which you notify us of the cancellation of this contract.<br \/>\nThe deadline shall be considered met if you send the goods before the fourteen-day deadline.<br \/>\nYou shall bear the direct costs of returning the goods.<br \/>\nYou shall only be liable for any loss in value of the goods if this loss in value is due to handling of the goods that is not necessary for testing the quality, characteristics and functionality of the goods.<\/p>\n<\/div>\n<h3><strong>Exceptions to the cancellation right<\/strong><\/h3>\n<p>The cancellation right does not apply to the following contracts: The cancellation right does not exist for the delivery of goods that are not prefabricated or for their production in which an individual selection or determination by the Consumer is decisive or for which the goods are clearly tailored to the personal needs of the Consumer.<br \/>\nThe same shall apply to goods which, due to their nature, have been inseparably mixed with other goods after delivery.<\/p>\n<p><strong>&#8211; End of the Cancellation Policy &#8211;<\/strong><\/p>\n\n<table style=\"height: 480px;\" border=\"1\" width=\"679\" rules=\"NONE\" cellspacing=\"0\" cellpadding=\"1\">\n<tbody>\n<tr>\n<td valign=\"TOP\" width=\"673\"><strong>Sample cancellation form<br \/>\n<\/strong><\/td>\n<\/tr>\n<tr>\n<td valign=\"TOP\" width=\"673\">(If you want to revoke the contract, please fill out this form and send it<br \/>\nback).<\/td>\n<\/tr>\n<tr>\n<td valign=\"TOP\" width=\"673\">To: Moree Germany GmbH, Kaiserswerther Markt 11, 40489 D\u00fcsseldorf,<br \/>\nGermany, Tel.: +49 211 302 768 0, E-Mail: info@moree.de<br \/>\nI\/We (*) hereby revoke the contract concluded by me\/us (*) for the<br \/>\npurchase of the following goods (*)\/provision of the following service (*)<br \/>\n____________________________________________________________<br \/>\nOrdered on (*)\/ received on (*)_______________________________<br \/>\nConsumer\u2019s name(s) _______________________________<br \/>\nConsumer\u2019s address(es) _______________________________<br \/>\n_______________________________<br \/>\n_______________________________<br \/>\n_______________________________<br \/>\nSignature of the consumer(s) (only in case of notification on paper)<br \/>\n__________________________<br \/>\nDate ______________________<\/td>\n<\/tr>\n<tr>\n<td valign=\"TOP\" width=\"673\">(*) Delete as applicable.<\/td>\n<\/tr>\n<\/tbody>\n<\/table>\n<p>You can access and print the currently valid cancellation policy on the website. <a href=\"https:\/\/www.moree.de\/wp-content\/uploads\/2021\/11\/211129-Cancellation-Right.pdf\"><strong>[click here]<\/strong><\/a><\/p>\n","protected":false},"excerpt":{"rendered":"<p>Cancellation Right for Consumer Customers Exclusively for Consumer Customers within the sense of \u00a7 13 BGB, i.e. natural persons who conclude a legal transaction for a purpose that can be attributed neither to their commercial nor to their self-employed activity, the following shall apply: Cancellation Right You have the right to cancel this contract within [&hellip;]<\/p>\n","protected":false},"author":3,"featured_media":6607,"parent":0,"menu_order":0,"comment_status":"closed","ping_status":"closed","template":"","meta":{"_acf_changed":false,"footnotes":""},"class_list":["post-7289","page","type-page","status-publish","has-post-thumbnail","hentry"],"acf":[],"yoast_head":"<!-- This site is optimized with the Yoast SEO plugin v26.8 - https:\/\/yoast.com\/product\/yoast-seo-wordpress\/ -->\n<title>Cancellation Policy - Moree.de<\/title>\n<meta name=\"robots\" content=\"index, follow, max-snippet:-1, max-image-preview:large, max-video-preview:-1\" \/>\n<link rel=\"canonical\" href=\"https:\/\/www.moree.de\/en\/cancellation\/\" \/>\n<meta property=\"og:locale\" content=\"en_US\" \/>\n<meta property=\"og:type\" content=\"article\" \/>\n<meta property=\"og:title\" content=\"Cancellation Policy - Moree.de\" \/>\n<meta property=\"og:description\" content=\"Cancellation Right for Consumer Customers Exclusively for Consumer Customers within the sense of \u00a7 13 BGB, i.e. natural persons who conclude a legal transaction for a purpose that can be attributed neither to their commercial nor to their self-employed activity, the following shall apply: Cancellation Right You have the right to cancel this contract within [&hellip;]\" \/>\n<meta property=\"og:url\" content=\"https:\/\/www.moree.de\/en\/cancellation\/\" \/>\n<meta property=\"og:site_name\" content=\"Moree.de\" \/>\n<meta property=\"article:modified_time\" content=\"2021-11-29T13:57:35+00:00\" \/>\n<meta property=\"og:image\" content=\"https:\/\/www.moree.de\/wp-content\/uploads\/2021\/08\/TS-Ora-Home-LED-Pro.jpg\" \/>\n\t<meta property=\"og:image:width\" content=\"1440\" \/>\n\t<meta property=\"og:image:height\" content=\"530\" \/>\n\t<meta property=\"og:image:type\" content=\"image\/jpeg\" \/>\n<meta name=\"twitter:card\" content=\"summary_large_image\" \/>\n<meta name=\"twitter:label1\" content=\"Est. reading time\" \/>\n\t<meta name=\"twitter:data1\" content=\"3 minutes\" \/>\n<script type=\"application\/ld+json\" class=\"yoast-schema-graph\">{\"@context\":\"https:\/\/schema.org\",\"@graph\":[{\"@type\":\"WebPage\",\"@id\":\"https:\/\/www.moree.de\/en\/cancellation\/\",\"url\":\"https:\/\/www.moree.de\/en\/cancellation\/\",\"name\":\"Cancellation Policy - Moree.de\",\"isPartOf\":{\"@id\":\"https:\/\/www.moree.de\/en\/#website\"},\"primaryImageOfPage\":{\"@id\":\"https:\/\/www.moree.de\/en\/cancellation\/#primaryimage\"},\"image\":{\"@id\":\"https:\/\/www.moree.de\/en\/cancellation\/#primaryimage\"},\"thumbnailUrl\":\"https:\/\/www.moree.de\/wp-content\/uploads\/2021\/08\/TS-Ora-Home-LED-Pro.jpg\",\"datePublished\":\"2021-08-11T14:53:10+00:00\",\"dateModified\":\"2021-11-29T13:57:35+00:00\",\"breadcrumb\":{\"@id\":\"https:\/\/www.moree.de\/en\/cancellation\/#breadcrumb\"},\"inLanguage\":\"en-US\",\"potentialAction\":[{\"@type\":\"ReadAction\",\"target\":[\"https:\/\/www.moree.de\/en\/cancellation\/\"]}]},{\"@type\":\"ImageObject\",\"inLanguage\":\"en-US\",\"@id\":\"https:\/\/www.moree.de\/en\/cancellation\/#primaryimage\",\"url\":\"https:\/\/www.moree.de\/wp-content\/uploads\/2021\/08\/TS-Ora-Home-LED-Pro.jpg\",\"contentUrl\":\"https:\/\/www.moree.de\/wp-content\/uploads\/2021\/08\/TS-Ora-Home-LED-Pro.jpg\",\"width\":1440,\"height\":530},{\"@type\":\"BreadcrumbList\",\"@id\":\"https:\/\/www.moree.de\/en\/cancellation\/#breadcrumb\",\"itemListElement\":[{\"@type\":\"ListItem\",\"position\":1,\"name\":\"Home\",\"item\":\"https:\/\/www.moree.de\/en\/\"},{\"@type\":\"ListItem\",\"position\":2,\"name\":\"Cancellation Policy\"}]},{\"@type\":\"WebSite\",\"@id\":\"https:\/\/www.moree.de\/en\/#website\",\"url\":\"https:\/\/www.moree.de\/en\/\",\"name\":\"Moree.de\",\"description\":\"Gastronomie M\u00f6bel, Lounge M\u00f6bel, Barhocker und LED M\u00f6bel\",\"publisher\":{\"@id\":\"https:\/\/www.moree.de\/en\/#organization\"},\"potentialAction\":[{\"@type\":\"SearchAction\",\"target\":{\"@type\":\"EntryPoint\",\"urlTemplate\":\"https:\/\/www.moree.de\/en\/?s={search_term_string}\"},\"query-input\":{\"@type\":\"PropertyValueSpecification\",\"valueRequired\":true,\"valueName\":\"search_term_string\"}}],\"inLanguage\":\"en-US\"},{\"@type\":\"Organization\",\"@id\":\"https:\/\/www.moree.de\/en\/#organization\",\"name\":\"Moree.de\",\"url\":\"https:\/\/www.moree.de\/en\/\",\"logo\":{\"@type\":\"ImageObject\",\"inLanguage\":\"en-US\",\"@id\":\"https:\/\/www.moree.de\/en\/#\/schema\/logo\/image\/\",\"url\":\"https:\/\/www.moree.de\/wp-content\/uploads\/2021\/05\/moree-logo.svg\",\"contentUrl\":\"https:\/\/www.moree.de\/wp-content\/uploads\/2021\/05\/moree-logo.svg\",\"width\":349,\"height\":62,\"caption\":\"Moree.de\"},\"image\":{\"@id\":\"https:\/\/www.moree.de\/en\/#\/schema\/logo\/image\/\"}}]}<\/script>\n<!-- \/ Yoast SEO plugin. -->","yoast_head_json":{"title":"Cancellation Policy - Moree.de","robots":{"index":"index","follow":"follow","max-snippet":"max-snippet:-1","max-image-preview":"max-image-preview:large","max-video-preview":"max-video-preview:-1"},"canonical":"https:\/\/www.moree.de\/en\/cancellation\/","og_locale":"en_US","og_type":"article","og_title":"Cancellation Policy - Moree.de","og_description":"Cancellation Right for Consumer Customers Exclusively for Consumer Customers within the sense of \u00a7 13 BGB, i.e. natural persons who conclude a legal transaction for a purpose that can be attributed neither to their commercial nor to their self-employed activity, the following shall apply: Cancellation Right You have the right to cancel this contract within [&hellip;]","og_url":"https:\/\/www.moree.de\/en\/cancellation\/","og_site_name":"Moree.de","article_modified_time":"2021-11-29T13:57:35+00:00","og_image":[{"width":1440,"height":530,"url":"https:\/\/www.moree.de\/wp-content\/uploads\/2021\/08\/TS-Ora-Home-LED-Pro.jpg","type":"image\/jpeg"}],"twitter_card":"summary_large_image","twitter_misc":{"Est. reading time":"3 minutes"},"schema":{"@context":"https:\/\/schema.org","@graph":[{"@type":"WebPage","@id":"https:\/\/www.moree.de\/en\/cancellation\/","url":"https:\/\/www.moree.de\/en\/cancellation\/","name":"Cancellation Policy - Moree.de","isPartOf":{"@id":"https:\/\/www.moree.de\/en\/#website"},"primaryImageOfPage":{"@id":"https:\/\/www.moree.de\/en\/cancellation\/#primaryimage"},"image":{"@id":"https:\/\/www.moree.de\/en\/cancellation\/#primaryimage"},"thumbnailUrl":"https:\/\/www.moree.de\/wp-content\/uploads\/2021\/08\/TS-Ora-Home-LED-Pro.jpg","datePublished":"2021-08-11T14:53:10+00:00","dateModified":"2021-11-29T13:57:35+00:00","breadcrumb":{"@id":"https:\/\/www.moree.de\/en\/cancellation\/#breadcrumb"},"inLanguage":"en-US","potentialAction":[{"@type":"ReadAction","target":["https:\/\/www.moree.de\/en\/cancellation\/"]}]},{"@type":"ImageObject","inLanguage":"en-US","@id":"https:\/\/www.moree.de\/en\/cancellation\/#primaryimage","url":"https:\/\/www.moree.de\/wp-content\/uploads\/2021\/08\/TS-Ora-Home-LED-Pro.jpg","contentUrl":"https:\/\/www.moree.de\/wp-content\/uploads\/2021\/08\/TS-Ora-Home-LED-Pro.jpg","width":1440,"height":530},{"@type":"BreadcrumbList","@id":"https:\/\/www.moree.de\/en\/cancellation\/#breadcrumb","itemListElement":[{"@type":"ListItem","position":1,"name":"Home","item":"https:\/\/www.moree.de\/en\/"},{"@type":"ListItem","position":2,"name":"Cancellation Policy"}]},{"@type":"WebSite","@id":"https:\/\/www.moree.de\/en\/#website","url":"https:\/\/www.moree.de\/en\/","name":"Moree.de","description":"Gastronomie M\u00f6bel, Lounge M\u00f6bel, Barhocker und LED M\u00f6bel","publisher":{"@id":"https:\/\/www.moree.de\/en\/#organization"},"potentialAction":[{"@type":"SearchAction","target":{"@type":"EntryPoint","urlTemplate":"https:\/\/www.moree.de\/en\/?s={search_term_string}"},"query-input":{"@type":"PropertyValueSpecification","valueRequired":true,"valueName":"search_term_string"}}],"inLanguage":"en-US"},{"@type":"Organization","@id":"https:\/\/www.moree.de\/en\/#organization","name":"Moree.de","url":"https:\/\/www.moree.de\/en\/","logo":{"@type":"ImageObject","inLanguage":"en-US","@id":"https:\/\/www.moree.de\/en\/#\/schema\/logo\/image\/","url":"https:\/\/www.moree.de\/wp-content\/uploads\/2021\/05\/moree-logo.svg","contentUrl":"https:\/\/www.moree.de\/wp-content\/uploads\/2021\/05\/moree-logo.svg","width":349,"height":62,"caption":"Moree.de"},"image":{"@id":"https:\/\/www.moree.de\/en\/#\/schema\/logo\/image\/"}}]}},"_links":{"self":[{"href":"https:\/\/www.moree.de\/en\/wp-json\/wp\/v2\/pages\/7289","targetHints":{"allow":["GET"]}}],"collection":[{"href":"https:\/\/www.moree.de\/en\/wp-json\/wp\/v2\/pages"}],"about":[{"href":"https:\/\/www.moree.de\/en\/wp-json\/wp\/v2\/types\/page"}],"author":[{"embeddable":true,"href":"https:\/\/www.moree.de\/en\/wp-json\/wp\/v2\/users\/3"}],"replies":[{"embeddable":true,"href":"https:\/\/www.moree.de\/en\/wp-json\/wp\/v2\/comments?post=7289"}],"version-history":[{"count":22,"href":"https:\/\/www.moree.de\/en\/wp-json\/wp\/v2\/pages\/7289\/revisions"}],"predecessor-version":[{"id":10062,"href":"https:\/\/www.moree.de\/en\/wp-json\/wp\/v2\/pages\/7289\/revisions\/10062"}],"wp:featuredmedia":[{"embeddable":true,"href":"https:\/\/www.moree.de\/en\/wp-json\/wp\/v2\/media\/6607"}],"wp:attachment":[{"href":"https:\/\/www.moree.de\/en\/wp-json\/wp\/v2\/media?parent=7289"}],"curies":[{"name":"wp","href":"https:\/\/api.w.org\/{rel}","templated":true}]}}