{"id":7293,"date":"2021-08-11T16:57:23","date_gmt":"2021-08-11T14:57:23","guid":{"rendered":"https:\/\/www.moree.de\/payment-options\/"},"modified":"2021-11-16T13:42:29","modified_gmt":"2021-11-16T12:42:29","slug":"payment-options","status":"publish","type":"page","link":"https:\/\/www.moree.de\/en\/payment-options\/","title":{"rendered":"Payment Options"},"content":{"rendered":"<h3>Bank Transfer<\/h3>\n<p align=\"LEFT\">Transfer the payment directly to our bank account, using your order number as reference. (This is very important, as it means we can prepare your items much faster than without your order number) Your order will be dispatched as soon as your payment reaches our bank account.<\/p>\n<h3 align=\"LEFT\">PayPal (PayPal Standard | Direct Debit | Credit Card)<\/h3>\n<p>Payment via PayPal; you can pay with your credit card if you do not have a PayPal account. Payment by direct debit is also possible.<\/p>\n","protected":false},"excerpt":{"rendered":"<p>Bank Transfer Transfer the payment directly to our bank account, using your order number as reference. (This is very important, as it means we can prepare your items much faster than without your order number) Your order will be dispatched as soon as your payment reaches our bank account. PayPal (PayPal Standard | Direct Debit [&hellip;]<\/p>\n","protected":false},"author":3,"featured_media":6607,"parent":0,"menu_order":0,"comment_status":"closed","ping_status":"closed","template":"","meta":{"_acf_changed":false,"footnotes":""},"class_list":["post-7293","page","type-page","status-publish","has-post-thumbnail","hentry"],"acf":[],"yoast_head":"<!-- This site is optimized with the Yoast SEO plugin v26.8 - https:\/\/yoast.com\/product\/yoast-seo-wordpress\/ -->\n<title>Payment Options - Moree.de<\/title>\n<meta name=\"robots\" content=\"index, follow, max-snippet:-1, max-image-preview:large, max-video-preview:-1\" \/>\n<link rel=\"canonical\" href=\"https:\/\/www.moree.de\/en\/payment-options\/\" \/>\n<meta property=\"og:locale\" content=\"en_US\" \/>\n<meta property=\"og:type\" content=\"article\" \/>\n<meta property=\"og:title\" content=\"Payment Options - Moree.de\" \/>\n<meta property=\"og:description\" content=\"Bank Transfer Transfer the payment directly to our bank account, using your order number as reference. (This is very important, as it means we can prepare your items much faster than without your order number) Your order will be dispatched as soon as your payment reaches our bank account. PayPal (PayPal Standard | Direct Debit [&hellip;]\" \/>\n<meta property=\"og:url\" content=\"https:\/\/www.moree.de\/en\/payment-options\/\" \/>\n<meta property=\"og:site_name\" content=\"Moree.de\" \/>\n<meta property=\"article:modified_time\" content=\"2021-11-16T12:42:29+00:00\" \/>\n<meta property=\"og:image\" content=\"https:\/\/www.moree.de\/wp-content\/uploads\/2021\/08\/TS-Ora-Home-LED-Pro.jpg\" \/>\n\t<meta property=\"og:image:width\" content=\"1440\" \/>\n\t<meta property=\"og:image:height\" content=\"530\" \/>\n\t<meta property=\"og:image:type\" content=\"image\/jpeg\" \/>\n<meta name=\"twitter:card\" content=\"summary_large_image\" \/>\n<meta name=\"twitter:label1\" content=\"Est. reading time\" \/>\n\t<meta name=\"twitter:data1\" content=\"1 minute\" \/>\n<script type=\"application\/ld+json\" class=\"yoast-schema-graph\">{\"@context\":\"https:\/\/schema.org\",\"@graph\":[{\"@type\":\"WebPage\",\"@id\":\"https:\/\/www.moree.de\/en\/payment-options\/\",\"url\":\"https:\/\/www.moree.de\/en\/payment-options\/\",\"name\":\"Payment Options - Moree.de\",\"isPartOf\":{\"@id\":\"https:\/\/www.moree.de\/en\/#website\"},\"primaryImageOfPage\":{\"@id\":\"https:\/\/www.moree.de\/en\/payment-options\/#primaryimage\"},\"image\":{\"@id\":\"https:\/\/www.moree.de\/en\/payment-options\/#primaryimage\"},\"thumbnailUrl\":\"https:\/\/www.moree.de\/wp-content\/uploads\/2021\/08\/TS-Ora-Home-LED-Pro.jpg\",\"datePublished\":\"2021-08-11T14:57:23+00:00\",\"dateModified\":\"2021-11-16T12:42:29+00:00\",\"breadcrumb\":{\"@id\":\"https:\/\/www.moree.de\/en\/payment-options\/#breadcrumb\"},\"inLanguage\":\"en-US\",\"potentialAction\":[{\"@type\":\"ReadAction\",\"target\":[\"https:\/\/www.moree.de\/en\/payment-options\/\"]}]},{\"@type\":\"ImageObject\",\"inLanguage\":\"en-US\",\"@id\":\"https:\/\/www.moree.de\/en\/payment-options\/#primaryimage\",\"url\":\"https:\/\/www.moree.de\/wp-content\/uploads\/2021\/08\/TS-Ora-Home-LED-Pro.jpg\",\"contentUrl\":\"https:\/\/www.moree.de\/wp-content\/uploads\/2021\/08\/TS-Ora-Home-LED-Pro.jpg\",\"width\":1440,\"height\":530},{\"@type\":\"BreadcrumbList\",\"@id\":\"https:\/\/www.moree.de\/en\/payment-options\/#breadcrumb\",\"itemListElement\":[{\"@type\":\"ListItem\",\"position\":1,\"name\":\"Home\",\"item\":\"https:\/\/www.moree.de\/en\/\"},{\"@type\":\"ListItem\",\"position\":2,\"name\":\"Payment Options\"}]},{\"@type\":\"WebSite\",\"@id\":\"https:\/\/www.moree.de\/en\/#website\",\"url\":\"https:\/\/www.moree.de\/en\/\",\"name\":\"Moree.de\",\"description\":\"Gastronomie M\u00f6bel, Lounge M\u00f6bel, Barhocker und LED M\u00f6bel\",\"publisher\":{\"@id\":\"https:\/\/www.moree.de\/en\/#organization\"},\"potentialAction\":[{\"@type\":\"SearchAction\",\"target\":{\"@type\":\"EntryPoint\",\"urlTemplate\":\"https:\/\/www.moree.de\/en\/?s={search_term_string}\"},\"query-input\":{\"@type\":\"PropertyValueSpecification\",\"valueRequired\":true,\"valueName\":\"search_term_string\"}}],\"inLanguage\":\"en-US\"},{\"@type\":\"Organization\",\"@id\":\"https:\/\/www.moree.de\/en\/#organization\",\"name\":\"Moree.de\",\"url\":\"https:\/\/www.moree.de\/en\/\",\"logo\":{\"@type\":\"ImageObject\",\"inLanguage\":\"en-US\",\"@id\":\"https:\/\/www.moree.de\/en\/#\/schema\/logo\/image\/\",\"url\":\"https:\/\/www.moree.de\/wp-content\/uploads\/2021\/05\/moree-logo.svg\",\"contentUrl\":\"https:\/\/www.moree.de\/wp-content\/uploads\/2021\/05\/moree-logo.svg\",\"width\":349,\"height\":62,\"caption\":\"Moree.de\"},\"image\":{\"@id\":\"https:\/\/www.moree.de\/en\/#\/schema\/logo\/image\/\"}}]}<\/script>\n<!-- \/ Yoast SEO plugin. -->","yoast_head_json":{"title":"Payment Options - Moree.de","robots":{"index":"index","follow":"follow","max-snippet":"max-snippet:-1","max-image-preview":"max-image-preview:large","max-video-preview":"max-video-preview:-1"},"canonical":"https:\/\/www.moree.de\/en\/payment-options\/","og_locale":"en_US","og_type":"article","og_title":"Payment Options - Moree.de","og_description":"Bank Transfer Transfer the payment directly to our bank account, using your order number as reference. (This is very important, as it means we can prepare your items much faster than without your order number) Your order will be dispatched as soon as your payment reaches our bank account. PayPal (PayPal Standard | Direct Debit [&hellip;]","og_url":"https:\/\/www.moree.de\/en\/payment-options\/","og_site_name":"Moree.de","article_modified_time":"2021-11-16T12:42:29+00:00","og_image":[{"width":1440,"height":530,"url":"https:\/\/www.moree.de\/wp-content\/uploads\/2021\/08\/TS-Ora-Home-LED-Pro.jpg","type":"image\/jpeg"}],"twitter_card":"summary_large_image","twitter_misc":{"Est. reading time":"1 minute"},"schema":{"@context":"https:\/\/schema.org","@graph":[{"@type":"WebPage","@id":"https:\/\/www.moree.de\/en\/payment-options\/","url":"https:\/\/www.moree.de\/en\/payment-options\/","name":"Payment Options - Moree.de","isPartOf":{"@id":"https:\/\/www.moree.de\/en\/#website"},"primaryImageOfPage":{"@id":"https:\/\/www.moree.de\/en\/payment-options\/#primaryimage"},"image":{"@id":"https:\/\/www.moree.de\/en\/payment-options\/#primaryimage"},"thumbnailUrl":"https:\/\/www.moree.de\/wp-content\/uploads\/2021\/08\/TS-Ora-Home-LED-Pro.jpg","datePublished":"2021-08-11T14:57:23+00:00","dateModified":"2021-11-16T12:42:29+00:00","breadcrumb":{"@id":"https:\/\/www.moree.de\/en\/payment-options\/#breadcrumb"},"inLanguage":"en-US","potentialAction":[{"@type":"ReadAction","target":["https:\/\/www.moree.de\/en\/payment-options\/"]}]},{"@type":"ImageObject","inLanguage":"en-US","@id":"https:\/\/www.moree.de\/en\/payment-options\/#primaryimage","url":"https:\/\/www.moree.de\/wp-content\/uploads\/2021\/08\/TS-Ora-Home-LED-Pro.jpg","contentUrl":"https:\/\/www.moree.de\/wp-content\/uploads\/2021\/08\/TS-Ora-Home-LED-Pro.jpg","width":1440,"height":530},{"@type":"BreadcrumbList","@id":"https:\/\/www.moree.de\/en\/payment-options\/#breadcrumb","itemListElement":[{"@type":"ListItem","position":1,"name":"Home","item":"https:\/\/www.moree.de\/en\/"},{"@type":"ListItem","position":2,"name":"Payment Options"}]},{"@type":"WebSite","@id":"https:\/\/www.moree.de\/en\/#website","url":"https:\/\/www.moree.de\/en\/","name":"Moree.de","description":"Gastronomie M\u00f6bel, Lounge M\u00f6bel, Barhocker und LED M\u00f6bel","publisher":{"@id":"https:\/\/www.moree.de\/en\/#organization"},"potentialAction":[{"@type":"SearchAction","target":{"@type":"EntryPoint","urlTemplate":"https:\/\/www.moree.de\/en\/?s={search_term_string}"},"query-input":{"@type":"PropertyValueSpecification","valueRequired":true,"valueName":"search_term_string"}}],"inLanguage":"en-US"},{"@type":"Organization","@id":"https:\/\/www.moree.de\/en\/#organization","name":"Moree.de","url":"https:\/\/www.moree.de\/en\/","logo":{"@type":"ImageObject","inLanguage":"en-US","@id":"https:\/\/www.moree.de\/en\/#\/schema\/logo\/image\/","url":"https:\/\/www.moree.de\/wp-content\/uploads\/2021\/05\/moree-logo.svg","contentUrl":"https:\/\/www.moree.de\/wp-content\/uploads\/2021\/05\/moree-logo.svg","width":349,"height":62,"caption":"Moree.de"},"image":{"@id":"https:\/\/www.moree.de\/en\/#\/schema\/logo\/image\/"}}]}},"_links":{"self":[{"href":"https:\/\/www.moree.de\/en\/wp-json\/wp\/v2\/pages\/7293","targetHints":{"allow":["GET"]}}],"collection":[{"href":"https:\/\/www.moree.de\/en\/wp-json\/wp\/v2\/pages"}],"about":[{"href":"https:\/\/www.moree.de\/en\/wp-json\/wp\/v2\/types\/page"}],"author":[{"embeddable":true,"href":"https:\/\/www.moree.de\/en\/wp-json\/wp\/v2\/users\/3"}],"replies":[{"embeddable":true,"href":"https:\/\/www.moree.de\/en\/wp-json\/wp\/v2\/comments?post=7293"}],"version-history":[{"count":2,"href":"https:\/\/www.moree.de\/en\/wp-json\/wp\/v2\/pages\/7293\/revisions"}],"predecessor-version":[{"id":9855,"href":"https:\/\/www.moree.de\/en\/wp-json\/wp\/v2\/pages\/7293\/revisions\/9855"}],"wp:featuredmedia":[{"embeddable":true,"href":"https:\/\/www.moree.de\/en\/wp-json\/wp\/v2\/media\/6607"}],"wp:attachment":[{"href":"https:\/\/www.moree.de\/en\/wp-json\/wp\/v2\/media?parent=7293"}],"curies":[{"name":"wp","href":"https:\/\/api.w.org\/{rel}","templated":true}]}}