{"id":7313,"date":"2021-08-11T17:20:18","date_gmt":"2021-08-11T15:20:18","guid":{"rendered":"https:\/\/www.moree.de\/imprint\/"},"modified":"2021-11-17T12:25:12","modified_gmt":"2021-11-17T11:25:12","slug":"imprint","status":"publish","type":"page","link":"https:\/\/www.moree.de\/en\/imprint\/","title":{"rendered":"Imprint"},"content":{"rendered":"<p><strong>Moree Germany GmbH<br \/>\n<\/strong>Kaiserswerther Markt 11<br \/>\n40489 D\u00fcsseldorf<br \/>\nGermany<\/p>\n<p>Tel.: +49.211.302 768 &#8211; 0<br \/>\nE-Mail: info@moree.de<br \/>\nInternet: www.moree.de<\/p>\n<p><strong>Managing Partners<\/strong><br \/>\nDipl. Des. Christian Drawert<br \/>\nDipl. Kffr. Annette Wasmuth<\/p>\n<p>Court of registration &amp; Registration number: Amtsgericht D\u00fcsseldorf, HRB 87203<br \/>\nVAT identification number: DE 326 725 209<br \/>\nWEEE-Reg.-No. DE 85567170<\/p>\n\n<p><strong>European Commission consumer platform for Online Dispute Resolution (ODR):<\/strong><br \/>\n<strong><em><a href=\"https:\/\/ec.europa.eu\/consumers\/odr\/main\/index.cfm?event=main.home2.show&amp;lng=EN\">https:\/\/ec.europa.eu\/consumers\/odr\/main\/index.cfm?event=main.home2.show&amp;lng=EN<\/a><\/em><\/strong><\/p>\n<p>We are neither willing nor obliged to participate in dispute resolution proceedings in front of a consumer arbitration board.<\/p>\n","protected":false},"excerpt":{"rendered":"<p>Moree Germany GmbH Kaiserswerther Markt 11 40489 D\u00fcsseldorf Germany Tel.: +49.211.302 768 &#8211; 0 E-Mail: info@moree.de Internet: www.moree.de Managing Partners Dipl. Des. Christian Drawert Dipl. Kffr. Annette Wasmuth Court of registration &amp; Registration number: Amtsgericht D\u00fcsseldorf, HRB 87203 VAT identification number: DE 326 725 209 WEEE-Reg.-No. DE 85567170 European Commission consumer platform for Online Dispute [&hellip;]<\/p>\n","protected":false},"author":9,"featured_media":6603,"parent":0,"menu_order":0,"comment_status":"closed","ping_status":"closed","template":"","meta":{"_acf_changed":false,"footnotes":""},"class_list":["post-7313","page","type-page","status-publish","has-post-thumbnail","hentry"],"acf":[],"yoast_head":"<!-- This site is optimized with the Yoast SEO plugin v26.8 - https:\/\/yoast.com\/product\/yoast-seo-wordpress\/ -->\n<title>Imprint - Moree.de<\/title>\n<meta name=\"robots\" content=\"index, follow, max-snippet:-1, max-image-preview:large, max-video-preview:-1\" \/>\n<link rel=\"canonical\" href=\"https:\/\/www.moree.de\/en\/imprint\/\" \/>\n<meta property=\"og:locale\" content=\"en_US\" \/>\n<meta property=\"og:type\" content=\"article\" \/>\n<meta property=\"og:title\" content=\"Imprint - Moree.de\" \/>\n<meta property=\"og:description\" content=\"Moree Germany GmbH Kaiserswerther Markt 11 40489 D\u00fcsseldorf Germany Tel.: +49.211.302 768 &#8211; 0 E-Mail: info@moree.de Internet: www.moree.de Managing Partners Dipl. Des. Christian Drawert Dipl. Kffr. Annette Wasmuth Court of registration &amp; Registration number: Amtsgericht D\u00fcsseldorf, HRB 87203 VAT identification number: DE 326 725 209 WEEE-Reg.-No. DE 85567170 European Commission consumer platform for Online Dispute [&hellip;]\" \/>\n<meta property=\"og:url\" content=\"https:\/\/www.moree.de\/en\/imprint\/\" \/>\n<meta property=\"og:site_name\" content=\"Moree.de\" \/>\n<meta property=\"article:modified_time\" content=\"2021-11-17T11:25:12+00:00\" \/>\n<meta property=\"og:image\" content=\"https:\/\/www.moree.de\/wp-content\/uploads\/2021\/08\/TS-Lounge-45-Outdoor-Sofa.jpg\" \/>\n\t<meta property=\"og:image:width\" content=\"1440\" \/>\n\t<meta property=\"og:image:height\" content=\"530\" \/>\n\t<meta property=\"og:image:type\" content=\"image\/jpeg\" \/>\n<meta name=\"twitter:card\" content=\"summary_large_image\" \/>\n<script type=\"application\/ld+json\" class=\"yoast-schema-graph\">{\"@context\":\"https:\/\/schema.org\",\"@graph\":[{\"@type\":\"WebPage\",\"@id\":\"https:\/\/www.moree.de\/en\/imprint\/\",\"url\":\"https:\/\/www.moree.de\/en\/imprint\/\",\"name\":\"Imprint - Moree.de\",\"isPartOf\":{\"@id\":\"https:\/\/www.moree.de\/en\/#website\"},\"primaryImageOfPage\":{\"@id\":\"https:\/\/www.moree.de\/en\/imprint\/#primaryimage\"},\"image\":{\"@id\":\"https:\/\/www.moree.de\/en\/imprint\/#primaryimage\"},\"thumbnailUrl\":\"https:\/\/www.moree.de\/wp-content\/uploads\/2021\/08\/TS-Lounge-45-Outdoor-Sofa.jpg\",\"datePublished\":\"2021-08-11T15:20:18+00:00\",\"dateModified\":\"2021-11-17T11:25:12+00:00\",\"breadcrumb\":{\"@id\":\"https:\/\/www.moree.de\/en\/imprint\/#breadcrumb\"},\"inLanguage\":\"en-US\",\"potentialAction\":[{\"@type\":\"ReadAction\",\"target\":[\"https:\/\/www.moree.de\/en\/imprint\/\"]}]},{\"@type\":\"ImageObject\",\"inLanguage\":\"en-US\",\"@id\":\"https:\/\/www.moree.de\/en\/imprint\/#primaryimage\",\"url\":\"https:\/\/www.moree.de\/wp-content\/uploads\/2021\/08\/TS-Lounge-45-Outdoor-Sofa.jpg\",\"contentUrl\":\"https:\/\/www.moree.de\/wp-content\/uploads\/2021\/08\/TS-Lounge-45-Outdoor-Sofa.jpg\",\"width\":1440,\"height\":530},{\"@type\":\"BreadcrumbList\",\"@id\":\"https:\/\/www.moree.de\/en\/imprint\/#breadcrumb\",\"itemListElement\":[{\"@type\":\"ListItem\",\"position\":1,\"name\":\"Home\",\"item\":\"https:\/\/www.moree.de\/en\/\"},{\"@type\":\"ListItem\",\"position\":2,\"name\":\"Imprint\"}]},{\"@type\":\"WebSite\",\"@id\":\"https:\/\/www.moree.de\/en\/#website\",\"url\":\"https:\/\/www.moree.de\/en\/\",\"name\":\"Moree.de\",\"description\":\"Gastronomie M\u00f6bel, Lounge M\u00f6bel, Barhocker und LED M\u00f6bel\",\"publisher\":{\"@id\":\"https:\/\/www.moree.de\/en\/#organization\"},\"potentialAction\":[{\"@type\":\"SearchAction\",\"target\":{\"@type\":\"EntryPoint\",\"urlTemplate\":\"https:\/\/www.moree.de\/en\/?s={search_term_string}\"},\"query-input\":{\"@type\":\"PropertyValueSpecification\",\"valueRequired\":true,\"valueName\":\"search_term_string\"}}],\"inLanguage\":\"en-US\"},{\"@type\":\"Organization\",\"@id\":\"https:\/\/www.moree.de\/en\/#organization\",\"name\":\"Moree.de\",\"url\":\"https:\/\/www.moree.de\/en\/\",\"logo\":{\"@type\":\"ImageObject\",\"inLanguage\":\"en-US\",\"@id\":\"https:\/\/www.moree.de\/en\/#\/schema\/logo\/image\/\",\"url\":\"https:\/\/www.moree.de\/wp-content\/uploads\/2021\/05\/moree-logo.svg\",\"contentUrl\":\"https:\/\/www.moree.de\/wp-content\/uploads\/2021\/05\/moree-logo.svg\",\"width\":349,\"height\":62,\"caption\":\"Moree.de\"},\"image\":{\"@id\":\"https:\/\/www.moree.de\/en\/#\/schema\/logo\/image\/\"}}]}<\/script>\n<!-- \/ Yoast SEO plugin. -->","yoast_head_json":{"title":"Imprint - Moree.de","robots":{"index":"index","follow":"follow","max-snippet":"max-snippet:-1","max-image-preview":"max-image-preview:large","max-video-preview":"max-video-preview:-1"},"canonical":"https:\/\/www.moree.de\/en\/imprint\/","og_locale":"en_US","og_type":"article","og_title":"Imprint - Moree.de","og_description":"Moree Germany GmbH Kaiserswerther Markt 11 40489 D\u00fcsseldorf Germany Tel.: +49.211.302 768 &#8211; 0 E-Mail: info@moree.de Internet: www.moree.de Managing Partners Dipl. Des. Christian Drawert Dipl. Kffr. Annette Wasmuth Court of registration &amp; Registration number: Amtsgericht D\u00fcsseldorf, HRB 87203 VAT identification number: DE 326 725 209 WEEE-Reg.-No. DE 85567170 European Commission consumer platform for Online Dispute [&hellip;]","og_url":"https:\/\/www.moree.de\/en\/imprint\/","og_site_name":"Moree.de","article_modified_time":"2021-11-17T11:25:12+00:00","og_image":[{"width":1440,"height":530,"url":"https:\/\/www.moree.de\/wp-content\/uploads\/2021\/08\/TS-Lounge-45-Outdoor-Sofa.jpg","type":"image\/jpeg"}],"twitter_card":"summary_large_image","schema":{"@context":"https:\/\/schema.org","@graph":[{"@type":"WebPage","@id":"https:\/\/www.moree.de\/en\/imprint\/","url":"https:\/\/www.moree.de\/en\/imprint\/","name":"Imprint - Moree.de","isPartOf":{"@id":"https:\/\/www.moree.de\/en\/#website"},"primaryImageOfPage":{"@id":"https:\/\/www.moree.de\/en\/imprint\/#primaryimage"},"image":{"@id":"https:\/\/www.moree.de\/en\/imprint\/#primaryimage"},"thumbnailUrl":"https:\/\/www.moree.de\/wp-content\/uploads\/2021\/08\/TS-Lounge-45-Outdoor-Sofa.jpg","datePublished":"2021-08-11T15:20:18+00:00","dateModified":"2021-11-17T11:25:12+00:00","breadcrumb":{"@id":"https:\/\/www.moree.de\/en\/imprint\/#breadcrumb"},"inLanguage":"en-US","potentialAction":[{"@type":"ReadAction","target":["https:\/\/www.moree.de\/en\/imprint\/"]}]},{"@type":"ImageObject","inLanguage":"en-US","@id":"https:\/\/www.moree.de\/en\/imprint\/#primaryimage","url":"https:\/\/www.moree.de\/wp-content\/uploads\/2021\/08\/TS-Lounge-45-Outdoor-Sofa.jpg","contentUrl":"https:\/\/www.moree.de\/wp-content\/uploads\/2021\/08\/TS-Lounge-45-Outdoor-Sofa.jpg","width":1440,"height":530},{"@type":"BreadcrumbList","@id":"https:\/\/www.moree.de\/en\/imprint\/#breadcrumb","itemListElement":[{"@type":"ListItem","position":1,"name":"Home","item":"https:\/\/www.moree.de\/en\/"},{"@type":"ListItem","position":2,"name":"Imprint"}]},{"@type":"WebSite","@id":"https:\/\/www.moree.de\/en\/#website","url":"https:\/\/www.moree.de\/en\/","name":"Moree.de","description":"Gastronomie M\u00f6bel, Lounge M\u00f6bel, Barhocker und LED M\u00f6bel","publisher":{"@id":"https:\/\/www.moree.de\/en\/#organization"},"potentialAction":[{"@type":"SearchAction","target":{"@type":"EntryPoint","urlTemplate":"https:\/\/www.moree.de\/en\/?s={search_term_string}"},"query-input":{"@type":"PropertyValueSpecification","valueRequired":true,"valueName":"search_term_string"}}],"inLanguage":"en-US"},{"@type":"Organization","@id":"https:\/\/www.moree.de\/en\/#organization","name":"Moree.de","url":"https:\/\/www.moree.de\/en\/","logo":{"@type":"ImageObject","inLanguage":"en-US","@id":"https:\/\/www.moree.de\/en\/#\/schema\/logo\/image\/","url":"https:\/\/www.moree.de\/wp-content\/uploads\/2021\/05\/moree-logo.svg","contentUrl":"https:\/\/www.moree.de\/wp-content\/uploads\/2021\/05\/moree-logo.svg","width":349,"height":62,"caption":"Moree.de"},"image":{"@id":"https:\/\/www.moree.de\/en\/#\/schema\/logo\/image\/"}}]}},"_links":{"self":[{"href":"https:\/\/www.moree.de\/en\/wp-json\/wp\/v2\/pages\/7313","targetHints":{"allow":["GET"]}}],"collection":[{"href":"https:\/\/www.moree.de\/en\/wp-json\/wp\/v2\/pages"}],"about":[{"href":"https:\/\/www.moree.de\/en\/wp-json\/wp\/v2\/types\/page"}],"author":[{"embeddable":true,"href":"https:\/\/www.moree.de\/en\/wp-json\/wp\/v2\/users\/9"}],"replies":[{"embeddable":true,"href":"https:\/\/www.moree.de\/en\/wp-json\/wp\/v2\/comments?post=7313"}],"version-history":[{"count":6,"href":"https:\/\/www.moree.de\/en\/wp-json\/wp\/v2\/pages\/7313\/revisions"}],"predecessor-version":[{"id":9945,"href":"https:\/\/www.moree.de\/en\/wp-json\/wp\/v2\/pages\/7313\/revisions\/9945"}],"wp:featuredmedia":[{"embeddable":true,"href":"https:\/\/www.moree.de\/en\/wp-json\/wp\/v2\/media\/6603"}],"wp:attachment":[{"href":"https:\/\/www.moree.de\/en\/wp-json\/wp\/v2\/media?parent=7313"}],"curies":[{"name":"wp","href":"https:\/\/api.w.org\/{rel}","templated":true}]}}