{"id":10587,"date":"2022-01-10T16:30:35","date_gmt":"2022-01-10T15:30:35","guid":{"rendered":"https:\/\/www.moree.de\/?post_type=product&#038;p=10587"},"modified":"2025-10-29T13:33:12","modified_gmt":"2025-10-29T12:33:12","slug":"outdoor-garden-bar","status":"publish","type":"product","link":"https:\/\/www.moree.de\/en\/product\/outdoor-garden-bar\/","title":{"rendered":"Air Outdoor Buffet"},"content":{"rendered":"<p><strong>Outdoor Buffet \u2018AIR\u2019<\/strong><\/p>\n<p>The modular \u2018AIR\u2019 system includes a counter, buffet, bar stools and parasol that can be combined with each other.<\/p>\n<p>Bar and buffet elements are available in different colours and surfaces. In addition to anthracite and white, the outdoor bar and buffet are also available with a front in anthracite and weather-resistant polywood. These two basic elements are complemented by a sunshade and bar stools. All elements of the system can be purchased separately and combined.<\/p>\n<p><strong>Material<\/strong><\/p>\n<p>Like the bar module and the bar stool, the AIR outdoor buffet is made of weather-resistant, powder-coated aluminium. The robust material guarantees a very long lifespan and good corrosion resistance. Aluminium is lightfast, weather-resistant and can withstand frost, sun, rain and UV radiation.<\/p>\n<p><strong>Functionality<\/strong><\/p>\n<p>In addition to serving drinks and providing a stylish meeting point, the outdoor counter and buffet also offer storage space and a work surface. There are two additional shelves inside the modules to store materials, glasses and drinks. for materials, glasses and drinks. In this way, used dishes can be hidden from the guest\u2019s view.<\/p>\n<p><strong>Sun protection<\/strong><\/p>\n<p>Each counter and buffet module comes with an integrated holder for a sunshade as standard. A sunshade is a must for staff at events in particular, but a covered and shaded outdoor counter is also useful on the terrace at home.<\/p>\n<p><strong>Application<\/strong><\/p>\n<p>The application possibilities of the outdoor counter AIR are manifold. They range from use as a garden kitchen for the private terrace to a mobile counter for the summer restaurant terrace.<\/p>\n<p>You can find the matching bar module <a href=\"https:\/\/www.moree.de\/en\/product\/outdoor-bar-ideas\/\"><em><strong>here<\/strong><\/em><\/a>.<\/p>\n","protected":false},"excerpt":{"rendered":"<p>Design buffet module in white, anthracite or anthracite\/wood for outdoor use. This basic element can be supplemented with a bar element, parasol and bar stools. All elements of the system can be purchased separately and combined.<\/p>\n","protected":false},"featured_media":11495,"template":"","meta":{"_acf_changed":false},"product_brand":[],"product_cat":[299,675],"product_tag":[],"class_list":{"0":"post-10587","1":"product","2":"type-product","3":"status-publish","4":"has-post-thumbnail","6":"product_cat-lounge-furniture","7":"product_cat-outdoor-bar","9":"first","10":"instock","11":"taxable","12":"shipping-taxable","13":"purchasable","14":"product-type-variable"},"acf":[],"yoast_head":"<!-- This site is optimized with the Yoast SEO plugin v26.8 - https:\/\/yoast.com\/product\/yoast-seo-wordpress\/ -->\n<title>Outdoor Buffet in white, anthracite, wood - Moree.de<\/title>\n<meta name=\"robots\" content=\"index, follow, max-snippet:-1, max-image-preview:large, max-video-preview:-1\" \/>\n<link rel=\"canonical\" href=\"https:\/\/www.moree.de\/en\/product\/outdoor-garden-bar\/\" \/>\n<meta property=\"og:locale\" content=\"en_US\" \/>\n<meta property=\"og:type\" content=\"article\" \/>\n<meta property=\"og:title\" content=\"Outdoor Buffet in white, anthracite, wood - Moree.de\" \/>\n<meta property=\"og:description\" content=\"Design buffet module in white, anthracite or anthracite\/wood for outdoor use. This basic element can be supplemented with a bar element, parasol and bar stools. All elements of the system can be purchased separately and combined.\" \/>\n<meta property=\"og:url\" content=\"https:\/\/www.moree.de\/en\/product\/outdoor-garden-bar\/\" \/>\n<meta property=\"og:site_name\" content=\"Moree.de\" \/>\n<meta property=\"article:modified_time\" content=\"2025-10-29T12:33:12+00:00\" \/>\n<meta property=\"og:image\" content=\"https:\/\/www.moree.de\/wp-content\/uploads\/2022\/05\/Air-Outdoor-Buffet-Collection.jpg\" \/>\n\t<meta property=\"og:image:width\" content=\"900\" \/>\n\t<meta property=\"og:image:height\" content=\"900\" \/>\n\t<meta property=\"og:image:type\" content=\"image\/jpeg\" \/>\n<meta name=\"twitter:card\" content=\"summary_large_image\" \/>\n<meta name=\"twitter:label1\" content=\"Est. reading time\" \/>\n\t<meta name=\"twitter:data1\" content=\"1 minute\" \/>\n<script type=\"application\/ld+json\" class=\"yoast-schema-graph\">{\"@context\":\"https:\/\/schema.org\",\"@graph\":[{\"@type\":\"WebPage\",\"@id\":\"https:\/\/www.moree.de\/en\/product\/outdoor-garden-bar\/\",\"url\":\"https:\/\/www.moree.de\/en\/product\/outdoor-garden-bar\/\",\"name\":\"Outdoor Buffet in white, anthracite, wood - Moree.de\",\"isPartOf\":{\"@id\":\"https:\/\/www.moree.de\/en\/#website\"},\"primaryImageOfPage\":{\"@id\":\"https:\/\/www.moree.de\/en\/product\/outdoor-garden-bar\/#primaryimage\"},\"image\":{\"@id\":\"https:\/\/www.moree.de\/en\/product\/outdoor-garden-bar\/#primaryimage\"},\"thumbnailUrl\":\"https:\/\/www.moree.de\/wp-content\/uploads\/2022\/05\/Air-Outdoor-Buffet-Collection.jpg\",\"datePublished\":\"2022-01-10T15:30:35+00:00\",\"dateModified\":\"2025-10-29T12:33:12+00:00\",\"breadcrumb\":{\"@id\":\"https:\/\/www.moree.de\/en\/product\/outdoor-garden-bar\/#breadcrumb\"},\"inLanguage\":\"en-US\",\"potentialAction\":[{\"@type\":\"ReadAction\",\"target\":[\"https:\/\/www.moree.de\/en\/product\/outdoor-garden-bar\/\"]}]},{\"@type\":\"ImageObject\",\"inLanguage\":\"en-US\",\"@id\":\"https:\/\/www.moree.de\/en\/product\/outdoor-garden-bar\/#primaryimage\",\"url\":\"https:\/\/www.moree.de\/wp-content\/uploads\/2022\/05\/Air-Outdoor-Buffet-Collection.jpg\",\"contentUrl\":\"https:\/\/www.moree.de\/wp-content\/uploads\/2022\/05\/Air-Outdoor-Buffet-Collection.jpg\",\"width\":900,\"height\":900},{\"@type\":\"BreadcrumbList\",\"@id\":\"https:\/\/www.moree.de\/en\/product\/outdoor-garden-bar\/#breadcrumb\",\"itemListElement\":[{\"@type\":\"ListItem\",\"position\":1,\"name\":\"Home\",\"item\":\"https:\/\/www.moree.de\/en\/\"},{\"@type\":\"ListItem\",\"position\":2,\"name\":\"Shop\",\"item\":\"https:\/\/www.moree.de\/en\/shop\/\"},{\"@type\":\"ListItem\",\"position\":3,\"name\":\"Air Outdoor Buffet\"}]},{\"@type\":\"WebSite\",\"@id\":\"https:\/\/www.moree.de\/en\/#website\",\"url\":\"https:\/\/www.moree.de\/en\/\",\"name\":\"Moree.de\",\"description\":\"Gastronomie M\u00f6bel, Lounge M\u00f6bel, Barhocker und LED M\u00f6bel\",\"publisher\":{\"@id\":\"https:\/\/www.moree.de\/en\/#organization\"},\"potentialAction\":[{\"@type\":\"SearchAction\",\"target\":{\"@type\":\"EntryPoint\",\"urlTemplate\":\"https:\/\/www.moree.de\/en\/?s={search_term_string}\"},\"query-input\":{\"@type\":\"PropertyValueSpecification\",\"valueRequired\":true,\"valueName\":\"search_term_string\"}}],\"inLanguage\":\"en-US\"},{\"@type\":\"Organization\",\"@id\":\"https:\/\/www.moree.de\/en\/#organization\",\"name\":\"Moree.de\",\"url\":\"https:\/\/www.moree.de\/en\/\",\"logo\":{\"@type\":\"ImageObject\",\"inLanguage\":\"en-US\",\"@id\":\"https:\/\/www.moree.de\/en\/#\/schema\/logo\/image\/\",\"url\":\"https:\/\/www.moree.de\/wp-content\/uploads\/2021\/05\/moree-logo.svg\",\"contentUrl\":\"https:\/\/www.moree.de\/wp-content\/uploads\/2021\/05\/moree-logo.svg\",\"width\":349,\"height\":62,\"caption\":\"Moree.de\"},\"image\":{\"@id\":\"https:\/\/www.moree.de\/en\/#\/schema\/logo\/image\/\"}}]}<\/script>\n<!-- \/ Yoast SEO plugin. -->","yoast_head_json":{"title":"Outdoor Buffet in white, anthracite, wood - Moree.de","robots":{"index":"index","follow":"follow","max-snippet":"max-snippet:-1","max-image-preview":"max-image-preview:large","max-video-preview":"max-video-preview:-1"},"canonical":"https:\/\/www.moree.de\/en\/product\/outdoor-garden-bar\/","og_locale":"en_US","og_type":"article","og_title":"Outdoor Buffet in white, anthracite, wood - Moree.de","og_description":"Design buffet module in white, anthracite or anthracite\/wood for outdoor use. This basic element can be supplemented with a bar element, parasol and bar stools. All elements of the system can be purchased separately and combined.","og_url":"https:\/\/www.moree.de\/en\/product\/outdoor-garden-bar\/","og_site_name":"Moree.de","article_modified_time":"2025-10-29T12:33:12+00:00","og_image":[{"width":900,"height":900,"url":"https:\/\/www.moree.de\/wp-content\/uploads\/2022\/05\/Air-Outdoor-Buffet-Collection.jpg","type":"image\/jpeg"}],"twitter_card":"summary_large_image","twitter_misc":{"Est. reading time":"1 minute"},"schema":{"@context":"https:\/\/schema.org","@graph":[{"@type":"WebPage","@id":"https:\/\/www.moree.de\/en\/product\/outdoor-garden-bar\/","url":"https:\/\/www.moree.de\/en\/product\/outdoor-garden-bar\/","name":"Outdoor Buffet in white, anthracite, wood - Moree.de","isPartOf":{"@id":"https:\/\/www.moree.de\/en\/#website"},"primaryImageOfPage":{"@id":"https:\/\/www.moree.de\/en\/product\/outdoor-garden-bar\/#primaryimage"},"image":{"@id":"https:\/\/www.moree.de\/en\/product\/outdoor-garden-bar\/#primaryimage"},"thumbnailUrl":"https:\/\/www.moree.de\/wp-content\/uploads\/2022\/05\/Air-Outdoor-Buffet-Collection.jpg","datePublished":"2022-01-10T15:30:35+00:00","dateModified":"2025-10-29T12:33:12+00:00","breadcrumb":{"@id":"https:\/\/www.moree.de\/en\/product\/outdoor-garden-bar\/#breadcrumb"},"inLanguage":"en-US","potentialAction":[{"@type":"ReadAction","target":["https:\/\/www.moree.de\/en\/product\/outdoor-garden-bar\/"]}]},{"@type":"ImageObject","inLanguage":"en-US","@id":"https:\/\/www.moree.de\/en\/product\/outdoor-garden-bar\/#primaryimage","url":"https:\/\/www.moree.de\/wp-content\/uploads\/2022\/05\/Air-Outdoor-Buffet-Collection.jpg","contentUrl":"https:\/\/www.moree.de\/wp-content\/uploads\/2022\/05\/Air-Outdoor-Buffet-Collection.jpg","width":900,"height":900},{"@type":"BreadcrumbList","@id":"https:\/\/www.moree.de\/en\/product\/outdoor-garden-bar\/#breadcrumb","itemListElement":[{"@type":"ListItem","position":1,"name":"Home","item":"https:\/\/www.moree.de\/en\/"},{"@type":"ListItem","position":2,"name":"Shop","item":"https:\/\/www.moree.de\/en\/shop\/"},{"@type":"ListItem","position":3,"name":"Air Outdoor Buffet"}]},{"@type":"WebSite","@id":"https:\/\/www.moree.de\/en\/#website","url":"https:\/\/www.moree.de\/en\/","name":"Moree.de","description":"Gastronomie M\u00f6bel, Lounge M\u00f6bel, Barhocker und LED M\u00f6bel","publisher":{"@id":"https:\/\/www.moree.de\/en\/#organization"},"potentialAction":[{"@type":"SearchAction","target":{"@type":"EntryPoint","urlTemplate":"https:\/\/www.moree.de\/en\/?s={search_term_string}"},"query-input":{"@type":"PropertyValueSpecification","valueRequired":true,"valueName":"search_term_string"}}],"inLanguage":"en-US"},{"@type":"Organization","@id":"https:\/\/www.moree.de\/en\/#organization","name":"Moree.de","url":"https:\/\/www.moree.de\/en\/","logo":{"@type":"ImageObject","inLanguage":"en-US","@id":"https:\/\/www.moree.de\/en\/#\/schema\/logo\/image\/","url":"https:\/\/www.moree.de\/wp-content\/uploads\/2021\/05\/moree-logo.svg","contentUrl":"https:\/\/www.moree.de\/wp-content\/uploads\/2021\/05\/moree-logo.svg","width":349,"height":62,"caption":"Moree.de"},"image":{"@id":"https:\/\/www.moree.de\/en\/#\/schema\/logo\/image\/"}}]}},"_links":{"self":[{"href":"https:\/\/www.moree.de\/en\/wp-json\/wp\/v2\/product\/10587","targetHints":{"allow":["GET"]}}],"collection":[{"href":"https:\/\/www.moree.de\/en\/wp-json\/wp\/v2\/product"}],"about":[{"href":"https:\/\/www.moree.de\/en\/wp-json\/wp\/v2\/types\/product"}],"wp:featuredmedia":[{"embeddable":true,"href":"https:\/\/www.moree.de\/en\/wp-json\/wp\/v2\/media\/11495"}],"wp:attachment":[{"href":"https:\/\/www.moree.de\/en\/wp-json\/wp\/v2\/media?parent=10587"}],"wp:term":[{"taxonomy":"product_brand","embeddable":true,"href":"https:\/\/www.moree.de\/en\/wp-json\/wp\/v2\/product_brand?post=10587"},{"taxonomy":"product_cat","embeddable":true,"href":"https:\/\/www.moree.de\/en\/wp-json\/wp\/v2\/product_cat?post=10587"},{"taxonomy":"product_tag","embeddable":true,"href":"https:\/\/www.moree.de\/en\/wp-json\/wp\/v2\/product_tag?post=10587"}],"curies":[{"name":"wp","href":"https:\/\/api.w.org\/{rel}","templated":true}]}}