{"id":12550,"date":"2022-08-11T14:57:33","date_gmt":"2022-08-11T12:57:34","guid":{"rendered":"https:\/\/www.moree.de\/?post_type=product&#038;p=12550"},"modified":"2025-10-29T13:32:58","modified_gmt":"2025-10-29T12:32:58","slug":"kitchen-bar-stools","status":"publish","type":"product","link":"https:\/\/www.moree.de\/en\/product\/kitchen-bar-stools\/","title":{"rendered":"DAVE Barstool (static or height adjustable)"},"content":{"rendered":"<p><strong>&#8216;Dave&#8217; bar stool in white &amp; anthracite with upholstered seat in many colour variations<\/strong><\/p>\n<p>The design bar stool by Moree combines the understated, single-column frame of the stool with a subtly upholstered seat. The seat has a modern, high-quality aesthetic with a soft feel. The natural texture of the cover fabrics give the bar stool a touch of luxury.<\/p>\n<p>&#8216;Dave&#8217; can be easily combined with other furniture and serves as a stool e.g. at kitchen or conference tables, as lounge seating in a caf\u00e9, foyer, waiting room and to transform workplaces into homely, comfortable interiors.<\/p>\n<p><strong>Cover fabric<\/strong><br \/>\nThe upholstery fabric is 98% recycled material, EU Ecolabel &amp; STANDARD 100 certified by OEKO-TEX\u00ae. 4 standard colours (light grey, anthracite, sage, wine red) are available. In total, you can choose from an additional 50 modern colour variations. You can see an overview of all fabric colours<span style=\"color: #993300;\"> <strong><a style=\"color: #993300;\" href=\"https:\/\/www.moree.de\/en\/bar-stool-dave-fabric-seat-colours\/\">\u2192 here.<\/a><\/strong> <\/span>We will be happy to send you the fabric colour chart by post.<\/p>\n<p>You can find the product flyer incl. colour chart as PDF <span style=\"color: #993300;\"><strong><a style=\"color: #993300;\" href=\"https:\/\/www.moree.de\/en\/bar-stool-dave-fabric-seat-colours\/\">\u2192<\/a><\/strong><\/span><strong><span style=\"color: #993300;\"><a style=\"color: #993300;\" href=\"https:\/\/www.moree.de\/wp-content\/uploads\/2024\/11\/241128-42-0X-XX-Dave-Fabric-Seat-EN.pdf\"> here<\/a><\/span>.<\/strong><\/p>\n<p><strong>Frame &#8211; height adjustable\/360\u00b0 swivel or static<\/strong><br \/>\nThe bar stool frame is available in 2 versions: with a height-adjustable, 360\u00b0 swivel frame and with a static frame, i.e. not height-adjustable &amp; not swivelable. The powder-coated steel frame is available in white (similar to RAL 9016 traffic white) or anthracite (similar to RAL7012 basalt grey).<\/p>\n<p><strong>Seat<\/strong><br \/>\nThe seat shell is made of upholstered moulded wood with cover fabrics in various colours.<\/p>\n<p><strong>Designed<\/strong> by David Stuttard &amp; Moree in Germany, 2021<\/p>\n","protected":false},"excerpt":{"rendered":"<p>DAVE is a bar stool with an upholstered seat in different colours.You can see an overview of all fabric colours <span style=\"color: #993300;\"><strong><a style=\"color: #993300;\" href=\"https:\/\/www.moree.de\/en\/bar-stool-dave-fabric-seat-colours\/\">\u2192 here.<\/a><\/strong><\/span> The fabric cover is made of 98% recycled material, therefore very sustainable! The frame is available in white (similar to RAL 9016 traffic white) or anthracite (similar to RAL7012 basalt grey) and as a static or height-adjustable\/360\u00b0 swivel version. Please select a frame and seat colour as well as a static or height-adjustable\/rotatable frame in the product configurator below.<\/p>\n<p>You can find the product flyer incl. colour chart as PDF <span style=\"color: #993300;\"><strong><a style=\"color: #993300;\" href=\"https:\/\/www.moree.de\/en\/bar-stool-dave-fabric-seat-colours\/\">\u2192<\/a><\/strong><\/span><strong><span style=\"color: #993300;\"><a style=\"color: #993300;\" href=\"https:\/\/www.moree.de\/wp-content\/uploads\/2024\/11\/241128-42-0X-XX-Dave-Fabric-Seat-EN.pdf\"> here<\/a><\/span>.<\/strong><\/p>\n","protected":false},"featured_media":12943,"template":"","meta":{"_acf_changed":false},"product_brand":[],"product_cat":[334,295],"product_tag":[],"class_list":{"0":"post-12550","1":"product","2":"type-product","3":"status-publish","4":"has-post-thumbnail","6":"product_cat-bar-table-and-stools","7":"product_cat-design-furniture","9":"first","10":"instock","11":"sale","12":"taxable","13":"shipping-taxable","14":"purchasable","15":"product-type-variable"},"acf":[],"yoast_head":"<!-- This site is optimized with the Yoast SEO plugin v26.8 - https:\/\/yoast.com\/product\/yoast-seo-wordpress\/ -->\n<title>DAVE Barstool (static or height adjustable) - Moree.de<\/title>\n<meta name=\"robots\" content=\"index, follow, max-snippet:-1, max-image-preview:large, max-video-preview:-1\" \/>\n<link rel=\"canonical\" href=\"https:\/\/www.moree.de\/en\/product\/kitchen-bar-stools\/\" \/>\n<meta property=\"og:locale\" content=\"en_US\" \/>\n<meta property=\"og:type\" content=\"article\" \/>\n<meta property=\"og:title\" content=\"DAVE Barstool (static or height adjustable) - Moree.de\" \/>\n<meta property=\"og:description\" content=\"DAVE is a bar stool with an upholstered seat in different colours.You can see an overview of all fabric colours \u2192 here. The fabric cover is made of 98% recycled material, therefore very sustainable! The frame is available in white (similar to RAL 9016 traffic white) or anthracite (similar to RAL7012 basalt grey) and as a static or height-adjustable\/360\u00b0 swivel version. Please select a frame and seat colour as well as a static or height-adjustable\/rotatable frame in the product configurator below.  You can find the product flyer incl. colour chart as PDF \u2192 here.\" \/>\n<meta property=\"og:url\" content=\"https:\/\/www.moree.de\/en\/product\/kitchen-bar-stools\/\" \/>\n<meta property=\"og:site_name\" content=\"Moree.de\" \/>\n<meta property=\"article:modified_time\" content=\"2025-10-29T12:32:58+00:00\" \/>\n<meta property=\"og:image\" content=\"https:\/\/www.moree.de\/wp-content\/uploads\/2022\/08\/42-0X-XX-Dave-Barhocker-Coverpage-Themenbild-1400x1400-1.jpg\" \/>\n\t<meta property=\"og:image:width\" content=\"1400\" \/>\n\t<meta property=\"og:image:height\" content=\"1400\" \/>\n\t<meta property=\"og:image:type\" content=\"image\/jpeg\" \/>\n<meta name=\"twitter:card\" content=\"summary_large_image\" \/>\n<meta name=\"twitter:label1\" content=\"Est. reading time\" \/>\n\t<meta name=\"twitter:data1\" content=\"15 minutes\" \/>\n<script type=\"application\/ld+json\" class=\"yoast-schema-graph\">{\"@context\":\"https:\/\/schema.org\",\"@graph\":[{\"@type\":\"WebPage\",\"@id\":\"https:\/\/www.moree.de\/en\/product\/kitchen-bar-stools\/\",\"url\":\"https:\/\/www.moree.de\/en\/product\/kitchen-bar-stools\/\",\"name\":\"DAVE Barstool (static or height adjustable) - Moree.de\",\"isPartOf\":{\"@id\":\"https:\/\/www.moree.de\/en\/#website\"},\"primaryImageOfPage\":{\"@id\":\"https:\/\/www.moree.de\/en\/product\/kitchen-bar-stools\/#primaryimage\"},\"image\":{\"@id\":\"https:\/\/www.moree.de\/en\/product\/kitchen-bar-stools\/#primaryimage\"},\"thumbnailUrl\":\"https:\/\/www.moree.de\/wp-content\/uploads\/2022\/08\/42-0X-XX-Dave-Barhocker-Coverpage-Themenbild-1400x1400-1.jpg\",\"datePublished\":\"2022-08-11T12:57:34+00:00\",\"dateModified\":\"2025-10-29T12:32:58+00:00\",\"breadcrumb\":{\"@id\":\"https:\/\/www.moree.de\/en\/product\/kitchen-bar-stools\/#breadcrumb\"},\"inLanguage\":\"en-US\",\"potentialAction\":[{\"@type\":\"ReadAction\",\"target\":[\"https:\/\/www.moree.de\/en\/product\/kitchen-bar-stools\/\"]}]},{\"@type\":\"ImageObject\",\"inLanguage\":\"en-US\",\"@id\":\"https:\/\/www.moree.de\/en\/product\/kitchen-bar-stools\/#primaryimage\",\"url\":\"https:\/\/www.moree.de\/wp-content\/uploads\/2022\/08\/42-0X-XX-Dave-Barhocker-Coverpage-Themenbild-1400x1400-1.jpg\",\"contentUrl\":\"https:\/\/www.moree.de\/wp-content\/uploads\/2022\/08\/42-0X-XX-Dave-Barhocker-Coverpage-Themenbild-1400x1400-1.jpg\",\"width\":1400,\"height\":1400,\"caption\":\"Dave with fabric seat Colour examples\"},{\"@type\":\"BreadcrumbList\",\"@id\":\"https:\/\/www.moree.de\/en\/product\/kitchen-bar-stools\/#breadcrumb\",\"itemListElement\":[{\"@type\":\"ListItem\",\"position\":1,\"name\":\"Home\",\"item\":\"https:\/\/www.moree.de\/en\/\"},{\"@type\":\"ListItem\",\"position\":2,\"name\":\"Shop\",\"item\":\"https:\/\/www.moree.de\/en\/shop\/\"},{\"@type\":\"ListItem\",\"position\":3,\"name\":\"DAVE Barstool (static or height adjustable)\"}]},{\"@type\":\"WebSite\",\"@id\":\"https:\/\/www.moree.de\/en\/#website\",\"url\":\"https:\/\/www.moree.de\/en\/\",\"name\":\"Moree.de\",\"description\":\"Gastronomie M\u00f6bel, Lounge M\u00f6bel, Barhocker und LED M\u00f6bel\",\"publisher\":{\"@id\":\"https:\/\/www.moree.de\/en\/#organization\"},\"potentialAction\":[{\"@type\":\"SearchAction\",\"target\":{\"@type\":\"EntryPoint\",\"urlTemplate\":\"https:\/\/www.moree.de\/en\/?s={search_term_string}\"},\"query-input\":{\"@type\":\"PropertyValueSpecification\",\"valueRequired\":true,\"valueName\":\"search_term_string\"}}],\"inLanguage\":\"en-US\"},{\"@type\":\"Organization\",\"@id\":\"https:\/\/www.moree.de\/en\/#organization\",\"name\":\"Moree.de\",\"url\":\"https:\/\/www.moree.de\/en\/\",\"logo\":{\"@type\":\"ImageObject\",\"inLanguage\":\"en-US\",\"@id\":\"https:\/\/www.moree.de\/en\/#\/schema\/logo\/image\/\",\"url\":\"https:\/\/www.moree.de\/wp-content\/uploads\/2021\/05\/moree-logo.svg\",\"contentUrl\":\"https:\/\/www.moree.de\/wp-content\/uploads\/2021\/05\/moree-logo.svg\",\"width\":349,\"height\":62,\"caption\":\"Moree.de\"},\"image\":{\"@id\":\"https:\/\/www.moree.de\/en\/#\/schema\/logo\/image\/\"}}]}<\/script>\n<!-- \/ Yoast SEO plugin. -->","yoast_head_json":{"title":"DAVE Barstool (static or height adjustable) - Moree.de","robots":{"index":"index","follow":"follow","max-snippet":"max-snippet:-1","max-image-preview":"max-image-preview:large","max-video-preview":"max-video-preview:-1"},"canonical":"https:\/\/www.moree.de\/en\/product\/kitchen-bar-stools\/","og_locale":"en_US","og_type":"article","og_title":"DAVE Barstool (static or height adjustable) - Moree.de","og_description":"DAVE is a bar stool with an upholstered seat in different colours.You can see an overview of all fabric colours \u2192 here. The fabric cover is made of 98% recycled material, therefore very sustainable! The frame is available in white (similar to RAL 9016 traffic white) or anthracite (similar to RAL7012 basalt grey) and as a static or height-adjustable\/360\u00b0 swivel version. Please select a frame and seat colour as well as a static or height-adjustable\/rotatable frame in the product configurator below.  You can find the product flyer incl. colour chart as PDF \u2192 here.","og_url":"https:\/\/www.moree.de\/en\/product\/kitchen-bar-stools\/","og_site_name":"Moree.de","article_modified_time":"2025-10-29T12:32:58+00:00","og_image":[{"width":1400,"height":1400,"url":"https:\/\/www.moree.de\/wp-content\/uploads\/2022\/08\/42-0X-XX-Dave-Barhocker-Coverpage-Themenbild-1400x1400-1.jpg","type":"image\/jpeg"}],"twitter_card":"summary_large_image","twitter_misc":{"Est. reading time":"15 minutes"},"schema":{"@context":"https:\/\/schema.org","@graph":[{"@type":"WebPage","@id":"https:\/\/www.moree.de\/en\/product\/kitchen-bar-stools\/","url":"https:\/\/www.moree.de\/en\/product\/kitchen-bar-stools\/","name":"DAVE Barstool (static or height adjustable) - Moree.de","isPartOf":{"@id":"https:\/\/www.moree.de\/en\/#website"},"primaryImageOfPage":{"@id":"https:\/\/www.moree.de\/en\/product\/kitchen-bar-stools\/#primaryimage"},"image":{"@id":"https:\/\/www.moree.de\/en\/product\/kitchen-bar-stools\/#primaryimage"},"thumbnailUrl":"https:\/\/www.moree.de\/wp-content\/uploads\/2022\/08\/42-0X-XX-Dave-Barhocker-Coverpage-Themenbild-1400x1400-1.jpg","datePublished":"2022-08-11T12:57:34+00:00","dateModified":"2025-10-29T12:32:58+00:00","breadcrumb":{"@id":"https:\/\/www.moree.de\/en\/product\/kitchen-bar-stools\/#breadcrumb"},"inLanguage":"en-US","potentialAction":[{"@type":"ReadAction","target":["https:\/\/www.moree.de\/en\/product\/kitchen-bar-stools\/"]}]},{"@type":"ImageObject","inLanguage":"en-US","@id":"https:\/\/www.moree.de\/en\/product\/kitchen-bar-stools\/#primaryimage","url":"https:\/\/www.moree.de\/wp-content\/uploads\/2022\/08\/42-0X-XX-Dave-Barhocker-Coverpage-Themenbild-1400x1400-1.jpg","contentUrl":"https:\/\/www.moree.de\/wp-content\/uploads\/2022\/08\/42-0X-XX-Dave-Barhocker-Coverpage-Themenbild-1400x1400-1.jpg","width":1400,"height":1400,"caption":"Dave with fabric seat Colour examples"},{"@type":"BreadcrumbList","@id":"https:\/\/www.moree.de\/en\/product\/kitchen-bar-stools\/#breadcrumb","itemListElement":[{"@type":"ListItem","position":1,"name":"Home","item":"https:\/\/www.moree.de\/en\/"},{"@type":"ListItem","position":2,"name":"Shop","item":"https:\/\/www.moree.de\/en\/shop\/"},{"@type":"ListItem","position":3,"name":"DAVE Barstool (static or height adjustable)"}]},{"@type":"WebSite","@id":"https:\/\/www.moree.de\/en\/#website","url":"https:\/\/www.moree.de\/en\/","name":"Moree.de","description":"Gastronomie M\u00f6bel, Lounge M\u00f6bel, Barhocker und LED M\u00f6bel","publisher":{"@id":"https:\/\/www.moree.de\/en\/#organization"},"potentialAction":[{"@type":"SearchAction","target":{"@type":"EntryPoint","urlTemplate":"https:\/\/www.moree.de\/en\/?s={search_term_string}"},"query-input":{"@type":"PropertyValueSpecification","valueRequired":true,"valueName":"search_term_string"}}],"inLanguage":"en-US"},{"@type":"Organization","@id":"https:\/\/www.moree.de\/en\/#organization","name":"Moree.de","url":"https:\/\/www.moree.de\/en\/","logo":{"@type":"ImageObject","inLanguage":"en-US","@id":"https:\/\/www.moree.de\/en\/#\/schema\/logo\/image\/","url":"https:\/\/www.moree.de\/wp-content\/uploads\/2021\/05\/moree-logo.svg","contentUrl":"https:\/\/www.moree.de\/wp-content\/uploads\/2021\/05\/moree-logo.svg","width":349,"height":62,"caption":"Moree.de"},"image":{"@id":"https:\/\/www.moree.de\/en\/#\/schema\/logo\/image\/"}}]}},"_links":{"self":[{"href":"https:\/\/www.moree.de\/en\/wp-json\/wp\/v2\/product\/12550","targetHints":{"allow":["GET"]}}],"collection":[{"href":"https:\/\/www.moree.de\/en\/wp-json\/wp\/v2\/product"}],"about":[{"href":"https:\/\/www.moree.de\/en\/wp-json\/wp\/v2\/types\/product"}],"wp:featuredmedia":[{"embeddable":true,"href":"https:\/\/www.moree.de\/en\/wp-json\/wp\/v2\/media\/12943"}],"wp:attachment":[{"href":"https:\/\/www.moree.de\/en\/wp-json\/wp\/v2\/media?parent=12550"}],"wp:term":[{"taxonomy":"product_brand","embeddable":true,"href":"https:\/\/www.moree.de\/en\/wp-json\/wp\/v2\/product_brand?post=12550"},{"taxonomy":"product_cat","embeddable":true,"href":"https:\/\/www.moree.de\/en\/wp-json\/wp\/v2\/product_cat?post=12550"},{"taxonomy":"product_tag","embeddable":true,"href":"https:\/\/www.moree.de\/en\/wp-json\/wp\/v2\/product_tag?post=12550"}],"curies":[{"name":"wp","href":"https:\/\/api.w.org\/{rel}","templated":true}]}}