{"id":15452,"date":"2023-09-30T14:41:19","date_gmt":"2023-01-31T13:41:20","guid":{"rendered":"https:\/\/www.moree.de\/?post_type=product&#038;p=15452"},"modified":"2025-10-29T13:31:29","modified_gmt":"2025-10-29T12:31:29","slug":"alice-xl-exhibition-piece","status":"publish","type":"product","link":"https:\/\/www.moree.de\/en\/product\/alice-xl-exhibition-piece\/","title":{"rendered":"Alice XL (%)"},"content":{"rendered":"<h3>Standing felt Lamp with adjustable head<\/h3>\n<div>\u00a0The Alice lighting series creates a homely Nordic lighting atmosphere: Pendant light, XL standing lights and table lights are sewn into a coat of grey felt. Its archetypal shape fits any style of furnishing.<\/div>\n<div><\/div>\n<div>The Alice XL standing lamp impresses in a made-to-measure all-over felt covering, and at a height of 172 cm, in entrances and other representative living areas, as well as in lounges, hotel lobbies or suites. It\u2019s not just a decorative object but also ensures better noise absorption in rooms with few textile materials. The lamp with the wow factor fits a Nordic style of living as well as in an eclectic style for minimal furnishings or for an urban alpine look. The lampshade can be tilted, so that the light falls where you want it to. Anyone who wants to add an extra accent, can fit the Alice XL with the LED multicoloured illuminant and can choose their favourite light colour depending on the mood. This can be done comfortably via remote control or smartphone &amp; app.<\/div>\n","protected":false},"excerpt":{"rendered":"<p>This impressive floor lamp combines modern design with a high-quality felt finish and offers a flexible lighting solution for your home.<\/p>\n<p>Features:<\/p>\n<p>Material: High-quality felt gives the floor lamp a stylish and warm look that fits into any living environment.<br \/>\nSwivelling lampshade: The lampshade can be swivelled, allowing you to direct the light to suit your individual needs.<br \/>\nBulb included: The light is supplied with a suitable bulb so that it is ready for immediate use.<\/p>\n<p>Condition and scope of delivery:<\/p>\n<p>As good as new<br \/>\nPackaging: The packaging may be slightly damaged. Technically, however, the light is in perfect condition.<br \/>\nPrice: The price includes delivery within Germany.<\/p>\n<p>&nbsp;<\/p>\n","protected":false},"featured_media":5725,"template":"","meta":{"_acf_changed":false},"product_brand":[],"product_cat":[813],"product_tag":[],"class_list":{"0":"post-15452","1":"product","2":"type-product","3":"status-publish","4":"has-post-thumbnail","6":"product_cat-sale-luminaires","8":"first","9":"outofstock","10":"sale","11":"taxable","12":"shipping-taxable","13":"purchasable","14":"product-type-variable"},"acf":[],"yoast_head":"<!-- This site is optimized with the Yoast SEO plugin v26.8 - https:\/\/yoast.com\/product\/yoast-seo-wordpress\/ -->\n<title>Alice XL (%) - Moree.de<\/title>\n<meta name=\"robots\" content=\"index, follow, max-snippet:-1, max-image-preview:large, max-video-preview:-1\" \/>\n<link rel=\"canonical\" href=\"https:\/\/www.moree.de\/en\/product\/alice-xl-exhibition-piece\/\" \/>\n<meta property=\"og:locale\" content=\"en_US\" \/>\n<meta property=\"og:type\" content=\"article\" \/>\n<meta property=\"og:title\" content=\"Alice XL (%) - Moree.de\" \/>\n<meta property=\"og:description\" content=\"This impressive floor lamp combines modern design with a high-quality felt finish and offers a flexible lighting solution for your home.  Features:  Material: High-quality felt gives the floor lamp a stylish and warm look that fits into any living environment. Swivelling lampshade: The lampshade can be swivelled, allowing you to direct the light to suit your individual needs. Bulb included: The light is supplied with a suitable bulb so that it is ready for immediate use.  Condition and scope of delivery:  As good as new Packaging: The packaging may be slightly damaged. Technically, however, the light is in perfect condition. Price: The price includes delivery within Germany.  &nbsp;\" \/>\n<meta property=\"og:url\" content=\"https:\/\/www.moree.de\/en\/product\/alice-xl-exhibition-piece\/\" \/>\n<meta property=\"og:site_name\" content=\"Moree.de\" \/>\n<meta property=\"article:modified_time\" content=\"2025-10-29T12:31:29+00:00\" \/>\n<meta property=\"og:image\" content=\"https:\/\/www.moree.de\/wp-content\/uploads\/2021\/07\/Moree-Alice-XL-stehlampe-design-nordic-home-scandi-look.jpg\" \/>\n\t<meta property=\"og:image:width\" content=\"1020\" \/>\n\t<meta property=\"og:image:height\" content=\"765\" \/>\n\t<meta property=\"og:image:type\" content=\"image\/jpeg\" \/>\n<meta name=\"twitter:card\" content=\"summary_large_image\" \/>\n<meta name=\"twitter:label1\" content=\"Est. reading time\" \/>\n\t<meta name=\"twitter:data1\" content=\"1 minute\" \/>\n<script type=\"application\/ld+json\" class=\"yoast-schema-graph\">{\"@context\":\"https:\/\/schema.org\",\"@graph\":[{\"@type\":\"WebPage\",\"@id\":\"https:\/\/www.moree.de\/en\/product\/alice-xl-exhibition-piece\/\",\"url\":\"https:\/\/www.moree.de\/en\/product\/alice-xl-exhibition-piece\/\",\"name\":\"Alice XL (%) - Moree.de\",\"isPartOf\":{\"@id\":\"https:\/\/www.moree.de\/en\/#website\"},\"primaryImageOfPage\":{\"@id\":\"https:\/\/www.moree.de\/en\/product\/alice-xl-exhibition-piece\/#primaryimage\"},\"image\":{\"@id\":\"https:\/\/www.moree.de\/en\/product\/alice-xl-exhibition-piece\/#primaryimage\"},\"thumbnailUrl\":\"https:\/\/www.moree.de\/wp-content\/uploads\/2021\/07\/Moree-Alice-XL-stehlampe-design-nordic-home-scandi-look.jpg\",\"datePublished\":\"2023-01-31T13:41:20+00:00\",\"dateModified\":\"2025-10-29T12:31:29+00:00\",\"breadcrumb\":{\"@id\":\"https:\/\/www.moree.de\/en\/product\/alice-xl-exhibition-piece\/#breadcrumb\"},\"inLanguage\":\"en-US\",\"potentialAction\":[{\"@type\":\"ReadAction\",\"target\":[\"https:\/\/www.moree.de\/en\/product\/alice-xl-exhibition-piece\/\"]}]},{\"@type\":\"ImageObject\",\"inLanguage\":\"en-US\",\"@id\":\"https:\/\/www.moree.de\/en\/product\/alice-xl-exhibition-piece\/#primaryimage\",\"url\":\"https:\/\/www.moree.de\/wp-content\/uploads\/2021\/07\/Moree-Alice-XL-stehlampe-design-nordic-home-scandi-look.jpg\",\"contentUrl\":\"https:\/\/www.moree.de\/wp-content\/uploads\/2021\/07\/Moree-Alice-XL-stehlampe-design-nordic-home-scandi-look.jpg\",\"width\":1020,\"height\":765},{\"@type\":\"BreadcrumbList\",\"@id\":\"https:\/\/www.moree.de\/en\/product\/alice-xl-exhibition-piece\/#breadcrumb\",\"itemListElement\":[{\"@type\":\"ListItem\",\"position\":1,\"name\":\"Home\",\"item\":\"https:\/\/www.moree.de\/en\/\"},{\"@type\":\"ListItem\",\"position\":2,\"name\":\"Shop\",\"item\":\"https:\/\/www.moree.de\/en\/shop\/\"},{\"@type\":\"ListItem\",\"position\":3,\"name\":\"Alice XL (%)\"}]},{\"@type\":\"WebSite\",\"@id\":\"https:\/\/www.moree.de\/en\/#website\",\"url\":\"https:\/\/www.moree.de\/en\/\",\"name\":\"Moree.de\",\"description\":\"Gastronomie M\u00f6bel, Lounge M\u00f6bel, Barhocker und LED M\u00f6bel\",\"publisher\":{\"@id\":\"https:\/\/www.moree.de\/en\/#organization\"},\"potentialAction\":[{\"@type\":\"SearchAction\",\"target\":{\"@type\":\"EntryPoint\",\"urlTemplate\":\"https:\/\/www.moree.de\/en\/?s={search_term_string}\"},\"query-input\":{\"@type\":\"PropertyValueSpecification\",\"valueRequired\":true,\"valueName\":\"search_term_string\"}}],\"inLanguage\":\"en-US\"},{\"@type\":\"Organization\",\"@id\":\"https:\/\/www.moree.de\/en\/#organization\",\"name\":\"Moree.de\",\"url\":\"https:\/\/www.moree.de\/en\/\",\"logo\":{\"@type\":\"ImageObject\",\"inLanguage\":\"en-US\",\"@id\":\"https:\/\/www.moree.de\/en\/#\/schema\/logo\/image\/\",\"url\":\"https:\/\/www.moree.de\/wp-content\/uploads\/2021\/05\/moree-logo.svg\",\"contentUrl\":\"https:\/\/www.moree.de\/wp-content\/uploads\/2021\/05\/moree-logo.svg\",\"width\":349,\"height\":62,\"caption\":\"Moree.de\"},\"image\":{\"@id\":\"https:\/\/www.moree.de\/en\/#\/schema\/logo\/image\/\"}}]}<\/script>\n<!-- \/ Yoast SEO plugin. -->","yoast_head_json":{"title":"Alice XL (%) - Moree.de","robots":{"index":"index","follow":"follow","max-snippet":"max-snippet:-1","max-image-preview":"max-image-preview:large","max-video-preview":"max-video-preview:-1"},"canonical":"https:\/\/www.moree.de\/en\/product\/alice-xl-exhibition-piece\/","og_locale":"en_US","og_type":"article","og_title":"Alice XL (%) - Moree.de","og_description":"This impressive floor lamp combines modern design with a high-quality felt finish and offers a flexible lighting solution for your home.  Features:  Material: High-quality felt gives the floor lamp a stylish and warm look that fits into any living environment. Swivelling lampshade: The lampshade can be swivelled, allowing you to direct the light to suit your individual needs. Bulb included: The light is supplied with a suitable bulb so that it is ready for immediate use.  Condition and scope of delivery:  As good as new Packaging: The packaging may be slightly damaged. Technically, however, the light is in perfect condition. Price: The price includes delivery within Germany.  &nbsp;","og_url":"https:\/\/www.moree.de\/en\/product\/alice-xl-exhibition-piece\/","og_site_name":"Moree.de","article_modified_time":"2025-10-29T12:31:29+00:00","og_image":[{"width":1020,"height":765,"url":"https:\/\/www.moree.de\/wp-content\/uploads\/2021\/07\/Moree-Alice-XL-stehlampe-design-nordic-home-scandi-look.jpg","type":"image\/jpeg"}],"twitter_card":"summary_large_image","twitter_misc":{"Est. reading time":"1 minute"},"schema":{"@context":"https:\/\/schema.org","@graph":[{"@type":"WebPage","@id":"https:\/\/www.moree.de\/en\/product\/alice-xl-exhibition-piece\/","url":"https:\/\/www.moree.de\/en\/product\/alice-xl-exhibition-piece\/","name":"Alice XL (%) - Moree.de","isPartOf":{"@id":"https:\/\/www.moree.de\/en\/#website"},"primaryImageOfPage":{"@id":"https:\/\/www.moree.de\/en\/product\/alice-xl-exhibition-piece\/#primaryimage"},"image":{"@id":"https:\/\/www.moree.de\/en\/product\/alice-xl-exhibition-piece\/#primaryimage"},"thumbnailUrl":"https:\/\/www.moree.de\/wp-content\/uploads\/2021\/07\/Moree-Alice-XL-stehlampe-design-nordic-home-scandi-look.jpg","datePublished":"2023-01-31T13:41:20+00:00","dateModified":"2025-10-29T12:31:29+00:00","breadcrumb":{"@id":"https:\/\/www.moree.de\/en\/product\/alice-xl-exhibition-piece\/#breadcrumb"},"inLanguage":"en-US","potentialAction":[{"@type":"ReadAction","target":["https:\/\/www.moree.de\/en\/product\/alice-xl-exhibition-piece\/"]}]},{"@type":"ImageObject","inLanguage":"en-US","@id":"https:\/\/www.moree.de\/en\/product\/alice-xl-exhibition-piece\/#primaryimage","url":"https:\/\/www.moree.de\/wp-content\/uploads\/2021\/07\/Moree-Alice-XL-stehlampe-design-nordic-home-scandi-look.jpg","contentUrl":"https:\/\/www.moree.de\/wp-content\/uploads\/2021\/07\/Moree-Alice-XL-stehlampe-design-nordic-home-scandi-look.jpg","width":1020,"height":765},{"@type":"BreadcrumbList","@id":"https:\/\/www.moree.de\/en\/product\/alice-xl-exhibition-piece\/#breadcrumb","itemListElement":[{"@type":"ListItem","position":1,"name":"Home","item":"https:\/\/www.moree.de\/en\/"},{"@type":"ListItem","position":2,"name":"Shop","item":"https:\/\/www.moree.de\/en\/shop\/"},{"@type":"ListItem","position":3,"name":"Alice XL (%)"}]},{"@type":"WebSite","@id":"https:\/\/www.moree.de\/en\/#website","url":"https:\/\/www.moree.de\/en\/","name":"Moree.de","description":"Gastronomie M\u00f6bel, Lounge M\u00f6bel, Barhocker und LED M\u00f6bel","publisher":{"@id":"https:\/\/www.moree.de\/en\/#organization"},"potentialAction":[{"@type":"SearchAction","target":{"@type":"EntryPoint","urlTemplate":"https:\/\/www.moree.de\/en\/?s={search_term_string}"},"query-input":{"@type":"PropertyValueSpecification","valueRequired":true,"valueName":"search_term_string"}}],"inLanguage":"en-US"},{"@type":"Organization","@id":"https:\/\/www.moree.de\/en\/#organization","name":"Moree.de","url":"https:\/\/www.moree.de\/en\/","logo":{"@type":"ImageObject","inLanguage":"en-US","@id":"https:\/\/www.moree.de\/en\/#\/schema\/logo\/image\/","url":"https:\/\/www.moree.de\/wp-content\/uploads\/2021\/05\/moree-logo.svg","contentUrl":"https:\/\/www.moree.de\/wp-content\/uploads\/2021\/05\/moree-logo.svg","width":349,"height":62,"caption":"Moree.de"},"image":{"@id":"https:\/\/www.moree.de\/en\/#\/schema\/logo\/image\/"}}]}},"_links":{"self":[{"href":"https:\/\/www.moree.de\/en\/wp-json\/wp\/v2\/product\/15452","targetHints":{"allow":["GET"]}}],"collection":[{"href":"https:\/\/www.moree.de\/en\/wp-json\/wp\/v2\/product"}],"about":[{"href":"https:\/\/www.moree.de\/en\/wp-json\/wp\/v2\/types\/product"}],"wp:featuredmedia":[{"embeddable":true,"href":"https:\/\/www.moree.de\/en\/wp-json\/wp\/v2\/media\/5725"}],"wp:attachment":[{"href":"https:\/\/www.moree.de\/en\/wp-json\/wp\/v2\/media?parent=15452"}],"wp:term":[{"taxonomy":"product_brand","embeddable":true,"href":"https:\/\/www.moree.de\/en\/wp-json\/wp\/v2\/product_brand?post=15452"},{"taxonomy":"product_cat","embeddable":true,"href":"https:\/\/www.moree.de\/en\/wp-json\/wp\/v2\/product_cat?post=15452"},{"taxonomy":"product_tag","embeddable":true,"href":"https:\/\/www.moree.de\/en\/wp-json\/wp\/v2\/product_tag?post=15452"}],"curies":[{"name":"wp","href":"https:\/\/api.w.org\/{rel}","templated":true}]}}