{"id":15996,"date":"2018-05-26T12:08:32","date_gmt":"2023-05-26T10:08:32","guid":{"rendered":"https:\/\/www.moree.de\/?post_type=product&#038;p=15996"},"modified":"2025-10-29T13:34:50","modified_gmt":"2025-10-29T12:34:50","slug":"news-desk-example-16","status":"publish","type":"product","link":"https:\/\/www.moree.de\/en\/product\/news-desk-example-16\/","title":{"rendered":"News Desk Example 16"},"content":{"rendered":"<h3>Moree Bar<\/h3>\n<p>With the Moree counter modules, you can create your own counter configurations that are perfectly customized for your events and premises.<br \/>\nAll modules can be combined with each other. Equipped with two multicolour LED lights on the front and back (work surface) of the counter, which can be controlled together or separately, further personalisation is possible through colours\/whites. These functions can be operated via a 4-channel remote control.<\/p>\n<h3>Modular LED Bar Example 16<\/h3>\n<p>This Bar consists of:<br \/>\n\u2022 2 x 60\u00b0 Module (Mod. 19-01-04)<br \/>\n\u2022 2 x 60\u00b0 Concave Module (Mod. 19-01-10)<br \/>\n\u2022\u00a01x Endcap Radius Left (Mod. 19-01-05) or 1x Endcap Edge Left (Mod. 19-01-31)<br \/>\n\u2022\u00a01x Endcap Radius Right (Mod. 19-01-06) or 1x Endcap Edge Right (Mod. 19-01-32)<\/p>\n","protected":false},"excerpt":{"rendered":"<p>Moree Bar With the Moree counter modules, you can create your own counter configurations that are perfectly customized for your events and premises. All modules can be combined with each other. Equipped with two multicolour LED lights on the front and back (work surface) of the counter, which can be controlled together or separately, further [&hellip;]<\/p>\n","protected":false},"featured_media":15999,"template":"","meta":{"_acf_changed":false},"product_brand":[],"product_cat":[330,323],"product_tag":[],"class_list":{"0":"post-15996","1":"product","2":"type-product","3":"status-publish","4":"has-post-thumbnail","6":"product_cat-mobile-bar","7":"product_cat-bar-counter","9":"first","10":"instock","11":"taxable","12":"shipping-taxable","13":"product-type-simple"},"acf":[],"yoast_head":"<!-- This site is optimized with the Yoast SEO plugin v26.8 - https:\/\/yoast.com\/product\/yoast-seo-wordpress\/ -->\n<title>News Desk Example 16 - Moree.de<\/title>\n<meta name=\"robots\" content=\"index, follow, max-snippet:-1, max-image-preview:large, max-video-preview:-1\" \/>\n<link rel=\"canonical\" href=\"https:\/\/www.moree.de\/en\/product\/news-desk-example-16\/\" \/>\n<meta property=\"og:locale\" content=\"en_US\" \/>\n<meta property=\"og:type\" content=\"article\" \/>\n<meta property=\"og:title\" content=\"News Desk Example 16 - Moree.de\" \/>\n<meta property=\"og:description\" content=\"Moree Bar With the Moree counter modules, you can create your own counter configurations that are perfectly customized for your events and premises. All modules can be combined with each other. Equipped with two multicolour LED lights on the front and back (work surface) of the counter, which can be controlled together or separately, further [&hellip;]\" \/>\n<meta property=\"og:url\" content=\"https:\/\/www.moree.de\/en\/product\/news-desk-example-16\/\" \/>\n<meta property=\"og:site_name\" content=\"Moree.de\" \/>\n<meta property=\"article:modified_time\" content=\"2025-10-29T12:34:50+00:00\" \/>\n<meta property=\"og:image\" content=\"https:\/\/www.moree.de\/wp-content\/uploads\/2023\/05\/Moree-Modular-LED-Bar-Example-16-News-Desk.jpg\" \/>\n\t<meta property=\"og:image:width\" content=\"1000\" \/>\n\t<meta property=\"og:image:height\" content=\"750\" \/>\n\t<meta property=\"og:image:type\" content=\"image\/jpeg\" \/>\n<meta name=\"twitter:card\" content=\"summary_large_image\" \/>\n<meta name=\"twitter:label1\" content=\"Est. reading time\" \/>\n\t<meta name=\"twitter:data1\" content=\"1 minute\" \/>\n<script type=\"application\/ld+json\" class=\"yoast-schema-graph\">{\"@context\":\"https:\/\/schema.org\",\"@graph\":[{\"@type\":\"WebPage\",\"@id\":\"https:\/\/www.moree.de\/en\/product\/news-desk-example-16\/\",\"url\":\"https:\/\/www.moree.de\/en\/product\/news-desk-example-16\/\",\"name\":\"News Desk Example 16 - Moree.de\",\"isPartOf\":{\"@id\":\"https:\/\/www.moree.de\/en\/#website\"},\"primaryImageOfPage\":{\"@id\":\"https:\/\/www.moree.de\/en\/product\/news-desk-example-16\/#primaryimage\"},\"image\":{\"@id\":\"https:\/\/www.moree.de\/en\/product\/news-desk-example-16\/#primaryimage\"},\"thumbnailUrl\":\"https:\/\/www.moree.de\/wp-content\/uploads\/2023\/05\/Moree-Modular-LED-Bar-Example-16-News-Desk.jpg\",\"datePublished\":\"2023-05-26T10:08:32+00:00\",\"dateModified\":\"2025-10-29T12:34:50+00:00\",\"breadcrumb\":{\"@id\":\"https:\/\/www.moree.de\/en\/product\/news-desk-example-16\/#breadcrumb\"},\"inLanguage\":\"en-US\",\"potentialAction\":[{\"@type\":\"ReadAction\",\"target\":[\"https:\/\/www.moree.de\/en\/product\/news-desk-example-16\/\"]}]},{\"@type\":\"ImageObject\",\"inLanguage\":\"en-US\",\"@id\":\"https:\/\/www.moree.de\/en\/product\/news-desk-example-16\/#primaryimage\",\"url\":\"https:\/\/www.moree.de\/wp-content\/uploads\/2023\/05\/Moree-Modular-LED-Bar-Example-16-News-Desk.jpg\",\"contentUrl\":\"https:\/\/www.moree.de\/wp-content\/uploads\/2023\/05\/Moree-Modular-LED-Bar-Example-16-News-Desk.jpg\",\"width\":1000,\"height\":750},{\"@type\":\"BreadcrumbList\",\"@id\":\"https:\/\/www.moree.de\/en\/product\/news-desk-example-16\/#breadcrumb\",\"itemListElement\":[{\"@type\":\"ListItem\",\"position\":1,\"name\":\"Home\",\"item\":\"https:\/\/www.moree.de\/en\/\"},{\"@type\":\"ListItem\",\"position\":2,\"name\":\"Shop\",\"item\":\"https:\/\/www.moree.de\/en\/shop\/\"},{\"@type\":\"ListItem\",\"position\":3,\"name\":\"News Desk Example 16\"}]},{\"@type\":\"WebSite\",\"@id\":\"https:\/\/www.moree.de\/en\/#website\",\"url\":\"https:\/\/www.moree.de\/en\/\",\"name\":\"Moree.de\",\"description\":\"Gastronomie M\u00f6bel, Lounge M\u00f6bel, Barhocker und LED M\u00f6bel\",\"publisher\":{\"@id\":\"https:\/\/www.moree.de\/en\/#organization\"},\"potentialAction\":[{\"@type\":\"SearchAction\",\"target\":{\"@type\":\"EntryPoint\",\"urlTemplate\":\"https:\/\/www.moree.de\/en\/?s={search_term_string}\"},\"query-input\":{\"@type\":\"PropertyValueSpecification\",\"valueRequired\":true,\"valueName\":\"search_term_string\"}}],\"inLanguage\":\"en-US\"},{\"@type\":\"Organization\",\"@id\":\"https:\/\/www.moree.de\/en\/#organization\",\"name\":\"Moree.de\",\"url\":\"https:\/\/www.moree.de\/en\/\",\"logo\":{\"@type\":\"ImageObject\",\"inLanguage\":\"en-US\",\"@id\":\"https:\/\/www.moree.de\/en\/#\/schema\/logo\/image\/\",\"url\":\"https:\/\/www.moree.de\/wp-content\/uploads\/2021\/05\/moree-logo.svg\",\"contentUrl\":\"https:\/\/www.moree.de\/wp-content\/uploads\/2021\/05\/moree-logo.svg\",\"width\":349,\"height\":62,\"caption\":\"Moree.de\"},\"image\":{\"@id\":\"https:\/\/www.moree.de\/en\/#\/schema\/logo\/image\/\"}}]}<\/script>\n<!-- \/ Yoast SEO plugin. -->","yoast_head_json":{"title":"News Desk Example 16 - Moree.de","robots":{"index":"index","follow":"follow","max-snippet":"max-snippet:-1","max-image-preview":"max-image-preview:large","max-video-preview":"max-video-preview:-1"},"canonical":"https:\/\/www.moree.de\/en\/product\/news-desk-example-16\/","og_locale":"en_US","og_type":"article","og_title":"News Desk Example 16 - Moree.de","og_description":"Moree Bar With the Moree counter modules, you can create your own counter configurations that are perfectly customized for your events and premises. All modules can be combined with each other. Equipped with two multicolour LED lights on the front and back (work surface) of the counter, which can be controlled together or separately, further [&hellip;]","og_url":"https:\/\/www.moree.de\/en\/product\/news-desk-example-16\/","og_site_name":"Moree.de","article_modified_time":"2025-10-29T12:34:50+00:00","og_image":[{"width":1000,"height":750,"url":"https:\/\/www.moree.de\/wp-content\/uploads\/2023\/05\/Moree-Modular-LED-Bar-Example-16-News-Desk.jpg","type":"image\/jpeg"}],"twitter_card":"summary_large_image","twitter_misc":{"Est. reading time":"1 minute"},"schema":{"@context":"https:\/\/schema.org","@graph":[{"@type":"WebPage","@id":"https:\/\/www.moree.de\/en\/product\/news-desk-example-16\/","url":"https:\/\/www.moree.de\/en\/product\/news-desk-example-16\/","name":"News Desk Example 16 - Moree.de","isPartOf":{"@id":"https:\/\/www.moree.de\/en\/#website"},"primaryImageOfPage":{"@id":"https:\/\/www.moree.de\/en\/product\/news-desk-example-16\/#primaryimage"},"image":{"@id":"https:\/\/www.moree.de\/en\/product\/news-desk-example-16\/#primaryimage"},"thumbnailUrl":"https:\/\/www.moree.de\/wp-content\/uploads\/2023\/05\/Moree-Modular-LED-Bar-Example-16-News-Desk.jpg","datePublished":"2023-05-26T10:08:32+00:00","dateModified":"2025-10-29T12:34:50+00:00","breadcrumb":{"@id":"https:\/\/www.moree.de\/en\/product\/news-desk-example-16\/#breadcrumb"},"inLanguage":"en-US","potentialAction":[{"@type":"ReadAction","target":["https:\/\/www.moree.de\/en\/product\/news-desk-example-16\/"]}]},{"@type":"ImageObject","inLanguage":"en-US","@id":"https:\/\/www.moree.de\/en\/product\/news-desk-example-16\/#primaryimage","url":"https:\/\/www.moree.de\/wp-content\/uploads\/2023\/05\/Moree-Modular-LED-Bar-Example-16-News-Desk.jpg","contentUrl":"https:\/\/www.moree.de\/wp-content\/uploads\/2023\/05\/Moree-Modular-LED-Bar-Example-16-News-Desk.jpg","width":1000,"height":750},{"@type":"BreadcrumbList","@id":"https:\/\/www.moree.de\/en\/product\/news-desk-example-16\/#breadcrumb","itemListElement":[{"@type":"ListItem","position":1,"name":"Home","item":"https:\/\/www.moree.de\/en\/"},{"@type":"ListItem","position":2,"name":"Shop","item":"https:\/\/www.moree.de\/en\/shop\/"},{"@type":"ListItem","position":3,"name":"News Desk Example 16"}]},{"@type":"WebSite","@id":"https:\/\/www.moree.de\/en\/#website","url":"https:\/\/www.moree.de\/en\/","name":"Moree.de","description":"Gastronomie M\u00f6bel, Lounge M\u00f6bel, Barhocker und LED M\u00f6bel","publisher":{"@id":"https:\/\/www.moree.de\/en\/#organization"},"potentialAction":[{"@type":"SearchAction","target":{"@type":"EntryPoint","urlTemplate":"https:\/\/www.moree.de\/en\/?s={search_term_string}"},"query-input":{"@type":"PropertyValueSpecification","valueRequired":true,"valueName":"search_term_string"}}],"inLanguage":"en-US"},{"@type":"Organization","@id":"https:\/\/www.moree.de\/en\/#organization","name":"Moree.de","url":"https:\/\/www.moree.de\/en\/","logo":{"@type":"ImageObject","inLanguage":"en-US","@id":"https:\/\/www.moree.de\/en\/#\/schema\/logo\/image\/","url":"https:\/\/www.moree.de\/wp-content\/uploads\/2021\/05\/moree-logo.svg","contentUrl":"https:\/\/www.moree.de\/wp-content\/uploads\/2021\/05\/moree-logo.svg","width":349,"height":62,"caption":"Moree.de"},"image":{"@id":"https:\/\/www.moree.de\/en\/#\/schema\/logo\/image\/"}}]}},"_links":{"self":[{"href":"https:\/\/www.moree.de\/en\/wp-json\/wp\/v2\/product\/15996","targetHints":{"allow":["GET"]}}],"collection":[{"href":"https:\/\/www.moree.de\/en\/wp-json\/wp\/v2\/product"}],"about":[{"href":"https:\/\/www.moree.de\/en\/wp-json\/wp\/v2\/types\/product"}],"wp:featuredmedia":[{"embeddable":true,"href":"https:\/\/www.moree.de\/en\/wp-json\/wp\/v2\/media\/15999"}],"wp:attachment":[{"href":"https:\/\/www.moree.de\/en\/wp-json\/wp\/v2\/media?parent=15996"}],"wp:term":[{"taxonomy":"product_brand","embeddable":true,"href":"https:\/\/www.moree.de\/en\/wp-json\/wp\/v2\/product_brand?post=15996"},{"taxonomy":"product_cat","embeddable":true,"href":"https:\/\/www.moree.de\/en\/wp-json\/wp\/v2\/product_cat?post=15996"},{"taxonomy":"product_tag","embeddable":true,"href":"https:\/\/www.moree.de\/en\/wp-json\/wp\/v2\/product_tag?post=15996"}],"curies":[{"name":"wp","href":"https:\/\/api.w.org\/{rel}","templated":true}]}}