{"id":16865,"date":"2023-07-17T15:51:03","date_gmt":"2023-07-17T13:51:03","guid":{"rendered":"https:\/\/www.moree.de\/?post_type=product&#038;p=16865"},"modified":"2025-10-29T13:32:35","modified_gmt":"2025-10-29T12:32:35","slug":"cube-b-goods","status":"publish","type":"product","link":"https:\/\/www.moree.de\/en\/product\/cube-b-goods\/","title":{"rendered":"Cube (B-goods)"},"content":{"rendered":"<p>Cube serves as seating, table, decorative object or indirect light source. The luminous seat cube is ideal for both private and professional use. Cube Indoor is equipped with transparent cable and switch.<\/p>\n<p>The outdoor version with waterproof black cable illuminates gardens, terraces or parks during events while providing seating.<\/p>\n<p>Both versions are also available as LED version with remote control with varied colour and dimming functions, as well as a wireless Accu-LED version which is even more versatile.<\/p>\n","protected":false},"excerpt":{"rendered":"<p>Innovative seating furniture, table and decorative object! Different technical versions are available with white or coloured light, for indoor &amp; outdoor use, with cable or rechargeable battery. A glass table top and seat cushions are optionally available. <span style=\"color: #ff9900;\"><em>The product offered is in mint condition, but has a slight surface defect of approx. 50 mm (scratch) on one side surface at the very bottom, more or less visible depending on the incidence of light. Technically, it is flawless.<\/em><\/span><\/p>\n","protected":false},"featured_media":4761,"template":"","meta":{"_acf_changed":false},"product_brand":[],"product_cat":[305,813],"product_tag":[],"class_list":{"0":"post-16865","1":"product","2":"type-product","3":"status-publish","4":"has-post-thumbnail","6":"product_cat-sale-offers-reduced-goods-promotion-black-friday","7":"product_cat-sale-luminaires","9":"first","10":"instock","11":"sale","12":"taxable","13":"shipping-taxable","14":"purchasable","15":"product-type-variable","16":"has-default-attributes"},"acf":[],"yoast_head":"<!-- This site is optimized with the Yoast SEO plugin v26.8 - https:\/\/yoast.com\/product\/yoast-seo-wordpress\/ -->\n<title>Cube (B-goods) - Moree.de<\/title>\n<meta name=\"robots\" content=\"index, follow, max-snippet:-1, max-image-preview:large, max-video-preview:-1\" \/>\n<link rel=\"canonical\" href=\"https:\/\/www.moree.de\/en\/product\/cube-b-goods\/\" \/>\n<meta property=\"og:locale\" content=\"en_US\" \/>\n<meta property=\"og:type\" content=\"article\" \/>\n<meta property=\"og:title\" content=\"Cube (B-goods) - Moree.de\" \/>\n<meta property=\"og:description\" content=\"Innovative seating furniture, table and decorative object! Different technical versions are available with white or coloured light, for indoor &amp; outdoor use, with cable or rechargeable battery. A glass table top and seat cushions are optionally available. The product offered is in mint condition, but has a slight surface defect of approx. 50 mm (scratch) on one side surface at the very bottom, more or less visible depending on the incidence of light. Technically, it is flawless.\" \/>\n<meta property=\"og:url\" content=\"https:\/\/www.moree.de\/en\/product\/cube-b-goods\/\" \/>\n<meta property=\"og:site_name\" content=\"Moree.de\" \/>\n<meta property=\"article:modified_time\" content=\"2025-10-29T12:32:35+00:00\" \/>\n<meta property=\"og:image\" content=\"https:\/\/www.moree.de\/wp-content\/uploads\/2021\/06\/Moree-Cube-Outdoor-LED-Gartenhocker-Terrasse-Moebel-Tisch-Park-Event-schnurlos-Licht-1.jpg\" \/>\n\t<meta property=\"og:image:width\" content=\"1020\" \/>\n\t<meta property=\"og:image:height\" content=\"765\" \/>\n\t<meta property=\"og:image:type\" content=\"image\/jpeg\" \/>\n<meta name=\"twitter:card\" content=\"summary_large_image\" \/>\n<script type=\"application\/ld+json\" class=\"yoast-schema-graph\">{\"@context\":\"https:\/\/schema.org\",\"@graph\":[{\"@type\":\"WebPage\",\"@id\":\"https:\/\/www.moree.de\/en\/product\/cube-b-goods\/\",\"url\":\"https:\/\/www.moree.de\/en\/product\/cube-b-goods\/\",\"name\":\"Cube (B-goods) - Moree.de\",\"isPartOf\":{\"@id\":\"https:\/\/www.moree.de\/en\/#website\"},\"primaryImageOfPage\":{\"@id\":\"https:\/\/www.moree.de\/en\/product\/cube-b-goods\/#primaryimage\"},\"image\":{\"@id\":\"https:\/\/www.moree.de\/en\/product\/cube-b-goods\/#primaryimage\"},\"thumbnailUrl\":\"https:\/\/www.moree.de\/wp-content\/uploads\/2021\/06\/Moree-Cube-Outdoor-LED-Gartenhocker-Terrasse-Moebel-Tisch-Park-Event-schnurlos-Licht-1.jpg\",\"datePublished\":\"2023-07-17T13:51:03+00:00\",\"dateModified\":\"2025-10-29T12:32:35+00:00\",\"breadcrumb\":{\"@id\":\"https:\/\/www.moree.de\/en\/product\/cube-b-goods\/#breadcrumb\"},\"inLanguage\":\"en-US\",\"potentialAction\":[{\"@type\":\"ReadAction\",\"target\":[\"https:\/\/www.moree.de\/en\/product\/cube-b-goods\/\"]}]},{\"@type\":\"ImageObject\",\"inLanguage\":\"en-US\",\"@id\":\"https:\/\/www.moree.de\/en\/product\/cube-b-goods\/#primaryimage\",\"url\":\"https:\/\/www.moree.de\/wp-content\/uploads\/2021\/06\/Moree-Cube-Outdoor-LED-Gartenhocker-Terrasse-Moebel-Tisch-Park-Event-schnurlos-Licht-1.jpg\",\"contentUrl\":\"https:\/\/www.moree.de\/wp-content\/uploads\/2021\/06\/Moree-Cube-Outdoor-LED-Gartenhocker-Terrasse-Moebel-Tisch-Park-Event-schnurlos-Licht-1.jpg\",\"width\":1020,\"height\":765,\"caption\":\"LED W\u00fcrfel Cube\"},{\"@type\":\"BreadcrumbList\",\"@id\":\"https:\/\/www.moree.de\/en\/product\/cube-b-goods\/#breadcrumb\",\"itemListElement\":[{\"@type\":\"ListItem\",\"position\":1,\"name\":\"Home\",\"item\":\"https:\/\/www.moree.de\/en\/\"},{\"@type\":\"ListItem\",\"position\":2,\"name\":\"Shop\",\"item\":\"https:\/\/www.moree.de\/en\/shop\/\"},{\"@type\":\"ListItem\",\"position\":3,\"name\":\"Cube (B-goods)\"}]},{\"@type\":\"WebSite\",\"@id\":\"https:\/\/www.moree.de\/en\/#website\",\"url\":\"https:\/\/www.moree.de\/en\/\",\"name\":\"Moree.de\",\"description\":\"Gastronomie M\u00f6bel, Lounge M\u00f6bel, Barhocker und LED M\u00f6bel\",\"publisher\":{\"@id\":\"https:\/\/www.moree.de\/en\/#organization\"},\"potentialAction\":[{\"@type\":\"SearchAction\",\"target\":{\"@type\":\"EntryPoint\",\"urlTemplate\":\"https:\/\/www.moree.de\/en\/?s={search_term_string}\"},\"query-input\":{\"@type\":\"PropertyValueSpecification\",\"valueRequired\":true,\"valueName\":\"search_term_string\"}}],\"inLanguage\":\"en-US\"},{\"@type\":\"Organization\",\"@id\":\"https:\/\/www.moree.de\/en\/#organization\",\"name\":\"Moree.de\",\"url\":\"https:\/\/www.moree.de\/en\/\",\"logo\":{\"@type\":\"ImageObject\",\"inLanguage\":\"en-US\",\"@id\":\"https:\/\/www.moree.de\/en\/#\/schema\/logo\/image\/\",\"url\":\"https:\/\/www.moree.de\/wp-content\/uploads\/2021\/05\/moree-logo.svg\",\"contentUrl\":\"https:\/\/www.moree.de\/wp-content\/uploads\/2021\/05\/moree-logo.svg\",\"width\":349,\"height\":62,\"caption\":\"Moree.de\"},\"image\":{\"@id\":\"https:\/\/www.moree.de\/en\/#\/schema\/logo\/image\/\"}}]}<\/script>\n<!-- \/ Yoast SEO plugin. -->","yoast_head_json":{"title":"Cube (B-goods) - Moree.de","robots":{"index":"index","follow":"follow","max-snippet":"max-snippet:-1","max-image-preview":"max-image-preview:large","max-video-preview":"max-video-preview:-1"},"canonical":"https:\/\/www.moree.de\/en\/product\/cube-b-goods\/","og_locale":"en_US","og_type":"article","og_title":"Cube (B-goods) - Moree.de","og_description":"Innovative seating furniture, table and decorative object! Different technical versions are available with white or coloured light, for indoor &amp; outdoor use, with cable or rechargeable battery. A glass table top and seat cushions are optionally available. The product offered is in mint condition, but has a slight surface defect of approx. 50 mm (scratch) on one side surface at the very bottom, more or less visible depending on the incidence of light. Technically, it is flawless.","og_url":"https:\/\/www.moree.de\/en\/product\/cube-b-goods\/","og_site_name":"Moree.de","article_modified_time":"2025-10-29T12:32:35+00:00","og_image":[{"width":1020,"height":765,"url":"https:\/\/www.moree.de\/wp-content\/uploads\/2021\/06\/Moree-Cube-Outdoor-LED-Gartenhocker-Terrasse-Moebel-Tisch-Park-Event-schnurlos-Licht-1.jpg","type":"image\/jpeg"}],"twitter_card":"summary_large_image","schema":{"@context":"https:\/\/schema.org","@graph":[{"@type":"WebPage","@id":"https:\/\/www.moree.de\/en\/product\/cube-b-goods\/","url":"https:\/\/www.moree.de\/en\/product\/cube-b-goods\/","name":"Cube (B-goods) - Moree.de","isPartOf":{"@id":"https:\/\/www.moree.de\/en\/#website"},"primaryImageOfPage":{"@id":"https:\/\/www.moree.de\/en\/product\/cube-b-goods\/#primaryimage"},"image":{"@id":"https:\/\/www.moree.de\/en\/product\/cube-b-goods\/#primaryimage"},"thumbnailUrl":"https:\/\/www.moree.de\/wp-content\/uploads\/2021\/06\/Moree-Cube-Outdoor-LED-Gartenhocker-Terrasse-Moebel-Tisch-Park-Event-schnurlos-Licht-1.jpg","datePublished":"2023-07-17T13:51:03+00:00","dateModified":"2025-10-29T12:32:35+00:00","breadcrumb":{"@id":"https:\/\/www.moree.de\/en\/product\/cube-b-goods\/#breadcrumb"},"inLanguage":"en-US","potentialAction":[{"@type":"ReadAction","target":["https:\/\/www.moree.de\/en\/product\/cube-b-goods\/"]}]},{"@type":"ImageObject","inLanguage":"en-US","@id":"https:\/\/www.moree.de\/en\/product\/cube-b-goods\/#primaryimage","url":"https:\/\/www.moree.de\/wp-content\/uploads\/2021\/06\/Moree-Cube-Outdoor-LED-Gartenhocker-Terrasse-Moebel-Tisch-Park-Event-schnurlos-Licht-1.jpg","contentUrl":"https:\/\/www.moree.de\/wp-content\/uploads\/2021\/06\/Moree-Cube-Outdoor-LED-Gartenhocker-Terrasse-Moebel-Tisch-Park-Event-schnurlos-Licht-1.jpg","width":1020,"height":765,"caption":"LED W\u00fcrfel Cube"},{"@type":"BreadcrumbList","@id":"https:\/\/www.moree.de\/en\/product\/cube-b-goods\/#breadcrumb","itemListElement":[{"@type":"ListItem","position":1,"name":"Home","item":"https:\/\/www.moree.de\/en\/"},{"@type":"ListItem","position":2,"name":"Shop","item":"https:\/\/www.moree.de\/en\/shop\/"},{"@type":"ListItem","position":3,"name":"Cube (B-goods)"}]},{"@type":"WebSite","@id":"https:\/\/www.moree.de\/en\/#website","url":"https:\/\/www.moree.de\/en\/","name":"Moree.de","description":"Gastronomie M\u00f6bel, Lounge M\u00f6bel, Barhocker und LED M\u00f6bel","publisher":{"@id":"https:\/\/www.moree.de\/en\/#organization"},"potentialAction":[{"@type":"SearchAction","target":{"@type":"EntryPoint","urlTemplate":"https:\/\/www.moree.de\/en\/?s={search_term_string}"},"query-input":{"@type":"PropertyValueSpecification","valueRequired":true,"valueName":"search_term_string"}}],"inLanguage":"en-US"},{"@type":"Organization","@id":"https:\/\/www.moree.de\/en\/#organization","name":"Moree.de","url":"https:\/\/www.moree.de\/en\/","logo":{"@type":"ImageObject","inLanguage":"en-US","@id":"https:\/\/www.moree.de\/en\/#\/schema\/logo\/image\/","url":"https:\/\/www.moree.de\/wp-content\/uploads\/2021\/05\/moree-logo.svg","contentUrl":"https:\/\/www.moree.de\/wp-content\/uploads\/2021\/05\/moree-logo.svg","width":349,"height":62,"caption":"Moree.de"},"image":{"@id":"https:\/\/www.moree.de\/en\/#\/schema\/logo\/image\/"}}]}},"_links":{"self":[{"href":"https:\/\/www.moree.de\/en\/wp-json\/wp\/v2\/product\/16865","targetHints":{"allow":["GET"]}}],"collection":[{"href":"https:\/\/www.moree.de\/en\/wp-json\/wp\/v2\/product"}],"about":[{"href":"https:\/\/www.moree.de\/en\/wp-json\/wp\/v2\/types\/product"}],"wp:featuredmedia":[{"embeddable":true,"href":"https:\/\/www.moree.de\/en\/wp-json\/wp\/v2\/media\/4761"}],"wp:attachment":[{"href":"https:\/\/www.moree.de\/en\/wp-json\/wp\/v2\/media?parent=16865"}],"wp:term":[{"taxonomy":"product_brand","embeddable":true,"href":"https:\/\/www.moree.de\/en\/wp-json\/wp\/v2\/product_brand?post=16865"},{"taxonomy":"product_cat","embeddable":true,"href":"https:\/\/www.moree.de\/en\/wp-json\/wp\/v2\/product_cat?post=16865"},{"taxonomy":"product_tag","embeddable":true,"href":"https:\/\/www.moree.de\/en\/wp-json\/wp\/v2\/product_tag?post=16865"}],"curies":[{"name":"wp","href":"https:\/\/api.w.org\/{rel}","templated":true}]}}