{"id":20058,"date":"2023-08-25T13:01:18","date_gmt":"2023-08-25T11:01:18","guid":{"rendered":"https:\/\/www.moree.de\/?post_type=product&#038;p=20058"},"modified":"2025-10-29T13:31:33","modified_gmt":"2025-10-29T12:31:33","slug":"bar-table-set-ed-anthracite","status":"publish","type":"product","link":"https:\/\/www.moree.de\/en\/product\/bar-table-set-ed-anthracite\/","title":{"rendered":"Bar Table Set ED Anthracite"},"content":{"rendered":"<p><strong>ED Bar Table Set Anthracite<\/strong><\/p>\n<p>The ED bar table set consists of a table and 2 bar stools. ED 105, the anthracite bar table with a square tabletop matches the ED bar stools perfectly in form. The coordinated designs of the bar table set create a successful combination for a classy interior, ideal for private and commercial spaces.<\/p>\n<p>The ED bar table can be combined either with matching anthracite\/anthracite bar stools or with other anthracite wood versions of the bar stool from the range.<\/p>\n<p>The bar stools are height-adjustable via spring pressure and can be rotated 360 degrees.<\/p>\n<p>The table consists of a white HPL top (60 \u00d7 60 cm) with rounded corners and a frame in anthracite powder-coated steel. The high-quality HPL top is easy to clean and very scratch-resistant.<\/p>\n","protected":false},"excerpt":{"rendered":"<p>The set includes:<br \/>\n2x ED bar stool anthracite\/white-height-adjustable\/360\u00b0 rotatable (13-03-01)<br \/>\n1x ED 105 bar table (18-06-105)<\/p>\n","protected":false},"featured_media":20089,"template":"","meta":{"_acf_changed":false},"product_brand":[],"product_cat":[810,334,295],"product_tag":[],"class_list":{"0":"post-20058","1":"product","2":"type-product","3":"status-publish","4":"has-post-thumbnail","6":"product_cat-bar-table-sets","7":"product_cat-bar-table-and-stools","8":"product_cat-design-furniture","10":"first","11":"instock","12":"taxable","13":"shipping-taxable","14":"purchasable","15":"product-type-simple"},"acf":[],"yoast_head":"<!-- This site is optimized with the Yoast SEO plugin v26.8 - https:\/\/yoast.com\/product\/yoast-seo-wordpress\/ -->\n<title>Bar Table Set ED Anthracite - Moree.de<\/title>\n<meta name=\"robots\" content=\"index, follow, max-snippet:-1, max-image-preview:large, max-video-preview:-1\" \/>\n<link rel=\"canonical\" href=\"https:\/\/www.moree.de\/en\/product\/bar-table-set-ed-anthracite\/\" \/>\n<meta property=\"og:locale\" content=\"en_US\" \/>\n<meta property=\"og:type\" content=\"article\" \/>\n<meta property=\"og:title\" content=\"Bar Table Set ED Anthracite - Moree.de\" \/>\n<meta property=\"og:description\" content=\"The set includes: 2x ED bar stool anthracite\/white-height-adjustable\/360\u00b0 rotatable (13-03-01) 1x ED 105 bar table (18-06-105)\" \/>\n<meta property=\"og:url\" content=\"https:\/\/www.moree.de\/en\/product\/bar-table-set-ed-anthracite\/\" \/>\n<meta property=\"og:site_name\" content=\"Moree.de\" \/>\n<meta property=\"article:modified_time\" content=\"2025-10-29T12:31:33+00:00\" \/>\n<meta property=\"og:image\" content=\"https:\/\/www.moree.de\/wp-content\/uploads\/2023\/08\/Moree-ED-105-Stehtisch-anthrazit-white-Bartisch-Set-Indoor.jpg\" \/>\n\t<meta property=\"og:image:width\" content=\"1231\" \/>\n\t<meta property=\"og:image:height\" content=\"1271\" \/>\n\t<meta property=\"og:image:type\" content=\"image\/jpeg\" \/>\n<meta name=\"twitter:card\" content=\"summary_large_image\" \/>\n<meta name=\"twitter:label1\" content=\"Est. reading time\" \/>\n\t<meta name=\"twitter:data1\" content=\"1 minute\" \/>\n<script type=\"application\/ld+json\" class=\"yoast-schema-graph\">{\"@context\":\"https:\/\/schema.org\",\"@graph\":[{\"@type\":\"WebPage\",\"@id\":\"https:\/\/www.moree.de\/en\/product\/bar-table-set-ed-anthracite\/\",\"url\":\"https:\/\/www.moree.de\/en\/product\/bar-table-set-ed-anthracite\/\",\"name\":\"Bar Table Set ED Anthracite - Moree.de\",\"isPartOf\":{\"@id\":\"https:\/\/www.moree.de\/en\/#website\"},\"primaryImageOfPage\":{\"@id\":\"https:\/\/www.moree.de\/en\/product\/bar-table-set-ed-anthracite\/#primaryimage\"},\"image\":{\"@id\":\"https:\/\/www.moree.de\/en\/product\/bar-table-set-ed-anthracite\/#primaryimage\"},\"thumbnailUrl\":\"https:\/\/www.moree.de\/wp-content\/uploads\/2023\/08\/Moree-ED-105-Stehtisch-anthrazit-white-Bartisch-Set-Indoor.jpg\",\"datePublished\":\"2023-08-25T11:01:18+00:00\",\"dateModified\":\"2025-10-29T12:31:33+00:00\",\"breadcrumb\":{\"@id\":\"https:\/\/www.moree.de\/en\/product\/bar-table-set-ed-anthracite\/#breadcrumb\"},\"inLanguage\":\"en-US\",\"potentialAction\":[{\"@type\":\"ReadAction\",\"target\":[\"https:\/\/www.moree.de\/en\/product\/bar-table-set-ed-anthracite\/\"]}]},{\"@type\":\"ImageObject\",\"inLanguage\":\"en-US\",\"@id\":\"https:\/\/www.moree.de\/en\/product\/bar-table-set-ed-anthracite\/#primaryimage\",\"url\":\"https:\/\/www.moree.de\/wp-content\/uploads\/2023\/08\/Moree-ED-105-Stehtisch-anthrazit-white-Bartisch-Set-Indoor.jpg\",\"contentUrl\":\"https:\/\/www.moree.de\/wp-content\/uploads\/2023\/08\/Moree-ED-105-Stehtisch-anthrazit-white-Bartisch-Set-Indoor.jpg\",\"width\":1231,\"height\":1271},{\"@type\":\"BreadcrumbList\",\"@id\":\"https:\/\/www.moree.de\/en\/product\/bar-table-set-ed-anthracite\/#breadcrumb\",\"itemListElement\":[{\"@type\":\"ListItem\",\"position\":1,\"name\":\"Home\",\"item\":\"https:\/\/www.moree.de\/en\/\"},{\"@type\":\"ListItem\",\"position\":2,\"name\":\"Shop\",\"item\":\"https:\/\/www.moree.de\/en\/shop\/\"},{\"@type\":\"ListItem\",\"position\":3,\"name\":\"Bar Table Set ED Anthracite\"}]},{\"@type\":\"WebSite\",\"@id\":\"https:\/\/www.moree.de\/en\/#website\",\"url\":\"https:\/\/www.moree.de\/en\/\",\"name\":\"Moree.de\",\"description\":\"Gastronomie M\u00f6bel, Lounge M\u00f6bel, Barhocker und LED M\u00f6bel\",\"publisher\":{\"@id\":\"https:\/\/www.moree.de\/en\/#organization\"},\"potentialAction\":[{\"@type\":\"SearchAction\",\"target\":{\"@type\":\"EntryPoint\",\"urlTemplate\":\"https:\/\/www.moree.de\/en\/?s={search_term_string}\"},\"query-input\":{\"@type\":\"PropertyValueSpecification\",\"valueRequired\":true,\"valueName\":\"search_term_string\"}}],\"inLanguage\":\"en-US\"},{\"@type\":\"Organization\",\"@id\":\"https:\/\/www.moree.de\/en\/#organization\",\"name\":\"Moree.de\",\"url\":\"https:\/\/www.moree.de\/en\/\",\"logo\":{\"@type\":\"ImageObject\",\"inLanguage\":\"en-US\",\"@id\":\"https:\/\/www.moree.de\/en\/#\/schema\/logo\/image\/\",\"url\":\"https:\/\/www.moree.de\/wp-content\/uploads\/2021\/05\/moree-logo.svg\",\"contentUrl\":\"https:\/\/www.moree.de\/wp-content\/uploads\/2021\/05\/moree-logo.svg\",\"width\":349,\"height\":62,\"caption\":\"Moree.de\"},\"image\":{\"@id\":\"https:\/\/www.moree.de\/en\/#\/schema\/logo\/image\/\"}}]}<\/script>\n<!-- \/ Yoast SEO plugin. -->","yoast_head_json":{"title":"Bar Table Set ED Anthracite - Moree.de","robots":{"index":"index","follow":"follow","max-snippet":"max-snippet:-1","max-image-preview":"max-image-preview:large","max-video-preview":"max-video-preview:-1"},"canonical":"https:\/\/www.moree.de\/en\/product\/bar-table-set-ed-anthracite\/","og_locale":"en_US","og_type":"article","og_title":"Bar Table Set ED Anthracite - Moree.de","og_description":"The set includes: 2x ED bar stool anthracite\/white-height-adjustable\/360\u00b0 rotatable (13-03-01) 1x ED 105 bar table (18-06-105)","og_url":"https:\/\/www.moree.de\/en\/product\/bar-table-set-ed-anthracite\/","og_site_name":"Moree.de","article_modified_time":"2025-10-29T12:31:33+00:00","og_image":[{"width":1231,"height":1271,"url":"https:\/\/www.moree.de\/wp-content\/uploads\/2023\/08\/Moree-ED-105-Stehtisch-anthrazit-white-Bartisch-Set-Indoor.jpg","type":"image\/jpeg"}],"twitter_card":"summary_large_image","twitter_misc":{"Est. reading time":"1 minute"},"schema":{"@context":"https:\/\/schema.org","@graph":[{"@type":"WebPage","@id":"https:\/\/www.moree.de\/en\/product\/bar-table-set-ed-anthracite\/","url":"https:\/\/www.moree.de\/en\/product\/bar-table-set-ed-anthracite\/","name":"Bar Table Set ED Anthracite - Moree.de","isPartOf":{"@id":"https:\/\/www.moree.de\/en\/#website"},"primaryImageOfPage":{"@id":"https:\/\/www.moree.de\/en\/product\/bar-table-set-ed-anthracite\/#primaryimage"},"image":{"@id":"https:\/\/www.moree.de\/en\/product\/bar-table-set-ed-anthracite\/#primaryimage"},"thumbnailUrl":"https:\/\/www.moree.de\/wp-content\/uploads\/2023\/08\/Moree-ED-105-Stehtisch-anthrazit-white-Bartisch-Set-Indoor.jpg","datePublished":"2023-08-25T11:01:18+00:00","dateModified":"2025-10-29T12:31:33+00:00","breadcrumb":{"@id":"https:\/\/www.moree.de\/en\/product\/bar-table-set-ed-anthracite\/#breadcrumb"},"inLanguage":"en-US","potentialAction":[{"@type":"ReadAction","target":["https:\/\/www.moree.de\/en\/product\/bar-table-set-ed-anthracite\/"]}]},{"@type":"ImageObject","inLanguage":"en-US","@id":"https:\/\/www.moree.de\/en\/product\/bar-table-set-ed-anthracite\/#primaryimage","url":"https:\/\/www.moree.de\/wp-content\/uploads\/2023\/08\/Moree-ED-105-Stehtisch-anthrazit-white-Bartisch-Set-Indoor.jpg","contentUrl":"https:\/\/www.moree.de\/wp-content\/uploads\/2023\/08\/Moree-ED-105-Stehtisch-anthrazit-white-Bartisch-Set-Indoor.jpg","width":1231,"height":1271},{"@type":"BreadcrumbList","@id":"https:\/\/www.moree.de\/en\/product\/bar-table-set-ed-anthracite\/#breadcrumb","itemListElement":[{"@type":"ListItem","position":1,"name":"Home","item":"https:\/\/www.moree.de\/en\/"},{"@type":"ListItem","position":2,"name":"Shop","item":"https:\/\/www.moree.de\/en\/shop\/"},{"@type":"ListItem","position":3,"name":"Bar Table Set ED Anthracite"}]},{"@type":"WebSite","@id":"https:\/\/www.moree.de\/en\/#website","url":"https:\/\/www.moree.de\/en\/","name":"Moree.de","description":"Gastronomie M\u00f6bel, Lounge M\u00f6bel, Barhocker und LED M\u00f6bel","publisher":{"@id":"https:\/\/www.moree.de\/en\/#organization"},"potentialAction":[{"@type":"SearchAction","target":{"@type":"EntryPoint","urlTemplate":"https:\/\/www.moree.de\/en\/?s={search_term_string}"},"query-input":{"@type":"PropertyValueSpecification","valueRequired":true,"valueName":"search_term_string"}}],"inLanguage":"en-US"},{"@type":"Organization","@id":"https:\/\/www.moree.de\/en\/#organization","name":"Moree.de","url":"https:\/\/www.moree.de\/en\/","logo":{"@type":"ImageObject","inLanguage":"en-US","@id":"https:\/\/www.moree.de\/en\/#\/schema\/logo\/image\/","url":"https:\/\/www.moree.de\/wp-content\/uploads\/2021\/05\/moree-logo.svg","contentUrl":"https:\/\/www.moree.de\/wp-content\/uploads\/2021\/05\/moree-logo.svg","width":349,"height":62,"caption":"Moree.de"},"image":{"@id":"https:\/\/www.moree.de\/en\/#\/schema\/logo\/image\/"}}]}},"_links":{"self":[{"href":"https:\/\/www.moree.de\/en\/wp-json\/wp\/v2\/product\/20058","targetHints":{"allow":["GET"]}}],"collection":[{"href":"https:\/\/www.moree.de\/en\/wp-json\/wp\/v2\/product"}],"about":[{"href":"https:\/\/www.moree.de\/en\/wp-json\/wp\/v2\/types\/product"}],"wp:featuredmedia":[{"embeddable":true,"href":"https:\/\/www.moree.de\/en\/wp-json\/wp\/v2\/media\/20089"}],"wp:attachment":[{"href":"https:\/\/www.moree.de\/en\/wp-json\/wp\/v2\/media?parent=20058"}],"wp:term":[{"taxonomy":"product_brand","embeddable":true,"href":"https:\/\/www.moree.de\/en\/wp-json\/wp\/v2\/product_brand?post=20058"},{"taxonomy":"product_cat","embeddable":true,"href":"https:\/\/www.moree.de\/en\/wp-json\/wp\/v2\/product_cat?post=20058"},{"taxonomy":"product_tag","embeddable":true,"href":"https:\/\/www.moree.de\/en\/wp-json\/wp\/v2\/product_tag?post=20058"}],"curies":[{"name":"wp","href":"https:\/\/api.w.org\/{rel}","templated":true}]}}