{"id":20150,"date":"2023-09-05T16:38:42","date_gmt":"2023-09-05T14:38:49","guid":{"rendered":"https:\/\/www.moree.de\/?post_type=product&#038;p=20150"},"modified":"2025-10-29T13:31:32","modified_gmt":"2025-10-29T12:31:32","slug":"dave-static-barstool-sale","status":"publish","type":"product","link":"https:\/\/www.moree.de\/en\/product\/dave-static-barstool-sale\/","title":{"rendered":"DAVE Static Barstool (Sale%)"},"content":{"rendered":"<p><strong>&#8216;Dave&#8217; bar stool in white &amp; anthracite with upholstered seat in many colour variations<\/strong><\/p>\n<p>The design bar stool by Moree combines the understated, single-column frame of the stool with a subtly upholstered seat. The seat has a modern, high-quality aesthetic with a soft feel. The natural texture of the cover fabrics give the bar stool a touch of luxury.<\/p>\n<p>&#8216;Dave&#8217; can be easily combined with other furniture and serves as a stool e.g. at kitchen or conference tables, as lounge seating in a caf\u00e9, foyer, waiting room and to transform workplaces into homely, comfortable interiors.<\/p>\n<p><strong>Cover fabric<\/strong><br \/>\nThe upholstery fabric is 98% recycled material, EU Ecolabel &amp; STANDARD 100 certified by OEKO-TEX\u00ae. 4 standard colours (light grey, anthracite, sage, wine red) are available. In total, you can choose from an additional 50 modern colour variations. <em><strong><a href=\"https:\/\/www.moree.de\/wp-content\/uploads\/2023\/04\/230117-42-0X-XX-Dave-EN-Fabric-Color-Chart.pdf\">You can find the color chart as PDF here.<\/a> <\/strong><\/em>We will be happy to send you the fabric colour chart by post.<\/p>\n<p><strong>Frame &#8211; height adjustable\/360\u00b0 swivel or static<\/strong><br \/>\nThe bar stool frame is available in 2 versions: with a height-adjustable, 360\u00b0 swivel frame and with a static frame, i.e. not height-adjustable &amp; not swivelable. The powder-coated steel frame is available in white or anthracite.<\/p>\n<p><strong>Seat<\/strong><br \/>\nThe seat shell is made of upholstered moulded wood with cover fabrics in various colours.<\/p>\n<p><strong>Designed<\/strong> by David Stuttard &amp; Moree in Germany, 2021<\/p>\n","protected":false},"excerpt":{"rendered":"<p><span style=\"color: #ff6600;\">%%%<\/span> The bar stools offered here (static, not height adjustable, colour of the frame white or anthracite, 2-4 seat colours to choose from) are as good as new, (customer returns), may have damaged packaging. Technically, they are in perfect condition.<\/p>\n<p>DAVE is a bar stool with upholstered seat in various colours. The fabric cover is made of 98% recycled material, so very sustainable!<\/p>\n","protected":false},"featured_media":12943,"template":"","meta":{"_acf_changed":false},"product_brand":[],"product_cat":[305],"product_tag":[],"class_list":{"0":"post-20150","1":"product","2":"type-product","3":"status-publish","4":"has-post-thumbnail","6":"product_cat-sale-offers-reduced-goods-promotion-black-friday","8":"first","9":"instock","10":"sale","11":"taxable","12":"shipping-taxable","13":"purchasable","14":"product-type-variable"},"acf":[],"yoast_head":"<!-- This site is optimized with the Yoast SEO plugin v26.8 - https:\/\/yoast.com\/product\/yoast-seo-wordpress\/ -->\n<title>DAVE Static Barstool (Sale%) - Moree.de<\/title>\n<meta name=\"robots\" content=\"index, follow, max-snippet:-1, max-image-preview:large, max-video-preview:-1\" \/>\n<link rel=\"canonical\" href=\"https:\/\/www.moree.de\/en\/product\/dave-static-barstool-sale\/\" \/>\n<meta property=\"og:locale\" content=\"en_US\" \/>\n<meta property=\"og:type\" content=\"article\" \/>\n<meta property=\"og:title\" content=\"DAVE Static Barstool (Sale%) - Moree.de\" \/>\n<meta property=\"og:description\" content=\"%%% The bar stools offered here (static, not height adjustable, colour of the frame white or anthracite, 2-4 seat colours to choose from) are as good as new, (customer returns), may have damaged packaging. Technically, they are in perfect condition.  DAVE is a bar stool with upholstered seat in various colours. The fabric cover is made of 98% recycled material, so very sustainable!\" \/>\n<meta property=\"og:url\" content=\"https:\/\/www.moree.de\/en\/product\/dave-static-barstool-sale\/\" \/>\n<meta property=\"og:site_name\" content=\"Moree.de\" \/>\n<meta property=\"article:modified_time\" content=\"2025-10-29T12:31:32+00:00\" \/>\n<meta property=\"og:image\" content=\"https:\/\/www.moree.de\/wp-content\/uploads\/2022\/08\/42-0X-XX-Dave-Barhocker-Coverpage-Themenbild-1400x1400-1.jpg\" \/>\n\t<meta property=\"og:image:width\" content=\"1400\" \/>\n\t<meta property=\"og:image:height\" content=\"1400\" \/>\n\t<meta property=\"og:image:type\" content=\"image\/jpeg\" \/>\n<meta name=\"twitter:card\" content=\"summary_large_image\" \/>\n<meta name=\"twitter:label1\" content=\"Est. reading time\" \/>\n\t<meta name=\"twitter:data1\" content=\"2 minutes\" \/>\n<script type=\"application\/ld+json\" class=\"yoast-schema-graph\">{\"@context\":\"https:\/\/schema.org\",\"@graph\":[{\"@type\":\"WebPage\",\"@id\":\"https:\/\/www.moree.de\/en\/product\/dave-static-barstool-sale\/\",\"url\":\"https:\/\/www.moree.de\/en\/product\/dave-static-barstool-sale\/\",\"name\":\"DAVE Static Barstool (Sale%) - Moree.de\",\"isPartOf\":{\"@id\":\"https:\/\/www.moree.de\/en\/#website\"},\"primaryImageOfPage\":{\"@id\":\"https:\/\/www.moree.de\/en\/product\/dave-static-barstool-sale\/#primaryimage\"},\"image\":{\"@id\":\"https:\/\/www.moree.de\/en\/product\/dave-static-barstool-sale\/#primaryimage\"},\"thumbnailUrl\":\"https:\/\/www.moree.de\/wp-content\/uploads\/2022\/08\/42-0X-XX-Dave-Barhocker-Coverpage-Themenbild-1400x1400-1.jpg\",\"datePublished\":\"2023-09-05T14:38:49+00:00\",\"dateModified\":\"2025-10-29T12:31:32+00:00\",\"breadcrumb\":{\"@id\":\"https:\/\/www.moree.de\/en\/product\/dave-static-barstool-sale\/#breadcrumb\"},\"inLanguage\":\"en-US\",\"potentialAction\":[{\"@type\":\"ReadAction\",\"target\":[\"https:\/\/www.moree.de\/en\/product\/dave-static-barstool-sale\/\"]}]},{\"@type\":\"ImageObject\",\"inLanguage\":\"en-US\",\"@id\":\"https:\/\/www.moree.de\/en\/product\/dave-static-barstool-sale\/#primaryimage\",\"url\":\"https:\/\/www.moree.de\/wp-content\/uploads\/2022\/08\/42-0X-XX-Dave-Barhocker-Coverpage-Themenbild-1400x1400-1.jpg\",\"contentUrl\":\"https:\/\/www.moree.de\/wp-content\/uploads\/2022\/08\/42-0X-XX-Dave-Barhocker-Coverpage-Themenbild-1400x1400-1.jpg\",\"width\":1400,\"height\":1400,\"caption\":\"Dave with fabric seat Colour examples\"},{\"@type\":\"BreadcrumbList\",\"@id\":\"https:\/\/www.moree.de\/en\/product\/dave-static-barstool-sale\/#breadcrumb\",\"itemListElement\":[{\"@type\":\"ListItem\",\"position\":1,\"name\":\"Home\",\"item\":\"https:\/\/www.moree.de\/en\/\"},{\"@type\":\"ListItem\",\"position\":2,\"name\":\"Shop\",\"item\":\"https:\/\/www.moree.de\/en\/shop\/\"},{\"@type\":\"ListItem\",\"position\":3,\"name\":\"DAVE Static Barstool (Sale%)\"}]},{\"@type\":\"WebSite\",\"@id\":\"https:\/\/www.moree.de\/en\/#website\",\"url\":\"https:\/\/www.moree.de\/en\/\",\"name\":\"Moree.de\",\"description\":\"Gastronomie M\u00f6bel, Lounge M\u00f6bel, Barhocker und LED M\u00f6bel\",\"publisher\":{\"@id\":\"https:\/\/www.moree.de\/en\/#organization\"},\"potentialAction\":[{\"@type\":\"SearchAction\",\"target\":{\"@type\":\"EntryPoint\",\"urlTemplate\":\"https:\/\/www.moree.de\/en\/?s={search_term_string}\"},\"query-input\":{\"@type\":\"PropertyValueSpecification\",\"valueRequired\":true,\"valueName\":\"search_term_string\"}}],\"inLanguage\":\"en-US\"},{\"@type\":\"Organization\",\"@id\":\"https:\/\/www.moree.de\/en\/#organization\",\"name\":\"Moree.de\",\"url\":\"https:\/\/www.moree.de\/en\/\",\"logo\":{\"@type\":\"ImageObject\",\"inLanguage\":\"en-US\",\"@id\":\"https:\/\/www.moree.de\/en\/#\/schema\/logo\/image\/\",\"url\":\"https:\/\/www.moree.de\/wp-content\/uploads\/2021\/05\/moree-logo.svg\",\"contentUrl\":\"https:\/\/www.moree.de\/wp-content\/uploads\/2021\/05\/moree-logo.svg\",\"width\":349,\"height\":62,\"caption\":\"Moree.de\"},\"image\":{\"@id\":\"https:\/\/www.moree.de\/en\/#\/schema\/logo\/image\/\"}}]}<\/script>\n<!-- \/ Yoast SEO plugin. -->","yoast_head_json":{"title":"DAVE Static Barstool (Sale%) - Moree.de","robots":{"index":"index","follow":"follow","max-snippet":"max-snippet:-1","max-image-preview":"max-image-preview:large","max-video-preview":"max-video-preview:-1"},"canonical":"https:\/\/www.moree.de\/en\/product\/dave-static-barstool-sale\/","og_locale":"en_US","og_type":"article","og_title":"DAVE Static Barstool (Sale%) - Moree.de","og_description":"%%% The bar stools offered here (static, not height adjustable, colour of the frame white or anthracite, 2-4 seat colours to choose from) are as good as new, (customer returns), may have damaged packaging. Technically, they are in perfect condition.  DAVE is a bar stool with upholstered seat in various colours. The fabric cover is made of 98% recycled material, so very sustainable!","og_url":"https:\/\/www.moree.de\/en\/product\/dave-static-barstool-sale\/","og_site_name":"Moree.de","article_modified_time":"2025-10-29T12:31:32+00:00","og_image":[{"width":1400,"height":1400,"url":"https:\/\/www.moree.de\/wp-content\/uploads\/2022\/08\/42-0X-XX-Dave-Barhocker-Coverpage-Themenbild-1400x1400-1.jpg","type":"image\/jpeg"}],"twitter_card":"summary_large_image","twitter_misc":{"Est. reading time":"2 minutes"},"schema":{"@context":"https:\/\/schema.org","@graph":[{"@type":"WebPage","@id":"https:\/\/www.moree.de\/en\/product\/dave-static-barstool-sale\/","url":"https:\/\/www.moree.de\/en\/product\/dave-static-barstool-sale\/","name":"DAVE Static Barstool (Sale%) - Moree.de","isPartOf":{"@id":"https:\/\/www.moree.de\/en\/#website"},"primaryImageOfPage":{"@id":"https:\/\/www.moree.de\/en\/product\/dave-static-barstool-sale\/#primaryimage"},"image":{"@id":"https:\/\/www.moree.de\/en\/product\/dave-static-barstool-sale\/#primaryimage"},"thumbnailUrl":"https:\/\/www.moree.de\/wp-content\/uploads\/2022\/08\/42-0X-XX-Dave-Barhocker-Coverpage-Themenbild-1400x1400-1.jpg","datePublished":"2023-09-05T14:38:49+00:00","dateModified":"2025-10-29T12:31:32+00:00","breadcrumb":{"@id":"https:\/\/www.moree.de\/en\/product\/dave-static-barstool-sale\/#breadcrumb"},"inLanguage":"en-US","potentialAction":[{"@type":"ReadAction","target":["https:\/\/www.moree.de\/en\/product\/dave-static-barstool-sale\/"]}]},{"@type":"ImageObject","inLanguage":"en-US","@id":"https:\/\/www.moree.de\/en\/product\/dave-static-barstool-sale\/#primaryimage","url":"https:\/\/www.moree.de\/wp-content\/uploads\/2022\/08\/42-0X-XX-Dave-Barhocker-Coverpage-Themenbild-1400x1400-1.jpg","contentUrl":"https:\/\/www.moree.de\/wp-content\/uploads\/2022\/08\/42-0X-XX-Dave-Barhocker-Coverpage-Themenbild-1400x1400-1.jpg","width":1400,"height":1400,"caption":"Dave with fabric seat Colour examples"},{"@type":"BreadcrumbList","@id":"https:\/\/www.moree.de\/en\/product\/dave-static-barstool-sale\/#breadcrumb","itemListElement":[{"@type":"ListItem","position":1,"name":"Home","item":"https:\/\/www.moree.de\/en\/"},{"@type":"ListItem","position":2,"name":"Shop","item":"https:\/\/www.moree.de\/en\/shop\/"},{"@type":"ListItem","position":3,"name":"DAVE Static Barstool (Sale%)"}]},{"@type":"WebSite","@id":"https:\/\/www.moree.de\/en\/#website","url":"https:\/\/www.moree.de\/en\/","name":"Moree.de","description":"Gastronomie M\u00f6bel, Lounge M\u00f6bel, Barhocker und LED M\u00f6bel","publisher":{"@id":"https:\/\/www.moree.de\/en\/#organization"},"potentialAction":[{"@type":"SearchAction","target":{"@type":"EntryPoint","urlTemplate":"https:\/\/www.moree.de\/en\/?s={search_term_string}"},"query-input":{"@type":"PropertyValueSpecification","valueRequired":true,"valueName":"search_term_string"}}],"inLanguage":"en-US"},{"@type":"Organization","@id":"https:\/\/www.moree.de\/en\/#organization","name":"Moree.de","url":"https:\/\/www.moree.de\/en\/","logo":{"@type":"ImageObject","inLanguage":"en-US","@id":"https:\/\/www.moree.de\/en\/#\/schema\/logo\/image\/","url":"https:\/\/www.moree.de\/wp-content\/uploads\/2021\/05\/moree-logo.svg","contentUrl":"https:\/\/www.moree.de\/wp-content\/uploads\/2021\/05\/moree-logo.svg","width":349,"height":62,"caption":"Moree.de"},"image":{"@id":"https:\/\/www.moree.de\/en\/#\/schema\/logo\/image\/"}}]}},"_links":{"self":[{"href":"https:\/\/www.moree.de\/en\/wp-json\/wp\/v2\/product\/20150","targetHints":{"allow":["GET"]}}],"collection":[{"href":"https:\/\/www.moree.de\/en\/wp-json\/wp\/v2\/product"}],"about":[{"href":"https:\/\/www.moree.de\/en\/wp-json\/wp\/v2\/types\/product"}],"wp:featuredmedia":[{"embeddable":true,"href":"https:\/\/www.moree.de\/en\/wp-json\/wp\/v2\/media\/12943"}],"wp:attachment":[{"href":"https:\/\/www.moree.de\/en\/wp-json\/wp\/v2\/media?parent=20150"}],"wp:term":[{"taxonomy":"product_brand","embeddable":true,"href":"https:\/\/www.moree.de\/en\/wp-json\/wp\/v2\/product_brand?post=20150"},{"taxonomy":"product_cat","embeddable":true,"href":"https:\/\/www.moree.de\/en\/wp-json\/wp\/v2\/product_cat?post=20150"},{"taxonomy":"product_tag","embeddable":true,"href":"https:\/\/www.moree.de\/en\/wp-json\/wp\/v2\/product_tag?post=20150"}],"curies":[{"name":"wp","href":"https:\/\/api.w.org\/{rel}","templated":true}]}}