{"id":20256,"date":"2023-09-11T09:28:01","date_gmt":"2023-09-11T07:28:02","guid":{"rendered":"https:\/\/www.moree.de\/?post_type=product&#038;p=20256"},"modified":"2025-10-29T13:31:29","modified_gmt":"2025-10-29T12:31:29","slug":"isa-belle-solar-floor-arc-light-exhibit","status":"publish","type":"product","link":"https:\/\/www.moree.de\/en\/product\/isa-belle-solar-floor-arc-light-exhibit\/","title":{"rendered":"&#8216;ISA-BELLE&#8217; Solar Floor &#038; Arc Light (%Exhibit)"},"content":{"rendered":"<h3><strong>ISA-BELLE is a Solar Floor and an Arc Light in one (2in1)!<\/strong><\/h3>\n<p>Only by changing one component, the floor light can be converted into an arc light. Equipped with a rechargeable battery, it can be used flexibly in the garden, on terraces or balconies. The integrated solar panel saves electricity and makes charging with a mains adapter superfluous in the bright season.<\/p>\n<p><strong>Design<\/strong><br \/>\nNot only the 2in1 function makes ISA-BELLE special, also its elegant, reduced form is a highlight. The removable fabric shade refracts the light from the light source and prevents glare from the bright LEDs.<\/p>\n<p><strong>Material and technology<\/strong><br \/>\nThe outdoor solar floor lamp and solar arc lamp convince with high-quality workmanship of the body and the LED unit. The frame of the floor and arched luminaire is made of powder-coated metal, the lampshade of outdoor-suitable PE. It is interesting that if only one tube element on the frame is replaced, the floor lamp can be transformed into an arc lamp.<\/p>\n<p>The LED unit in the lampshade shines in warm-white light and charges itself in daylight through an integrated solar panel. A USB power supply unit enables charging in the dark season, alternatively it can also be charged with a power bank. The USB power supply unit is included in the scope of delivery. The brightness of the LEDs can be adjusted in steps via a dimmer. Accordingly, it can be used as a reading lamp as well as for dimmed illumination of lounge and seating areas.<\/p>\n<p><strong>Rechargeable battery<\/strong><br \/>\nAn outdoor luminaire with rechargeable battery offers a lot of flexibility. For example, outdoor areas often lack sockets and charging options. The ISA-BELLE solar floor lamp solves this problem elegantly, because when the battery is charged, the running time is 7 hours at 100% light output; dimmed, longer running times of up to 18 hours are possible.<\/p>\n<p><strong>Areas of application<\/strong><br \/>\nThe floor lamp with rechargeable battery is suitable for indoor and outdoor use, in other words the floor lamp is IP 44 certified.<\/p>\n<p>____<br \/>\nAs an alternative to the floor luminaire with rechargeable battery, we offer a <strong><em><a href=\"https:\/\/www.moree.de\/en\/shop\/lighting\/floor-lamps\/\">wired outdoor floor lamp<\/a><\/em><\/strong>. In addition, various lamp covers with different designs are available for the SWAP floor luminaire. The lamp has an E27 socket and coloured LED bulbs can also be used.<\/p>\n<p>See more ideas about Garden and patio lighting on <a href=\"https:\/\/www.pinterest.de\/moreede\/beleuchtung-terrasse-garten-und-balkon-stehlampe\/\"><em><strong>Pinterest<\/strong><\/em><\/a>.<\/p>\n","protected":false},"excerpt":{"rendered":"<p>Stylish floor and arc lamp in one (2 in 1) just by changing one component! Charging via integrated solar panel and thus saving energy! In addition, the battery can be charged via charger. %%% The product offered here is as good as new, (display item), may have slightly damaged packaging. Technically, it is flawless.<\/p>\n","protected":false},"featured_media":12163,"template":"","meta":{"_acf_changed":false},"product_brand":[],"product_cat":[813],"product_tag":[],"class_list":{"0":"post-20256","1":"product","2":"type-product","3":"status-publish","4":"has-post-thumbnail","6":"product_cat-sale-luminaires","8":"first","9":"instock","10":"sale","11":"taxable","12":"shipping-taxable","13":"purchasable","14":"product-type-simple"},"acf":[],"yoast_head":"<!-- This site is optimized with the Yoast SEO plugin v26.8 - https:\/\/yoast.com\/product\/yoast-seo-wordpress\/ -->\n<title>&#039;ISA-BELLE&#039; Solar Floor &amp; Arc Light (%Exhibit) - Moree.de<\/title>\n<meta name=\"description\" content=\"ISA-BELLE, outdoor arched luminaire that can be converted into a floor lamp, suitable for small balconies as well as for large terraces, dual charging thanks to solar and USB\" \/>\n<meta name=\"robots\" content=\"index, follow, max-snippet:-1, max-image-preview:large, max-video-preview:-1\" \/>\n<link rel=\"canonical\" href=\"https:\/\/www.moree.de\/en\/product\/isa-belle-solar-floor-arc-light-exhibit\/\" \/>\n<meta property=\"og:locale\" content=\"en_US\" \/>\n<meta property=\"og:type\" content=\"article\" \/>\n<meta property=\"og:title\" content=\"&#039;ISA-BELLE&#039; Solar Floor &amp; Arc Light (%Exhibit) - Moree.de\" \/>\n<meta property=\"og:description\" content=\"ISA-BELLE, outdoor arched luminaire that can be converted into a floor lamp, suitable for small balconies as well as for large terraces, dual charging thanks to solar and USB\" \/>\n<meta property=\"og:url\" content=\"https:\/\/www.moree.de\/en\/product\/isa-belle-solar-floor-arc-light-exhibit\/\" \/>\n<meta property=\"og:site_name\" content=\"Moree.de\" \/>\n<meta property=\"article:modified_time\" content=\"2025-10-29T12:31:29+00:00\" \/>\n<meta property=\"og:image\" content=\"https:\/\/www.moree.de\/wp-content\/uploads\/2022\/06\/44-01-01-Isa-Belle-Bogenleuchte-Stehleuchte-Outdoor-2in1.jpg\" \/>\n\t<meta property=\"og:image:width\" content=\"1200\" \/>\n\t<meta property=\"og:image:height\" content=\"1200\" \/>\n\t<meta property=\"og:image:type\" content=\"image\/jpeg\" \/>\n<meta name=\"twitter:card\" content=\"summary_large_image\" \/>\n<meta name=\"twitter:label1\" content=\"Est. reading time\" \/>\n\t<meta name=\"twitter:data1\" content=\"3 minutes\" \/>\n<script type=\"application\/ld+json\" class=\"yoast-schema-graph\">{\"@context\":\"https:\/\/schema.org\",\"@graph\":[{\"@type\":\"WebPage\",\"@id\":\"https:\/\/www.moree.de\/en\/product\/isa-belle-solar-floor-arc-light-exhibit\/\",\"url\":\"https:\/\/www.moree.de\/en\/product\/isa-belle-solar-floor-arc-light-exhibit\/\",\"name\":\"'ISA-BELLE' Solar Floor & Arc Light (%Exhibit) - Moree.de\",\"isPartOf\":{\"@id\":\"https:\/\/www.moree.de\/en\/#website\"},\"primaryImageOfPage\":{\"@id\":\"https:\/\/www.moree.de\/en\/product\/isa-belle-solar-floor-arc-light-exhibit\/#primaryimage\"},\"image\":{\"@id\":\"https:\/\/www.moree.de\/en\/product\/isa-belle-solar-floor-arc-light-exhibit\/#primaryimage\"},\"thumbnailUrl\":\"https:\/\/www.moree.de\/wp-content\/uploads\/2022\/06\/44-01-01-Isa-Belle-Bogenleuchte-Stehleuchte-Outdoor-2in1.jpg\",\"datePublished\":\"2023-09-11T07:28:02+00:00\",\"dateModified\":\"2025-10-29T12:31:29+00:00\",\"description\":\"ISA-BELLE, outdoor arched luminaire that can be converted into a floor lamp, suitable for small balconies as well as for large terraces, dual charging thanks to solar and USB\",\"breadcrumb\":{\"@id\":\"https:\/\/www.moree.de\/en\/product\/isa-belle-solar-floor-arc-light-exhibit\/#breadcrumb\"},\"inLanguage\":\"en-US\",\"potentialAction\":[{\"@type\":\"ReadAction\",\"target\":[\"https:\/\/www.moree.de\/en\/product\/isa-belle-solar-floor-arc-light-exhibit\/\"]}]},{\"@type\":\"ImageObject\",\"inLanguage\":\"en-US\",\"@id\":\"https:\/\/www.moree.de\/en\/product\/isa-belle-solar-floor-arc-light-exhibit\/#primaryimage\",\"url\":\"https:\/\/www.moree.de\/wp-content\/uploads\/2022\/06\/44-01-01-Isa-Belle-Bogenleuchte-Stehleuchte-Outdoor-2in1.jpg\",\"contentUrl\":\"https:\/\/www.moree.de\/wp-content\/uploads\/2022\/06\/44-01-01-Isa-Belle-Bogenleuchte-Stehleuchte-Outdoor-2in1.jpg\",\"width\":1200,\"height\":1200,\"caption\":\"Solar Floor Lamp, Outdoor Arc Light\"},{\"@type\":\"BreadcrumbList\",\"@id\":\"https:\/\/www.moree.de\/en\/product\/isa-belle-solar-floor-arc-light-exhibit\/#breadcrumb\",\"itemListElement\":[{\"@type\":\"ListItem\",\"position\":1,\"name\":\"Home\",\"item\":\"https:\/\/www.moree.de\/en\/\"},{\"@type\":\"ListItem\",\"position\":2,\"name\":\"Shop\",\"item\":\"https:\/\/www.moree.de\/en\/shop\/\"},{\"@type\":\"ListItem\",\"position\":3,\"name\":\"&#8218;ISA-BELLE&#8216; Solar Floor &#038; Arc Light (%Exhibit)\"}]},{\"@type\":\"WebSite\",\"@id\":\"https:\/\/www.moree.de\/en\/#website\",\"url\":\"https:\/\/www.moree.de\/en\/\",\"name\":\"Moree.de\",\"description\":\"Gastronomie M\u00f6bel, Lounge M\u00f6bel, Barhocker und LED M\u00f6bel\",\"publisher\":{\"@id\":\"https:\/\/www.moree.de\/en\/#organization\"},\"potentialAction\":[{\"@type\":\"SearchAction\",\"target\":{\"@type\":\"EntryPoint\",\"urlTemplate\":\"https:\/\/www.moree.de\/en\/?s={search_term_string}\"},\"query-input\":{\"@type\":\"PropertyValueSpecification\",\"valueRequired\":true,\"valueName\":\"search_term_string\"}}],\"inLanguage\":\"en-US\"},{\"@type\":\"Organization\",\"@id\":\"https:\/\/www.moree.de\/en\/#organization\",\"name\":\"Moree.de\",\"url\":\"https:\/\/www.moree.de\/en\/\",\"logo\":{\"@type\":\"ImageObject\",\"inLanguage\":\"en-US\",\"@id\":\"https:\/\/www.moree.de\/en\/#\/schema\/logo\/image\/\",\"url\":\"https:\/\/www.moree.de\/wp-content\/uploads\/2021\/05\/moree-logo.svg\",\"contentUrl\":\"https:\/\/www.moree.de\/wp-content\/uploads\/2021\/05\/moree-logo.svg\",\"width\":349,\"height\":62,\"caption\":\"Moree.de\"},\"image\":{\"@id\":\"https:\/\/www.moree.de\/en\/#\/schema\/logo\/image\/\"}}]}<\/script>\n<!-- \/ Yoast SEO plugin. -->","yoast_head_json":{"title":"'ISA-BELLE' Solar Floor & Arc Light (%Exhibit) - Moree.de","description":"ISA-BELLE, outdoor arched luminaire that can be converted into a floor lamp, suitable for small balconies as well as for large terraces, dual charging thanks to solar and USB","robots":{"index":"index","follow":"follow","max-snippet":"max-snippet:-1","max-image-preview":"max-image-preview:large","max-video-preview":"max-video-preview:-1"},"canonical":"https:\/\/www.moree.de\/en\/product\/isa-belle-solar-floor-arc-light-exhibit\/","og_locale":"en_US","og_type":"article","og_title":"'ISA-BELLE' Solar Floor & Arc Light (%Exhibit) - Moree.de","og_description":"ISA-BELLE, outdoor arched luminaire that can be converted into a floor lamp, suitable for small balconies as well as for large terraces, dual charging thanks to solar and USB","og_url":"https:\/\/www.moree.de\/en\/product\/isa-belle-solar-floor-arc-light-exhibit\/","og_site_name":"Moree.de","article_modified_time":"2025-10-29T12:31:29+00:00","og_image":[{"width":1200,"height":1200,"url":"https:\/\/www.moree.de\/wp-content\/uploads\/2022\/06\/44-01-01-Isa-Belle-Bogenleuchte-Stehleuchte-Outdoor-2in1.jpg","type":"image\/jpeg"}],"twitter_card":"summary_large_image","twitter_misc":{"Est. reading time":"3 minutes"},"schema":{"@context":"https:\/\/schema.org","@graph":[{"@type":"WebPage","@id":"https:\/\/www.moree.de\/en\/product\/isa-belle-solar-floor-arc-light-exhibit\/","url":"https:\/\/www.moree.de\/en\/product\/isa-belle-solar-floor-arc-light-exhibit\/","name":"'ISA-BELLE' Solar Floor & Arc Light (%Exhibit) - Moree.de","isPartOf":{"@id":"https:\/\/www.moree.de\/en\/#website"},"primaryImageOfPage":{"@id":"https:\/\/www.moree.de\/en\/product\/isa-belle-solar-floor-arc-light-exhibit\/#primaryimage"},"image":{"@id":"https:\/\/www.moree.de\/en\/product\/isa-belle-solar-floor-arc-light-exhibit\/#primaryimage"},"thumbnailUrl":"https:\/\/www.moree.de\/wp-content\/uploads\/2022\/06\/44-01-01-Isa-Belle-Bogenleuchte-Stehleuchte-Outdoor-2in1.jpg","datePublished":"2023-09-11T07:28:02+00:00","dateModified":"2025-10-29T12:31:29+00:00","description":"ISA-BELLE, outdoor arched luminaire that can be converted into a floor lamp, suitable for small balconies as well as for large terraces, dual charging thanks to solar and USB","breadcrumb":{"@id":"https:\/\/www.moree.de\/en\/product\/isa-belle-solar-floor-arc-light-exhibit\/#breadcrumb"},"inLanguage":"en-US","potentialAction":[{"@type":"ReadAction","target":["https:\/\/www.moree.de\/en\/product\/isa-belle-solar-floor-arc-light-exhibit\/"]}]},{"@type":"ImageObject","inLanguage":"en-US","@id":"https:\/\/www.moree.de\/en\/product\/isa-belle-solar-floor-arc-light-exhibit\/#primaryimage","url":"https:\/\/www.moree.de\/wp-content\/uploads\/2022\/06\/44-01-01-Isa-Belle-Bogenleuchte-Stehleuchte-Outdoor-2in1.jpg","contentUrl":"https:\/\/www.moree.de\/wp-content\/uploads\/2022\/06\/44-01-01-Isa-Belle-Bogenleuchte-Stehleuchte-Outdoor-2in1.jpg","width":1200,"height":1200,"caption":"Solar Floor Lamp, Outdoor Arc Light"},{"@type":"BreadcrumbList","@id":"https:\/\/www.moree.de\/en\/product\/isa-belle-solar-floor-arc-light-exhibit\/#breadcrumb","itemListElement":[{"@type":"ListItem","position":1,"name":"Home","item":"https:\/\/www.moree.de\/en\/"},{"@type":"ListItem","position":2,"name":"Shop","item":"https:\/\/www.moree.de\/en\/shop\/"},{"@type":"ListItem","position":3,"name":"&#8218;ISA-BELLE&#8216; Solar Floor &#038; Arc Light (%Exhibit)"}]},{"@type":"WebSite","@id":"https:\/\/www.moree.de\/en\/#website","url":"https:\/\/www.moree.de\/en\/","name":"Moree.de","description":"Gastronomie M\u00f6bel, Lounge M\u00f6bel, Barhocker und LED M\u00f6bel","publisher":{"@id":"https:\/\/www.moree.de\/en\/#organization"},"potentialAction":[{"@type":"SearchAction","target":{"@type":"EntryPoint","urlTemplate":"https:\/\/www.moree.de\/en\/?s={search_term_string}"},"query-input":{"@type":"PropertyValueSpecification","valueRequired":true,"valueName":"search_term_string"}}],"inLanguage":"en-US"},{"@type":"Organization","@id":"https:\/\/www.moree.de\/en\/#organization","name":"Moree.de","url":"https:\/\/www.moree.de\/en\/","logo":{"@type":"ImageObject","inLanguage":"en-US","@id":"https:\/\/www.moree.de\/en\/#\/schema\/logo\/image\/","url":"https:\/\/www.moree.de\/wp-content\/uploads\/2021\/05\/moree-logo.svg","contentUrl":"https:\/\/www.moree.de\/wp-content\/uploads\/2021\/05\/moree-logo.svg","width":349,"height":62,"caption":"Moree.de"},"image":{"@id":"https:\/\/www.moree.de\/en\/#\/schema\/logo\/image\/"}}]}},"_links":{"self":[{"href":"https:\/\/www.moree.de\/en\/wp-json\/wp\/v2\/product\/20256","targetHints":{"allow":["GET"]}}],"collection":[{"href":"https:\/\/www.moree.de\/en\/wp-json\/wp\/v2\/product"}],"about":[{"href":"https:\/\/www.moree.de\/en\/wp-json\/wp\/v2\/types\/product"}],"wp:featuredmedia":[{"embeddable":true,"href":"https:\/\/www.moree.de\/en\/wp-json\/wp\/v2\/media\/12163"}],"wp:attachment":[{"href":"https:\/\/www.moree.de\/en\/wp-json\/wp\/v2\/media?parent=20256"}],"wp:term":[{"taxonomy":"product_brand","embeddable":true,"href":"https:\/\/www.moree.de\/en\/wp-json\/wp\/v2\/product_brand?post=20256"},{"taxonomy":"product_cat","embeddable":true,"href":"https:\/\/www.moree.de\/en\/wp-json\/wp\/v2\/product_cat?post=20256"},{"taxonomy":"product_tag","embeddable":true,"href":"https:\/\/www.moree.de\/en\/wp-json\/wp\/v2\/product_tag?post=20256"}],"curies":[{"name":"wp","href":"https:\/\/api.w.org\/{rel}","templated":true}]}}