{"id":21808,"date":"2024-05-08T11:47:42","date_gmt":"2024-05-08T09:47:43","guid":{"rendered":"https:\/\/www.moree.de\/?post_type=product&#038;p=21808"},"modified":"2025-10-29T13:31:08","modified_gmt":"2025-10-29T12:31:08","slug":"air-parasols","status":"publish","type":"product","link":"https:\/\/www.moree.de\/en\/product\/air-parasols\/","title":{"rendered":"Air Parasols"},"content":{"rendered":"<p><strong>Outdoor Counter System \u2018AIR\u2019<\/strong><br \/>\nThe modular system &#8216;AIR&#8217; includes counter, buffet, bar stools and parasol, which can be combined with each other. Bar and buffet elements are available in different colours and surfaces. In addition to anthracite and white, the outdoor bar and buffet are also available with a front in anthracite and weather-resistant polywood. These two basic elements are complemented by a parasol and bar stools. All elements of the system can be purchased separately and combined.<\/p>\n<p><strong>&#8216;AIR&#8217; parasol &#8211; Materials<\/strong><br \/>\nThe &#8216;AIR&#8217; parasol is available in 2 versions, with a silver-coloured aluminium frame and an aluminium-wood look frame. Aluminium has a long service life and very good corrosion resistance, is lightfast, weatherproof and can withstand frost, sun, rain and UV radiation. <a href=\"https:\/\/www.moree.de\/wp-content\/uploads\/2024\/05\/240502-Air-Outdoor-Sonnenschirme-EN.pdf\"><em><strong>You can find parasols in other sizes here.<\/strong><\/em><\/a><\/p>\n<p><strong>Sun Protection<\/strong><br \/>\nThe parasols are suitable for the &#8216;AIR&#8217; counter and buffet module and can be used in its integrated parasol holder. A parasol is a must for staff at events in particular, but a covered and shaded outdoor counter is also useful on the terrace at home.<\/p>\n<p><strong>Application<\/strong><br \/>\nThe application possibilities of the modular system &#8216;AIR&#8217; are manifold. They range from the use as a garden kitchen for the private terrace to a mobile counter for the summer restaurant terrace.<\/p>\n<p>You can find more complementary elements from this series\u00a0<a href=\"https:\/\/www.moree.de\/en\/shop\/lounge-furniture\/outdoor-bar\/\"><em><strong>here<\/strong><\/em><\/a>.<\/p>\n","protected":false},"excerpt":{"rendered":"<p>Air parasol in various designs. Other sizes are available on request.<\/p>\n","protected":false},"featured_media":21822,"template":"","meta":{"_acf_changed":false},"product_brand":[],"product_cat":[299,675],"product_tag":[],"class_list":{"0":"post-21808","1":"product","2":"type-product","3":"status-publish","4":"has-post-thumbnail","6":"product_cat-lounge-furniture","7":"product_cat-outdoor-bar","9":"first","10":"instock","11":"taxable","12":"shipping-taxable","13":"purchasable","14":"product-type-variable"},"acf":[],"yoast_head":"<!-- This site is optimized with the Yoast SEO plugin v26.8 - https:\/\/yoast.com\/product\/yoast-seo-wordpress\/ -->\n<title>Parasol in white and anthracite<\/title>\n<meta name=\"robots\" content=\"index, follow, max-snippet:-1, max-image-preview:large, max-video-preview:-1\" \/>\n<link rel=\"canonical\" href=\"https:\/\/www.moree.de\/en\/product\/air-parasols\/\" \/>\n<meta property=\"og:locale\" content=\"en_US\" \/>\n<meta property=\"og:type\" content=\"article\" \/>\n<meta property=\"og:title\" content=\"Parasol in white and anthracite\" \/>\n<meta property=\"og:description\" content=\"Air parasol in various designs. Other sizes are available on request.\" \/>\n<meta property=\"og:url\" content=\"https:\/\/www.moree.de\/en\/product\/air-parasols\/\" \/>\n<meta property=\"og:site_name\" content=\"Moree.de\" \/>\n<meta property=\"article:modified_time\" content=\"2025-10-29T12:31:08+00:00\" \/>\n<meta property=\"og:image\" content=\"https:\/\/www.moree.de\/wp-content\/uploads\/2024\/05\/Air-Outdoor-Schirme-NaturAnthrazit.jpg\" \/>\n\t<meta property=\"og:image:width\" content=\"900\" \/>\n\t<meta property=\"og:image:height\" content=\"900\" \/>\n\t<meta property=\"og:image:type\" content=\"image\/jpeg\" \/>\n<meta name=\"twitter:card\" content=\"summary_large_image\" \/>\n<meta name=\"twitter:label1\" content=\"Est. reading time\" \/>\n\t<meta name=\"twitter:data1\" content=\"2 minutes\" \/>\n<script type=\"application\/ld+json\" class=\"yoast-schema-graph\">{\"@context\":\"https:\/\/schema.org\",\"@graph\":[{\"@type\":\"WebPage\",\"@id\":\"https:\/\/www.moree.de\/en\/product\/air-parasols\/\",\"url\":\"https:\/\/www.moree.de\/en\/product\/air-parasols\/\",\"name\":\"Parasol in white and anthracite\",\"isPartOf\":{\"@id\":\"https:\/\/www.moree.de\/en\/#website\"},\"primaryImageOfPage\":{\"@id\":\"https:\/\/www.moree.de\/en\/product\/air-parasols\/#primaryimage\"},\"image\":{\"@id\":\"https:\/\/www.moree.de\/en\/product\/air-parasols\/#primaryimage\"},\"thumbnailUrl\":\"https:\/\/www.moree.de\/wp-content\/uploads\/2024\/05\/Air-Outdoor-Schirme-NaturAnthrazit.jpg\",\"datePublished\":\"2024-05-08T09:47:43+00:00\",\"dateModified\":\"2025-10-29T12:31:08+00:00\",\"breadcrumb\":{\"@id\":\"https:\/\/www.moree.de\/en\/product\/air-parasols\/#breadcrumb\"},\"inLanguage\":\"en-US\",\"potentialAction\":[{\"@type\":\"ReadAction\",\"target\":[\"https:\/\/www.moree.de\/en\/product\/air-parasols\/\"]}]},{\"@type\":\"ImageObject\",\"inLanguage\":\"en-US\",\"@id\":\"https:\/\/www.moree.de\/en\/product\/air-parasols\/#primaryimage\",\"url\":\"https:\/\/www.moree.de\/wp-content\/uploads\/2024\/05\/Air-Outdoor-Schirme-NaturAnthrazit.jpg\",\"contentUrl\":\"https:\/\/www.moree.de\/wp-content\/uploads\/2024\/05\/Air-Outdoor-Schirme-NaturAnthrazit.jpg\",\"width\":900,\"height\":900},{\"@type\":\"BreadcrumbList\",\"@id\":\"https:\/\/www.moree.de\/en\/product\/air-parasols\/#breadcrumb\",\"itemListElement\":[{\"@type\":\"ListItem\",\"position\":1,\"name\":\"Home\",\"item\":\"https:\/\/www.moree.de\/en\/\"},{\"@type\":\"ListItem\",\"position\":2,\"name\":\"Shop\",\"item\":\"https:\/\/www.moree.de\/en\/shop\/\"},{\"@type\":\"ListItem\",\"position\":3,\"name\":\"Air Parasols\"}]},{\"@type\":\"WebSite\",\"@id\":\"https:\/\/www.moree.de\/en\/#website\",\"url\":\"https:\/\/www.moree.de\/en\/\",\"name\":\"Moree.de\",\"description\":\"Gastronomie M\u00f6bel, Lounge M\u00f6bel, Barhocker und LED M\u00f6bel\",\"publisher\":{\"@id\":\"https:\/\/www.moree.de\/en\/#organization\"},\"potentialAction\":[{\"@type\":\"SearchAction\",\"target\":{\"@type\":\"EntryPoint\",\"urlTemplate\":\"https:\/\/www.moree.de\/en\/?s={search_term_string}\"},\"query-input\":{\"@type\":\"PropertyValueSpecification\",\"valueRequired\":true,\"valueName\":\"search_term_string\"}}],\"inLanguage\":\"en-US\"},{\"@type\":\"Organization\",\"@id\":\"https:\/\/www.moree.de\/en\/#organization\",\"name\":\"Moree.de\",\"url\":\"https:\/\/www.moree.de\/en\/\",\"logo\":{\"@type\":\"ImageObject\",\"inLanguage\":\"en-US\",\"@id\":\"https:\/\/www.moree.de\/en\/#\/schema\/logo\/image\/\",\"url\":\"https:\/\/www.moree.de\/wp-content\/uploads\/2021\/05\/moree-logo.svg\",\"contentUrl\":\"https:\/\/www.moree.de\/wp-content\/uploads\/2021\/05\/moree-logo.svg\",\"width\":349,\"height\":62,\"caption\":\"Moree.de\"},\"image\":{\"@id\":\"https:\/\/www.moree.de\/en\/#\/schema\/logo\/image\/\"}}]}<\/script>\n<!-- \/ Yoast SEO plugin. -->","yoast_head_json":{"title":"Parasol in white and anthracite","robots":{"index":"index","follow":"follow","max-snippet":"max-snippet:-1","max-image-preview":"max-image-preview:large","max-video-preview":"max-video-preview:-1"},"canonical":"https:\/\/www.moree.de\/en\/product\/air-parasols\/","og_locale":"en_US","og_type":"article","og_title":"Parasol in white and anthracite","og_description":"Air parasol in various designs. Other sizes are available on request.","og_url":"https:\/\/www.moree.de\/en\/product\/air-parasols\/","og_site_name":"Moree.de","article_modified_time":"2025-10-29T12:31:08+00:00","og_image":[{"width":900,"height":900,"url":"https:\/\/www.moree.de\/wp-content\/uploads\/2024\/05\/Air-Outdoor-Schirme-NaturAnthrazit.jpg","type":"image\/jpeg"}],"twitter_card":"summary_large_image","twitter_misc":{"Est. reading time":"2 minutes"},"schema":{"@context":"https:\/\/schema.org","@graph":[{"@type":"WebPage","@id":"https:\/\/www.moree.de\/en\/product\/air-parasols\/","url":"https:\/\/www.moree.de\/en\/product\/air-parasols\/","name":"Parasol in white and anthracite","isPartOf":{"@id":"https:\/\/www.moree.de\/en\/#website"},"primaryImageOfPage":{"@id":"https:\/\/www.moree.de\/en\/product\/air-parasols\/#primaryimage"},"image":{"@id":"https:\/\/www.moree.de\/en\/product\/air-parasols\/#primaryimage"},"thumbnailUrl":"https:\/\/www.moree.de\/wp-content\/uploads\/2024\/05\/Air-Outdoor-Schirme-NaturAnthrazit.jpg","datePublished":"2024-05-08T09:47:43+00:00","dateModified":"2025-10-29T12:31:08+00:00","breadcrumb":{"@id":"https:\/\/www.moree.de\/en\/product\/air-parasols\/#breadcrumb"},"inLanguage":"en-US","potentialAction":[{"@type":"ReadAction","target":["https:\/\/www.moree.de\/en\/product\/air-parasols\/"]}]},{"@type":"ImageObject","inLanguage":"en-US","@id":"https:\/\/www.moree.de\/en\/product\/air-parasols\/#primaryimage","url":"https:\/\/www.moree.de\/wp-content\/uploads\/2024\/05\/Air-Outdoor-Schirme-NaturAnthrazit.jpg","contentUrl":"https:\/\/www.moree.de\/wp-content\/uploads\/2024\/05\/Air-Outdoor-Schirme-NaturAnthrazit.jpg","width":900,"height":900},{"@type":"BreadcrumbList","@id":"https:\/\/www.moree.de\/en\/product\/air-parasols\/#breadcrumb","itemListElement":[{"@type":"ListItem","position":1,"name":"Home","item":"https:\/\/www.moree.de\/en\/"},{"@type":"ListItem","position":2,"name":"Shop","item":"https:\/\/www.moree.de\/en\/shop\/"},{"@type":"ListItem","position":3,"name":"Air Parasols"}]},{"@type":"WebSite","@id":"https:\/\/www.moree.de\/en\/#website","url":"https:\/\/www.moree.de\/en\/","name":"Moree.de","description":"Gastronomie M\u00f6bel, Lounge M\u00f6bel, Barhocker und LED M\u00f6bel","publisher":{"@id":"https:\/\/www.moree.de\/en\/#organization"},"potentialAction":[{"@type":"SearchAction","target":{"@type":"EntryPoint","urlTemplate":"https:\/\/www.moree.de\/en\/?s={search_term_string}"},"query-input":{"@type":"PropertyValueSpecification","valueRequired":true,"valueName":"search_term_string"}}],"inLanguage":"en-US"},{"@type":"Organization","@id":"https:\/\/www.moree.de\/en\/#organization","name":"Moree.de","url":"https:\/\/www.moree.de\/en\/","logo":{"@type":"ImageObject","inLanguage":"en-US","@id":"https:\/\/www.moree.de\/en\/#\/schema\/logo\/image\/","url":"https:\/\/www.moree.de\/wp-content\/uploads\/2021\/05\/moree-logo.svg","contentUrl":"https:\/\/www.moree.de\/wp-content\/uploads\/2021\/05\/moree-logo.svg","width":349,"height":62,"caption":"Moree.de"},"image":{"@id":"https:\/\/www.moree.de\/en\/#\/schema\/logo\/image\/"}}]}},"_links":{"self":[{"href":"https:\/\/www.moree.de\/en\/wp-json\/wp\/v2\/product\/21808","targetHints":{"allow":["GET"]}}],"collection":[{"href":"https:\/\/www.moree.de\/en\/wp-json\/wp\/v2\/product"}],"about":[{"href":"https:\/\/www.moree.de\/en\/wp-json\/wp\/v2\/types\/product"}],"wp:featuredmedia":[{"embeddable":true,"href":"https:\/\/www.moree.de\/en\/wp-json\/wp\/v2\/media\/21822"}],"wp:attachment":[{"href":"https:\/\/www.moree.de\/en\/wp-json\/wp\/v2\/media?parent=21808"}],"wp:term":[{"taxonomy":"product_brand","embeddable":true,"href":"https:\/\/www.moree.de\/en\/wp-json\/wp\/v2\/product_brand?post=21808"},{"taxonomy":"product_cat","embeddable":true,"href":"https:\/\/www.moree.de\/en\/wp-json\/wp\/v2\/product_cat?post=21808"},{"taxonomy":"product_tag","embeddable":true,"href":"https:\/\/www.moree.de\/en\/wp-json\/wp\/v2\/product_tag?post=21808"}],"curies":[{"name":"wp","href":"https:\/\/api.w.org\/{rel}","templated":true}]}}