{"id":23221,"date":"2024-10-16T16:59:45","date_gmt":"2024-10-16T14:59:45","guid":{"rendered":"https:\/\/www.moree.de\/?post_type=product&#038;p=23221"},"modified":"2025-10-29T13:31:03","modified_gmt":"2025-10-29T12:31:03","slug":"bar-table-set-dave-white-height-adjustable-360-swivel","status":"publish","type":"product","link":"https:\/\/www.moree.de\/en\/product\/bar-table-set-dave-white-height-adjustable-360-swivel\/","title":{"rendered":"Bar Table Set DAVE White"},"content":{"rendered":"<p><strong>DAVE bar table set (Stools height-adjustable and 360\u00b0 rotatable)<\/strong><\/p>\n<p>The DAVE bar table set consists of the table ED and 2 height-adjustable DAVE bar stools. ED 105, the white bar table with square table top, matches the DAVE bar stools perfectly. The coordinated designs of the bar table set create a successful combination for an elegant interior, ideal for private and commercial spaces.<\/p>\n<p>The ED 105 bar table can either be combined with matching white bar stools with a light grey seat, as offered here, or with fabric seats in other colours.<a href=\"https:\/\/www.moree.de\/en\/bar-stool-dave-fabric-seat-colours\/\"><span style=\"color: #993300;\"><strong>\u2192 see 50 fabric seat colours here<\/strong><\/span><\/a>.<\/p>\n<p>Alternatively, you can find a further 66 artificial leather colour versions of the bar stool seat <strong><span style=\"color: #993300;\"><a style=\"color: #993300;\" href=\"https:\/\/www.moree.de\/en\/bar-stool-dave-artificial-leather-seat-colours\/\">\u2192 here.<\/a><\/span><\/strong><\/p>\n<p>The bar stools on offer are height-adjustable and can be swivelled 360 degrees.<\/p>\n<p>The table consists of a white HPL top (60 \u00d7 60 cm) with rounded corners and a white powder-coated steel frame. The high-quality HPL top is easy to clean and very scratch-resistant.<\/p>\n\n","protected":false},"excerpt":{"rendered":"<p>The set includes 2x bar stools DAVE with frame in white and fabric seat in light grey, height-adjustable &amp; 360\u00b0 swivel (42-03-01) and the matching high table ED 105 in white (18-05-105). Alternatively, it can also be combined and ordered with a seat in 50 other colours from the fabric collection. The fabric collection of the bar stool seat can be found <span style=\"color: #993300;\"><a style=\"color: #993300;\" href=\"https:\/\/www.moree.de\/en\/bar-stool-dave-fabric-seat-colours\/\"><strong>\u2192 here.<\/strong><\/a><\/span> We also offer the bar stool seat in artificial leather. The 66 imitation leather colour versions of the bar stool seat can be found <a href=\"https:\/\/www.moree.de\/en\/bar-stool-dave-artificial-leather-seat-colours\/\"><span style=\"color: #993300;\"><strong>\u2192 here.<\/strong><\/span><\/a><\/p>\n","protected":false},"featured_media":23255,"template":"","meta":{"_acf_changed":false},"product_brand":[],"product_cat":[810],"product_tag":[],"class_list":{"0":"post-23221","1":"product","2":"type-product","3":"status-publish","4":"has-post-thumbnail","6":"product_cat-bar-table-sets","8":"first","9":"instock","10":"taxable","11":"shipping-taxable","12":"purchasable","13":"product-type-simple"},"acf":[],"yoast_head":"<!-- This site is optimized with the Yoast SEO plugin v26.8 - https:\/\/yoast.com\/product\/yoast-seo-wordpress\/ -->\n<title>DAVE bar table set for kitchen and office<\/title>\n<meta name=\"description\" content=\"Bar table set DAVE with 2 static stools and a high table, perfect for kitchen, office, bar and hotel and also for the exhibition stand\" \/>\n<meta name=\"robots\" content=\"index, follow, max-snippet:-1, max-image-preview:large, max-video-preview:-1\" \/>\n<link rel=\"canonical\" href=\"https:\/\/www.moree.de\/en\/product\/bar-table-set-dave-white-height-adjustable-360-swivel\/\" \/>\n<meta property=\"og:locale\" content=\"en_US\" \/>\n<meta property=\"og:type\" content=\"article\" \/>\n<meta property=\"og:title\" content=\"DAVE bar table set for kitchen and office\" \/>\n<meta property=\"og:description\" content=\"Bar table set DAVE with 2 static stools and a high table, perfect for kitchen, office, bar and hotel and also for the exhibition stand\" \/>\n<meta property=\"og:url\" content=\"https:\/\/www.moree.de\/en\/product\/bar-table-set-dave-white-height-adjustable-360-swivel\/\" \/>\n<meta property=\"og:site_name\" content=\"Moree.de\" \/>\n<meta property=\"article:modified_time\" content=\"2025-10-29T12:31:03+00:00\" \/>\n<meta property=\"og:image\" content=\"https:\/\/www.moree.de\/wp-content\/uploads\/2024\/10\/Bartisch-Set-Dave-Stehtisch-ED-Weiss-2x-Barhocker-hoehenberstellbar-weiss-Sitzbezug-hellgrau.jpg\" \/>\n\t<meta property=\"og:image:width\" content=\"1200\" \/>\n\t<meta property=\"og:image:height\" content=\"1200\" \/>\n\t<meta property=\"og:image:type\" content=\"image\/jpeg\" \/>\n<meta name=\"twitter:card\" content=\"summary_large_image\" \/>\n<meta name=\"twitter:label1\" content=\"Est. reading time\" \/>\n\t<meta name=\"twitter:data1\" content=\"2 minutes\" \/>\n<script type=\"application\/ld+json\" class=\"yoast-schema-graph\">{\"@context\":\"https:\/\/schema.org\",\"@graph\":[{\"@type\":\"WebPage\",\"@id\":\"https:\/\/www.moree.de\/en\/product\/bar-table-set-dave-white-height-adjustable-360-swivel\/\",\"url\":\"https:\/\/www.moree.de\/en\/product\/bar-table-set-dave-white-height-adjustable-360-swivel\/\",\"name\":\"DAVE bar table set for kitchen and office\",\"isPartOf\":{\"@id\":\"https:\/\/www.moree.de\/en\/#website\"},\"primaryImageOfPage\":{\"@id\":\"https:\/\/www.moree.de\/en\/product\/bar-table-set-dave-white-height-adjustable-360-swivel\/#primaryimage\"},\"image\":{\"@id\":\"https:\/\/www.moree.de\/en\/product\/bar-table-set-dave-white-height-adjustable-360-swivel\/#primaryimage\"},\"thumbnailUrl\":\"https:\/\/www.moree.de\/wp-content\/uploads\/2024\/10\/Bartisch-Set-Dave-Stehtisch-ED-Weiss-2x-Barhocker-hoehenberstellbar-weiss-Sitzbezug-hellgrau.jpg\",\"datePublished\":\"2024-10-16T14:59:45+00:00\",\"dateModified\":\"2025-10-29T12:31:03+00:00\",\"description\":\"Bar table set DAVE with 2 static stools and a high table, perfect for kitchen, office, bar and hotel and also for the exhibition stand\",\"breadcrumb\":{\"@id\":\"https:\/\/www.moree.de\/en\/product\/bar-table-set-dave-white-height-adjustable-360-swivel\/#breadcrumb\"},\"inLanguage\":\"en-US\",\"potentialAction\":[{\"@type\":\"ReadAction\",\"target\":[\"https:\/\/www.moree.de\/en\/product\/bar-table-set-dave-white-height-adjustable-360-swivel\/\"]}]},{\"@type\":\"ImageObject\",\"inLanguage\":\"en-US\",\"@id\":\"https:\/\/www.moree.de\/en\/product\/bar-table-set-dave-white-height-adjustable-360-swivel\/#primaryimage\",\"url\":\"https:\/\/www.moree.de\/wp-content\/uploads\/2024\/10\/Bartisch-Set-Dave-Stehtisch-ED-Weiss-2x-Barhocker-hoehenberstellbar-weiss-Sitzbezug-hellgrau.jpg\",\"contentUrl\":\"https:\/\/www.moree.de\/wp-content\/uploads\/2024\/10\/Bartisch-Set-Dave-Stehtisch-ED-Weiss-2x-Barhocker-hoehenberstellbar-weiss-Sitzbezug-hellgrau.jpg\",\"width\":1200,\"height\":1200,\"caption\":\"stehtische kaufen, stehtisch k\u00fcche, k\u00fcchenbartisch, k\u00fcchenbartische, stehtisch wei\u00df, stehtische weiss, stehtisch mit hocker, stehtisch eckig, stehtisch design, k\u00fcche stehtisch, stehtisch mit st\u00fchlen, stehtisch gastro, stehtisch bar, stehtisch anthrazit, stehtisch modern, stehtisch ideen, stehtisch mit barhocker, stehtisch quadratisch, stehtisch messe, design stehtische, design stehtisch, stehtisch grau, bar stehtisch, hochtisch k\u00fcche wei\u00df, messe stehtisch,\"},{\"@type\":\"BreadcrumbList\",\"@id\":\"https:\/\/www.moree.de\/en\/product\/bar-table-set-dave-white-height-adjustable-360-swivel\/#breadcrumb\",\"itemListElement\":[{\"@type\":\"ListItem\",\"position\":1,\"name\":\"Home\",\"item\":\"https:\/\/www.moree.de\/en\/\"},{\"@type\":\"ListItem\",\"position\":2,\"name\":\"Shop\",\"item\":\"https:\/\/www.moree.de\/en\/shop\/\"},{\"@type\":\"ListItem\",\"position\":3,\"name\":\"Bar Table Set DAVE White\"}]},{\"@type\":\"WebSite\",\"@id\":\"https:\/\/www.moree.de\/en\/#website\",\"url\":\"https:\/\/www.moree.de\/en\/\",\"name\":\"Moree.de\",\"description\":\"Gastronomie M\u00f6bel, Lounge M\u00f6bel, Barhocker und LED M\u00f6bel\",\"publisher\":{\"@id\":\"https:\/\/www.moree.de\/en\/#organization\"},\"potentialAction\":[{\"@type\":\"SearchAction\",\"target\":{\"@type\":\"EntryPoint\",\"urlTemplate\":\"https:\/\/www.moree.de\/en\/?s={search_term_string}\"},\"query-input\":{\"@type\":\"PropertyValueSpecification\",\"valueRequired\":true,\"valueName\":\"search_term_string\"}}],\"inLanguage\":\"en-US\"},{\"@type\":\"Organization\",\"@id\":\"https:\/\/www.moree.de\/en\/#organization\",\"name\":\"Moree.de\",\"url\":\"https:\/\/www.moree.de\/en\/\",\"logo\":{\"@type\":\"ImageObject\",\"inLanguage\":\"en-US\",\"@id\":\"https:\/\/www.moree.de\/en\/#\/schema\/logo\/image\/\",\"url\":\"https:\/\/www.moree.de\/wp-content\/uploads\/2021\/05\/moree-logo.svg\",\"contentUrl\":\"https:\/\/www.moree.de\/wp-content\/uploads\/2021\/05\/moree-logo.svg\",\"width\":349,\"height\":62,\"caption\":\"Moree.de\"},\"image\":{\"@id\":\"https:\/\/www.moree.de\/en\/#\/schema\/logo\/image\/\"}}]}<\/script>\n<!-- \/ Yoast SEO plugin. -->","yoast_head_json":{"title":"DAVE bar table set for kitchen and office","description":"Bar table set DAVE with 2 static stools and a high table, perfect for kitchen, office, bar and hotel and also for the exhibition stand","robots":{"index":"index","follow":"follow","max-snippet":"max-snippet:-1","max-image-preview":"max-image-preview:large","max-video-preview":"max-video-preview:-1"},"canonical":"https:\/\/www.moree.de\/en\/product\/bar-table-set-dave-white-height-adjustable-360-swivel\/","og_locale":"en_US","og_type":"article","og_title":"DAVE bar table set for kitchen and office","og_description":"Bar table set DAVE with 2 static stools and a high table, perfect for kitchen, office, bar and hotel and also for the exhibition stand","og_url":"https:\/\/www.moree.de\/en\/product\/bar-table-set-dave-white-height-adjustable-360-swivel\/","og_site_name":"Moree.de","article_modified_time":"2025-10-29T12:31:03+00:00","og_image":[{"width":1200,"height":1200,"url":"https:\/\/www.moree.de\/wp-content\/uploads\/2024\/10\/Bartisch-Set-Dave-Stehtisch-ED-Weiss-2x-Barhocker-hoehenberstellbar-weiss-Sitzbezug-hellgrau.jpg","type":"image\/jpeg"}],"twitter_card":"summary_large_image","twitter_misc":{"Est. reading time":"2 minutes"},"schema":{"@context":"https:\/\/schema.org","@graph":[{"@type":"WebPage","@id":"https:\/\/www.moree.de\/en\/product\/bar-table-set-dave-white-height-adjustable-360-swivel\/","url":"https:\/\/www.moree.de\/en\/product\/bar-table-set-dave-white-height-adjustable-360-swivel\/","name":"DAVE bar table set for kitchen and office","isPartOf":{"@id":"https:\/\/www.moree.de\/en\/#website"},"primaryImageOfPage":{"@id":"https:\/\/www.moree.de\/en\/product\/bar-table-set-dave-white-height-adjustable-360-swivel\/#primaryimage"},"image":{"@id":"https:\/\/www.moree.de\/en\/product\/bar-table-set-dave-white-height-adjustable-360-swivel\/#primaryimage"},"thumbnailUrl":"https:\/\/www.moree.de\/wp-content\/uploads\/2024\/10\/Bartisch-Set-Dave-Stehtisch-ED-Weiss-2x-Barhocker-hoehenberstellbar-weiss-Sitzbezug-hellgrau.jpg","datePublished":"2024-10-16T14:59:45+00:00","dateModified":"2025-10-29T12:31:03+00:00","description":"Bar table set DAVE with 2 static stools and a high table, perfect for kitchen, office, bar and hotel and also for the exhibition stand","breadcrumb":{"@id":"https:\/\/www.moree.de\/en\/product\/bar-table-set-dave-white-height-adjustable-360-swivel\/#breadcrumb"},"inLanguage":"en-US","potentialAction":[{"@type":"ReadAction","target":["https:\/\/www.moree.de\/en\/product\/bar-table-set-dave-white-height-adjustable-360-swivel\/"]}]},{"@type":"ImageObject","inLanguage":"en-US","@id":"https:\/\/www.moree.de\/en\/product\/bar-table-set-dave-white-height-adjustable-360-swivel\/#primaryimage","url":"https:\/\/www.moree.de\/wp-content\/uploads\/2024\/10\/Bartisch-Set-Dave-Stehtisch-ED-Weiss-2x-Barhocker-hoehenberstellbar-weiss-Sitzbezug-hellgrau.jpg","contentUrl":"https:\/\/www.moree.de\/wp-content\/uploads\/2024\/10\/Bartisch-Set-Dave-Stehtisch-ED-Weiss-2x-Barhocker-hoehenberstellbar-weiss-Sitzbezug-hellgrau.jpg","width":1200,"height":1200,"caption":"stehtische kaufen, stehtisch k\u00fcche, k\u00fcchenbartisch, k\u00fcchenbartische, stehtisch wei\u00df, stehtische weiss, stehtisch mit hocker, stehtisch eckig, stehtisch design, k\u00fcche stehtisch, stehtisch mit st\u00fchlen, stehtisch gastro, stehtisch bar, stehtisch anthrazit, stehtisch modern, stehtisch ideen, stehtisch mit barhocker, stehtisch quadratisch, stehtisch messe, design stehtische, design stehtisch, stehtisch grau, bar stehtisch, hochtisch k\u00fcche wei\u00df, messe stehtisch,"},{"@type":"BreadcrumbList","@id":"https:\/\/www.moree.de\/en\/product\/bar-table-set-dave-white-height-adjustable-360-swivel\/#breadcrumb","itemListElement":[{"@type":"ListItem","position":1,"name":"Home","item":"https:\/\/www.moree.de\/en\/"},{"@type":"ListItem","position":2,"name":"Shop","item":"https:\/\/www.moree.de\/en\/shop\/"},{"@type":"ListItem","position":3,"name":"Bar Table Set DAVE White"}]},{"@type":"WebSite","@id":"https:\/\/www.moree.de\/en\/#website","url":"https:\/\/www.moree.de\/en\/","name":"Moree.de","description":"Gastronomie M\u00f6bel, Lounge M\u00f6bel, Barhocker und LED M\u00f6bel","publisher":{"@id":"https:\/\/www.moree.de\/en\/#organization"},"potentialAction":[{"@type":"SearchAction","target":{"@type":"EntryPoint","urlTemplate":"https:\/\/www.moree.de\/en\/?s={search_term_string}"},"query-input":{"@type":"PropertyValueSpecification","valueRequired":true,"valueName":"search_term_string"}}],"inLanguage":"en-US"},{"@type":"Organization","@id":"https:\/\/www.moree.de\/en\/#organization","name":"Moree.de","url":"https:\/\/www.moree.de\/en\/","logo":{"@type":"ImageObject","inLanguage":"en-US","@id":"https:\/\/www.moree.de\/en\/#\/schema\/logo\/image\/","url":"https:\/\/www.moree.de\/wp-content\/uploads\/2021\/05\/moree-logo.svg","contentUrl":"https:\/\/www.moree.de\/wp-content\/uploads\/2021\/05\/moree-logo.svg","width":349,"height":62,"caption":"Moree.de"},"image":{"@id":"https:\/\/www.moree.de\/en\/#\/schema\/logo\/image\/"}}]}},"_links":{"self":[{"href":"https:\/\/www.moree.de\/en\/wp-json\/wp\/v2\/product\/23221","targetHints":{"allow":["GET"]}}],"collection":[{"href":"https:\/\/www.moree.de\/en\/wp-json\/wp\/v2\/product"}],"about":[{"href":"https:\/\/www.moree.de\/en\/wp-json\/wp\/v2\/types\/product"}],"wp:featuredmedia":[{"embeddable":true,"href":"https:\/\/www.moree.de\/en\/wp-json\/wp\/v2\/media\/23255"}],"wp:attachment":[{"href":"https:\/\/www.moree.de\/en\/wp-json\/wp\/v2\/media?parent=23221"}],"wp:term":[{"taxonomy":"product_brand","embeddable":true,"href":"https:\/\/www.moree.de\/en\/wp-json\/wp\/v2\/product_brand?post=23221"},{"taxonomy":"product_cat","embeddable":true,"href":"https:\/\/www.moree.de\/en\/wp-json\/wp\/v2\/product_cat?post=23221"},{"taxonomy":"product_tag","embeddable":true,"href":"https:\/\/www.moree.de\/en\/wp-json\/wp\/v2\/product_tag?post=23221"}],"curies":[{"name":"wp","href":"https:\/\/api.w.org\/{rel}","templated":true}]}}