{"id":6895,"date":"2021-08-20T16:01:57","date_gmt":"2021-06-30T14:01:57","guid":{"rendered":"https:\/\/www.moree.de\/produkt\/lounge\/"},"modified":"2025-10-29T13:33:15","modified_gmt":"2025-10-29T12:33:15","slug":"living-room-table","status":"publish","type":"product","link":"https:\/\/www.moree.de\/en\/product\/living-room-table\/","title":{"rendered":"Lounge"},"content":{"rendered":"<p><strong>Lounge table &#8211; light and form in perfect harmony!<\/strong><\/p>\n<p>Whether in the living area or in the garden, as an outstanding meeting table or in the catering trade, the different versions of the Lounge offer unlimited possibilities.<br \/>\nThe use of coloured light sources (RGB CCT Multicolour with warm and cool white) controllable by remote control transform Lounge into an individual lighting object according to your ideas. The cable is invisibly stowed away and its length can be flexibly adjusted &#8211; a cordless rechargeable version is also available.<\/p>\n<p>Lounge is an elegant design table and when dusk falls, it lends a pleasant atmosphere not only to the terrace or garden.<\/p>\n","protected":false},"excerpt":{"rendered":"<p><strong>Lounge table &#8211; light and form in perfect harmony!<\/strong><\/p>\n<p>Whether in the living area or in the garden, as an outstanding meeting table or in the catering trade, the different versions of the Lounge offer unlimited possibilities.<br \/>\nThe use of coloured light sources (RGB CCT Multicolour with warm and cool white) controllable by remote control transform Lounge into an individual lighting object according to your ideas. The cable is invisibly stowed away and its length can be flexibly adjusted &#8211; a cordless rechargeable version is also available.<\/p>\n<p>Lounge is an elegant design table and at dusk it gives living rooms and terraces a pleasant atmosphere.<\/p>\n","protected":false},"featured_media":4835,"template":"","meta":{"_acf_changed":false},"product_brand":[],"product_cat":[297,285,296,295,284,300,301,299,283,298],"product_tag":[],"class_list":{"0":"post-6895","1":"product","2":"type-product","3":"status-publish","4":"has-post-thumbnail","6":"product_cat-battery-operated-lamps","7":"product_cat-coffee-table-with-led-lighting","8":"product_cat-coffee-table-led-light","9":"product_cat-design-furniture","10":"product_cat-led-tables","11":"product_cat-led-furniture","12":"product_cat-lounge-tables","13":"product_cat-lounge-furniture","14":"product_cat-led-coffee-table","15":"product_cat-modern-coffee-table","17":"first","18":"instock","19":"taxable","20":"shipping-taxable","21":"purchasable","22":"product-type-variable"},"acf":[],"yoast_head":"<!-- This site is optimized with the Yoast SEO plugin v26.8 - https:\/\/yoast.com\/product\/yoast-seo-wordpress\/ -->\n<title>Table for Lounge Indoor or Outdoor- Moree.de<\/title>\n<meta name=\"robots\" content=\"index, follow, max-snippet:-1, max-image-preview:large, max-video-preview:-1\" \/>\n<link rel=\"canonical\" href=\"https:\/\/www.moree.de\/en\/product\/living-room-table\/\" \/>\n<meta property=\"og:locale\" content=\"en_US\" \/>\n<meta property=\"og:type\" content=\"article\" \/>\n<meta property=\"og:title\" content=\"Table for Lounge Indoor or Outdoor- Moree.de\" \/>\n<meta property=\"og:description\" content=\"Lounge table - light and form in perfect harmony!  Whether in the living area or in the garden, as an outstanding meeting table or in the catering trade, the different versions of the Lounge offer unlimited possibilities. The use of coloured light sources (RGB CCT Multicolour with warm and cool white) controllable by remote control transform Lounge into an individual lighting object according to your ideas. The cable is invisibly stowed away and its length can be flexibly adjusted - a cordless rechargeable version is also available.  Lounge is an elegant design table and at dusk it gives living rooms and terraces a pleasant atmosphere.\" \/>\n<meta property=\"og:url\" content=\"https:\/\/www.moree.de\/en\/product\/living-room-table\/\" \/>\n<meta property=\"og:site_name\" content=\"Moree.de\" \/>\n<meta property=\"article:modified_time\" content=\"2025-10-29T12:33:15+00:00\" \/>\n<meta property=\"og:image\" content=\"https:\/\/www.moree.de\/wp-content\/uploads\/2021\/06\/Moree-Lounge-Indoor-Beistelltisch-Licht-kaufen-beleuchtet-runder-Tisch-Lichtobjekt-Zuhause.jpg\" \/>\n\t<meta property=\"og:image:width\" content=\"1200\" \/>\n\t<meta property=\"og:image:height\" content=\"850\" \/>\n\t<meta property=\"og:image:type\" content=\"image\/jpeg\" \/>\n<meta name=\"twitter:card\" content=\"summary_large_image\" \/>\n<meta name=\"twitter:label1\" content=\"Est. reading time\" \/>\n\t<meta name=\"twitter:data1\" content=\"7 minutes\" \/>\n<script type=\"application\/ld+json\" class=\"yoast-schema-graph\">{\"@context\":\"https:\/\/schema.org\",\"@graph\":[{\"@type\":\"WebPage\",\"@id\":\"https:\/\/www.moree.de\/en\/product\/living-room-table\/\",\"url\":\"https:\/\/www.moree.de\/en\/product\/living-room-table\/\",\"name\":\"Table for Lounge Indoor or Outdoor- Moree.de\",\"isPartOf\":{\"@id\":\"https:\/\/www.moree.de\/en\/#website\"},\"primaryImageOfPage\":{\"@id\":\"https:\/\/www.moree.de\/en\/product\/living-room-table\/#primaryimage\"},\"image\":{\"@id\":\"https:\/\/www.moree.de\/en\/product\/living-room-table\/#primaryimage\"},\"thumbnailUrl\":\"https:\/\/www.moree.de\/wp-content\/uploads\/2021\/06\/Moree-Lounge-Indoor-Beistelltisch-Licht-kaufen-beleuchtet-runder-Tisch-Lichtobjekt-Zuhause.jpg\",\"datePublished\":\"2021-06-30T14:01:57+00:00\",\"dateModified\":\"2025-10-29T12:33:15+00:00\",\"breadcrumb\":{\"@id\":\"https:\/\/www.moree.de\/en\/product\/living-room-table\/#breadcrumb\"},\"inLanguage\":\"en-US\",\"potentialAction\":[{\"@type\":\"ReadAction\",\"target\":[\"https:\/\/www.moree.de\/en\/product\/living-room-table\/\"]}]},{\"@type\":\"ImageObject\",\"inLanguage\":\"en-US\",\"@id\":\"https:\/\/www.moree.de\/en\/product\/living-room-table\/#primaryimage\",\"url\":\"https:\/\/www.moree.de\/wp-content\/uploads\/2021\/06\/Moree-Lounge-Indoor-Beistelltisch-Licht-kaufen-beleuchtet-runder-Tisch-Lichtobjekt-Zuhause.jpg\",\"contentUrl\":\"https:\/\/www.moree.de\/wp-content\/uploads\/2021\/06\/Moree-Lounge-Indoor-Beistelltisch-Licht-kaufen-beleuchtet-runder-Tisch-Lichtobjekt-Zuhause.jpg\",\"width\":1200,\"height\":850,\"caption\":\"Loungetisch\"},{\"@type\":\"BreadcrumbList\",\"@id\":\"https:\/\/www.moree.de\/en\/product\/living-room-table\/#breadcrumb\",\"itemListElement\":[{\"@type\":\"ListItem\",\"position\":1,\"name\":\"Home\",\"item\":\"https:\/\/www.moree.de\/en\/\"},{\"@type\":\"ListItem\",\"position\":2,\"name\":\"Shop\",\"item\":\"https:\/\/www.moree.de\/en\/shop\/\"},{\"@type\":\"ListItem\",\"position\":3,\"name\":\"Lounge\"}]},{\"@type\":\"WebSite\",\"@id\":\"https:\/\/www.moree.de\/en\/#website\",\"url\":\"https:\/\/www.moree.de\/en\/\",\"name\":\"Moree.de\",\"description\":\"Gastronomie M\u00f6bel, Lounge M\u00f6bel, Barhocker und LED M\u00f6bel\",\"publisher\":{\"@id\":\"https:\/\/www.moree.de\/en\/#organization\"},\"potentialAction\":[{\"@type\":\"SearchAction\",\"target\":{\"@type\":\"EntryPoint\",\"urlTemplate\":\"https:\/\/www.moree.de\/en\/?s={search_term_string}\"},\"query-input\":{\"@type\":\"PropertyValueSpecification\",\"valueRequired\":true,\"valueName\":\"search_term_string\"}}],\"inLanguage\":\"en-US\"},{\"@type\":\"Organization\",\"@id\":\"https:\/\/www.moree.de\/en\/#organization\",\"name\":\"Moree.de\",\"url\":\"https:\/\/www.moree.de\/en\/\",\"logo\":{\"@type\":\"ImageObject\",\"inLanguage\":\"en-US\",\"@id\":\"https:\/\/www.moree.de\/en\/#\/schema\/logo\/image\/\",\"url\":\"https:\/\/www.moree.de\/wp-content\/uploads\/2021\/05\/moree-logo.svg\",\"contentUrl\":\"https:\/\/www.moree.de\/wp-content\/uploads\/2021\/05\/moree-logo.svg\",\"width\":349,\"height\":62,\"caption\":\"Moree.de\"},\"image\":{\"@id\":\"https:\/\/www.moree.de\/en\/#\/schema\/logo\/image\/\"}}]}<\/script>\n<!-- \/ Yoast SEO plugin. -->","yoast_head_json":{"title":"Table for Lounge Indoor or Outdoor- Moree.de","robots":{"index":"index","follow":"follow","max-snippet":"max-snippet:-1","max-image-preview":"max-image-preview:large","max-video-preview":"max-video-preview:-1"},"canonical":"https:\/\/www.moree.de\/en\/product\/living-room-table\/","og_locale":"en_US","og_type":"article","og_title":"Table for Lounge Indoor or Outdoor- Moree.de","og_description":"Lounge table - light and form in perfect harmony!  Whether in the living area or in the garden, as an outstanding meeting table or in the catering trade, the different versions of the Lounge offer unlimited possibilities. The use of coloured light sources (RGB CCT Multicolour with warm and cool white) controllable by remote control transform Lounge into an individual lighting object according to your ideas. The cable is invisibly stowed away and its length can be flexibly adjusted - a cordless rechargeable version is also available.  Lounge is an elegant design table and at dusk it gives living rooms and terraces a pleasant atmosphere.","og_url":"https:\/\/www.moree.de\/en\/product\/living-room-table\/","og_site_name":"Moree.de","article_modified_time":"2025-10-29T12:33:15+00:00","og_image":[{"width":1200,"height":850,"url":"https:\/\/www.moree.de\/wp-content\/uploads\/2021\/06\/Moree-Lounge-Indoor-Beistelltisch-Licht-kaufen-beleuchtet-runder-Tisch-Lichtobjekt-Zuhause.jpg","type":"image\/jpeg"}],"twitter_card":"summary_large_image","twitter_misc":{"Est. reading time":"7 minutes"},"schema":{"@context":"https:\/\/schema.org","@graph":[{"@type":"WebPage","@id":"https:\/\/www.moree.de\/en\/product\/living-room-table\/","url":"https:\/\/www.moree.de\/en\/product\/living-room-table\/","name":"Table for Lounge Indoor or Outdoor- Moree.de","isPartOf":{"@id":"https:\/\/www.moree.de\/en\/#website"},"primaryImageOfPage":{"@id":"https:\/\/www.moree.de\/en\/product\/living-room-table\/#primaryimage"},"image":{"@id":"https:\/\/www.moree.de\/en\/product\/living-room-table\/#primaryimage"},"thumbnailUrl":"https:\/\/www.moree.de\/wp-content\/uploads\/2021\/06\/Moree-Lounge-Indoor-Beistelltisch-Licht-kaufen-beleuchtet-runder-Tisch-Lichtobjekt-Zuhause.jpg","datePublished":"2021-06-30T14:01:57+00:00","dateModified":"2025-10-29T12:33:15+00:00","breadcrumb":{"@id":"https:\/\/www.moree.de\/en\/product\/living-room-table\/#breadcrumb"},"inLanguage":"en-US","potentialAction":[{"@type":"ReadAction","target":["https:\/\/www.moree.de\/en\/product\/living-room-table\/"]}]},{"@type":"ImageObject","inLanguage":"en-US","@id":"https:\/\/www.moree.de\/en\/product\/living-room-table\/#primaryimage","url":"https:\/\/www.moree.de\/wp-content\/uploads\/2021\/06\/Moree-Lounge-Indoor-Beistelltisch-Licht-kaufen-beleuchtet-runder-Tisch-Lichtobjekt-Zuhause.jpg","contentUrl":"https:\/\/www.moree.de\/wp-content\/uploads\/2021\/06\/Moree-Lounge-Indoor-Beistelltisch-Licht-kaufen-beleuchtet-runder-Tisch-Lichtobjekt-Zuhause.jpg","width":1200,"height":850,"caption":"Loungetisch"},{"@type":"BreadcrumbList","@id":"https:\/\/www.moree.de\/en\/product\/living-room-table\/#breadcrumb","itemListElement":[{"@type":"ListItem","position":1,"name":"Home","item":"https:\/\/www.moree.de\/en\/"},{"@type":"ListItem","position":2,"name":"Shop","item":"https:\/\/www.moree.de\/en\/shop\/"},{"@type":"ListItem","position":3,"name":"Lounge"}]},{"@type":"WebSite","@id":"https:\/\/www.moree.de\/en\/#website","url":"https:\/\/www.moree.de\/en\/","name":"Moree.de","description":"Gastronomie M\u00f6bel, Lounge M\u00f6bel, Barhocker und LED M\u00f6bel","publisher":{"@id":"https:\/\/www.moree.de\/en\/#organization"},"potentialAction":[{"@type":"SearchAction","target":{"@type":"EntryPoint","urlTemplate":"https:\/\/www.moree.de\/en\/?s={search_term_string}"},"query-input":{"@type":"PropertyValueSpecification","valueRequired":true,"valueName":"search_term_string"}}],"inLanguage":"en-US"},{"@type":"Organization","@id":"https:\/\/www.moree.de\/en\/#organization","name":"Moree.de","url":"https:\/\/www.moree.de\/en\/","logo":{"@type":"ImageObject","inLanguage":"en-US","@id":"https:\/\/www.moree.de\/en\/#\/schema\/logo\/image\/","url":"https:\/\/www.moree.de\/wp-content\/uploads\/2021\/05\/moree-logo.svg","contentUrl":"https:\/\/www.moree.de\/wp-content\/uploads\/2021\/05\/moree-logo.svg","width":349,"height":62,"caption":"Moree.de"},"image":{"@id":"https:\/\/www.moree.de\/en\/#\/schema\/logo\/image\/"}}]}},"_links":{"self":[{"href":"https:\/\/www.moree.de\/en\/wp-json\/wp\/v2\/product\/6895","targetHints":{"allow":["GET"]}}],"collection":[{"href":"https:\/\/www.moree.de\/en\/wp-json\/wp\/v2\/product"}],"about":[{"href":"https:\/\/www.moree.de\/en\/wp-json\/wp\/v2\/types\/product"}],"wp:featuredmedia":[{"embeddable":true,"href":"https:\/\/www.moree.de\/en\/wp-json\/wp\/v2\/media\/4835"}],"wp:attachment":[{"href":"https:\/\/www.moree.de\/en\/wp-json\/wp\/v2\/media?parent=6895"}],"wp:term":[{"taxonomy":"product_brand","embeddable":true,"href":"https:\/\/www.moree.de\/en\/wp-json\/wp\/v2\/product_brand?post=6895"},{"taxonomy":"product_cat","embeddable":true,"href":"https:\/\/www.moree.de\/en\/wp-json\/wp\/v2\/product_cat?post=6895"},{"taxonomy":"product_tag","embeddable":true,"href":"https:\/\/www.moree.de\/en\/wp-json\/wp\/v2\/product_tag?post=6895"}],"curies":[{"name":"wp","href":"https:\/\/api.w.org\/{rel}","templated":true}]}}