{"id":6905,"date":"2017-07-13T09:58:23","date_gmt":"2021-07-13T07:58:23","guid":{"rendered":"https:\/\/www.moree.de\/produkt\/beach-52-grey\/"},"modified":"2025-10-29T13:34:51","modified_gmt":"2025-10-29T12:34:51","slug":"beach-52-grey","status":"publish","type":"product","link":"https:\/\/www.moree.de\/en\/product\/beach-52-grey\/","title":{"rendered":"Beach 52 Grey"},"content":{"rendered":"<p>As the name suggests, Beach is our new pallet table with a trendy used look that belongs on the beach, on the terrace and in every beach bar. A modern combination of wood and illumination that can resist any weather and any party. Equipped with RGB and rechargeable battery, it illuminates any environment and offers space for cocktails, finger food or refreshing drinks in the summertime. Whether beach bar or pool area: &#8220;Beach&#8221; is the perfect pallet table by day and night.<\/p>\n<p>Our latest table model is equipped with an easily exchangeable and rechargeable induction LED unit, as well as a rechargeable battery, which can be easily controlled using a remote control. The light unit has an integrated handle and magnetic lock, making it easy to replace. This allows for easy and convenient charging outside of the restaurant or before the meticulously planned garden party.<br \/>\nAs the latest feature, &#8220;Beach&#8221; includes an induction charging station. It also comes with a high-quality safety glass table top.<\/p>\n<p>The new outdoor furniture from Moree is available in two colour variants. In white and grey stained wood, &#8220;Beach&#8221; comes across as classic and modern &#8211; perfect for the summery seaside look.\u00a0 The stand-by table measures 52 x 52 x 42 and offers space for drinks and food.<\/p>\n<p>So if you are looking for the perfect summer companion for your private garden or for your outdoor terrace in the catering business, &#8220;Beach&#8221; makes a good figure in any environment, is easy to use and also throws a beautiful light on your balcony or veranda. Save the space for lights or candles on the tabletop and serve your guests a cool drink, Spanish tapas, Italian antipasti or whatever they want instead. Let &#8220;Beach&#8221; shine from below and enjoy the must-have of the summer season. Our conclusion: a palette table of the new generation!<\/p>\n","protected":false},"excerpt":{"rendered":"<p>Perfect ambience for terrace, garden and balcony, with outdoor, multicolour LED battery unit!<\/p>\n","protected":false},"featured_media":5327,"template":"","meta":{"_acf_changed":false},"product_brand":[],"product_cat":[297,285,295,284,300,301,299,283,298],"product_tag":[],"class_list":{"0":"post-6905","1":"product","2":"type-product","3":"status-publish","4":"has-post-thumbnail","6":"product_cat-battery-operated-lamps","7":"product_cat-coffee-table-with-led-lighting","8":"product_cat-design-furniture","9":"product_cat-led-tables","10":"product_cat-led-furniture","11":"product_cat-lounge-tables","12":"product_cat-lounge-furniture","13":"product_cat-led-coffee-table","14":"product_cat-modern-coffee-table","16":"first","17":"outofstock","18":"taxable","19":"shipping-taxable","20":"purchasable","21":"product-type-simple"},"acf":[],"yoast_head":"<!-- This site is optimized with the Yoast SEO plugin v26.8 - https:\/\/yoast.com\/product\/yoast-seo-wordpress\/ -->\n<title>Beach 52 Grey - Moree.de<\/title>\n<meta name=\"robots\" content=\"index, follow, max-snippet:-1, max-image-preview:large, max-video-preview:-1\" \/>\n<link rel=\"canonical\" href=\"https:\/\/www.moree.de\/en\/product\/beach-52-grey\/\" \/>\n<meta property=\"og:locale\" content=\"en_US\" \/>\n<meta property=\"og:type\" content=\"article\" \/>\n<meta property=\"og:title\" content=\"Beach 52 Grey - Moree.de\" \/>\n<meta property=\"og:description\" content=\"Perfect ambience for terrace, garden and balcony, with outdoor, multicolour LED battery unit!\" \/>\n<meta property=\"og:url\" content=\"https:\/\/www.moree.de\/en\/product\/beach-52-grey\/\" \/>\n<meta property=\"og:site_name\" content=\"Moree.de\" \/>\n<meta property=\"article:modified_time\" content=\"2025-10-29T12:34:51+00:00\" \/>\n<meta property=\"og:image\" content=\"https:\/\/www.moree.de\/wp-content\/uploads\/2021\/07\/Beach-52-shisha-tisch-outdoor-ambiente.jpg\" \/>\n\t<meta property=\"og:image:width\" content=\"1000\" \/>\n\t<meta property=\"og:image:height\" content=\"1000\" \/>\n\t<meta property=\"og:image:type\" content=\"image\/jpeg\" \/>\n<meta name=\"twitter:card\" content=\"summary_large_image\" \/>\n<meta name=\"twitter:label1\" content=\"Est. reading time\" \/>\n\t<meta name=\"twitter:data1\" content=\"2 minutes\" \/>\n<script type=\"application\/ld+json\" class=\"yoast-schema-graph\">{\"@context\":\"https:\/\/schema.org\",\"@graph\":[{\"@type\":\"WebPage\",\"@id\":\"https:\/\/www.moree.de\/en\/product\/beach-52-grey\/\",\"url\":\"https:\/\/www.moree.de\/en\/product\/beach-52-grey\/\",\"name\":\"Beach 52 Grey - Moree.de\",\"isPartOf\":{\"@id\":\"https:\/\/www.moree.de\/en\/#website\"},\"primaryImageOfPage\":{\"@id\":\"https:\/\/www.moree.de\/en\/product\/beach-52-grey\/#primaryimage\"},\"image\":{\"@id\":\"https:\/\/www.moree.de\/en\/product\/beach-52-grey\/#primaryimage\"},\"thumbnailUrl\":\"https:\/\/www.moree.de\/wp-content\/uploads\/2021\/07\/Beach-52-shisha-tisch-outdoor-ambiente.jpg\",\"datePublished\":\"2021-07-13T07:58:23+00:00\",\"dateModified\":\"2025-10-29T12:34:51+00:00\",\"breadcrumb\":{\"@id\":\"https:\/\/www.moree.de\/en\/product\/beach-52-grey\/#breadcrumb\"},\"inLanguage\":\"en-US\",\"potentialAction\":[{\"@type\":\"ReadAction\",\"target\":[\"https:\/\/www.moree.de\/en\/product\/beach-52-grey\/\"]}]},{\"@type\":\"ImageObject\",\"inLanguage\":\"en-US\",\"@id\":\"https:\/\/www.moree.de\/en\/product\/beach-52-grey\/#primaryimage\",\"url\":\"https:\/\/www.moree.de\/wp-content\/uploads\/2021\/07\/Beach-52-shisha-tisch-outdoor-ambiente.jpg\",\"contentUrl\":\"https:\/\/www.moree.de\/wp-content\/uploads\/2021\/07\/Beach-52-shisha-tisch-outdoor-ambiente.jpg\",\"width\":1000,\"height\":1000},{\"@type\":\"BreadcrumbList\",\"@id\":\"https:\/\/www.moree.de\/en\/product\/beach-52-grey\/#breadcrumb\",\"itemListElement\":[{\"@type\":\"ListItem\",\"position\":1,\"name\":\"Home\",\"item\":\"https:\/\/www.moree.de\/en\/\"},{\"@type\":\"ListItem\",\"position\":2,\"name\":\"Shop\",\"item\":\"https:\/\/www.moree.de\/en\/shop\/\"},{\"@type\":\"ListItem\",\"position\":3,\"name\":\"Beach 52 Grey\"}]},{\"@type\":\"WebSite\",\"@id\":\"https:\/\/www.moree.de\/en\/#website\",\"url\":\"https:\/\/www.moree.de\/en\/\",\"name\":\"Moree.de\",\"description\":\"Gastronomie M\u00f6bel, Lounge M\u00f6bel, Barhocker und LED M\u00f6bel\",\"publisher\":{\"@id\":\"https:\/\/www.moree.de\/en\/#organization\"},\"potentialAction\":[{\"@type\":\"SearchAction\",\"target\":{\"@type\":\"EntryPoint\",\"urlTemplate\":\"https:\/\/www.moree.de\/en\/?s={search_term_string}\"},\"query-input\":{\"@type\":\"PropertyValueSpecification\",\"valueRequired\":true,\"valueName\":\"search_term_string\"}}],\"inLanguage\":\"en-US\"},{\"@type\":\"Organization\",\"@id\":\"https:\/\/www.moree.de\/en\/#organization\",\"name\":\"Moree.de\",\"url\":\"https:\/\/www.moree.de\/en\/\",\"logo\":{\"@type\":\"ImageObject\",\"inLanguage\":\"en-US\",\"@id\":\"https:\/\/www.moree.de\/en\/#\/schema\/logo\/image\/\",\"url\":\"https:\/\/www.moree.de\/wp-content\/uploads\/2021\/05\/moree-logo.svg\",\"contentUrl\":\"https:\/\/www.moree.de\/wp-content\/uploads\/2021\/05\/moree-logo.svg\",\"width\":349,\"height\":62,\"caption\":\"Moree.de\"},\"image\":{\"@id\":\"https:\/\/www.moree.de\/en\/#\/schema\/logo\/image\/\"}}]}<\/script>\n<!-- \/ Yoast SEO plugin. -->","yoast_head_json":{"title":"Beach 52 Grey - Moree.de","robots":{"index":"index","follow":"follow","max-snippet":"max-snippet:-1","max-image-preview":"max-image-preview:large","max-video-preview":"max-video-preview:-1"},"canonical":"https:\/\/www.moree.de\/en\/product\/beach-52-grey\/","og_locale":"en_US","og_type":"article","og_title":"Beach 52 Grey - Moree.de","og_description":"Perfect ambience for terrace, garden and balcony, with outdoor, multicolour LED battery unit!","og_url":"https:\/\/www.moree.de\/en\/product\/beach-52-grey\/","og_site_name":"Moree.de","article_modified_time":"2025-10-29T12:34:51+00:00","og_image":[{"width":1000,"height":1000,"url":"https:\/\/www.moree.de\/wp-content\/uploads\/2021\/07\/Beach-52-shisha-tisch-outdoor-ambiente.jpg","type":"image\/jpeg"}],"twitter_card":"summary_large_image","twitter_misc":{"Est. reading time":"2 minutes"},"schema":{"@context":"https:\/\/schema.org","@graph":[{"@type":"WebPage","@id":"https:\/\/www.moree.de\/en\/product\/beach-52-grey\/","url":"https:\/\/www.moree.de\/en\/product\/beach-52-grey\/","name":"Beach 52 Grey - Moree.de","isPartOf":{"@id":"https:\/\/www.moree.de\/en\/#website"},"primaryImageOfPage":{"@id":"https:\/\/www.moree.de\/en\/product\/beach-52-grey\/#primaryimage"},"image":{"@id":"https:\/\/www.moree.de\/en\/product\/beach-52-grey\/#primaryimage"},"thumbnailUrl":"https:\/\/www.moree.de\/wp-content\/uploads\/2021\/07\/Beach-52-shisha-tisch-outdoor-ambiente.jpg","datePublished":"2021-07-13T07:58:23+00:00","dateModified":"2025-10-29T12:34:51+00:00","breadcrumb":{"@id":"https:\/\/www.moree.de\/en\/product\/beach-52-grey\/#breadcrumb"},"inLanguage":"en-US","potentialAction":[{"@type":"ReadAction","target":["https:\/\/www.moree.de\/en\/product\/beach-52-grey\/"]}]},{"@type":"ImageObject","inLanguage":"en-US","@id":"https:\/\/www.moree.de\/en\/product\/beach-52-grey\/#primaryimage","url":"https:\/\/www.moree.de\/wp-content\/uploads\/2021\/07\/Beach-52-shisha-tisch-outdoor-ambiente.jpg","contentUrl":"https:\/\/www.moree.de\/wp-content\/uploads\/2021\/07\/Beach-52-shisha-tisch-outdoor-ambiente.jpg","width":1000,"height":1000},{"@type":"BreadcrumbList","@id":"https:\/\/www.moree.de\/en\/product\/beach-52-grey\/#breadcrumb","itemListElement":[{"@type":"ListItem","position":1,"name":"Home","item":"https:\/\/www.moree.de\/en\/"},{"@type":"ListItem","position":2,"name":"Shop","item":"https:\/\/www.moree.de\/en\/shop\/"},{"@type":"ListItem","position":3,"name":"Beach 52 Grey"}]},{"@type":"WebSite","@id":"https:\/\/www.moree.de\/en\/#website","url":"https:\/\/www.moree.de\/en\/","name":"Moree.de","description":"Gastronomie M\u00f6bel, Lounge M\u00f6bel, Barhocker und LED M\u00f6bel","publisher":{"@id":"https:\/\/www.moree.de\/en\/#organization"},"potentialAction":[{"@type":"SearchAction","target":{"@type":"EntryPoint","urlTemplate":"https:\/\/www.moree.de\/en\/?s={search_term_string}"},"query-input":{"@type":"PropertyValueSpecification","valueRequired":true,"valueName":"search_term_string"}}],"inLanguage":"en-US"},{"@type":"Organization","@id":"https:\/\/www.moree.de\/en\/#organization","name":"Moree.de","url":"https:\/\/www.moree.de\/en\/","logo":{"@type":"ImageObject","inLanguage":"en-US","@id":"https:\/\/www.moree.de\/en\/#\/schema\/logo\/image\/","url":"https:\/\/www.moree.de\/wp-content\/uploads\/2021\/05\/moree-logo.svg","contentUrl":"https:\/\/www.moree.de\/wp-content\/uploads\/2021\/05\/moree-logo.svg","width":349,"height":62,"caption":"Moree.de"},"image":{"@id":"https:\/\/www.moree.de\/en\/#\/schema\/logo\/image\/"}}]}},"_links":{"self":[{"href":"https:\/\/www.moree.de\/en\/wp-json\/wp\/v2\/product\/6905","targetHints":{"allow":["GET"]}}],"collection":[{"href":"https:\/\/www.moree.de\/en\/wp-json\/wp\/v2\/product"}],"about":[{"href":"https:\/\/www.moree.de\/en\/wp-json\/wp\/v2\/types\/product"}],"wp:featuredmedia":[{"embeddable":true,"href":"https:\/\/www.moree.de\/en\/wp-json\/wp\/v2\/media\/5327"}],"wp:attachment":[{"href":"https:\/\/www.moree.de\/en\/wp-json\/wp\/v2\/media?parent=6905"}],"wp:term":[{"taxonomy":"product_brand","embeddable":true,"href":"https:\/\/www.moree.de\/en\/wp-json\/wp\/v2\/product_brand?post=6905"},{"taxonomy":"product_cat","embeddable":true,"href":"https:\/\/www.moree.de\/en\/wp-json\/wp\/v2\/product_cat?post=6905"},{"taxonomy":"product_tag","embeddable":true,"href":"https:\/\/www.moree.de\/en\/wp-json\/wp\/v2\/product_tag?post=6905"}],"curies":[{"name":"wp","href":"https:\/\/api.w.org\/{rel}","templated":true}]}}