{"id":7113,"date":"2021-06-15T14:14:46","date_gmt":"2021-06-15T12:14:46","guid":{"rendered":"https:\/\/www.moree.de\/produkt\/lounge-45\/"},"modified":"2025-10-29T13:34:48","modified_gmt":"2025-10-29T12:34:48","slug":"outdoor-coffee-table","status":"publish","type":"product","link":"https:\/\/www.moree.de\/en\/product\/outdoor-coffee-table\/","title":{"rendered":"Lounge 45"},"content":{"rendered":"<p>The Lounge illuminated tables (\u00d8 85 cm) from Moree are available in heights of 45 and 105 cm.<\/p>\n<p>The futuristic table top and the matt silver powder-coated frame together create a table that is both a source of light and an eye-catcher. Whether for private or catering use, the series offers a suitable place for every occasion.<\/p>\n<p>Lounge 45 is an ideal side table. With a height of 45 cm, it is the perfect height to be placed next to an armchair or sofa. This version offers a conveniently accessible storage area for cocktail glasses, magazines and much more, for example, while creating an appealing atmosphere with indirect lighting.<\/p>\n<p>Lounge 105: The high table version keeps every party lively. With a comfortable height of 105 cm, the design object invites you to a relaxed stand-up party.<\/p>\n<p>Each table in the Lounge series is available both as an indoor and a waterproof outdoor version, which is also available as a cordless rechargeable version. This means that the garden is also atmospherically illuminated \u2013 whatever the weather.<\/p>\n<p>Thanks to the innovative and extremely energy-saving multicolour LED technology, the entire colour spectrum including white can be generated. The intensity and colour of the lighting can be controlled by remote control.<\/p>\n<p>A glass table top is included in the scope of delivery. All versions are also available without a light source.<\/p>\n<p>All product variants can be found in our <a href=\"https:\/\/www.moree.de\/wp-content\/uploads\/2024\/09\/240905-Flyer-Lounge-45-Variants-DE-EN.pdf\"><strong><span style=\"color: #ff0000;\">product flyer, download here.<\/span><\/strong><\/a><\/p>\n\n","protected":false},"excerpt":{"rendered":"<p><strong>The Lounge illuminated tables (\u00d8 85 cm) from Moree are available in heights of 45 and 105 cm.<\/strong>\u00a0The products have a table top in a futuristic shape and the matt silver powder-coated frame create together a table that is both a source of light and an eye-catcher. Whether for private or catering use, the series offers a suitable place for every occasion.<\/p>\n","protected":false},"featured_media":22218,"template":"","meta":{"_acf_changed":false},"product_brand":[],"product_cat":[297,285,296,295,284,301,300,299,283,298],"product_tag":[],"class_list":{"0":"post-7113","1":"product","2":"type-product","3":"status-publish","4":"has-post-thumbnail","6":"product_cat-battery-operated-lamps","7":"product_cat-coffee-table-with-led-lighting","8":"product_cat-coffee-table-led-light","9":"product_cat-design-furniture","10":"product_cat-led-tables","11":"product_cat-lounge-tables","12":"product_cat-led-furniture","13":"product_cat-lounge-furniture","14":"product_cat-led-coffee-table","15":"product_cat-modern-coffee-table","17":"first","18":"instock","19":"taxable","20":"shipping-taxable","21":"purchasable","22":"product-type-variable"},"acf":[],"yoast_head":"<!-- This site is optimized with the Yoast SEO plugin v26.8 - https:\/\/yoast.com\/product\/yoast-seo-wordpress\/ -->\n<title>Lounge 45 - Moree.de<\/title>\n<meta name=\"robots\" content=\"index, follow, max-snippet:-1, max-image-preview:large, max-video-preview:-1\" \/>\n<link rel=\"canonical\" href=\"https:\/\/www.moree.de\/en\/product\/outdoor-coffee-table\/\" \/>\n<meta property=\"og:locale\" content=\"en_US\" \/>\n<meta property=\"og:type\" content=\"article\" \/>\n<meta property=\"og:title\" content=\"Lounge 45 - Moree.de\" \/>\n<meta property=\"og:description\" content=\"The Lounge illuminated tables (\u00d8 85 cm) from Moree are available in heights of 45 and 105 cm.\u00a0The products have a table top in a futuristic shape and the matt silver powder-coated frame create together a table that is both a source of light and an eye-catcher. Whether for private or catering use, the series offers a suitable place for every occasion.\" \/>\n<meta property=\"og:url\" content=\"https:\/\/www.moree.de\/en\/product\/outdoor-coffee-table\/\" \/>\n<meta property=\"og:site_name\" content=\"Moree.de\" \/>\n<meta property=\"article:modified_time\" content=\"2025-10-29T12:34:48+00:00\" \/>\n<meta property=\"og:image\" content=\"https:\/\/www.moree.de\/wp-content\/uploads\/2024\/08\/Moree-Lounge-45-Outdoor-Terrasse-Gartenmoebel-runder-LED-Gastrotisch-Event-Hotel-beleuchtet.jpg\" \/>\n\t<meta property=\"og:image:width\" content=\"1200\" \/>\n\t<meta property=\"og:image:height\" content=\"900\" \/>\n\t<meta property=\"og:image:type\" content=\"image\/jpeg\" \/>\n<meta name=\"twitter:card\" content=\"summary_large_image\" \/>\n<meta name=\"twitter:label1\" content=\"Est. reading time\" \/>\n\t<meta name=\"twitter:data1\" content=\"8 minutes\" \/>\n<script type=\"application\/ld+json\" class=\"yoast-schema-graph\">{\"@context\":\"https:\/\/schema.org\",\"@graph\":[{\"@type\":\"WebPage\",\"@id\":\"https:\/\/www.moree.de\/en\/product\/outdoor-coffee-table\/\",\"url\":\"https:\/\/www.moree.de\/en\/product\/outdoor-coffee-table\/\",\"name\":\"Lounge 45 - Moree.de\",\"isPartOf\":{\"@id\":\"https:\/\/www.moree.de\/en\/#website\"},\"primaryImageOfPage\":{\"@id\":\"https:\/\/www.moree.de\/en\/product\/outdoor-coffee-table\/#primaryimage\"},\"image\":{\"@id\":\"https:\/\/www.moree.de\/en\/product\/outdoor-coffee-table\/#primaryimage\"},\"thumbnailUrl\":\"https:\/\/www.moree.de\/wp-content\/uploads\/2024\/08\/Moree-Lounge-45-Outdoor-Terrasse-Gartenmoebel-runder-LED-Gastrotisch-Event-Hotel-beleuchtet.jpg\",\"datePublished\":\"2021-06-15T12:14:46+00:00\",\"dateModified\":\"2025-10-29T12:34:48+00:00\",\"breadcrumb\":{\"@id\":\"https:\/\/www.moree.de\/en\/product\/outdoor-coffee-table\/#breadcrumb\"},\"inLanguage\":\"en-US\",\"potentialAction\":[{\"@type\":\"ReadAction\",\"target\":[\"https:\/\/www.moree.de\/en\/product\/outdoor-coffee-table\/\"]}]},{\"@type\":\"ImageObject\",\"inLanguage\":\"en-US\",\"@id\":\"https:\/\/www.moree.de\/en\/product\/outdoor-coffee-table\/#primaryimage\",\"url\":\"https:\/\/www.moree.de\/wp-content\/uploads\/2024\/08\/Moree-Lounge-45-Outdoor-Terrasse-Gartenmoebel-runder-LED-Gastrotisch-Event-Hotel-beleuchtet.jpg\",\"contentUrl\":\"https:\/\/www.moree.de\/wp-content\/uploads\/2024\/08\/Moree-Lounge-45-Outdoor-Terrasse-Gartenmoebel-runder-LED-Gastrotisch-Event-Hotel-beleuchtet.jpg\",\"width\":1200,\"height\":900,\"caption\":\"Lounge 105 LED Accu Outdoor\"},{\"@type\":\"BreadcrumbList\",\"@id\":\"https:\/\/www.moree.de\/en\/product\/outdoor-coffee-table\/#breadcrumb\",\"itemListElement\":[{\"@type\":\"ListItem\",\"position\":1,\"name\":\"Home\",\"item\":\"https:\/\/www.moree.de\/en\/\"},{\"@type\":\"ListItem\",\"position\":2,\"name\":\"Shop\",\"item\":\"https:\/\/www.moree.de\/en\/shop\/\"},{\"@type\":\"ListItem\",\"position\":3,\"name\":\"Lounge 45\"}]},{\"@type\":\"WebSite\",\"@id\":\"https:\/\/www.moree.de\/en\/#website\",\"url\":\"https:\/\/www.moree.de\/en\/\",\"name\":\"Moree.de\",\"description\":\"Gastronomie M\u00f6bel, Lounge M\u00f6bel, Barhocker und LED M\u00f6bel\",\"publisher\":{\"@id\":\"https:\/\/www.moree.de\/en\/#organization\"},\"potentialAction\":[{\"@type\":\"SearchAction\",\"target\":{\"@type\":\"EntryPoint\",\"urlTemplate\":\"https:\/\/www.moree.de\/en\/?s={search_term_string}\"},\"query-input\":{\"@type\":\"PropertyValueSpecification\",\"valueRequired\":true,\"valueName\":\"search_term_string\"}}],\"inLanguage\":\"en-US\"},{\"@type\":\"Organization\",\"@id\":\"https:\/\/www.moree.de\/en\/#organization\",\"name\":\"Moree.de\",\"url\":\"https:\/\/www.moree.de\/en\/\",\"logo\":{\"@type\":\"ImageObject\",\"inLanguage\":\"en-US\",\"@id\":\"https:\/\/www.moree.de\/en\/#\/schema\/logo\/image\/\",\"url\":\"https:\/\/www.moree.de\/wp-content\/uploads\/2021\/05\/moree-logo.svg\",\"contentUrl\":\"https:\/\/www.moree.de\/wp-content\/uploads\/2021\/05\/moree-logo.svg\",\"width\":349,\"height\":62,\"caption\":\"Moree.de\"},\"image\":{\"@id\":\"https:\/\/www.moree.de\/en\/#\/schema\/logo\/image\/\"}}]}<\/script>\n<!-- \/ Yoast SEO plugin. -->","yoast_head_json":{"title":"Lounge 45 - Moree.de","robots":{"index":"index","follow":"follow","max-snippet":"max-snippet:-1","max-image-preview":"max-image-preview:large","max-video-preview":"max-video-preview:-1"},"canonical":"https:\/\/www.moree.de\/en\/product\/outdoor-coffee-table\/","og_locale":"en_US","og_type":"article","og_title":"Lounge 45 - Moree.de","og_description":"The Lounge illuminated tables (\u00d8 85 cm) from Moree are available in heights of 45 and 105 cm.\u00a0The products have a table top in a futuristic shape and the matt silver powder-coated frame create together a table that is both a source of light and an eye-catcher. Whether for private or catering use, the series offers a suitable place for every occasion.","og_url":"https:\/\/www.moree.de\/en\/product\/outdoor-coffee-table\/","og_site_name":"Moree.de","article_modified_time":"2025-10-29T12:34:48+00:00","og_image":[{"width":1200,"height":900,"url":"https:\/\/www.moree.de\/wp-content\/uploads\/2024\/08\/Moree-Lounge-45-Outdoor-Terrasse-Gartenmoebel-runder-LED-Gastrotisch-Event-Hotel-beleuchtet.jpg","type":"image\/jpeg"}],"twitter_card":"summary_large_image","twitter_misc":{"Est. reading time":"8 minutes"},"schema":{"@context":"https:\/\/schema.org","@graph":[{"@type":"WebPage","@id":"https:\/\/www.moree.de\/en\/product\/outdoor-coffee-table\/","url":"https:\/\/www.moree.de\/en\/product\/outdoor-coffee-table\/","name":"Lounge 45 - Moree.de","isPartOf":{"@id":"https:\/\/www.moree.de\/en\/#website"},"primaryImageOfPage":{"@id":"https:\/\/www.moree.de\/en\/product\/outdoor-coffee-table\/#primaryimage"},"image":{"@id":"https:\/\/www.moree.de\/en\/product\/outdoor-coffee-table\/#primaryimage"},"thumbnailUrl":"https:\/\/www.moree.de\/wp-content\/uploads\/2024\/08\/Moree-Lounge-45-Outdoor-Terrasse-Gartenmoebel-runder-LED-Gastrotisch-Event-Hotel-beleuchtet.jpg","datePublished":"2021-06-15T12:14:46+00:00","dateModified":"2025-10-29T12:34:48+00:00","breadcrumb":{"@id":"https:\/\/www.moree.de\/en\/product\/outdoor-coffee-table\/#breadcrumb"},"inLanguage":"en-US","potentialAction":[{"@type":"ReadAction","target":["https:\/\/www.moree.de\/en\/product\/outdoor-coffee-table\/"]}]},{"@type":"ImageObject","inLanguage":"en-US","@id":"https:\/\/www.moree.de\/en\/product\/outdoor-coffee-table\/#primaryimage","url":"https:\/\/www.moree.de\/wp-content\/uploads\/2024\/08\/Moree-Lounge-45-Outdoor-Terrasse-Gartenmoebel-runder-LED-Gastrotisch-Event-Hotel-beleuchtet.jpg","contentUrl":"https:\/\/www.moree.de\/wp-content\/uploads\/2024\/08\/Moree-Lounge-45-Outdoor-Terrasse-Gartenmoebel-runder-LED-Gastrotisch-Event-Hotel-beleuchtet.jpg","width":1200,"height":900,"caption":"Lounge 105 LED Accu Outdoor"},{"@type":"BreadcrumbList","@id":"https:\/\/www.moree.de\/en\/product\/outdoor-coffee-table\/#breadcrumb","itemListElement":[{"@type":"ListItem","position":1,"name":"Home","item":"https:\/\/www.moree.de\/en\/"},{"@type":"ListItem","position":2,"name":"Shop","item":"https:\/\/www.moree.de\/en\/shop\/"},{"@type":"ListItem","position":3,"name":"Lounge 45"}]},{"@type":"WebSite","@id":"https:\/\/www.moree.de\/en\/#website","url":"https:\/\/www.moree.de\/en\/","name":"Moree.de","description":"Gastronomie M\u00f6bel, Lounge M\u00f6bel, Barhocker und LED M\u00f6bel","publisher":{"@id":"https:\/\/www.moree.de\/en\/#organization"},"potentialAction":[{"@type":"SearchAction","target":{"@type":"EntryPoint","urlTemplate":"https:\/\/www.moree.de\/en\/?s={search_term_string}"},"query-input":{"@type":"PropertyValueSpecification","valueRequired":true,"valueName":"search_term_string"}}],"inLanguage":"en-US"},{"@type":"Organization","@id":"https:\/\/www.moree.de\/en\/#organization","name":"Moree.de","url":"https:\/\/www.moree.de\/en\/","logo":{"@type":"ImageObject","inLanguage":"en-US","@id":"https:\/\/www.moree.de\/en\/#\/schema\/logo\/image\/","url":"https:\/\/www.moree.de\/wp-content\/uploads\/2021\/05\/moree-logo.svg","contentUrl":"https:\/\/www.moree.de\/wp-content\/uploads\/2021\/05\/moree-logo.svg","width":349,"height":62,"caption":"Moree.de"},"image":{"@id":"https:\/\/www.moree.de\/en\/#\/schema\/logo\/image\/"}}]}},"_links":{"self":[{"href":"https:\/\/www.moree.de\/en\/wp-json\/wp\/v2\/product\/7113","targetHints":{"allow":["GET"]}}],"collection":[{"href":"https:\/\/www.moree.de\/en\/wp-json\/wp\/v2\/product"}],"about":[{"href":"https:\/\/www.moree.de\/en\/wp-json\/wp\/v2\/types\/product"}],"wp:featuredmedia":[{"embeddable":true,"href":"https:\/\/www.moree.de\/en\/wp-json\/wp\/v2\/media\/22218"}],"wp:attachment":[{"href":"https:\/\/www.moree.de\/en\/wp-json\/wp\/v2\/media?parent=7113"}],"wp:term":[{"taxonomy":"product_brand","embeddable":true,"href":"https:\/\/www.moree.de\/en\/wp-json\/wp\/v2\/product_brand?post=7113"},{"taxonomy":"product_cat","embeddable":true,"href":"https:\/\/www.moree.de\/en\/wp-json\/wp\/v2\/product_cat?post=7113"},{"taxonomy":"product_tag","embeddable":true,"href":"https:\/\/www.moree.de\/en\/wp-json\/wp\/v2\/product_tag?post=7113"}],"curies":[{"name":"wp","href":"https:\/\/api.w.org\/{rel}","templated":true}]}}