{"id":7236,"date":"2021-08-12T10:29:15","date_gmt":"2021-07-12T08:29:15","guid":{"rendered":"https:\/\/www.moree.de\/produkt\/studio-45\/"},"modified":"2025-10-29T13:33:17","modified_gmt":"2025-10-29T12:33:17","slug":"hospitality-furniture","status":"publish","type":"product","link":"https:\/\/www.moree.de\/en\/product\/hospitality-furniture\/","title":{"rendered":"Studio 45"},"content":{"rendered":"<p>Stylish design table series for indoor and outdoor use<\/p>\n<p>The light table series Studio by Moree is available in four heights, offers the ideal table for every occasion and incidentally puts the given situation in the right light. Available in the heights 36, 45, 75 and 105 cm.<\/p>\n<p>The futuristic table surface and the brushed stainless steel base add up to a table that is both lighting and an eye-catcher, whether for private use or in the gastronomy.<\/p>\n<p>Studio 36 and 45 are ideal side tables. With heights of 36 or 45 cm, they have the perfect height to be placed next to an armchair or sofa. Thus, these two versions offer easily accessible storage space for cocktail glasses, magazines and much more, while creating an appealing atmosphere through indirect lighting.<\/p>\n<p>With a height of 75 cm, Studio 75 is the ideal dining table. Here, guests can sit, dine, drink and converse at a comfortable height. Thanks to the atmospheric light of the Studio 75, no additional, possibly disturbing luminaire is needed on the table.<\/p>\n<p>Studio 105: The bar table version keeps every party alive. With a comfortable height of 105 cm, the design object invites you to a relaxed standing party.<\/p>\n<p>Each table in the Studio series is available as an indoor or waterproof outdoor version, as a cable version or cordless with a rechargeable battery. This way, the garden is also atmospherically illuminated &#8211; no matter which weather.<\/p>\n<p>Thanks to the innovative and extremely energy-saving Multicolour LED technology, the entire colour spectrum including white can be produced. The intensity and colour of the lighting can be controlled by remote control.<\/p>\n<p>A glass table top is included in the scope of delivery.<\/p>\n","protected":false},"excerpt":{"rendered":"<p>The light table series Studio by Moree is available in four heights, so it offers the ideal table for every occasion. Available in the heights 36, 45, 75 and 105 cm.<\/p>\n","protected":false},"featured_media":5149,"template":"","meta":{"_acf_changed":false},"product_brand":[],"product_cat":[297,296,285,295,284,300,301,299,283,298],"product_tag":[],"class_list":{"0":"post-7236","1":"product","2":"type-product","3":"status-publish","4":"has-post-thumbnail","6":"product_cat-battery-operated-lamps","7":"product_cat-coffee-table-led-light","8":"product_cat-coffee-table-with-led-lighting","9":"product_cat-design-furniture","10":"product_cat-led-tables","11":"product_cat-led-furniture","12":"product_cat-lounge-tables","13":"product_cat-lounge-furniture","14":"product_cat-led-coffee-table","15":"product_cat-modern-coffee-table","17":"first","18":"instock","19":"taxable","20":"shipping-taxable","21":"purchasable","22":"product-type-variable"},"acf":[],"yoast_head":"<!-- This site is optimized with the Yoast SEO plugin v26.8 - https:\/\/yoast.com\/product\/yoast-seo-wordpress\/ -->\n<title>Studio 45 - Moree.de<\/title>\n<meta name=\"robots\" content=\"index, follow, max-snippet:-1, max-image-preview:large, max-video-preview:-1\" \/>\n<link rel=\"canonical\" href=\"https:\/\/www.moree.de\/en\/product\/hospitality-furniture\/\" \/>\n<meta property=\"og:locale\" content=\"en_US\" \/>\n<meta property=\"og:type\" content=\"article\" \/>\n<meta property=\"og:title\" content=\"Studio 45 - Moree.de\" \/>\n<meta property=\"og:description\" content=\"The light table series Studio by Moree is available in four heights, so it offers the ideal table for every occasion. Available in the heights 36, 45, 75 and 105 cm.\" \/>\n<meta property=\"og:url\" content=\"https:\/\/www.moree.de\/en\/product\/hospitality-furniture\/\" \/>\n<meta property=\"og:site_name\" content=\"Moree.de\" \/>\n<meta property=\"article:modified_time\" content=\"2025-10-29T12:33:17+00:00\" \/>\n<meta property=\"og:image\" content=\"https:\/\/www.moree.de\/wp-content\/uploads\/2021\/07\/16-02-02-Studio-45-Indoor-Moree-beleuchteter-Design-Tisch-Gastronomie-Couchtisch.jpg\" \/>\n\t<meta property=\"og:image:width\" content=\"1600\" \/>\n\t<meta property=\"og:image:height\" content=\"1200\" \/>\n\t<meta property=\"og:image:type\" content=\"image\/jpeg\" \/>\n<meta name=\"twitter:card\" content=\"summary_large_image\" \/>\n<meta name=\"twitter:label1\" content=\"Est. reading time\" \/>\n\t<meta name=\"twitter:data1\" content=\"1 minute\" \/>\n<script type=\"application\/ld+json\" class=\"yoast-schema-graph\">{\"@context\":\"https:\/\/schema.org\",\"@graph\":[{\"@type\":\"WebPage\",\"@id\":\"https:\/\/www.moree.de\/en\/product\/hospitality-furniture\/\",\"url\":\"https:\/\/www.moree.de\/en\/product\/hospitality-furniture\/\",\"name\":\"Studio 45 - Moree.de\",\"isPartOf\":{\"@id\":\"https:\/\/www.moree.de\/en\/#website\"},\"primaryImageOfPage\":{\"@id\":\"https:\/\/www.moree.de\/en\/product\/hospitality-furniture\/#primaryimage\"},\"image\":{\"@id\":\"https:\/\/www.moree.de\/en\/product\/hospitality-furniture\/#primaryimage\"},\"thumbnailUrl\":\"https:\/\/www.moree.de\/wp-content\/uploads\/2021\/07\/16-02-02-Studio-45-Indoor-Moree-beleuchteter-Design-Tisch-Gastronomie-Couchtisch.jpg\",\"datePublished\":\"2021-07-12T08:29:15+00:00\",\"dateModified\":\"2025-10-29T12:33:17+00:00\",\"breadcrumb\":{\"@id\":\"https:\/\/www.moree.de\/en\/product\/hospitality-furniture\/#breadcrumb\"},\"inLanguage\":\"en-US\",\"potentialAction\":[{\"@type\":\"ReadAction\",\"target\":[\"https:\/\/www.moree.de\/en\/product\/hospitality-furniture\/\"]}]},{\"@type\":\"ImageObject\",\"inLanguage\":\"en-US\",\"@id\":\"https:\/\/www.moree.de\/en\/product\/hospitality-furniture\/#primaryimage\",\"url\":\"https:\/\/www.moree.de\/wp-content\/uploads\/2021\/07\/16-02-02-Studio-45-Indoor-Moree-beleuchteter-Design-Tisch-Gastronomie-Couchtisch.jpg\",\"contentUrl\":\"https:\/\/www.moree.de\/wp-content\/uploads\/2021\/07\/16-02-02-Studio-45-Indoor-Moree-beleuchteter-Design-Tisch-Gastronomie-Couchtisch.jpg\",\"width\":1600,\"height\":1200},{\"@type\":\"BreadcrumbList\",\"@id\":\"https:\/\/www.moree.de\/en\/product\/hospitality-furniture\/#breadcrumb\",\"itemListElement\":[{\"@type\":\"ListItem\",\"position\":1,\"name\":\"Home\",\"item\":\"https:\/\/www.moree.de\/en\/\"},{\"@type\":\"ListItem\",\"position\":2,\"name\":\"Shop\",\"item\":\"https:\/\/www.moree.de\/en\/shop\/\"},{\"@type\":\"ListItem\",\"position\":3,\"name\":\"Studio 45\"}]},{\"@type\":\"WebSite\",\"@id\":\"https:\/\/www.moree.de\/en\/#website\",\"url\":\"https:\/\/www.moree.de\/en\/\",\"name\":\"Moree.de\",\"description\":\"Gastronomie M\u00f6bel, Lounge M\u00f6bel, Barhocker und LED M\u00f6bel\",\"publisher\":{\"@id\":\"https:\/\/www.moree.de\/en\/#organization\"},\"potentialAction\":[{\"@type\":\"SearchAction\",\"target\":{\"@type\":\"EntryPoint\",\"urlTemplate\":\"https:\/\/www.moree.de\/en\/?s={search_term_string}\"},\"query-input\":{\"@type\":\"PropertyValueSpecification\",\"valueRequired\":true,\"valueName\":\"search_term_string\"}}],\"inLanguage\":\"en-US\"},{\"@type\":\"Organization\",\"@id\":\"https:\/\/www.moree.de\/en\/#organization\",\"name\":\"Moree.de\",\"url\":\"https:\/\/www.moree.de\/en\/\",\"logo\":{\"@type\":\"ImageObject\",\"inLanguage\":\"en-US\",\"@id\":\"https:\/\/www.moree.de\/en\/#\/schema\/logo\/image\/\",\"url\":\"https:\/\/www.moree.de\/wp-content\/uploads\/2021\/05\/moree-logo.svg\",\"contentUrl\":\"https:\/\/www.moree.de\/wp-content\/uploads\/2021\/05\/moree-logo.svg\",\"width\":349,\"height\":62,\"caption\":\"Moree.de\"},\"image\":{\"@id\":\"https:\/\/www.moree.de\/en\/#\/schema\/logo\/image\/\"}}]}<\/script>\n<!-- \/ Yoast SEO plugin. -->","yoast_head_json":{"title":"Studio 45 - Moree.de","robots":{"index":"index","follow":"follow","max-snippet":"max-snippet:-1","max-image-preview":"max-image-preview:large","max-video-preview":"max-video-preview:-1"},"canonical":"https:\/\/www.moree.de\/en\/product\/hospitality-furniture\/","og_locale":"en_US","og_type":"article","og_title":"Studio 45 - Moree.de","og_description":"The light table series Studio by Moree is available in four heights, so it offers the ideal table for every occasion. Available in the heights 36, 45, 75 and 105 cm.","og_url":"https:\/\/www.moree.de\/en\/product\/hospitality-furniture\/","og_site_name":"Moree.de","article_modified_time":"2025-10-29T12:33:17+00:00","og_image":[{"width":1600,"height":1200,"url":"https:\/\/www.moree.de\/wp-content\/uploads\/2021\/07\/16-02-02-Studio-45-Indoor-Moree-beleuchteter-Design-Tisch-Gastronomie-Couchtisch.jpg","type":"image\/jpeg"}],"twitter_card":"summary_large_image","twitter_misc":{"Est. reading time":"1 minute"},"schema":{"@context":"https:\/\/schema.org","@graph":[{"@type":"WebPage","@id":"https:\/\/www.moree.de\/en\/product\/hospitality-furniture\/","url":"https:\/\/www.moree.de\/en\/product\/hospitality-furniture\/","name":"Studio 45 - Moree.de","isPartOf":{"@id":"https:\/\/www.moree.de\/en\/#website"},"primaryImageOfPage":{"@id":"https:\/\/www.moree.de\/en\/product\/hospitality-furniture\/#primaryimage"},"image":{"@id":"https:\/\/www.moree.de\/en\/product\/hospitality-furniture\/#primaryimage"},"thumbnailUrl":"https:\/\/www.moree.de\/wp-content\/uploads\/2021\/07\/16-02-02-Studio-45-Indoor-Moree-beleuchteter-Design-Tisch-Gastronomie-Couchtisch.jpg","datePublished":"2021-07-12T08:29:15+00:00","dateModified":"2025-10-29T12:33:17+00:00","breadcrumb":{"@id":"https:\/\/www.moree.de\/en\/product\/hospitality-furniture\/#breadcrumb"},"inLanguage":"en-US","potentialAction":[{"@type":"ReadAction","target":["https:\/\/www.moree.de\/en\/product\/hospitality-furniture\/"]}]},{"@type":"ImageObject","inLanguage":"en-US","@id":"https:\/\/www.moree.de\/en\/product\/hospitality-furniture\/#primaryimage","url":"https:\/\/www.moree.de\/wp-content\/uploads\/2021\/07\/16-02-02-Studio-45-Indoor-Moree-beleuchteter-Design-Tisch-Gastronomie-Couchtisch.jpg","contentUrl":"https:\/\/www.moree.de\/wp-content\/uploads\/2021\/07\/16-02-02-Studio-45-Indoor-Moree-beleuchteter-Design-Tisch-Gastronomie-Couchtisch.jpg","width":1600,"height":1200},{"@type":"BreadcrumbList","@id":"https:\/\/www.moree.de\/en\/product\/hospitality-furniture\/#breadcrumb","itemListElement":[{"@type":"ListItem","position":1,"name":"Home","item":"https:\/\/www.moree.de\/en\/"},{"@type":"ListItem","position":2,"name":"Shop","item":"https:\/\/www.moree.de\/en\/shop\/"},{"@type":"ListItem","position":3,"name":"Studio 45"}]},{"@type":"WebSite","@id":"https:\/\/www.moree.de\/en\/#website","url":"https:\/\/www.moree.de\/en\/","name":"Moree.de","description":"Gastronomie M\u00f6bel, Lounge M\u00f6bel, Barhocker und LED M\u00f6bel","publisher":{"@id":"https:\/\/www.moree.de\/en\/#organization"},"potentialAction":[{"@type":"SearchAction","target":{"@type":"EntryPoint","urlTemplate":"https:\/\/www.moree.de\/en\/?s={search_term_string}"},"query-input":{"@type":"PropertyValueSpecification","valueRequired":true,"valueName":"search_term_string"}}],"inLanguage":"en-US"},{"@type":"Organization","@id":"https:\/\/www.moree.de\/en\/#organization","name":"Moree.de","url":"https:\/\/www.moree.de\/en\/","logo":{"@type":"ImageObject","inLanguage":"en-US","@id":"https:\/\/www.moree.de\/en\/#\/schema\/logo\/image\/","url":"https:\/\/www.moree.de\/wp-content\/uploads\/2021\/05\/moree-logo.svg","contentUrl":"https:\/\/www.moree.de\/wp-content\/uploads\/2021\/05\/moree-logo.svg","width":349,"height":62,"caption":"Moree.de"},"image":{"@id":"https:\/\/www.moree.de\/en\/#\/schema\/logo\/image\/"}}]}},"_links":{"self":[{"href":"https:\/\/www.moree.de\/en\/wp-json\/wp\/v2\/product\/7236","targetHints":{"allow":["GET"]}}],"collection":[{"href":"https:\/\/www.moree.de\/en\/wp-json\/wp\/v2\/product"}],"about":[{"href":"https:\/\/www.moree.de\/en\/wp-json\/wp\/v2\/types\/product"}],"wp:featuredmedia":[{"embeddable":true,"href":"https:\/\/www.moree.de\/en\/wp-json\/wp\/v2\/media\/5149"}],"wp:attachment":[{"href":"https:\/\/www.moree.de\/en\/wp-json\/wp\/v2\/media?parent=7236"}],"wp:term":[{"taxonomy":"product_brand","embeddable":true,"href":"https:\/\/www.moree.de\/en\/wp-json\/wp\/v2\/product_brand?post=7236"},{"taxonomy":"product_cat","embeddable":true,"href":"https:\/\/www.moree.de\/en\/wp-json\/wp\/v2\/product_cat?post=7236"},{"taxonomy":"product_tag","embeddable":true,"href":"https:\/\/www.moree.de\/en\/wp-json\/wp\/v2\/product_tag?post=7236"}],"curies":[{"name":"wp","href":"https:\/\/api.w.org\/{rel}","templated":true}]}}