{"id":7279,"date":"2021-06-30T11:44:24","date_gmt":"2021-06-30T09:44:24","guid":{"rendered":"https:\/\/www.moree.de\/produkt\/7279\/"},"modified":"2025-10-29T13:34:37","modified_gmt":"2025-10-29T12:34:37","slug":"7279","status":"publish","type":"product","link":"https:\/\/www.moree.de\/en\/product\/7279\/","title":{"rendered":"ED 75"},"content":{"rendered":"<h3>ED 45.75.105 Table series<\/h3>\n<p>The ED table series is available in heights of 45, 75 and 105 cm, has a timeless, elegant design and is made of very high-quality materials such as HPL (High Pressure Laminate) and brushed stainless steel. The square HPL tabletop is easy to clean and very scratch-resistant, making it ideal for contract and event furniture. The ED 105 table is perfectly matched by the ED bar stool, which is available in various colours and wood finishes.<\/p>\n","protected":false},"excerpt":{"rendered":"<p>High-quality design dining table for private and contract use<\/p>\n","protected":false},"featured_media":4811,"template":"","meta":{"_acf_changed":false},"product_brand":[],"product_cat":[339,295],"product_tag":[],"class_list":{"0":"post-7279","1":"product","2":"type-product","3":"status-publish","4":"has-post-thumbnail","6":"product_cat-dining-table-with-led-light","7":"product_cat-design-furniture","9":"first","10":"instock","11":"taxable","12":"shipping-taxable","13":"purchasable","14":"product-type-simple"},"acf":[],"yoast_head":"<!-- This site is optimized with the Yoast SEO plugin v26.8 - https:\/\/yoast.com\/product\/yoast-seo-wordpress\/ -->\n<title>ED 75 - Moree.de<\/title>\n<meta name=\"robots\" content=\"index, follow, max-snippet:-1, max-image-preview:large, max-video-preview:-1\" \/>\n<link rel=\"canonical\" href=\"https:\/\/www.moree.de\/en\/product\/7279\/\" \/>\n<meta property=\"og:locale\" content=\"en_US\" \/>\n<meta property=\"og:type\" content=\"article\" \/>\n<meta property=\"og:title\" content=\"ED 75 - Moree.de\" \/>\n<meta property=\"og:description\" content=\"High-quality design dining table for private and contract use\" \/>\n<meta property=\"og:url\" content=\"https:\/\/www.moree.de\/en\/product\/7279\/\" \/>\n<meta property=\"og:site_name\" content=\"Moree.de\" \/>\n<meta property=\"article:modified_time\" content=\"2025-10-29T12:34:37+00:00\" \/>\n<meta property=\"og:image\" content=\"https:\/\/www.moree.de\/wp-content\/uploads\/2021\/06\/ED-Series75-WBG-72dpi-1-1030x1030-1.jpg\" \/>\n\t<meta property=\"og:image:width\" content=\"1030\" \/>\n\t<meta property=\"og:image:height\" content=\"1030\" \/>\n\t<meta property=\"og:image:type\" content=\"image\/jpeg\" \/>\n<meta name=\"twitter:card\" content=\"summary_large_image\" \/>\n<script type=\"application\/ld+json\" class=\"yoast-schema-graph\">{\"@context\":\"https:\/\/schema.org\",\"@graph\":[{\"@type\":\"WebPage\",\"@id\":\"https:\/\/www.moree.de\/en\/product\/7279\/\",\"url\":\"https:\/\/www.moree.de\/en\/product\/7279\/\",\"name\":\"ED 75 - Moree.de\",\"isPartOf\":{\"@id\":\"https:\/\/www.moree.de\/en\/#website\"},\"primaryImageOfPage\":{\"@id\":\"https:\/\/www.moree.de\/en\/product\/7279\/#primaryimage\"},\"image\":{\"@id\":\"https:\/\/www.moree.de\/en\/product\/7279\/#primaryimage\"},\"thumbnailUrl\":\"https:\/\/www.moree.de\/wp-content\/uploads\/2021\/06\/ED-Series75-WBG-72dpi-1-1030x1030-1.jpg\",\"datePublished\":\"2021-06-30T09:44:24+00:00\",\"dateModified\":\"2025-10-29T12:34:37+00:00\",\"breadcrumb\":{\"@id\":\"https:\/\/www.moree.de\/en\/product\/7279\/#breadcrumb\"},\"inLanguage\":\"en-US\",\"potentialAction\":[{\"@type\":\"ReadAction\",\"target\":[\"https:\/\/www.moree.de\/en\/product\/7279\/\"]}]},{\"@type\":\"ImageObject\",\"inLanguage\":\"en-US\",\"@id\":\"https:\/\/www.moree.de\/en\/product\/7279\/#primaryimage\",\"url\":\"https:\/\/www.moree.de\/wp-content\/uploads\/2021\/06\/ED-Series75-WBG-72dpi-1-1030x1030-1.jpg\",\"contentUrl\":\"https:\/\/www.moree.de\/wp-content\/uploads\/2021\/06\/ED-Series75-WBG-72dpi-1-1030x1030-1.jpg\",\"width\":1030,\"height\":1030},{\"@type\":\"BreadcrumbList\",\"@id\":\"https:\/\/www.moree.de\/en\/product\/7279\/#breadcrumb\",\"itemListElement\":[{\"@type\":\"ListItem\",\"position\":1,\"name\":\"Home\",\"item\":\"https:\/\/www.moree.de\/en\/\"},{\"@type\":\"ListItem\",\"position\":2,\"name\":\"Shop\",\"item\":\"https:\/\/www.moree.de\/en\/shop\/\"},{\"@type\":\"ListItem\",\"position\":3,\"name\":\"ED 75\"}]},{\"@type\":\"WebSite\",\"@id\":\"https:\/\/www.moree.de\/en\/#website\",\"url\":\"https:\/\/www.moree.de\/en\/\",\"name\":\"Moree.de\",\"description\":\"Gastronomie M\u00f6bel, Lounge M\u00f6bel, Barhocker und LED M\u00f6bel\",\"publisher\":{\"@id\":\"https:\/\/www.moree.de\/en\/#organization\"},\"potentialAction\":[{\"@type\":\"SearchAction\",\"target\":{\"@type\":\"EntryPoint\",\"urlTemplate\":\"https:\/\/www.moree.de\/en\/?s={search_term_string}\"},\"query-input\":{\"@type\":\"PropertyValueSpecification\",\"valueRequired\":true,\"valueName\":\"search_term_string\"}}],\"inLanguage\":\"en-US\"},{\"@type\":\"Organization\",\"@id\":\"https:\/\/www.moree.de\/en\/#organization\",\"name\":\"Moree.de\",\"url\":\"https:\/\/www.moree.de\/en\/\",\"logo\":{\"@type\":\"ImageObject\",\"inLanguage\":\"en-US\",\"@id\":\"https:\/\/www.moree.de\/en\/#\/schema\/logo\/image\/\",\"url\":\"https:\/\/www.moree.de\/wp-content\/uploads\/2021\/05\/moree-logo.svg\",\"contentUrl\":\"https:\/\/www.moree.de\/wp-content\/uploads\/2021\/05\/moree-logo.svg\",\"width\":349,\"height\":62,\"caption\":\"Moree.de\"},\"image\":{\"@id\":\"https:\/\/www.moree.de\/en\/#\/schema\/logo\/image\/\"}}]}<\/script>\n<!-- \/ Yoast SEO plugin. -->","yoast_head_json":{"title":"ED 75 - Moree.de","robots":{"index":"index","follow":"follow","max-snippet":"max-snippet:-1","max-image-preview":"max-image-preview:large","max-video-preview":"max-video-preview:-1"},"canonical":"https:\/\/www.moree.de\/en\/product\/7279\/","og_locale":"en_US","og_type":"article","og_title":"ED 75 - Moree.de","og_description":"High-quality design dining table for private and contract use","og_url":"https:\/\/www.moree.de\/en\/product\/7279\/","og_site_name":"Moree.de","article_modified_time":"2025-10-29T12:34:37+00:00","og_image":[{"width":1030,"height":1030,"url":"https:\/\/www.moree.de\/wp-content\/uploads\/2021\/06\/ED-Series75-WBG-72dpi-1-1030x1030-1.jpg","type":"image\/jpeg"}],"twitter_card":"summary_large_image","schema":{"@context":"https:\/\/schema.org","@graph":[{"@type":"WebPage","@id":"https:\/\/www.moree.de\/en\/product\/7279\/","url":"https:\/\/www.moree.de\/en\/product\/7279\/","name":"ED 75 - Moree.de","isPartOf":{"@id":"https:\/\/www.moree.de\/en\/#website"},"primaryImageOfPage":{"@id":"https:\/\/www.moree.de\/en\/product\/7279\/#primaryimage"},"image":{"@id":"https:\/\/www.moree.de\/en\/product\/7279\/#primaryimage"},"thumbnailUrl":"https:\/\/www.moree.de\/wp-content\/uploads\/2021\/06\/ED-Series75-WBG-72dpi-1-1030x1030-1.jpg","datePublished":"2021-06-30T09:44:24+00:00","dateModified":"2025-10-29T12:34:37+00:00","breadcrumb":{"@id":"https:\/\/www.moree.de\/en\/product\/7279\/#breadcrumb"},"inLanguage":"en-US","potentialAction":[{"@type":"ReadAction","target":["https:\/\/www.moree.de\/en\/product\/7279\/"]}]},{"@type":"ImageObject","inLanguage":"en-US","@id":"https:\/\/www.moree.de\/en\/product\/7279\/#primaryimage","url":"https:\/\/www.moree.de\/wp-content\/uploads\/2021\/06\/ED-Series75-WBG-72dpi-1-1030x1030-1.jpg","contentUrl":"https:\/\/www.moree.de\/wp-content\/uploads\/2021\/06\/ED-Series75-WBG-72dpi-1-1030x1030-1.jpg","width":1030,"height":1030},{"@type":"BreadcrumbList","@id":"https:\/\/www.moree.de\/en\/product\/7279\/#breadcrumb","itemListElement":[{"@type":"ListItem","position":1,"name":"Home","item":"https:\/\/www.moree.de\/en\/"},{"@type":"ListItem","position":2,"name":"Shop","item":"https:\/\/www.moree.de\/en\/shop\/"},{"@type":"ListItem","position":3,"name":"ED 75"}]},{"@type":"WebSite","@id":"https:\/\/www.moree.de\/en\/#website","url":"https:\/\/www.moree.de\/en\/","name":"Moree.de","description":"Gastronomie M\u00f6bel, Lounge M\u00f6bel, Barhocker und LED M\u00f6bel","publisher":{"@id":"https:\/\/www.moree.de\/en\/#organization"},"potentialAction":[{"@type":"SearchAction","target":{"@type":"EntryPoint","urlTemplate":"https:\/\/www.moree.de\/en\/?s={search_term_string}"},"query-input":{"@type":"PropertyValueSpecification","valueRequired":true,"valueName":"search_term_string"}}],"inLanguage":"en-US"},{"@type":"Organization","@id":"https:\/\/www.moree.de\/en\/#organization","name":"Moree.de","url":"https:\/\/www.moree.de\/en\/","logo":{"@type":"ImageObject","inLanguage":"en-US","@id":"https:\/\/www.moree.de\/en\/#\/schema\/logo\/image\/","url":"https:\/\/www.moree.de\/wp-content\/uploads\/2021\/05\/moree-logo.svg","contentUrl":"https:\/\/www.moree.de\/wp-content\/uploads\/2021\/05\/moree-logo.svg","width":349,"height":62,"caption":"Moree.de"},"image":{"@id":"https:\/\/www.moree.de\/en\/#\/schema\/logo\/image\/"}}]}},"_links":{"self":[{"href":"https:\/\/www.moree.de\/en\/wp-json\/wp\/v2\/product\/7279","targetHints":{"allow":["GET"]}}],"collection":[{"href":"https:\/\/www.moree.de\/en\/wp-json\/wp\/v2\/product"}],"about":[{"href":"https:\/\/www.moree.de\/en\/wp-json\/wp\/v2\/types\/product"}],"wp:featuredmedia":[{"embeddable":true,"href":"https:\/\/www.moree.de\/en\/wp-json\/wp\/v2\/media\/4811"}],"wp:attachment":[{"href":"https:\/\/www.moree.de\/en\/wp-json\/wp\/v2\/media?parent=7279"}],"wp:term":[{"taxonomy":"product_brand","embeddable":true,"href":"https:\/\/www.moree.de\/en\/wp-json\/wp\/v2\/product_brand?post=7279"},{"taxonomy":"product_cat","embeddable":true,"href":"https:\/\/www.moree.de\/en\/wp-json\/wp\/v2\/product_cat?post=7279"},{"taxonomy":"product_tag","embeddable":true,"href":"https:\/\/www.moree.de\/en\/wp-json\/wp\/v2\/product_tag?post=7279"}],"curies":[{"name":"wp","href":"https:\/\/api.w.org\/{rel}","templated":true}]}}