{"id":7367,"date":"2021-07-08T16:24:17","date_gmt":"2021-07-08T14:24:17","guid":{"rendered":"https:\/\/www.moree.de\/produkt\/counter-1m-edge\/"},"modified":"2025-10-29T13:34:22","modified_gmt":"2025-10-29T12:34:22","slug":"counter-1m-edge","status":"publish","type":"product","link":"https:\/\/www.moree.de\/en\/product\/counter-1m-edge\/","title":{"rendered":"Counter 1M Edge"},"content":{"rendered":"<p>House bar with 1 m length and integrated LED lighting on the front and work surface.<\/p>\n<p>The Moree bar convinces with timeless design and high-quality finish. Due to the materials used in the representative bar furniture, it is robust and easy to clean. Thanks to its plastic-coated surface, the house bar is durable and functional. In addition, design and ambience are not lacking.<br \/>\nBoth the front and the back of the bar is illuminated with multicolor LEDs, which are controlled by remote control. The front and the working area can be controlled together or separately and allow further individualization through colors. Customize the colors to match your d\u00e9cor and create an impressive mood. The entire color spectrum is possible, including white. The remote control also allows you to dim the colors. It is included in the delivery.<\/p>\n<h3>Dimensions and finishes<\/h3>\n<p>The counter is delivered fully assembled and ready to use. Dimensions of the 1M counter are: L700 x W1075 x H1060 mm. The whole counter is built on a metal frame. This gives it great stability and at the same time reduces the overall weight. The counter&#8217;s work surface and counter board are coated, which makes them highly resistant to scratches.<\/p>\n<p>Take a look at our bar and counter catalog to get your own idea of the variety of possibilities.<br \/>\nWith Moree counter modules, you can create your own counter configuration that is perfectly customized for your space. Customize your desired system and you will get a bar counter completely tailored to your needs. All modules can be combined with each other. The bar counter can be used in mobile applications at trade fairs and events as well as stationary. Whether open, half-open or closed bar module, counter, reception counter, DJ desk, mobile cocktail bar or large exhibition counter for hospitality, corner solution or round bar &#8211; the bar system adapts to the spatial conditions and customer requirements. It offers ample storage space on top as well as plenty of storage space inside. Thus, this bar can be optimally adapted to any room concept.<\/p>\n<p>Various accessories can also be ordered for the counters: For example, there are different feet in different heights, casters for the base, a lockable compartment, sink, refrigerator, etc. Decide for yourself which components your home bar should contain. Call us, we will be happy to advise you on this.<\/p>\n\n","protected":false},"excerpt":{"rendered":"<p>Comptoir d&#8217;accueil \u00e0 double \u00e9clairage avec panneaux lat\u00e9raux rev\u00eatus<\/p>\n","protected":false},"featured_media":5475,"template":"","meta":{"_acf_changed":false},"product_brand":[],"product_cat":[337,325,295,323],"product_tag":[],"class_list":{"0":"post-7367","1":"product","2":"type-product","3":"status-publish","4":"has-post-thumbnail","6":"product_cat-reception-desk-for-a-salon","7":"product_cat-reception-desk","8":"product_cat-design-furniture","9":"product_cat-bar-counter","11":"first","12":"instock","13":"taxable","14":"shipping-taxable","15":"purchasable","16":"product-type-simple"},"acf":[],"yoast_head":"<!-- This site is optimized with the Yoast SEO plugin v26.8 - https:\/\/yoast.com\/product\/yoast-seo-wordpress\/ -->\n<title>Counter 1M Edge - Moree.de<\/title>\n<meta name=\"robots\" content=\"index, follow, max-snippet:-1, max-image-preview:large, max-video-preview:-1\" \/>\n<link rel=\"canonical\" href=\"https:\/\/www.moree.de\/en\/product\/counter-1m-edge\/\" \/>\n<meta property=\"og:locale\" content=\"en_US\" \/>\n<meta property=\"og:type\" content=\"article\" \/>\n<meta property=\"og:title\" content=\"Counter 1M Edge - Moree.de\" \/>\n<meta property=\"og:description\" content=\"Comptoir d&#039;accueil \u00e0 double \u00e9clairage avec panneaux lat\u00e9raux rev\u00eatus\" \/>\n<meta property=\"og:url\" content=\"https:\/\/www.moree.de\/en\/product\/counter-1m-edge\/\" \/>\n<meta property=\"og:site_name\" content=\"Moree.de\" \/>\n<meta property=\"article:modified_time\" content=\"2025-10-29T12:34:22+00:00\" \/>\n<meta property=\"og:image\" content=\"https:\/\/www.moree.de\/wp-content\/uploads\/2021\/07\/19-02-10-1M-Counter-Edge-Ambient.jpg\" \/>\n\t<meta property=\"og:image:width\" content=\"1600\" \/>\n\t<meta property=\"og:image:height\" content=\"1200\" \/>\n\t<meta property=\"og:image:type\" content=\"image\/jpeg\" \/>\n<meta name=\"twitter:card\" content=\"summary_large_image\" \/>\n<meta name=\"twitter:label1\" content=\"Est. reading time\" \/>\n\t<meta name=\"twitter:data1\" content=\"2 minutes\" \/>\n<script type=\"application\/ld+json\" class=\"yoast-schema-graph\">{\"@context\":\"https:\/\/schema.org\",\"@graph\":[{\"@type\":\"WebPage\",\"@id\":\"https:\/\/www.moree.de\/en\/product\/counter-1m-edge\/\",\"url\":\"https:\/\/www.moree.de\/en\/product\/counter-1m-edge\/\",\"name\":\"Counter 1M Edge - Moree.de\",\"isPartOf\":{\"@id\":\"https:\/\/www.moree.de\/en\/#website\"},\"primaryImageOfPage\":{\"@id\":\"https:\/\/www.moree.de\/en\/product\/counter-1m-edge\/#primaryimage\"},\"image\":{\"@id\":\"https:\/\/www.moree.de\/en\/product\/counter-1m-edge\/#primaryimage\"},\"thumbnailUrl\":\"https:\/\/www.moree.de\/wp-content\/uploads\/2021\/07\/19-02-10-1M-Counter-Edge-Ambient.jpg\",\"datePublished\":\"2021-07-08T14:24:17+00:00\",\"dateModified\":\"2025-10-29T12:34:22+00:00\",\"breadcrumb\":{\"@id\":\"https:\/\/www.moree.de\/en\/product\/counter-1m-edge\/#breadcrumb\"},\"inLanguage\":\"en-US\",\"potentialAction\":[{\"@type\":\"ReadAction\",\"target\":[\"https:\/\/www.moree.de\/en\/product\/counter-1m-edge\/\"]}]},{\"@type\":\"ImageObject\",\"inLanguage\":\"en-US\",\"@id\":\"https:\/\/www.moree.de\/en\/product\/counter-1m-edge\/#primaryimage\",\"url\":\"https:\/\/www.moree.de\/wp-content\/uploads\/2021\/07\/19-02-10-1M-Counter-Edge-Ambient.jpg\",\"contentUrl\":\"https:\/\/www.moree.de\/wp-content\/uploads\/2021\/07\/19-02-10-1M-Counter-Edge-Ambient.jpg\",\"width\":1600,\"height\":1200,\"caption\":\"Hausbar 1 m breit, weiss, mit Beleuchtung, Counter\"},{\"@type\":\"BreadcrumbList\",\"@id\":\"https:\/\/www.moree.de\/en\/product\/counter-1m-edge\/#breadcrumb\",\"itemListElement\":[{\"@type\":\"ListItem\",\"position\":1,\"name\":\"Home\",\"item\":\"https:\/\/www.moree.de\/en\/\"},{\"@type\":\"ListItem\",\"position\":2,\"name\":\"Shop\",\"item\":\"https:\/\/www.moree.de\/en\/shop\/\"},{\"@type\":\"ListItem\",\"position\":3,\"name\":\"Counter 1M Edge\"}]},{\"@type\":\"WebSite\",\"@id\":\"https:\/\/www.moree.de\/en\/#website\",\"url\":\"https:\/\/www.moree.de\/en\/\",\"name\":\"Moree.de\",\"description\":\"Gastronomie M\u00f6bel, Lounge M\u00f6bel, Barhocker und LED M\u00f6bel\",\"publisher\":{\"@id\":\"https:\/\/www.moree.de\/en\/#organization\"},\"potentialAction\":[{\"@type\":\"SearchAction\",\"target\":{\"@type\":\"EntryPoint\",\"urlTemplate\":\"https:\/\/www.moree.de\/en\/?s={search_term_string}\"},\"query-input\":{\"@type\":\"PropertyValueSpecification\",\"valueRequired\":true,\"valueName\":\"search_term_string\"}}],\"inLanguage\":\"en-US\"},{\"@type\":\"Organization\",\"@id\":\"https:\/\/www.moree.de\/en\/#organization\",\"name\":\"Moree.de\",\"url\":\"https:\/\/www.moree.de\/en\/\",\"logo\":{\"@type\":\"ImageObject\",\"inLanguage\":\"en-US\",\"@id\":\"https:\/\/www.moree.de\/en\/#\/schema\/logo\/image\/\",\"url\":\"https:\/\/www.moree.de\/wp-content\/uploads\/2021\/05\/moree-logo.svg\",\"contentUrl\":\"https:\/\/www.moree.de\/wp-content\/uploads\/2021\/05\/moree-logo.svg\",\"width\":349,\"height\":62,\"caption\":\"Moree.de\"},\"image\":{\"@id\":\"https:\/\/www.moree.de\/en\/#\/schema\/logo\/image\/\"}}]}<\/script>\n<!-- \/ Yoast SEO plugin. -->","yoast_head_json":{"title":"Counter 1M Edge - Moree.de","robots":{"index":"index","follow":"follow","max-snippet":"max-snippet:-1","max-image-preview":"max-image-preview:large","max-video-preview":"max-video-preview:-1"},"canonical":"https:\/\/www.moree.de\/en\/product\/counter-1m-edge\/","og_locale":"en_US","og_type":"article","og_title":"Counter 1M Edge - Moree.de","og_description":"Comptoir d'accueil \u00e0 double \u00e9clairage avec panneaux lat\u00e9raux rev\u00eatus","og_url":"https:\/\/www.moree.de\/en\/product\/counter-1m-edge\/","og_site_name":"Moree.de","article_modified_time":"2025-10-29T12:34:22+00:00","og_image":[{"width":1600,"height":1200,"url":"https:\/\/www.moree.de\/wp-content\/uploads\/2021\/07\/19-02-10-1M-Counter-Edge-Ambient.jpg","type":"image\/jpeg"}],"twitter_card":"summary_large_image","twitter_misc":{"Est. reading time":"2 minutes"},"schema":{"@context":"https:\/\/schema.org","@graph":[{"@type":"WebPage","@id":"https:\/\/www.moree.de\/en\/product\/counter-1m-edge\/","url":"https:\/\/www.moree.de\/en\/product\/counter-1m-edge\/","name":"Counter 1M Edge - Moree.de","isPartOf":{"@id":"https:\/\/www.moree.de\/en\/#website"},"primaryImageOfPage":{"@id":"https:\/\/www.moree.de\/en\/product\/counter-1m-edge\/#primaryimage"},"image":{"@id":"https:\/\/www.moree.de\/en\/product\/counter-1m-edge\/#primaryimage"},"thumbnailUrl":"https:\/\/www.moree.de\/wp-content\/uploads\/2021\/07\/19-02-10-1M-Counter-Edge-Ambient.jpg","datePublished":"2021-07-08T14:24:17+00:00","dateModified":"2025-10-29T12:34:22+00:00","breadcrumb":{"@id":"https:\/\/www.moree.de\/en\/product\/counter-1m-edge\/#breadcrumb"},"inLanguage":"en-US","potentialAction":[{"@type":"ReadAction","target":["https:\/\/www.moree.de\/en\/product\/counter-1m-edge\/"]}]},{"@type":"ImageObject","inLanguage":"en-US","@id":"https:\/\/www.moree.de\/en\/product\/counter-1m-edge\/#primaryimage","url":"https:\/\/www.moree.de\/wp-content\/uploads\/2021\/07\/19-02-10-1M-Counter-Edge-Ambient.jpg","contentUrl":"https:\/\/www.moree.de\/wp-content\/uploads\/2021\/07\/19-02-10-1M-Counter-Edge-Ambient.jpg","width":1600,"height":1200,"caption":"Hausbar 1 m breit, weiss, mit Beleuchtung, Counter"},{"@type":"BreadcrumbList","@id":"https:\/\/www.moree.de\/en\/product\/counter-1m-edge\/#breadcrumb","itemListElement":[{"@type":"ListItem","position":1,"name":"Home","item":"https:\/\/www.moree.de\/en\/"},{"@type":"ListItem","position":2,"name":"Shop","item":"https:\/\/www.moree.de\/en\/shop\/"},{"@type":"ListItem","position":3,"name":"Counter 1M Edge"}]},{"@type":"WebSite","@id":"https:\/\/www.moree.de\/en\/#website","url":"https:\/\/www.moree.de\/en\/","name":"Moree.de","description":"Gastronomie M\u00f6bel, Lounge M\u00f6bel, Barhocker und LED M\u00f6bel","publisher":{"@id":"https:\/\/www.moree.de\/en\/#organization"},"potentialAction":[{"@type":"SearchAction","target":{"@type":"EntryPoint","urlTemplate":"https:\/\/www.moree.de\/en\/?s={search_term_string}"},"query-input":{"@type":"PropertyValueSpecification","valueRequired":true,"valueName":"search_term_string"}}],"inLanguage":"en-US"},{"@type":"Organization","@id":"https:\/\/www.moree.de\/en\/#organization","name":"Moree.de","url":"https:\/\/www.moree.de\/en\/","logo":{"@type":"ImageObject","inLanguage":"en-US","@id":"https:\/\/www.moree.de\/en\/#\/schema\/logo\/image\/","url":"https:\/\/www.moree.de\/wp-content\/uploads\/2021\/05\/moree-logo.svg","contentUrl":"https:\/\/www.moree.de\/wp-content\/uploads\/2021\/05\/moree-logo.svg","width":349,"height":62,"caption":"Moree.de"},"image":{"@id":"https:\/\/www.moree.de\/en\/#\/schema\/logo\/image\/"}}]}},"_links":{"self":[{"href":"https:\/\/www.moree.de\/en\/wp-json\/wp\/v2\/product\/7367","targetHints":{"allow":["GET"]}}],"collection":[{"href":"https:\/\/www.moree.de\/en\/wp-json\/wp\/v2\/product"}],"about":[{"href":"https:\/\/www.moree.de\/en\/wp-json\/wp\/v2\/types\/product"}],"wp:featuredmedia":[{"embeddable":true,"href":"https:\/\/www.moree.de\/en\/wp-json\/wp\/v2\/media\/5475"}],"wp:attachment":[{"href":"https:\/\/www.moree.de\/en\/wp-json\/wp\/v2\/media?parent=7367"}],"wp:term":[{"taxonomy":"product_brand","embeddable":true,"href":"https:\/\/www.moree.de\/en\/wp-json\/wp\/v2\/product_brand?post=7367"},{"taxonomy":"product_cat","embeddable":true,"href":"https:\/\/www.moree.de\/en\/wp-json\/wp\/v2\/product_cat?post=7367"},{"taxonomy":"product_tag","embeddable":true,"href":"https:\/\/www.moree.de\/en\/wp-json\/wp\/v2\/product_tag?post=7367"}],"curies":[{"name":"wp","href":"https:\/\/api.w.org\/{rel}","templated":true}]}}