{"id":7541,"date":"2005-07-15T11:40:27","date_gmt":"2021-07-15T09:40:27","guid":{"rendered":"https:\/\/www.moree.de\/produkt\/star-60\/"},"modified":"2025-10-29T13:34:53","modified_gmt":"2025-10-29T12:34:53","slug":"christmas-star-outdoor-light","status":"publish","type":"product","link":"https:\/\/www.moree.de\/en\/product\/christmas-star-outdoor-light\/","title":{"rendered":"Star 60"},"content":{"rendered":"<h3>Star Shaped Light<\/h3>\n<p>The Moree LED Star 60 is an Christmas decoration suitable for both indoor and outdoor use. It is the perfect solution for lighting up the dark outdoors this winter. The LED\u00a0 Star is lit with multicolour LEDs and with 15 preset colours it is sure to get some attention. The bright colours make the Star stand out from other LED Christmas decorations, whether being used inside or out. This LED Christmas decorations is conveniently controlled via an infrared remote control, giving you the power to choose from the 15 preset colours, an automatic colour change program and adjust the brightness.<\/p>\n<p>The Star is made from white translucent Polyethylene. Whilst this gives the product a clean look and modern feel it also delivers great weather resistant properties so that the star can be used outside no matter what the weather. With an IP44 rating you can be reassured that the LED star is protected against water.<\/p>\n<p>The Star is powered with a cable. The LED Christmas decoration also comes with a screw in peg, enabling the Star to be firmly mounted into the ground.<\/p>\n<p>The Moree Star is not just for use at Christmas time however, it is suitable for use all year round in both private and commercial areas. The Moree Star can be used to light up your terrace, garden driveway, or inside the home.<\/p>\n","protected":false},"excerpt":{"rendered":"<div class=\"elementor-element elementor-element-e65485a elementor-widget elementor-widget-woocommerce-product-short-description\" data-id=\"e65485a\" data-element_type=\"widget\" data-settings=\"{&quot;_ob_perspektive_use&quot;:&quot;no&quot;,&quot;_ob_shadough_use&quot;:&quot;no&quot;,&quot;_ob_allow_hoveranimator&quot;:&quot;no&quot;,&quot;_ob_widget_stalker_use&quot;:&quot;no&quot;}\" data-widget_type=\"woocommerce-product-short-description.default\">\n<div class=\"elementor-widget-container\">\n<div class=\"woocommerce-product-details__short-description\">\n<p>The Moree LED stars provide atmospheric lighting in the garden and on the terrace, also in the house they spread a great Christmas feeling. Controlled by remote control, available as cable version or battery product \u2013 incl. wall mounting and ground spike.<\/p>\n<\/div>\n<\/div>\n<\/div>\n","protected":false},"featured_media":5787,"template":"","meta":{"_acf_changed":false},"product_brand":[],"product_cat":[297,311,314,344,302,299,318],"product_tag":[],"class_list":{"0":"post-7541","1":"product","2":"type-product","3":"status-publish","4":"has-post-thumbnail","6":"product_cat-battery-operated-lamps","7":"product_cat-iconic-lights","8":"product_cat-battery-powered-lamp","9":"product_cat-garden-light","10":"product_cat-lighting","11":"product_cat-lounge-furniture","12":"product_cat-wall-lights","14":"first","15":"instock","16":"taxable","17":"shipping-taxable","18":"purchasable","19":"product-type-variable"},"acf":[],"yoast_head":"<!-- This site is optimized with the Yoast SEO plugin v26.8 - https:\/\/yoast.com\/product\/yoast-seo-wordpress\/ -->\n<title>Star 60 - Moree.de<\/title>\n<meta name=\"robots\" content=\"index, follow, max-snippet:-1, max-image-preview:large, max-video-preview:-1\" \/>\n<link rel=\"canonical\" href=\"https:\/\/www.moree.de\/en\/product\/christmas-star-outdoor-light\/\" \/>\n<meta property=\"og:locale\" content=\"en_US\" \/>\n<meta property=\"og:type\" content=\"article\" \/>\n<meta property=\"og:title\" content=\"Star 60 - Moree.de\" \/>\n<meta property=\"og:description\" content=\"The Moree LED stars provide atmospheric lighting in the garden and on the terrace, also in the house they spread a great Christmas feeling. Controlled by remote control, available as cable version or battery product \u2013 incl. wall mounting and ground spike.\" \/>\n<meta property=\"og:url\" content=\"https:\/\/www.moree.de\/en\/product\/christmas-star-outdoor-light\/\" \/>\n<meta property=\"og:site_name\" content=\"Moree.de\" \/>\n<meta property=\"article:modified_time\" content=\"2025-10-29T12:34:53+00:00\" \/>\n<meta property=\"og:image\" content=\"https:\/\/www.moree.de\/wp-content\/uploads\/2021\/07\/Moree-Star-60-Outdoor-Terrasse-e1626420259144.jpg\" \/>\n\t<meta property=\"og:image:width\" content=\"1000\" \/>\n\t<meta property=\"og:image:height\" content=\"800\" \/>\n\t<meta property=\"og:image:type\" content=\"image\/jpeg\" \/>\n<meta name=\"twitter:card\" content=\"summary_large_image\" \/>\n<meta name=\"twitter:label1\" content=\"Est. reading time\" \/>\n\t<meta name=\"twitter:data1\" content=\"1 minute\" \/>\n<script type=\"application\/ld+json\" class=\"yoast-schema-graph\">{\"@context\":\"https:\/\/schema.org\",\"@graph\":[{\"@type\":\"WebPage\",\"@id\":\"https:\/\/www.moree.de\/en\/product\/christmas-star-outdoor-light\/\",\"url\":\"https:\/\/www.moree.de\/en\/product\/christmas-star-outdoor-light\/\",\"name\":\"Star 60 - Moree.de\",\"isPartOf\":{\"@id\":\"https:\/\/www.moree.de\/en\/#website\"},\"primaryImageOfPage\":{\"@id\":\"https:\/\/www.moree.de\/en\/product\/christmas-star-outdoor-light\/#primaryimage\"},\"image\":{\"@id\":\"https:\/\/www.moree.de\/en\/product\/christmas-star-outdoor-light\/#primaryimage\"},\"thumbnailUrl\":\"https:\/\/www.moree.de\/wp-content\/uploads\/2021\/07\/Moree-Star-60-Outdoor-Terrasse-e1626420259144.jpg\",\"datePublished\":\"2021-07-15T09:40:27+00:00\",\"dateModified\":\"2025-10-29T12:34:53+00:00\",\"breadcrumb\":{\"@id\":\"https:\/\/www.moree.de\/en\/product\/christmas-star-outdoor-light\/#breadcrumb\"},\"inLanguage\":\"en-US\",\"potentialAction\":[{\"@type\":\"ReadAction\",\"target\":[\"https:\/\/www.moree.de\/en\/product\/christmas-star-outdoor-light\/\"]}]},{\"@type\":\"ImageObject\",\"inLanguage\":\"en-US\",\"@id\":\"https:\/\/www.moree.de\/en\/product\/christmas-star-outdoor-light\/#primaryimage\",\"url\":\"https:\/\/www.moree.de\/wp-content\/uploads\/2021\/07\/Moree-Star-60-Outdoor-Terrasse-e1626420259144.jpg\",\"contentUrl\":\"https:\/\/www.moree.de\/wp-content\/uploads\/2021\/07\/Moree-Star-60-Outdoor-Terrasse-e1626420259144.jpg\",\"width\":1000,\"height\":800,\"caption\":\"LED Star, LED Star battery operated, LED Star outdoor large\"},{\"@type\":\"BreadcrumbList\",\"@id\":\"https:\/\/www.moree.de\/en\/product\/christmas-star-outdoor-light\/#breadcrumb\",\"itemListElement\":[{\"@type\":\"ListItem\",\"position\":1,\"name\":\"Home\",\"item\":\"https:\/\/www.moree.de\/en\/\"},{\"@type\":\"ListItem\",\"position\":2,\"name\":\"Shop\",\"item\":\"https:\/\/www.moree.de\/en\/shop\/\"},{\"@type\":\"ListItem\",\"position\":3,\"name\":\"Star 60\"}]},{\"@type\":\"WebSite\",\"@id\":\"https:\/\/www.moree.de\/en\/#website\",\"url\":\"https:\/\/www.moree.de\/en\/\",\"name\":\"Moree.de\",\"description\":\"Gastronomie M\u00f6bel, Lounge M\u00f6bel, Barhocker und LED M\u00f6bel\",\"publisher\":{\"@id\":\"https:\/\/www.moree.de\/en\/#organization\"},\"potentialAction\":[{\"@type\":\"SearchAction\",\"target\":{\"@type\":\"EntryPoint\",\"urlTemplate\":\"https:\/\/www.moree.de\/en\/?s={search_term_string}\"},\"query-input\":{\"@type\":\"PropertyValueSpecification\",\"valueRequired\":true,\"valueName\":\"search_term_string\"}}],\"inLanguage\":\"en-US\"},{\"@type\":\"Organization\",\"@id\":\"https:\/\/www.moree.de\/en\/#organization\",\"name\":\"Moree.de\",\"url\":\"https:\/\/www.moree.de\/en\/\",\"logo\":{\"@type\":\"ImageObject\",\"inLanguage\":\"en-US\",\"@id\":\"https:\/\/www.moree.de\/en\/#\/schema\/logo\/image\/\",\"url\":\"https:\/\/www.moree.de\/wp-content\/uploads\/2021\/05\/moree-logo.svg\",\"contentUrl\":\"https:\/\/www.moree.de\/wp-content\/uploads\/2021\/05\/moree-logo.svg\",\"width\":349,\"height\":62,\"caption\":\"Moree.de\"},\"image\":{\"@id\":\"https:\/\/www.moree.de\/en\/#\/schema\/logo\/image\/\"}}]}<\/script>\n<!-- \/ Yoast SEO plugin. -->","yoast_head_json":{"title":"Star 60 - Moree.de","robots":{"index":"index","follow":"follow","max-snippet":"max-snippet:-1","max-image-preview":"max-image-preview:large","max-video-preview":"max-video-preview:-1"},"canonical":"https:\/\/www.moree.de\/en\/product\/christmas-star-outdoor-light\/","og_locale":"en_US","og_type":"article","og_title":"Star 60 - Moree.de","og_description":"The Moree LED stars provide atmospheric lighting in the garden and on the terrace, also in the house they spread a great Christmas feeling. Controlled by remote control, available as cable version or battery product \u2013 incl. wall mounting and ground spike.","og_url":"https:\/\/www.moree.de\/en\/product\/christmas-star-outdoor-light\/","og_site_name":"Moree.de","article_modified_time":"2025-10-29T12:34:53+00:00","og_image":[{"width":1000,"height":800,"url":"https:\/\/www.moree.de\/wp-content\/uploads\/2021\/07\/Moree-Star-60-Outdoor-Terrasse-e1626420259144.jpg","type":"image\/jpeg"}],"twitter_card":"summary_large_image","twitter_misc":{"Est. reading time":"1 minute"},"schema":{"@context":"https:\/\/schema.org","@graph":[{"@type":"WebPage","@id":"https:\/\/www.moree.de\/en\/product\/christmas-star-outdoor-light\/","url":"https:\/\/www.moree.de\/en\/product\/christmas-star-outdoor-light\/","name":"Star 60 - Moree.de","isPartOf":{"@id":"https:\/\/www.moree.de\/en\/#website"},"primaryImageOfPage":{"@id":"https:\/\/www.moree.de\/en\/product\/christmas-star-outdoor-light\/#primaryimage"},"image":{"@id":"https:\/\/www.moree.de\/en\/product\/christmas-star-outdoor-light\/#primaryimage"},"thumbnailUrl":"https:\/\/www.moree.de\/wp-content\/uploads\/2021\/07\/Moree-Star-60-Outdoor-Terrasse-e1626420259144.jpg","datePublished":"2021-07-15T09:40:27+00:00","dateModified":"2025-10-29T12:34:53+00:00","breadcrumb":{"@id":"https:\/\/www.moree.de\/en\/product\/christmas-star-outdoor-light\/#breadcrumb"},"inLanguage":"en-US","potentialAction":[{"@type":"ReadAction","target":["https:\/\/www.moree.de\/en\/product\/christmas-star-outdoor-light\/"]}]},{"@type":"ImageObject","inLanguage":"en-US","@id":"https:\/\/www.moree.de\/en\/product\/christmas-star-outdoor-light\/#primaryimage","url":"https:\/\/www.moree.de\/wp-content\/uploads\/2021\/07\/Moree-Star-60-Outdoor-Terrasse-e1626420259144.jpg","contentUrl":"https:\/\/www.moree.de\/wp-content\/uploads\/2021\/07\/Moree-Star-60-Outdoor-Terrasse-e1626420259144.jpg","width":1000,"height":800,"caption":"LED Star, LED Star battery operated, LED Star outdoor large"},{"@type":"BreadcrumbList","@id":"https:\/\/www.moree.de\/en\/product\/christmas-star-outdoor-light\/#breadcrumb","itemListElement":[{"@type":"ListItem","position":1,"name":"Home","item":"https:\/\/www.moree.de\/en\/"},{"@type":"ListItem","position":2,"name":"Shop","item":"https:\/\/www.moree.de\/en\/shop\/"},{"@type":"ListItem","position":3,"name":"Star 60"}]},{"@type":"WebSite","@id":"https:\/\/www.moree.de\/en\/#website","url":"https:\/\/www.moree.de\/en\/","name":"Moree.de","description":"Gastronomie M\u00f6bel, Lounge M\u00f6bel, Barhocker und LED M\u00f6bel","publisher":{"@id":"https:\/\/www.moree.de\/en\/#organization"},"potentialAction":[{"@type":"SearchAction","target":{"@type":"EntryPoint","urlTemplate":"https:\/\/www.moree.de\/en\/?s={search_term_string}"},"query-input":{"@type":"PropertyValueSpecification","valueRequired":true,"valueName":"search_term_string"}}],"inLanguage":"en-US"},{"@type":"Organization","@id":"https:\/\/www.moree.de\/en\/#organization","name":"Moree.de","url":"https:\/\/www.moree.de\/en\/","logo":{"@type":"ImageObject","inLanguage":"en-US","@id":"https:\/\/www.moree.de\/en\/#\/schema\/logo\/image\/","url":"https:\/\/www.moree.de\/wp-content\/uploads\/2021\/05\/moree-logo.svg","contentUrl":"https:\/\/www.moree.de\/wp-content\/uploads\/2021\/05\/moree-logo.svg","width":349,"height":62,"caption":"Moree.de"},"image":{"@id":"https:\/\/www.moree.de\/en\/#\/schema\/logo\/image\/"}}]}},"_links":{"self":[{"href":"https:\/\/www.moree.de\/en\/wp-json\/wp\/v2\/product\/7541","targetHints":{"allow":["GET"]}}],"collection":[{"href":"https:\/\/www.moree.de\/en\/wp-json\/wp\/v2\/product"}],"about":[{"href":"https:\/\/www.moree.de\/en\/wp-json\/wp\/v2\/types\/product"}],"wp:featuredmedia":[{"embeddable":true,"href":"https:\/\/www.moree.de\/en\/wp-json\/wp\/v2\/media\/5787"}],"wp:attachment":[{"href":"https:\/\/www.moree.de\/en\/wp-json\/wp\/v2\/media?parent=7541"}],"wp:term":[{"taxonomy":"product_brand","embeddable":true,"href":"https:\/\/www.moree.de\/en\/wp-json\/wp\/v2\/product_brand?post=7541"},{"taxonomy":"product_cat","embeddable":true,"href":"https:\/\/www.moree.de\/en\/wp-json\/wp\/v2\/product_cat?post=7541"},{"taxonomy":"product_tag","embeddable":true,"href":"https:\/\/www.moree.de\/en\/wp-json\/wp\/v2\/product_tag?post=7541"}],"curies":[{"name":"wp","href":"https:\/\/api.w.org\/{rel}","templated":true}]}}