{"id":7721,"date":"2021-07-18T17:01:30","date_gmt":"2021-07-21T15:01:30","guid":{"rendered":"https:\/\/www.moree.de\/produkt\/dmx-control\/"},"modified":"2025-10-29T13:33:37","modified_gmt":"2025-10-29T12:33:37","slug":"dmx-control","status":"publish","type":"product","link":"https:\/\/www.moree.de\/en\/product\/dmx-control\/","title":{"rendered":"DMX Control"},"content":{"rendered":"<p>For professional use, our LED PRO multi coloured products can be controlled with DMX512. This applies to both wired and wireless battery products.<\/p>\n<p>DMX 512 is a digital control protocol that is used in stage and event technology to control lighting technology such as dimmers, \u201cintelligent\u201d spotlights and effect devices. The abbreviation DMX stands for Digital Multiplex.<\/p>\n","protected":false},"excerpt":{"rendered":"<p>For professional use, our LED PRO multi coloured products can be controlled with DMX512. This applies to both wired and wireless battery products.<\/p>\n<p>DMX 512 is a digital control protocol that is used in stage and event technology to control lighting technology such as dimmers, \u201cintelligent\u201d spotlights and effect devices. The abbreviation DMX stands for Digital Multiplex.<\/p>\n<p>Example reference as\u00a0<strong><a href=\"https:\/\/www.moree.de\/wp-content\/uploads\/2021\/08\/200111-Reference-MOODIS-Bar-EN.pdf\">PDF<\/a>.<\/strong><\/p>\n","protected":false},"featured_media":6055,"template":"","meta":{"_acf_changed":false},"product_brand":[],"product_cat":[348],"product_tag":[],"class_list":{"0":"post-7721","1":"product","2":"type-product","3":"status-publish","4":"has-post-thumbnail","6":"product_cat-accessories-en","8":"first","9":"instock","10":"taxable","11":"shipping-taxable","12":"purchasable","13":"product-type-simple"},"acf":[],"yoast_head":"<!-- This site is optimized with the Yoast SEO plugin v26.8 - https:\/\/yoast.com\/product\/yoast-seo-wordpress\/ -->\n<title>DMX Control - Moree.de<\/title>\n<meta name=\"robots\" content=\"index, follow, max-snippet:-1, max-image-preview:large, max-video-preview:-1\" \/>\n<link rel=\"canonical\" href=\"https:\/\/www.moree.de\/en\/product\/dmx-control\/\" \/>\n<meta property=\"og:locale\" content=\"en_US\" \/>\n<meta property=\"og:type\" content=\"article\" \/>\n<meta property=\"og:title\" content=\"DMX Control - Moree.de\" \/>\n<meta property=\"og:description\" content=\"For professional use, our LED PRO multi coloured products can be controlled with DMX512. This applies to both wired and wireless battery products.  DMX 512 is a digital control protocol that is used in stage and event technology to control lighting technology such as dimmers, \u201cintelligent\u201d spotlights and effect devices. The abbreviation DMX stands for Digital Multiplex.  Example reference as\u00a0PDF.\" \/>\n<meta property=\"og:url\" content=\"https:\/\/www.moree.de\/en\/product\/dmx-control\/\" \/>\n<meta property=\"og:site_name\" content=\"Moree.de\" \/>\n<meta property=\"article:modified_time\" content=\"2025-10-29T12:33:37+00:00\" \/>\n<meta property=\"og:image\" content=\"https:\/\/www.moree.de\/wp-content\/uploads\/2021\/07\/\u00a9MOODIS-Cocktail-Lounge-Bar-DMX.PDF02-1.jpg\" \/>\n\t<meta property=\"og:image:width\" content=\"340\" \/>\n\t<meta property=\"og:image:height\" content=\"500\" \/>\n\t<meta property=\"og:image:type\" content=\"image\/jpeg\" \/>\n<meta name=\"twitter:card\" content=\"summary_large_image\" \/>\n<script type=\"application\/ld+json\" class=\"yoast-schema-graph\">{\"@context\":\"https:\/\/schema.org\",\"@graph\":[{\"@type\":\"WebPage\",\"@id\":\"https:\/\/www.moree.de\/en\/product\/dmx-control\/\",\"url\":\"https:\/\/www.moree.de\/en\/product\/dmx-control\/\",\"name\":\"DMX Control - Moree.de\",\"isPartOf\":{\"@id\":\"https:\/\/www.moree.de\/en\/#website\"},\"primaryImageOfPage\":{\"@id\":\"https:\/\/www.moree.de\/en\/product\/dmx-control\/#primaryimage\"},\"image\":{\"@id\":\"https:\/\/www.moree.de\/en\/product\/dmx-control\/#primaryimage\"},\"thumbnailUrl\":\"https:\/\/www.moree.de\/wp-content\/uploads\/2021\/07\/\u00a9MOODIS-Cocktail-Lounge-Bar-DMX.PDF02-1.jpg\",\"datePublished\":\"2021-07-21T15:01:30+00:00\",\"dateModified\":\"2025-10-29T12:33:37+00:00\",\"breadcrumb\":{\"@id\":\"https:\/\/www.moree.de\/en\/product\/dmx-control\/#breadcrumb\"},\"inLanguage\":\"en-US\",\"potentialAction\":[{\"@type\":\"ReadAction\",\"target\":[\"https:\/\/www.moree.de\/en\/product\/dmx-control\/\"]}]},{\"@type\":\"ImageObject\",\"inLanguage\":\"en-US\",\"@id\":\"https:\/\/www.moree.de\/en\/product\/dmx-control\/#primaryimage\",\"url\":\"https:\/\/www.moree.de\/wp-content\/uploads\/2021\/07\/\u00a9MOODIS-Cocktail-Lounge-Bar-DMX.PDF02-1.jpg\",\"contentUrl\":\"https:\/\/www.moree.de\/wp-content\/uploads\/2021\/07\/\u00a9MOODIS-Cocktail-Lounge-Bar-DMX.PDF02-1.jpg\",\"width\":340,\"height\":500},{\"@type\":\"BreadcrumbList\",\"@id\":\"https:\/\/www.moree.de\/en\/product\/dmx-control\/#breadcrumb\",\"itemListElement\":[{\"@type\":\"ListItem\",\"position\":1,\"name\":\"Home\",\"item\":\"https:\/\/www.moree.de\/en\/\"},{\"@type\":\"ListItem\",\"position\":2,\"name\":\"Shop\",\"item\":\"https:\/\/www.moree.de\/en\/shop\/\"},{\"@type\":\"ListItem\",\"position\":3,\"name\":\"DMX Control\"}]},{\"@type\":\"WebSite\",\"@id\":\"https:\/\/www.moree.de\/en\/#website\",\"url\":\"https:\/\/www.moree.de\/en\/\",\"name\":\"Moree.de\",\"description\":\"Gastronomie M\u00f6bel, Lounge M\u00f6bel, Barhocker und LED M\u00f6bel\",\"publisher\":{\"@id\":\"https:\/\/www.moree.de\/en\/#organization\"},\"potentialAction\":[{\"@type\":\"SearchAction\",\"target\":{\"@type\":\"EntryPoint\",\"urlTemplate\":\"https:\/\/www.moree.de\/en\/?s={search_term_string}\"},\"query-input\":{\"@type\":\"PropertyValueSpecification\",\"valueRequired\":true,\"valueName\":\"search_term_string\"}}],\"inLanguage\":\"en-US\"},{\"@type\":\"Organization\",\"@id\":\"https:\/\/www.moree.de\/en\/#organization\",\"name\":\"Moree.de\",\"url\":\"https:\/\/www.moree.de\/en\/\",\"logo\":{\"@type\":\"ImageObject\",\"inLanguage\":\"en-US\",\"@id\":\"https:\/\/www.moree.de\/en\/#\/schema\/logo\/image\/\",\"url\":\"https:\/\/www.moree.de\/wp-content\/uploads\/2021\/05\/moree-logo.svg\",\"contentUrl\":\"https:\/\/www.moree.de\/wp-content\/uploads\/2021\/05\/moree-logo.svg\",\"width\":349,\"height\":62,\"caption\":\"Moree.de\"},\"image\":{\"@id\":\"https:\/\/www.moree.de\/en\/#\/schema\/logo\/image\/\"}}]}<\/script>\n<!-- \/ Yoast SEO plugin. -->","yoast_head_json":{"title":"DMX Control - Moree.de","robots":{"index":"index","follow":"follow","max-snippet":"max-snippet:-1","max-image-preview":"max-image-preview:large","max-video-preview":"max-video-preview:-1"},"canonical":"https:\/\/www.moree.de\/en\/product\/dmx-control\/","og_locale":"en_US","og_type":"article","og_title":"DMX Control - Moree.de","og_description":"For professional use, our LED PRO multi coloured products can be controlled with DMX512. This applies to both wired and wireless battery products.  DMX 512 is a digital control protocol that is used in stage and event technology to control lighting technology such as dimmers, \u201cintelligent\u201d spotlights and effect devices. The abbreviation DMX stands for Digital Multiplex.  Example reference as\u00a0PDF.","og_url":"https:\/\/www.moree.de\/en\/product\/dmx-control\/","og_site_name":"Moree.de","article_modified_time":"2025-10-29T12:33:37+00:00","og_image":[{"width":340,"height":500,"url":"https:\/\/www.moree.de\/wp-content\/uploads\/2021\/07\/\u00a9MOODIS-Cocktail-Lounge-Bar-DMX.PDF02-1.jpg","type":"image\/jpeg"}],"twitter_card":"summary_large_image","schema":{"@context":"https:\/\/schema.org","@graph":[{"@type":"WebPage","@id":"https:\/\/www.moree.de\/en\/product\/dmx-control\/","url":"https:\/\/www.moree.de\/en\/product\/dmx-control\/","name":"DMX Control - Moree.de","isPartOf":{"@id":"https:\/\/www.moree.de\/en\/#website"},"primaryImageOfPage":{"@id":"https:\/\/www.moree.de\/en\/product\/dmx-control\/#primaryimage"},"image":{"@id":"https:\/\/www.moree.de\/en\/product\/dmx-control\/#primaryimage"},"thumbnailUrl":"https:\/\/www.moree.de\/wp-content\/uploads\/2021\/07\/\u00a9MOODIS-Cocktail-Lounge-Bar-DMX.PDF02-1.jpg","datePublished":"2021-07-21T15:01:30+00:00","dateModified":"2025-10-29T12:33:37+00:00","breadcrumb":{"@id":"https:\/\/www.moree.de\/en\/product\/dmx-control\/#breadcrumb"},"inLanguage":"en-US","potentialAction":[{"@type":"ReadAction","target":["https:\/\/www.moree.de\/en\/product\/dmx-control\/"]}]},{"@type":"ImageObject","inLanguage":"en-US","@id":"https:\/\/www.moree.de\/en\/product\/dmx-control\/#primaryimage","url":"https:\/\/www.moree.de\/wp-content\/uploads\/2021\/07\/\u00a9MOODIS-Cocktail-Lounge-Bar-DMX.PDF02-1.jpg","contentUrl":"https:\/\/www.moree.de\/wp-content\/uploads\/2021\/07\/\u00a9MOODIS-Cocktail-Lounge-Bar-DMX.PDF02-1.jpg","width":340,"height":500},{"@type":"BreadcrumbList","@id":"https:\/\/www.moree.de\/en\/product\/dmx-control\/#breadcrumb","itemListElement":[{"@type":"ListItem","position":1,"name":"Home","item":"https:\/\/www.moree.de\/en\/"},{"@type":"ListItem","position":2,"name":"Shop","item":"https:\/\/www.moree.de\/en\/shop\/"},{"@type":"ListItem","position":3,"name":"DMX Control"}]},{"@type":"WebSite","@id":"https:\/\/www.moree.de\/en\/#website","url":"https:\/\/www.moree.de\/en\/","name":"Moree.de","description":"Gastronomie M\u00f6bel, Lounge M\u00f6bel, Barhocker und LED M\u00f6bel","publisher":{"@id":"https:\/\/www.moree.de\/en\/#organization"},"potentialAction":[{"@type":"SearchAction","target":{"@type":"EntryPoint","urlTemplate":"https:\/\/www.moree.de\/en\/?s={search_term_string}"},"query-input":{"@type":"PropertyValueSpecification","valueRequired":true,"valueName":"search_term_string"}}],"inLanguage":"en-US"},{"@type":"Organization","@id":"https:\/\/www.moree.de\/en\/#organization","name":"Moree.de","url":"https:\/\/www.moree.de\/en\/","logo":{"@type":"ImageObject","inLanguage":"en-US","@id":"https:\/\/www.moree.de\/en\/#\/schema\/logo\/image\/","url":"https:\/\/www.moree.de\/wp-content\/uploads\/2021\/05\/moree-logo.svg","contentUrl":"https:\/\/www.moree.de\/wp-content\/uploads\/2021\/05\/moree-logo.svg","width":349,"height":62,"caption":"Moree.de"},"image":{"@id":"https:\/\/www.moree.de\/en\/#\/schema\/logo\/image\/"}}]}},"_links":{"self":[{"href":"https:\/\/www.moree.de\/en\/wp-json\/wp\/v2\/product\/7721","targetHints":{"allow":["GET"]}}],"collection":[{"href":"https:\/\/www.moree.de\/en\/wp-json\/wp\/v2\/product"}],"about":[{"href":"https:\/\/www.moree.de\/en\/wp-json\/wp\/v2\/types\/product"}],"wp:featuredmedia":[{"embeddable":true,"href":"https:\/\/www.moree.de\/en\/wp-json\/wp\/v2\/media\/6055"}],"wp:attachment":[{"href":"https:\/\/www.moree.de\/en\/wp-json\/wp\/v2\/media?parent=7721"}],"wp:term":[{"taxonomy":"product_brand","embeddable":true,"href":"https:\/\/www.moree.de\/en\/wp-json\/wp\/v2\/product_brand?post=7721"},{"taxonomy":"product_cat","embeddable":true,"href":"https:\/\/www.moree.de\/en\/wp-json\/wp\/v2\/product_cat?post=7721"},{"taxonomy":"product_tag","embeddable":true,"href":"https:\/\/www.moree.de\/en\/wp-json\/wp\/v2\/product_tag?post=7721"}],"curies":[{"name":"wp","href":"https:\/\/api.w.org\/{rel}","templated":true}]}}