{"id":7432,"date":"2021-08-12T11:42:18","date_gmt":"2021-08-12T09:42:18","guid":{"rendered":"https:\/\/www.moree.de\/processus-de-commande\/"},"modified":"2021-08-12T11:44:02","modified_gmt":"2021-08-12T09:44:02","slug":"processus-de-commande","status":"publish","type":"page","link":"https:\/\/www.moree.de\/fr\/processus-de-commande\/","title":{"rendered":"Processus de commande"},"content":{"rendered":"<p><strong>1. Panier d&rsquo;achat<\/strong><br \/>\nS\u00e9lectionnez les produits que vous souhaitez commander en cliquant sur le bouton \u00ab\u00a0Ajouter au panier\u00a0\u00bb. Votre s\u00e9lection sera alors plac\u00e9e dans le panier. Cliquez ensuite sur le bouton \u00a0\u00bb Voir le panier \u00a0\u00bb pour voir les produits que vous avez s\u00e9lectionn\u00e9s.<br \/>\nVous pouvez modifier cette s\u00e9lection \u00e0 tout moment jusqu&rsquo;\u00e0 ce que vous soumettiez votre commande en changeant le nombre de produits, en supprimant la s\u00e9lection en cliquant sur la case \u00ab\u00a0Supprimer\u00a0\u00bb ou en annulant le processus de commande. En cliquant sur le bouton \u00ab\u00a0Passer \u00e0 la caisse\u00a0\u00bb, vous passerez \u00e0 l&rsquo;\u00e9tape suivante du processus de commande.<\/p>\n<p><strong>2. Indiquer l&rsquo;adresse de facturation\/s\u00e9lectionner le mode de paiement\/ les conditions g\u00e9n\u00e9rales et la politique d&rsquo;annulation.<\/strong><br \/>\nVeuillez saisir vos coordonn\u00e9es de facturation et votre adresse de livraison. Vos donn\u00e9es seront collect\u00e9es, trait\u00e9es et utilis\u00e9es conform\u00e9ment \u00e0 la r\u00e9glementation sur la protection des donn\u00e9es (voir l&rsquo;avis sur la protection des donn\u00e9es). Vos donn\u00e9es ne seront pas utilis\u00e9es \u00e0 d&rsquo;autres fins ni communiqu\u00e9es \u00e0 des tiers.<\/p>\n<p>Veuillez lire attentivement les conditions g\u00e9n\u00e9rales et la politique d&rsquo;annulation. Vous ne pouvez poursuivre la commande que si vous acceptez les conditions g\u00e9n\u00e9rales et les conditions d&rsquo;annulation (cochez la case).<\/p>\n<p>En cliquant sur le bouton \u00ab\u00a0Continuer\u00a0\u00bb, vous passerez \u00e0 l&rsquo;\u00e9tape suivante de la commande.<\/p>\n<p><strong>3. V\u00e9rifier les donn\u00e9es\/terminer le processus de commande<\/strong><\/p>\n<p><strong>4. Confirmez votre commande<\/strong><br \/>\nV\u00e9rifiez maintenant votre adresse de facturation et de livraison, votre mode de paiement et votre commande. En cliquant sur le bouton \u00ab\u00a0Acheter\u00a0\u00bb, vous nous envoyez votre commande.<br \/>\nvotre commande \u00e0 nous. Il s&rsquo;agit d&rsquo;un ordre juridiquement contraignant.<\/p>\n<p>Vous recevrez une confirmation de votre commande envoy\u00e9e \u00e0 votre adresse \u00e9lectronique.<\/p>\n\n","protected":false},"excerpt":{"rendered":"<p>1. Panier d&rsquo;achat S\u00e9lectionnez les produits que vous souhaitez commander en cliquant sur le bouton \u00ab\u00a0Ajouter au panier\u00a0\u00bb. Votre s\u00e9lection sera alors plac\u00e9e dans le panier. Cliquez ensuite sur le bouton \u00a0\u00bb Voir le panier \u00a0\u00bb pour voir les produits que vous avez s\u00e9lectionn\u00e9s. Vous pouvez modifier cette s\u00e9lection \u00e0 tout moment jusqu&rsquo;\u00e0 ce que [&hellip;]<\/p>\n","protected":false},"author":1,"featured_media":6608,"parent":0,"menu_order":0,"comment_status":"closed","ping_status":"closed","template":"elementor_theme","meta":{"_acf_changed":false,"footnotes":""},"class_list":["post-7432","page","type-page","status-publish","has-post-thumbnail","hentry"],"acf":[],"yoast_head":"<!-- This site is optimized with the Yoast SEO plugin v26.8 - https:\/\/yoast.com\/product\/yoast-seo-wordpress\/ -->\n<title>Processus de commande - Moree.de<\/title>\n<meta name=\"robots\" content=\"index, follow, max-snippet:-1, max-image-preview:large, max-video-preview:-1\" \/>\n<link rel=\"canonical\" href=\"https:\/\/www.moree.de\/fr\/processus-de-commande\/\" \/>\n<meta property=\"og:locale\" content=\"fr_FR\" \/>\n<meta property=\"og:type\" content=\"article\" \/>\n<meta property=\"og:title\" content=\"Processus de commande - Moree.de\" \/>\n<meta property=\"og:description\" content=\"1. Panier d&rsquo;achat S\u00e9lectionnez les produits que vous souhaitez commander en cliquant sur le bouton \u00ab\u00a0Ajouter au panier\u00a0\u00bb. Votre s\u00e9lection sera alors plac\u00e9e dans le panier. Cliquez ensuite sur le bouton \u00a0\u00bb Voir le panier \u00a0\u00bb pour voir les produits que vous avez s\u00e9lectionn\u00e9s. Vous pouvez modifier cette s\u00e9lection \u00e0 tout moment jusqu&rsquo;\u00e0 ce que [&hellip;]\" \/>\n<meta property=\"og:url\" content=\"https:\/\/www.moree.de\/fr\/processus-de-commande\/\" \/>\n<meta property=\"og:site_name\" content=\"Moree.de\" \/>\n<meta property=\"article:modified_time\" content=\"2021-08-12T09:44:02+00:00\" \/>\n<meta property=\"og:image\" content=\"https:\/\/www.moree.de\/wp-content\/uploads\/2021\/08\/TS-Ora-Home-LED-Pro.jpg\" \/>\n\t<meta property=\"og:image:width\" content=\"1440\" \/>\n\t<meta property=\"og:image:height\" content=\"530\" \/>\n\t<meta property=\"og:image:type\" content=\"image\/jpeg\" \/>\n<meta name=\"twitter:card\" content=\"summary_large_image\" \/>\n<meta name=\"twitter:label1\" content=\"Dur\u00e9e de lecture estim\u00e9e\" \/>\n\t<meta name=\"twitter:data1\" content=\"1 minute\" \/>\n<script type=\"application\/ld+json\" class=\"yoast-schema-graph\">{\"@context\":\"https:\/\/schema.org\",\"@graph\":[{\"@type\":\"WebPage\",\"@id\":\"https:\/\/www.moree.de\/fr\/processus-de-commande\/\",\"url\":\"https:\/\/www.moree.de\/fr\/processus-de-commande\/\",\"name\":\"Processus de commande - Moree.de\",\"isPartOf\":{\"@id\":\"https:\/\/www.moree.de\/fr\/#website\"},\"primaryImageOfPage\":{\"@id\":\"https:\/\/www.moree.de\/fr\/processus-de-commande\/#primaryimage\"},\"image\":{\"@id\":\"https:\/\/www.moree.de\/fr\/processus-de-commande\/#primaryimage\"},\"thumbnailUrl\":\"https:\/\/www.moree.de\/wp-content\/uploads\/2021\/08\/TS-Ora-Home-LED-Pro.jpg\",\"datePublished\":\"2021-08-12T09:42:18+00:00\",\"dateModified\":\"2021-08-12T09:44:02+00:00\",\"breadcrumb\":{\"@id\":\"https:\/\/www.moree.de\/fr\/processus-de-commande\/#breadcrumb\"},\"inLanguage\":\"fr-FR\",\"potentialAction\":[{\"@type\":\"ReadAction\",\"target\":[\"https:\/\/www.moree.de\/fr\/processus-de-commande\/\"]}]},{\"@type\":\"ImageObject\",\"inLanguage\":\"fr-FR\",\"@id\":\"https:\/\/www.moree.de\/fr\/processus-de-commande\/#primaryimage\",\"url\":\"https:\/\/www.moree.de\/wp-content\/uploads\/2021\/08\/TS-Ora-Home-LED-Pro.jpg\",\"contentUrl\":\"https:\/\/www.moree.de\/wp-content\/uploads\/2021\/08\/TS-Ora-Home-LED-Pro.jpg\",\"width\":1440,\"height\":530},{\"@type\":\"BreadcrumbList\",\"@id\":\"https:\/\/www.moree.de\/fr\/processus-de-commande\/#breadcrumb\",\"itemListElement\":[{\"@type\":\"ListItem\",\"position\":1,\"name\":\"Home\",\"item\":\"https:\/\/www.moree.de\/fr\/\"},{\"@type\":\"ListItem\",\"position\":2,\"name\":\"Processus de commande\"}]},{\"@type\":\"WebSite\",\"@id\":\"https:\/\/www.moree.de\/fr\/#website\",\"url\":\"https:\/\/www.moree.de\/fr\/\",\"name\":\"Moree.de\",\"description\":\"Gastronomie M\u00f6bel, Lounge M\u00f6bel, Barhocker und LED M\u00f6bel\",\"publisher\":{\"@id\":\"https:\/\/www.moree.de\/fr\/#organization\"},\"potentialAction\":[{\"@type\":\"SearchAction\",\"target\":{\"@type\":\"EntryPoint\",\"urlTemplate\":\"https:\/\/www.moree.de\/fr\/?s={search_term_string}\"},\"query-input\":{\"@type\":\"PropertyValueSpecification\",\"valueRequired\":true,\"valueName\":\"search_term_string\"}}],\"inLanguage\":\"fr-FR\"},{\"@type\":\"Organization\",\"@id\":\"https:\/\/www.moree.de\/fr\/#organization\",\"name\":\"Moree.de\",\"url\":\"https:\/\/www.moree.de\/fr\/\",\"logo\":{\"@type\":\"ImageObject\",\"inLanguage\":\"fr-FR\",\"@id\":\"https:\/\/www.moree.de\/fr\/#\/schema\/logo\/image\/\",\"url\":\"https:\/\/www.moree.de\/wp-content\/uploads\/2021\/05\/moree-logo.svg\",\"contentUrl\":\"https:\/\/www.moree.de\/wp-content\/uploads\/2021\/05\/moree-logo.svg\",\"width\":349,\"height\":62,\"caption\":\"Moree.de\"},\"image\":{\"@id\":\"https:\/\/www.moree.de\/fr\/#\/schema\/logo\/image\/\"}}]}<\/script>\n<!-- \/ Yoast SEO plugin. -->","yoast_head_json":{"title":"Processus de commande - Moree.de","robots":{"index":"index","follow":"follow","max-snippet":"max-snippet:-1","max-image-preview":"max-image-preview:large","max-video-preview":"max-video-preview:-1"},"canonical":"https:\/\/www.moree.de\/fr\/processus-de-commande\/","og_locale":"fr_FR","og_type":"article","og_title":"Processus de commande - Moree.de","og_description":"1. Panier d&rsquo;achat S\u00e9lectionnez les produits que vous souhaitez commander en cliquant sur le bouton \u00ab\u00a0Ajouter au panier\u00a0\u00bb. Votre s\u00e9lection sera alors plac\u00e9e dans le panier. Cliquez ensuite sur le bouton \u00a0\u00bb Voir le panier \u00a0\u00bb pour voir les produits que vous avez s\u00e9lectionn\u00e9s. Vous pouvez modifier cette s\u00e9lection \u00e0 tout moment jusqu&rsquo;\u00e0 ce que [&hellip;]","og_url":"https:\/\/www.moree.de\/fr\/processus-de-commande\/","og_site_name":"Moree.de","article_modified_time":"2021-08-12T09:44:02+00:00","og_image":[{"width":1440,"height":530,"url":"https:\/\/www.moree.de\/wp-content\/uploads\/2021\/08\/TS-Ora-Home-LED-Pro.jpg","type":"image\/jpeg"}],"twitter_card":"summary_large_image","twitter_misc":{"Dur\u00e9e de lecture estim\u00e9e":"1 minute"},"schema":{"@context":"https:\/\/schema.org","@graph":[{"@type":"WebPage","@id":"https:\/\/www.moree.de\/fr\/processus-de-commande\/","url":"https:\/\/www.moree.de\/fr\/processus-de-commande\/","name":"Processus de commande - Moree.de","isPartOf":{"@id":"https:\/\/www.moree.de\/fr\/#website"},"primaryImageOfPage":{"@id":"https:\/\/www.moree.de\/fr\/processus-de-commande\/#primaryimage"},"image":{"@id":"https:\/\/www.moree.de\/fr\/processus-de-commande\/#primaryimage"},"thumbnailUrl":"https:\/\/www.moree.de\/wp-content\/uploads\/2021\/08\/TS-Ora-Home-LED-Pro.jpg","datePublished":"2021-08-12T09:42:18+00:00","dateModified":"2021-08-12T09:44:02+00:00","breadcrumb":{"@id":"https:\/\/www.moree.de\/fr\/processus-de-commande\/#breadcrumb"},"inLanguage":"fr-FR","potentialAction":[{"@type":"ReadAction","target":["https:\/\/www.moree.de\/fr\/processus-de-commande\/"]}]},{"@type":"ImageObject","inLanguage":"fr-FR","@id":"https:\/\/www.moree.de\/fr\/processus-de-commande\/#primaryimage","url":"https:\/\/www.moree.de\/wp-content\/uploads\/2021\/08\/TS-Ora-Home-LED-Pro.jpg","contentUrl":"https:\/\/www.moree.de\/wp-content\/uploads\/2021\/08\/TS-Ora-Home-LED-Pro.jpg","width":1440,"height":530},{"@type":"BreadcrumbList","@id":"https:\/\/www.moree.de\/fr\/processus-de-commande\/#breadcrumb","itemListElement":[{"@type":"ListItem","position":1,"name":"Home","item":"https:\/\/www.moree.de\/fr\/"},{"@type":"ListItem","position":2,"name":"Processus de commande"}]},{"@type":"WebSite","@id":"https:\/\/www.moree.de\/fr\/#website","url":"https:\/\/www.moree.de\/fr\/","name":"Moree.de","description":"Gastronomie M\u00f6bel, Lounge M\u00f6bel, Barhocker und LED M\u00f6bel","publisher":{"@id":"https:\/\/www.moree.de\/fr\/#organization"},"potentialAction":[{"@type":"SearchAction","target":{"@type":"EntryPoint","urlTemplate":"https:\/\/www.moree.de\/fr\/?s={search_term_string}"},"query-input":{"@type":"PropertyValueSpecification","valueRequired":true,"valueName":"search_term_string"}}],"inLanguage":"fr-FR"},{"@type":"Organization","@id":"https:\/\/www.moree.de\/fr\/#organization","name":"Moree.de","url":"https:\/\/www.moree.de\/fr\/","logo":{"@type":"ImageObject","inLanguage":"fr-FR","@id":"https:\/\/www.moree.de\/fr\/#\/schema\/logo\/image\/","url":"https:\/\/www.moree.de\/wp-content\/uploads\/2021\/05\/moree-logo.svg","contentUrl":"https:\/\/www.moree.de\/wp-content\/uploads\/2021\/05\/moree-logo.svg","width":349,"height":62,"caption":"Moree.de"},"image":{"@id":"https:\/\/www.moree.de\/fr\/#\/schema\/logo\/image\/"}}]}},"_links":{"self":[{"href":"https:\/\/www.moree.de\/fr\/wp-json\/wp\/v2\/pages\/7432","targetHints":{"allow":["GET"]}}],"collection":[{"href":"https:\/\/www.moree.de\/fr\/wp-json\/wp\/v2\/pages"}],"about":[{"href":"https:\/\/www.moree.de\/fr\/wp-json\/wp\/v2\/types\/page"}],"author":[{"embeddable":true,"href":"https:\/\/www.moree.de\/fr\/wp-json\/wp\/v2\/users\/1"}],"replies":[{"embeddable":true,"href":"https:\/\/www.moree.de\/fr\/wp-json\/wp\/v2\/comments?post=7432"}],"version-history":[{"count":1,"href":"https:\/\/www.moree.de\/fr\/wp-json\/wp\/v2\/pages\/7432\/revisions"}],"predecessor-version":[{"id":7435,"href":"https:\/\/www.moree.de\/fr\/wp-json\/wp\/v2\/pages\/7432\/revisions\/7435"}],"wp:featuredmedia":[{"embeddable":true,"href":"https:\/\/www.moree.de\/fr\/wp-json\/wp\/v2\/media\/6608"}],"wp:attachment":[{"href":"https:\/\/www.moree.de\/fr\/wp-json\/wp\/v2\/media?parent=7432"}],"curies":[{"name":"wp","href":"https:\/\/api.w.org\/{rel}","templated":true}]}}