{"id":7537,"date":"2021-08-12T14:41:10","date_gmt":"2021-08-12T12:41:10","guid":{"rendered":"https:\/\/www.moree.de\/obligation-de-fournir-des-informations-conformement-a-la-loi-sur-les-batteries-battg\/"},"modified":"2021-08-12T14:44:12","modified_gmt":"2021-08-12T12:44:12","slug":"obligation-de-fournir-des-informations-conformement-a-la-loi-sur-les-batteries-battg","status":"publish","type":"page","link":"https:\/\/www.moree.de\/fr\/obligation-de-fournir-des-informations-conformement-a-la-loi-sur-les-batteries-battg\/","title":{"rendered":"Obligation de fournir des informations conform\u00e9ment \u00e0 la loi sur les batteries (BattG)"},"content":{"rendered":"<p>Assurez-vous de rapporter vos vieilles piles\/piles rechargeables \u00e0 un point de collecte municipal ou \u00e0 votre d\u00e9taillant local, comme l&rsquo;exige la loi. Leur \u00e9limination dans les ordures m\u00e9nag\u00e8res normales est interdite et constitue une violation de la loi sur les piles. Le retour est gratuit pour vous. Vous pouvez \u00e9galement nous renvoyer gratuitement les piles et les packs de piles que vous avez achet\u00e9s chez nous apr\u00e8s utilisation. Les piles\/piles rechargeables doivent toujours nous \u00eatre retourn\u00e9es avec un affranchissement suffisant. Les retours de piles\/piles rechargeables doivent \u00eatre adress\u00e9s \u00e0 :<\/p>\n<p>Moree Germany GmbH<br \/>\nBeule 78<br \/>\n42277 Wuppertal<br \/>\nAllemagne<\/p>\n<p>Les piles et les batteries rechargeables contenant des substances nocives sont clairement marqu\u00e9es du symbole d&rsquo;une poubelle barr\u00e9e. En outre, sous le symbole de la poubelle barr\u00e9e figure le nom chimique des polluants correspondants. En voici quelques exemples : (Pb) plomb, (Cd) cadmium, (Hg) mercure.<\/p>\n<p><img decoding=\"async\" src=\"https:\/\/www.moree.de\/wp-content\/uploads\/2021\/07\/Symbole-BattG.jpg\" alt=\"https:\/\/www.moree.de\/wp-content\/uploads\/2021\/07\/Symbole-BattG.jpg\" \/><\/p>\n<p>Vous avez la possibilit\u00e9 de relire ces informations dans les documents d&rsquo;accompagnement de notre livraison de marchandises ou dans le mode d&#8217;emploi du produit concern\u00e9.<\/p>\n","protected":false},"excerpt":{"rendered":"<p>Assurez-vous de rapporter vos vieilles piles\/piles rechargeables \u00e0 un point de collecte municipal ou \u00e0 votre d\u00e9taillant local, comme l&rsquo;exige la loi. Leur \u00e9limination dans les ordures m\u00e9nag\u00e8res normales est interdite et constitue une violation de la loi sur les piles. Le retour est gratuit pour vous. Vous pouvez \u00e9galement nous renvoyer gratuitement les piles [&hellip;]<\/p>\n","protected":false},"author":3,"featured_media":6608,"parent":0,"menu_order":0,"comment_status":"closed","ping_status":"closed","template":"","meta":{"_acf_changed":false,"footnotes":""},"class_list":["post-7537","page","type-page","status-publish","has-post-thumbnail","hentry"],"acf":[],"yoast_head":"<!-- This site is optimized with the Yoast SEO plugin v26.8 - https:\/\/yoast.com\/product\/yoast-seo-wordpress\/ -->\n<title>Obligation de fournir des informations conform\u00e9ment \u00e0 la loi sur les batteries (BattG) - Moree.de<\/title>\n<meta name=\"robots\" content=\"index, follow, max-snippet:-1, max-image-preview:large, max-video-preview:-1\" \/>\n<link rel=\"canonical\" href=\"https:\/\/www.moree.de\/fr\/obligation-de-fournir-des-informations-conformement-a-la-loi-sur-les-batteries-battg\/\" \/>\n<meta property=\"og:locale\" content=\"fr_FR\" \/>\n<meta property=\"og:type\" content=\"article\" \/>\n<meta property=\"og:title\" content=\"Obligation de fournir des informations conform\u00e9ment \u00e0 la loi sur les batteries (BattG) - Moree.de\" \/>\n<meta property=\"og:description\" content=\"Assurez-vous de rapporter vos vieilles piles\/piles rechargeables \u00e0 un point de collecte municipal ou \u00e0 votre d\u00e9taillant local, comme l&rsquo;exige la loi. Leur \u00e9limination dans les ordures m\u00e9nag\u00e8res normales est interdite et constitue une violation de la loi sur les piles. Le retour est gratuit pour vous. Vous pouvez \u00e9galement nous renvoyer gratuitement les piles [&hellip;]\" \/>\n<meta property=\"og:url\" content=\"https:\/\/www.moree.de\/fr\/obligation-de-fournir-des-informations-conformement-a-la-loi-sur-les-batteries-battg\/\" \/>\n<meta property=\"og:site_name\" content=\"Moree.de\" \/>\n<meta property=\"article:modified_time\" content=\"2021-08-12T12:44:12+00:00\" \/>\n<meta property=\"og:image\" content=\"https:\/\/www.moree.de\/wp-content\/uploads\/2021\/08\/TS-Ora-Home-LED-Pro.jpg\" \/>\n\t<meta property=\"og:image:width\" content=\"1440\" \/>\n\t<meta property=\"og:image:height\" content=\"530\" \/>\n\t<meta property=\"og:image:type\" content=\"image\/jpeg\" \/>\n<meta name=\"twitter:card\" content=\"summary_large_image\" \/>\n<meta name=\"twitter:label1\" content=\"Dur\u00e9e de lecture estim\u00e9e\" \/>\n\t<meta name=\"twitter:data1\" content=\"1 minute\" \/>\n<script type=\"application\/ld+json\" class=\"yoast-schema-graph\">{\"@context\":\"https:\/\/schema.org\",\"@graph\":[{\"@type\":\"WebPage\",\"@id\":\"https:\/\/www.moree.de\/fr\/obligation-de-fournir-des-informations-conformement-a-la-loi-sur-les-batteries-battg\/\",\"url\":\"https:\/\/www.moree.de\/fr\/obligation-de-fournir-des-informations-conformement-a-la-loi-sur-les-batteries-battg\/\",\"name\":\"Obligation de fournir des informations conform\u00e9ment \u00e0 la loi sur les batteries (BattG) - Moree.de\",\"isPartOf\":{\"@id\":\"https:\/\/www.moree.de\/fr\/#website\"},\"primaryImageOfPage\":{\"@id\":\"https:\/\/www.moree.de\/fr\/obligation-de-fournir-des-informations-conformement-a-la-loi-sur-les-batteries-battg\/#primaryimage\"},\"image\":{\"@id\":\"https:\/\/www.moree.de\/fr\/obligation-de-fournir-des-informations-conformement-a-la-loi-sur-les-batteries-battg\/#primaryimage\"},\"thumbnailUrl\":\"https:\/\/www.moree.de\/wp-content\/uploads\/2021\/08\/TS-Ora-Home-LED-Pro.jpg\",\"datePublished\":\"2021-08-12T12:41:10+00:00\",\"dateModified\":\"2021-08-12T12:44:12+00:00\",\"breadcrumb\":{\"@id\":\"https:\/\/www.moree.de\/fr\/obligation-de-fournir-des-informations-conformement-a-la-loi-sur-les-batteries-battg\/#breadcrumb\"},\"inLanguage\":\"fr-FR\",\"potentialAction\":[{\"@type\":\"ReadAction\",\"target\":[\"https:\/\/www.moree.de\/fr\/obligation-de-fournir-des-informations-conformement-a-la-loi-sur-les-batteries-battg\/\"]}]},{\"@type\":\"ImageObject\",\"inLanguage\":\"fr-FR\",\"@id\":\"https:\/\/www.moree.de\/fr\/obligation-de-fournir-des-informations-conformement-a-la-loi-sur-les-batteries-battg\/#primaryimage\",\"url\":\"https:\/\/www.moree.de\/wp-content\/uploads\/2021\/08\/TS-Ora-Home-LED-Pro.jpg\",\"contentUrl\":\"https:\/\/www.moree.de\/wp-content\/uploads\/2021\/08\/TS-Ora-Home-LED-Pro.jpg\",\"width\":1440,\"height\":530},{\"@type\":\"BreadcrumbList\",\"@id\":\"https:\/\/www.moree.de\/fr\/obligation-de-fournir-des-informations-conformement-a-la-loi-sur-les-batteries-battg\/#breadcrumb\",\"itemListElement\":[{\"@type\":\"ListItem\",\"position\":1,\"name\":\"Home\",\"item\":\"https:\/\/www.moree.de\/fr\/\"},{\"@type\":\"ListItem\",\"position\":2,\"name\":\"Obligation de fournir des informations conform\u00e9ment \u00e0 la loi sur les batteries (BattG)\"}]},{\"@type\":\"WebSite\",\"@id\":\"https:\/\/www.moree.de\/fr\/#website\",\"url\":\"https:\/\/www.moree.de\/fr\/\",\"name\":\"Moree.de\",\"description\":\"Gastronomie M\u00f6bel, Lounge M\u00f6bel, Barhocker und LED M\u00f6bel\",\"publisher\":{\"@id\":\"https:\/\/www.moree.de\/fr\/#organization\"},\"potentialAction\":[{\"@type\":\"SearchAction\",\"target\":{\"@type\":\"EntryPoint\",\"urlTemplate\":\"https:\/\/www.moree.de\/fr\/?s={search_term_string}\"},\"query-input\":{\"@type\":\"PropertyValueSpecification\",\"valueRequired\":true,\"valueName\":\"search_term_string\"}}],\"inLanguage\":\"fr-FR\"},{\"@type\":\"Organization\",\"@id\":\"https:\/\/www.moree.de\/fr\/#organization\",\"name\":\"Moree.de\",\"url\":\"https:\/\/www.moree.de\/fr\/\",\"logo\":{\"@type\":\"ImageObject\",\"inLanguage\":\"fr-FR\",\"@id\":\"https:\/\/www.moree.de\/fr\/#\/schema\/logo\/image\/\",\"url\":\"https:\/\/www.moree.de\/wp-content\/uploads\/2021\/05\/moree-logo.svg\",\"contentUrl\":\"https:\/\/www.moree.de\/wp-content\/uploads\/2021\/05\/moree-logo.svg\",\"width\":349,\"height\":62,\"caption\":\"Moree.de\"},\"image\":{\"@id\":\"https:\/\/www.moree.de\/fr\/#\/schema\/logo\/image\/\"}}]}<\/script>\n<!-- \/ Yoast SEO plugin. -->","yoast_head_json":{"title":"Obligation de fournir des informations conform\u00e9ment \u00e0 la loi sur les batteries (BattG) - Moree.de","robots":{"index":"index","follow":"follow","max-snippet":"max-snippet:-1","max-image-preview":"max-image-preview:large","max-video-preview":"max-video-preview:-1"},"canonical":"https:\/\/www.moree.de\/fr\/obligation-de-fournir-des-informations-conformement-a-la-loi-sur-les-batteries-battg\/","og_locale":"fr_FR","og_type":"article","og_title":"Obligation de fournir des informations conform\u00e9ment \u00e0 la loi sur les batteries (BattG) - Moree.de","og_description":"Assurez-vous de rapporter vos vieilles piles\/piles rechargeables \u00e0 un point de collecte municipal ou \u00e0 votre d\u00e9taillant local, comme l&rsquo;exige la loi. Leur \u00e9limination dans les ordures m\u00e9nag\u00e8res normales est interdite et constitue une violation de la loi sur les piles. Le retour est gratuit pour vous. Vous pouvez \u00e9galement nous renvoyer gratuitement les piles [&hellip;]","og_url":"https:\/\/www.moree.de\/fr\/obligation-de-fournir-des-informations-conformement-a-la-loi-sur-les-batteries-battg\/","og_site_name":"Moree.de","article_modified_time":"2021-08-12T12:44:12+00:00","og_image":[{"width":1440,"height":530,"url":"https:\/\/www.moree.de\/wp-content\/uploads\/2021\/08\/TS-Ora-Home-LED-Pro.jpg","type":"image\/jpeg"}],"twitter_card":"summary_large_image","twitter_misc":{"Dur\u00e9e de lecture estim\u00e9e":"1 minute"},"schema":{"@context":"https:\/\/schema.org","@graph":[{"@type":"WebPage","@id":"https:\/\/www.moree.de\/fr\/obligation-de-fournir-des-informations-conformement-a-la-loi-sur-les-batteries-battg\/","url":"https:\/\/www.moree.de\/fr\/obligation-de-fournir-des-informations-conformement-a-la-loi-sur-les-batteries-battg\/","name":"Obligation de fournir des informations conform\u00e9ment \u00e0 la loi sur les batteries (BattG) - Moree.de","isPartOf":{"@id":"https:\/\/www.moree.de\/fr\/#website"},"primaryImageOfPage":{"@id":"https:\/\/www.moree.de\/fr\/obligation-de-fournir-des-informations-conformement-a-la-loi-sur-les-batteries-battg\/#primaryimage"},"image":{"@id":"https:\/\/www.moree.de\/fr\/obligation-de-fournir-des-informations-conformement-a-la-loi-sur-les-batteries-battg\/#primaryimage"},"thumbnailUrl":"https:\/\/www.moree.de\/wp-content\/uploads\/2021\/08\/TS-Ora-Home-LED-Pro.jpg","datePublished":"2021-08-12T12:41:10+00:00","dateModified":"2021-08-12T12:44:12+00:00","breadcrumb":{"@id":"https:\/\/www.moree.de\/fr\/obligation-de-fournir-des-informations-conformement-a-la-loi-sur-les-batteries-battg\/#breadcrumb"},"inLanguage":"fr-FR","potentialAction":[{"@type":"ReadAction","target":["https:\/\/www.moree.de\/fr\/obligation-de-fournir-des-informations-conformement-a-la-loi-sur-les-batteries-battg\/"]}]},{"@type":"ImageObject","inLanguage":"fr-FR","@id":"https:\/\/www.moree.de\/fr\/obligation-de-fournir-des-informations-conformement-a-la-loi-sur-les-batteries-battg\/#primaryimage","url":"https:\/\/www.moree.de\/wp-content\/uploads\/2021\/08\/TS-Ora-Home-LED-Pro.jpg","contentUrl":"https:\/\/www.moree.de\/wp-content\/uploads\/2021\/08\/TS-Ora-Home-LED-Pro.jpg","width":1440,"height":530},{"@type":"BreadcrumbList","@id":"https:\/\/www.moree.de\/fr\/obligation-de-fournir-des-informations-conformement-a-la-loi-sur-les-batteries-battg\/#breadcrumb","itemListElement":[{"@type":"ListItem","position":1,"name":"Home","item":"https:\/\/www.moree.de\/fr\/"},{"@type":"ListItem","position":2,"name":"Obligation de fournir des informations conform\u00e9ment \u00e0 la loi sur les batteries (BattG)"}]},{"@type":"WebSite","@id":"https:\/\/www.moree.de\/fr\/#website","url":"https:\/\/www.moree.de\/fr\/","name":"Moree.de","description":"Gastronomie M\u00f6bel, Lounge M\u00f6bel, Barhocker und LED M\u00f6bel","publisher":{"@id":"https:\/\/www.moree.de\/fr\/#organization"},"potentialAction":[{"@type":"SearchAction","target":{"@type":"EntryPoint","urlTemplate":"https:\/\/www.moree.de\/fr\/?s={search_term_string}"},"query-input":{"@type":"PropertyValueSpecification","valueRequired":true,"valueName":"search_term_string"}}],"inLanguage":"fr-FR"},{"@type":"Organization","@id":"https:\/\/www.moree.de\/fr\/#organization","name":"Moree.de","url":"https:\/\/www.moree.de\/fr\/","logo":{"@type":"ImageObject","inLanguage":"fr-FR","@id":"https:\/\/www.moree.de\/fr\/#\/schema\/logo\/image\/","url":"https:\/\/www.moree.de\/wp-content\/uploads\/2021\/05\/moree-logo.svg","contentUrl":"https:\/\/www.moree.de\/wp-content\/uploads\/2021\/05\/moree-logo.svg","width":349,"height":62,"caption":"Moree.de"},"image":{"@id":"https:\/\/www.moree.de\/fr\/#\/schema\/logo\/image\/"}}]}},"_links":{"self":[{"href":"https:\/\/www.moree.de\/fr\/wp-json\/wp\/v2\/pages\/7537","targetHints":{"allow":["GET"]}}],"collection":[{"href":"https:\/\/www.moree.de\/fr\/wp-json\/wp\/v2\/pages"}],"about":[{"href":"https:\/\/www.moree.de\/fr\/wp-json\/wp\/v2\/types\/page"}],"author":[{"embeddable":true,"href":"https:\/\/www.moree.de\/fr\/wp-json\/wp\/v2\/users\/3"}],"replies":[{"embeddable":true,"href":"https:\/\/www.moree.de\/fr\/wp-json\/wp\/v2\/comments?post=7537"}],"version-history":[{"count":1,"href":"https:\/\/www.moree.de\/fr\/wp-json\/wp\/v2\/pages\/7537\/revisions"}],"predecessor-version":[{"id":7540,"href":"https:\/\/www.moree.de\/fr\/wp-json\/wp\/v2\/pages\/7537\/revisions\/7540"}],"wp:featuredmedia":[{"embeddable":true,"href":"https:\/\/www.moree.de\/fr\/wp-json\/wp\/v2\/media\/6608"}],"wp:attachment":[{"href":"https:\/\/www.moree.de\/fr\/wp-json\/wp\/v2\/media?parent=7537"}],"curies":[{"name":"wp","href":"https:\/\/api.w.org\/{rel}","templated":true}]}}