{"id":10189,"date":"2022-02-05T11:39:08","date_gmt":"2022-01-05T10:39:08","guid":{"rendered":"https:\/\/www.moree.de\/?post_type=product&#038;p=10189"},"modified":"2025-10-29T13:33:03","modified_gmt":"2025-10-29T12:33:03","slug":"laterne-exterieur-avec-piles-rechargeables","status":"publish","type":"product","link":"https:\/\/www.moree.de\/fr\/produit\/laterne-exterieur-avec-piles-rechargeables\/","title":{"rendered":"Emily M"},"content":{"rendered":"<p><strong>Lampe de table \u00e0 accu EMILY M<\/strong><\/p>\n<p>Emily M s\u00e9duit par son design clair et r\u00e9duit ainsi que par l&rsquo;utilisation de mat\u00e9riaux de haute qualit\u00e9. Que ce soit \u00e0 l&rsquo;int\u00e9rieur, comme la cuisine ou le salon, ou \u00e0 l&rsquo;ext\u00e9rieur, dans le jardin ou sur la terrasse, la lampe de table \u00e0 accu Emily peut \u00eatre utilis\u00e9e partout.<\/p>\n<p><strong>Mat\u00e9riaux et technique<\/strong><\/p>\n<p>Le corps de la lampe de table \u00e0 accu Emily est en aluminium rev\u00eatu par poudre. La belle poign\u00e9e compl\u00e8te le design minimaliste.<\/p>\n<p>La lampe sans fil, qui peut donc \u00eatre positionn\u00e9e de mani\u00e8re flexible, est \u00e9quip\u00e9e d&rsquo;une batterie Li-Ion rechargeable. La recharge de la batterie s&rsquo;effectue en posant confortablement la lampe sur une station de charge, qui doit \u00eatre reli\u00e9e \u00e0 un bloc d&rsquo;alimentation USB. Pour des raisons de durabilit\u00e9, nous livrons d\u00e8s \u00e0 pr\u00e9sent les luminaires Emily sans bloc d&rsquo;alimentation USB. Le fait de ne pas inclure le chargeur USB dans la livraison permet de pr\u00e9server les ressources et de r\u00e9duire les d\u00e9chets \u00e9lectriques.<\/p>\n<p>L&rsquo;\u00e9tat de charge est indiqu\u00e9 par un t\u00e9moin de charge. Si celui-ci est rouge, la batterie est en charge. Si le t\u00e9moin lumineux est vert, la batterie est charg\u00e9e au maximum.<\/p>\n<p>L&rsquo;allumage et l&rsquo;extinction de la lampe de table \u00e0 accu s&rsquo;effectuent \u00e0 l&rsquo;aide d&rsquo;un interrupteur tactile situ\u00e9 sur le pied, qui permet \u00e9galement de contr\u00f4ler l&rsquo;intensit\u00e9 lumineuse. La couleur de la lumi\u00e8re est d&rsquo;environ 3000 Kelvin et cette lumi\u00e8re LED blanc chaud est parfaite pour cr\u00e9er une atmosph\u00e8re confortable \u00e0 la maison ou sur la terrasse.<\/p>\n<p><strong>Batterie au lithium-ion<\/strong><\/p>\n<p>Emily M fournit environ 11 h de lumi\u00e8re avec une luminosit\u00e9 LED de 100 %. Comme la lampe est r\u00e9glable en continu, la dur\u00e9e d&rsquo;\u00e9clairage peut \u00eatre nettement prolong\u00e9e en cas de faible luminosit\u00e9. La lanterne d&rsquo;ext\u00e9rieur dispose d&rsquo;une batterie lithium-ion de longue dur\u00e9e, ce qui permet une grande flexibilit\u00e9, notamment \u00e0 l&rsquo;ext\u00e9rieur ou sur les tables, o\u00f9 les prises de courant sont rares.<\/p>\n<p>La batterie se recharge via un bloc d&rsquo;alimentation USB. En outre, la lanterne Emily peut \u00eatre recharg\u00e9e via un powerbank. Lorsque la batterie est enti\u00e8rement charg\u00e9e, le t\u00e9moin de charge l&rsquo;indique. Apr\u00e8s environ 8 \u00e0 9 heures, la batterie au lithium-ion est enti\u00e8rement op\u00e9rationnelle.<\/p>\n<p><strong>Domaines d&rsquo;application<\/strong><\/p>\n<p>La lanterne sans fil Emily est certifi\u00e9e IP 54 et convient aussi bien pour une utilisation \u00e0 l&rsquo;int\u00e9rieur qu&rsquo;\u00e0 l&rsquo;ext\u00e9rieur.<\/p>\n<p><strong>Lampes &#8211; Set Emily M et Emily L<\/strong><\/p>\n<p>La lanterne Emily est disponible en deux tailles diff\u00e9rentes : outre la lampe d&rsquo;une hauteur de 38 cm, une version plus grande de 54 cm est \u00e9galement disponible.<\/p>\n<p>Dans les deux tailles disponibles, la lanterne LED cr\u00e9e comme par magie une lumi\u00e8re confortable sur les tables dans le domaine de la restauration, ainsi que dans toutes les pi\u00e8ces et les espaces ext\u00e9rieurs.<\/p>\n<p>Vous trouverez d&rsquo;autres id\u00e9es sur le th\u00e8me de l&rsquo;\u00e9clairage de jardin et de terrasse dans notre<strong><em><a href=\"https:\/\/www.moree.de\/fr\/shop\/salon-de-jardin-exterieur\/\"> rubrique Outdoor<\/a><\/em><\/strong> ou sur <strong><em><a href=\"https:\/\/www.pinterest.de\/moreede\/garten-beleuchtung-solar-tischleuchte-laterne\/\">Pinterest<\/a><\/em><\/strong>.<\/p>\n\n","protected":false},"excerpt":{"rendered":"<p>Lanterne d&rsquo;ext\u00e9rieur moderne. Utilisation flexible et mobile gr\u00e2ce \u00e0 la batterie !<\/p>\n","protected":false},"featured_media":11304,"template":"","meta":{"_acf_changed":false},"product_brand":[],"product_cat":[270,487,272,492,488,510,485],"product_tag":[],"class_list":{"0":"post-10189","1":"product","2":"type-product","3":"status-publish","4":"has-post-thumbnail","6":"product_cat-lampe-sans-fil","7":"product_cat-eclairage-led","8":"product_cat-salon-de-jardin-exterieur","9":"product_cat-ampe-de-table-exterieur","10":"product_cat-deco-lumiere","11":"product_cat-eclairage-exterieur-terrasse","12":"product_cat-lampe-exterieure-sans-fil","14":"first","15":"instock","16":"taxable","17":"shipping-taxable","18":"purchasable","19":"product-type-simple"},"acf":[],"yoast_head":"<!-- This site is optimized with the Yoast SEO plugin v26.8 - https:\/\/yoast.com\/product\/yoast-seo-wordpress\/ -->\n<title>Emily M - Moree.de<\/title>\n<meta name=\"robots\" content=\"index, follow, max-snippet:-1, max-image-preview:large, max-video-preview:-1\" \/>\n<link rel=\"canonical\" href=\"https:\/\/www.moree.de\/fr\/produit\/laterne-exterieur-avec-piles-rechargeables\/\" \/>\n<meta property=\"og:locale\" content=\"fr_FR\" \/>\n<meta property=\"og:type\" content=\"article\" \/>\n<meta property=\"og:title\" content=\"Emily M - Moree.de\" \/>\n<meta property=\"og:description\" content=\"Lanterne d&#039;ext\u00e9rieur moderne. Utilisation flexible et mobile gr\u00e2ce \u00e0 la batterie !\" \/>\n<meta property=\"og:url\" content=\"https:\/\/www.moree.de\/fr\/produit\/laterne-exterieur-avec-piles-rechargeables\/\" \/>\n<meta property=\"og:site_name\" content=\"Moree.de\" \/>\n<meta property=\"article:modified_time\" content=\"2025-10-29T12:33:03+00:00\" \/>\n<meta property=\"og:image\" content=\"https:\/\/www.moree.de\/wp-content\/uploads\/2022\/03\/Moree-Emily-LED-Akku-Garten-Terrasse-Tischlampe-grau-Outdoor-Laterne-dimmbar-USB.jpg\" \/>\n\t<meta property=\"og:image:width\" content=\"900\" \/>\n\t<meta property=\"og:image:height\" content=\"900\" \/>\n\t<meta property=\"og:image:type\" content=\"image\/jpeg\" \/>\n<meta name=\"twitter:card\" content=\"summary_large_image\" \/>\n<meta name=\"twitter:label1\" content=\"Dur\u00e9e de lecture estim\u00e9e\" \/>\n\t<meta name=\"twitter:data1\" content=\"3 minutes\" \/>\n<script type=\"application\/ld+json\" class=\"yoast-schema-graph\">{\"@context\":\"https:\/\/schema.org\",\"@graph\":[{\"@type\":\"WebPage\",\"@id\":\"https:\/\/www.moree.de\/fr\/produit\/laterne-exterieur-avec-piles-rechargeables\/\",\"url\":\"https:\/\/www.moree.de\/fr\/produit\/laterne-exterieur-avec-piles-rechargeables\/\",\"name\":\"Emily M - Moree.de\",\"isPartOf\":{\"@id\":\"https:\/\/www.moree.de\/fr\/#website\"},\"primaryImageOfPage\":{\"@id\":\"https:\/\/www.moree.de\/fr\/produit\/laterne-exterieur-avec-piles-rechargeables\/#primaryimage\"},\"image\":{\"@id\":\"https:\/\/www.moree.de\/fr\/produit\/laterne-exterieur-avec-piles-rechargeables\/#primaryimage\"},\"thumbnailUrl\":\"https:\/\/www.moree.de\/wp-content\/uploads\/2022\/03\/Moree-Emily-LED-Akku-Garten-Terrasse-Tischlampe-grau-Outdoor-Laterne-dimmbar-USB.jpg\",\"datePublished\":\"2022-01-05T10:39:08+00:00\",\"dateModified\":\"2025-10-29T12:33:03+00:00\",\"breadcrumb\":{\"@id\":\"https:\/\/www.moree.de\/fr\/produit\/laterne-exterieur-avec-piles-rechargeables\/#breadcrumb\"},\"inLanguage\":\"fr-FR\",\"potentialAction\":[{\"@type\":\"ReadAction\",\"target\":[\"https:\/\/www.moree.de\/fr\/produit\/laterne-exterieur-avec-piles-rechargeables\/\"]}]},{\"@type\":\"ImageObject\",\"inLanguage\":\"fr-FR\",\"@id\":\"https:\/\/www.moree.de\/fr\/produit\/laterne-exterieur-avec-piles-rechargeables\/#primaryimage\",\"url\":\"https:\/\/www.moree.de\/wp-content\/uploads\/2022\/03\/Moree-Emily-LED-Akku-Garten-Terrasse-Tischlampe-grau-Outdoor-Laterne-dimmbar-USB.jpg\",\"contentUrl\":\"https:\/\/www.moree.de\/wp-content\/uploads\/2022\/03\/Moree-Emily-LED-Akku-Garten-Terrasse-Tischlampe-grau-Outdoor-Laterne-dimmbar-USB.jpg\",\"width\":900,\"height\":900,\"caption\":\"lampe de table accu, lampe de table led, lampe de table sans fil, lanterne outdoor, lampe de table accu, lampe de table led, lanterne led\"},{\"@type\":\"BreadcrumbList\",\"@id\":\"https:\/\/www.moree.de\/fr\/produit\/laterne-exterieur-avec-piles-rechargeables\/#breadcrumb\",\"itemListElement\":[{\"@type\":\"ListItem\",\"position\":1,\"name\":\"Home\",\"item\":\"https:\/\/www.moree.de\/fr\/\"},{\"@type\":\"ListItem\",\"position\":2,\"name\":\"Shop\",\"item\":\"https:\/\/www.moree.de\/shop\/\"},{\"@type\":\"ListItem\",\"position\":3,\"name\":\"Emily M\"}]},{\"@type\":\"WebSite\",\"@id\":\"https:\/\/www.moree.de\/fr\/#website\",\"url\":\"https:\/\/www.moree.de\/fr\/\",\"name\":\"Moree.de\",\"description\":\"Gastronomie M\u00f6bel, Lounge M\u00f6bel, Barhocker und LED M\u00f6bel\",\"publisher\":{\"@id\":\"https:\/\/www.moree.de\/fr\/#organization\"},\"potentialAction\":[{\"@type\":\"SearchAction\",\"target\":{\"@type\":\"EntryPoint\",\"urlTemplate\":\"https:\/\/www.moree.de\/fr\/?s={search_term_string}\"},\"query-input\":{\"@type\":\"PropertyValueSpecification\",\"valueRequired\":true,\"valueName\":\"search_term_string\"}}],\"inLanguage\":\"fr-FR\"},{\"@type\":\"Organization\",\"@id\":\"https:\/\/www.moree.de\/fr\/#organization\",\"name\":\"Moree.de\",\"url\":\"https:\/\/www.moree.de\/fr\/\",\"logo\":{\"@type\":\"ImageObject\",\"inLanguage\":\"fr-FR\",\"@id\":\"https:\/\/www.moree.de\/fr\/#\/schema\/logo\/image\/\",\"url\":\"https:\/\/www.moree.de\/wp-content\/uploads\/2021\/05\/moree-logo.svg\",\"contentUrl\":\"https:\/\/www.moree.de\/wp-content\/uploads\/2021\/05\/moree-logo.svg\",\"width\":349,\"height\":62,\"caption\":\"Moree.de\"},\"image\":{\"@id\":\"https:\/\/www.moree.de\/fr\/#\/schema\/logo\/image\/\"}}]}<\/script>\n<!-- \/ Yoast SEO plugin. -->","yoast_head_json":{"title":"Emily M - Moree.de","robots":{"index":"index","follow":"follow","max-snippet":"max-snippet:-1","max-image-preview":"max-image-preview:large","max-video-preview":"max-video-preview:-1"},"canonical":"https:\/\/www.moree.de\/fr\/produit\/laterne-exterieur-avec-piles-rechargeables\/","og_locale":"fr_FR","og_type":"article","og_title":"Emily M - Moree.de","og_description":"Lanterne d'ext\u00e9rieur moderne. Utilisation flexible et mobile gr\u00e2ce \u00e0 la batterie !","og_url":"https:\/\/www.moree.de\/fr\/produit\/laterne-exterieur-avec-piles-rechargeables\/","og_site_name":"Moree.de","article_modified_time":"2025-10-29T12:33:03+00:00","og_image":[{"width":900,"height":900,"url":"https:\/\/www.moree.de\/wp-content\/uploads\/2022\/03\/Moree-Emily-LED-Akku-Garten-Terrasse-Tischlampe-grau-Outdoor-Laterne-dimmbar-USB.jpg","type":"image\/jpeg"}],"twitter_card":"summary_large_image","twitter_misc":{"Dur\u00e9e de lecture estim\u00e9e":"3 minutes"},"schema":{"@context":"https:\/\/schema.org","@graph":[{"@type":"WebPage","@id":"https:\/\/www.moree.de\/fr\/produit\/laterne-exterieur-avec-piles-rechargeables\/","url":"https:\/\/www.moree.de\/fr\/produit\/laterne-exterieur-avec-piles-rechargeables\/","name":"Emily M - Moree.de","isPartOf":{"@id":"https:\/\/www.moree.de\/fr\/#website"},"primaryImageOfPage":{"@id":"https:\/\/www.moree.de\/fr\/produit\/laterne-exterieur-avec-piles-rechargeables\/#primaryimage"},"image":{"@id":"https:\/\/www.moree.de\/fr\/produit\/laterne-exterieur-avec-piles-rechargeables\/#primaryimage"},"thumbnailUrl":"https:\/\/www.moree.de\/wp-content\/uploads\/2022\/03\/Moree-Emily-LED-Akku-Garten-Terrasse-Tischlampe-grau-Outdoor-Laterne-dimmbar-USB.jpg","datePublished":"2022-01-05T10:39:08+00:00","dateModified":"2025-10-29T12:33:03+00:00","breadcrumb":{"@id":"https:\/\/www.moree.de\/fr\/produit\/laterne-exterieur-avec-piles-rechargeables\/#breadcrumb"},"inLanguage":"fr-FR","potentialAction":[{"@type":"ReadAction","target":["https:\/\/www.moree.de\/fr\/produit\/laterne-exterieur-avec-piles-rechargeables\/"]}]},{"@type":"ImageObject","inLanguage":"fr-FR","@id":"https:\/\/www.moree.de\/fr\/produit\/laterne-exterieur-avec-piles-rechargeables\/#primaryimage","url":"https:\/\/www.moree.de\/wp-content\/uploads\/2022\/03\/Moree-Emily-LED-Akku-Garten-Terrasse-Tischlampe-grau-Outdoor-Laterne-dimmbar-USB.jpg","contentUrl":"https:\/\/www.moree.de\/wp-content\/uploads\/2022\/03\/Moree-Emily-LED-Akku-Garten-Terrasse-Tischlampe-grau-Outdoor-Laterne-dimmbar-USB.jpg","width":900,"height":900,"caption":"lampe de table accu, lampe de table led, lampe de table sans fil, lanterne outdoor, lampe de table accu, lampe de table led, lanterne led"},{"@type":"BreadcrumbList","@id":"https:\/\/www.moree.de\/fr\/produit\/laterne-exterieur-avec-piles-rechargeables\/#breadcrumb","itemListElement":[{"@type":"ListItem","position":1,"name":"Home","item":"https:\/\/www.moree.de\/fr\/"},{"@type":"ListItem","position":2,"name":"Shop","item":"https:\/\/www.moree.de\/shop\/"},{"@type":"ListItem","position":3,"name":"Emily M"}]},{"@type":"WebSite","@id":"https:\/\/www.moree.de\/fr\/#website","url":"https:\/\/www.moree.de\/fr\/","name":"Moree.de","description":"Gastronomie M\u00f6bel, Lounge M\u00f6bel, Barhocker und LED M\u00f6bel","publisher":{"@id":"https:\/\/www.moree.de\/fr\/#organization"},"potentialAction":[{"@type":"SearchAction","target":{"@type":"EntryPoint","urlTemplate":"https:\/\/www.moree.de\/fr\/?s={search_term_string}"},"query-input":{"@type":"PropertyValueSpecification","valueRequired":true,"valueName":"search_term_string"}}],"inLanguage":"fr-FR"},{"@type":"Organization","@id":"https:\/\/www.moree.de\/fr\/#organization","name":"Moree.de","url":"https:\/\/www.moree.de\/fr\/","logo":{"@type":"ImageObject","inLanguage":"fr-FR","@id":"https:\/\/www.moree.de\/fr\/#\/schema\/logo\/image\/","url":"https:\/\/www.moree.de\/wp-content\/uploads\/2021\/05\/moree-logo.svg","contentUrl":"https:\/\/www.moree.de\/wp-content\/uploads\/2021\/05\/moree-logo.svg","width":349,"height":62,"caption":"Moree.de"},"image":{"@id":"https:\/\/www.moree.de\/fr\/#\/schema\/logo\/image\/"}}]}},"_links":{"self":[{"href":"https:\/\/www.moree.de\/fr\/wp-json\/wp\/v2\/product\/10189","targetHints":{"allow":["GET"]}}],"collection":[{"href":"https:\/\/www.moree.de\/fr\/wp-json\/wp\/v2\/product"}],"about":[{"href":"https:\/\/www.moree.de\/fr\/wp-json\/wp\/v2\/types\/product"}],"wp:featuredmedia":[{"embeddable":true,"href":"https:\/\/www.moree.de\/fr\/wp-json\/wp\/v2\/media\/11304"}],"wp:attachment":[{"href":"https:\/\/www.moree.de\/fr\/wp-json\/wp\/v2\/media?parent=10189"}],"wp:term":[{"taxonomy":"product_brand","embeddable":true,"href":"https:\/\/www.moree.de\/fr\/wp-json\/wp\/v2\/product_brand?post=10189"},{"taxonomy":"product_cat","embeddable":true,"href":"https:\/\/www.moree.de\/fr\/wp-json\/wp\/v2\/product_cat?post=10189"},{"taxonomy":"product_tag","embeddable":true,"href":"https:\/\/www.moree.de\/fr\/wp-json\/wp\/v2\/product_tag?post=10189"}],"curies":[{"name":"wp","href":"https:\/\/api.w.org\/{rel}","templated":true}]}}