{"id":10195,"date":"2021-07-15T13:40:41","date_gmt":"2021-07-15T11:40:41","guid":{"rendered":"https:\/\/www.moree.de\/?post_type=product&#038;p=10195"},"modified":"2025-10-29T13:33:46","modified_gmt":"2025-10-29T12:33:46","slug":"projecteur-exterieur-solaire","status":"publish","type":"product","link":"https:\/\/www.moree.de\/fr\/produit\/projecteur-exterieur-solaire\/","title":{"rendered":"Spot.E"},"content":{"rendered":"<p>SPOT.E &#8211; projecteur solaire ext\u00e9rieur design avec t\u00eate de lampe pivotante pour le jardin et la terrasse<\/p>\n<p>Ce spot de sol design anthracite \u00e0 l&rsquo;aspect architectural offre une solution parfaite pour l&rsquo;\u00e9clairage du jardin et des chemins sans c\u00e2ble \u00e9lectrique ni prise de courant. La lampe d&rsquo;ext\u00e9rieur SPOT.E est utilis\u00e9e comme projecteur solaire de sol dans le jardin et sur les terrasses, mais aussi sur la pelouse et les trottoirs. Comme le panneau solaire poss\u00e8de une grande surface d&rsquo;appui stable, le spot de jardin peut \u00eatre plac\u00e9 de mani\u00e8re stable sur de nombreux supports, viss\u00e9 &#8211; ou ancr\u00e9 solidement dans le sol au moyen d&rsquo;un piquet. Gr\u00e2ce \u00e0 son aspect unique et \u00e0 sa finition de haute qualit\u00e9, SPOT.E est \u00e0 la fois beau et durable. En effet, gr\u00e2ce \u00e0 sa batterie rechargeable par \u00e9nergie solaire, SPOT.E ne d\u00e9pend pas d&rsquo;un raccordement \u00e9lectrique et fournit une lumi\u00e8re gratuite, claire et chaude pendant longtemps : une contribution r\u00e9ussie au th\u00e8me de la durabilit\u00e9.<\/p>\n<p>Chargement confortable et efficace gr\u00e2ce au panneau solaire, \u00e0 la batterie et au capteur<\/p>\n<p>Le panneau solaire int\u00e9gr\u00e9 recharge les batteries du projecteur solaire ext\u00e9rieur pendant la journ\u00e9e pour que les LED blanc chaud s&rsquo;allument clairement d\u00e8s le cr\u00e9puscule. SPOT-E est \u00e9quip\u00e9 d&rsquo;un capteur de luminosit\u00e9 efficace, de sorte qu&rsquo;il s&rsquo;allume automatiquement au cr\u00e9puscule. Avec un temps de charge d&rsquo;environ 8 heures par la lumi\u00e8re du soleil, le projecteur de sol solaire atteint une autonomie de 7 heures. Un \u00e9clairage longue dur\u00e9e est ainsi garanti. Si la mise en marche automatique \u00e0 la tomb\u00e9e de la nuit n&rsquo;est pas souhait\u00e9e, il suffit d&rsquo;appuyer sur un bouton pour \u00e9teindre SPOT.E. Le bouton marche\/arr\u00eat est suffisamment \u00e9clair\u00e9 pour \u00eatre visible dans l&rsquo;obscurit\u00e9.<\/p>\n<p>Utilisation en ext\u00e9rieur et qualit\u00e9<\/p>\n<p>Avec sa classe de protection IP65, le projecteur solaire ext\u00e9rieur au sol est non seulement prot\u00e9g\u00e9 contre les projections d&rsquo;eau, mais aussi contre la p\u00e9n\u00e9tration de la poussi\u00e8re et convient parfaitement \u00e0 une utilisation en ext\u00e9rieur. Gr\u00e2ce \u00e0 sa construction et \u00e0 la stabilit\u00e9 de son panneau solaire, SPOT.E peut \u00eatre utilis\u00e9 de mani\u00e8re confortable et flexible l\u00e0 o\u00f9 une source de lumi\u00e8re est n\u00e9cessaire. Sa t\u00eate de lampe pivotante avec faisceau lumineux orientable permet de mettre l&rsquo;accent dans le jardin. Son faible poids de 0,95 kg et ses dimensions compactes L22 x P16 x H15 cm contribuent \u00e9galement \u00e0 ses nombreuses possibilit\u00e9s d&rsquo;utilisation. SPOT.E peut \u00eatre facilement transport\u00e9 d&rsquo;un point A \u00e0 un point B.<br \/>\nLe bo\u00eetier en aluminium avec rev\u00eatement par poudre anthracite du projecteur solaire ext\u00e9rieur lui conf\u00e8re en outre un look intemporel et \u00e9l\u00e9gant. La couleur sombre fait ses preuves dans la pratique, car elle est tr\u00e8s r\u00e9sistante \u00e0 la salet\u00e9. Gr\u00e2ce \u00e0 sa couleur discr\u00e8te qui s&rsquo;int\u00e8gre parfaitement dans l&rsquo;obscurit\u00e9, SPOT.E fait le grand \u00e9cart entre un spot solaire pratique et mobile qui \u00e9claire l\u00e0 o\u00f9 c&rsquo;est n\u00e9cessaire et un classique au design intemporel qui se laisse voir m\u00eame de jour.<\/p>\n<p>Vous trouverez d&rsquo;autres id\u00e9es d&rsquo;\u00e9clairage de jardin <strong><span style=\"color: #ff0000;\"><a style=\"color: #ff0000;\" href=\"https:\/\/www.moree.de\/fr\/shop\/salon-de-jardin-exterieur\/\">ici.<\/a><\/span><\/strong><\/p>\n","protected":false},"excerpt":{"rendered":"<p>Projecteur de jardin solaire design avec t\u00eate de lampe pivotante. \u00c9conomisez de l&rsquo;\u00e9nergie et rechargez votre lampe \u00e0 l&rsquo;\u00e9nergie solaire!<\/p>\n","protected":false},"featured_media":11363,"template":"","meta":{"_acf_changed":false},"product_brand":[],"product_cat":[270,487,272,492,490,488,510,485],"product_tag":[],"class_list":{"0":"post-10195","1":"product","2":"type-product","3":"status-publish","4":"has-post-thumbnail","6":"product_cat-lampe-sans-fil","7":"product_cat-eclairage-led","8":"product_cat-salon-de-jardin-exterieur","9":"product_cat-ampe-de-table-exterieur","10":"product_cat-eclairage-solaire-exterieur","11":"product_cat-deco-lumiere","12":"product_cat-eclairage-exterieur-terrasse","13":"product_cat-lampe-exterieure-sans-fil","15":"first","16":"outofstock","17":"taxable","18":"shipping-taxable","19":"purchasable","20":"product-type-simple"},"acf":[],"yoast_head":"<!-- This site is optimized with the Yoast SEO plugin v26.8 - https:\/\/yoast.com\/product\/yoast-seo-wordpress\/ -->\n<title>Spot.E projecteur solaire ext\u00e9rieur - Moree.de<\/title>\n<meta name=\"description\" content=\"projecteur solaire ext\u00e9rieur avec t\u00eate de lampe pivotante pour le jardin et la terrasse, Chargement confortable au panneau solaire\" \/>\n<meta name=\"robots\" content=\"index, follow, max-snippet:-1, max-image-preview:large, max-video-preview:-1\" \/>\n<link rel=\"canonical\" href=\"https:\/\/www.moree.de\/fr\/produit\/projecteur-exterieur-solaire\/\" \/>\n<meta property=\"og:locale\" content=\"fr_FR\" \/>\n<meta property=\"og:type\" content=\"article\" \/>\n<meta property=\"og:title\" content=\"Spot.E projecteur solaire ext\u00e9rieur - Moree.de\" \/>\n<meta property=\"og:description\" content=\"projecteur solaire ext\u00e9rieur avec t\u00eate de lampe pivotante pour le jardin et la terrasse, Chargement confortable au panneau solaire\" \/>\n<meta property=\"og:url\" content=\"https:\/\/www.moree.de\/fr\/produit\/projecteur-exterieur-solaire\/\" \/>\n<meta property=\"og:site_name\" content=\"Moree.de\" \/>\n<meta property=\"article:modified_time\" content=\"2025-10-29T12:33:46+00:00\" \/>\n<meta property=\"og:image\" content=\"https:\/\/www.moree.de\/wp-content\/uploads\/2022\/03\/Moree-Spot.E-Garten-Terrasse-Outdoor-Solar-Strahler-Erdspiess-300x300.jpg\" \/>\n<meta name=\"twitter:card\" content=\"summary_large_image\" \/>\n<meta name=\"twitter:label1\" content=\"Dur\u00e9e de lecture estim\u00e9e\" \/>\n\t<meta name=\"twitter:data1\" content=\"3 minutes\" \/>\n<script type=\"application\/ld+json\" class=\"yoast-schema-graph\">{\"@context\":\"https:\/\/schema.org\",\"@graph\":[{\"@type\":\"WebPage\",\"@id\":\"https:\/\/www.moree.de\/fr\/produit\/projecteur-exterieur-solaire\/\",\"url\":\"https:\/\/www.moree.de\/fr\/produit\/projecteur-exterieur-solaire\/\",\"name\":\"Spot.E projecteur solaire ext\u00e9rieur - Moree.de\",\"isPartOf\":{\"@id\":\"https:\/\/www.moree.de\/fr\/#website\"},\"primaryImageOfPage\":{\"@id\":\"https:\/\/www.moree.de\/fr\/produit\/projecteur-exterieur-solaire\/#primaryimage\"},\"image\":{\"@id\":\"https:\/\/www.moree.de\/fr\/produit\/projecteur-exterieur-solaire\/#primaryimage\"},\"thumbnailUrl\":\"https:\/\/www.moree.de\/wp-content\/uploads\/2022\/03\/Moree-Spot.E-Garten-Terrasse-Outdoor-Solar-Strahler-Erdspiess.jpg\",\"datePublished\":\"2021-07-15T11:40:41+00:00\",\"dateModified\":\"2025-10-29T12:33:46+00:00\",\"description\":\"projecteur solaire ext\u00e9rieur avec t\u00eate de lampe pivotante pour le jardin et la terrasse, Chargement confortable au panneau solaire\",\"breadcrumb\":{\"@id\":\"https:\/\/www.moree.de\/fr\/produit\/projecteur-exterieur-solaire\/#breadcrumb\"},\"inLanguage\":\"fr-FR\",\"potentialAction\":[{\"@type\":\"ReadAction\",\"target\":[\"https:\/\/www.moree.de\/fr\/produit\/projecteur-exterieur-solaire\/\"]}]},{\"@type\":\"ImageObject\",\"inLanguage\":\"fr-FR\",\"@id\":\"https:\/\/www.moree.de\/fr\/produit\/projecteur-exterieur-solaire\/#primaryimage\",\"url\":\"https:\/\/www.moree.de\/wp-content\/uploads\/2022\/03\/Moree-Spot.E-Garten-Terrasse-Outdoor-Solar-Strahler-Erdspiess.jpg\",\"contentUrl\":\"https:\/\/www.moree.de\/wp-content\/uploads\/2022\/03\/Moree-Spot.E-Garten-Terrasse-Outdoor-Solar-Strahler-Erdspiess.jpg\",\"width\":900,\"height\":900,\"caption\":\"spots led ext\u00e9rieur, spots solsolar solar spotled spots sol ext\u00e9rieur led solar spots sol ledsolar spots sol terrasse spots sol encastr\u00e9s pivotants spots sol ext\u00e9rieur spots sol jardin \u00e9clairage ext\u00e9rieur spots sol led sol solaire\"},{\"@type\":\"BreadcrumbList\",\"@id\":\"https:\/\/www.moree.de\/fr\/produit\/projecteur-exterieur-solaire\/#breadcrumb\",\"itemListElement\":[{\"@type\":\"ListItem\",\"position\":1,\"name\":\"Home\",\"item\":\"https:\/\/www.moree.de\/fr\/\"},{\"@type\":\"ListItem\",\"position\":2,\"name\":\"Shop\",\"item\":\"https:\/\/www.moree.de\/shop\/\"},{\"@type\":\"ListItem\",\"position\":3,\"name\":\"Spot.E\"}]},{\"@type\":\"WebSite\",\"@id\":\"https:\/\/www.moree.de\/fr\/#website\",\"url\":\"https:\/\/www.moree.de\/fr\/\",\"name\":\"Moree.de\",\"description\":\"Gastronomie M\u00f6bel, Lounge M\u00f6bel, Barhocker und LED M\u00f6bel\",\"publisher\":{\"@id\":\"https:\/\/www.moree.de\/fr\/#organization\"},\"potentialAction\":[{\"@type\":\"SearchAction\",\"target\":{\"@type\":\"EntryPoint\",\"urlTemplate\":\"https:\/\/www.moree.de\/fr\/?s={search_term_string}\"},\"query-input\":{\"@type\":\"PropertyValueSpecification\",\"valueRequired\":true,\"valueName\":\"search_term_string\"}}],\"inLanguage\":\"fr-FR\"},{\"@type\":\"Organization\",\"@id\":\"https:\/\/www.moree.de\/fr\/#organization\",\"name\":\"Moree.de\",\"url\":\"https:\/\/www.moree.de\/fr\/\",\"logo\":{\"@type\":\"ImageObject\",\"inLanguage\":\"fr-FR\",\"@id\":\"https:\/\/www.moree.de\/fr\/#\/schema\/logo\/image\/\",\"url\":\"https:\/\/www.moree.de\/wp-content\/uploads\/2021\/05\/moree-logo.svg\",\"contentUrl\":\"https:\/\/www.moree.de\/wp-content\/uploads\/2021\/05\/moree-logo.svg\",\"width\":349,\"height\":62,\"caption\":\"Moree.de\"},\"image\":{\"@id\":\"https:\/\/www.moree.de\/fr\/#\/schema\/logo\/image\/\"}}]}<\/script>\n<!-- \/ Yoast SEO plugin. -->","yoast_head_json":{"title":"Spot.E projecteur solaire ext\u00e9rieur - Moree.de","description":"projecteur solaire ext\u00e9rieur avec t\u00eate de lampe pivotante pour le jardin et la terrasse, Chargement confortable au panneau solaire","robots":{"index":"index","follow":"follow","max-snippet":"max-snippet:-1","max-image-preview":"max-image-preview:large","max-video-preview":"max-video-preview:-1"},"canonical":"https:\/\/www.moree.de\/fr\/produit\/projecteur-exterieur-solaire\/","og_locale":"fr_FR","og_type":"article","og_title":"Spot.E projecteur solaire ext\u00e9rieur - Moree.de","og_description":"projecteur solaire ext\u00e9rieur avec t\u00eate de lampe pivotante pour le jardin et la terrasse, Chargement confortable au panneau solaire","og_url":"https:\/\/www.moree.de\/fr\/produit\/projecteur-exterieur-solaire\/","og_site_name":"Moree.de","article_modified_time":"2025-10-29T12:33:46+00:00","og_image":[{"url":"https:\/\/www.moree.de\/wp-content\/uploads\/2022\/03\/Moree-Spot.E-Garten-Terrasse-Outdoor-Solar-Strahler-Erdspiess-300x300.jpg","type":"","width":"","height":""}],"twitter_card":"summary_large_image","twitter_misc":{"Dur\u00e9e de lecture estim\u00e9e":"3 minutes"},"schema":{"@context":"https:\/\/schema.org","@graph":[{"@type":"WebPage","@id":"https:\/\/www.moree.de\/fr\/produit\/projecteur-exterieur-solaire\/","url":"https:\/\/www.moree.de\/fr\/produit\/projecteur-exterieur-solaire\/","name":"Spot.E projecteur solaire ext\u00e9rieur - Moree.de","isPartOf":{"@id":"https:\/\/www.moree.de\/fr\/#website"},"primaryImageOfPage":{"@id":"https:\/\/www.moree.de\/fr\/produit\/projecteur-exterieur-solaire\/#primaryimage"},"image":{"@id":"https:\/\/www.moree.de\/fr\/produit\/projecteur-exterieur-solaire\/#primaryimage"},"thumbnailUrl":"https:\/\/www.moree.de\/wp-content\/uploads\/2022\/03\/Moree-Spot.E-Garten-Terrasse-Outdoor-Solar-Strahler-Erdspiess.jpg","datePublished":"2021-07-15T11:40:41+00:00","dateModified":"2025-10-29T12:33:46+00:00","description":"projecteur solaire ext\u00e9rieur avec t\u00eate de lampe pivotante pour le jardin et la terrasse, Chargement confortable au panneau solaire","breadcrumb":{"@id":"https:\/\/www.moree.de\/fr\/produit\/projecteur-exterieur-solaire\/#breadcrumb"},"inLanguage":"fr-FR","potentialAction":[{"@type":"ReadAction","target":["https:\/\/www.moree.de\/fr\/produit\/projecteur-exterieur-solaire\/"]}]},{"@type":"ImageObject","inLanguage":"fr-FR","@id":"https:\/\/www.moree.de\/fr\/produit\/projecteur-exterieur-solaire\/#primaryimage","url":"https:\/\/www.moree.de\/wp-content\/uploads\/2022\/03\/Moree-Spot.E-Garten-Terrasse-Outdoor-Solar-Strahler-Erdspiess.jpg","contentUrl":"https:\/\/www.moree.de\/wp-content\/uploads\/2022\/03\/Moree-Spot.E-Garten-Terrasse-Outdoor-Solar-Strahler-Erdspiess.jpg","width":900,"height":900,"caption":"spots led ext\u00e9rieur, spots solsolar solar spotled spots sol ext\u00e9rieur led solar spots sol ledsolar spots sol terrasse spots sol encastr\u00e9s pivotants spots sol ext\u00e9rieur spots sol jardin \u00e9clairage ext\u00e9rieur spots sol led sol solaire"},{"@type":"BreadcrumbList","@id":"https:\/\/www.moree.de\/fr\/produit\/projecteur-exterieur-solaire\/#breadcrumb","itemListElement":[{"@type":"ListItem","position":1,"name":"Home","item":"https:\/\/www.moree.de\/fr\/"},{"@type":"ListItem","position":2,"name":"Shop","item":"https:\/\/www.moree.de\/shop\/"},{"@type":"ListItem","position":3,"name":"Spot.E"}]},{"@type":"WebSite","@id":"https:\/\/www.moree.de\/fr\/#website","url":"https:\/\/www.moree.de\/fr\/","name":"Moree.de","description":"Gastronomie M\u00f6bel, Lounge M\u00f6bel, Barhocker und LED M\u00f6bel","publisher":{"@id":"https:\/\/www.moree.de\/fr\/#organization"},"potentialAction":[{"@type":"SearchAction","target":{"@type":"EntryPoint","urlTemplate":"https:\/\/www.moree.de\/fr\/?s={search_term_string}"},"query-input":{"@type":"PropertyValueSpecification","valueRequired":true,"valueName":"search_term_string"}}],"inLanguage":"fr-FR"},{"@type":"Organization","@id":"https:\/\/www.moree.de\/fr\/#organization","name":"Moree.de","url":"https:\/\/www.moree.de\/fr\/","logo":{"@type":"ImageObject","inLanguage":"fr-FR","@id":"https:\/\/www.moree.de\/fr\/#\/schema\/logo\/image\/","url":"https:\/\/www.moree.de\/wp-content\/uploads\/2021\/05\/moree-logo.svg","contentUrl":"https:\/\/www.moree.de\/wp-content\/uploads\/2021\/05\/moree-logo.svg","width":349,"height":62,"caption":"Moree.de"},"image":{"@id":"https:\/\/www.moree.de\/fr\/#\/schema\/logo\/image\/"}}]}},"_links":{"self":[{"href":"https:\/\/www.moree.de\/fr\/wp-json\/wp\/v2\/product\/10195","targetHints":{"allow":["GET"]}}],"collection":[{"href":"https:\/\/www.moree.de\/fr\/wp-json\/wp\/v2\/product"}],"about":[{"href":"https:\/\/www.moree.de\/fr\/wp-json\/wp\/v2\/types\/product"}],"wp:featuredmedia":[{"embeddable":true,"href":"https:\/\/www.moree.de\/fr\/wp-json\/wp\/v2\/media\/11363"}],"wp:attachment":[{"href":"https:\/\/www.moree.de\/fr\/wp-json\/wp\/v2\/media?parent=10195"}],"wp:term":[{"taxonomy":"product_brand","embeddable":true,"href":"https:\/\/www.moree.de\/fr\/wp-json\/wp\/v2\/product_brand?post=10195"},{"taxonomy":"product_cat","embeddable":true,"href":"https:\/\/www.moree.de\/fr\/wp-json\/wp\/v2\/product_cat?post=10195"},{"taxonomy":"product_tag","embeddable":true,"href":"https:\/\/www.moree.de\/fr\/wp-json\/wp\/v2\/product_tag?post=10195"}],"curies":[{"name":"wp","href":"https:\/\/api.w.org\/{rel}","templated":true}]}}