{"id":15577,"date":"2023-02-28T16:59:48","date_gmt":"2023-02-28T15:59:50","guid":{"rendered":"https:\/\/www.moree.de\/?post_type=product&#038;p=15577"},"modified":"2025-10-29T13:32:47","modified_gmt":"2025-10-29T12:32:47","slug":"ora-home-marchandise-b","status":"publish","type":"product","link":"https:\/\/www.moree.de\/fr\/produit\/ora-home-marchandise-b\/","title":{"rendered":"Ora Home (marchandise B)"},"content":{"rendered":"<p><strong>Table basse \u00e9clair\u00e9e &#8211; \u00e9l\u00e9gante et intemporelle<\/strong><\/p>\n<p>Le design de la table basse ORA Home a \u00e9t\u00e9 r\u00e9compens\u00e9 par l&rsquo;Interior Innovation Design Award. Il se caract\u00e9rise par un corps flottant au-dessus du plateau de base. Un plateau en verre blanc opale est ins\u00e9r\u00e9 dans le corps. Cette table de salon offre une grande surface de rangement, et pas seulement en raison de ses dimensions de 1,10 m par 0,7 m. De plus, les livres, magazines et autres objets peuvent \u00eatre rang\u00e9s de mani\u00e8re d\u00e9corative dans la table basse blanche.<\/p>\n<p><strong>ORA HOME &#8211; 3 diff\u00e9rents mod\u00e8les<\/strong><\/p>\n<p>La table design est maintenant disponible en 3 versions. Dans sa version de base, ORA Home offre un meuble design blanc et r\u00e9duit pour presque tous les salons. Dans la variante comme ORA HOME LED Pro et maintenant aussi dans la nouvelle version \u00e0 accumulateur ORA HOME LED ACCU, les exigences de l&rsquo;habitat moderne sont r\u00e9solues avec ambiance gr\u00e2ce \u00e0 l&rsquo;\u00e9clairage indirect.<\/p>\n<p>La table basse blanche dans la variante \u00e9clair\u00e9e est livr\u00e9e avec des LED multicolores. Elle permet d&rsquo;obtenir tout le spectre des couleurs RGB ainsi qu&rsquo;une lumi\u00e8re blanche chaude. L&rsquo;unit\u00e9 LED peut \u00eatre contr\u00f4l\u00e9e \u00e0 l&rsquo;aide de la t\u00e9l\u00e9commande fournie. La commande met \u00e0 disposition neuf programmes diff\u00e9rents. La t\u00e9l\u00e9commande radio permet \u00e9galement de faire varier l&rsquo;intensit\u00e9 lumineuse et de cr\u00e9er ainsi une atmosph\u00e8re chaleureuse. La port\u00e9e de la t\u00e9l\u00e9commande est de 25 m.<\/p>\n<p><strong>ORA HOME &#8211; Style d&rsquo;habitat<\/strong><\/p>\n<p>Gr\u00e2ce \u00e0 leur corps blanc, ORA Home, ORA Home LED PRO et ORA Home LED ACCU s&rsquo;int\u00e8grent dans presque tous les styles d&rsquo;int\u00e9rieur. Qu&rsquo;il s&rsquo;agisse d&rsquo;un int\u00e9rieur moderne et minimaliste, qui vit de l&rsquo;art de la r\u00e9duction et de l&rsquo;omission, ou d&rsquo;un style scandinave avec ses couleurs claires et ses formes \u00e9pur\u00e9es, la table basse illumine l&rsquo;espace de rangement et offre la possibilit\u00e9 de pr\u00e9senter les tr\u00e9sors et les biens de mani\u00e8re d\u00e9corative tout en cr\u00e9ant de l&rsquo;ordre. Son esth\u00e9tique flottante associ\u00e9e \u00e0 un design cool permet \u00e0 la table de ne pas para\u00eetre lourde et imposante malgr\u00e9 son format et transforme chaque salon en une maison.<\/p>\n<p>Les tables basses ORA Home, ORA Home LED PRO et ORA Home LED ACCU sont con\u00e7ues \u00e0 D\u00fcsseldorf et fabriqu\u00e9es en Allemagne.<\/p>\n<p><strong>Acheter de mani\u00e8re \u00e9cologique gr\u00e2ce \u00e0 la production Made in Germany<\/strong><\/p>\n<p>Toutes les versions de l&rsquo;ORA Home sont fabriqu\u00e9es en Allemagne. Cela offre un haut niveau de s\u00e9curit\u00e9 &#8211; de fiabilit\u00e9 &#8211; d&rsquo;avance technologique &#8211; et de conscience \u00e9cologique. Le design, les mat\u00e9riaux et les normes de production ne sont pas les seuls \u00e0 r\u00e9pondre aux exigences les plus \u00e9lev\u00e9es.<\/p>\n<p>Vous trouverez<span style=\"color: #ff0000;\"><strong> <a style=\"color: #ff0000;\" href=\"https:\/\/www.moree.de\/fr\/shop\/mobilier-design\/table-a-manger\/\">ici<\/a> <\/strong><\/span>d&rsquo;autres tables basses \u00e9clair\u00e9es.<\/p>\n","protected":false},"excerpt":{"rendered":"<p>Marchandise B, avec de l\u00e9gers d\u00e9fauts et une petite tache (10mm) sur le plateau de table en verre, visible uniquement lorsque la lumi\u00e8re est allum\u00e9e. L&rsquo;\u00e9quipement technique peut varier. Une table basse avec espace de rangement en trois versions. Ora Home a un \u00e9clairage LED multicolore &amp; blanc, command\u00e9 par t\u00e9l\u00e9commande ou est livr\u00e9 sans module d&rsquo;\u00e9clairage.<br \/>\n<strong>NOUVEAU! Avec un module d&rsquo;\u00e9clairage rechargeable!\u00a0<\/strong><br \/>\nLa table basse est d\u00e9sormais \u00e9galement disponible en version &lsquo;sans fil&rsquo; avec un module d&rsquo;\u00e9clairage \u00e0 piles. L&rsquo;unit\u00e9 d&rsquo;\u00e9clairage est retir\u00e9e de la table pour \u00eatre recharg\u00e9e et est ensuite replac\u00e9e dans la table pour s&rsquo;\u00e9clairer en blanc ou en multicolore. 15 couleurs pr\u00e9d\u00e9finies et le blanc sont s\u00e9lectionn\u00e9s et diminu\u00e9s par t\u00e9l\u00e9commande..<\/p>\n","protected":false},"featured_media":13162,"template":"","meta":{"_acf_changed":false},"product_brand":[],"product_cat":[512],"product_tag":[],"class_list":{"0":"post-15577","1":"product","2":"type-product","3":"status-publish","4":"has-post-thumbnail","6":"product_cat-offres-actuelles","8":"first","9":"instock","10":"sale","11":"taxable","12":"shipping-taxable","13":"purchasable","14":"product-type-variable"},"acf":[],"yoast_head":"<!-- This site is optimized with the Yoast SEO plugin v26.8 - https:\/\/yoast.com\/product\/yoast-seo-wordpress\/ -->\n<title>Table basse avec LED et meuble de rangement Ora Home (marchandise B) - Moree.de<\/title>\n<meta name=\"description\" content=\"Table basse avec LED ORA HOME LED avec espace de rangement, propose un meuble design blanc et r\u00e9duit pour presque tous les salons.\" \/>\n<meta name=\"robots\" content=\"index, follow, max-snippet:-1, max-image-preview:large, max-video-preview:-1\" \/>\n<link rel=\"canonical\" href=\"https:\/\/www.moree.de\/fr\/produit\/ora-home-marchandise-b\/\" \/>\n<meta property=\"og:locale\" content=\"fr_FR\" \/>\n<meta property=\"og:type\" content=\"article\" \/>\n<meta property=\"og:title\" content=\"Table basse avec LED et meuble de rangement Ora Home (marchandise B) - Moree.de\" \/>\n<meta property=\"og:description\" content=\"Table basse avec LED ORA HOME LED avec espace de rangement, propose un meuble design blanc et r\u00e9duit pour presque tous les salons.\" \/>\n<meta property=\"og:url\" content=\"https:\/\/www.moree.de\/fr\/produit\/ora-home-marchandise-b\/\" \/>\n<meta property=\"og:site_name\" content=\"Moree.de\" \/>\n<meta property=\"article:modified_time\" content=\"2025-10-29T12:32:47+00:00\" \/>\n<meta property=\"og:image\" content=\"https:\/\/www.moree.de\/wp-content\/uploads\/2022\/09\/28-16-01-Ora-Home-Design-Couchtisch-weiss-mit-Stauraum-beleuchtet.jpg\" \/>\n\t<meta property=\"og:image:width\" content=\"1020\" \/>\n\t<meta property=\"og:image:height\" content=\"765\" \/>\n\t<meta property=\"og:image:type\" content=\"image\/jpeg\" \/>\n<meta name=\"twitter:card\" content=\"summary_large_image\" \/>\n<meta name=\"twitter:label1\" content=\"Dur\u00e9e de lecture estim\u00e9e\" \/>\n\t<meta name=\"twitter:data1\" content=\"3 minutes\" \/>\n<script type=\"application\/ld+json\" class=\"yoast-schema-graph\">{\"@context\":\"https:\/\/schema.org\",\"@graph\":[{\"@type\":\"WebPage\",\"@id\":\"https:\/\/www.moree.de\/fr\/produit\/ora-home-marchandise-b\/\",\"url\":\"https:\/\/www.moree.de\/fr\/produit\/ora-home-marchandise-b\/\",\"name\":\"Table basse avec LED et meuble de rangement Ora Home (marchandise B) - Moree.de\",\"isPartOf\":{\"@id\":\"https:\/\/www.moree.de\/fr\/#website\"},\"primaryImageOfPage\":{\"@id\":\"https:\/\/www.moree.de\/fr\/produit\/ora-home-marchandise-b\/#primaryimage\"},\"image\":{\"@id\":\"https:\/\/www.moree.de\/fr\/produit\/ora-home-marchandise-b\/#primaryimage\"},\"thumbnailUrl\":\"https:\/\/www.moree.de\/wp-content\/uploads\/2022\/09\/28-16-01-Ora-Home-Design-Couchtisch-weiss-mit-Stauraum-beleuchtet.jpg\",\"datePublished\":\"2023-02-28T15:59:50+00:00\",\"dateModified\":\"2025-10-29T12:32:47+00:00\",\"description\":\"Table basse avec LED ORA HOME LED avec espace de rangement, propose un meuble design blanc et r\u00e9duit pour presque tous les salons.\",\"breadcrumb\":{\"@id\":\"https:\/\/www.moree.de\/fr\/produit\/ora-home-marchandise-b\/#breadcrumb\"},\"inLanguage\":\"fr-FR\",\"potentialAction\":[{\"@type\":\"ReadAction\",\"target\":[\"https:\/\/www.moree.de\/fr\/produit\/ora-home-marchandise-b\/\"]}]},{\"@type\":\"ImageObject\",\"inLanguage\":\"fr-FR\",\"@id\":\"https:\/\/www.moree.de\/fr\/produit\/ora-home-marchandise-b\/#primaryimage\",\"url\":\"https:\/\/www.moree.de\/wp-content\/uploads\/2022\/09\/28-16-01-Ora-Home-Design-Couchtisch-weiss-mit-Stauraum-beleuchtet.jpg\",\"contentUrl\":\"https:\/\/www.moree.de\/wp-content\/uploads\/2022\/09\/28-16-01-Ora-Home-Design-Couchtisch-weiss-mit-Stauraum-beleuchtet.jpg\",\"width\":1020,\"height\":765},{\"@type\":\"BreadcrumbList\",\"@id\":\"https:\/\/www.moree.de\/fr\/produit\/ora-home-marchandise-b\/#breadcrumb\",\"itemListElement\":[{\"@type\":\"ListItem\",\"position\":1,\"name\":\"Home\",\"item\":\"https:\/\/www.moree.de\/fr\/\"},{\"@type\":\"ListItem\",\"position\":2,\"name\":\"Shop\",\"item\":\"https:\/\/www.moree.de\/shop\/\"},{\"@type\":\"ListItem\",\"position\":3,\"name\":\"Ora Home (marchandise B)\"}]},{\"@type\":\"WebSite\",\"@id\":\"https:\/\/www.moree.de\/fr\/#website\",\"url\":\"https:\/\/www.moree.de\/fr\/\",\"name\":\"Moree.de\",\"description\":\"Gastronomie M\u00f6bel, Lounge M\u00f6bel, Barhocker und LED M\u00f6bel\",\"publisher\":{\"@id\":\"https:\/\/www.moree.de\/fr\/#organization\"},\"potentialAction\":[{\"@type\":\"SearchAction\",\"target\":{\"@type\":\"EntryPoint\",\"urlTemplate\":\"https:\/\/www.moree.de\/fr\/?s={search_term_string}\"},\"query-input\":{\"@type\":\"PropertyValueSpecification\",\"valueRequired\":true,\"valueName\":\"search_term_string\"}}],\"inLanguage\":\"fr-FR\"},{\"@type\":\"Organization\",\"@id\":\"https:\/\/www.moree.de\/fr\/#organization\",\"name\":\"Moree.de\",\"url\":\"https:\/\/www.moree.de\/fr\/\",\"logo\":{\"@type\":\"ImageObject\",\"inLanguage\":\"fr-FR\",\"@id\":\"https:\/\/www.moree.de\/fr\/#\/schema\/logo\/image\/\",\"url\":\"https:\/\/www.moree.de\/wp-content\/uploads\/2021\/05\/moree-logo.svg\",\"contentUrl\":\"https:\/\/www.moree.de\/wp-content\/uploads\/2021\/05\/moree-logo.svg\",\"width\":349,\"height\":62,\"caption\":\"Moree.de\"},\"image\":{\"@id\":\"https:\/\/www.moree.de\/fr\/#\/schema\/logo\/image\/\"}}]}<\/script>\n<!-- \/ Yoast SEO plugin. -->","yoast_head_json":{"title":"Table basse avec LED et meuble de rangement Ora Home (marchandise B) - Moree.de","description":"Table basse avec LED ORA HOME LED avec espace de rangement, propose un meuble design blanc et r\u00e9duit pour presque tous les salons.","robots":{"index":"index","follow":"follow","max-snippet":"max-snippet:-1","max-image-preview":"max-image-preview:large","max-video-preview":"max-video-preview:-1"},"canonical":"https:\/\/www.moree.de\/fr\/produit\/ora-home-marchandise-b\/","og_locale":"fr_FR","og_type":"article","og_title":"Table basse avec LED et meuble de rangement Ora Home (marchandise B) - Moree.de","og_description":"Table basse avec LED ORA HOME LED avec espace de rangement, propose un meuble design blanc et r\u00e9duit pour presque tous les salons.","og_url":"https:\/\/www.moree.de\/fr\/produit\/ora-home-marchandise-b\/","og_site_name":"Moree.de","article_modified_time":"2025-10-29T12:32:47+00:00","og_image":[{"width":1020,"height":765,"url":"https:\/\/www.moree.de\/wp-content\/uploads\/2022\/09\/28-16-01-Ora-Home-Design-Couchtisch-weiss-mit-Stauraum-beleuchtet.jpg","type":"image\/jpeg"}],"twitter_card":"summary_large_image","twitter_misc":{"Dur\u00e9e de lecture estim\u00e9e":"3 minutes"},"schema":{"@context":"https:\/\/schema.org","@graph":[{"@type":"WebPage","@id":"https:\/\/www.moree.de\/fr\/produit\/ora-home-marchandise-b\/","url":"https:\/\/www.moree.de\/fr\/produit\/ora-home-marchandise-b\/","name":"Table basse avec LED et meuble de rangement Ora Home (marchandise B) - Moree.de","isPartOf":{"@id":"https:\/\/www.moree.de\/fr\/#website"},"primaryImageOfPage":{"@id":"https:\/\/www.moree.de\/fr\/produit\/ora-home-marchandise-b\/#primaryimage"},"image":{"@id":"https:\/\/www.moree.de\/fr\/produit\/ora-home-marchandise-b\/#primaryimage"},"thumbnailUrl":"https:\/\/www.moree.de\/wp-content\/uploads\/2022\/09\/28-16-01-Ora-Home-Design-Couchtisch-weiss-mit-Stauraum-beleuchtet.jpg","datePublished":"2023-02-28T15:59:50+00:00","dateModified":"2025-10-29T12:32:47+00:00","description":"Table basse avec LED ORA HOME LED avec espace de rangement, propose un meuble design blanc et r\u00e9duit pour presque tous les salons.","breadcrumb":{"@id":"https:\/\/www.moree.de\/fr\/produit\/ora-home-marchandise-b\/#breadcrumb"},"inLanguage":"fr-FR","potentialAction":[{"@type":"ReadAction","target":["https:\/\/www.moree.de\/fr\/produit\/ora-home-marchandise-b\/"]}]},{"@type":"ImageObject","inLanguage":"fr-FR","@id":"https:\/\/www.moree.de\/fr\/produit\/ora-home-marchandise-b\/#primaryimage","url":"https:\/\/www.moree.de\/wp-content\/uploads\/2022\/09\/28-16-01-Ora-Home-Design-Couchtisch-weiss-mit-Stauraum-beleuchtet.jpg","contentUrl":"https:\/\/www.moree.de\/wp-content\/uploads\/2022\/09\/28-16-01-Ora-Home-Design-Couchtisch-weiss-mit-Stauraum-beleuchtet.jpg","width":1020,"height":765},{"@type":"BreadcrumbList","@id":"https:\/\/www.moree.de\/fr\/produit\/ora-home-marchandise-b\/#breadcrumb","itemListElement":[{"@type":"ListItem","position":1,"name":"Home","item":"https:\/\/www.moree.de\/fr\/"},{"@type":"ListItem","position":2,"name":"Shop","item":"https:\/\/www.moree.de\/shop\/"},{"@type":"ListItem","position":3,"name":"Ora Home (marchandise B)"}]},{"@type":"WebSite","@id":"https:\/\/www.moree.de\/fr\/#website","url":"https:\/\/www.moree.de\/fr\/","name":"Moree.de","description":"Gastronomie M\u00f6bel, Lounge M\u00f6bel, Barhocker und LED M\u00f6bel","publisher":{"@id":"https:\/\/www.moree.de\/fr\/#organization"},"potentialAction":[{"@type":"SearchAction","target":{"@type":"EntryPoint","urlTemplate":"https:\/\/www.moree.de\/fr\/?s={search_term_string}"},"query-input":{"@type":"PropertyValueSpecification","valueRequired":true,"valueName":"search_term_string"}}],"inLanguage":"fr-FR"},{"@type":"Organization","@id":"https:\/\/www.moree.de\/fr\/#organization","name":"Moree.de","url":"https:\/\/www.moree.de\/fr\/","logo":{"@type":"ImageObject","inLanguage":"fr-FR","@id":"https:\/\/www.moree.de\/fr\/#\/schema\/logo\/image\/","url":"https:\/\/www.moree.de\/wp-content\/uploads\/2021\/05\/moree-logo.svg","contentUrl":"https:\/\/www.moree.de\/wp-content\/uploads\/2021\/05\/moree-logo.svg","width":349,"height":62,"caption":"Moree.de"},"image":{"@id":"https:\/\/www.moree.de\/fr\/#\/schema\/logo\/image\/"}}]}},"_links":{"self":[{"href":"https:\/\/www.moree.de\/fr\/wp-json\/wp\/v2\/product\/15577","targetHints":{"allow":["GET"]}}],"collection":[{"href":"https:\/\/www.moree.de\/fr\/wp-json\/wp\/v2\/product"}],"about":[{"href":"https:\/\/www.moree.de\/fr\/wp-json\/wp\/v2\/types\/product"}],"wp:featuredmedia":[{"embeddable":true,"href":"https:\/\/www.moree.de\/fr\/wp-json\/wp\/v2\/media\/13162"}],"wp:attachment":[{"href":"https:\/\/www.moree.de\/fr\/wp-json\/wp\/v2\/media?parent=15577"}],"wp:term":[{"taxonomy":"product_brand","embeddable":true,"href":"https:\/\/www.moree.de\/fr\/wp-json\/wp\/v2\/product_brand?post=15577"},{"taxonomy":"product_cat","embeddable":true,"href":"https:\/\/www.moree.de\/fr\/wp-json\/wp\/v2\/product_cat?post=15577"},{"taxonomy":"product_tag","embeddable":true,"href":"https:\/\/www.moree.de\/fr\/wp-json\/wp\/v2\/product_tag?post=15577"}],"curies":[{"name":"wp","href":"https:\/\/api.w.org\/{rel}","templated":true}]}}