{"id":16137,"date":"2023-06-16T09:32:18","date_gmt":"2023-06-16T07:32:18","guid":{"rendered":"https:\/\/www.moree.de\/?post_type=product&#038;p=16137"},"modified":"2025-10-29T13:32:45","modified_gmt":"2025-10-29T12:32:45","slug":"ampoule-del-e27-11w-rgb-cct-wlan","status":"publish","type":"product","link":"https:\/\/www.moree.de\/fr\/produit\/ampoule-del-e27-11w-rgb-cct-wlan\/","title":{"rendered":"Ampoule DEL E27 11W RGB CCT WLAN"},"content":{"rendered":"<p><strong>Ampoule E27 LED RGB CCT contr\u00f4lable par application et par la voix<\/strong><br \/>\nLa Moree 11W RGB CCT DEL ne fait pas seulement briller les Cube, Bubble et autres en couleur, elle permet aussi l&rsquo;utilisation dans toutes les lampes avec douille E27. D\u00e9sormais, l&rsquo;ampoule LED \u00e0 commande vocale, conquiert le monde de la technique &#8211; et trouve son application dans un nombre croissant d&rsquo;objets de nos foyers. En outre, la commande est possible avec l&rsquo;application SMART LIFE pour les appareils Android et pour les appareils Apple.<br \/>\nL&rsquo;ampoule de 11 watts peut \u00eatre command\u00e9e \u00e0 la maison ou en d\u00e9placement. 8 programmes diff\u00e9rents r\u00e9pondent \u00e0 tous les souhaits.<\/p>\n<p>L&rsquo;ampoule DEL est compatible avec Google Home et Amazon Alexa. Gr\u00e2ce \u00e0 la commande vocale, la couleur de la lumi\u00e8re, la luminosit\u00e9 et la fonction marche\/arr\u00eat peuvent \u00eatre command\u00e9es. En outre, l&rsquo;ampoule DEL est compatible CCT. Ce terme signifie \u00ab\u00a0correlated color temperature\u00a0\u00bb. La temp\u00e9rature de couleur corr\u00e9l\u00e9e d\u00e9crit la temp\u00e9rature de couleur d&rsquo;une source de lumi\u00e8re blanche. Les nuances de blanc vont du blanc froid au blanc chaud en passant par le blanc neutre.<\/p>\n<p><strong>Les fonctions suivantes peuvent \u00eatre command\u00e9es par l&rsquo;app<\/strong><br \/>\nFonction marche\/arr\u00eat, commande temporelle, blanc chaud \u00e0 blanc froid, couleurs multicolores du cercle chromatique, saturation, luminosit\u00e9 et programmes de couleur.<\/p>\n","protected":false},"excerpt":{"rendered":"<p>Ampoules DEL 11W E27 RGB CCT contr\u00f4lables par app et par la voix. Les fonctions suivantes peuvent \u00eatre command\u00e9es par l&rsquo;app: fonction marche\/arr\u00eat, commande temporelle, blanc chaud \u00e0 blanc froid, couleurs multicolores du cercle chromatique, saturation, luminosit\u00e9, programmes de couleurs, etc.<\/p>\n","protected":false},"featured_media":22298,"template":"","meta":{"_acf_changed":false},"product_brand":[],"product_cat":[814,513,797],"product_tag":[],"class_list":{"0":"post-16137","1":"product","2":"type-product","3":"status-publish","4":"has-post-thumbnail","6":"product_cat-vente-lampes-offres-soldes-produits-reduits-promotion-black-friday","7":"product_cat-accessoires-fr","8":"product_cat-ampoule-e27-del-rgb-cct","10":"first","11":"instock","12":"sale","13":"taxable","14":"shipping-taxable","15":"purchasable","16":"product-type-simple"},"acf":[],"yoast_head":"<!-- This site is optimized with the Yoast SEO plugin v26.8 - https:\/\/yoast.com\/product\/yoast-seo-wordpress\/ -->\n<title>Ampoule DEL E27 11W RGB CCT WLAN - Moree.de<\/title>\n<meta name=\"robots\" content=\"index, follow, max-snippet:-1, max-image-preview:large, max-video-preview:-1\" \/>\n<link rel=\"canonical\" href=\"https:\/\/www.moree.de\/fr\/produit\/ampoule-del-e27-11w-rgb-cct-wlan\/\" \/>\n<meta property=\"og:locale\" content=\"fr_FR\" \/>\n<meta property=\"og:type\" content=\"article\" \/>\n<meta property=\"og:title\" content=\"Ampoule DEL E27 11W RGB CCT WLAN - Moree.de\" \/>\n<meta property=\"og:description\" content=\"Ampoules DEL 11W E27 RGB CCT contr\u00f4lables par app et par la voix. Les fonctions suivantes peuvent \u00eatre command\u00e9es par l&#039;app: fonction marche\/arr\u00eat, commande temporelle, blanc chaud \u00e0 blanc froid, couleurs multicolores du cercle chromatique, saturation, luminosit\u00e9, programmes de couleurs, etc.\" \/>\n<meta property=\"og:url\" content=\"https:\/\/www.moree.de\/fr\/produit\/ampoule-del-e27-11w-rgb-cct-wlan\/\" \/>\n<meta property=\"og:site_name\" content=\"Moree.de\" \/>\n<meta property=\"article:modified_time\" content=\"2025-10-29T12:32:45+00:00\" \/>\n<meta property=\"og:image\" content=\"https:\/\/www.moree.de\/wp-content\/uploads\/2024\/08\/MOREE-11W-RGB-CCT-Bulb-rgb-CCT-birne-led-warmweiss-e27-Smart-Life-App.jpg\" \/>\n\t<meta property=\"og:image:width\" content=\"1000\" \/>\n\t<meta property=\"og:image:height\" content=\"1000\" \/>\n\t<meta property=\"og:image:type\" content=\"image\/jpeg\" \/>\n<meta name=\"twitter:card\" content=\"summary_large_image\" \/>\n<meta name=\"twitter:label1\" content=\"Dur\u00e9e de lecture estim\u00e9e\" \/>\n\t<meta name=\"twitter:data1\" content=\"1 minute\" \/>\n<script type=\"application\/ld+json\" class=\"yoast-schema-graph\">{\"@context\":\"https:\/\/schema.org\",\"@graph\":[{\"@type\":\"WebPage\",\"@id\":\"https:\/\/www.moree.de\/fr\/produit\/ampoule-del-e27-11w-rgb-cct-wlan\/\",\"url\":\"https:\/\/www.moree.de\/fr\/produit\/ampoule-del-e27-11w-rgb-cct-wlan\/\",\"name\":\"Ampoule DEL E27 11W RGB CCT WLAN - Moree.de\",\"isPartOf\":{\"@id\":\"https:\/\/www.moree.de\/fr\/#website\"},\"primaryImageOfPage\":{\"@id\":\"https:\/\/www.moree.de\/fr\/produit\/ampoule-del-e27-11w-rgb-cct-wlan\/#primaryimage\"},\"image\":{\"@id\":\"https:\/\/www.moree.de\/fr\/produit\/ampoule-del-e27-11w-rgb-cct-wlan\/#primaryimage\"},\"thumbnailUrl\":\"https:\/\/www.moree.de\/wp-content\/uploads\/2024\/08\/MOREE-11W-RGB-CCT-Bulb-rgb-CCT-birne-led-warmweiss-e27-Smart-Life-App.jpg\",\"datePublished\":\"2023-06-16T07:32:18+00:00\",\"dateModified\":\"2025-10-29T12:32:45+00:00\",\"breadcrumb\":{\"@id\":\"https:\/\/www.moree.de\/fr\/produit\/ampoule-del-e27-11w-rgb-cct-wlan\/#breadcrumb\"},\"inLanguage\":\"fr-FR\",\"potentialAction\":[{\"@type\":\"ReadAction\",\"target\":[\"https:\/\/www.moree.de\/fr\/produit\/ampoule-del-e27-11w-rgb-cct-wlan\/\"]}]},{\"@type\":\"ImageObject\",\"inLanguage\":\"fr-FR\",\"@id\":\"https:\/\/www.moree.de\/fr\/produit\/ampoule-del-e27-11w-rgb-cct-wlan\/#primaryimage\",\"url\":\"https:\/\/www.moree.de\/wp-content\/uploads\/2024\/08\/MOREE-11W-RGB-CCT-Bulb-rgb-CCT-birne-led-warmweiss-e27-Smart-Life-App.jpg\",\"contentUrl\":\"https:\/\/www.moree.de\/wp-content\/uploads\/2024\/08\/MOREE-11W-RGB-CCT-Bulb-rgb-CCT-birne-led-warmweiss-e27-Smart-Life-App.jpg\",\"width\":1000,\"height\":1000},{\"@type\":\"BreadcrumbList\",\"@id\":\"https:\/\/www.moree.de\/fr\/produit\/ampoule-del-e27-11w-rgb-cct-wlan\/#breadcrumb\",\"itemListElement\":[{\"@type\":\"ListItem\",\"position\":1,\"name\":\"Home\",\"item\":\"https:\/\/www.moree.de\/fr\/\"},{\"@type\":\"ListItem\",\"position\":2,\"name\":\"Shop\",\"item\":\"https:\/\/www.moree.de\/shop\/\"},{\"@type\":\"ListItem\",\"position\":3,\"name\":\"Ampoule DEL E27 11W RGB CCT WLAN\"}]},{\"@type\":\"WebSite\",\"@id\":\"https:\/\/www.moree.de\/fr\/#website\",\"url\":\"https:\/\/www.moree.de\/fr\/\",\"name\":\"Moree.de\",\"description\":\"Gastronomie M\u00f6bel, Lounge M\u00f6bel, Barhocker und LED M\u00f6bel\",\"publisher\":{\"@id\":\"https:\/\/www.moree.de\/fr\/#organization\"},\"potentialAction\":[{\"@type\":\"SearchAction\",\"target\":{\"@type\":\"EntryPoint\",\"urlTemplate\":\"https:\/\/www.moree.de\/fr\/?s={search_term_string}\"},\"query-input\":{\"@type\":\"PropertyValueSpecification\",\"valueRequired\":true,\"valueName\":\"search_term_string\"}}],\"inLanguage\":\"fr-FR\"},{\"@type\":\"Organization\",\"@id\":\"https:\/\/www.moree.de\/fr\/#organization\",\"name\":\"Moree.de\",\"url\":\"https:\/\/www.moree.de\/fr\/\",\"logo\":{\"@type\":\"ImageObject\",\"inLanguage\":\"fr-FR\",\"@id\":\"https:\/\/www.moree.de\/fr\/#\/schema\/logo\/image\/\",\"url\":\"https:\/\/www.moree.de\/wp-content\/uploads\/2021\/05\/moree-logo.svg\",\"contentUrl\":\"https:\/\/www.moree.de\/wp-content\/uploads\/2021\/05\/moree-logo.svg\",\"width\":349,\"height\":62,\"caption\":\"Moree.de\"},\"image\":{\"@id\":\"https:\/\/www.moree.de\/fr\/#\/schema\/logo\/image\/\"}}]}<\/script>\n<!-- \/ Yoast SEO plugin. -->","yoast_head_json":{"title":"Ampoule DEL E27 11W RGB CCT WLAN - Moree.de","robots":{"index":"index","follow":"follow","max-snippet":"max-snippet:-1","max-image-preview":"max-image-preview:large","max-video-preview":"max-video-preview:-1"},"canonical":"https:\/\/www.moree.de\/fr\/produit\/ampoule-del-e27-11w-rgb-cct-wlan\/","og_locale":"fr_FR","og_type":"article","og_title":"Ampoule DEL E27 11W RGB CCT WLAN - Moree.de","og_description":"Ampoules DEL 11W E27 RGB CCT contr\u00f4lables par app et par la voix. Les fonctions suivantes peuvent \u00eatre command\u00e9es par l'app: fonction marche\/arr\u00eat, commande temporelle, blanc chaud \u00e0 blanc froid, couleurs multicolores du cercle chromatique, saturation, luminosit\u00e9, programmes de couleurs, etc.","og_url":"https:\/\/www.moree.de\/fr\/produit\/ampoule-del-e27-11w-rgb-cct-wlan\/","og_site_name":"Moree.de","article_modified_time":"2025-10-29T12:32:45+00:00","og_image":[{"width":1000,"height":1000,"url":"https:\/\/www.moree.de\/wp-content\/uploads\/2024\/08\/MOREE-11W-RGB-CCT-Bulb-rgb-CCT-birne-led-warmweiss-e27-Smart-Life-App.jpg","type":"image\/jpeg"}],"twitter_card":"summary_large_image","twitter_misc":{"Dur\u00e9e de lecture estim\u00e9e":"1 minute"},"schema":{"@context":"https:\/\/schema.org","@graph":[{"@type":"WebPage","@id":"https:\/\/www.moree.de\/fr\/produit\/ampoule-del-e27-11w-rgb-cct-wlan\/","url":"https:\/\/www.moree.de\/fr\/produit\/ampoule-del-e27-11w-rgb-cct-wlan\/","name":"Ampoule DEL E27 11W RGB CCT WLAN - Moree.de","isPartOf":{"@id":"https:\/\/www.moree.de\/fr\/#website"},"primaryImageOfPage":{"@id":"https:\/\/www.moree.de\/fr\/produit\/ampoule-del-e27-11w-rgb-cct-wlan\/#primaryimage"},"image":{"@id":"https:\/\/www.moree.de\/fr\/produit\/ampoule-del-e27-11w-rgb-cct-wlan\/#primaryimage"},"thumbnailUrl":"https:\/\/www.moree.de\/wp-content\/uploads\/2024\/08\/MOREE-11W-RGB-CCT-Bulb-rgb-CCT-birne-led-warmweiss-e27-Smart-Life-App.jpg","datePublished":"2023-06-16T07:32:18+00:00","dateModified":"2025-10-29T12:32:45+00:00","breadcrumb":{"@id":"https:\/\/www.moree.de\/fr\/produit\/ampoule-del-e27-11w-rgb-cct-wlan\/#breadcrumb"},"inLanguage":"fr-FR","potentialAction":[{"@type":"ReadAction","target":["https:\/\/www.moree.de\/fr\/produit\/ampoule-del-e27-11w-rgb-cct-wlan\/"]}]},{"@type":"ImageObject","inLanguage":"fr-FR","@id":"https:\/\/www.moree.de\/fr\/produit\/ampoule-del-e27-11w-rgb-cct-wlan\/#primaryimage","url":"https:\/\/www.moree.de\/wp-content\/uploads\/2024\/08\/MOREE-11W-RGB-CCT-Bulb-rgb-CCT-birne-led-warmweiss-e27-Smart-Life-App.jpg","contentUrl":"https:\/\/www.moree.de\/wp-content\/uploads\/2024\/08\/MOREE-11W-RGB-CCT-Bulb-rgb-CCT-birne-led-warmweiss-e27-Smart-Life-App.jpg","width":1000,"height":1000},{"@type":"BreadcrumbList","@id":"https:\/\/www.moree.de\/fr\/produit\/ampoule-del-e27-11w-rgb-cct-wlan\/#breadcrumb","itemListElement":[{"@type":"ListItem","position":1,"name":"Home","item":"https:\/\/www.moree.de\/fr\/"},{"@type":"ListItem","position":2,"name":"Shop","item":"https:\/\/www.moree.de\/shop\/"},{"@type":"ListItem","position":3,"name":"Ampoule DEL E27 11W RGB CCT WLAN"}]},{"@type":"WebSite","@id":"https:\/\/www.moree.de\/fr\/#website","url":"https:\/\/www.moree.de\/fr\/","name":"Moree.de","description":"Gastronomie M\u00f6bel, Lounge M\u00f6bel, Barhocker und LED M\u00f6bel","publisher":{"@id":"https:\/\/www.moree.de\/fr\/#organization"},"potentialAction":[{"@type":"SearchAction","target":{"@type":"EntryPoint","urlTemplate":"https:\/\/www.moree.de\/fr\/?s={search_term_string}"},"query-input":{"@type":"PropertyValueSpecification","valueRequired":true,"valueName":"search_term_string"}}],"inLanguage":"fr-FR"},{"@type":"Organization","@id":"https:\/\/www.moree.de\/fr\/#organization","name":"Moree.de","url":"https:\/\/www.moree.de\/fr\/","logo":{"@type":"ImageObject","inLanguage":"fr-FR","@id":"https:\/\/www.moree.de\/fr\/#\/schema\/logo\/image\/","url":"https:\/\/www.moree.de\/wp-content\/uploads\/2021\/05\/moree-logo.svg","contentUrl":"https:\/\/www.moree.de\/wp-content\/uploads\/2021\/05\/moree-logo.svg","width":349,"height":62,"caption":"Moree.de"},"image":{"@id":"https:\/\/www.moree.de\/fr\/#\/schema\/logo\/image\/"}}]}},"_links":{"self":[{"href":"https:\/\/www.moree.de\/fr\/wp-json\/wp\/v2\/product\/16137","targetHints":{"allow":["GET"]}}],"collection":[{"href":"https:\/\/www.moree.de\/fr\/wp-json\/wp\/v2\/product"}],"about":[{"href":"https:\/\/www.moree.de\/fr\/wp-json\/wp\/v2\/types\/product"}],"wp:featuredmedia":[{"embeddable":true,"href":"https:\/\/www.moree.de\/fr\/wp-json\/wp\/v2\/media\/22298"}],"wp:attachment":[{"href":"https:\/\/www.moree.de\/fr\/wp-json\/wp\/v2\/media?parent=16137"}],"wp:term":[{"taxonomy":"product_brand","embeddable":true,"href":"https:\/\/www.moree.de\/fr\/wp-json\/wp\/v2\/product_brand?post=16137"},{"taxonomy":"product_cat","embeddable":true,"href":"https:\/\/www.moree.de\/fr\/wp-json\/wp\/v2\/product_cat?post=16137"},{"taxonomy":"product_tag","embeddable":true,"href":"https:\/\/www.moree.de\/fr\/wp-json\/wp\/v2\/product_tag?post=16137"}],"curies":[{"name":"wp","href":"https:\/\/api.w.org\/{rel}","templated":true}]}}