{"id":16931,"date":"2023-07-17T15:51:03","date_gmt":"2023-07-17T13:51:03","guid":{"rendered":"https:\/\/www.moree.de\/?post_type=product&#038;p=16931"},"modified":"2025-10-29T13:32:35","modified_gmt":"2025-10-29T12:32:35","slug":"cube-marchandise-b","status":"publish","type":"product","link":"https:\/\/www.moree.de\/fr\/produit\/cube-marchandise-b\/","title":{"rendered":"Cube (marchandise B)"},"content":{"rendered":"<p>Le cube sert de meuble d&rsquo;assise, de table, d&rsquo;objet d\u00e9coratif ou de source de lumi\u00e8re indirecte. Le cube de si\u00e8ges lumineux est id\u00e9al pour un usage priv\u00e9 ou professionnel. Le Cube Indoor est \u00e9quip\u00e9 d&rsquo;un c\u00e2ble transparent et d&rsquo;un interrupteur \u00e0 pied.<\/p>\n<p>La version ext\u00e9rieure avec c\u00e2ble noir \u00e9tanche illumine les jardins, les terrasses ou les parcs lors d&rsquo;\u00e9v\u00e9nements et offre en m\u00eame temps des places assises.<\/p>\n<p>Les deux versions du Cube sont \u00e9galement disponibles en version LED avec t\u00e9l\u00e9commande offrant diverses fonctions de couleur et de gradation, ainsi qu&rsquo;en version Accu-LED sans fil offrant encore plus de flexibilit\u00e9 &#8211; voir Cube LED Accu.<\/p>\n\n","protected":false},"excerpt":{"rendered":"<p>Si\u00e8ge, table et objet de d\u00e9coration innovants ! Diff\u00e9rentes versions techniques sont disponibles avec une lumi\u00e8re blanche ou color\u00e9e, pour l&rsquo;int\u00e9rieur &amp; l&rsquo;ext\u00e9rieur, avec un c\u00e2ble ou une batterie rechargeable. Un plateau de table en verre et des coussins d&rsquo;assise sont disponibles en option. <em><span style=\"color: #ff9900;\">Le produit propos\u00e9 est comme neuf, mais pr\u00e9sente un l\u00e9ger d\u00e9faut de surface d&rsquo;environ 50 mm (rayure) sur une face lat\u00e9rale tout en bas, plus ou moins visible selon l&rsquo;incidence de la lumi\u00e8re. Techniquement, il est impeccable.<\/span><\/em><\/p>\n","protected":false},"featured_media":4762,"template":"","meta":{"_acf_changed":false},"product_brand":[],"product_cat":[814,512],"product_tag":[],"class_list":{"0":"post-16931","1":"product","2":"type-product","3":"status-publish","4":"has-post-thumbnail","6":"product_cat-vente-lampes-offres-soldes-produits-reduits-promotion-black-friday","7":"product_cat-offres-actuelles","9":"first","10":"instock","11":"sale","12":"taxable","13":"shipping-taxable","14":"purchasable","15":"product-type-variable","16":"has-default-attributes"},"acf":[],"yoast_head":"<!-- This site is optimized with the Yoast SEO plugin v26.8 - https:\/\/yoast.com\/product\/yoast-seo-wordpress\/ -->\n<title>Cube (marchandise B) - Moree.de<\/title>\n<meta name=\"robots\" content=\"index, follow, max-snippet:-1, max-image-preview:large, max-video-preview:-1\" \/>\n<link rel=\"canonical\" href=\"https:\/\/www.moree.de\/fr\/produit\/cube-marchandise-b\/\" \/>\n<meta property=\"og:locale\" content=\"fr_FR\" \/>\n<meta property=\"og:type\" content=\"article\" \/>\n<meta property=\"og:title\" content=\"Cube (marchandise B) - Moree.de\" \/>\n<meta property=\"og:description\" content=\"Si\u00e8ge, table et objet de d\u00e9coration innovants ! Diff\u00e9rentes versions techniques sont disponibles avec une lumi\u00e8re blanche ou color\u00e9e, pour l&#039;int\u00e9rieur &amp; l&#039;ext\u00e9rieur, avec un c\u00e2ble ou une batterie rechargeable. Un plateau de table en verre et des coussins d&#039;assise sont disponibles en option. Le produit propos\u00e9 est comme neuf, mais pr\u00e9sente un l\u00e9ger d\u00e9faut de surface d&#039;environ 50 mm (rayure) sur une face lat\u00e9rale tout en bas, plus ou moins visible selon l&#039;incidence de la lumi\u00e8re. Techniquement, il est impeccable.\" \/>\n<meta property=\"og:url\" content=\"https:\/\/www.moree.de\/fr\/produit\/cube-marchandise-b\/\" \/>\n<meta property=\"og:site_name\" content=\"Moree.de\" \/>\n<meta property=\"article:modified_time\" content=\"2025-10-29T12:32:35+00:00\" \/>\n<meta property=\"og:image\" content=\"https:\/\/www.moree.de\/wp-content\/uploads\/2021\/06\/Moree-Cube-Outdoor-LED-Gartenhocker-Terrasse-Moebel-Tisch-Park-Event-schnurlos-Licht-1.jpg\" \/>\n\t<meta property=\"og:image:width\" content=\"1020\" \/>\n\t<meta property=\"og:image:height\" content=\"765\" \/>\n\t<meta property=\"og:image:type\" content=\"image\/jpeg\" \/>\n<meta name=\"twitter:card\" content=\"summary_large_image\" \/>\n<meta name=\"twitter:label1\" content=\"Dur\u00e9e de lecture estim\u00e9e\" \/>\n\t<meta name=\"twitter:data1\" content=\"1 minute\" \/>\n<script type=\"application\/ld+json\" class=\"yoast-schema-graph\">{\"@context\":\"https:\/\/schema.org\",\"@graph\":[{\"@type\":\"WebPage\",\"@id\":\"https:\/\/www.moree.de\/fr\/produit\/cube-marchandise-b\/\",\"url\":\"https:\/\/www.moree.de\/fr\/produit\/cube-marchandise-b\/\",\"name\":\"Cube (marchandise B) - Moree.de\",\"isPartOf\":{\"@id\":\"https:\/\/www.moree.de\/fr\/#website\"},\"primaryImageOfPage\":{\"@id\":\"https:\/\/www.moree.de\/fr\/produit\/cube-marchandise-b\/#primaryimage\"},\"image\":{\"@id\":\"https:\/\/www.moree.de\/fr\/produit\/cube-marchandise-b\/#primaryimage\"},\"thumbnailUrl\":\"https:\/\/www.moree.de\/wp-content\/uploads\/2021\/06\/Moree-Cube-Outdoor-LED-Gartenhocker-Terrasse-Moebel-Tisch-Park-Event-schnurlos-Licht-1.jpg\",\"datePublished\":\"2023-07-17T13:51:03+00:00\",\"dateModified\":\"2025-10-29T12:32:35+00:00\",\"breadcrumb\":{\"@id\":\"https:\/\/www.moree.de\/fr\/produit\/cube-marchandise-b\/#breadcrumb\"},\"inLanguage\":\"fr-FR\",\"potentialAction\":[{\"@type\":\"ReadAction\",\"target\":[\"https:\/\/www.moree.de\/fr\/produit\/cube-marchandise-b\/\"]}]},{\"@type\":\"ImageObject\",\"inLanguage\":\"fr-FR\",\"@id\":\"https:\/\/www.moree.de\/fr\/produit\/cube-marchandise-b\/#primaryimage\",\"url\":\"https:\/\/www.moree.de\/wp-content\/uploads\/2021\/06\/Moree-Cube-Outdoor-LED-Gartenhocker-Terrasse-Moebel-Tisch-Park-Event-schnurlos-Licht-1.jpg\",\"contentUrl\":\"https:\/\/www.moree.de\/wp-content\/uploads\/2021\/06\/Moree-Cube-Outdoor-LED-Gartenhocker-Terrasse-Moebel-Tisch-Park-Event-schnurlos-Licht-1.jpg\",\"width\":1020,\"height\":765,\"caption\":\"LED W\u00fcrfel Cube\"},{\"@type\":\"BreadcrumbList\",\"@id\":\"https:\/\/www.moree.de\/fr\/produit\/cube-marchandise-b\/#breadcrumb\",\"itemListElement\":[{\"@type\":\"ListItem\",\"position\":1,\"name\":\"Home\",\"item\":\"https:\/\/www.moree.de\/fr\/\"},{\"@type\":\"ListItem\",\"position\":2,\"name\":\"Shop\",\"item\":\"https:\/\/www.moree.de\/shop\/\"},{\"@type\":\"ListItem\",\"position\":3,\"name\":\"Cube (marchandise B)\"}]},{\"@type\":\"WebSite\",\"@id\":\"https:\/\/www.moree.de\/fr\/#website\",\"url\":\"https:\/\/www.moree.de\/fr\/\",\"name\":\"Moree.de\",\"description\":\"Gastronomie M\u00f6bel, Lounge M\u00f6bel, Barhocker und LED M\u00f6bel\",\"publisher\":{\"@id\":\"https:\/\/www.moree.de\/fr\/#organization\"},\"potentialAction\":[{\"@type\":\"SearchAction\",\"target\":{\"@type\":\"EntryPoint\",\"urlTemplate\":\"https:\/\/www.moree.de\/fr\/?s={search_term_string}\"},\"query-input\":{\"@type\":\"PropertyValueSpecification\",\"valueRequired\":true,\"valueName\":\"search_term_string\"}}],\"inLanguage\":\"fr-FR\"},{\"@type\":\"Organization\",\"@id\":\"https:\/\/www.moree.de\/fr\/#organization\",\"name\":\"Moree.de\",\"url\":\"https:\/\/www.moree.de\/fr\/\",\"logo\":{\"@type\":\"ImageObject\",\"inLanguage\":\"fr-FR\",\"@id\":\"https:\/\/www.moree.de\/fr\/#\/schema\/logo\/image\/\",\"url\":\"https:\/\/www.moree.de\/wp-content\/uploads\/2021\/05\/moree-logo.svg\",\"contentUrl\":\"https:\/\/www.moree.de\/wp-content\/uploads\/2021\/05\/moree-logo.svg\",\"width\":349,\"height\":62,\"caption\":\"Moree.de\"},\"image\":{\"@id\":\"https:\/\/www.moree.de\/fr\/#\/schema\/logo\/image\/\"}}]}<\/script>\n<!-- \/ Yoast SEO plugin. -->","yoast_head_json":{"title":"Cube (marchandise B) - Moree.de","robots":{"index":"index","follow":"follow","max-snippet":"max-snippet:-1","max-image-preview":"max-image-preview:large","max-video-preview":"max-video-preview:-1"},"canonical":"https:\/\/www.moree.de\/fr\/produit\/cube-marchandise-b\/","og_locale":"fr_FR","og_type":"article","og_title":"Cube (marchandise B) - Moree.de","og_description":"Si\u00e8ge, table et objet de d\u00e9coration innovants ! Diff\u00e9rentes versions techniques sont disponibles avec une lumi\u00e8re blanche ou color\u00e9e, pour l'int\u00e9rieur &amp; l'ext\u00e9rieur, avec un c\u00e2ble ou une batterie rechargeable. Un plateau de table en verre et des coussins d'assise sont disponibles en option. Le produit propos\u00e9 est comme neuf, mais pr\u00e9sente un l\u00e9ger d\u00e9faut de surface d'environ 50 mm (rayure) sur une face lat\u00e9rale tout en bas, plus ou moins visible selon l'incidence de la lumi\u00e8re. Techniquement, il est impeccable.","og_url":"https:\/\/www.moree.de\/fr\/produit\/cube-marchandise-b\/","og_site_name":"Moree.de","article_modified_time":"2025-10-29T12:32:35+00:00","og_image":[{"width":1020,"height":765,"url":"https:\/\/www.moree.de\/wp-content\/uploads\/2021\/06\/Moree-Cube-Outdoor-LED-Gartenhocker-Terrasse-Moebel-Tisch-Park-Event-schnurlos-Licht-1.jpg","type":"image\/jpeg"}],"twitter_card":"summary_large_image","twitter_misc":{"Dur\u00e9e de lecture estim\u00e9e":"1 minute"},"schema":{"@context":"https:\/\/schema.org","@graph":[{"@type":"WebPage","@id":"https:\/\/www.moree.de\/fr\/produit\/cube-marchandise-b\/","url":"https:\/\/www.moree.de\/fr\/produit\/cube-marchandise-b\/","name":"Cube (marchandise B) - Moree.de","isPartOf":{"@id":"https:\/\/www.moree.de\/fr\/#website"},"primaryImageOfPage":{"@id":"https:\/\/www.moree.de\/fr\/produit\/cube-marchandise-b\/#primaryimage"},"image":{"@id":"https:\/\/www.moree.de\/fr\/produit\/cube-marchandise-b\/#primaryimage"},"thumbnailUrl":"https:\/\/www.moree.de\/wp-content\/uploads\/2021\/06\/Moree-Cube-Outdoor-LED-Gartenhocker-Terrasse-Moebel-Tisch-Park-Event-schnurlos-Licht-1.jpg","datePublished":"2023-07-17T13:51:03+00:00","dateModified":"2025-10-29T12:32:35+00:00","breadcrumb":{"@id":"https:\/\/www.moree.de\/fr\/produit\/cube-marchandise-b\/#breadcrumb"},"inLanguage":"fr-FR","potentialAction":[{"@type":"ReadAction","target":["https:\/\/www.moree.de\/fr\/produit\/cube-marchandise-b\/"]}]},{"@type":"ImageObject","inLanguage":"fr-FR","@id":"https:\/\/www.moree.de\/fr\/produit\/cube-marchandise-b\/#primaryimage","url":"https:\/\/www.moree.de\/wp-content\/uploads\/2021\/06\/Moree-Cube-Outdoor-LED-Gartenhocker-Terrasse-Moebel-Tisch-Park-Event-schnurlos-Licht-1.jpg","contentUrl":"https:\/\/www.moree.de\/wp-content\/uploads\/2021\/06\/Moree-Cube-Outdoor-LED-Gartenhocker-Terrasse-Moebel-Tisch-Park-Event-schnurlos-Licht-1.jpg","width":1020,"height":765,"caption":"LED W\u00fcrfel Cube"},{"@type":"BreadcrumbList","@id":"https:\/\/www.moree.de\/fr\/produit\/cube-marchandise-b\/#breadcrumb","itemListElement":[{"@type":"ListItem","position":1,"name":"Home","item":"https:\/\/www.moree.de\/fr\/"},{"@type":"ListItem","position":2,"name":"Shop","item":"https:\/\/www.moree.de\/shop\/"},{"@type":"ListItem","position":3,"name":"Cube (marchandise B)"}]},{"@type":"WebSite","@id":"https:\/\/www.moree.de\/fr\/#website","url":"https:\/\/www.moree.de\/fr\/","name":"Moree.de","description":"Gastronomie M\u00f6bel, Lounge M\u00f6bel, Barhocker und LED M\u00f6bel","publisher":{"@id":"https:\/\/www.moree.de\/fr\/#organization"},"potentialAction":[{"@type":"SearchAction","target":{"@type":"EntryPoint","urlTemplate":"https:\/\/www.moree.de\/fr\/?s={search_term_string}"},"query-input":{"@type":"PropertyValueSpecification","valueRequired":true,"valueName":"search_term_string"}}],"inLanguage":"fr-FR"},{"@type":"Organization","@id":"https:\/\/www.moree.de\/fr\/#organization","name":"Moree.de","url":"https:\/\/www.moree.de\/fr\/","logo":{"@type":"ImageObject","inLanguage":"fr-FR","@id":"https:\/\/www.moree.de\/fr\/#\/schema\/logo\/image\/","url":"https:\/\/www.moree.de\/wp-content\/uploads\/2021\/05\/moree-logo.svg","contentUrl":"https:\/\/www.moree.de\/wp-content\/uploads\/2021\/05\/moree-logo.svg","width":349,"height":62,"caption":"Moree.de"},"image":{"@id":"https:\/\/www.moree.de\/fr\/#\/schema\/logo\/image\/"}}]}},"_links":{"self":[{"href":"https:\/\/www.moree.de\/fr\/wp-json\/wp\/v2\/product\/16931","targetHints":{"allow":["GET"]}}],"collection":[{"href":"https:\/\/www.moree.de\/fr\/wp-json\/wp\/v2\/product"}],"about":[{"href":"https:\/\/www.moree.de\/fr\/wp-json\/wp\/v2\/types\/product"}],"wp:featuredmedia":[{"embeddable":true,"href":"https:\/\/www.moree.de\/fr\/wp-json\/wp\/v2\/media\/4762"}],"wp:attachment":[{"href":"https:\/\/www.moree.de\/fr\/wp-json\/wp\/v2\/media?parent=16931"}],"wp:term":[{"taxonomy":"product_brand","embeddable":true,"href":"https:\/\/www.moree.de\/fr\/wp-json\/wp\/v2\/product_brand?post=16931"},{"taxonomy":"product_cat","embeddable":true,"href":"https:\/\/www.moree.de\/fr\/wp-json\/wp\/v2\/product_cat?post=16931"},{"taxonomy":"product_tag","embeddable":true,"href":"https:\/\/www.moree.de\/fr\/wp-json\/wp\/v2\/product_tag?post=16931"}],"curies":[{"name":"wp","href":"https:\/\/api.w.org\/{rel}","templated":true}]}}