{"id":20056,"date":"2023-08-25T12:57:42","date_gmt":"2023-08-25T10:57:42","guid":{"rendered":"https:\/\/www.moree.de\/?post_type=product&#038;p=20056"},"modified":"2025-10-29T13:31:33","modified_gmt":"2025-10-29T12:31:33","slug":"set-de-table-de-bar-ed-white","status":"publish","type":"product","link":"https:\/\/www.moree.de\/fr\/produit\/set-de-table-de-bar-ed-white\/","title":{"rendered":"Set de table de bar ED White"},"content":{"rendered":"<p>ED &#8211; Set de table<\/p>\n<p>L&rsquo;ensemble de table de bar ED se compose d&rsquo;une table et de 2 tabourets de bar. ED 105, la table de bar blanche au plateau carr\u00e9, est parfaitement assortie aux tabourets de bar ED par sa forme. Les designs coordonn\u00e9s cr\u00e9ent une combinaison r\u00e9ussie pour un int\u00e9rieur raffin\u00e9, id\u00e9al pour les espaces priv\u00e9s et commerciaux.<\/p>\n<p>La table de bar ED peut \u00eatre combin\u00e9e soit avec des tabourets de bar blancs\/blancs assortis, soit avec d&rsquo;autres versions en bois ou en couleur des tabourets de bar de la gamme.<\/p>\n<p>Les tabourets de bar sont r\u00e9glables en hauteur par pression de ressort et peuvent \u00eatre tourn\u00e9s \u00e0 360 degr\u00e9s.<br \/>\nLa table se compose d&rsquo;un plateau en HPL blanc (60 \u00d7 60 cm) aux coins arrondis et d&rsquo;un cadre en acier inoxydable bross\u00e9 et thermolaqu\u00e9 blanc. Le plateau en HPL de haute qualit\u00e9 est facile \u00e0 nettoyer et tr\u00e8s r\u00e9sistant aux rayures.<\/p>\n","protected":false},"excerpt":{"rendered":"<p>L&rsquo;ensemble comprend:<br \/>\n\u2022 1x ED 105 Bar table White (18-05-105)<br \/>\n\u2022 2x ED Tabouret de bar blanc\/blanc, r\u00e9glable en hauteur\/360\u00b0 de rotation (13-03-03)<br \/>\n\u2022\u00a0Manuel d\u2019assemblage<\/p>\n","protected":false},"featured_media":20063,"template":"","meta":{"_acf_changed":false},"product_brand":[],"product_cat":[811,268,504],"product_tag":[],"class_list":{"0":"post-20056","1":"product","2":"type-product","3":"status-publish","4":"has-post-thumbnail","6":"product_cat-ensembles-de-tables-de-bar","7":"product_cat-mobilier-design","8":"product_cat-tabouret-de-bar-design","10":"first","11":"instock","12":"taxable","13":"shipping-taxable","14":"purchasable","15":"product-type-simple"},"acf":[],"yoast_head":"<!-- This site is optimized with the Yoast SEO plugin v26.8 - https:\/\/yoast.com\/product\/yoast-seo-wordpress\/ -->\n<title>Set de table de bar ED pour la cuisine et le bureau<\/title>\n<meta name=\"description\" content=\"Set de table de bar ED avec 2 tabourets r\u00e9glables en hauteur et une table haute, parfait pour la cuisine, le bureau, le bar et l&#039;h\u00f4tel et aussi pour le stand d&#039;exposition\" \/>\n<meta name=\"robots\" content=\"index, follow, max-snippet:-1, max-image-preview:large, max-video-preview:-1\" \/>\n<link rel=\"canonical\" href=\"https:\/\/www.moree.de\/fr\/produit\/set-de-table-de-bar-ed-white\/\" \/>\n<meta property=\"og:locale\" content=\"fr_FR\" \/>\n<meta property=\"og:type\" content=\"article\" \/>\n<meta property=\"og:title\" content=\"Set de table de bar ED pour la cuisine et le bureau\" \/>\n<meta property=\"og:description\" content=\"Set de table de bar ED avec 2 tabourets r\u00e9glables en hauteur et une table haute, parfait pour la cuisine, le bureau, le bar et l&#039;h\u00f4tel et aussi pour le stand d&#039;exposition\" \/>\n<meta property=\"og:url\" content=\"https:\/\/www.moree.de\/fr\/produit\/set-de-table-de-bar-ed-white\/\" \/>\n<meta property=\"og:site_name\" content=\"Moree.de\" \/>\n<meta property=\"article:modified_time\" content=\"2025-10-29T12:31:33+00:00\" \/>\n<meta property=\"og:image\" content=\"https:\/\/www.moree.de\/wp-content\/uploads\/2023\/08\/ED-Bar-TableSet-ED-105-ED-adjustable-Barstool-White.jpg\" \/>\n\t<meta property=\"og:image:width\" content=\"1200\" \/>\n\t<meta property=\"og:image:height\" content=\"1200\" \/>\n\t<meta property=\"og:image:type\" content=\"image\/jpeg\" \/>\n<meta name=\"twitter:card\" content=\"summary_large_image\" \/>\n<meta name=\"twitter:label1\" content=\"Dur\u00e9e de lecture estim\u00e9e\" \/>\n\t<meta name=\"twitter:data1\" content=\"1 minute\" \/>\n<script type=\"application\/ld+json\" class=\"yoast-schema-graph\">{\"@context\":\"https:\/\/schema.org\",\"@graph\":[{\"@type\":\"WebPage\",\"@id\":\"https:\/\/www.moree.de\/fr\/produit\/set-de-table-de-bar-ed-white\/\",\"url\":\"https:\/\/www.moree.de\/fr\/produit\/set-de-table-de-bar-ed-white\/\",\"name\":\"Set de table de bar ED pour la cuisine et le bureau\",\"isPartOf\":{\"@id\":\"https:\/\/www.moree.de\/fr\/#website\"},\"primaryImageOfPage\":{\"@id\":\"https:\/\/www.moree.de\/fr\/produit\/set-de-table-de-bar-ed-white\/#primaryimage\"},\"image\":{\"@id\":\"https:\/\/www.moree.de\/fr\/produit\/set-de-table-de-bar-ed-white\/#primaryimage\"},\"thumbnailUrl\":\"https:\/\/www.moree.de\/wp-content\/uploads\/2023\/08\/ED-Bar-TableSet-ED-105-ED-adjustable-Barstool-White.jpg\",\"datePublished\":\"2023-08-25T10:57:42+00:00\",\"dateModified\":\"2025-10-29T12:31:33+00:00\",\"description\":\"Set de table de bar ED avec 2 tabourets r\u00e9glables en hauteur et une table haute, parfait pour la cuisine, le bureau, le bar et l'h\u00f4tel et aussi pour le stand d'exposition\",\"breadcrumb\":{\"@id\":\"https:\/\/www.moree.de\/fr\/produit\/set-de-table-de-bar-ed-white\/#breadcrumb\"},\"inLanguage\":\"fr-FR\",\"potentialAction\":[{\"@type\":\"ReadAction\",\"target\":[\"https:\/\/www.moree.de\/fr\/produit\/set-de-table-de-bar-ed-white\/\"]}]},{\"@type\":\"ImageObject\",\"inLanguage\":\"fr-FR\",\"@id\":\"https:\/\/www.moree.de\/fr\/produit\/set-de-table-de-bar-ed-white\/#primaryimage\",\"url\":\"https:\/\/www.moree.de\/wp-content\/uploads\/2023\/08\/ED-Bar-TableSet-ED-105-ED-adjustable-Barstool-White.jpg\",\"contentUrl\":\"https:\/\/www.moree.de\/wp-content\/uploads\/2023\/08\/ED-Bar-TableSet-ED-105-ED-adjustable-Barstool-White.jpg\",\"width\":1200,\"height\":1200},{\"@type\":\"BreadcrumbList\",\"@id\":\"https:\/\/www.moree.de\/fr\/produit\/set-de-table-de-bar-ed-white\/#breadcrumb\",\"itemListElement\":[{\"@type\":\"ListItem\",\"position\":1,\"name\":\"Home\",\"item\":\"https:\/\/www.moree.de\/fr\/\"},{\"@type\":\"ListItem\",\"position\":2,\"name\":\"Shop\",\"item\":\"https:\/\/www.moree.de\/shop\/\"},{\"@type\":\"ListItem\",\"position\":3,\"name\":\"Set de table de bar ED White\"}]},{\"@type\":\"WebSite\",\"@id\":\"https:\/\/www.moree.de\/fr\/#website\",\"url\":\"https:\/\/www.moree.de\/fr\/\",\"name\":\"Moree.de\",\"description\":\"Gastronomie M\u00f6bel, Lounge M\u00f6bel, Barhocker und LED M\u00f6bel\",\"publisher\":{\"@id\":\"https:\/\/www.moree.de\/fr\/#organization\"},\"potentialAction\":[{\"@type\":\"SearchAction\",\"target\":{\"@type\":\"EntryPoint\",\"urlTemplate\":\"https:\/\/www.moree.de\/fr\/?s={search_term_string}\"},\"query-input\":{\"@type\":\"PropertyValueSpecification\",\"valueRequired\":true,\"valueName\":\"search_term_string\"}}],\"inLanguage\":\"fr-FR\"},{\"@type\":\"Organization\",\"@id\":\"https:\/\/www.moree.de\/fr\/#organization\",\"name\":\"Moree.de\",\"url\":\"https:\/\/www.moree.de\/fr\/\",\"logo\":{\"@type\":\"ImageObject\",\"inLanguage\":\"fr-FR\",\"@id\":\"https:\/\/www.moree.de\/fr\/#\/schema\/logo\/image\/\",\"url\":\"https:\/\/www.moree.de\/wp-content\/uploads\/2021\/05\/moree-logo.svg\",\"contentUrl\":\"https:\/\/www.moree.de\/wp-content\/uploads\/2021\/05\/moree-logo.svg\",\"width\":349,\"height\":62,\"caption\":\"Moree.de\"},\"image\":{\"@id\":\"https:\/\/www.moree.de\/fr\/#\/schema\/logo\/image\/\"}}]}<\/script>\n<!-- \/ Yoast SEO plugin. -->","yoast_head_json":{"title":"Set de table de bar ED pour la cuisine et le bureau","description":"Set de table de bar ED avec 2 tabourets r\u00e9glables en hauteur et une table haute, parfait pour la cuisine, le bureau, le bar et l'h\u00f4tel et aussi pour le stand d'exposition","robots":{"index":"index","follow":"follow","max-snippet":"max-snippet:-1","max-image-preview":"max-image-preview:large","max-video-preview":"max-video-preview:-1"},"canonical":"https:\/\/www.moree.de\/fr\/produit\/set-de-table-de-bar-ed-white\/","og_locale":"fr_FR","og_type":"article","og_title":"Set de table de bar ED pour la cuisine et le bureau","og_description":"Set de table de bar ED avec 2 tabourets r\u00e9glables en hauteur et une table haute, parfait pour la cuisine, le bureau, le bar et l'h\u00f4tel et aussi pour le stand d'exposition","og_url":"https:\/\/www.moree.de\/fr\/produit\/set-de-table-de-bar-ed-white\/","og_site_name":"Moree.de","article_modified_time":"2025-10-29T12:31:33+00:00","og_image":[{"width":1200,"height":1200,"url":"https:\/\/www.moree.de\/wp-content\/uploads\/2023\/08\/ED-Bar-TableSet-ED-105-ED-adjustable-Barstool-White.jpg","type":"image\/jpeg"}],"twitter_card":"summary_large_image","twitter_misc":{"Dur\u00e9e de lecture estim\u00e9e":"1 minute"},"schema":{"@context":"https:\/\/schema.org","@graph":[{"@type":"WebPage","@id":"https:\/\/www.moree.de\/fr\/produit\/set-de-table-de-bar-ed-white\/","url":"https:\/\/www.moree.de\/fr\/produit\/set-de-table-de-bar-ed-white\/","name":"Set de table de bar ED pour la cuisine et le bureau","isPartOf":{"@id":"https:\/\/www.moree.de\/fr\/#website"},"primaryImageOfPage":{"@id":"https:\/\/www.moree.de\/fr\/produit\/set-de-table-de-bar-ed-white\/#primaryimage"},"image":{"@id":"https:\/\/www.moree.de\/fr\/produit\/set-de-table-de-bar-ed-white\/#primaryimage"},"thumbnailUrl":"https:\/\/www.moree.de\/wp-content\/uploads\/2023\/08\/ED-Bar-TableSet-ED-105-ED-adjustable-Barstool-White.jpg","datePublished":"2023-08-25T10:57:42+00:00","dateModified":"2025-10-29T12:31:33+00:00","description":"Set de table de bar ED avec 2 tabourets r\u00e9glables en hauteur et une table haute, parfait pour la cuisine, le bureau, le bar et l'h\u00f4tel et aussi pour le stand d'exposition","breadcrumb":{"@id":"https:\/\/www.moree.de\/fr\/produit\/set-de-table-de-bar-ed-white\/#breadcrumb"},"inLanguage":"fr-FR","potentialAction":[{"@type":"ReadAction","target":["https:\/\/www.moree.de\/fr\/produit\/set-de-table-de-bar-ed-white\/"]}]},{"@type":"ImageObject","inLanguage":"fr-FR","@id":"https:\/\/www.moree.de\/fr\/produit\/set-de-table-de-bar-ed-white\/#primaryimage","url":"https:\/\/www.moree.de\/wp-content\/uploads\/2023\/08\/ED-Bar-TableSet-ED-105-ED-adjustable-Barstool-White.jpg","contentUrl":"https:\/\/www.moree.de\/wp-content\/uploads\/2023\/08\/ED-Bar-TableSet-ED-105-ED-adjustable-Barstool-White.jpg","width":1200,"height":1200},{"@type":"BreadcrumbList","@id":"https:\/\/www.moree.de\/fr\/produit\/set-de-table-de-bar-ed-white\/#breadcrumb","itemListElement":[{"@type":"ListItem","position":1,"name":"Home","item":"https:\/\/www.moree.de\/fr\/"},{"@type":"ListItem","position":2,"name":"Shop","item":"https:\/\/www.moree.de\/shop\/"},{"@type":"ListItem","position":3,"name":"Set de table de bar ED White"}]},{"@type":"WebSite","@id":"https:\/\/www.moree.de\/fr\/#website","url":"https:\/\/www.moree.de\/fr\/","name":"Moree.de","description":"Gastronomie M\u00f6bel, Lounge M\u00f6bel, Barhocker und LED M\u00f6bel","publisher":{"@id":"https:\/\/www.moree.de\/fr\/#organization"},"potentialAction":[{"@type":"SearchAction","target":{"@type":"EntryPoint","urlTemplate":"https:\/\/www.moree.de\/fr\/?s={search_term_string}"},"query-input":{"@type":"PropertyValueSpecification","valueRequired":true,"valueName":"search_term_string"}}],"inLanguage":"fr-FR"},{"@type":"Organization","@id":"https:\/\/www.moree.de\/fr\/#organization","name":"Moree.de","url":"https:\/\/www.moree.de\/fr\/","logo":{"@type":"ImageObject","inLanguage":"fr-FR","@id":"https:\/\/www.moree.de\/fr\/#\/schema\/logo\/image\/","url":"https:\/\/www.moree.de\/wp-content\/uploads\/2021\/05\/moree-logo.svg","contentUrl":"https:\/\/www.moree.de\/wp-content\/uploads\/2021\/05\/moree-logo.svg","width":349,"height":62,"caption":"Moree.de"},"image":{"@id":"https:\/\/www.moree.de\/fr\/#\/schema\/logo\/image\/"}}]}},"_links":{"self":[{"href":"https:\/\/www.moree.de\/fr\/wp-json\/wp\/v2\/product\/20056","targetHints":{"allow":["GET"]}}],"collection":[{"href":"https:\/\/www.moree.de\/fr\/wp-json\/wp\/v2\/product"}],"about":[{"href":"https:\/\/www.moree.de\/fr\/wp-json\/wp\/v2\/types\/product"}],"wp:featuredmedia":[{"embeddable":true,"href":"https:\/\/www.moree.de\/fr\/wp-json\/wp\/v2\/media\/20063"}],"wp:attachment":[{"href":"https:\/\/www.moree.de\/fr\/wp-json\/wp\/v2\/media?parent=20056"}],"wp:term":[{"taxonomy":"product_brand","embeddable":true,"href":"https:\/\/www.moree.de\/fr\/wp-json\/wp\/v2\/product_brand?post=20056"},{"taxonomy":"product_cat","embeddable":true,"href":"https:\/\/www.moree.de\/fr\/wp-json\/wp\/v2\/product_cat?post=20056"},{"taxonomy":"product_tag","embeddable":true,"href":"https:\/\/www.moree.de\/fr\/wp-json\/wp\/v2\/product_tag?post=20056"}],"curies":[{"name":"wp","href":"https:\/\/api.w.org\/{rel}","templated":true}]}}