{"id":20231,"date":"2023-09-05T17:16:40","date_gmt":"2023-09-05T15:16:42","guid":{"rendered":"https:\/\/www.moree.de\/?post_type=product&#038;p=20231"},"modified":"2025-10-29T13:31:30","modified_gmt":"2025-10-29T12:31:30","slug":"arnold-xl-soldes","status":"publish","type":"product","link":"https:\/\/www.moree.de\/fr\/produit\/arnold-xl-soldes\/","title":{"rendered":"Arnold XL (soldes%)"},"content":{"rendered":"<p><strong>Lampadaire \u00e0 batterie Arnold XL<\/strong><\/p>\n<p>Arnold XL s\u00e9duit par son design clair et r\u00e9duit ainsi que par l&rsquo;utilisation de mat\u00e9riaux de haute qualit\u00e9. Que ce soit \u00e0 l&rsquo;int\u00e9rieur ou \u00e0 l&rsquo;ext\u00e9rieur dans le jardin ou sur la terrasse, le lampadaire \u00e0 batterie peut \u00eatre utilis\u00e9 partout. Il est disponible en blanc et en anthracite.<\/p>\n<p><strong>Mat\u00e9riau &amp; technique<\/strong><\/p>\n<p>Le corps du lampadaire d&rsquo;ext\u00e9rieur Arnold XL est en aluminium rev\u00eatu par poudre, il ne peut donc pas rouiller, ce qui est un avantage en cas d&rsquo;utilisation \u00e0 l&rsquo;ext\u00e9rieur.<\/p>\n<p>L&rsquo;unit\u00e9 \u00e0 DEL situ\u00e9e dans l&rsquo;abat-jour diffuse une lumi\u00e8re blanc chaud d&rsquo;une puissance maximale de 4,5 watts et peut \u00eatre command\u00e9e par un variateur tactile. Il est donc possible de l&rsquo;utiliser comme lampe de lecture ou comme \u00e9clairage tamis\u00e9 dans les coins lounge et salon.<\/p>\n<p>La lampe sans fil et donc flexible est \u00e9quip\u00e9e d&rsquo;une batterie Li-Ion rechargeable. La recharge de la batterie s&rsquo;effectue en chargeant confortablement la lampe avec un bloc d&rsquo;alimentation USB. L&rsquo;\u00e9tat de charge est indiqu\u00e9 par un t\u00e9moin lumineux de charge. S&rsquo;il est rouge, cela signifie que la batterie est en charge. Si le t\u00e9moin lumineux est vert, la batterie est charg\u00e9e au maximum.<\/p>\n<p>L&rsquo;allumage et l&rsquo;extinction du lampadaire Outdoor s&rsquo;effectuent \u00e0 l&rsquo;aide d&rsquo;un interrupteur tactile situ\u00e9 sur la partie sup\u00e9rieure de la lampe, qui permet \u00e9galement de r\u00e9gler l&rsquo;intensit\u00e9 lumineuse. La couleur de la lumi\u00e8re est de 3000 kelvins, cette lumi\u00e8re DEL blanc chaud est parfaite pour cr\u00e9er une atmosph\u00e8re confortable \u00e0 la maison ou sur la terrasse.<\/p>\n<p><strong>Batterie Li-Ion<\/strong><\/p>\n<p>Arnold XL fournit environ 9 h de lumi\u00e8re avec une luminosit\u00e9 DEL de 100 %. Comme la lampe est graduable en continu, il est possible de prolonger consid\u00e9rablement la dur\u00e9e d&rsquo;\u00e9clairage en cas de faible luminosit\u00e9. Le lampadaire d&rsquo;ext\u00e9rieur dispose d&rsquo;une batterie Li-Ion de longue dur\u00e9e, ce qui permet une grande flexibilit\u00e9, surtout en ext\u00e9rieur, o\u00f9 les prises de courant sont rares. La charge de la batterie s&rsquo;effectue via un bloc d&rsquo;alimentation USB. En outre, la lampe peut \u00eatre charg\u00e9e via une banque d&rsquo;alimentation. Lorsque la batterie est enti\u00e8rement charg\u00e9e, le t\u00e9moin lumineux de charge l&rsquo;indique. Apr\u00e8s environ 5 \u00e0 7 heures, la batterie au lithium-ion est enti\u00e8rement pr\u00eate \u00e0 l&#8217;emploi.<\/p>\n<p><strong>Domaines d&rsquo;application<\/strong><\/p>\n<p>Le lampadaire d&rsquo;ext\u00e9rieur Arnold XL est certifi\u00e9 IP 54 et convient aussi bien \u00e0 une utilisation \u00e0 l&rsquo;int\u00e9rieur qu&rsquo;\u00e0 l&rsquo;ext\u00e9rieur.<\/p>\n<p><strong>S\u00e9rie de luminaires Arnold<\/strong><\/p>\n<p>Les luminaires de la s\u00e9rie Arnold sont disponibles en deux tailles diff\u00e9rentes: outre le lampadaire Arnold XL d&rsquo;une hauteur de 138 cm, il existe \u00e9galement une lampe de table (Arnold S) d&rsquo;une hauteur de 32 cm. Dans les deux tailles disponibles, la lanterne DEL cr\u00e9e comme par magie une lumi\u00e8re confortable sur les tables, ainsi que dans les pi\u00e8ces et les espaces ext\u00e9rieurs.<\/p>\n<p>Vous trouverez d&rsquo;autres id\u00e9es sur le th\u00e8me de l&rsquo;\u00e9clairage de jardin et de terrasse dans notre <a href=\"https:\/\/www.moree.de\/fr\/shop\/salon-de-jardin-exterieur\/\"><em><strong>rubrique Outdoor<\/strong><\/em><\/a> ou sur <a href=\"https:\/\/www.pinterest.de\/moreede\/garten-beleuchtung-solar-tischleuchte-laterne\/\"><em><strong>Pinterest<\/strong><\/em><\/a>.<\/p>\n\n","protected":false},"excerpt":{"rendered":"<p><span style=\"color: #ff6600;\"><strong>%%% Pi\u00e8ce d&rsquo;exposition<\/strong> <\/span>&#8211; Arnold XL, le lampadaire avec batterie en blanc ou anthracite pour l&rsquo;ext\u00e9rieur. La recharge de la batterie s&rsquo;effectue via un chargeur USB.<\/p>\n","protected":false},"featured_media":15491,"template":"","meta":{"_acf_changed":false},"product_brand":[],"product_cat":[814],"product_tag":[],"class_list":{"0":"post-20231","1":"product","2":"type-product","3":"status-publish","4":"has-post-thumbnail","6":"product_cat-vente-lampes-offres-soldes-produits-reduits-promotion-black-friday","8":"first","9":"instock","10":"sale","11":"taxable","12":"shipping-taxable","13":"purchasable","14":"product-type-variable"},"acf":[],"yoast_head":"<!-- This site is optimized with the Yoast SEO plugin v26.8 - https:\/\/yoast.com\/product\/yoast-seo-wordpress\/ -->\n<title>Arnold XL (soldes%) - Moree.de<\/title>\n<meta name=\"robots\" content=\"index, follow, max-snippet:-1, max-image-preview:large, max-video-preview:-1\" \/>\n<link rel=\"canonical\" href=\"https:\/\/www.moree.de\/fr\/produit\/arnold-xl-soldes\/\" \/>\n<meta property=\"og:locale\" content=\"fr_FR\" \/>\n<meta property=\"og:type\" content=\"article\" \/>\n<meta property=\"og:title\" content=\"Arnold XL (soldes%) - Moree.de\" \/>\n<meta property=\"og:description\" content=\"%%% Pi\u00e8ce d&#039;exposition - Arnold XL, le lampadaire avec batterie en blanc ou anthracite pour l&#039;ext\u00e9rieur. La recharge de la batterie s&#039;effectue via un chargeur USB.\" \/>\n<meta property=\"og:url\" content=\"https:\/\/www.moree.de\/fr\/produit\/arnold-xl-soldes\/\" \/>\n<meta property=\"og:site_name\" content=\"Moree.de\" \/>\n<meta property=\"article:modified_time\" content=\"2025-10-29T12:31:30+00:00\" \/>\n<meta property=\"og:image\" content=\"https:\/\/www.moree.de\/wp-content\/uploads\/2022\/12\/47-0X-138-Arnold-XL-Anthrazit-weiss-Garten-Stehlampe-mit-Akku-Innen-und-Aussen-Hotel-Gastronomie-.jpg\" \/>\n\t<meta property=\"og:image:width\" content=\"1200\" \/>\n\t<meta property=\"og:image:height\" content=\"1200\" \/>\n\t<meta property=\"og:image:type\" content=\"image\/jpeg\" \/>\n<meta name=\"twitter:card\" content=\"summary_large_image\" \/>\n<meta name=\"twitter:label1\" content=\"Dur\u00e9e de lecture estim\u00e9e\" \/>\n\t<meta name=\"twitter:data1\" content=\"3 minutes\" \/>\n<script type=\"application\/ld+json\" class=\"yoast-schema-graph\">{\"@context\":\"https:\/\/schema.org\",\"@graph\":[{\"@type\":\"WebPage\",\"@id\":\"https:\/\/www.moree.de\/fr\/produit\/arnold-xl-soldes\/\",\"url\":\"https:\/\/www.moree.de\/fr\/produit\/arnold-xl-soldes\/\",\"name\":\"Arnold XL (soldes%) - Moree.de\",\"isPartOf\":{\"@id\":\"https:\/\/www.moree.de\/fr\/#website\"},\"primaryImageOfPage\":{\"@id\":\"https:\/\/www.moree.de\/fr\/produit\/arnold-xl-soldes\/#primaryimage\"},\"image\":{\"@id\":\"https:\/\/www.moree.de\/fr\/produit\/arnold-xl-soldes\/#primaryimage\"},\"thumbnailUrl\":\"https:\/\/www.moree.de\/wp-content\/uploads\/2022\/12\/47-0X-138-Arnold-XL-Anthrazit-weiss-Garten-Stehlampe-mit-Akku-Innen-und-Aussen-Hotel-Gastronomie-.jpg\",\"datePublished\":\"2023-09-05T15:16:42+00:00\",\"dateModified\":\"2025-10-29T12:31:30+00:00\",\"breadcrumb\":{\"@id\":\"https:\/\/www.moree.de\/fr\/produit\/arnold-xl-soldes\/#breadcrumb\"},\"inLanguage\":\"fr-FR\",\"potentialAction\":[{\"@type\":\"ReadAction\",\"target\":[\"https:\/\/www.moree.de\/fr\/produit\/arnold-xl-soldes\/\"]}]},{\"@type\":\"ImageObject\",\"inLanguage\":\"fr-FR\",\"@id\":\"https:\/\/www.moree.de\/fr\/produit\/arnold-xl-soldes\/#primaryimage\",\"url\":\"https:\/\/www.moree.de\/wp-content\/uploads\/2022\/12\/47-0X-138-Arnold-XL-Anthrazit-weiss-Garten-Stehlampe-mit-Akku-Innen-und-Aussen-Hotel-Gastronomie-.jpg\",\"contentUrl\":\"https:\/\/www.moree.de\/wp-content\/uploads\/2022\/12\/47-0X-138-Arnold-XL-Anthrazit-weiss-Garten-Stehlampe-mit-Akku-Innen-und-Aussen-Hotel-Gastronomie-.jpg\",\"width\":1200,\"height\":1200},{\"@type\":\"BreadcrumbList\",\"@id\":\"https:\/\/www.moree.de\/fr\/produit\/arnold-xl-soldes\/#breadcrumb\",\"itemListElement\":[{\"@type\":\"ListItem\",\"position\":1,\"name\":\"Home\",\"item\":\"https:\/\/www.moree.de\/fr\/\"},{\"@type\":\"ListItem\",\"position\":2,\"name\":\"Shop\",\"item\":\"https:\/\/www.moree.de\/shop\/\"},{\"@type\":\"ListItem\",\"position\":3,\"name\":\"Arnold XL (soldes%)\"}]},{\"@type\":\"WebSite\",\"@id\":\"https:\/\/www.moree.de\/fr\/#website\",\"url\":\"https:\/\/www.moree.de\/fr\/\",\"name\":\"Moree.de\",\"description\":\"Gastronomie M\u00f6bel, Lounge M\u00f6bel, Barhocker und LED M\u00f6bel\",\"publisher\":{\"@id\":\"https:\/\/www.moree.de\/fr\/#organization\"},\"potentialAction\":[{\"@type\":\"SearchAction\",\"target\":{\"@type\":\"EntryPoint\",\"urlTemplate\":\"https:\/\/www.moree.de\/fr\/?s={search_term_string}\"},\"query-input\":{\"@type\":\"PropertyValueSpecification\",\"valueRequired\":true,\"valueName\":\"search_term_string\"}}],\"inLanguage\":\"fr-FR\"},{\"@type\":\"Organization\",\"@id\":\"https:\/\/www.moree.de\/fr\/#organization\",\"name\":\"Moree.de\",\"url\":\"https:\/\/www.moree.de\/fr\/\",\"logo\":{\"@type\":\"ImageObject\",\"inLanguage\":\"fr-FR\",\"@id\":\"https:\/\/www.moree.de\/fr\/#\/schema\/logo\/image\/\",\"url\":\"https:\/\/www.moree.de\/wp-content\/uploads\/2021\/05\/moree-logo.svg\",\"contentUrl\":\"https:\/\/www.moree.de\/wp-content\/uploads\/2021\/05\/moree-logo.svg\",\"width\":349,\"height\":62,\"caption\":\"Moree.de\"},\"image\":{\"@id\":\"https:\/\/www.moree.de\/fr\/#\/schema\/logo\/image\/\"}}]}<\/script>\n<!-- \/ Yoast SEO plugin. -->","yoast_head_json":{"title":"Arnold XL (soldes%) - Moree.de","robots":{"index":"index","follow":"follow","max-snippet":"max-snippet:-1","max-image-preview":"max-image-preview:large","max-video-preview":"max-video-preview:-1"},"canonical":"https:\/\/www.moree.de\/fr\/produit\/arnold-xl-soldes\/","og_locale":"fr_FR","og_type":"article","og_title":"Arnold XL (soldes%) - Moree.de","og_description":"%%% Pi\u00e8ce d'exposition - Arnold XL, le lampadaire avec batterie en blanc ou anthracite pour l'ext\u00e9rieur. La recharge de la batterie s'effectue via un chargeur USB.","og_url":"https:\/\/www.moree.de\/fr\/produit\/arnold-xl-soldes\/","og_site_name":"Moree.de","article_modified_time":"2025-10-29T12:31:30+00:00","og_image":[{"width":1200,"height":1200,"url":"https:\/\/www.moree.de\/wp-content\/uploads\/2022\/12\/47-0X-138-Arnold-XL-Anthrazit-weiss-Garten-Stehlampe-mit-Akku-Innen-und-Aussen-Hotel-Gastronomie-.jpg","type":"image\/jpeg"}],"twitter_card":"summary_large_image","twitter_misc":{"Dur\u00e9e de lecture estim\u00e9e":"3 minutes"},"schema":{"@context":"https:\/\/schema.org","@graph":[{"@type":"WebPage","@id":"https:\/\/www.moree.de\/fr\/produit\/arnold-xl-soldes\/","url":"https:\/\/www.moree.de\/fr\/produit\/arnold-xl-soldes\/","name":"Arnold XL (soldes%) - Moree.de","isPartOf":{"@id":"https:\/\/www.moree.de\/fr\/#website"},"primaryImageOfPage":{"@id":"https:\/\/www.moree.de\/fr\/produit\/arnold-xl-soldes\/#primaryimage"},"image":{"@id":"https:\/\/www.moree.de\/fr\/produit\/arnold-xl-soldes\/#primaryimage"},"thumbnailUrl":"https:\/\/www.moree.de\/wp-content\/uploads\/2022\/12\/47-0X-138-Arnold-XL-Anthrazit-weiss-Garten-Stehlampe-mit-Akku-Innen-und-Aussen-Hotel-Gastronomie-.jpg","datePublished":"2023-09-05T15:16:42+00:00","dateModified":"2025-10-29T12:31:30+00:00","breadcrumb":{"@id":"https:\/\/www.moree.de\/fr\/produit\/arnold-xl-soldes\/#breadcrumb"},"inLanguage":"fr-FR","potentialAction":[{"@type":"ReadAction","target":["https:\/\/www.moree.de\/fr\/produit\/arnold-xl-soldes\/"]}]},{"@type":"ImageObject","inLanguage":"fr-FR","@id":"https:\/\/www.moree.de\/fr\/produit\/arnold-xl-soldes\/#primaryimage","url":"https:\/\/www.moree.de\/wp-content\/uploads\/2022\/12\/47-0X-138-Arnold-XL-Anthrazit-weiss-Garten-Stehlampe-mit-Akku-Innen-und-Aussen-Hotel-Gastronomie-.jpg","contentUrl":"https:\/\/www.moree.de\/wp-content\/uploads\/2022\/12\/47-0X-138-Arnold-XL-Anthrazit-weiss-Garten-Stehlampe-mit-Akku-Innen-und-Aussen-Hotel-Gastronomie-.jpg","width":1200,"height":1200},{"@type":"BreadcrumbList","@id":"https:\/\/www.moree.de\/fr\/produit\/arnold-xl-soldes\/#breadcrumb","itemListElement":[{"@type":"ListItem","position":1,"name":"Home","item":"https:\/\/www.moree.de\/fr\/"},{"@type":"ListItem","position":2,"name":"Shop","item":"https:\/\/www.moree.de\/shop\/"},{"@type":"ListItem","position":3,"name":"Arnold XL (soldes%)"}]},{"@type":"WebSite","@id":"https:\/\/www.moree.de\/fr\/#website","url":"https:\/\/www.moree.de\/fr\/","name":"Moree.de","description":"Gastronomie M\u00f6bel, Lounge M\u00f6bel, Barhocker und LED M\u00f6bel","publisher":{"@id":"https:\/\/www.moree.de\/fr\/#organization"},"potentialAction":[{"@type":"SearchAction","target":{"@type":"EntryPoint","urlTemplate":"https:\/\/www.moree.de\/fr\/?s={search_term_string}"},"query-input":{"@type":"PropertyValueSpecification","valueRequired":true,"valueName":"search_term_string"}}],"inLanguage":"fr-FR"},{"@type":"Organization","@id":"https:\/\/www.moree.de\/fr\/#organization","name":"Moree.de","url":"https:\/\/www.moree.de\/fr\/","logo":{"@type":"ImageObject","inLanguage":"fr-FR","@id":"https:\/\/www.moree.de\/fr\/#\/schema\/logo\/image\/","url":"https:\/\/www.moree.de\/wp-content\/uploads\/2021\/05\/moree-logo.svg","contentUrl":"https:\/\/www.moree.de\/wp-content\/uploads\/2021\/05\/moree-logo.svg","width":349,"height":62,"caption":"Moree.de"},"image":{"@id":"https:\/\/www.moree.de\/fr\/#\/schema\/logo\/image\/"}}]}},"_links":{"self":[{"href":"https:\/\/www.moree.de\/fr\/wp-json\/wp\/v2\/product\/20231","targetHints":{"allow":["GET"]}}],"collection":[{"href":"https:\/\/www.moree.de\/fr\/wp-json\/wp\/v2\/product"}],"about":[{"href":"https:\/\/www.moree.de\/fr\/wp-json\/wp\/v2\/types\/product"}],"wp:featuredmedia":[{"embeddable":true,"href":"https:\/\/www.moree.de\/fr\/wp-json\/wp\/v2\/media\/15491"}],"wp:attachment":[{"href":"https:\/\/www.moree.de\/fr\/wp-json\/wp\/v2\/media?parent=20231"}],"wp:term":[{"taxonomy":"product_brand","embeddable":true,"href":"https:\/\/www.moree.de\/fr\/wp-json\/wp\/v2\/product_brand?post=20231"},{"taxonomy":"product_cat","embeddable":true,"href":"https:\/\/www.moree.de\/fr\/wp-json\/wp\/v2\/product_cat?post=20231"},{"taxonomy":"product_tag","embeddable":true,"href":"https:\/\/www.moree.de\/fr\/wp-json\/wp\/v2\/product_tag?post=20231"}],"curies":[{"name":"wp","href":"https:\/\/api.w.org\/{rel}","templated":true}]}}