{"id":21420,"date":"2024-03-01T12:18:30","date_gmt":"2024-03-01T11:18:47","guid":{"rendered":"https:\/\/www.moree.de\/?post_type=product&#038;p=21420"},"modified":"2025-10-29T13:31:14","modified_gmt":"2025-10-29T12:31:14","slug":"bubble-kopie-2","status":"publish","type":"product","link":"https:\/\/www.moree.de\/fr\/produit\/bubble-kopie-2\/","title":{"rendered":"Bubble (pi\u00e8ce d&rsquo;exposition)"},"content":{"rendered":"<p>Table d&rsquo;appoint et si\u00e8ge de bonne humeur !<\/p>\n<p>Un compagnon de vie tr\u00e8s amusant : Bubble est le nom du petit meuble lumineux Moree qui est \u00e0 la fois une table d&rsquo;appoint et un si\u00e8ge. Inspir\u00e9 par un pouf, le concept du traditionnel coussin de si\u00e8ge XXL a \u00e9t\u00e9 transf\u00e9r\u00e9 \u00e0 un meuble lumineux moderne et multifonctionnel. Le r\u00e9sultat est une bulle stable en plastique translucide de qualit\u00e9 soyeuse, disponible dans diff\u00e9rentes versions techniques et avec un plateau en verre ou un coussin d&rsquo;assise.<\/p>\n<p>Qu&rsquo;il s&rsquo;agisse d&rsquo;une lumi\u00e8re blanche ou color\u00e9e via des LED, d&rsquo;une utilisation \u00e0 l&rsquo;int\u00e9rieur ou dans le jardin, avec un c\u00e2ble ou avec une batterie rechargeable, d&rsquo;une salle priv\u00e9e ou d&rsquo;un grand \u00e9v\u00e9nement &#8211; Bubble convient \u00e0 toutes les occasions.<\/p>\n<p>Des coussins en feutre ou un plateau en verre transparent peuvent \u00eatre plac\u00e9s sur Bubble pour \u00e9viter de glisser. Le plateau en verre cr\u00e9e une table d&rsquo;appoint et offre un espace pour les lecteurs MP3, les boissons pr\u00e9f\u00e9r\u00e9es ou la lecture. Les coussins d&rsquo;assise sont disponibles en rouge, orange, violet, vert et anthracite. La bulle est fournie avec une assiette ou un coussin. Les deux peuvent \u00eatre achet\u00e9s s\u00e9par\u00e9ment.<\/p>\n<p>La bulle est disponible en version int\u00e9rieure et ext\u00e9rieure (\u00e9tanche \u00e0 la pluie et certifi\u00e9e pour une utilisation en ext\u00e9rieur), avec une source de lumi\u00e8re normale ou des LED multicolores \u00e0 \u00e9conomie d&rsquo;\u00e9nergie. Les versions LED offrent un choix de couleurs et de programmes pr\u00e9\u00e9tablis. 15 couleurs et le blanc peuvent \u00eatre contr\u00f4l\u00e9s par une t\u00e9l\u00e9commande.<\/p>\n<p>En outre, la version \u00e0 batterie du Bubble LED Pro offre 25 \u00e0 30 heures d&rsquo;\u00e9clairage sans fil des bulles. Connect\u00e9es par radio, plusieurs bulles peuvent \u00eatre contr\u00f4l\u00e9es simultan\u00e9ment, par exemple lors d&rsquo;\u00e9v\u00e9nements.<\/p>\n<p>Fabriqu\u00e9 en Allemagne.<\/p>\n","protected":false},"excerpt":{"rendered":"<p>Table d&rsquo;appoint et si\u00e8ge de bonne humeur !<\/p>\n<p>Diff\u00e9rentes versions techniques sont disponibles avec une lumi\u00e8re blanche ou color\u00e9e, pour l&rsquo;int\u00e9rieur ou le jardin, avec un c\u00e2ble ou une batterie. Un plateau de table en verre ou un coussin de si\u00e8ge sont inclus.<\/p>\n","protected":false},"featured_media":4962,"template":"","meta":{"_acf_changed":false},"product_brand":[],"product_cat":[814,512],"product_tag":[],"class_list":{"0":"post-21420","1":"product","2":"type-product","3":"status-publish","4":"has-post-thumbnail","6":"product_cat-vente-lampes-offres-soldes-produits-reduits-promotion-black-friday","7":"product_cat-offres-actuelles","9":"first","10":"instock","11":"sale","12":"taxable","13":"shipping-taxable","14":"purchasable","15":"product-type-variable"},"acf":[],"yoast_head":"<!-- This site is optimized with the Yoast SEO plugin v26.8 - https:\/\/yoast.com\/product\/yoast-seo-wordpress\/ -->\n<title>Bubble (pi\u00e8ce d&#039;exposition) - Moree.de<\/title>\n<meta name=\"robots\" content=\"index, follow, max-snippet:-1, max-image-preview:large, max-video-preview:-1\" \/>\n<link rel=\"canonical\" href=\"https:\/\/www.moree.de\/fr\/produit\/bubble-kopie-2\/\" \/>\n<meta property=\"og:locale\" content=\"fr_FR\" \/>\n<meta property=\"og:type\" content=\"article\" \/>\n<meta property=\"og:title\" content=\"Bubble (pi\u00e8ce d&#039;exposition) - Moree.de\" \/>\n<meta property=\"og:description\" content=\"Table d&#039;appoint et si\u00e8ge de bonne humeur !  Diff\u00e9rentes versions techniques sont disponibles avec une lumi\u00e8re blanche ou color\u00e9e, pour l&#039;int\u00e9rieur ou le jardin, avec un c\u00e2ble ou une batterie. Un plateau de table en verre ou un coussin de si\u00e8ge sont inclus.\" \/>\n<meta property=\"og:url\" content=\"https:\/\/www.moree.de\/fr\/produit\/bubble-kopie-2\/\" \/>\n<meta property=\"og:site_name\" content=\"Moree.de\" \/>\n<meta property=\"article:modified_time\" content=\"2025-10-29T12:31:14+00:00\" \/>\n<meta property=\"og:image\" content=\"https:\/\/www.moree.de\/wp-content\/uploads\/2021\/07\/Moree-Bubble-Outdoor-garten-deck-Terrasse-Beleuchtung-modern.jpg\" \/>\n\t<meta property=\"og:image:width\" content=\"1020\" \/>\n\t<meta property=\"og:image:height\" content=\"765\" \/>\n\t<meta property=\"og:image:type\" content=\"image\/jpeg\" \/>\n<meta name=\"twitter:card\" content=\"summary_large_image\" \/>\n<meta name=\"twitter:label1\" content=\"Dur\u00e9e de lecture estim\u00e9e\" \/>\n\t<meta name=\"twitter:data1\" content=\"2 minutes\" \/>\n<script type=\"application\/ld+json\" class=\"yoast-schema-graph\">{\"@context\":\"https:\/\/schema.org\",\"@graph\":[{\"@type\":\"WebPage\",\"@id\":\"https:\/\/www.moree.de\/fr\/produit\/bubble-kopie-2\/\",\"url\":\"https:\/\/www.moree.de\/fr\/produit\/bubble-kopie-2\/\",\"name\":\"Bubble (pi\u00e8ce d'exposition) - Moree.de\",\"isPartOf\":{\"@id\":\"https:\/\/www.moree.de\/fr\/#website\"},\"primaryImageOfPage\":{\"@id\":\"https:\/\/www.moree.de\/fr\/produit\/bubble-kopie-2\/#primaryimage\"},\"image\":{\"@id\":\"https:\/\/www.moree.de\/fr\/produit\/bubble-kopie-2\/#primaryimage\"},\"thumbnailUrl\":\"https:\/\/www.moree.de\/wp-content\/uploads\/2021\/07\/Moree-Bubble-Outdoor-garten-deck-Terrasse-Beleuchtung-modern.jpg\",\"datePublished\":\"2024-03-01T11:18:47+00:00\",\"dateModified\":\"2025-10-29T12:31:14+00:00\",\"breadcrumb\":{\"@id\":\"https:\/\/www.moree.de\/fr\/produit\/bubble-kopie-2\/#breadcrumb\"},\"inLanguage\":\"fr-FR\",\"potentialAction\":[{\"@type\":\"ReadAction\",\"target\":[\"https:\/\/www.moree.de\/fr\/produit\/bubble-kopie-2\/\"]}]},{\"@type\":\"ImageObject\",\"inLanguage\":\"fr-FR\",\"@id\":\"https:\/\/www.moree.de\/fr\/produit\/bubble-kopie-2\/#primaryimage\",\"url\":\"https:\/\/www.moree.de\/wp-content\/uploads\/2021\/07\/Moree-Bubble-Outdoor-garten-deck-Terrasse-Beleuchtung-modern.jpg\",\"contentUrl\":\"https:\/\/www.moree.de\/wp-content\/uploads\/2021\/07\/Moree-Bubble-Outdoor-garten-deck-Terrasse-Beleuchtung-modern.jpg\",\"width\":1020,\"height\":765},{\"@type\":\"BreadcrumbList\",\"@id\":\"https:\/\/www.moree.de\/fr\/produit\/bubble-kopie-2\/#breadcrumb\",\"itemListElement\":[{\"@type\":\"ListItem\",\"position\":1,\"name\":\"Home\",\"item\":\"https:\/\/www.moree.de\/fr\/\"},{\"@type\":\"ListItem\",\"position\":2,\"name\":\"Shop\",\"item\":\"https:\/\/www.moree.de\/shop\/\"},{\"@type\":\"ListItem\",\"position\":3,\"name\":\"Bubble (pi\u00e8ce d&#8217;exposition)\"}]},{\"@type\":\"WebSite\",\"@id\":\"https:\/\/www.moree.de\/fr\/#website\",\"url\":\"https:\/\/www.moree.de\/fr\/\",\"name\":\"Moree.de\",\"description\":\"Gastronomie M\u00f6bel, Lounge M\u00f6bel, Barhocker und LED M\u00f6bel\",\"publisher\":{\"@id\":\"https:\/\/www.moree.de\/fr\/#organization\"},\"potentialAction\":[{\"@type\":\"SearchAction\",\"target\":{\"@type\":\"EntryPoint\",\"urlTemplate\":\"https:\/\/www.moree.de\/fr\/?s={search_term_string}\"},\"query-input\":{\"@type\":\"PropertyValueSpecification\",\"valueRequired\":true,\"valueName\":\"search_term_string\"}}],\"inLanguage\":\"fr-FR\"},{\"@type\":\"Organization\",\"@id\":\"https:\/\/www.moree.de\/fr\/#organization\",\"name\":\"Moree.de\",\"url\":\"https:\/\/www.moree.de\/fr\/\",\"logo\":{\"@type\":\"ImageObject\",\"inLanguage\":\"fr-FR\",\"@id\":\"https:\/\/www.moree.de\/fr\/#\/schema\/logo\/image\/\",\"url\":\"https:\/\/www.moree.de\/wp-content\/uploads\/2021\/05\/moree-logo.svg\",\"contentUrl\":\"https:\/\/www.moree.de\/wp-content\/uploads\/2021\/05\/moree-logo.svg\",\"width\":349,\"height\":62,\"caption\":\"Moree.de\"},\"image\":{\"@id\":\"https:\/\/www.moree.de\/fr\/#\/schema\/logo\/image\/\"}}]}<\/script>\n<!-- \/ Yoast SEO plugin. -->","yoast_head_json":{"title":"Bubble (pi\u00e8ce d'exposition) - Moree.de","robots":{"index":"index","follow":"follow","max-snippet":"max-snippet:-1","max-image-preview":"max-image-preview:large","max-video-preview":"max-video-preview:-1"},"canonical":"https:\/\/www.moree.de\/fr\/produit\/bubble-kopie-2\/","og_locale":"fr_FR","og_type":"article","og_title":"Bubble (pi\u00e8ce d'exposition) - Moree.de","og_description":"Table d'appoint et si\u00e8ge de bonne humeur !  Diff\u00e9rentes versions techniques sont disponibles avec une lumi\u00e8re blanche ou color\u00e9e, pour l'int\u00e9rieur ou le jardin, avec un c\u00e2ble ou une batterie. Un plateau de table en verre ou un coussin de si\u00e8ge sont inclus.","og_url":"https:\/\/www.moree.de\/fr\/produit\/bubble-kopie-2\/","og_site_name":"Moree.de","article_modified_time":"2025-10-29T12:31:14+00:00","og_image":[{"width":1020,"height":765,"url":"https:\/\/www.moree.de\/wp-content\/uploads\/2021\/07\/Moree-Bubble-Outdoor-garten-deck-Terrasse-Beleuchtung-modern.jpg","type":"image\/jpeg"}],"twitter_card":"summary_large_image","twitter_misc":{"Dur\u00e9e de lecture estim\u00e9e":"2 minutes"},"schema":{"@context":"https:\/\/schema.org","@graph":[{"@type":"WebPage","@id":"https:\/\/www.moree.de\/fr\/produit\/bubble-kopie-2\/","url":"https:\/\/www.moree.de\/fr\/produit\/bubble-kopie-2\/","name":"Bubble (pi\u00e8ce d'exposition) - Moree.de","isPartOf":{"@id":"https:\/\/www.moree.de\/fr\/#website"},"primaryImageOfPage":{"@id":"https:\/\/www.moree.de\/fr\/produit\/bubble-kopie-2\/#primaryimage"},"image":{"@id":"https:\/\/www.moree.de\/fr\/produit\/bubble-kopie-2\/#primaryimage"},"thumbnailUrl":"https:\/\/www.moree.de\/wp-content\/uploads\/2021\/07\/Moree-Bubble-Outdoor-garten-deck-Terrasse-Beleuchtung-modern.jpg","datePublished":"2024-03-01T11:18:47+00:00","dateModified":"2025-10-29T12:31:14+00:00","breadcrumb":{"@id":"https:\/\/www.moree.de\/fr\/produit\/bubble-kopie-2\/#breadcrumb"},"inLanguage":"fr-FR","potentialAction":[{"@type":"ReadAction","target":["https:\/\/www.moree.de\/fr\/produit\/bubble-kopie-2\/"]}]},{"@type":"ImageObject","inLanguage":"fr-FR","@id":"https:\/\/www.moree.de\/fr\/produit\/bubble-kopie-2\/#primaryimage","url":"https:\/\/www.moree.de\/wp-content\/uploads\/2021\/07\/Moree-Bubble-Outdoor-garten-deck-Terrasse-Beleuchtung-modern.jpg","contentUrl":"https:\/\/www.moree.de\/wp-content\/uploads\/2021\/07\/Moree-Bubble-Outdoor-garten-deck-Terrasse-Beleuchtung-modern.jpg","width":1020,"height":765},{"@type":"BreadcrumbList","@id":"https:\/\/www.moree.de\/fr\/produit\/bubble-kopie-2\/#breadcrumb","itemListElement":[{"@type":"ListItem","position":1,"name":"Home","item":"https:\/\/www.moree.de\/fr\/"},{"@type":"ListItem","position":2,"name":"Shop","item":"https:\/\/www.moree.de\/shop\/"},{"@type":"ListItem","position":3,"name":"Bubble (pi\u00e8ce d&#8217;exposition)"}]},{"@type":"WebSite","@id":"https:\/\/www.moree.de\/fr\/#website","url":"https:\/\/www.moree.de\/fr\/","name":"Moree.de","description":"Gastronomie M\u00f6bel, Lounge M\u00f6bel, Barhocker und LED M\u00f6bel","publisher":{"@id":"https:\/\/www.moree.de\/fr\/#organization"},"potentialAction":[{"@type":"SearchAction","target":{"@type":"EntryPoint","urlTemplate":"https:\/\/www.moree.de\/fr\/?s={search_term_string}"},"query-input":{"@type":"PropertyValueSpecification","valueRequired":true,"valueName":"search_term_string"}}],"inLanguage":"fr-FR"},{"@type":"Organization","@id":"https:\/\/www.moree.de\/fr\/#organization","name":"Moree.de","url":"https:\/\/www.moree.de\/fr\/","logo":{"@type":"ImageObject","inLanguage":"fr-FR","@id":"https:\/\/www.moree.de\/fr\/#\/schema\/logo\/image\/","url":"https:\/\/www.moree.de\/wp-content\/uploads\/2021\/05\/moree-logo.svg","contentUrl":"https:\/\/www.moree.de\/wp-content\/uploads\/2021\/05\/moree-logo.svg","width":349,"height":62,"caption":"Moree.de"},"image":{"@id":"https:\/\/www.moree.de\/fr\/#\/schema\/logo\/image\/"}}]}},"_links":{"self":[{"href":"https:\/\/www.moree.de\/fr\/wp-json\/wp\/v2\/product\/21420","targetHints":{"allow":["GET"]}}],"collection":[{"href":"https:\/\/www.moree.de\/fr\/wp-json\/wp\/v2\/product"}],"about":[{"href":"https:\/\/www.moree.de\/fr\/wp-json\/wp\/v2\/types\/product"}],"wp:featuredmedia":[{"embeddable":true,"href":"https:\/\/www.moree.de\/fr\/wp-json\/wp\/v2\/media\/4962"}],"wp:attachment":[{"href":"https:\/\/www.moree.de\/fr\/wp-json\/wp\/v2\/media?parent=21420"}],"wp:term":[{"taxonomy":"product_brand","embeddable":true,"href":"https:\/\/www.moree.de\/fr\/wp-json\/wp\/v2\/product_brand?post=21420"},{"taxonomy":"product_cat","embeddable":true,"href":"https:\/\/www.moree.de\/fr\/wp-json\/wp\/v2\/product_cat?post=21420"},{"taxonomy":"product_tag","embeddable":true,"href":"https:\/\/www.moree.de\/fr\/wp-json\/wp\/v2\/product_tag?post=21420"}],"curies":[{"name":"wp","href":"https:\/\/api.w.org\/{rel}","templated":true}]}}