{"id":21811,"date":"2024-05-08T11:47:42","date_gmt":"2024-05-08T09:47:44","guid":{"rendered":"https:\/\/www.moree.de\/?post_type=product&#038;p=21811"},"modified":"2025-10-29T13:31:08","modified_gmt":"2025-10-29T12:31:08","slug":"air-parasols","status":"publish","type":"product","link":"https:\/\/www.moree.de\/fr\/produit\/air-parasols\/","title":{"rendered":"Air Parasols"},"content":{"rendered":"<p><strong>La toute nouvelle collection \u00ab\u00a0AIR\u00a0\u00bb est enfin l\u00e0\u00a0!<\/strong><br \/>\nLe syst\u00e8me modulaire &lsquo;AIR&rsquo; comprend un comptoir, un buffet, des tabourets de bar et un parasol, qui peuvent \u00eatre combin\u00e9s entre eux. Les \u00e9l\u00e9ments du bar et du buffet sont disponibles en diff\u00e9rentes couleurs et surfaces. Outre l&rsquo;anthracite et le blanc, le bar et le buffet d&rsquo;ext\u00e9rieur sont \u00e9galement propos\u00e9s avec une fa\u00e7ade en anthracite et en polywood r\u00e9sistant aux intemp\u00e9ries. Ces deux \u00e9l\u00e9ments de base sont compl\u00e9t\u00e9s par un parasol et un tabouret de bar. Tous les \u00e9l\u00e9ments du syst\u00e8me peuvent \u00eatre achet\u00e9s et combin\u00e9s s\u00e9par\u00e9ment.<\/p>\n<p><strong>Parasol &lsquo;AIR&rsquo; &#8211; Mat\u00e9riaux<\/strong><br \/>\nLe parasol &lsquo;AIR&rsquo; est disponible en deux versions, avec une structure en aluminium de couleur argent\u00e9e et une structure en aluminium aspect bois. L&rsquo;aluminium a une longue dur\u00e9e de vie ainsi qu&rsquo;une tr\u00e8s bonne r\u00e9sistance \u00e0 la corrosion, il est r\u00e9sistant \u00e0 la lumi\u00e8re, aux intemp\u00e9ries et supporte \u00e9galement le gel, le soleil, la pluie et les rayons UV. <a href=\"https:\/\/www.moree.de\/wp-content\/uploads\/2024\/05\/240502-Air-Outdoor-Sonnenschirme-EN.pdf\"><em><strong>Vous pouvez trouver des parasols dans d&rsquo;autres tailles ici..<\/strong><\/em><\/a><\/p>\n<p><strong>Protection solaire<\/strong><br \/>\nLes parasols sont adapt\u00e9s au module de comptoir et de buffet &lsquo;Air&rsquo; et peuvent \u00eatre utilis\u00e9s dans son support de parasol int\u00e9gr\u00e9. Un parasol est indispensable pour le personnel lors de manifestations, mais un comptoir ext\u00e9rieur couvert et ombrag\u00e9 est \u00e9galement utile sur la terrasse de la maison.<\/p>\n<p><strong>Application<\/strong><br \/>\nLes possibilit\u00e9s d&rsquo;application du syst\u00e8me modulaire &lsquo;AIR&rsquo; sont multiples. Elles vont de l&rsquo;utilisation comme cuisine de jardin pour la terrasse priv\u00e9e, jusqu&rsquo;au comptoir mobile pour la terrasse de restaurant en \u00e9t\u00e9.<\/p>\n<p>Vous trouverez d&rsquo;autres \u00e9l\u00e9ments compl\u00e9mentaires de cette s\u00e9rie <a href=\"https:\/\/www.moree.de\/fr\/shop\/salon-de-jardin-exterieur\/bar-exterieur\/\"><em><strong>ici.<\/strong><\/em><\/a><\/p>\n\n","protected":false},"excerpt":{"rendered":"<p>Parasol Air en diff\u00e9rents designs. D&rsquo;autres dimensions sont disponibles sur demande.<\/p>\n","protected":false},"featured_media":21823,"template":"","meta":{"_acf_changed":false},"product_brand":[],"product_cat":[676,272],"product_tag":[],"class_list":{"0":"post-21811","1":"product","2":"type-product","3":"status-publish","4":"has-post-thumbnail","6":"product_cat-bar-exterieur","7":"product_cat-salon-de-jardin-exterieur","9":"first","10":"instock","11":"taxable","12":"shipping-taxable","13":"purchasable","14":"product-type-variable"},"acf":[],"yoast_head":"<!-- This site is optimized with the Yoast SEO plugin v26.8 - https:\/\/yoast.com\/product\/yoast-seo-wordpress\/ -->\n<title>Parasol en blanc et anthracite<\/title>\n<meta name=\"robots\" content=\"index, follow, max-snippet:-1, max-image-preview:large, max-video-preview:-1\" \/>\n<link rel=\"canonical\" href=\"https:\/\/www.moree.de\/fr\/produit\/air-parasols\/\" \/>\n<meta property=\"og:locale\" content=\"fr_FR\" \/>\n<meta property=\"og:type\" content=\"article\" \/>\n<meta property=\"og:title\" content=\"Parasol en blanc et anthracite\" \/>\n<meta property=\"og:description\" content=\"Parasol Air en diff\u00e9rents designs. D&#039;autres dimensions sont disponibles sur demande.\" \/>\n<meta property=\"og:url\" content=\"https:\/\/www.moree.de\/fr\/produit\/air-parasols\/\" \/>\n<meta property=\"og:site_name\" content=\"Moree.de\" \/>\n<meta property=\"article:modified_time\" content=\"2025-10-29T12:31:08+00:00\" \/>\n<meta property=\"og:image\" content=\"https:\/\/www.moree.de\/wp-content\/uploads\/2024\/05\/Air-Outdoor-Schirme-NaturAnthrazit.jpg\" \/>\n\t<meta property=\"og:image:width\" content=\"900\" \/>\n\t<meta property=\"og:image:height\" content=\"900\" \/>\n\t<meta property=\"og:image:type\" content=\"image\/jpeg\" \/>\n<meta name=\"twitter:card\" content=\"summary_large_image\" \/>\n<meta name=\"twitter:label1\" content=\"Dur\u00e9e de lecture estim\u00e9e\" \/>\n\t<meta name=\"twitter:data1\" content=\"2 minutes\" \/>\n<script type=\"application\/ld+json\" class=\"yoast-schema-graph\">{\"@context\":\"https:\/\/schema.org\",\"@graph\":[{\"@type\":\"WebPage\",\"@id\":\"https:\/\/www.moree.de\/fr\/produit\/air-parasols\/\",\"url\":\"https:\/\/www.moree.de\/fr\/produit\/air-parasols\/\",\"name\":\"Parasol en blanc et anthracite\",\"isPartOf\":{\"@id\":\"https:\/\/www.moree.de\/fr\/#website\"},\"primaryImageOfPage\":{\"@id\":\"https:\/\/www.moree.de\/fr\/produit\/air-parasols\/#primaryimage\"},\"image\":{\"@id\":\"https:\/\/www.moree.de\/fr\/produit\/air-parasols\/#primaryimage\"},\"thumbnailUrl\":\"https:\/\/www.moree.de\/wp-content\/uploads\/2024\/05\/Air-Outdoor-Schirme-NaturAnthrazit.jpg\",\"datePublished\":\"2024-05-08T09:47:44+00:00\",\"dateModified\":\"2025-10-29T12:31:08+00:00\",\"breadcrumb\":{\"@id\":\"https:\/\/www.moree.de\/fr\/produit\/air-parasols\/#breadcrumb\"},\"inLanguage\":\"fr-FR\",\"potentialAction\":[{\"@type\":\"ReadAction\",\"target\":[\"https:\/\/www.moree.de\/fr\/produit\/air-parasols\/\"]}]},{\"@type\":\"ImageObject\",\"inLanguage\":\"fr-FR\",\"@id\":\"https:\/\/www.moree.de\/fr\/produit\/air-parasols\/#primaryimage\",\"url\":\"https:\/\/www.moree.de\/wp-content\/uploads\/2024\/05\/Air-Outdoor-Schirme-NaturAnthrazit.jpg\",\"contentUrl\":\"https:\/\/www.moree.de\/wp-content\/uploads\/2024\/05\/Air-Outdoor-Schirme-NaturAnthrazit.jpg\",\"width\":900,\"height\":900},{\"@type\":\"BreadcrumbList\",\"@id\":\"https:\/\/www.moree.de\/fr\/produit\/air-parasols\/#breadcrumb\",\"itemListElement\":[{\"@type\":\"ListItem\",\"position\":1,\"name\":\"Home\",\"item\":\"https:\/\/www.moree.de\/fr\/\"},{\"@type\":\"ListItem\",\"position\":2,\"name\":\"Shop\",\"item\":\"https:\/\/www.moree.de\/shop\/\"},{\"@type\":\"ListItem\",\"position\":3,\"name\":\"Air Parasols\"}]},{\"@type\":\"WebSite\",\"@id\":\"https:\/\/www.moree.de\/fr\/#website\",\"url\":\"https:\/\/www.moree.de\/fr\/\",\"name\":\"Moree.de\",\"description\":\"Gastronomie M\u00f6bel, Lounge M\u00f6bel, Barhocker und LED M\u00f6bel\",\"publisher\":{\"@id\":\"https:\/\/www.moree.de\/fr\/#organization\"},\"potentialAction\":[{\"@type\":\"SearchAction\",\"target\":{\"@type\":\"EntryPoint\",\"urlTemplate\":\"https:\/\/www.moree.de\/fr\/?s={search_term_string}\"},\"query-input\":{\"@type\":\"PropertyValueSpecification\",\"valueRequired\":true,\"valueName\":\"search_term_string\"}}],\"inLanguage\":\"fr-FR\"},{\"@type\":\"Organization\",\"@id\":\"https:\/\/www.moree.de\/fr\/#organization\",\"name\":\"Moree.de\",\"url\":\"https:\/\/www.moree.de\/fr\/\",\"logo\":{\"@type\":\"ImageObject\",\"inLanguage\":\"fr-FR\",\"@id\":\"https:\/\/www.moree.de\/fr\/#\/schema\/logo\/image\/\",\"url\":\"https:\/\/www.moree.de\/wp-content\/uploads\/2021\/05\/moree-logo.svg\",\"contentUrl\":\"https:\/\/www.moree.de\/wp-content\/uploads\/2021\/05\/moree-logo.svg\",\"width\":349,\"height\":62,\"caption\":\"Moree.de\"},\"image\":{\"@id\":\"https:\/\/www.moree.de\/fr\/#\/schema\/logo\/image\/\"}}]}<\/script>\n<!-- \/ Yoast SEO plugin. -->","yoast_head_json":{"title":"Parasol en blanc et anthracite","robots":{"index":"index","follow":"follow","max-snippet":"max-snippet:-1","max-image-preview":"max-image-preview:large","max-video-preview":"max-video-preview:-1"},"canonical":"https:\/\/www.moree.de\/fr\/produit\/air-parasols\/","og_locale":"fr_FR","og_type":"article","og_title":"Parasol en blanc et anthracite","og_description":"Parasol Air en diff\u00e9rents designs. D'autres dimensions sont disponibles sur demande.","og_url":"https:\/\/www.moree.de\/fr\/produit\/air-parasols\/","og_site_name":"Moree.de","article_modified_time":"2025-10-29T12:31:08+00:00","og_image":[{"width":900,"height":900,"url":"https:\/\/www.moree.de\/wp-content\/uploads\/2024\/05\/Air-Outdoor-Schirme-NaturAnthrazit.jpg","type":"image\/jpeg"}],"twitter_card":"summary_large_image","twitter_misc":{"Dur\u00e9e de lecture estim\u00e9e":"2 minutes"},"schema":{"@context":"https:\/\/schema.org","@graph":[{"@type":"WebPage","@id":"https:\/\/www.moree.de\/fr\/produit\/air-parasols\/","url":"https:\/\/www.moree.de\/fr\/produit\/air-parasols\/","name":"Parasol en blanc et anthracite","isPartOf":{"@id":"https:\/\/www.moree.de\/fr\/#website"},"primaryImageOfPage":{"@id":"https:\/\/www.moree.de\/fr\/produit\/air-parasols\/#primaryimage"},"image":{"@id":"https:\/\/www.moree.de\/fr\/produit\/air-parasols\/#primaryimage"},"thumbnailUrl":"https:\/\/www.moree.de\/wp-content\/uploads\/2024\/05\/Air-Outdoor-Schirme-NaturAnthrazit.jpg","datePublished":"2024-05-08T09:47:44+00:00","dateModified":"2025-10-29T12:31:08+00:00","breadcrumb":{"@id":"https:\/\/www.moree.de\/fr\/produit\/air-parasols\/#breadcrumb"},"inLanguage":"fr-FR","potentialAction":[{"@type":"ReadAction","target":["https:\/\/www.moree.de\/fr\/produit\/air-parasols\/"]}]},{"@type":"ImageObject","inLanguage":"fr-FR","@id":"https:\/\/www.moree.de\/fr\/produit\/air-parasols\/#primaryimage","url":"https:\/\/www.moree.de\/wp-content\/uploads\/2024\/05\/Air-Outdoor-Schirme-NaturAnthrazit.jpg","contentUrl":"https:\/\/www.moree.de\/wp-content\/uploads\/2024\/05\/Air-Outdoor-Schirme-NaturAnthrazit.jpg","width":900,"height":900},{"@type":"BreadcrumbList","@id":"https:\/\/www.moree.de\/fr\/produit\/air-parasols\/#breadcrumb","itemListElement":[{"@type":"ListItem","position":1,"name":"Home","item":"https:\/\/www.moree.de\/fr\/"},{"@type":"ListItem","position":2,"name":"Shop","item":"https:\/\/www.moree.de\/shop\/"},{"@type":"ListItem","position":3,"name":"Air Parasols"}]},{"@type":"WebSite","@id":"https:\/\/www.moree.de\/fr\/#website","url":"https:\/\/www.moree.de\/fr\/","name":"Moree.de","description":"Gastronomie M\u00f6bel, Lounge M\u00f6bel, Barhocker und LED M\u00f6bel","publisher":{"@id":"https:\/\/www.moree.de\/fr\/#organization"},"potentialAction":[{"@type":"SearchAction","target":{"@type":"EntryPoint","urlTemplate":"https:\/\/www.moree.de\/fr\/?s={search_term_string}"},"query-input":{"@type":"PropertyValueSpecification","valueRequired":true,"valueName":"search_term_string"}}],"inLanguage":"fr-FR"},{"@type":"Organization","@id":"https:\/\/www.moree.de\/fr\/#organization","name":"Moree.de","url":"https:\/\/www.moree.de\/fr\/","logo":{"@type":"ImageObject","inLanguage":"fr-FR","@id":"https:\/\/www.moree.de\/fr\/#\/schema\/logo\/image\/","url":"https:\/\/www.moree.de\/wp-content\/uploads\/2021\/05\/moree-logo.svg","contentUrl":"https:\/\/www.moree.de\/wp-content\/uploads\/2021\/05\/moree-logo.svg","width":349,"height":62,"caption":"Moree.de"},"image":{"@id":"https:\/\/www.moree.de\/fr\/#\/schema\/logo\/image\/"}}]}},"_links":{"self":[{"href":"https:\/\/www.moree.de\/fr\/wp-json\/wp\/v2\/product\/21811","targetHints":{"allow":["GET"]}}],"collection":[{"href":"https:\/\/www.moree.de\/fr\/wp-json\/wp\/v2\/product"}],"about":[{"href":"https:\/\/www.moree.de\/fr\/wp-json\/wp\/v2\/types\/product"}],"wp:featuredmedia":[{"embeddable":true,"href":"https:\/\/www.moree.de\/fr\/wp-json\/wp\/v2\/media\/21823"}],"wp:attachment":[{"href":"https:\/\/www.moree.de\/fr\/wp-json\/wp\/v2\/media?parent=21811"}],"wp:term":[{"taxonomy":"product_brand","embeddable":true,"href":"https:\/\/www.moree.de\/fr\/wp-json\/wp\/v2\/product_brand?post=21811"},{"taxonomy":"product_cat","embeddable":true,"href":"https:\/\/www.moree.de\/fr\/wp-json\/wp\/v2\/product_cat?post=21811"},{"taxonomy":"product_tag","embeddable":true,"href":"https:\/\/www.moree.de\/fr\/wp-json\/wp\/v2\/product_tag?post=21811"}],"curies":[{"name":"wp","href":"https:\/\/api.w.org\/{rel}","templated":true}]}}