{"id":22066,"date":"2024-07-31T09:37:01","date_gmt":"2024-07-31T07:37:01","guid":{"rendered":"https:\/\/www.moree.de\/?post_type=product&#038;p=22066"},"modified":"2025-10-29T13:31:04","modified_gmt":"2025-10-29T12:31:04","slug":"cooler-70-kopie","status":"publish","type":"product","link":"https:\/\/www.moree.de\/fr\/produit\/cooler-70-kopie\/","title":{"rendered":"Cooler 70 (%)"},"content":{"rendered":"<p><strong>Seau \u00e0 champagne avec insert \u00e0 boissons amovible. L&rsquo;unit\u00e9 DEL \u00e0 Accumulateur multicolore\/blanche assure l&rsquo;ambiance et l&rsquo;\u00e9clairage indirect.<\/strong><\/p>\n<p>Le Cooler est livr\u00e9 avec une unit\u00e9 DEL \u00e0 batterie facilement amovible, qui est fix\u00e9e au produit par une fermeture magn\u00e9tique. L&rsquo;unit\u00e9 DEL ne doit donc pas \u00eatre charg\u00e9e sur le produit, mais de mani\u00e8re flexible \u00e0 proximit\u00e9 d&rsquo;une prise de courant.<\/p>\n<p>Servir des boissons \u00e0 la bonne temp\u00e9rature n&rsquo;est pas seulement un d\u00e9fi dans la restauration, mais aussi sur les terrasses priv\u00e9es. Les boissons \u00e0 temp\u00e9rature trop \u00e9lev\u00e9e nuisent consid\u00e9rablement au go\u00fbt. Un refroidisseur de champagne ou de boissons est donc la solution id\u00e9ale, car les refroidisseurs de vin ou de champagne assurent ici une temp\u00e9rature parfaite et le bien-\u00eatre des invit\u00e9s. L&rsquo;insert amovible de 6 litres peut \u00eatre rapidement rempli de glace.<\/p>\n<p>Outre les consid\u00e9rations pratiques, les aspects d\u00e9coratifs sont \u00e9galement essentiels. Le Moree Cooler 70 LED Accu Outdoor offre \u00e0 la fois couleur et lumi\u00e8re. Le rafra\u00eechisseur de bouteilles \u00e9clair\u00e9 est \u00e9quip\u00e9 d&rsquo;une unit\u00e9 DEL et peut \u00eatre command\u00e9 par t\u00e9l\u00e9commande. Outre les 15 couleurs pr\u00e9r\u00e9gl\u00e9es, il est possible de faire fonctionner le refroidisseur de boissons dans diff\u00e9rents programmes de changement de couleur. De plus, il existe une fonction de variation qui permet de r\u00e9gler la luminosit\u00e9 des diff\u00e9rentes couleurs. Outre toutes les couleurs RVB, le refroidisseur de boissons \u00e9clair\u00e9 brille \u00e9galement en blanc. Gr\u00e2ce \u00e0 sa batterie lithium-ion, il peut fonctionner sans fil et offre une flexibilit\u00e9 maximale sur la terrasse du jardin, lors de f\u00eates priv\u00e9es ou dans le domaine professionnel lors de salons et d&rsquo;\u00e9v\u00e9nements. Gr\u00e2ce \u00e0 l&rsquo;ind\u00e9pendance de la prise de courant, le rafra\u00eechisseur de bouteilles \u00e9clair\u00e9 peut \u00eatre utilis\u00e9 partout.<\/p>\n<p>Le refroidisseur \u00e9clair\u00e9 est adapt\u00e9 \u00e0 l&rsquo;int\u00e9rieur et \u00e0 l&rsquo;ext\u00e9rieur et peut \u00eatre utilis\u00e9 aussi bien dans la restauration professionnelle que dans le domaine priv\u00e9. Le refroidisseur \u00e9clair\u00e9 est plac\u00e9 \u00e0 c\u00f4t\u00e9 de la table dress\u00e9e et y laisse plus de place pour les aliments et les boissons. Avec son corps en plastique PE translucide et sa lumi\u00e8re DEL, le refroidisseur de bouteilles met en valeur le style dans chaque ambiance. Le plastique est r\u00e9sistant aux UV.<\/p>\n<p>Le grand r\u00e9cipient amovible du refroidisseur de champagne se remplit de glace et ne sert pas seulement \u00e0 refroidir une seule bouteille, il peut aussi accueillir des magnums ou plusieurs bouteilles \u00e0 la fois. Il est donc le meuble \u00e9v\u00e9nementiel id\u00e9al pour les f\u00eates et les manifestations de toutes sortes. Avec ses dimensions de 70 cm de hauteur et de 35 cm de diam\u00e8tre, l&rsquo;objet lumineux attire le regard et capte l&rsquo;attention de mani\u00e8re \u00e9clatante.<\/p>\n","protected":false},"excerpt":{"rendered":"<p>Le refroidisseur de boissons mobile et \u00e9clair\u00e9 est la solution id\u00e9ale pour vos f\u00eates et \u00e9v\u00e9nements, tant \u00e0 l&rsquo;int\u00e9rieur qu&rsquo;\u00e0 l&rsquo;ext\u00e9rieur. Il s\u00e9duit par ses multiples possibilit\u00e9s d&rsquo;utilisation et son design innovant.<\/p>\n<p><strong>Caract\u00e9ristiques :<\/strong><\/p>\n<p>&#8211; Insert amovible : le refroidisseur dispose d&rsquo;un insert amovible pratique qui facilite le remplissage et le nettoyage.<br \/>\n&#8211; Unit\u00e9 LED multicolore sans fil : L&rsquo;unit\u00e9 LED int\u00e9gr\u00e9e fournit un \u00e9clairage d&rsquo;ambiance de diff\u00e9rentes couleurs et peut \u00eatre utilis\u00e9e sans fil.<br \/>\n&#8211; Fermeture magn\u00e9tique \u00e0 changement rapide : gr\u00e2ce \u00e0 la fermeture magn\u00e9tique \u00e0 changement rapide, l&rsquo;unit\u00e9 LED peut \u00eatre facilement retir\u00e9e et la batterie rapidement recharg\u00e9e.<br \/>\n&#8211; Mobile et flexible : gr\u00e2ce \u00e0 la batterie, le refroidisseur est enti\u00e8rement mobile et peut \u00eatre positionn\u00e9 de mani\u00e8re flexible, ce qui permet de l&rsquo;utiliser partout o\u00f9 vous en avez besoin.<\/p>\n<p><strong>\u00c9tat et contenu de la livraison :<\/strong><\/p>\n<p>&#8211; Comme neuf<br \/>\n&#8211; Emballage : il peut arriver que l&#8217;emballage soit l\u00e9g\u00e8rement endommag\u00e9. Sur le plan technique, le refroidisseur est toutefois en parfait \u00e9tat.<\/p>\n","protected":false},"featured_media":15894,"template":"","meta":{"_acf_changed":false},"product_brand":[],"product_cat":[512],"product_tag":[],"class_list":{"0":"post-22066","1":"product","2":"type-product","3":"status-publish","4":"has-post-thumbnail","6":"product_cat-offres-actuelles","8":"first","9":"instock","10":"sale","11":"taxable","12":"shipping-taxable","13":"purchasable","14":"product-type-simple"},"acf":[],"yoast_head":"<!-- This site is optimized with the Yoast SEO plugin v26.8 - https:\/\/yoast.com\/product\/yoast-seo-wordpress\/ -->\n<title>Seau \u00e0 champagne \u00e9clair\u00e9 par des DEL multicolores<\/title>\n<meta name=\"description\" content=\"Refroidisseur visuel \u00e9clair\u00e9 par LED et t\u00e9l\u00e9commande, grande flexibilit\u00e9 gr\u00e2ce au fonctionnement sans fil sur batterie\" \/>\n<meta name=\"robots\" content=\"index, follow, max-snippet:-1, max-image-preview:large, max-video-preview:-1\" \/>\n<link rel=\"canonical\" href=\"https:\/\/www.moree.de\/fr\/produit\/cooler-70-kopie\/\" \/>\n<meta property=\"og:locale\" content=\"fr_FR\" \/>\n<meta property=\"og:type\" content=\"article\" \/>\n<meta property=\"og:title\" content=\"Seau \u00e0 champagne \u00e9clair\u00e9 par des DEL multicolores\" \/>\n<meta property=\"og:description\" content=\"Refroidisseur visuel \u00e9clair\u00e9 par LED et t\u00e9l\u00e9commande, grande flexibilit\u00e9 gr\u00e2ce au fonctionnement sans fil sur batterie\" \/>\n<meta property=\"og:url\" content=\"https:\/\/www.moree.de\/fr\/produit\/cooler-70-kopie\/\" \/>\n<meta property=\"og:site_name\" content=\"Moree.de\" \/>\n<meta property=\"article:modified_time\" content=\"2025-10-29T12:31:04+00:00\" \/>\n<meta property=\"og:image\" content=\"https:\/\/www.moree.de\/wp-content\/uploads\/2023\/05\/48-01-01-Cooler-70-LED-fuer-Events-Getraenkekuehler-mit-Akku-LED-Eiskuebel-fuer-Aussenbereich-LED.jpg\" \/>\n\t<meta property=\"og:image:width\" content=\"998\" \/>\n\t<meta property=\"og:image:height\" content=\"997\" \/>\n\t<meta property=\"og:image:type\" content=\"image\/jpeg\" \/>\n<meta name=\"twitter:card\" content=\"summary_large_image\" \/>\n<meta name=\"twitter:label1\" content=\"Dur\u00e9e de lecture estim\u00e9e\" \/>\n\t<meta name=\"twitter:data1\" content=\"2 minutes\" \/>\n<script type=\"application\/ld+json\" class=\"yoast-schema-graph\">{\"@context\":\"https:\/\/schema.org\",\"@graph\":[{\"@type\":\"WebPage\",\"@id\":\"https:\/\/www.moree.de\/fr\/produit\/cooler-70-kopie\/\",\"url\":\"https:\/\/www.moree.de\/fr\/produit\/cooler-70-kopie\/\",\"name\":\"Seau \u00e0 champagne \u00e9clair\u00e9 par des DEL multicolores\",\"isPartOf\":{\"@id\":\"https:\/\/www.moree.de\/fr\/#website\"},\"primaryImageOfPage\":{\"@id\":\"https:\/\/www.moree.de\/fr\/produit\/cooler-70-kopie\/#primaryimage\"},\"image\":{\"@id\":\"https:\/\/www.moree.de\/fr\/produit\/cooler-70-kopie\/#primaryimage\"},\"thumbnailUrl\":\"https:\/\/www.moree.de\/wp-content\/uploads\/2023\/05\/48-01-01-Cooler-70-LED-fuer-Events-Getraenkekuehler-mit-Akku-LED-Eiskuebel-fuer-Aussenbereich-LED.jpg\",\"datePublished\":\"2024-07-31T07:37:01+00:00\",\"dateModified\":\"2025-10-29T12:31:04+00:00\",\"description\":\"Refroidisseur visuel \u00e9clair\u00e9 par LED et t\u00e9l\u00e9commande, grande flexibilit\u00e9 gr\u00e2ce au fonctionnement sans fil sur batterie\",\"breadcrumb\":{\"@id\":\"https:\/\/www.moree.de\/fr\/produit\/cooler-70-kopie\/#breadcrumb\"},\"inLanguage\":\"fr-FR\",\"potentialAction\":[{\"@type\":\"ReadAction\",\"target\":[\"https:\/\/www.moree.de\/fr\/produit\/cooler-70-kopie\/\"]}]},{\"@type\":\"ImageObject\",\"inLanguage\":\"fr-FR\",\"@id\":\"https:\/\/www.moree.de\/fr\/produit\/cooler-70-kopie\/#primaryimage\",\"url\":\"https:\/\/www.moree.de\/wp-content\/uploads\/2023\/05\/48-01-01-Cooler-70-LED-fuer-Events-Getraenkekuehler-mit-Akku-LED-Eiskuebel-fuer-Aussenbereich-LED.jpg\",\"contentUrl\":\"https:\/\/www.moree.de\/wp-content\/uploads\/2023\/05\/48-01-01-Cooler-70-LED-fuer-Events-Getraenkekuehler-mit-Akku-LED-Eiskuebel-fuer-Aussenbereich-LED.jpg\",\"width\":998,\"height\":997},{\"@type\":\"BreadcrumbList\",\"@id\":\"https:\/\/www.moree.de\/fr\/produit\/cooler-70-kopie\/#breadcrumb\",\"itemListElement\":[{\"@type\":\"ListItem\",\"position\":1,\"name\":\"Home\",\"item\":\"https:\/\/www.moree.de\/fr\/\"},{\"@type\":\"ListItem\",\"position\":2,\"name\":\"Shop\",\"item\":\"https:\/\/www.moree.de\/shop\/\"},{\"@type\":\"ListItem\",\"position\":3,\"name\":\"Cooler 70 (%)\"}]},{\"@type\":\"WebSite\",\"@id\":\"https:\/\/www.moree.de\/fr\/#website\",\"url\":\"https:\/\/www.moree.de\/fr\/\",\"name\":\"Moree.de\",\"description\":\"Gastronomie M\u00f6bel, Lounge M\u00f6bel, Barhocker und LED M\u00f6bel\",\"publisher\":{\"@id\":\"https:\/\/www.moree.de\/fr\/#organization\"},\"potentialAction\":[{\"@type\":\"SearchAction\",\"target\":{\"@type\":\"EntryPoint\",\"urlTemplate\":\"https:\/\/www.moree.de\/fr\/?s={search_term_string}\"},\"query-input\":{\"@type\":\"PropertyValueSpecification\",\"valueRequired\":true,\"valueName\":\"search_term_string\"}}],\"inLanguage\":\"fr-FR\"},{\"@type\":\"Organization\",\"@id\":\"https:\/\/www.moree.de\/fr\/#organization\",\"name\":\"Moree.de\",\"url\":\"https:\/\/www.moree.de\/fr\/\",\"logo\":{\"@type\":\"ImageObject\",\"inLanguage\":\"fr-FR\",\"@id\":\"https:\/\/www.moree.de\/fr\/#\/schema\/logo\/image\/\",\"url\":\"https:\/\/www.moree.de\/wp-content\/uploads\/2021\/05\/moree-logo.svg\",\"contentUrl\":\"https:\/\/www.moree.de\/wp-content\/uploads\/2021\/05\/moree-logo.svg\",\"width\":349,\"height\":62,\"caption\":\"Moree.de\"},\"image\":{\"@id\":\"https:\/\/www.moree.de\/fr\/#\/schema\/logo\/image\/\"}}]}<\/script>\n<!-- \/ Yoast SEO plugin. -->","yoast_head_json":{"title":"Seau \u00e0 champagne \u00e9clair\u00e9 par des DEL multicolores","description":"Refroidisseur visuel \u00e9clair\u00e9 par LED et t\u00e9l\u00e9commande, grande flexibilit\u00e9 gr\u00e2ce au fonctionnement sans fil sur batterie","robots":{"index":"index","follow":"follow","max-snippet":"max-snippet:-1","max-image-preview":"max-image-preview:large","max-video-preview":"max-video-preview:-1"},"canonical":"https:\/\/www.moree.de\/fr\/produit\/cooler-70-kopie\/","og_locale":"fr_FR","og_type":"article","og_title":"Seau \u00e0 champagne \u00e9clair\u00e9 par des DEL multicolores","og_description":"Refroidisseur visuel \u00e9clair\u00e9 par LED et t\u00e9l\u00e9commande, grande flexibilit\u00e9 gr\u00e2ce au fonctionnement sans fil sur batterie","og_url":"https:\/\/www.moree.de\/fr\/produit\/cooler-70-kopie\/","og_site_name":"Moree.de","article_modified_time":"2025-10-29T12:31:04+00:00","og_image":[{"width":998,"height":997,"url":"https:\/\/www.moree.de\/wp-content\/uploads\/2023\/05\/48-01-01-Cooler-70-LED-fuer-Events-Getraenkekuehler-mit-Akku-LED-Eiskuebel-fuer-Aussenbereich-LED.jpg","type":"image\/jpeg"}],"twitter_card":"summary_large_image","twitter_misc":{"Dur\u00e9e de lecture estim\u00e9e":"2 minutes"},"schema":{"@context":"https:\/\/schema.org","@graph":[{"@type":"WebPage","@id":"https:\/\/www.moree.de\/fr\/produit\/cooler-70-kopie\/","url":"https:\/\/www.moree.de\/fr\/produit\/cooler-70-kopie\/","name":"Seau \u00e0 champagne \u00e9clair\u00e9 par des DEL multicolores","isPartOf":{"@id":"https:\/\/www.moree.de\/fr\/#website"},"primaryImageOfPage":{"@id":"https:\/\/www.moree.de\/fr\/produit\/cooler-70-kopie\/#primaryimage"},"image":{"@id":"https:\/\/www.moree.de\/fr\/produit\/cooler-70-kopie\/#primaryimage"},"thumbnailUrl":"https:\/\/www.moree.de\/wp-content\/uploads\/2023\/05\/48-01-01-Cooler-70-LED-fuer-Events-Getraenkekuehler-mit-Akku-LED-Eiskuebel-fuer-Aussenbereich-LED.jpg","datePublished":"2024-07-31T07:37:01+00:00","dateModified":"2025-10-29T12:31:04+00:00","description":"Refroidisseur visuel \u00e9clair\u00e9 par LED et t\u00e9l\u00e9commande, grande flexibilit\u00e9 gr\u00e2ce au fonctionnement sans fil sur batterie","breadcrumb":{"@id":"https:\/\/www.moree.de\/fr\/produit\/cooler-70-kopie\/#breadcrumb"},"inLanguage":"fr-FR","potentialAction":[{"@type":"ReadAction","target":["https:\/\/www.moree.de\/fr\/produit\/cooler-70-kopie\/"]}]},{"@type":"ImageObject","inLanguage":"fr-FR","@id":"https:\/\/www.moree.de\/fr\/produit\/cooler-70-kopie\/#primaryimage","url":"https:\/\/www.moree.de\/wp-content\/uploads\/2023\/05\/48-01-01-Cooler-70-LED-fuer-Events-Getraenkekuehler-mit-Akku-LED-Eiskuebel-fuer-Aussenbereich-LED.jpg","contentUrl":"https:\/\/www.moree.de\/wp-content\/uploads\/2023\/05\/48-01-01-Cooler-70-LED-fuer-Events-Getraenkekuehler-mit-Akku-LED-Eiskuebel-fuer-Aussenbereich-LED.jpg","width":998,"height":997},{"@type":"BreadcrumbList","@id":"https:\/\/www.moree.de\/fr\/produit\/cooler-70-kopie\/#breadcrumb","itemListElement":[{"@type":"ListItem","position":1,"name":"Home","item":"https:\/\/www.moree.de\/fr\/"},{"@type":"ListItem","position":2,"name":"Shop","item":"https:\/\/www.moree.de\/shop\/"},{"@type":"ListItem","position":3,"name":"Cooler 70 (%)"}]},{"@type":"WebSite","@id":"https:\/\/www.moree.de\/fr\/#website","url":"https:\/\/www.moree.de\/fr\/","name":"Moree.de","description":"Gastronomie M\u00f6bel, Lounge M\u00f6bel, Barhocker und LED M\u00f6bel","publisher":{"@id":"https:\/\/www.moree.de\/fr\/#organization"},"potentialAction":[{"@type":"SearchAction","target":{"@type":"EntryPoint","urlTemplate":"https:\/\/www.moree.de\/fr\/?s={search_term_string}"},"query-input":{"@type":"PropertyValueSpecification","valueRequired":true,"valueName":"search_term_string"}}],"inLanguage":"fr-FR"},{"@type":"Organization","@id":"https:\/\/www.moree.de\/fr\/#organization","name":"Moree.de","url":"https:\/\/www.moree.de\/fr\/","logo":{"@type":"ImageObject","inLanguage":"fr-FR","@id":"https:\/\/www.moree.de\/fr\/#\/schema\/logo\/image\/","url":"https:\/\/www.moree.de\/wp-content\/uploads\/2021\/05\/moree-logo.svg","contentUrl":"https:\/\/www.moree.de\/wp-content\/uploads\/2021\/05\/moree-logo.svg","width":349,"height":62,"caption":"Moree.de"},"image":{"@id":"https:\/\/www.moree.de\/fr\/#\/schema\/logo\/image\/"}}]}},"_links":{"self":[{"href":"https:\/\/www.moree.de\/fr\/wp-json\/wp\/v2\/product\/22066","targetHints":{"allow":["GET"]}}],"collection":[{"href":"https:\/\/www.moree.de\/fr\/wp-json\/wp\/v2\/product"}],"about":[{"href":"https:\/\/www.moree.de\/fr\/wp-json\/wp\/v2\/types\/product"}],"wp:featuredmedia":[{"embeddable":true,"href":"https:\/\/www.moree.de\/fr\/wp-json\/wp\/v2\/media\/15894"}],"wp:attachment":[{"href":"https:\/\/www.moree.de\/fr\/wp-json\/wp\/v2\/media?parent=22066"}],"wp:term":[{"taxonomy":"product_brand","embeddable":true,"href":"https:\/\/www.moree.de\/fr\/wp-json\/wp\/v2\/product_brand?post=22066"},{"taxonomy":"product_cat","embeddable":true,"href":"https:\/\/www.moree.de\/fr\/wp-json\/wp\/v2\/product_cat?post=22066"},{"taxonomy":"product_tag","embeddable":true,"href":"https:\/\/www.moree.de\/fr\/wp-json\/wp\/v2\/product_tag?post=22066"}],"curies":[{"name":"wp","href":"https:\/\/api.w.org\/{rel}","templated":true}]}}