{"id":22473,"date":"2024-10-02T13:05:27","date_gmt":"2024-10-02T11:05:27","guid":{"rendered":"https:\/\/www.moree.de\/?post_type=product&#038;p=22473"},"modified":"2025-10-29T13:31:04","modified_gmt":"2025-10-29T12:31:04","slug":"set-de-table-de-bar-ed-blanc-statique","status":"publish","type":"product","link":"https:\/\/www.moree.de\/fr\/produit\/set-de-table-de-bar-ed-blanc-statique\/","title":{"rendered":"Set de table de bar DAVE blanc (statique)"},"content":{"rendered":"<p><strong>Set de table de bar DAVE (statique)<\/strong><\/p>\n<p>Le set de table de bar DAVE se compose d&rsquo;une table et de 2 tabourets de bar statiques DAVE. ED 105, la table haute blanche au plateau carr\u00e9, s&rsquo;accorde parfaitement, sur le plan formel, avec les tabourets de bar DAVE. Les designs coordonn\u00e9s de l&rsquo;ensemble de tables de bar forment une combinaison r\u00e9ussie pour un int\u00e9rieur raffin\u00e9, id\u00e9al pour les espaces priv\u00e9s et professionnels.<\/p>\n<p>La table haute ED 105 peut \u00eatre combin\u00e9e soit, comme propos\u00e9 ici, avec des tabourets de bar blancs assortis avec une assise gris clair, soit avec des assises en tissu dans <span style=\"color: #993300;\"><strong><a style=\"color: #993300;\" href=\"https:\/\/www.moree.de\/fr\/tabouret-de-bar-dave-tissu-couleurs-dassise\/\">\u2192 50 autres couleurs.<\/a><\/strong><\/span><\/p>\n<p>Alternativement, vous trouverez 66 autres versions de couleurs en similicuir de l&rsquo;assise du tabouret de bar <a href=\"https:\/\/www.moree.de\/fr\/tabouret-de-bar-dave-couleurs-dassise-en-similicuir\/\"><span style=\"color: #993300;\"><strong>\u2192 ici.<\/strong><\/span><\/a><\/p>\n<p>Les tabourets de bar propos\u00e9s sont statiques, c&rsquo;est-\u00e0-dire que le si\u00e8ge n&rsquo;est pas r\u00e9glable en hauteur et ne peut pas pivoter \u00e0 360 degr\u00e9s.<\/p>\n<p>La table se compose d&rsquo;un plateau HPL blanc (60 \u00d7 60 cm) aux coins arrondis et d&rsquo;un pi\u00e8tement en acier laqu\u00e9 blanc par poudrage. Le plateau HPL de haute qualit\u00e9 est facile \u00e0 nettoyer et tr\u00e8s r\u00e9sistant aux rayures.<\/p>\n","protected":false},"excerpt":{"rendered":"<p>Le set comprend 2x tabourets de bar DAVE blanc\/gris clair, statiques (42-01-01) et une table haute ED 105 blanche (18-05-105). La table haute ED 105 peut \u00eatre combin\u00e9e, comme propos\u00e9 ici, avec le tabouret de bar DAVE assorti, au pi\u00e9tement blanc et \u00e0 l&rsquo;assise en tissu gris clair. Il peut \u00e9galement \u00eatre combin\u00e9 et command\u00e9 avec une assise dans 50 autres couleurs de la collection de tissus. Vous trouverez la collection de tissus du si\u00e8ge du tabouret de bar <span style=\"color: #993300;\"><strong><a style=\"color: #993300;\" href=\"https:\/\/www.moree.de\/fr\/tabouret-de-bar-dave-tissu-couleurs-dassise\/\">\u2192 ici<\/a><\/strong><\/span>.<\/p>\n<p>Nous proposons \u00e9galement le si\u00e8ge de tabouret de bar en similicuir. Vous trouverez les 66 versions de couleurs en similicuir du si\u00e8ge de tabouret de bar <strong><span style=\"color: #993300;\"><a style=\"color: #993300;\" href=\"https:\/\/www.moree.de\/fr\/tabouret-de-bar-dave-couleurs-dassise-en-similicuir\/\">\u2192 ic<\/a>i.<\/span><\/strong><\/p>\n","protected":false},"featured_media":22492,"template":"","meta":{"_acf_changed":false},"product_brand":[],"product_cat":[512,811,268,504],"product_tag":[],"class_list":{"0":"post-22473","1":"product","2":"type-product","3":"status-publish","4":"has-post-thumbnail","6":"product_cat-offres-actuelles","7":"product_cat-ensembles-de-tables-de-bar","8":"product_cat-mobilier-design","9":"product_cat-tabouret-de-bar-design","11":"first","12":"instock","13":"sale","14":"taxable","15":"shipping-taxable","16":"purchasable","17":"product-type-simple"},"acf":[],"yoast_head":"<!-- This site is optimized with the Yoast SEO plugin v26.8 - https:\/\/yoast.com\/product\/yoast-seo-wordpress\/ -->\n<title>Set de table de bar DAVE pour la cuisine et le bureau<\/title>\n<meta name=\"description\" content=\"Set de table de bar DAVE avec 2 tabourets statiques et une table haute, parfait pour la cuisine, le bureau, le bar et l&#039;h\u00f4tel et aussi pour le stand d&#039;exposition\" \/>\n<meta name=\"robots\" content=\"index, follow, max-snippet:-1, max-image-preview:large, max-video-preview:-1\" \/>\n<link rel=\"canonical\" href=\"https:\/\/www.moree.de\/fr\/produit\/set-de-table-de-bar-ed-blanc-statique\/\" \/>\n<meta property=\"og:locale\" content=\"fr_FR\" \/>\n<meta property=\"og:type\" content=\"article\" \/>\n<meta property=\"og:title\" content=\"Set de table de bar DAVE pour la cuisine et le bureau\" \/>\n<meta property=\"og:description\" content=\"Set de table de bar DAVE avec 2 tabourets statiques et une table haute, parfait pour la cuisine, le bureau, le bar et l&#039;h\u00f4tel et aussi pour le stand d&#039;exposition\" \/>\n<meta property=\"og:url\" content=\"https:\/\/www.moree.de\/fr\/produit\/set-de-table-de-bar-ed-blanc-statique\/\" \/>\n<meta property=\"og:site_name\" content=\"Moree.de\" \/>\n<meta property=\"article:modified_time\" content=\"2025-10-29T12:31:04+00:00\" \/>\n<meta property=\"og:image\" content=\"https:\/\/www.moree.de\/wp-content\/uploads\/2024\/10\/Bartisch-Set-Dave-Stehtisch-ED-Weiss-2x-Barhocker-DAVE-weiss-Sitzbezug-hellgrau-1-1.jpg\" \/>\n\t<meta property=\"og:image:width\" content=\"1200\" \/>\n\t<meta property=\"og:image:height\" content=\"1200\" \/>\n\t<meta property=\"og:image:type\" content=\"image\/jpeg\" \/>\n<meta name=\"twitter:card\" content=\"summary_large_image\" \/>\n<meta name=\"twitter:label1\" content=\"Dur\u00e9e de lecture estim\u00e9e\" \/>\n\t<meta name=\"twitter:data1\" content=\"2 minutes\" \/>\n<script type=\"application\/ld+json\" class=\"yoast-schema-graph\">{\"@context\":\"https:\/\/schema.org\",\"@graph\":[{\"@type\":\"WebPage\",\"@id\":\"https:\/\/www.moree.de\/fr\/produit\/set-de-table-de-bar-ed-blanc-statique\/\",\"url\":\"https:\/\/www.moree.de\/fr\/produit\/set-de-table-de-bar-ed-blanc-statique\/\",\"name\":\"Set de table de bar DAVE pour la cuisine et le bureau\",\"isPartOf\":{\"@id\":\"https:\/\/www.moree.de\/fr\/#website\"},\"primaryImageOfPage\":{\"@id\":\"https:\/\/www.moree.de\/fr\/produit\/set-de-table-de-bar-ed-blanc-statique\/#primaryimage\"},\"image\":{\"@id\":\"https:\/\/www.moree.de\/fr\/produit\/set-de-table-de-bar-ed-blanc-statique\/#primaryimage\"},\"thumbnailUrl\":\"https:\/\/www.moree.de\/wp-content\/uploads\/2024\/10\/Bartisch-Set-Dave-Stehtisch-ED-Weiss-2x-Barhocker-DAVE-weiss-Sitzbezug-hellgrau-1-1.jpg\",\"datePublished\":\"2024-10-02T11:05:27+00:00\",\"dateModified\":\"2025-10-29T12:31:04+00:00\",\"description\":\"Set de table de bar DAVE avec 2 tabourets statiques et une table haute, parfait pour la cuisine, le bureau, le bar et l'h\u00f4tel et aussi pour le stand d'exposition\",\"breadcrumb\":{\"@id\":\"https:\/\/www.moree.de\/fr\/produit\/set-de-table-de-bar-ed-blanc-statique\/#breadcrumb\"},\"inLanguage\":\"fr-FR\",\"potentialAction\":[{\"@type\":\"ReadAction\",\"target\":[\"https:\/\/www.moree.de\/fr\/produit\/set-de-table-de-bar-ed-blanc-statique\/\"]}]},{\"@type\":\"ImageObject\",\"inLanguage\":\"fr-FR\",\"@id\":\"https:\/\/www.moree.de\/fr\/produit\/set-de-table-de-bar-ed-blanc-statique\/#primaryimage\",\"url\":\"https:\/\/www.moree.de\/wp-content\/uploads\/2024\/10\/Bartisch-Set-Dave-Stehtisch-ED-Weiss-2x-Barhocker-DAVE-weiss-Sitzbezug-hellgrau-1-1.jpg\",\"contentUrl\":\"https:\/\/www.moree.de\/wp-content\/uploads\/2024\/10\/Bartisch-Set-Dave-Stehtisch-ED-Weiss-2x-Barhocker-DAVE-weiss-Sitzbezug-hellgrau-1-1.jpg\",\"width\":1200,\"height\":1200,\"caption\":\"Stetisch mit Hocker,\"},{\"@type\":\"BreadcrumbList\",\"@id\":\"https:\/\/www.moree.de\/fr\/produit\/set-de-table-de-bar-ed-blanc-statique\/#breadcrumb\",\"itemListElement\":[{\"@type\":\"ListItem\",\"position\":1,\"name\":\"Home\",\"item\":\"https:\/\/www.moree.de\/fr\/\"},{\"@type\":\"ListItem\",\"position\":2,\"name\":\"Shop\",\"item\":\"https:\/\/www.moree.de\/shop\/\"},{\"@type\":\"ListItem\",\"position\":3,\"name\":\"Set de table de bar DAVE blanc (statique)\"}]},{\"@type\":\"WebSite\",\"@id\":\"https:\/\/www.moree.de\/fr\/#website\",\"url\":\"https:\/\/www.moree.de\/fr\/\",\"name\":\"Moree.de\",\"description\":\"Gastronomie M\u00f6bel, Lounge M\u00f6bel, Barhocker und LED M\u00f6bel\",\"publisher\":{\"@id\":\"https:\/\/www.moree.de\/fr\/#organization\"},\"potentialAction\":[{\"@type\":\"SearchAction\",\"target\":{\"@type\":\"EntryPoint\",\"urlTemplate\":\"https:\/\/www.moree.de\/fr\/?s={search_term_string}\"},\"query-input\":{\"@type\":\"PropertyValueSpecification\",\"valueRequired\":true,\"valueName\":\"search_term_string\"}}],\"inLanguage\":\"fr-FR\"},{\"@type\":\"Organization\",\"@id\":\"https:\/\/www.moree.de\/fr\/#organization\",\"name\":\"Moree.de\",\"url\":\"https:\/\/www.moree.de\/fr\/\",\"logo\":{\"@type\":\"ImageObject\",\"inLanguage\":\"fr-FR\",\"@id\":\"https:\/\/www.moree.de\/fr\/#\/schema\/logo\/image\/\",\"url\":\"https:\/\/www.moree.de\/wp-content\/uploads\/2021\/05\/moree-logo.svg\",\"contentUrl\":\"https:\/\/www.moree.de\/wp-content\/uploads\/2021\/05\/moree-logo.svg\",\"width\":349,\"height\":62,\"caption\":\"Moree.de\"},\"image\":{\"@id\":\"https:\/\/www.moree.de\/fr\/#\/schema\/logo\/image\/\"}}]}<\/script>\n<!-- \/ Yoast SEO plugin. -->","yoast_head_json":{"title":"Set de table de bar DAVE pour la cuisine et le bureau","description":"Set de table de bar DAVE avec 2 tabourets statiques et une table haute, parfait pour la cuisine, le bureau, le bar et l'h\u00f4tel et aussi pour le stand d'exposition","robots":{"index":"index","follow":"follow","max-snippet":"max-snippet:-1","max-image-preview":"max-image-preview:large","max-video-preview":"max-video-preview:-1"},"canonical":"https:\/\/www.moree.de\/fr\/produit\/set-de-table-de-bar-ed-blanc-statique\/","og_locale":"fr_FR","og_type":"article","og_title":"Set de table de bar DAVE pour la cuisine et le bureau","og_description":"Set de table de bar DAVE avec 2 tabourets statiques et une table haute, parfait pour la cuisine, le bureau, le bar et l'h\u00f4tel et aussi pour le stand d'exposition","og_url":"https:\/\/www.moree.de\/fr\/produit\/set-de-table-de-bar-ed-blanc-statique\/","og_site_name":"Moree.de","article_modified_time":"2025-10-29T12:31:04+00:00","og_image":[{"width":1200,"height":1200,"url":"https:\/\/www.moree.de\/wp-content\/uploads\/2024\/10\/Bartisch-Set-Dave-Stehtisch-ED-Weiss-2x-Barhocker-DAVE-weiss-Sitzbezug-hellgrau-1-1.jpg","type":"image\/jpeg"}],"twitter_card":"summary_large_image","twitter_misc":{"Dur\u00e9e de lecture estim\u00e9e":"2 minutes"},"schema":{"@context":"https:\/\/schema.org","@graph":[{"@type":"WebPage","@id":"https:\/\/www.moree.de\/fr\/produit\/set-de-table-de-bar-ed-blanc-statique\/","url":"https:\/\/www.moree.de\/fr\/produit\/set-de-table-de-bar-ed-blanc-statique\/","name":"Set de table de bar DAVE pour la cuisine et le bureau","isPartOf":{"@id":"https:\/\/www.moree.de\/fr\/#website"},"primaryImageOfPage":{"@id":"https:\/\/www.moree.de\/fr\/produit\/set-de-table-de-bar-ed-blanc-statique\/#primaryimage"},"image":{"@id":"https:\/\/www.moree.de\/fr\/produit\/set-de-table-de-bar-ed-blanc-statique\/#primaryimage"},"thumbnailUrl":"https:\/\/www.moree.de\/wp-content\/uploads\/2024\/10\/Bartisch-Set-Dave-Stehtisch-ED-Weiss-2x-Barhocker-DAVE-weiss-Sitzbezug-hellgrau-1-1.jpg","datePublished":"2024-10-02T11:05:27+00:00","dateModified":"2025-10-29T12:31:04+00:00","description":"Set de table de bar DAVE avec 2 tabourets statiques et une table haute, parfait pour la cuisine, le bureau, le bar et l'h\u00f4tel et aussi pour le stand d'exposition","breadcrumb":{"@id":"https:\/\/www.moree.de\/fr\/produit\/set-de-table-de-bar-ed-blanc-statique\/#breadcrumb"},"inLanguage":"fr-FR","potentialAction":[{"@type":"ReadAction","target":["https:\/\/www.moree.de\/fr\/produit\/set-de-table-de-bar-ed-blanc-statique\/"]}]},{"@type":"ImageObject","inLanguage":"fr-FR","@id":"https:\/\/www.moree.de\/fr\/produit\/set-de-table-de-bar-ed-blanc-statique\/#primaryimage","url":"https:\/\/www.moree.de\/wp-content\/uploads\/2024\/10\/Bartisch-Set-Dave-Stehtisch-ED-Weiss-2x-Barhocker-DAVE-weiss-Sitzbezug-hellgrau-1-1.jpg","contentUrl":"https:\/\/www.moree.de\/wp-content\/uploads\/2024\/10\/Bartisch-Set-Dave-Stehtisch-ED-Weiss-2x-Barhocker-DAVE-weiss-Sitzbezug-hellgrau-1-1.jpg","width":1200,"height":1200,"caption":"Stetisch mit Hocker,"},{"@type":"BreadcrumbList","@id":"https:\/\/www.moree.de\/fr\/produit\/set-de-table-de-bar-ed-blanc-statique\/#breadcrumb","itemListElement":[{"@type":"ListItem","position":1,"name":"Home","item":"https:\/\/www.moree.de\/fr\/"},{"@type":"ListItem","position":2,"name":"Shop","item":"https:\/\/www.moree.de\/shop\/"},{"@type":"ListItem","position":3,"name":"Set de table de bar DAVE blanc (statique)"}]},{"@type":"WebSite","@id":"https:\/\/www.moree.de\/fr\/#website","url":"https:\/\/www.moree.de\/fr\/","name":"Moree.de","description":"Gastronomie M\u00f6bel, Lounge M\u00f6bel, Barhocker und LED M\u00f6bel","publisher":{"@id":"https:\/\/www.moree.de\/fr\/#organization"},"potentialAction":[{"@type":"SearchAction","target":{"@type":"EntryPoint","urlTemplate":"https:\/\/www.moree.de\/fr\/?s={search_term_string}"},"query-input":{"@type":"PropertyValueSpecification","valueRequired":true,"valueName":"search_term_string"}}],"inLanguage":"fr-FR"},{"@type":"Organization","@id":"https:\/\/www.moree.de\/fr\/#organization","name":"Moree.de","url":"https:\/\/www.moree.de\/fr\/","logo":{"@type":"ImageObject","inLanguage":"fr-FR","@id":"https:\/\/www.moree.de\/fr\/#\/schema\/logo\/image\/","url":"https:\/\/www.moree.de\/wp-content\/uploads\/2021\/05\/moree-logo.svg","contentUrl":"https:\/\/www.moree.de\/wp-content\/uploads\/2021\/05\/moree-logo.svg","width":349,"height":62,"caption":"Moree.de"},"image":{"@id":"https:\/\/www.moree.de\/fr\/#\/schema\/logo\/image\/"}}]}},"_links":{"self":[{"href":"https:\/\/www.moree.de\/fr\/wp-json\/wp\/v2\/product\/22473","targetHints":{"allow":["GET"]}}],"collection":[{"href":"https:\/\/www.moree.de\/fr\/wp-json\/wp\/v2\/product"}],"about":[{"href":"https:\/\/www.moree.de\/fr\/wp-json\/wp\/v2\/types\/product"}],"wp:featuredmedia":[{"embeddable":true,"href":"https:\/\/www.moree.de\/fr\/wp-json\/wp\/v2\/media\/22492"}],"wp:attachment":[{"href":"https:\/\/www.moree.de\/fr\/wp-json\/wp\/v2\/media?parent=22473"}],"wp:term":[{"taxonomy":"product_brand","embeddable":true,"href":"https:\/\/www.moree.de\/fr\/wp-json\/wp\/v2\/product_brand?post=22473"},{"taxonomy":"product_cat","embeddable":true,"href":"https:\/\/www.moree.de\/fr\/wp-json\/wp\/v2\/product_cat?post=22473"},{"taxonomy":"product_tag","embeddable":true,"href":"https:\/\/www.moree.de\/fr\/wp-json\/wp\/v2\/product_tag?post=22473"}],"curies":[{"name":"wp","href":"https:\/\/api.w.org\/{rel}","templated":true}]}}