{"id":22480,"date":"2020-10-03T16:11:00","date_gmt":"2024-10-03T14:11:00","guid":{"rendered":"https:\/\/www.moree.de\/?post_type=product&#038;p=22480"},"modified":"2025-10-29T13:34:50","modified_gmt":"2025-10-29T12:34:50","slug":"20-02-04-rgb-2-4-ghz-controller","status":"publish","type":"product","link":"https:\/\/www.moree.de\/fr\/produit\/20-02-04-rgb-2-4-ghz-controller\/","title":{"rendered":"20-02-04 RGB 2.4 GHz Controller"},"content":{"rendered":"<p><strong>20-02-04 Contr\u00f4leur RGB 2.4 GHz<\/strong> pour bandes LED<br \/>\npour les produits LED PRO, qui est contr\u00f4l\u00e9 par une t\u00e9l\u00e9commande sans fil (mod. 20-02-02). Veuillez commander la t\u00e9l\u00e9commande (mod. 20-02-02) s\u00e9par\u00e9ment, car elle n&rsquo;est pas comprise dans la livraison.<\/p>\n","protected":false},"excerpt":{"rendered":"<p><strong>20-02-04 Contr\u00f4leur RGB 2.4 GHz<\/strong> pour bandes LED pour les produits LED PRO, qui est contr\u00f4l\u00e9 par une t\u00e9l\u00e9commande sans fil (mod. 20-02-02). Veuillez commander la t\u00e9l\u00e9commande (mod. 20-02-02) s\u00e9par\u00e9ment, car elle n&rsquo;est pas comprise dans la livraison.<\/p>\n","protected":false},"featured_media":22484,"template":"","meta":{"_acf_changed":false},"product_brand":[],"product_cat":[513],"product_tag":[],"class_list":{"0":"post-22480","1":"product","2":"type-product","3":"status-publish","4":"has-post-thumbnail","6":"product_cat-accessoires-fr","8":"first","9":"instock","10":"taxable","11":"shipping-taxable","12":"purchasable","13":"product-type-simple"},"acf":[],"yoast_head":"<!-- This site is optimized with the Yoast SEO plugin v26.8 - https:\/\/yoast.com\/product\/yoast-seo-wordpress\/ -->\n<title>20-02-04 RGB 2.4 GHz Controller - Moree.de<\/title>\n<meta name=\"robots\" content=\"index, follow, max-snippet:-1, max-image-preview:large, max-video-preview:-1\" \/>\n<link rel=\"canonical\" href=\"https:\/\/www.moree.de\/fr\/produit\/20-02-04-rgb-2-4-ghz-controller\/\" \/>\n<meta property=\"og:locale\" content=\"fr_FR\" \/>\n<meta property=\"og:type\" content=\"article\" \/>\n<meta property=\"og:title\" content=\"20-02-04 RGB 2.4 GHz Controller - Moree.de\" \/>\n<meta property=\"og:description\" content=\"20-02-04 Contr\u00f4leur RGB 2.4 GHz pour bandes LED pour les produits LED PRO, qui est contr\u00f4l\u00e9 par une t\u00e9l\u00e9commande sans fil (mod. 20-02-02). Veuillez commander la t\u00e9l\u00e9commande (mod. 20-02-02) s\u00e9par\u00e9ment, car elle n&#039;est pas comprise dans la livraison.\" \/>\n<meta property=\"og:url\" content=\"https:\/\/www.moree.de\/fr\/produit\/20-02-04-rgb-2-4-ghz-controller\/\" \/>\n<meta property=\"og:site_name\" content=\"Moree.de\" \/>\n<meta property=\"article:modified_time\" content=\"2025-10-29T12:34:50+00:00\" \/>\n<meta property=\"og:image\" content=\"https:\/\/www.moree.de\/wp-content\/uploads\/2024\/10\/Mod-20-02-04-RGB-2.4-GHz-Controller.jpg\" \/>\n\t<meta property=\"og:image:width\" content=\"800\" \/>\n\t<meta property=\"og:image:height\" content=\"800\" \/>\n\t<meta property=\"og:image:type\" content=\"image\/jpeg\" \/>\n<meta name=\"twitter:card\" content=\"summary_large_image\" \/>\n<meta name=\"twitter:label1\" content=\"Dur\u00e9e de lecture estim\u00e9e\" \/>\n\t<meta name=\"twitter:data1\" content=\"1 minute\" \/>\n<script type=\"application\/ld+json\" class=\"yoast-schema-graph\">{\"@context\":\"https:\/\/schema.org\",\"@graph\":[{\"@type\":\"WebPage\",\"@id\":\"https:\/\/www.moree.de\/fr\/produit\/20-02-04-rgb-2-4-ghz-controller\/\",\"url\":\"https:\/\/www.moree.de\/fr\/produit\/20-02-04-rgb-2-4-ghz-controller\/\",\"name\":\"20-02-04 RGB 2.4 GHz Controller - Moree.de\",\"isPartOf\":{\"@id\":\"https:\/\/www.moree.de\/fr\/#website\"},\"primaryImageOfPage\":{\"@id\":\"https:\/\/www.moree.de\/fr\/produit\/20-02-04-rgb-2-4-ghz-controller\/#primaryimage\"},\"image\":{\"@id\":\"https:\/\/www.moree.de\/fr\/produit\/20-02-04-rgb-2-4-ghz-controller\/#primaryimage\"},\"thumbnailUrl\":\"https:\/\/www.moree.de\/wp-content\/uploads\/2024\/10\/Mod-20-02-04-RGB-2.4-GHz-Controller.jpg\",\"datePublished\":\"2024-10-03T14:11:00+00:00\",\"dateModified\":\"2025-10-29T12:34:50+00:00\",\"breadcrumb\":{\"@id\":\"https:\/\/www.moree.de\/fr\/produit\/20-02-04-rgb-2-4-ghz-controller\/#breadcrumb\"},\"inLanguage\":\"fr-FR\",\"potentialAction\":[{\"@type\":\"ReadAction\",\"target\":[\"https:\/\/www.moree.de\/fr\/produit\/20-02-04-rgb-2-4-ghz-controller\/\"]}]},{\"@type\":\"ImageObject\",\"inLanguage\":\"fr-FR\",\"@id\":\"https:\/\/www.moree.de\/fr\/produit\/20-02-04-rgb-2-4-ghz-controller\/#primaryimage\",\"url\":\"https:\/\/www.moree.de\/wp-content\/uploads\/2024\/10\/Mod-20-02-04-RGB-2.4-GHz-Controller.jpg\",\"contentUrl\":\"https:\/\/www.moree.de\/wp-content\/uploads\/2024\/10\/Mod-20-02-04-RGB-2.4-GHz-Controller.jpg\",\"width\":800,\"height\":800},{\"@type\":\"BreadcrumbList\",\"@id\":\"https:\/\/www.moree.de\/fr\/produit\/20-02-04-rgb-2-4-ghz-controller\/#breadcrumb\",\"itemListElement\":[{\"@type\":\"ListItem\",\"position\":1,\"name\":\"Home\",\"item\":\"https:\/\/www.moree.de\/fr\/\"},{\"@type\":\"ListItem\",\"position\":2,\"name\":\"Shop\",\"item\":\"https:\/\/www.moree.de\/shop\/\"},{\"@type\":\"ListItem\",\"position\":3,\"name\":\"20-02-04 RGB 2.4 GHz Controller\"}]},{\"@type\":\"WebSite\",\"@id\":\"https:\/\/www.moree.de\/fr\/#website\",\"url\":\"https:\/\/www.moree.de\/fr\/\",\"name\":\"Moree.de\",\"description\":\"Gastronomie M\u00f6bel, Lounge M\u00f6bel, Barhocker und LED M\u00f6bel\",\"publisher\":{\"@id\":\"https:\/\/www.moree.de\/fr\/#organization\"},\"potentialAction\":[{\"@type\":\"SearchAction\",\"target\":{\"@type\":\"EntryPoint\",\"urlTemplate\":\"https:\/\/www.moree.de\/fr\/?s={search_term_string}\"},\"query-input\":{\"@type\":\"PropertyValueSpecification\",\"valueRequired\":true,\"valueName\":\"search_term_string\"}}],\"inLanguage\":\"fr-FR\"},{\"@type\":\"Organization\",\"@id\":\"https:\/\/www.moree.de\/fr\/#organization\",\"name\":\"Moree.de\",\"url\":\"https:\/\/www.moree.de\/fr\/\",\"logo\":{\"@type\":\"ImageObject\",\"inLanguage\":\"fr-FR\",\"@id\":\"https:\/\/www.moree.de\/fr\/#\/schema\/logo\/image\/\",\"url\":\"https:\/\/www.moree.de\/wp-content\/uploads\/2021\/05\/moree-logo.svg\",\"contentUrl\":\"https:\/\/www.moree.de\/wp-content\/uploads\/2021\/05\/moree-logo.svg\",\"width\":349,\"height\":62,\"caption\":\"Moree.de\"},\"image\":{\"@id\":\"https:\/\/www.moree.de\/fr\/#\/schema\/logo\/image\/\"}}]}<\/script>\n<!-- \/ Yoast SEO plugin. -->","yoast_head_json":{"title":"20-02-04 RGB 2.4 GHz Controller - Moree.de","robots":{"index":"index","follow":"follow","max-snippet":"max-snippet:-1","max-image-preview":"max-image-preview:large","max-video-preview":"max-video-preview:-1"},"canonical":"https:\/\/www.moree.de\/fr\/produit\/20-02-04-rgb-2-4-ghz-controller\/","og_locale":"fr_FR","og_type":"article","og_title":"20-02-04 RGB 2.4 GHz Controller - Moree.de","og_description":"20-02-04 Contr\u00f4leur RGB 2.4 GHz pour bandes LED pour les produits LED PRO, qui est contr\u00f4l\u00e9 par une t\u00e9l\u00e9commande sans fil (mod. 20-02-02). Veuillez commander la t\u00e9l\u00e9commande (mod. 20-02-02) s\u00e9par\u00e9ment, car elle n'est pas comprise dans la livraison.","og_url":"https:\/\/www.moree.de\/fr\/produit\/20-02-04-rgb-2-4-ghz-controller\/","og_site_name":"Moree.de","article_modified_time":"2025-10-29T12:34:50+00:00","og_image":[{"width":800,"height":800,"url":"https:\/\/www.moree.de\/wp-content\/uploads\/2024\/10\/Mod-20-02-04-RGB-2.4-GHz-Controller.jpg","type":"image\/jpeg"}],"twitter_card":"summary_large_image","twitter_misc":{"Dur\u00e9e de lecture estim\u00e9e":"1 minute"},"schema":{"@context":"https:\/\/schema.org","@graph":[{"@type":"WebPage","@id":"https:\/\/www.moree.de\/fr\/produit\/20-02-04-rgb-2-4-ghz-controller\/","url":"https:\/\/www.moree.de\/fr\/produit\/20-02-04-rgb-2-4-ghz-controller\/","name":"20-02-04 RGB 2.4 GHz Controller - Moree.de","isPartOf":{"@id":"https:\/\/www.moree.de\/fr\/#website"},"primaryImageOfPage":{"@id":"https:\/\/www.moree.de\/fr\/produit\/20-02-04-rgb-2-4-ghz-controller\/#primaryimage"},"image":{"@id":"https:\/\/www.moree.de\/fr\/produit\/20-02-04-rgb-2-4-ghz-controller\/#primaryimage"},"thumbnailUrl":"https:\/\/www.moree.de\/wp-content\/uploads\/2024\/10\/Mod-20-02-04-RGB-2.4-GHz-Controller.jpg","datePublished":"2024-10-03T14:11:00+00:00","dateModified":"2025-10-29T12:34:50+00:00","breadcrumb":{"@id":"https:\/\/www.moree.de\/fr\/produit\/20-02-04-rgb-2-4-ghz-controller\/#breadcrumb"},"inLanguage":"fr-FR","potentialAction":[{"@type":"ReadAction","target":["https:\/\/www.moree.de\/fr\/produit\/20-02-04-rgb-2-4-ghz-controller\/"]}]},{"@type":"ImageObject","inLanguage":"fr-FR","@id":"https:\/\/www.moree.de\/fr\/produit\/20-02-04-rgb-2-4-ghz-controller\/#primaryimage","url":"https:\/\/www.moree.de\/wp-content\/uploads\/2024\/10\/Mod-20-02-04-RGB-2.4-GHz-Controller.jpg","contentUrl":"https:\/\/www.moree.de\/wp-content\/uploads\/2024\/10\/Mod-20-02-04-RGB-2.4-GHz-Controller.jpg","width":800,"height":800},{"@type":"BreadcrumbList","@id":"https:\/\/www.moree.de\/fr\/produit\/20-02-04-rgb-2-4-ghz-controller\/#breadcrumb","itemListElement":[{"@type":"ListItem","position":1,"name":"Home","item":"https:\/\/www.moree.de\/fr\/"},{"@type":"ListItem","position":2,"name":"Shop","item":"https:\/\/www.moree.de\/shop\/"},{"@type":"ListItem","position":3,"name":"20-02-04 RGB 2.4 GHz Controller"}]},{"@type":"WebSite","@id":"https:\/\/www.moree.de\/fr\/#website","url":"https:\/\/www.moree.de\/fr\/","name":"Moree.de","description":"Gastronomie M\u00f6bel, Lounge M\u00f6bel, Barhocker und LED M\u00f6bel","publisher":{"@id":"https:\/\/www.moree.de\/fr\/#organization"},"potentialAction":[{"@type":"SearchAction","target":{"@type":"EntryPoint","urlTemplate":"https:\/\/www.moree.de\/fr\/?s={search_term_string}"},"query-input":{"@type":"PropertyValueSpecification","valueRequired":true,"valueName":"search_term_string"}}],"inLanguage":"fr-FR"},{"@type":"Organization","@id":"https:\/\/www.moree.de\/fr\/#organization","name":"Moree.de","url":"https:\/\/www.moree.de\/fr\/","logo":{"@type":"ImageObject","inLanguage":"fr-FR","@id":"https:\/\/www.moree.de\/fr\/#\/schema\/logo\/image\/","url":"https:\/\/www.moree.de\/wp-content\/uploads\/2021\/05\/moree-logo.svg","contentUrl":"https:\/\/www.moree.de\/wp-content\/uploads\/2021\/05\/moree-logo.svg","width":349,"height":62,"caption":"Moree.de"},"image":{"@id":"https:\/\/www.moree.de\/fr\/#\/schema\/logo\/image\/"}}]}},"_links":{"self":[{"href":"https:\/\/www.moree.de\/fr\/wp-json\/wp\/v2\/product\/22480","targetHints":{"allow":["GET"]}}],"collection":[{"href":"https:\/\/www.moree.de\/fr\/wp-json\/wp\/v2\/product"}],"about":[{"href":"https:\/\/www.moree.de\/fr\/wp-json\/wp\/v2\/types\/product"}],"wp:featuredmedia":[{"embeddable":true,"href":"https:\/\/www.moree.de\/fr\/wp-json\/wp\/v2\/media\/22484"}],"wp:attachment":[{"href":"https:\/\/www.moree.de\/fr\/wp-json\/wp\/v2\/media?parent=22480"}],"wp:term":[{"taxonomy":"product_brand","embeddable":true,"href":"https:\/\/www.moree.de\/fr\/wp-json\/wp\/v2\/product_brand?post=22480"},{"taxonomy":"product_cat","embeddable":true,"href":"https:\/\/www.moree.de\/fr\/wp-json\/wp\/v2\/product_cat?post=22480"},{"taxonomy":"product_tag","embeddable":true,"href":"https:\/\/www.moree.de\/fr\/wp-json\/wp\/v2\/product_tag?post=22480"}],"curies":[{"name":"wp","href":"https:\/\/api.w.org\/{rel}","templated":true}]}}