{"id":24282,"date":"2025-04-01T15:59:48","date_gmt":"2025-04-01T13:59:51","guid":{"rendered":"https:\/\/www.moree.de\/?post_type=product&#038;p=24282"},"modified":"2025-10-29T13:30:59","modified_gmt":"2025-10-29T12:30:59","slug":"swap-150-design-lampes-de-sol-exposition-piece-reduite","status":"publish","type":"product","link":"https:\/\/www.moree.de\/fr\/produit\/swap-150-design-lampes-de-sol-exposition-piece-reduite\/","title":{"rendered":"SWAP 150 (%%)"},"content":{"rendered":"<p>SWAP est un luminaire blanc puriste qui peut \u00eatre utilis\u00e9 \u00e0 l&rsquo;ext\u00e9rieur, dans le jardin, sur la terrasse ou le balcon, ainsi qu&rsquo;\u00e0 l&rsquo;int\u00e9rieur. Si vous aimez un peu plus de couleurs, vous pouvez mettre des accents diff\u00e9rents gr\u00e2ce aux caches design interchangeables, qui se posent exactement sur l&rsquo;abat-jour en plastique blanc translucide. Les housses sont disponibles dans des motifs color\u00e9s tr\u00e8s tendance, mais aussi dans une version classique en tissu plastique gris, qui s&rsquo;int\u00e8gre parfaitement \u00e0 tout coin salon. Les housses sont disponibles dans des rayures bleues et blanches, un motif \u00e0 chevrons, un motif avec des feuilles de monstres vertes, des \u00e9toiles argent\u00e9es et un motif quadrilob\u00e9.<\/p>\n<p>Le luminaire a une hauteur de 72 cm et dispose d&rsquo;un c\u00e2ble ext\u00e9rieur. Gr\u00e2ce \u00e0 sa longueur de 3 m, il offre \u00e9galement une grande flexibilit\u00e9 sur la terrasse ou dans le jardin. L&rsquo;abat-jour est en plastique translucide r\u00e9sistant aux UV, le cadre du lampadaire d&rsquo;ext\u00e9rieur est recouvert d&rsquo;un rev\u00eatement ext\u00e9rieur en blanc mat.<\/p>\n<p>D&rsquo;autres abat-jour pour le lampadaire SWAP peuvent \u00eatre command\u00e9s sous la rubrique accessoires.<\/p>\n<p>La terrasse, le jardin ou le balcon deviennent un second salon en \u00e9t\u00e9 et la vie se d\u00e9roule \u00e0 l&rsquo;ext\u00e9rieur. Enfin, l&rsquo;espace ext\u00e9rieur peut \u00eatre utilis\u00e9 correctement et tous les achats de meubles de jardin, de d\u00e9corations et d&rsquo;\u00e9clairages nous r\u00e9jouissent pour les prochains mois. Au mieux, nous profitons des f\u00eates, des c\u00e9l\u00e9brations familiales, des barbecues, des garden-parties et de la fin du travail lors de longues et chaudes soir\u00e9es d&rsquo;\u00e9t\u00e9 sur la terrasse, le jardin ou le balcon. Si vous voulez y passer d&rsquo;innombrables jours d&rsquo;\u00e9t\u00e9, vous voulez vous y sentir aussi bien que dans votre salon \u00e0 la maison. Le lampadaire de jardin SWAP \u00e9voque une lumi\u00e8re accueillante et d\u00e9corative.<\/p>\n","protected":false},"excerpt":{"rendered":"<p>Luminaire d\u00e9coratif pour le jardin avec abats-jours amovibles. <span style=\"color: #800000;\"><strong>%%<\/strong><\/span>\u00a0Les produits propos\u00e9s ici sont comme neufs (pi\u00e8ces d\u2019exposition) et techniquement parfaits.<\/p>\n","protected":false},"featured_media":8423,"template":"","meta":{"_acf_changed":false},"product_brand":[],"product_cat":[814],"product_tag":[],"class_list":{"0":"post-24282","1":"product","2":"type-product","3":"status-publish","4":"has-post-thumbnail","6":"product_cat-vente-lampes-offres-soldes-produits-reduits-promotion-black-friday","8":"first","9":"instock","10":"sale","11":"taxable","12":"shipping-taxable","13":"purchasable","14":"product-type-variable"},"acf":[],"yoast_head":"<!-- This site is optimized with the Yoast SEO plugin v26.8 - https:\/\/yoast.com\/product\/yoast-seo-wordpress\/ -->\n<title>SWAP 150 (%%) - Moree.de<\/title>\n<meta name=\"robots\" content=\"index, follow, max-snippet:-1, max-image-preview:large, max-video-preview:-1\" \/>\n<link rel=\"canonical\" href=\"https:\/\/www.moree.de\/fr\/produit\/swap-150-design-lampes-de-sol-exposition-piece-reduite\/\" \/>\n<meta property=\"og:locale\" content=\"fr_FR\" \/>\n<meta property=\"og:type\" content=\"article\" \/>\n<meta property=\"og:title\" content=\"SWAP 150 (%%) - Moree.de\" \/>\n<meta property=\"og:description\" content=\"Luminaire d\u00e9coratif pour le jardin avec abats-jours amovibles. %%\u00a0Les produits propos\u00e9s ici sont comme neufs (pi\u00e8ces d\u2019exposition) et techniquement parfaits.\" \/>\n<meta property=\"og:url\" content=\"https:\/\/www.moree.de\/fr\/produit\/swap-150-design-lampes-de-sol-exposition-piece-reduite\/\" \/>\n<meta property=\"og:site_name\" content=\"Moree.de\" \/>\n<meta property=\"article:modified_time\" content=\"2025-10-29T12:30:59+00:00\" \/>\n<meta property=\"og:image\" content=\"https:\/\/www.moree.de\/wp-content\/uploads\/2021\/09\/SWAP150-stehleuchte-mit-wechselbaren-design-covern.jpg\" \/>\n\t<meta property=\"og:image:width\" content=\"732\" \/>\n\t<meta property=\"og:image:height\" content=\"731\" \/>\n\t<meta property=\"og:image:type\" content=\"image\/jpeg\" \/>\n<meta name=\"twitter:card\" content=\"summary_large_image\" \/>\n<meta name=\"twitter:label1\" content=\"Dur\u00e9e de lecture estim\u00e9e\" \/>\n\t<meta name=\"twitter:data1\" content=\"2 minutes\" \/>\n<script type=\"application\/ld+json\" class=\"yoast-schema-graph\">{\"@context\":\"https:\/\/schema.org\",\"@graph\":[{\"@type\":\"WebPage\",\"@id\":\"https:\/\/www.moree.de\/fr\/produit\/swap-150-design-lampes-de-sol-exposition-piece-reduite\/\",\"url\":\"https:\/\/www.moree.de\/fr\/produit\/swap-150-design-lampes-de-sol-exposition-piece-reduite\/\",\"name\":\"SWAP 150 (%%) - Moree.de\",\"isPartOf\":{\"@id\":\"https:\/\/www.moree.de\/fr\/#website\"},\"primaryImageOfPage\":{\"@id\":\"https:\/\/www.moree.de\/fr\/produit\/swap-150-design-lampes-de-sol-exposition-piece-reduite\/#primaryimage\"},\"image\":{\"@id\":\"https:\/\/www.moree.de\/fr\/produit\/swap-150-design-lampes-de-sol-exposition-piece-reduite\/#primaryimage\"},\"thumbnailUrl\":\"https:\/\/www.moree.de\/wp-content\/uploads\/2021\/09\/SWAP150-stehleuchte-mit-wechselbaren-design-covern.jpg\",\"datePublished\":\"2025-04-01T13:59:51+00:00\",\"dateModified\":\"2025-10-29T12:30:59+00:00\",\"breadcrumb\":{\"@id\":\"https:\/\/www.moree.de\/fr\/produit\/swap-150-design-lampes-de-sol-exposition-piece-reduite\/#breadcrumb\"},\"inLanguage\":\"fr-FR\",\"potentialAction\":[{\"@type\":\"ReadAction\",\"target\":[\"https:\/\/www.moree.de\/fr\/produit\/swap-150-design-lampes-de-sol-exposition-piece-reduite\/\"]}]},{\"@type\":\"ImageObject\",\"inLanguage\":\"fr-FR\",\"@id\":\"https:\/\/www.moree.de\/fr\/produit\/swap-150-design-lampes-de-sol-exposition-piece-reduite\/#primaryimage\",\"url\":\"https:\/\/www.moree.de\/wp-content\/uploads\/2021\/09\/SWAP150-stehleuchte-mit-wechselbaren-design-covern.jpg\",\"contentUrl\":\"https:\/\/www.moree.de\/wp-content\/uploads\/2021\/09\/SWAP150-stehleuchte-mit-wechselbaren-design-covern.jpg\",\"width\":732,\"height\":731},{\"@type\":\"BreadcrumbList\",\"@id\":\"https:\/\/www.moree.de\/fr\/produit\/swap-150-design-lampes-de-sol-exposition-piece-reduite\/#breadcrumb\",\"itemListElement\":[{\"@type\":\"ListItem\",\"position\":1,\"name\":\"Home\",\"item\":\"https:\/\/www.moree.de\/fr\/\"},{\"@type\":\"ListItem\",\"position\":2,\"name\":\"Shop\",\"item\":\"https:\/\/www.moree.de\/shop\/\"},{\"@type\":\"ListItem\",\"position\":3,\"name\":\"SWAP 150 (%%)\"}]},{\"@type\":\"WebSite\",\"@id\":\"https:\/\/www.moree.de\/fr\/#website\",\"url\":\"https:\/\/www.moree.de\/fr\/\",\"name\":\"Moree.de\",\"description\":\"Gastronomie M\u00f6bel, Lounge M\u00f6bel, Barhocker und LED M\u00f6bel\",\"publisher\":{\"@id\":\"https:\/\/www.moree.de\/fr\/#organization\"},\"potentialAction\":[{\"@type\":\"SearchAction\",\"target\":{\"@type\":\"EntryPoint\",\"urlTemplate\":\"https:\/\/www.moree.de\/fr\/?s={search_term_string}\"},\"query-input\":{\"@type\":\"PropertyValueSpecification\",\"valueRequired\":true,\"valueName\":\"search_term_string\"}}],\"inLanguage\":\"fr-FR\"},{\"@type\":\"Organization\",\"@id\":\"https:\/\/www.moree.de\/fr\/#organization\",\"name\":\"Moree.de\",\"url\":\"https:\/\/www.moree.de\/fr\/\",\"logo\":{\"@type\":\"ImageObject\",\"inLanguage\":\"fr-FR\",\"@id\":\"https:\/\/www.moree.de\/fr\/#\/schema\/logo\/image\/\",\"url\":\"https:\/\/www.moree.de\/wp-content\/uploads\/2021\/05\/moree-logo.svg\",\"contentUrl\":\"https:\/\/www.moree.de\/wp-content\/uploads\/2021\/05\/moree-logo.svg\",\"width\":349,\"height\":62,\"caption\":\"Moree.de\"},\"image\":{\"@id\":\"https:\/\/www.moree.de\/fr\/#\/schema\/logo\/image\/\"}}]}<\/script>\n<!-- \/ Yoast SEO plugin. -->","yoast_head_json":{"title":"SWAP 150 (%%) - Moree.de","robots":{"index":"index","follow":"follow","max-snippet":"max-snippet:-1","max-image-preview":"max-image-preview:large","max-video-preview":"max-video-preview:-1"},"canonical":"https:\/\/www.moree.de\/fr\/produit\/swap-150-design-lampes-de-sol-exposition-piece-reduite\/","og_locale":"fr_FR","og_type":"article","og_title":"SWAP 150 (%%) - Moree.de","og_description":"Luminaire d\u00e9coratif pour le jardin avec abats-jours amovibles. %%\u00a0Les produits propos\u00e9s ici sont comme neufs (pi\u00e8ces d\u2019exposition) et techniquement parfaits.","og_url":"https:\/\/www.moree.de\/fr\/produit\/swap-150-design-lampes-de-sol-exposition-piece-reduite\/","og_site_name":"Moree.de","article_modified_time":"2025-10-29T12:30:59+00:00","og_image":[{"width":732,"height":731,"url":"https:\/\/www.moree.de\/wp-content\/uploads\/2021\/09\/SWAP150-stehleuchte-mit-wechselbaren-design-covern.jpg","type":"image\/jpeg"}],"twitter_card":"summary_large_image","twitter_misc":{"Dur\u00e9e de lecture estim\u00e9e":"2 minutes"},"schema":{"@context":"https:\/\/schema.org","@graph":[{"@type":"WebPage","@id":"https:\/\/www.moree.de\/fr\/produit\/swap-150-design-lampes-de-sol-exposition-piece-reduite\/","url":"https:\/\/www.moree.de\/fr\/produit\/swap-150-design-lampes-de-sol-exposition-piece-reduite\/","name":"SWAP 150 (%%) - Moree.de","isPartOf":{"@id":"https:\/\/www.moree.de\/fr\/#website"},"primaryImageOfPage":{"@id":"https:\/\/www.moree.de\/fr\/produit\/swap-150-design-lampes-de-sol-exposition-piece-reduite\/#primaryimage"},"image":{"@id":"https:\/\/www.moree.de\/fr\/produit\/swap-150-design-lampes-de-sol-exposition-piece-reduite\/#primaryimage"},"thumbnailUrl":"https:\/\/www.moree.de\/wp-content\/uploads\/2021\/09\/SWAP150-stehleuchte-mit-wechselbaren-design-covern.jpg","datePublished":"2025-04-01T13:59:51+00:00","dateModified":"2025-10-29T12:30:59+00:00","breadcrumb":{"@id":"https:\/\/www.moree.de\/fr\/produit\/swap-150-design-lampes-de-sol-exposition-piece-reduite\/#breadcrumb"},"inLanguage":"fr-FR","potentialAction":[{"@type":"ReadAction","target":["https:\/\/www.moree.de\/fr\/produit\/swap-150-design-lampes-de-sol-exposition-piece-reduite\/"]}]},{"@type":"ImageObject","inLanguage":"fr-FR","@id":"https:\/\/www.moree.de\/fr\/produit\/swap-150-design-lampes-de-sol-exposition-piece-reduite\/#primaryimage","url":"https:\/\/www.moree.de\/wp-content\/uploads\/2021\/09\/SWAP150-stehleuchte-mit-wechselbaren-design-covern.jpg","contentUrl":"https:\/\/www.moree.de\/wp-content\/uploads\/2021\/09\/SWAP150-stehleuchte-mit-wechselbaren-design-covern.jpg","width":732,"height":731},{"@type":"BreadcrumbList","@id":"https:\/\/www.moree.de\/fr\/produit\/swap-150-design-lampes-de-sol-exposition-piece-reduite\/#breadcrumb","itemListElement":[{"@type":"ListItem","position":1,"name":"Home","item":"https:\/\/www.moree.de\/fr\/"},{"@type":"ListItem","position":2,"name":"Shop","item":"https:\/\/www.moree.de\/shop\/"},{"@type":"ListItem","position":3,"name":"SWAP 150 (%%)"}]},{"@type":"WebSite","@id":"https:\/\/www.moree.de\/fr\/#website","url":"https:\/\/www.moree.de\/fr\/","name":"Moree.de","description":"Gastronomie M\u00f6bel, Lounge M\u00f6bel, Barhocker und LED M\u00f6bel","publisher":{"@id":"https:\/\/www.moree.de\/fr\/#organization"},"potentialAction":[{"@type":"SearchAction","target":{"@type":"EntryPoint","urlTemplate":"https:\/\/www.moree.de\/fr\/?s={search_term_string}"},"query-input":{"@type":"PropertyValueSpecification","valueRequired":true,"valueName":"search_term_string"}}],"inLanguage":"fr-FR"},{"@type":"Organization","@id":"https:\/\/www.moree.de\/fr\/#organization","name":"Moree.de","url":"https:\/\/www.moree.de\/fr\/","logo":{"@type":"ImageObject","inLanguage":"fr-FR","@id":"https:\/\/www.moree.de\/fr\/#\/schema\/logo\/image\/","url":"https:\/\/www.moree.de\/wp-content\/uploads\/2021\/05\/moree-logo.svg","contentUrl":"https:\/\/www.moree.de\/wp-content\/uploads\/2021\/05\/moree-logo.svg","width":349,"height":62,"caption":"Moree.de"},"image":{"@id":"https:\/\/www.moree.de\/fr\/#\/schema\/logo\/image\/"}}]}},"_links":{"self":[{"href":"https:\/\/www.moree.de\/fr\/wp-json\/wp\/v2\/product\/24282","targetHints":{"allow":["GET"]}}],"collection":[{"href":"https:\/\/www.moree.de\/fr\/wp-json\/wp\/v2\/product"}],"about":[{"href":"https:\/\/www.moree.de\/fr\/wp-json\/wp\/v2\/types\/product"}],"wp:featuredmedia":[{"embeddable":true,"href":"https:\/\/www.moree.de\/fr\/wp-json\/wp\/v2\/media\/8423"}],"wp:attachment":[{"href":"https:\/\/www.moree.de\/fr\/wp-json\/wp\/v2\/media?parent=24282"}],"wp:term":[{"taxonomy":"product_brand","embeddable":true,"href":"https:\/\/www.moree.de\/fr\/wp-json\/wp\/v2\/product_brand?post=24282"},{"taxonomy":"product_cat","embeddable":true,"href":"https:\/\/www.moree.de\/fr\/wp-json\/wp\/v2\/product_cat?post=24282"},{"taxonomy":"product_tag","embeddable":true,"href":"https:\/\/www.moree.de\/fr\/wp-json\/wp\/v2\/product_tag?post=24282"}],"curies":[{"name":"wp","href":"https:\/\/api.w.org\/{rel}","templated":true}]}}