{"id":24455,"date":"2025-07-02T10:58:15","date_gmt":"2025-07-02T08:58:16","guid":{"rendered":"https:\/\/www.moree.de\/?post_type=product&#038;p=24455"},"modified":"2025-10-29T13:30:56","modified_gmt":"2025-10-29T12:30:56","slug":"lounge-kopie-2","status":"publish","type":"product","link":"https:\/\/www.moree.de\/fr\/produit\/lounge-kopie-2\/","title":{"rendered":"Lounge (Pi\u00e8ce d\u2019exposition)"},"content":{"rendered":"<p><strong>Table Lounge &#8211; lumi\u00e8re et forme en parfaite harmonie !<\/strong><\/p>\n<p>Que ce soit dans l&rsquo;espace de vie ou dans le jardin, comme table de r\u00e9union exceptionnelle ou dans la gastronomie, les diff\u00e9rentes versions de Lounge offrent des possibilit\u00e9s illimit\u00e9es.<br \/>\nL&rsquo;utilisation d&rsquo;ampoules color\u00e9es (RGB CCT Multicolor avec blanc chaud et blanc froid) contr\u00f4lables par t\u00e9l\u00e9commande transforme Lounge en un objet lumineux individuel selon vos id\u00e9es. Le c\u00e2ble est rang\u00e9 de mani\u00e8re invisible et sa longueur est r\u00e9glable de mani\u00e8re flexible &#8211; une version \u00e0 batterie sans fil est \u00e9galement disponible.<\/p>\n<p>Lounge est une table design \u00e9l\u00e9gante et, \u00e0 la tomb\u00e9e de la nuit, elle conf\u00e8re une atmosph\u00e8re agr\u00e9able non seulement \u00e0 la terrasse ou au jardin.<\/p>\n","protected":false},"excerpt":{"rendered":"<p><strong>Table Lounge &#8211; lumi\u00e8re et forme en parfaite harmonie !<\/strong><\/p>\n<p>Que ce soit dans l&rsquo;espace de vie ou dans le jardin, comme table de r\u00e9union exceptionnelle ou dans la gastronomie, les diff\u00e9rentes versions de Lounge offrent des possibilit\u00e9s illimit\u00e9es.<br \/>\nL&rsquo;utilisation d&rsquo;ampoules color\u00e9es (RGB CCT Multicolor avec blanc chaud et blanc froid) contr\u00f4lables par t\u00e9l\u00e9commande transforme Lounge en un objet lumineux individuel selon vos id\u00e9es. Le c\u00e2ble est rang\u00e9 de mani\u00e8re invisible et sa longueur est r\u00e9glable de mani\u00e8re flexible &#8211; une version \u00e0 batterie sans fil est \u00e9galement disponible.<\/p>\n<p>Lounge est une table design \u00e9l\u00e9gante et, \u00e0 la tomb\u00e9e de la nuit, elle conf\u00e8re une atmosph\u00e8re agr\u00e9able non seulement \u00e0 la terrasse ou au jardin.<\/p>\n","protected":false},"featured_media":4836,"template":"","meta":{"_acf_changed":false},"product_brand":[],"product_cat":[814,512],"product_tag":[],"class_list":{"0":"post-24455","1":"product","2":"type-product","3":"status-publish","4":"has-post-thumbnail","6":"product_cat-vente-lampes-offres-soldes-produits-reduits-promotion-black-friday","7":"product_cat-offres-actuelles","9":"first","10":"instock","11":"sale","12":"taxable","13":"shipping-taxable","14":"purchasable","15":"product-type-variable"},"acf":[],"yoast_head":"<!-- This site is optimized with the Yoast SEO plugin v26.8 - https:\/\/yoast.com\/product\/yoast-seo-wordpress\/ -->\n<title>Lounge (Pi\u00e8ce d\u2019exposition) - Moree.de<\/title>\n<meta name=\"robots\" content=\"index, follow, max-snippet:-1, max-image-preview:large, max-video-preview:-1\" \/>\n<link rel=\"canonical\" href=\"https:\/\/www.moree.de\/fr\/produit\/lounge-kopie-2\/\" \/>\n<meta property=\"og:locale\" content=\"fr_FR\" \/>\n<meta property=\"og:type\" content=\"article\" \/>\n<meta property=\"og:title\" content=\"Lounge (Pi\u00e8ce d\u2019exposition) - Moree.de\" \/>\n<meta property=\"og:description\" content=\"Table Lounge - lumi\u00e8re et forme en parfaite harmonie !  Que ce soit dans l&#039;espace de vie ou dans le jardin, comme table de r\u00e9union exceptionnelle ou dans la gastronomie, les diff\u00e9rentes versions de Lounge offrent des possibilit\u00e9s illimit\u00e9es. L&#039;utilisation d&#039;ampoules color\u00e9es (RGB CCT Multicolor avec blanc chaud et blanc froid) contr\u00f4lables par t\u00e9l\u00e9commande transforme Lounge en un objet lumineux individuel selon vos id\u00e9es. Le c\u00e2ble est rang\u00e9 de mani\u00e8re invisible et sa longueur est r\u00e9glable de mani\u00e8re flexible - une version \u00e0 batterie sans fil est \u00e9galement disponible.  Lounge est une table design \u00e9l\u00e9gante et, \u00e0 la tomb\u00e9e de la nuit, elle conf\u00e8re une atmosph\u00e8re agr\u00e9able non seulement \u00e0 la terrasse ou au jardin.\" \/>\n<meta property=\"og:url\" content=\"https:\/\/www.moree.de\/fr\/produit\/lounge-kopie-2\/\" \/>\n<meta property=\"og:site_name\" content=\"Moree.de\" \/>\n<meta property=\"article:modified_time\" content=\"2025-10-29T12:30:56+00:00\" \/>\n<meta property=\"og:image\" content=\"https:\/\/www.moree.de\/wp-content\/uploads\/2021\/06\/Moree-Lounge-Indoor-Beistelltisch-Licht-kaufen-beleuchtet-runder-Tisch-Lichtobjekt-Zuhause.jpg\" \/>\n\t<meta property=\"og:image:width\" content=\"1200\" \/>\n\t<meta property=\"og:image:height\" content=\"850\" \/>\n\t<meta property=\"og:image:type\" content=\"image\/jpeg\" \/>\n<meta name=\"twitter:card\" content=\"summary_large_image\" \/>\n<meta name=\"twitter:label1\" content=\"Dur\u00e9e de lecture estim\u00e9e\" \/>\n\t<meta name=\"twitter:data1\" content=\"1 minute\" \/>\n<script type=\"application\/ld+json\" class=\"yoast-schema-graph\">{\"@context\":\"https:\/\/schema.org\",\"@graph\":[{\"@type\":\"WebPage\",\"@id\":\"https:\/\/www.moree.de\/fr\/produit\/lounge-kopie-2\/\",\"url\":\"https:\/\/www.moree.de\/fr\/produit\/lounge-kopie-2\/\",\"name\":\"Lounge (Pi\u00e8ce d\u2019exposition) - Moree.de\",\"isPartOf\":{\"@id\":\"https:\/\/www.moree.de\/fr\/#website\"},\"primaryImageOfPage\":{\"@id\":\"https:\/\/www.moree.de\/fr\/produit\/lounge-kopie-2\/#primaryimage\"},\"image\":{\"@id\":\"https:\/\/www.moree.de\/fr\/produit\/lounge-kopie-2\/#primaryimage\"},\"thumbnailUrl\":\"https:\/\/www.moree.de\/wp-content\/uploads\/2021\/06\/Moree-Lounge-Indoor-Beistelltisch-Licht-kaufen-beleuchtet-runder-Tisch-Lichtobjekt-Zuhause.jpg\",\"datePublished\":\"2025-07-02T08:58:16+00:00\",\"dateModified\":\"2025-10-29T12:30:56+00:00\",\"breadcrumb\":{\"@id\":\"https:\/\/www.moree.de\/fr\/produit\/lounge-kopie-2\/#breadcrumb\"},\"inLanguage\":\"fr-FR\",\"potentialAction\":[{\"@type\":\"ReadAction\",\"target\":[\"https:\/\/www.moree.de\/fr\/produit\/lounge-kopie-2\/\"]}]},{\"@type\":\"ImageObject\",\"inLanguage\":\"fr-FR\",\"@id\":\"https:\/\/www.moree.de\/fr\/produit\/lounge-kopie-2\/#primaryimage\",\"url\":\"https:\/\/www.moree.de\/wp-content\/uploads\/2021\/06\/Moree-Lounge-Indoor-Beistelltisch-Licht-kaufen-beleuchtet-runder-Tisch-Lichtobjekt-Zuhause.jpg\",\"contentUrl\":\"https:\/\/www.moree.de\/wp-content\/uploads\/2021\/06\/Moree-Lounge-Indoor-Beistelltisch-Licht-kaufen-beleuchtet-runder-Tisch-Lichtobjekt-Zuhause.jpg\",\"width\":1200,\"height\":850,\"caption\":\"Table de salon\"},{\"@type\":\"BreadcrumbList\",\"@id\":\"https:\/\/www.moree.de\/fr\/produit\/lounge-kopie-2\/#breadcrumb\",\"itemListElement\":[{\"@type\":\"ListItem\",\"position\":1,\"name\":\"Home\",\"item\":\"https:\/\/www.moree.de\/fr\/\"},{\"@type\":\"ListItem\",\"position\":2,\"name\":\"Shop\",\"item\":\"https:\/\/www.moree.de\/shop\/\"},{\"@type\":\"ListItem\",\"position\":3,\"name\":\"Lounge (Pi\u00e8ce d\u2019exposition)\"}]},{\"@type\":\"WebSite\",\"@id\":\"https:\/\/www.moree.de\/fr\/#website\",\"url\":\"https:\/\/www.moree.de\/fr\/\",\"name\":\"Moree.de\",\"description\":\"Gastronomie M\u00f6bel, Lounge M\u00f6bel, Barhocker und LED M\u00f6bel\",\"publisher\":{\"@id\":\"https:\/\/www.moree.de\/fr\/#organization\"},\"potentialAction\":[{\"@type\":\"SearchAction\",\"target\":{\"@type\":\"EntryPoint\",\"urlTemplate\":\"https:\/\/www.moree.de\/fr\/?s={search_term_string}\"},\"query-input\":{\"@type\":\"PropertyValueSpecification\",\"valueRequired\":true,\"valueName\":\"search_term_string\"}}],\"inLanguage\":\"fr-FR\"},{\"@type\":\"Organization\",\"@id\":\"https:\/\/www.moree.de\/fr\/#organization\",\"name\":\"Moree.de\",\"url\":\"https:\/\/www.moree.de\/fr\/\",\"logo\":{\"@type\":\"ImageObject\",\"inLanguage\":\"fr-FR\",\"@id\":\"https:\/\/www.moree.de\/fr\/#\/schema\/logo\/image\/\",\"url\":\"https:\/\/www.moree.de\/wp-content\/uploads\/2021\/05\/moree-logo.svg\",\"contentUrl\":\"https:\/\/www.moree.de\/wp-content\/uploads\/2021\/05\/moree-logo.svg\",\"width\":349,\"height\":62,\"caption\":\"Moree.de\"},\"image\":{\"@id\":\"https:\/\/www.moree.de\/fr\/#\/schema\/logo\/image\/\"}}]}<\/script>\n<!-- \/ Yoast SEO plugin. -->","yoast_head_json":{"title":"Lounge (Pi\u00e8ce d\u2019exposition) - Moree.de","robots":{"index":"index","follow":"follow","max-snippet":"max-snippet:-1","max-image-preview":"max-image-preview:large","max-video-preview":"max-video-preview:-1"},"canonical":"https:\/\/www.moree.de\/fr\/produit\/lounge-kopie-2\/","og_locale":"fr_FR","og_type":"article","og_title":"Lounge (Pi\u00e8ce d\u2019exposition) - Moree.de","og_description":"Table Lounge - lumi\u00e8re et forme en parfaite harmonie !  Que ce soit dans l'espace de vie ou dans le jardin, comme table de r\u00e9union exceptionnelle ou dans la gastronomie, les diff\u00e9rentes versions de Lounge offrent des possibilit\u00e9s illimit\u00e9es. L'utilisation d'ampoules color\u00e9es (RGB CCT Multicolor avec blanc chaud et blanc froid) contr\u00f4lables par t\u00e9l\u00e9commande transforme Lounge en un objet lumineux individuel selon vos id\u00e9es. Le c\u00e2ble est rang\u00e9 de mani\u00e8re invisible et sa longueur est r\u00e9glable de mani\u00e8re flexible - une version \u00e0 batterie sans fil est \u00e9galement disponible.  Lounge est une table design \u00e9l\u00e9gante et, \u00e0 la tomb\u00e9e de la nuit, elle conf\u00e8re une atmosph\u00e8re agr\u00e9able non seulement \u00e0 la terrasse ou au jardin.","og_url":"https:\/\/www.moree.de\/fr\/produit\/lounge-kopie-2\/","og_site_name":"Moree.de","article_modified_time":"2025-10-29T12:30:56+00:00","og_image":[{"width":1200,"height":850,"url":"https:\/\/www.moree.de\/wp-content\/uploads\/2021\/06\/Moree-Lounge-Indoor-Beistelltisch-Licht-kaufen-beleuchtet-runder-Tisch-Lichtobjekt-Zuhause.jpg","type":"image\/jpeg"}],"twitter_card":"summary_large_image","twitter_misc":{"Dur\u00e9e de lecture estim\u00e9e":"1 minute"},"schema":{"@context":"https:\/\/schema.org","@graph":[{"@type":"WebPage","@id":"https:\/\/www.moree.de\/fr\/produit\/lounge-kopie-2\/","url":"https:\/\/www.moree.de\/fr\/produit\/lounge-kopie-2\/","name":"Lounge (Pi\u00e8ce d\u2019exposition) - Moree.de","isPartOf":{"@id":"https:\/\/www.moree.de\/fr\/#website"},"primaryImageOfPage":{"@id":"https:\/\/www.moree.de\/fr\/produit\/lounge-kopie-2\/#primaryimage"},"image":{"@id":"https:\/\/www.moree.de\/fr\/produit\/lounge-kopie-2\/#primaryimage"},"thumbnailUrl":"https:\/\/www.moree.de\/wp-content\/uploads\/2021\/06\/Moree-Lounge-Indoor-Beistelltisch-Licht-kaufen-beleuchtet-runder-Tisch-Lichtobjekt-Zuhause.jpg","datePublished":"2025-07-02T08:58:16+00:00","dateModified":"2025-10-29T12:30:56+00:00","breadcrumb":{"@id":"https:\/\/www.moree.de\/fr\/produit\/lounge-kopie-2\/#breadcrumb"},"inLanguage":"fr-FR","potentialAction":[{"@type":"ReadAction","target":["https:\/\/www.moree.de\/fr\/produit\/lounge-kopie-2\/"]}]},{"@type":"ImageObject","inLanguage":"fr-FR","@id":"https:\/\/www.moree.de\/fr\/produit\/lounge-kopie-2\/#primaryimage","url":"https:\/\/www.moree.de\/wp-content\/uploads\/2021\/06\/Moree-Lounge-Indoor-Beistelltisch-Licht-kaufen-beleuchtet-runder-Tisch-Lichtobjekt-Zuhause.jpg","contentUrl":"https:\/\/www.moree.de\/wp-content\/uploads\/2021\/06\/Moree-Lounge-Indoor-Beistelltisch-Licht-kaufen-beleuchtet-runder-Tisch-Lichtobjekt-Zuhause.jpg","width":1200,"height":850,"caption":"Table de salon"},{"@type":"BreadcrumbList","@id":"https:\/\/www.moree.de\/fr\/produit\/lounge-kopie-2\/#breadcrumb","itemListElement":[{"@type":"ListItem","position":1,"name":"Home","item":"https:\/\/www.moree.de\/fr\/"},{"@type":"ListItem","position":2,"name":"Shop","item":"https:\/\/www.moree.de\/shop\/"},{"@type":"ListItem","position":3,"name":"Lounge (Pi\u00e8ce d\u2019exposition)"}]},{"@type":"WebSite","@id":"https:\/\/www.moree.de\/fr\/#website","url":"https:\/\/www.moree.de\/fr\/","name":"Moree.de","description":"Gastronomie M\u00f6bel, Lounge M\u00f6bel, Barhocker und LED M\u00f6bel","publisher":{"@id":"https:\/\/www.moree.de\/fr\/#organization"},"potentialAction":[{"@type":"SearchAction","target":{"@type":"EntryPoint","urlTemplate":"https:\/\/www.moree.de\/fr\/?s={search_term_string}"},"query-input":{"@type":"PropertyValueSpecification","valueRequired":true,"valueName":"search_term_string"}}],"inLanguage":"fr-FR"},{"@type":"Organization","@id":"https:\/\/www.moree.de\/fr\/#organization","name":"Moree.de","url":"https:\/\/www.moree.de\/fr\/","logo":{"@type":"ImageObject","inLanguage":"fr-FR","@id":"https:\/\/www.moree.de\/fr\/#\/schema\/logo\/image\/","url":"https:\/\/www.moree.de\/wp-content\/uploads\/2021\/05\/moree-logo.svg","contentUrl":"https:\/\/www.moree.de\/wp-content\/uploads\/2021\/05\/moree-logo.svg","width":349,"height":62,"caption":"Moree.de"},"image":{"@id":"https:\/\/www.moree.de\/fr\/#\/schema\/logo\/image\/"}}]}},"_links":{"self":[{"href":"https:\/\/www.moree.de\/fr\/wp-json\/wp\/v2\/product\/24455","targetHints":{"allow":["GET"]}}],"collection":[{"href":"https:\/\/www.moree.de\/fr\/wp-json\/wp\/v2\/product"}],"about":[{"href":"https:\/\/www.moree.de\/fr\/wp-json\/wp\/v2\/types\/product"}],"wp:featuredmedia":[{"embeddable":true,"href":"https:\/\/www.moree.de\/fr\/wp-json\/wp\/v2\/media\/4836"}],"wp:attachment":[{"href":"https:\/\/www.moree.de\/fr\/wp-json\/wp\/v2\/media?parent=24455"}],"wp:term":[{"taxonomy":"product_brand","embeddable":true,"href":"https:\/\/www.moree.de\/fr\/wp-json\/wp\/v2\/product_brand?post=24455"},{"taxonomy":"product_cat","embeddable":true,"href":"https:\/\/www.moree.de\/fr\/wp-json\/wp\/v2\/product_cat?post=24455"},{"taxonomy":"product_tag","embeddable":true,"href":"https:\/\/www.moree.de\/fr\/wp-json\/wp\/v2\/product_tag?post=24455"}],"curies":[{"name":"wp","href":"https:\/\/api.w.org\/{rel}","templated":true}]}}