{"id":7592,"date":"2021-07-27T12:31:09","date_gmt":"2021-07-27T10:31:09","guid":{"rendered":"https:\/\/www.moree.de\/produkt\/systeme-modulaire-de-bar-et-de-buffet-catalogue-2021\/"},"modified":"2025-10-29T13:33:18","modified_gmt":"2025-10-29T12:33:18","slug":"systeme-modulaire-de-bar-et-de-buffet-catalogue","status":"publish","type":"product","link":"https:\/\/www.moree.de\/fr\/produit\/systeme-modulaire-de-bar-et-de-buffet-catalogue\/","title":{"rendered":"Syst\u00e8me modulaire de bar et de buffet &#8211; Catalogue"},"content":{"rendered":"<p>Moree pr\u00e9sente un nouveau syst\u00e8me innovant de bar et de buffet qui se compose de diff\u00e9rents modules droits et ronds pouvant \u00eatre combin\u00e9s entre eux. Elle a \u00e9t\u00e9 d\u00e9velopp\u00e9e par nos designers sp\u00e9cialement pour le secteur de la gastronomie, des \u00e9v\u00e9nements et des foires commerciales et convainc par son design intemporel et sa fabrication de haute qualit\u00e9. Les mat\u00e9riaux utilis\u00e9s pour le mobilier \u00e9v\u00e9nementiel repr\u00e9sentatif sont robustes et faciles \u00e0 nettoyer.<\/p>\n<p>En plus d&rsquo;une surface enduite, le contreplat environnant peut \u00e9galement \u00eatre fourni avec une finition laqu\u00e9e de haute qualit\u00e9. Les contre-modules sont ferm\u00e9s sur les c\u00f4t\u00e9s par des embouts. La contre-planche et les pi\u00e8ces d&rsquo;extr\u00e9mit\u00e9 peuvent \u00eatre rev\u00eatues de diff\u00e9rentes mani\u00e8res, laqu\u00e9es dans des couleurs sp\u00e9ciales ou fabriqu\u00e9es en bois massif. D\u00e9sormais, tous les modules sont \u00e9galement disponibles dans un large \u00e9ventail de d\u00e9cors de couleurs, de bois, de mat\u00e9riaux et de m\u00e9taux.<\/p>\n<p>Tous les modules de comptoirs et de buffets peuvent d\u00e9sormais \u00eatre fabriqu\u00e9s en option dans des mat\u00e9riaux ignifuges.<\/p>\n<p>Le compteur peut \u00eatre utilis\u00e9 dans des applications mobiles lors de salons et d&rsquo;\u00e9v\u00e9nements, ainsi que dans des applications fixes dans les restaurants et les h\u00f4tels. Qu&rsquo;il s&rsquo;agisse d&rsquo;un module de bar ouvert, semi-ouvert ou ferm\u00e9, d&rsquo;un comptoir, d&rsquo;une r\u00e9ception, d&rsquo;un stand de DJ, d&rsquo;un bar \u00e0 cocktail mobile ou d&rsquo;un grand comptoir de salon pour la restauration, d&rsquo;une solution d&rsquo;angle ou d&rsquo;un comptoir rond, le syst\u00e8me de bar s&rsquo;adapte aux conditions spatiales et aux exigences des clients. Il offre un grand espace de rangement sur le dessus et beaucoup d&rsquo;espace de rangement \u00e0 l&rsquo;int\u00e9rieur.<\/p>\n<p>La particularit\u00e9 : les modules individuels du bar sont \u00e9quip\u00e9s de deux unit\u00e9s LED multicolores pouvant \u00eatre command\u00e9es s\u00e9par\u00e9ment, de sorte que la fa\u00e7ade et la zone de travail derri\u00e8re le bar peuvent \u00eatre \u00e9clair\u00e9es dans diff\u00e9rentes couleurs au choix. L&rsquo;\u00e9clairage int\u00e9gr\u00e9 est command\u00e9 par une t\u00e9l\u00e9commande radio, avec quatre canaux disponibles par t\u00e9l\u00e9commande, de sorte que non seulement les zones individuelles (fa\u00e7ade ou plan de travail) mais aussi les diff\u00e9rents segments peuvent \u00eatre command\u00e9s individuellement. Les couleurs peuvent ainsi \u00eatre ajust\u00e9es en fonction de l&rsquo;\u00e9v\u00e9nement et une atmosph\u00e8re impressionnante peut \u00eatre cr\u00e9\u00e9e.<\/p>\n<p>Configurez le syst\u00e8me de votre choix en fonction de vos besoins. Vous trouverez toutes les informations n\u00e9cessaires dans les d\u00e9tails du produit. Le comptoir peut aussi \u00eatre id\u00e9alement combin\u00e9 avec nos tabourets de bar\u00a0\u00bb ED\u00a0\u00bb. Nous serions \u00e9galement heureux de vous conseiller personnellement. Veuillez nous contacter si vous avez besoin de plus d&rsquo;informations ou d&rsquo;une offre individuelle.<\/p>\n\n","protected":false},"excerpt":{"rendered":"<p>V5<\/p>\n","protected":false},"featured_media":6358,"template":"","meta":{"_acf_changed":false},"product_brand":[],"product_cat":[496],"product_tag":[],"class_list":{"0":"post-7592","1":"product","2":"type-product","3":"status-publish","4":"has-post-thumbnail","6":"product_cat-bar-lumineux","8":"first","9":"instock","10":"taxable","11":"shipping-taxable","12":"product-type-simple"},"acf":[],"yoast_head":"<!-- This site is optimized with the Yoast SEO plugin v26.8 - https:\/\/yoast.com\/product\/yoast-seo-wordpress\/ -->\n<title>Syst\u00e8me modulaire de bar et de buffet - Catalogue - Moree.de<\/title>\n<meta name=\"robots\" content=\"index, follow, max-snippet:-1, max-image-preview:large, max-video-preview:-1\" \/>\n<link rel=\"canonical\" href=\"https:\/\/www.moree.de\/fr\/produit\/systeme-modulaire-de-bar-et-de-buffet-catalogue\/\" \/>\n<meta property=\"og:locale\" content=\"fr_FR\" \/>\n<meta property=\"og:type\" content=\"article\" \/>\n<meta property=\"og:title\" content=\"Syst\u00e8me modulaire de bar et de buffet - Catalogue - Moree.de\" \/>\n<meta property=\"og:description\" content=\"V5\" \/>\n<meta property=\"og:url\" content=\"https:\/\/www.moree.de\/fr\/produit\/systeme-modulaire-de-bar-et-de-buffet-catalogue\/\" \/>\n<meta property=\"og:site_name\" content=\"Moree.de\" \/>\n<meta property=\"article:modified_time\" content=\"2025-10-29T12:33:18+00:00\" \/>\n<meta property=\"og:image\" content=\"https:\/\/www.moree.de\/wp-content\/uploads\/2021\/07\/Moree-BarBuffet-System-Katalog-V4.5.4-DE.jpg\" \/>\n\t<meta property=\"og:image:width\" content=\"1200\" \/>\n\t<meta property=\"og:image:height\" content=\"850\" \/>\n\t<meta property=\"og:image:type\" content=\"image\/jpeg\" \/>\n<meta name=\"twitter:card\" content=\"summary_large_image\" \/>\n<meta name=\"twitter:label1\" content=\"Dur\u00e9e de lecture estim\u00e9e\" \/>\n\t<meta name=\"twitter:data1\" content=\"2 minutes\" \/>\n<script type=\"application\/ld+json\" class=\"yoast-schema-graph\">{\"@context\":\"https:\/\/schema.org\",\"@graph\":[{\"@type\":\"WebPage\",\"@id\":\"https:\/\/www.moree.de\/fr\/produit\/systeme-modulaire-de-bar-et-de-buffet-catalogue\/\",\"url\":\"https:\/\/www.moree.de\/fr\/produit\/systeme-modulaire-de-bar-et-de-buffet-catalogue\/\",\"name\":\"Syst\u00e8me modulaire de bar et de buffet - Catalogue - Moree.de\",\"isPartOf\":{\"@id\":\"https:\/\/www.moree.de\/fr\/#website\"},\"primaryImageOfPage\":{\"@id\":\"https:\/\/www.moree.de\/fr\/produit\/systeme-modulaire-de-bar-et-de-buffet-catalogue\/#primaryimage\"},\"image\":{\"@id\":\"https:\/\/www.moree.de\/fr\/produit\/systeme-modulaire-de-bar-et-de-buffet-catalogue\/#primaryimage\"},\"thumbnailUrl\":\"https:\/\/www.moree.de\/wp-content\/uploads\/2021\/07\/Moree-BarBuffet-System-Katalog-V4.5.4-DE.jpg\",\"datePublished\":\"2021-07-27T10:31:09+00:00\",\"dateModified\":\"2025-10-29T12:33:18+00:00\",\"breadcrumb\":{\"@id\":\"https:\/\/www.moree.de\/fr\/produit\/systeme-modulaire-de-bar-et-de-buffet-catalogue\/#breadcrumb\"},\"inLanguage\":\"fr-FR\",\"potentialAction\":[{\"@type\":\"ReadAction\",\"target\":[\"https:\/\/www.moree.de\/fr\/produit\/systeme-modulaire-de-bar-et-de-buffet-catalogue\/\"]}]},{\"@type\":\"ImageObject\",\"inLanguage\":\"fr-FR\",\"@id\":\"https:\/\/www.moree.de\/fr\/produit\/systeme-modulaire-de-bar-et-de-buffet-catalogue\/#primaryimage\",\"url\":\"https:\/\/www.moree.de\/wp-content\/uploads\/2021\/07\/Moree-BarBuffet-System-Katalog-V4.5.4-DE.jpg\",\"contentUrl\":\"https:\/\/www.moree.de\/wp-content\/uploads\/2021\/07\/Moree-BarBuffet-System-Katalog-V4.5.4-DE.jpg\",\"width\":1200,\"height\":850},{\"@type\":\"BreadcrumbList\",\"@id\":\"https:\/\/www.moree.de\/fr\/produit\/systeme-modulaire-de-bar-et-de-buffet-catalogue\/#breadcrumb\",\"itemListElement\":[{\"@type\":\"ListItem\",\"position\":1,\"name\":\"Home\",\"item\":\"https:\/\/www.moree.de\/fr\/\"},{\"@type\":\"ListItem\",\"position\":2,\"name\":\"Shop\",\"item\":\"https:\/\/www.moree.de\/shop\/\"},{\"@type\":\"ListItem\",\"position\":3,\"name\":\"Syst\u00e8me modulaire de bar et de buffet &#8211; Catalogue\"}]},{\"@type\":\"WebSite\",\"@id\":\"https:\/\/www.moree.de\/fr\/#website\",\"url\":\"https:\/\/www.moree.de\/fr\/\",\"name\":\"Moree.de\",\"description\":\"Gastronomie M\u00f6bel, Lounge M\u00f6bel, Barhocker und LED M\u00f6bel\",\"publisher\":{\"@id\":\"https:\/\/www.moree.de\/fr\/#organization\"},\"potentialAction\":[{\"@type\":\"SearchAction\",\"target\":{\"@type\":\"EntryPoint\",\"urlTemplate\":\"https:\/\/www.moree.de\/fr\/?s={search_term_string}\"},\"query-input\":{\"@type\":\"PropertyValueSpecification\",\"valueRequired\":true,\"valueName\":\"search_term_string\"}}],\"inLanguage\":\"fr-FR\"},{\"@type\":\"Organization\",\"@id\":\"https:\/\/www.moree.de\/fr\/#organization\",\"name\":\"Moree.de\",\"url\":\"https:\/\/www.moree.de\/fr\/\",\"logo\":{\"@type\":\"ImageObject\",\"inLanguage\":\"fr-FR\",\"@id\":\"https:\/\/www.moree.de\/fr\/#\/schema\/logo\/image\/\",\"url\":\"https:\/\/www.moree.de\/wp-content\/uploads\/2021\/05\/moree-logo.svg\",\"contentUrl\":\"https:\/\/www.moree.de\/wp-content\/uploads\/2021\/05\/moree-logo.svg\",\"width\":349,\"height\":62,\"caption\":\"Moree.de\"},\"image\":{\"@id\":\"https:\/\/www.moree.de\/fr\/#\/schema\/logo\/image\/\"}}]}<\/script>\n<!-- \/ Yoast SEO plugin. -->","yoast_head_json":{"title":"Syst\u00e8me modulaire de bar et de buffet - Catalogue - Moree.de","robots":{"index":"index","follow":"follow","max-snippet":"max-snippet:-1","max-image-preview":"max-image-preview:large","max-video-preview":"max-video-preview:-1"},"canonical":"https:\/\/www.moree.de\/fr\/produit\/systeme-modulaire-de-bar-et-de-buffet-catalogue\/","og_locale":"fr_FR","og_type":"article","og_title":"Syst\u00e8me modulaire de bar et de buffet - Catalogue - Moree.de","og_description":"V5","og_url":"https:\/\/www.moree.de\/fr\/produit\/systeme-modulaire-de-bar-et-de-buffet-catalogue\/","og_site_name":"Moree.de","article_modified_time":"2025-10-29T12:33:18+00:00","og_image":[{"width":1200,"height":850,"url":"https:\/\/www.moree.de\/wp-content\/uploads\/2021\/07\/Moree-BarBuffet-System-Katalog-V4.5.4-DE.jpg","type":"image\/jpeg"}],"twitter_card":"summary_large_image","twitter_misc":{"Dur\u00e9e de lecture estim\u00e9e":"2 minutes"},"schema":{"@context":"https:\/\/schema.org","@graph":[{"@type":"WebPage","@id":"https:\/\/www.moree.de\/fr\/produit\/systeme-modulaire-de-bar-et-de-buffet-catalogue\/","url":"https:\/\/www.moree.de\/fr\/produit\/systeme-modulaire-de-bar-et-de-buffet-catalogue\/","name":"Syst\u00e8me modulaire de bar et de buffet - Catalogue - Moree.de","isPartOf":{"@id":"https:\/\/www.moree.de\/fr\/#website"},"primaryImageOfPage":{"@id":"https:\/\/www.moree.de\/fr\/produit\/systeme-modulaire-de-bar-et-de-buffet-catalogue\/#primaryimage"},"image":{"@id":"https:\/\/www.moree.de\/fr\/produit\/systeme-modulaire-de-bar-et-de-buffet-catalogue\/#primaryimage"},"thumbnailUrl":"https:\/\/www.moree.de\/wp-content\/uploads\/2021\/07\/Moree-BarBuffet-System-Katalog-V4.5.4-DE.jpg","datePublished":"2021-07-27T10:31:09+00:00","dateModified":"2025-10-29T12:33:18+00:00","breadcrumb":{"@id":"https:\/\/www.moree.de\/fr\/produit\/systeme-modulaire-de-bar-et-de-buffet-catalogue\/#breadcrumb"},"inLanguage":"fr-FR","potentialAction":[{"@type":"ReadAction","target":["https:\/\/www.moree.de\/fr\/produit\/systeme-modulaire-de-bar-et-de-buffet-catalogue\/"]}]},{"@type":"ImageObject","inLanguage":"fr-FR","@id":"https:\/\/www.moree.de\/fr\/produit\/systeme-modulaire-de-bar-et-de-buffet-catalogue\/#primaryimage","url":"https:\/\/www.moree.de\/wp-content\/uploads\/2021\/07\/Moree-BarBuffet-System-Katalog-V4.5.4-DE.jpg","contentUrl":"https:\/\/www.moree.de\/wp-content\/uploads\/2021\/07\/Moree-BarBuffet-System-Katalog-V4.5.4-DE.jpg","width":1200,"height":850},{"@type":"BreadcrumbList","@id":"https:\/\/www.moree.de\/fr\/produit\/systeme-modulaire-de-bar-et-de-buffet-catalogue\/#breadcrumb","itemListElement":[{"@type":"ListItem","position":1,"name":"Home","item":"https:\/\/www.moree.de\/fr\/"},{"@type":"ListItem","position":2,"name":"Shop","item":"https:\/\/www.moree.de\/shop\/"},{"@type":"ListItem","position":3,"name":"Syst\u00e8me modulaire de bar et de buffet &#8211; Catalogue"}]},{"@type":"WebSite","@id":"https:\/\/www.moree.de\/fr\/#website","url":"https:\/\/www.moree.de\/fr\/","name":"Moree.de","description":"Gastronomie M\u00f6bel, Lounge M\u00f6bel, Barhocker und LED M\u00f6bel","publisher":{"@id":"https:\/\/www.moree.de\/fr\/#organization"},"potentialAction":[{"@type":"SearchAction","target":{"@type":"EntryPoint","urlTemplate":"https:\/\/www.moree.de\/fr\/?s={search_term_string}"},"query-input":{"@type":"PropertyValueSpecification","valueRequired":true,"valueName":"search_term_string"}}],"inLanguage":"fr-FR"},{"@type":"Organization","@id":"https:\/\/www.moree.de\/fr\/#organization","name":"Moree.de","url":"https:\/\/www.moree.de\/fr\/","logo":{"@type":"ImageObject","inLanguage":"fr-FR","@id":"https:\/\/www.moree.de\/fr\/#\/schema\/logo\/image\/","url":"https:\/\/www.moree.de\/wp-content\/uploads\/2021\/05\/moree-logo.svg","contentUrl":"https:\/\/www.moree.de\/wp-content\/uploads\/2021\/05\/moree-logo.svg","width":349,"height":62,"caption":"Moree.de"},"image":{"@id":"https:\/\/www.moree.de\/fr\/#\/schema\/logo\/image\/"}}]}},"_links":{"self":[{"href":"https:\/\/www.moree.de\/fr\/wp-json\/wp\/v2\/product\/7592","targetHints":{"allow":["GET"]}}],"collection":[{"href":"https:\/\/www.moree.de\/fr\/wp-json\/wp\/v2\/product"}],"about":[{"href":"https:\/\/www.moree.de\/fr\/wp-json\/wp\/v2\/types\/product"}],"wp:featuredmedia":[{"embeddable":true,"href":"https:\/\/www.moree.de\/fr\/wp-json\/wp\/v2\/media\/6358"}],"wp:attachment":[{"href":"https:\/\/www.moree.de\/fr\/wp-json\/wp\/v2\/media?parent=7592"}],"wp:term":[{"taxonomy":"product_brand","embeddable":true,"href":"https:\/\/www.moree.de\/fr\/wp-json\/wp\/v2\/product_brand?post=7592"},{"taxonomy":"product_cat","embeddable":true,"href":"https:\/\/www.moree.de\/fr\/wp-json\/wp\/v2\/product_cat?post=7592"},{"taxonomy":"product_tag","embeddable":true,"href":"https:\/\/www.moree.de\/fr\/wp-json\/wp\/v2\/product_tag?post=7592"}],"curies":[{"name":"wp","href":"https:\/\/api.w.org\/{rel}","templated":true}]}}