{"id":7792,"date":"2021-07-18T17:01:30","date_gmt":"2021-07-21T15:01:30","guid":{"rendered":"https:\/\/www.moree.de\/produkt\/controle-dmx\/"},"modified":"2025-10-29T13:33:37","modified_gmt":"2025-10-29T12:33:37","slug":"controle-dmx","status":"publish","type":"product","link":"https:\/\/www.moree.de\/fr\/produit\/controle-dmx\/","title":{"rendered":"Contr\u00f4le DMX"},"content":{"rendered":"<p>Pour un usage professionnel, nos produits LED PRO multicolores peuvent \u00eatre contr\u00f4l\u00e9s par DMX512. Cela s&rsquo;applique aux produits de batterie avec et sans fil.<\/p>\n<p>Le DMX 512 est un protocole de commande num\u00e9rique utilis\u00e9 dans le domaine de la sc\u00e8ne et de l&rsquo;\u00e9v\u00e9nementiel pour contr\u00f4ler les technologies d&rsquo;\u00e9clairage telles que les gradateurs, les projecteurs \u00ab\u00a0intelligents\u00a0\u00bb et les dispositifs d&rsquo;effets. L&rsquo;abr\u00e9viation DMX signifie Digital Multiplex.<\/p>\n","protected":false},"excerpt":{"rendered":"<p>Pour un usage professionnel, nos produits LED PRO multicolores peuvent \u00eatre contr\u00f4l\u00e9s par DMX512. Cela s&rsquo;applique aux produits de batterie avec et sans fil.<\/p>\n<p>Le DMX 512 est un protocole de commande num\u00e9rique utilis\u00e9 dans le domaine de la sc\u00e8ne et de l&rsquo;\u00e9v\u00e9nementiel pour contr\u00f4ler la technologie d&rsquo;\u00e9clairage telle que les gradateurs, les projecteurs \u00ab\u00a0intelligents\u00a0\u00bb et les dispositifs d&rsquo;effets. L&rsquo;abr\u00e9viation DMX signifie Digital Multiplex.<\/p>\n<p>Exemple de r\u00e9f\u00e9rence en <strong><a href=\"https:\/\/www.moree.de\/wp-content\/uploads\/2021\/08\/200111-Reference-MOODIS-Bar-EN.pdf\">PDF<\/a>.<\/strong><\/p>\n","protected":false},"featured_media":6056,"template":"","meta":{"_acf_changed":false},"product_brand":[],"product_cat":[513],"product_tag":[],"class_list":{"0":"post-7792","1":"product","2":"type-product","3":"status-publish","4":"has-post-thumbnail","6":"product_cat-accessoires-fr","8":"first","9":"instock","10":"taxable","11":"shipping-taxable","12":"purchasable","13":"product-type-simple"},"acf":[],"yoast_head":"<!-- This site is optimized with the Yoast SEO plugin v26.8 - https:\/\/yoast.com\/product\/yoast-seo-wordpress\/ -->\n<title>Contr\u00f4le DMX - Moree.de<\/title>\n<meta name=\"robots\" content=\"index, follow, max-snippet:-1, max-image-preview:large, max-video-preview:-1\" \/>\n<link rel=\"canonical\" href=\"https:\/\/www.moree.de\/fr\/produit\/controle-dmx\/\" \/>\n<meta property=\"og:locale\" content=\"fr_FR\" \/>\n<meta property=\"og:type\" content=\"article\" \/>\n<meta property=\"og:title\" content=\"Contr\u00f4le DMX - Moree.de\" \/>\n<meta property=\"og:description\" content=\"Pour un usage professionnel, nos produits LED PRO multicolores peuvent \u00eatre contr\u00f4l\u00e9s par DMX512. Cela s&#039;applique aux produits de batterie avec et sans fil.  Le DMX 512 est un protocole de commande num\u00e9rique utilis\u00e9 dans le domaine de la sc\u00e8ne et de l&#039;\u00e9v\u00e9nementiel pour contr\u00f4ler la technologie d&#039;\u00e9clairage telle que les gradateurs, les projecteurs &quot;intelligents&quot; et les dispositifs d&#039;effets. L&#039;abr\u00e9viation DMX signifie Digital Multiplex.  Exemple de r\u00e9f\u00e9rence en PDF.\" \/>\n<meta property=\"og:url\" content=\"https:\/\/www.moree.de\/fr\/produit\/controle-dmx\/\" \/>\n<meta property=\"og:site_name\" content=\"Moree.de\" \/>\n<meta property=\"article:modified_time\" content=\"2025-10-29T12:33:37+00:00\" \/>\n<meta property=\"og:image\" content=\"https:\/\/www.moree.de\/wp-content\/uploads\/2021\/07\/\u00a9MOODIS-Cocktail-Lounge-Bar-DMX.PDF02-1.jpg\" \/>\n\t<meta property=\"og:image:width\" content=\"340\" \/>\n\t<meta property=\"og:image:height\" content=\"500\" \/>\n\t<meta property=\"og:image:type\" content=\"image\/jpeg\" \/>\n<meta name=\"twitter:card\" content=\"summary_large_image\" \/>\n<script type=\"application\/ld+json\" class=\"yoast-schema-graph\">{\"@context\":\"https:\/\/schema.org\",\"@graph\":[{\"@type\":\"WebPage\",\"@id\":\"https:\/\/www.moree.de\/fr\/produit\/controle-dmx\/\",\"url\":\"https:\/\/www.moree.de\/fr\/produit\/controle-dmx\/\",\"name\":\"Contr\u00f4le DMX - Moree.de\",\"isPartOf\":{\"@id\":\"https:\/\/www.moree.de\/fr\/#website\"},\"primaryImageOfPage\":{\"@id\":\"https:\/\/www.moree.de\/fr\/produit\/controle-dmx\/#primaryimage\"},\"image\":{\"@id\":\"https:\/\/www.moree.de\/fr\/produit\/controle-dmx\/#primaryimage\"},\"thumbnailUrl\":\"https:\/\/www.moree.de\/wp-content\/uploads\/2021\/07\/\u00a9MOODIS-Cocktail-Lounge-Bar-DMX.PDF02-1.jpg\",\"datePublished\":\"2021-07-21T15:01:30+00:00\",\"dateModified\":\"2025-10-29T12:33:37+00:00\",\"breadcrumb\":{\"@id\":\"https:\/\/www.moree.de\/fr\/produit\/controle-dmx\/#breadcrumb\"},\"inLanguage\":\"fr-FR\",\"potentialAction\":[{\"@type\":\"ReadAction\",\"target\":[\"https:\/\/www.moree.de\/fr\/produit\/controle-dmx\/\"]}]},{\"@type\":\"ImageObject\",\"inLanguage\":\"fr-FR\",\"@id\":\"https:\/\/www.moree.de\/fr\/produit\/controle-dmx\/#primaryimage\",\"url\":\"https:\/\/www.moree.de\/wp-content\/uploads\/2021\/07\/\u00a9MOODIS-Cocktail-Lounge-Bar-DMX.PDF02-1.jpg\",\"contentUrl\":\"https:\/\/www.moree.de\/wp-content\/uploads\/2021\/07\/\u00a9MOODIS-Cocktail-Lounge-Bar-DMX.PDF02-1.jpg\",\"width\":340,\"height\":500},{\"@type\":\"BreadcrumbList\",\"@id\":\"https:\/\/www.moree.de\/fr\/produit\/controle-dmx\/#breadcrumb\",\"itemListElement\":[{\"@type\":\"ListItem\",\"position\":1,\"name\":\"Home\",\"item\":\"https:\/\/www.moree.de\/fr\/\"},{\"@type\":\"ListItem\",\"position\":2,\"name\":\"Shop\",\"item\":\"https:\/\/www.moree.de\/shop\/\"},{\"@type\":\"ListItem\",\"position\":3,\"name\":\"Contr\u00f4le DMX\"}]},{\"@type\":\"WebSite\",\"@id\":\"https:\/\/www.moree.de\/fr\/#website\",\"url\":\"https:\/\/www.moree.de\/fr\/\",\"name\":\"Moree.de\",\"description\":\"Gastronomie M\u00f6bel, Lounge M\u00f6bel, Barhocker und LED M\u00f6bel\",\"publisher\":{\"@id\":\"https:\/\/www.moree.de\/fr\/#organization\"},\"potentialAction\":[{\"@type\":\"SearchAction\",\"target\":{\"@type\":\"EntryPoint\",\"urlTemplate\":\"https:\/\/www.moree.de\/fr\/?s={search_term_string}\"},\"query-input\":{\"@type\":\"PropertyValueSpecification\",\"valueRequired\":true,\"valueName\":\"search_term_string\"}}],\"inLanguage\":\"fr-FR\"},{\"@type\":\"Organization\",\"@id\":\"https:\/\/www.moree.de\/fr\/#organization\",\"name\":\"Moree.de\",\"url\":\"https:\/\/www.moree.de\/fr\/\",\"logo\":{\"@type\":\"ImageObject\",\"inLanguage\":\"fr-FR\",\"@id\":\"https:\/\/www.moree.de\/fr\/#\/schema\/logo\/image\/\",\"url\":\"https:\/\/www.moree.de\/wp-content\/uploads\/2021\/05\/moree-logo.svg\",\"contentUrl\":\"https:\/\/www.moree.de\/wp-content\/uploads\/2021\/05\/moree-logo.svg\",\"width\":349,\"height\":62,\"caption\":\"Moree.de\"},\"image\":{\"@id\":\"https:\/\/www.moree.de\/fr\/#\/schema\/logo\/image\/\"}}]}<\/script>\n<!-- \/ Yoast SEO plugin. -->","yoast_head_json":{"title":"Contr\u00f4le DMX - Moree.de","robots":{"index":"index","follow":"follow","max-snippet":"max-snippet:-1","max-image-preview":"max-image-preview:large","max-video-preview":"max-video-preview:-1"},"canonical":"https:\/\/www.moree.de\/fr\/produit\/controle-dmx\/","og_locale":"fr_FR","og_type":"article","og_title":"Contr\u00f4le DMX - Moree.de","og_description":"Pour un usage professionnel, nos produits LED PRO multicolores peuvent \u00eatre contr\u00f4l\u00e9s par DMX512. Cela s'applique aux produits de batterie avec et sans fil.  Le DMX 512 est un protocole de commande num\u00e9rique utilis\u00e9 dans le domaine de la sc\u00e8ne et de l'\u00e9v\u00e9nementiel pour contr\u00f4ler la technologie d'\u00e9clairage telle que les gradateurs, les projecteurs \"intelligents\" et les dispositifs d'effets. L'abr\u00e9viation DMX signifie Digital Multiplex.  Exemple de r\u00e9f\u00e9rence en PDF.","og_url":"https:\/\/www.moree.de\/fr\/produit\/controle-dmx\/","og_site_name":"Moree.de","article_modified_time":"2025-10-29T12:33:37+00:00","og_image":[{"width":340,"height":500,"url":"https:\/\/www.moree.de\/wp-content\/uploads\/2021\/07\/\u00a9MOODIS-Cocktail-Lounge-Bar-DMX.PDF02-1.jpg","type":"image\/jpeg"}],"twitter_card":"summary_large_image","schema":{"@context":"https:\/\/schema.org","@graph":[{"@type":"WebPage","@id":"https:\/\/www.moree.de\/fr\/produit\/controle-dmx\/","url":"https:\/\/www.moree.de\/fr\/produit\/controle-dmx\/","name":"Contr\u00f4le DMX - Moree.de","isPartOf":{"@id":"https:\/\/www.moree.de\/fr\/#website"},"primaryImageOfPage":{"@id":"https:\/\/www.moree.de\/fr\/produit\/controle-dmx\/#primaryimage"},"image":{"@id":"https:\/\/www.moree.de\/fr\/produit\/controle-dmx\/#primaryimage"},"thumbnailUrl":"https:\/\/www.moree.de\/wp-content\/uploads\/2021\/07\/\u00a9MOODIS-Cocktail-Lounge-Bar-DMX.PDF02-1.jpg","datePublished":"2021-07-21T15:01:30+00:00","dateModified":"2025-10-29T12:33:37+00:00","breadcrumb":{"@id":"https:\/\/www.moree.de\/fr\/produit\/controle-dmx\/#breadcrumb"},"inLanguage":"fr-FR","potentialAction":[{"@type":"ReadAction","target":["https:\/\/www.moree.de\/fr\/produit\/controle-dmx\/"]}]},{"@type":"ImageObject","inLanguage":"fr-FR","@id":"https:\/\/www.moree.de\/fr\/produit\/controle-dmx\/#primaryimage","url":"https:\/\/www.moree.de\/wp-content\/uploads\/2021\/07\/\u00a9MOODIS-Cocktail-Lounge-Bar-DMX.PDF02-1.jpg","contentUrl":"https:\/\/www.moree.de\/wp-content\/uploads\/2021\/07\/\u00a9MOODIS-Cocktail-Lounge-Bar-DMX.PDF02-1.jpg","width":340,"height":500},{"@type":"BreadcrumbList","@id":"https:\/\/www.moree.de\/fr\/produit\/controle-dmx\/#breadcrumb","itemListElement":[{"@type":"ListItem","position":1,"name":"Home","item":"https:\/\/www.moree.de\/fr\/"},{"@type":"ListItem","position":2,"name":"Shop","item":"https:\/\/www.moree.de\/shop\/"},{"@type":"ListItem","position":3,"name":"Contr\u00f4le DMX"}]},{"@type":"WebSite","@id":"https:\/\/www.moree.de\/fr\/#website","url":"https:\/\/www.moree.de\/fr\/","name":"Moree.de","description":"Gastronomie M\u00f6bel, Lounge M\u00f6bel, Barhocker und LED M\u00f6bel","publisher":{"@id":"https:\/\/www.moree.de\/fr\/#organization"},"potentialAction":[{"@type":"SearchAction","target":{"@type":"EntryPoint","urlTemplate":"https:\/\/www.moree.de\/fr\/?s={search_term_string}"},"query-input":{"@type":"PropertyValueSpecification","valueRequired":true,"valueName":"search_term_string"}}],"inLanguage":"fr-FR"},{"@type":"Organization","@id":"https:\/\/www.moree.de\/fr\/#organization","name":"Moree.de","url":"https:\/\/www.moree.de\/fr\/","logo":{"@type":"ImageObject","inLanguage":"fr-FR","@id":"https:\/\/www.moree.de\/fr\/#\/schema\/logo\/image\/","url":"https:\/\/www.moree.de\/wp-content\/uploads\/2021\/05\/moree-logo.svg","contentUrl":"https:\/\/www.moree.de\/wp-content\/uploads\/2021\/05\/moree-logo.svg","width":349,"height":62,"caption":"Moree.de"},"image":{"@id":"https:\/\/www.moree.de\/fr\/#\/schema\/logo\/image\/"}}]}},"_links":{"self":[{"href":"https:\/\/www.moree.de\/fr\/wp-json\/wp\/v2\/product\/7792","targetHints":{"allow":["GET"]}}],"collection":[{"href":"https:\/\/www.moree.de\/fr\/wp-json\/wp\/v2\/product"}],"about":[{"href":"https:\/\/www.moree.de\/fr\/wp-json\/wp\/v2\/types\/product"}],"wp:featuredmedia":[{"embeddable":true,"href":"https:\/\/www.moree.de\/fr\/wp-json\/wp\/v2\/media\/6056"}],"wp:attachment":[{"href":"https:\/\/www.moree.de\/fr\/wp-json\/wp\/v2\/media?parent=7792"}],"wp:term":[{"taxonomy":"product_brand","embeddable":true,"href":"https:\/\/www.moree.de\/fr\/wp-json\/wp\/v2\/product_brand?post=7792"},{"taxonomy":"product_cat","embeddable":true,"href":"https:\/\/www.moree.de\/fr\/wp-json\/wp\/v2\/product_cat?post=7792"},{"taxonomy":"product_tag","embeddable":true,"href":"https:\/\/www.moree.de\/fr\/wp-json\/wp\/v2\/product_tag?post=7792"}],"curies":[{"name":"wp","href":"https:\/\/api.w.org\/{rel}","templated":true}]}}