{"id":7858,"date":"2021-07-23T09:20:14","date_gmt":"2021-07-23T07:20:14","guid":{"rendered":"https:\/\/www.moree.de\/produkt\/pieds-reglables-et-roulettes\/"},"modified":"2025-10-29T13:33:25","modified_gmt":"2025-10-29T12:33:25","slug":"pieds-reglables-et-roulettes","status":"publish","type":"product","link":"https:\/\/www.moree.de\/fr\/produit\/pieds-reglables-et-roulettes\/","title":{"rendered":"Pieds r\u00e9glables et Roulettes"},"content":{"rendered":"<p><strong>Accessoires pour bar et buffet &#8211; Pieds et roulettes<\/strong><\/p>\n<p>Qu&rsquo;il s&rsquo;agisse d&rsquo;un pied r\u00e9glable en hauteur 20 ou 60 mm ou d&rsquo;une roulette avec frein en hauteur 60 ou 100 mm, nous cr\u00e9ons des modules de comptoir et de buffet selon vos souhaits gr\u00e2ce \u00e0 de nombreux accessoires. Vous trouverez plus d&rsquo;informations ici dans notre <span style=\"color: #ff0000;\"><a style=\"color: #ff0000;\" href=\"https:\/\/www.moree.de\/fr\/catalogue-collection-moree\/\">catalogue Moree Bar et Buffet.<\/a><\/span><\/p>\n<p>Conseil par t\u00e9l\u00e9phone au +49 (0)211 302 7680.<\/p>\n","protected":false},"excerpt":{"rendered":"<p>Qu&rsquo;il s&rsquo;agisse de pieds r\u00e9glables d&rsquo;une hauteur de 20 ou 60 mm ou de roulettes avec frein d&rsquo;une hauteur de 60 ou 100 mm, gr\u00e2ce \u00e0 notre vaste gamme d&rsquo;accessoires, nous fabriquons des modules de comptoirs et de buffets personnalis\u00e9s selon vos souhaits.<\/p>\n","protected":false},"featured_media":22429,"template":"","meta":{"_acf_changed":false},"product_brand":[],"product_cat":[503,496],"product_tag":[],"class_list":{"0":"post-7858","1":"product","2":"type-product","3":"status-publish","4":"has-post-thumbnail","6":"product_cat-meuble-bar-comptoir","7":"product_cat-bar-lumineux","9":"first","10":"instock","11":"taxable","12":"shipping-taxable","13":"purchasable","14":"product-type-variable"},"acf":[],"yoast_head":"<!-- This site is optimized with the Yoast SEO plugin v26.8 - https:\/\/yoast.com\/product\/yoast-seo-wordpress\/ -->\n<title>Pieds r\u00e9glables et Roulettes - Moree.de<\/title>\n<meta name=\"robots\" content=\"index, follow, max-snippet:-1, max-image-preview:large, max-video-preview:-1\" \/>\n<link rel=\"canonical\" href=\"https:\/\/www.moree.de\/fr\/produit\/pieds-reglables-et-roulettes\/\" \/>\n<meta property=\"og:locale\" content=\"fr_FR\" \/>\n<meta property=\"og:type\" content=\"article\" \/>\n<meta property=\"og:title\" content=\"Pieds r\u00e9glables et Roulettes - Moree.de\" \/>\n<meta property=\"og:description\" content=\"Qu&#039;il s&#039;agisse de pieds r\u00e9glables d&#039;une hauteur de 20 ou 60 mm ou de roulettes avec frein d&#039;une hauteur de 60 ou 100 mm, gr\u00e2ce \u00e0 notre vaste gamme d&#039;accessoires, nous fabriquons des modules de comptoirs et de buffets personnalis\u00e9s selon vos souhaits.\" \/>\n<meta property=\"og:url\" content=\"https:\/\/www.moree.de\/fr\/produit\/pieds-reglables-et-roulettes\/\" \/>\n<meta property=\"og:site_name\" content=\"Moree.de\" \/>\n<meta property=\"article:modified_time\" content=\"2025-10-29T12:33:25+00:00\" \/>\n<meta property=\"og:image\" content=\"https:\/\/www.moree.de\/wp-content\/uploads\/2024\/09\/Moree-Zubehoer-Bar-Buffet-FuesseRollen-FeetWheels-Mod-19-01-XX-V2.jpg\" \/>\n\t<meta property=\"og:image:width\" content=\"1000\" \/>\n\t<meta property=\"og:image:height\" content=\"1000\" \/>\n\t<meta property=\"og:image:type\" content=\"image\/jpeg\" \/>\n<meta name=\"twitter:card\" content=\"summary_large_image\" \/>\n<script type=\"application\/ld+json\" class=\"yoast-schema-graph\">{\"@context\":\"https:\/\/schema.org\",\"@graph\":[{\"@type\":\"WebPage\",\"@id\":\"https:\/\/www.moree.de\/fr\/produit\/pieds-reglables-et-roulettes\/\",\"url\":\"https:\/\/www.moree.de\/fr\/produit\/pieds-reglables-et-roulettes\/\",\"name\":\"Pieds r\u00e9glables et Roulettes - Moree.de\",\"isPartOf\":{\"@id\":\"https:\/\/www.moree.de\/fr\/#website\"},\"primaryImageOfPage\":{\"@id\":\"https:\/\/www.moree.de\/fr\/produit\/pieds-reglables-et-roulettes\/#primaryimage\"},\"image\":{\"@id\":\"https:\/\/www.moree.de\/fr\/produit\/pieds-reglables-et-roulettes\/#primaryimage\"},\"thumbnailUrl\":\"https:\/\/www.moree.de\/wp-content\/uploads\/2024\/09\/Moree-Zubehoer-Bar-Buffet-FuesseRollen-FeetWheels-Mod-19-01-XX-V2.jpg\",\"datePublished\":\"2021-07-23T07:20:14+00:00\",\"dateModified\":\"2025-10-29T12:33:25+00:00\",\"breadcrumb\":{\"@id\":\"https:\/\/www.moree.de\/fr\/produit\/pieds-reglables-et-roulettes\/#breadcrumb\"},\"inLanguage\":\"fr-FR\",\"potentialAction\":[{\"@type\":\"ReadAction\",\"target\":[\"https:\/\/www.moree.de\/fr\/produit\/pieds-reglables-et-roulettes\/\"]}]},{\"@type\":\"ImageObject\",\"inLanguage\":\"fr-FR\",\"@id\":\"https:\/\/www.moree.de\/fr\/produit\/pieds-reglables-et-roulettes\/#primaryimage\",\"url\":\"https:\/\/www.moree.de\/wp-content\/uploads\/2024\/09\/Moree-Zubehoer-Bar-Buffet-FuesseRollen-FeetWheels-Mod-19-01-XX-V2.jpg\",\"contentUrl\":\"https:\/\/www.moree.de\/wp-content\/uploads\/2024\/09\/Moree-Zubehoer-Bar-Buffet-FuesseRollen-FeetWheels-Mod-19-01-XX-V2.jpg\",\"width\":1000,\"height\":1000},{\"@type\":\"BreadcrumbList\",\"@id\":\"https:\/\/www.moree.de\/fr\/produit\/pieds-reglables-et-roulettes\/#breadcrumb\",\"itemListElement\":[{\"@type\":\"ListItem\",\"position\":1,\"name\":\"Home\",\"item\":\"https:\/\/www.moree.de\/fr\/\"},{\"@type\":\"ListItem\",\"position\":2,\"name\":\"Shop\",\"item\":\"https:\/\/www.moree.de\/shop\/\"},{\"@type\":\"ListItem\",\"position\":3,\"name\":\"Pieds r\u00e9glables et Roulettes\"}]},{\"@type\":\"WebSite\",\"@id\":\"https:\/\/www.moree.de\/fr\/#website\",\"url\":\"https:\/\/www.moree.de\/fr\/\",\"name\":\"Moree.de\",\"description\":\"Gastronomie M\u00f6bel, Lounge M\u00f6bel, Barhocker und LED M\u00f6bel\",\"publisher\":{\"@id\":\"https:\/\/www.moree.de\/fr\/#organization\"},\"potentialAction\":[{\"@type\":\"SearchAction\",\"target\":{\"@type\":\"EntryPoint\",\"urlTemplate\":\"https:\/\/www.moree.de\/fr\/?s={search_term_string}\"},\"query-input\":{\"@type\":\"PropertyValueSpecification\",\"valueRequired\":true,\"valueName\":\"search_term_string\"}}],\"inLanguage\":\"fr-FR\"},{\"@type\":\"Organization\",\"@id\":\"https:\/\/www.moree.de\/fr\/#organization\",\"name\":\"Moree.de\",\"url\":\"https:\/\/www.moree.de\/fr\/\",\"logo\":{\"@type\":\"ImageObject\",\"inLanguage\":\"fr-FR\",\"@id\":\"https:\/\/www.moree.de\/fr\/#\/schema\/logo\/image\/\",\"url\":\"https:\/\/www.moree.de\/wp-content\/uploads\/2021\/05\/moree-logo.svg\",\"contentUrl\":\"https:\/\/www.moree.de\/wp-content\/uploads\/2021\/05\/moree-logo.svg\",\"width\":349,\"height\":62,\"caption\":\"Moree.de\"},\"image\":{\"@id\":\"https:\/\/www.moree.de\/fr\/#\/schema\/logo\/image\/\"}}]}<\/script>\n<!-- \/ Yoast SEO plugin. -->","yoast_head_json":{"title":"Pieds r\u00e9glables et Roulettes - Moree.de","robots":{"index":"index","follow":"follow","max-snippet":"max-snippet:-1","max-image-preview":"max-image-preview:large","max-video-preview":"max-video-preview:-1"},"canonical":"https:\/\/www.moree.de\/fr\/produit\/pieds-reglables-et-roulettes\/","og_locale":"fr_FR","og_type":"article","og_title":"Pieds r\u00e9glables et Roulettes - Moree.de","og_description":"Qu'il s'agisse de pieds r\u00e9glables d'une hauteur de 20 ou 60 mm ou de roulettes avec frein d'une hauteur de 60 ou 100 mm, gr\u00e2ce \u00e0 notre vaste gamme d'accessoires, nous fabriquons des modules de comptoirs et de buffets personnalis\u00e9s selon vos souhaits.","og_url":"https:\/\/www.moree.de\/fr\/produit\/pieds-reglables-et-roulettes\/","og_site_name":"Moree.de","article_modified_time":"2025-10-29T12:33:25+00:00","og_image":[{"width":1000,"height":1000,"url":"https:\/\/www.moree.de\/wp-content\/uploads\/2024\/09\/Moree-Zubehoer-Bar-Buffet-FuesseRollen-FeetWheels-Mod-19-01-XX-V2.jpg","type":"image\/jpeg"}],"twitter_card":"summary_large_image","schema":{"@context":"https:\/\/schema.org","@graph":[{"@type":"WebPage","@id":"https:\/\/www.moree.de\/fr\/produit\/pieds-reglables-et-roulettes\/","url":"https:\/\/www.moree.de\/fr\/produit\/pieds-reglables-et-roulettes\/","name":"Pieds r\u00e9glables et Roulettes - Moree.de","isPartOf":{"@id":"https:\/\/www.moree.de\/fr\/#website"},"primaryImageOfPage":{"@id":"https:\/\/www.moree.de\/fr\/produit\/pieds-reglables-et-roulettes\/#primaryimage"},"image":{"@id":"https:\/\/www.moree.de\/fr\/produit\/pieds-reglables-et-roulettes\/#primaryimage"},"thumbnailUrl":"https:\/\/www.moree.de\/wp-content\/uploads\/2024\/09\/Moree-Zubehoer-Bar-Buffet-FuesseRollen-FeetWheels-Mod-19-01-XX-V2.jpg","datePublished":"2021-07-23T07:20:14+00:00","dateModified":"2025-10-29T12:33:25+00:00","breadcrumb":{"@id":"https:\/\/www.moree.de\/fr\/produit\/pieds-reglables-et-roulettes\/#breadcrumb"},"inLanguage":"fr-FR","potentialAction":[{"@type":"ReadAction","target":["https:\/\/www.moree.de\/fr\/produit\/pieds-reglables-et-roulettes\/"]}]},{"@type":"ImageObject","inLanguage":"fr-FR","@id":"https:\/\/www.moree.de\/fr\/produit\/pieds-reglables-et-roulettes\/#primaryimage","url":"https:\/\/www.moree.de\/wp-content\/uploads\/2024\/09\/Moree-Zubehoer-Bar-Buffet-FuesseRollen-FeetWheels-Mod-19-01-XX-V2.jpg","contentUrl":"https:\/\/www.moree.de\/wp-content\/uploads\/2024\/09\/Moree-Zubehoer-Bar-Buffet-FuesseRollen-FeetWheels-Mod-19-01-XX-V2.jpg","width":1000,"height":1000},{"@type":"BreadcrumbList","@id":"https:\/\/www.moree.de\/fr\/produit\/pieds-reglables-et-roulettes\/#breadcrumb","itemListElement":[{"@type":"ListItem","position":1,"name":"Home","item":"https:\/\/www.moree.de\/fr\/"},{"@type":"ListItem","position":2,"name":"Shop","item":"https:\/\/www.moree.de\/shop\/"},{"@type":"ListItem","position":3,"name":"Pieds r\u00e9glables et Roulettes"}]},{"@type":"WebSite","@id":"https:\/\/www.moree.de\/fr\/#website","url":"https:\/\/www.moree.de\/fr\/","name":"Moree.de","description":"Gastronomie M\u00f6bel, Lounge M\u00f6bel, Barhocker und LED M\u00f6bel","publisher":{"@id":"https:\/\/www.moree.de\/fr\/#organization"},"potentialAction":[{"@type":"SearchAction","target":{"@type":"EntryPoint","urlTemplate":"https:\/\/www.moree.de\/fr\/?s={search_term_string}"},"query-input":{"@type":"PropertyValueSpecification","valueRequired":true,"valueName":"search_term_string"}}],"inLanguage":"fr-FR"},{"@type":"Organization","@id":"https:\/\/www.moree.de\/fr\/#organization","name":"Moree.de","url":"https:\/\/www.moree.de\/fr\/","logo":{"@type":"ImageObject","inLanguage":"fr-FR","@id":"https:\/\/www.moree.de\/fr\/#\/schema\/logo\/image\/","url":"https:\/\/www.moree.de\/wp-content\/uploads\/2021\/05\/moree-logo.svg","contentUrl":"https:\/\/www.moree.de\/wp-content\/uploads\/2021\/05\/moree-logo.svg","width":349,"height":62,"caption":"Moree.de"},"image":{"@id":"https:\/\/www.moree.de\/fr\/#\/schema\/logo\/image\/"}}]}},"_links":{"self":[{"href":"https:\/\/www.moree.de\/fr\/wp-json\/wp\/v2\/product\/7858","targetHints":{"allow":["GET"]}}],"collection":[{"href":"https:\/\/www.moree.de\/fr\/wp-json\/wp\/v2\/product"}],"about":[{"href":"https:\/\/www.moree.de\/fr\/wp-json\/wp\/v2\/types\/product"}],"wp:featuredmedia":[{"embeddable":true,"href":"https:\/\/www.moree.de\/fr\/wp-json\/wp\/v2\/media\/22429"}],"wp:attachment":[{"href":"https:\/\/www.moree.de\/fr\/wp-json\/wp\/v2\/media?parent=7858"}],"wp:term":[{"taxonomy":"product_brand","embeddable":true,"href":"https:\/\/www.moree.de\/fr\/wp-json\/wp\/v2\/product_brand?post=7858"},{"taxonomy":"product_cat","embeddable":true,"href":"https:\/\/www.moree.de\/fr\/wp-json\/wp\/v2\/product_cat?post=7858"},{"taxonomy":"product_tag","embeddable":true,"href":"https:\/\/www.moree.de\/fr\/wp-json\/wp\/v2\/product_tag?post=7858"}],"curies":[{"name":"wp","href":"https:\/\/api.w.org\/{rel}","templated":true}]}}