{"id":7863,"date":"2021-07-23T14:18:57","date_gmt":"2021-07-23T12:18:57","guid":{"rendered":"https:\/\/www.moree.de\/produkt\/caisses-de-transport\/"},"modified":"2025-10-29T13:33:23","modified_gmt":"2025-10-29T12:33:23","slug":"caisses-de-transport","status":"publish","type":"product","link":"https:\/\/www.moree.de\/fr\/produit\/caisses-de-transport\/","title":{"rendered":"Caisses de transport"},"content":{"rendered":"<p><strong>Bo\u00eetes de transport pour modules de bar et de buffet<\/strong><\/p>\n<p>Les modules de bar et de buffet Moree sont de tr\u00e8s grande qualit\u00e9 et doivent \u00eatre prot\u00e9g\u00e9s contre les dommages lors du stockage et du transport. Nous proposons des emballages de transport professionnels sp\u00e9cialement con\u00e7us pour tous les modules !<\/p>\n<p>Nous nous ferons un plaisir de vous conseiller personnellement. N&rsquo;h\u00e9sitez pas \u00e0 nous contacter si vous avez besoin de plus d&rsquo;informations ou d&rsquo;une offre personnalis\u00e9e.<\/p>\n","protected":false},"excerpt":{"rendered":"<p>Les modules de bar et de buffet Moree sont de tr\u00e8s grande qualit\u00e9 et doivent \u00eatre prot\u00e9g\u00e9s contre les dommages lors du stockage et du transport. Nous proposons des emballages de transport professionnels sp\u00e9cialement con\u00e7us pour tous les modules !<\/p>\n","protected":false},"featured_media":15411,"template":"","meta":{"_acf_changed":false},"product_brand":[],"product_cat":[503,496],"product_tag":[],"class_list":{"0":"post-7863","1":"product","2":"type-product","3":"status-publish","4":"has-post-thumbnail","6":"product_cat-meuble-bar-comptoir","7":"product_cat-bar-lumineux","9":"first","10":"instock","11":"taxable","12":"shipping-taxable","13":"product-type-simple"},"acf":[],"yoast_head":"<!-- This site is optimized with the Yoast SEO plugin v26.8 - https:\/\/yoast.com\/product\/yoast-seo-wordpress\/ -->\n<title>Caisses de transport - Moree.de<\/title>\n<meta name=\"robots\" content=\"index, follow, max-snippet:-1, max-image-preview:large, max-video-preview:-1\" \/>\n<link rel=\"canonical\" href=\"https:\/\/www.moree.de\/fr\/produit\/caisses-de-transport\/\" \/>\n<meta property=\"og:locale\" content=\"fr_FR\" \/>\n<meta property=\"og:type\" content=\"article\" \/>\n<meta property=\"og:title\" content=\"Caisses de transport - Moree.de\" \/>\n<meta property=\"og:description\" content=\"Les modules de bar et de buffet Moree sont de tr\u00e8s grande qualit\u00e9 et doivent \u00eatre prot\u00e9g\u00e9s contre les dommages lors du stockage et du transport. Nous proposons des emballages de transport professionnels sp\u00e9cialement con\u00e7us pour tous les modules !\" \/>\n<meta property=\"og:url\" content=\"https:\/\/www.moree.de\/fr\/produit\/caisses-de-transport\/\" \/>\n<meta property=\"og:site_name\" content=\"Moree.de\" \/>\n<meta property=\"article:modified_time\" content=\"2025-10-29T12:33:23+00:00\" \/>\n<meta property=\"og:image\" content=\"https:\/\/www.moree.de\/wp-content\/uploads\/2021\/07\/Moree-Bar-Buffet-Transportboxen-auf-Anfrage-1.jpg\" \/>\n\t<meta property=\"og:image:width\" content=\"1115\" \/>\n\t<meta property=\"og:image:height\" content=\"1115\" \/>\n\t<meta property=\"og:image:type\" content=\"image\/jpeg\" \/>\n<meta name=\"twitter:card\" content=\"summary_large_image\" \/>\n<script type=\"application\/ld+json\" class=\"yoast-schema-graph\">{\"@context\":\"https:\/\/schema.org\",\"@graph\":[{\"@type\":\"WebPage\",\"@id\":\"https:\/\/www.moree.de\/fr\/produit\/caisses-de-transport\/\",\"url\":\"https:\/\/www.moree.de\/fr\/produit\/caisses-de-transport\/\",\"name\":\"Caisses de transport - Moree.de\",\"isPartOf\":{\"@id\":\"https:\/\/www.moree.de\/fr\/#website\"},\"primaryImageOfPage\":{\"@id\":\"https:\/\/www.moree.de\/fr\/produit\/caisses-de-transport\/#primaryimage\"},\"image\":{\"@id\":\"https:\/\/www.moree.de\/fr\/produit\/caisses-de-transport\/#primaryimage\"},\"thumbnailUrl\":\"https:\/\/www.moree.de\/wp-content\/uploads\/2021\/07\/Moree-Bar-Buffet-Transportboxen-auf-Anfrage-1.jpg\",\"datePublished\":\"2021-07-23T12:18:57+00:00\",\"dateModified\":\"2025-10-29T12:33:23+00:00\",\"breadcrumb\":{\"@id\":\"https:\/\/www.moree.de\/fr\/produit\/caisses-de-transport\/#breadcrumb\"},\"inLanguage\":\"fr-FR\",\"potentialAction\":[{\"@type\":\"ReadAction\",\"target\":[\"https:\/\/www.moree.de\/fr\/produit\/caisses-de-transport\/\"]}]},{\"@type\":\"ImageObject\",\"inLanguage\":\"fr-FR\",\"@id\":\"https:\/\/www.moree.de\/fr\/produit\/caisses-de-transport\/#primaryimage\",\"url\":\"https:\/\/www.moree.de\/wp-content\/uploads\/2021\/07\/Moree-Bar-Buffet-Transportboxen-auf-Anfrage-1.jpg\",\"contentUrl\":\"https:\/\/www.moree.de\/wp-content\/uploads\/2021\/07\/Moree-Bar-Buffet-Transportboxen-auf-Anfrage-1.jpg\",\"width\":1115,\"height\":1115},{\"@type\":\"BreadcrumbList\",\"@id\":\"https:\/\/www.moree.de\/fr\/produit\/caisses-de-transport\/#breadcrumb\",\"itemListElement\":[{\"@type\":\"ListItem\",\"position\":1,\"name\":\"Home\",\"item\":\"https:\/\/www.moree.de\/fr\/\"},{\"@type\":\"ListItem\",\"position\":2,\"name\":\"Shop\",\"item\":\"https:\/\/www.moree.de\/shop\/\"},{\"@type\":\"ListItem\",\"position\":3,\"name\":\"Caisses de transport\"}]},{\"@type\":\"WebSite\",\"@id\":\"https:\/\/www.moree.de\/fr\/#website\",\"url\":\"https:\/\/www.moree.de\/fr\/\",\"name\":\"Moree.de\",\"description\":\"Gastronomie M\u00f6bel, Lounge M\u00f6bel, Barhocker und LED M\u00f6bel\",\"publisher\":{\"@id\":\"https:\/\/www.moree.de\/fr\/#organization\"},\"potentialAction\":[{\"@type\":\"SearchAction\",\"target\":{\"@type\":\"EntryPoint\",\"urlTemplate\":\"https:\/\/www.moree.de\/fr\/?s={search_term_string}\"},\"query-input\":{\"@type\":\"PropertyValueSpecification\",\"valueRequired\":true,\"valueName\":\"search_term_string\"}}],\"inLanguage\":\"fr-FR\"},{\"@type\":\"Organization\",\"@id\":\"https:\/\/www.moree.de\/fr\/#organization\",\"name\":\"Moree.de\",\"url\":\"https:\/\/www.moree.de\/fr\/\",\"logo\":{\"@type\":\"ImageObject\",\"inLanguage\":\"fr-FR\",\"@id\":\"https:\/\/www.moree.de\/fr\/#\/schema\/logo\/image\/\",\"url\":\"https:\/\/www.moree.de\/wp-content\/uploads\/2021\/05\/moree-logo.svg\",\"contentUrl\":\"https:\/\/www.moree.de\/wp-content\/uploads\/2021\/05\/moree-logo.svg\",\"width\":349,\"height\":62,\"caption\":\"Moree.de\"},\"image\":{\"@id\":\"https:\/\/www.moree.de\/fr\/#\/schema\/logo\/image\/\"}}]}<\/script>\n<!-- \/ Yoast SEO plugin. -->","yoast_head_json":{"title":"Caisses de transport - Moree.de","robots":{"index":"index","follow":"follow","max-snippet":"max-snippet:-1","max-image-preview":"max-image-preview:large","max-video-preview":"max-video-preview:-1"},"canonical":"https:\/\/www.moree.de\/fr\/produit\/caisses-de-transport\/","og_locale":"fr_FR","og_type":"article","og_title":"Caisses de transport - Moree.de","og_description":"Les modules de bar et de buffet Moree sont de tr\u00e8s grande qualit\u00e9 et doivent \u00eatre prot\u00e9g\u00e9s contre les dommages lors du stockage et du transport. Nous proposons des emballages de transport professionnels sp\u00e9cialement con\u00e7us pour tous les modules !","og_url":"https:\/\/www.moree.de\/fr\/produit\/caisses-de-transport\/","og_site_name":"Moree.de","article_modified_time":"2025-10-29T12:33:23+00:00","og_image":[{"width":1115,"height":1115,"url":"https:\/\/www.moree.de\/wp-content\/uploads\/2021\/07\/Moree-Bar-Buffet-Transportboxen-auf-Anfrage-1.jpg","type":"image\/jpeg"}],"twitter_card":"summary_large_image","schema":{"@context":"https:\/\/schema.org","@graph":[{"@type":"WebPage","@id":"https:\/\/www.moree.de\/fr\/produit\/caisses-de-transport\/","url":"https:\/\/www.moree.de\/fr\/produit\/caisses-de-transport\/","name":"Caisses de transport - Moree.de","isPartOf":{"@id":"https:\/\/www.moree.de\/fr\/#website"},"primaryImageOfPage":{"@id":"https:\/\/www.moree.de\/fr\/produit\/caisses-de-transport\/#primaryimage"},"image":{"@id":"https:\/\/www.moree.de\/fr\/produit\/caisses-de-transport\/#primaryimage"},"thumbnailUrl":"https:\/\/www.moree.de\/wp-content\/uploads\/2021\/07\/Moree-Bar-Buffet-Transportboxen-auf-Anfrage-1.jpg","datePublished":"2021-07-23T12:18:57+00:00","dateModified":"2025-10-29T12:33:23+00:00","breadcrumb":{"@id":"https:\/\/www.moree.de\/fr\/produit\/caisses-de-transport\/#breadcrumb"},"inLanguage":"fr-FR","potentialAction":[{"@type":"ReadAction","target":["https:\/\/www.moree.de\/fr\/produit\/caisses-de-transport\/"]}]},{"@type":"ImageObject","inLanguage":"fr-FR","@id":"https:\/\/www.moree.de\/fr\/produit\/caisses-de-transport\/#primaryimage","url":"https:\/\/www.moree.de\/wp-content\/uploads\/2021\/07\/Moree-Bar-Buffet-Transportboxen-auf-Anfrage-1.jpg","contentUrl":"https:\/\/www.moree.de\/wp-content\/uploads\/2021\/07\/Moree-Bar-Buffet-Transportboxen-auf-Anfrage-1.jpg","width":1115,"height":1115},{"@type":"BreadcrumbList","@id":"https:\/\/www.moree.de\/fr\/produit\/caisses-de-transport\/#breadcrumb","itemListElement":[{"@type":"ListItem","position":1,"name":"Home","item":"https:\/\/www.moree.de\/fr\/"},{"@type":"ListItem","position":2,"name":"Shop","item":"https:\/\/www.moree.de\/shop\/"},{"@type":"ListItem","position":3,"name":"Caisses de transport"}]},{"@type":"WebSite","@id":"https:\/\/www.moree.de\/fr\/#website","url":"https:\/\/www.moree.de\/fr\/","name":"Moree.de","description":"Gastronomie M\u00f6bel, Lounge M\u00f6bel, Barhocker und LED M\u00f6bel","publisher":{"@id":"https:\/\/www.moree.de\/fr\/#organization"},"potentialAction":[{"@type":"SearchAction","target":{"@type":"EntryPoint","urlTemplate":"https:\/\/www.moree.de\/fr\/?s={search_term_string}"},"query-input":{"@type":"PropertyValueSpecification","valueRequired":true,"valueName":"search_term_string"}}],"inLanguage":"fr-FR"},{"@type":"Organization","@id":"https:\/\/www.moree.de\/fr\/#organization","name":"Moree.de","url":"https:\/\/www.moree.de\/fr\/","logo":{"@type":"ImageObject","inLanguage":"fr-FR","@id":"https:\/\/www.moree.de\/fr\/#\/schema\/logo\/image\/","url":"https:\/\/www.moree.de\/wp-content\/uploads\/2021\/05\/moree-logo.svg","contentUrl":"https:\/\/www.moree.de\/wp-content\/uploads\/2021\/05\/moree-logo.svg","width":349,"height":62,"caption":"Moree.de"},"image":{"@id":"https:\/\/www.moree.de\/fr\/#\/schema\/logo\/image\/"}}]}},"_links":{"self":[{"href":"https:\/\/www.moree.de\/fr\/wp-json\/wp\/v2\/product\/7863","targetHints":{"allow":["GET"]}}],"collection":[{"href":"https:\/\/www.moree.de\/fr\/wp-json\/wp\/v2\/product"}],"about":[{"href":"https:\/\/www.moree.de\/fr\/wp-json\/wp\/v2\/types\/product"}],"wp:featuredmedia":[{"embeddable":true,"href":"https:\/\/www.moree.de\/fr\/wp-json\/wp\/v2\/media\/15411"}],"wp:attachment":[{"href":"https:\/\/www.moree.de\/fr\/wp-json\/wp\/v2\/media?parent=7863"}],"wp:term":[{"taxonomy":"product_brand","embeddable":true,"href":"https:\/\/www.moree.de\/fr\/wp-json\/wp\/v2\/product_brand?post=7863"},{"taxonomy":"product_cat","embeddable":true,"href":"https:\/\/www.moree.de\/fr\/wp-json\/wp\/v2\/product_cat?post=7863"},{"taxonomy":"product_tag","embeddable":true,"href":"https:\/\/www.moree.de\/fr\/wp-json\/wp\/v2\/product_tag?post=7863"}],"curies":[{"name":"wp","href":"https:\/\/api.w.org\/{rel}","templated":true}]}}