{"id":7865,"date":"2021-07-26T10:25:41","date_gmt":"2021-07-26T08:25:41","guid":{"rendered":"https:\/\/www.moree.de\/produkt\/mondes-thematiques\/"},"modified":"2025-10-29T13:33:19","modified_gmt":"2025-10-29T12:33:19","slug":"mondes-thematiques","status":"publish","type":"product","link":"https:\/\/www.moree.de\/fr\/produit\/mondes-thematiques\/","title":{"rendered":"Mondes th\u00e9matiques"},"content":{"rendered":"<p>Individualisation &#8211; Mondes th\u00e9matiques<\/p>\n<p>La couleur standard des modules est le blanc. D\u00e8s \u00e0 pr\u00e9sent, tous les modules sont \u00e9galement disponibles dans une large gamme de couleurs, de bois, de mat\u00e9riaux et de d\u00e9cors m\u00e9talliques. Les comptoirs et les pi\u00e8ces d&rsquo;extr\u00e9mit\u00e9 peuvent \u00e9galement \u00eatre laqu\u00e9s dans des couleurs sp\u00e9ciales ou fabriqu\u00e9s en bois massif. Des tailles sp\u00e9ciales sont \u00e9galement possibles.<\/p>\n","protected":false},"excerpt":{"rendered":"<p>Concevez vos propres mondes \u00e0 th\u00e8me de bar et de buffet ! Des d\u00e9cors individuels peuvent \u00eatre cr\u00e9\u00e9s en utilisant des d\u00e9cors. Laissez-vous inspirer par nos exemples \u00e0 gauche &#8230;<\/p>\n","protected":false},"featured_media":6294,"template":"","meta":{"_acf_changed":false},"product_brand":[],"product_cat":[496,499],"product_tag":[],"class_list":{"0":"post-7865","1":"product","2":"type-product","3":"status-publish","4":"has-post-thumbnail","6":"product_cat-bar-lumineux","7":"product_cat-comptoir-stand","9":"first","10":"instock","11":"taxable","12":"shipping-taxable","13":"product-type-simple"},"acf":[],"yoast_head":"<!-- This site is optimized with the Yoast SEO plugin v26.8 - https:\/\/yoast.com\/product\/yoast-seo-wordpress\/ -->\n<title>Mondes th\u00e9matiques - Moree.de<\/title>\n<meta name=\"robots\" content=\"index, follow, max-snippet:-1, max-image-preview:large, max-video-preview:-1\" \/>\n<link rel=\"canonical\" href=\"https:\/\/www.moree.de\/fr\/produit\/mondes-thematiques\/\" \/>\n<meta property=\"og:locale\" content=\"fr_FR\" \/>\n<meta property=\"og:type\" content=\"article\" \/>\n<meta property=\"og:title\" content=\"Mondes th\u00e9matiques - Moree.de\" \/>\n<meta property=\"og:description\" content=\"Concevez vos propres mondes \u00e0 th\u00e8me de bar et de buffet ! Des d\u00e9cors individuels peuvent \u00eatre cr\u00e9\u00e9s en utilisant des d\u00e9cors. Laissez-vous inspirer par nos exemples \u00e0 gauche ...\" \/>\n<meta property=\"og:url\" content=\"https:\/\/www.moree.de\/fr\/produit\/mondes-thematiques\/\" \/>\n<meta property=\"og:site_name\" content=\"Moree.de\" \/>\n<meta property=\"article:modified_time\" content=\"2025-10-29T12:33:19+00:00\" \/>\n<meta property=\"og:image\" content=\"https:\/\/www.moree.de\/wp-content\/uploads\/2021\/07\/Themen-Moree-Bar-ORIENTAL-GLAMOUR.jpg\" \/>\n\t<meta property=\"og:image:width\" content=\"1200\" \/>\n\t<meta property=\"og:image:height\" content=\"900\" \/>\n\t<meta property=\"og:image:type\" content=\"image\/jpeg\" \/>\n<meta name=\"twitter:card\" content=\"summary_large_image\" \/>\n<script type=\"application\/ld+json\" class=\"yoast-schema-graph\">{\"@context\":\"https:\/\/schema.org\",\"@graph\":[{\"@type\":\"WebPage\",\"@id\":\"https:\/\/www.moree.de\/fr\/produit\/mondes-thematiques\/\",\"url\":\"https:\/\/www.moree.de\/fr\/produit\/mondes-thematiques\/\",\"name\":\"Mondes th\u00e9matiques - Moree.de\",\"isPartOf\":{\"@id\":\"https:\/\/www.moree.de\/fr\/#website\"},\"primaryImageOfPage\":{\"@id\":\"https:\/\/www.moree.de\/fr\/produit\/mondes-thematiques\/#primaryimage\"},\"image\":{\"@id\":\"https:\/\/www.moree.de\/fr\/produit\/mondes-thematiques\/#primaryimage\"},\"thumbnailUrl\":\"https:\/\/www.moree.de\/wp-content\/uploads\/2021\/07\/Themen-Moree-Bar-ORIENTAL-GLAMOUR.jpg\",\"datePublished\":\"2021-07-26T08:25:41+00:00\",\"dateModified\":\"2025-10-29T12:33:19+00:00\",\"breadcrumb\":{\"@id\":\"https:\/\/www.moree.de\/fr\/produit\/mondes-thematiques\/#breadcrumb\"},\"inLanguage\":\"fr-FR\",\"potentialAction\":[{\"@type\":\"ReadAction\",\"target\":[\"https:\/\/www.moree.de\/fr\/produit\/mondes-thematiques\/\"]}]},{\"@type\":\"ImageObject\",\"inLanguage\":\"fr-FR\",\"@id\":\"https:\/\/www.moree.de\/fr\/produit\/mondes-thematiques\/#primaryimage\",\"url\":\"https:\/\/www.moree.de\/wp-content\/uploads\/2021\/07\/Themen-Moree-Bar-ORIENTAL-GLAMOUR.jpg\",\"contentUrl\":\"https:\/\/www.moree.de\/wp-content\/uploads\/2021\/07\/Themen-Moree-Bar-ORIENTAL-GLAMOUR.jpg\",\"width\":1200,\"height\":900},{\"@type\":\"BreadcrumbList\",\"@id\":\"https:\/\/www.moree.de\/fr\/produit\/mondes-thematiques\/#breadcrumb\",\"itemListElement\":[{\"@type\":\"ListItem\",\"position\":1,\"name\":\"Home\",\"item\":\"https:\/\/www.moree.de\/fr\/\"},{\"@type\":\"ListItem\",\"position\":2,\"name\":\"Shop\",\"item\":\"https:\/\/www.moree.de\/shop\/\"},{\"@type\":\"ListItem\",\"position\":3,\"name\":\"Mondes th\u00e9matiques\"}]},{\"@type\":\"WebSite\",\"@id\":\"https:\/\/www.moree.de\/fr\/#website\",\"url\":\"https:\/\/www.moree.de\/fr\/\",\"name\":\"Moree.de\",\"description\":\"Gastronomie M\u00f6bel, Lounge M\u00f6bel, Barhocker und LED M\u00f6bel\",\"publisher\":{\"@id\":\"https:\/\/www.moree.de\/fr\/#organization\"},\"potentialAction\":[{\"@type\":\"SearchAction\",\"target\":{\"@type\":\"EntryPoint\",\"urlTemplate\":\"https:\/\/www.moree.de\/fr\/?s={search_term_string}\"},\"query-input\":{\"@type\":\"PropertyValueSpecification\",\"valueRequired\":true,\"valueName\":\"search_term_string\"}}],\"inLanguage\":\"fr-FR\"},{\"@type\":\"Organization\",\"@id\":\"https:\/\/www.moree.de\/fr\/#organization\",\"name\":\"Moree.de\",\"url\":\"https:\/\/www.moree.de\/fr\/\",\"logo\":{\"@type\":\"ImageObject\",\"inLanguage\":\"fr-FR\",\"@id\":\"https:\/\/www.moree.de\/fr\/#\/schema\/logo\/image\/\",\"url\":\"https:\/\/www.moree.de\/wp-content\/uploads\/2021\/05\/moree-logo.svg\",\"contentUrl\":\"https:\/\/www.moree.de\/wp-content\/uploads\/2021\/05\/moree-logo.svg\",\"width\":349,\"height\":62,\"caption\":\"Moree.de\"},\"image\":{\"@id\":\"https:\/\/www.moree.de\/fr\/#\/schema\/logo\/image\/\"}}]}<\/script>\n<!-- \/ Yoast SEO plugin. -->","yoast_head_json":{"title":"Mondes th\u00e9matiques - Moree.de","robots":{"index":"index","follow":"follow","max-snippet":"max-snippet:-1","max-image-preview":"max-image-preview:large","max-video-preview":"max-video-preview:-1"},"canonical":"https:\/\/www.moree.de\/fr\/produit\/mondes-thematiques\/","og_locale":"fr_FR","og_type":"article","og_title":"Mondes th\u00e9matiques - Moree.de","og_description":"Concevez vos propres mondes \u00e0 th\u00e8me de bar et de buffet ! Des d\u00e9cors individuels peuvent \u00eatre cr\u00e9\u00e9s en utilisant des d\u00e9cors. Laissez-vous inspirer par nos exemples \u00e0 gauche ...","og_url":"https:\/\/www.moree.de\/fr\/produit\/mondes-thematiques\/","og_site_name":"Moree.de","article_modified_time":"2025-10-29T12:33:19+00:00","og_image":[{"width":1200,"height":900,"url":"https:\/\/www.moree.de\/wp-content\/uploads\/2021\/07\/Themen-Moree-Bar-ORIENTAL-GLAMOUR.jpg","type":"image\/jpeg"}],"twitter_card":"summary_large_image","schema":{"@context":"https:\/\/schema.org","@graph":[{"@type":"WebPage","@id":"https:\/\/www.moree.de\/fr\/produit\/mondes-thematiques\/","url":"https:\/\/www.moree.de\/fr\/produit\/mondes-thematiques\/","name":"Mondes th\u00e9matiques - Moree.de","isPartOf":{"@id":"https:\/\/www.moree.de\/fr\/#website"},"primaryImageOfPage":{"@id":"https:\/\/www.moree.de\/fr\/produit\/mondes-thematiques\/#primaryimage"},"image":{"@id":"https:\/\/www.moree.de\/fr\/produit\/mondes-thematiques\/#primaryimage"},"thumbnailUrl":"https:\/\/www.moree.de\/wp-content\/uploads\/2021\/07\/Themen-Moree-Bar-ORIENTAL-GLAMOUR.jpg","datePublished":"2021-07-26T08:25:41+00:00","dateModified":"2025-10-29T12:33:19+00:00","breadcrumb":{"@id":"https:\/\/www.moree.de\/fr\/produit\/mondes-thematiques\/#breadcrumb"},"inLanguage":"fr-FR","potentialAction":[{"@type":"ReadAction","target":["https:\/\/www.moree.de\/fr\/produit\/mondes-thematiques\/"]}]},{"@type":"ImageObject","inLanguage":"fr-FR","@id":"https:\/\/www.moree.de\/fr\/produit\/mondes-thematiques\/#primaryimage","url":"https:\/\/www.moree.de\/wp-content\/uploads\/2021\/07\/Themen-Moree-Bar-ORIENTAL-GLAMOUR.jpg","contentUrl":"https:\/\/www.moree.de\/wp-content\/uploads\/2021\/07\/Themen-Moree-Bar-ORIENTAL-GLAMOUR.jpg","width":1200,"height":900},{"@type":"BreadcrumbList","@id":"https:\/\/www.moree.de\/fr\/produit\/mondes-thematiques\/#breadcrumb","itemListElement":[{"@type":"ListItem","position":1,"name":"Home","item":"https:\/\/www.moree.de\/fr\/"},{"@type":"ListItem","position":2,"name":"Shop","item":"https:\/\/www.moree.de\/shop\/"},{"@type":"ListItem","position":3,"name":"Mondes th\u00e9matiques"}]},{"@type":"WebSite","@id":"https:\/\/www.moree.de\/fr\/#website","url":"https:\/\/www.moree.de\/fr\/","name":"Moree.de","description":"Gastronomie M\u00f6bel, Lounge M\u00f6bel, Barhocker und LED M\u00f6bel","publisher":{"@id":"https:\/\/www.moree.de\/fr\/#organization"},"potentialAction":[{"@type":"SearchAction","target":{"@type":"EntryPoint","urlTemplate":"https:\/\/www.moree.de\/fr\/?s={search_term_string}"},"query-input":{"@type":"PropertyValueSpecification","valueRequired":true,"valueName":"search_term_string"}}],"inLanguage":"fr-FR"},{"@type":"Organization","@id":"https:\/\/www.moree.de\/fr\/#organization","name":"Moree.de","url":"https:\/\/www.moree.de\/fr\/","logo":{"@type":"ImageObject","inLanguage":"fr-FR","@id":"https:\/\/www.moree.de\/fr\/#\/schema\/logo\/image\/","url":"https:\/\/www.moree.de\/wp-content\/uploads\/2021\/05\/moree-logo.svg","contentUrl":"https:\/\/www.moree.de\/wp-content\/uploads\/2021\/05\/moree-logo.svg","width":349,"height":62,"caption":"Moree.de"},"image":{"@id":"https:\/\/www.moree.de\/fr\/#\/schema\/logo\/image\/"}}]}},"_links":{"self":[{"href":"https:\/\/www.moree.de\/fr\/wp-json\/wp\/v2\/product\/7865","targetHints":{"allow":["GET"]}}],"collection":[{"href":"https:\/\/www.moree.de\/fr\/wp-json\/wp\/v2\/product"}],"about":[{"href":"https:\/\/www.moree.de\/fr\/wp-json\/wp\/v2\/types\/product"}],"wp:featuredmedia":[{"embeddable":true,"href":"https:\/\/www.moree.de\/fr\/wp-json\/wp\/v2\/media\/6294"}],"wp:attachment":[{"href":"https:\/\/www.moree.de\/fr\/wp-json\/wp\/v2\/media?parent=7865"}],"wp:term":[{"taxonomy":"product_brand","embeddable":true,"href":"https:\/\/www.moree.de\/fr\/wp-json\/wp\/v2\/product_brand?post=7865"},{"taxonomy":"product_cat","embeddable":true,"href":"https:\/\/www.moree.de\/fr\/wp-json\/wp\/v2\/product_cat?post=7865"},{"taxonomy":"product_tag","embeddable":true,"href":"https:\/\/www.moree.de\/fr\/wp-json\/wp\/v2\/product_tag?post=7865"}],"curies":[{"name":"wp","href":"https:\/\/api.w.org\/{rel}","templated":true}]}}