{"id":7891,"date":"2017-07-13T09:58:23","date_gmt":"2021-07-13T07:58:23","guid":{"rendered":"https:\/\/www.moree.de\/produkt\/plage-52-gris\/"},"modified":"2025-10-29T13:34:51","modified_gmt":"2025-10-29T12:34:51","slug":"plage-52-gris","status":"publish","type":"product","link":"https:\/\/www.moree.de\/fr\/produit\/plage-52-gris\/","title":{"rendered":"Plage 52 Gris"},"content":{"rendered":"<p>Comme son nom l&rsquo;indique, Beach est notre nouvelle table en palette au look us\u00e9 tr\u00e8s tendance, qui a sa place sur la plage, sur la terrasse et dans tous les bars de plage. Une combinaison moderne de bois et d&rsquo;\u00e9clairage qui peut r\u00e9sister \u00e0 tous les temps et \u00e0 toutes les f\u00eates. \u00c9quip\u00e9 de RGB et d&rsquo;une batterie rechargeable, il illumine n&rsquo;importe quel environnement et offre un espace pour les cocktails, les amuse-gueules ou les boissons rafra\u00eechissantes en \u00e9t\u00e9. Qu&rsquo;il s&rsquo;agisse d&rsquo;un bar de plage ou d&rsquo;un espace piscine, \u00ab\u00a0Beach\u00a0\u00bb est la table \u00e0 palette parfaite de jour comme de nuit.<\/p>\n<p>Notre dernier mod\u00e8le de table est \u00e9quip\u00e9 d&rsquo;une unit\u00e9 LED \u00e0 induction facilement interchangeable et rechargeable, ainsi que d&rsquo;une batterie rechargeable, qui peut \u00eatre facilement contr\u00f4l\u00e9e par t\u00e9l\u00e9commande. L&rsquo;unit\u00e9 d&rsquo;\u00e9clairage est dot\u00e9e d&rsquo;une poign\u00e9e int\u00e9gr\u00e9e et d&rsquo;un verrou magn\u00e9tique, ce qui facilite son remplacement. Cela permet une recharge facile et pratique \u00e0 l&rsquo;ext\u00e9rieur du restaurant ou avant la garden-party m\u00e9ticuleusement pr\u00e9par\u00e9e.<br \/>\nDerni\u00e8re nouveaut\u00e9, \u00ab\u00a0Beach\u00a0\u00bb comprend une station de recharge par induction. Elle est \u00e9galement \u00e9quip\u00e9e d&rsquo;un plateau de table en verre de s\u00e9curit\u00e9 de haute qualit\u00e9.<\/p>\n<p>Le nouveau mobilier d&rsquo;ext\u00e9rieur de Moree est disponible en deux variantes de couleur. En bois teint\u00e9 blanc et gris, \u00ab\u00a0Beach\u00a0\u00bb est \u00e0 la fois classique et moderne &#8211; parfait pour un look estival de bord de mer. La table d&rsquo;appoint mesure 52 x 52 x 42 et offre un espace pour les boissons et la nourriture.<\/p>\n<p>Si vous cherchez le compagnon id\u00e9al pour votre jardin priv\u00e9 ou pour votre terrasse dans le secteur de la restauration, \u00ab\u00a0Beach\u00a0\u00bb s&rsquo;adapte \u00e0 tous les environnements, est facile \u00e0 utiliser et donne une belle lumi\u00e8re \u00e0 votre balcon ou \u00e0 votre v\u00e9randa. Gardez l&rsquo;espace pour les lumi\u00e8res ou les bougies sur la table et servez \u00e0 vos invit\u00e9s une boisson fra\u00eeche, des tapas espagnoles, des antipasti italiens ou ce qu&rsquo;ils veulent \u00e0 la place. Laissez briller \u00ab\u00a0Beach\u00a0\u00bb par en dessous et profitez du must-have de la saison estivale. Notre conclusion : une table \u00e0 palette de la nouvelle g\u00e9n\u00e9ration !<\/p>\n\n","protected":false},"excerpt":{"rendered":"<p>Ambiance parfaite pour la terrasse, le jardin et le balcon, avec l&rsquo;unit\u00e9 de batterie LED multicolore pour l&rsquo;ext\u00e9rieur !<\/p>\n","protected":false},"featured_media":5328,"template":"","meta":{"_acf_changed":false},"product_brand":[],"product_cat":[270,272,268,265,275,271,264,273,274],"product_tag":[],"class_list":{"0":"post-7891","1":"product","2":"type-product","3":"status-publish","4":"has-post-thumbnail","6":"product_cat-lampe-sans-fil","7":"product_cat-salon-de-jardin-exterieur","8":"product_cat-mobilier-design","9":"product_cat-tables-a-del","10":"product_cat-table-basse-led","11":"product_cat-table-led","12":"product_cat-table-basse-lumineuse-led","13":"product_cat-mobilier-lumineux-exterieur","14":"product_cat-mobilier-de-jardin","16":"first","17":"outofstock","18":"taxable","19":"shipping-taxable","20":"purchasable","21":"product-type-simple"},"acf":[],"yoast_head":"<!-- This site is optimized with the Yoast SEO plugin v26.8 - https:\/\/yoast.com\/product\/yoast-seo-wordpress\/ -->\n<title>Plage 52 Gris - Moree.de<\/title>\n<meta name=\"robots\" content=\"index, follow, max-snippet:-1, max-image-preview:large, max-video-preview:-1\" \/>\n<link rel=\"canonical\" href=\"https:\/\/www.moree.de\/fr\/produit\/plage-52-gris\/\" \/>\n<meta property=\"og:locale\" content=\"fr_FR\" \/>\n<meta property=\"og:type\" content=\"article\" \/>\n<meta property=\"og:title\" content=\"Plage 52 Gris - Moree.de\" \/>\n<meta property=\"og:description\" content=\"Ambiance parfaite pour la terrasse, le jardin et le balcon, avec l&#039;unit\u00e9 de batterie LED multicolore pour l&#039;ext\u00e9rieur !\" \/>\n<meta property=\"og:url\" content=\"https:\/\/www.moree.de\/fr\/produit\/plage-52-gris\/\" \/>\n<meta property=\"og:site_name\" content=\"Moree.de\" \/>\n<meta property=\"article:modified_time\" content=\"2025-10-29T12:34:51+00:00\" \/>\n<meta property=\"og:image\" content=\"https:\/\/www.moree.de\/wp-content\/uploads\/2021\/07\/Beach-52-shisha-tisch-outdoor-ambiente.jpg\" \/>\n\t<meta property=\"og:image:width\" content=\"1000\" \/>\n\t<meta property=\"og:image:height\" content=\"1000\" \/>\n\t<meta property=\"og:image:type\" content=\"image\/jpeg\" \/>\n<meta name=\"twitter:card\" content=\"summary_large_image\" \/>\n<meta name=\"twitter:label1\" content=\"Dur\u00e9e de lecture estim\u00e9e\" \/>\n\t<meta name=\"twitter:data1\" content=\"2 minutes\" \/>\n<script type=\"application\/ld+json\" class=\"yoast-schema-graph\">{\"@context\":\"https:\/\/schema.org\",\"@graph\":[{\"@type\":\"WebPage\",\"@id\":\"https:\/\/www.moree.de\/fr\/produit\/plage-52-gris\/\",\"url\":\"https:\/\/www.moree.de\/fr\/produit\/plage-52-gris\/\",\"name\":\"Plage 52 Gris - Moree.de\",\"isPartOf\":{\"@id\":\"https:\/\/www.moree.de\/fr\/#website\"},\"primaryImageOfPage\":{\"@id\":\"https:\/\/www.moree.de\/fr\/produit\/plage-52-gris\/#primaryimage\"},\"image\":{\"@id\":\"https:\/\/www.moree.de\/fr\/produit\/plage-52-gris\/#primaryimage\"},\"thumbnailUrl\":\"https:\/\/www.moree.de\/wp-content\/uploads\/2021\/07\/Beach-52-shisha-tisch-outdoor-ambiente.jpg\",\"datePublished\":\"2021-07-13T07:58:23+00:00\",\"dateModified\":\"2025-10-29T12:34:51+00:00\",\"breadcrumb\":{\"@id\":\"https:\/\/www.moree.de\/fr\/produit\/plage-52-gris\/#breadcrumb\"},\"inLanguage\":\"fr-FR\",\"potentialAction\":[{\"@type\":\"ReadAction\",\"target\":[\"https:\/\/www.moree.de\/fr\/produit\/plage-52-gris\/\"]}]},{\"@type\":\"ImageObject\",\"inLanguage\":\"fr-FR\",\"@id\":\"https:\/\/www.moree.de\/fr\/produit\/plage-52-gris\/#primaryimage\",\"url\":\"https:\/\/www.moree.de\/wp-content\/uploads\/2021\/07\/Beach-52-shisha-tisch-outdoor-ambiente.jpg\",\"contentUrl\":\"https:\/\/www.moree.de\/wp-content\/uploads\/2021\/07\/Beach-52-shisha-tisch-outdoor-ambiente.jpg\",\"width\":1000,\"height\":1000},{\"@type\":\"BreadcrumbList\",\"@id\":\"https:\/\/www.moree.de\/fr\/produit\/plage-52-gris\/#breadcrumb\",\"itemListElement\":[{\"@type\":\"ListItem\",\"position\":1,\"name\":\"Home\",\"item\":\"https:\/\/www.moree.de\/fr\/\"},{\"@type\":\"ListItem\",\"position\":2,\"name\":\"Shop\",\"item\":\"https:\/\/www.moree.de\/shop\/\"},{\"@type\":\"ListItem\",\"position\":3,\"name\":\"Plage 52 Gris\"}]},{\"@type\":\"WebSite\",\"@id\":\"https:\/\/www.moree.de\/fr\/#website\",\"url\":\"https:\/\/www.moree.de\/fr\/\",\"name\":\"Moree.de\",\"description\":\"Gastronomie M\u00f6bel, Lounge M\u00f6bel, Barhocker und LED M\u00f6bel\",\"publisher\":{\"@id\":\"https:\/\/www.moree.de\/fr\/#organization\"},\"potentialAction\":[{\"@type\":\"SearchAction\",\"target\":{\"@type\":\"EntryPoint\",\"urlTemplate\":\"https:\/\/www.moree.de\/fr\/?s={search_term_string}\"},\"query-input\":{\"@type\":\"PropertyValueSpecification\",\"valueRequired\":true,\"valueName\":\"search_term_string\"}}],\"inLanguage\":\"fr-FR\"},{\"@type\":\"Organization\",\"@id\":\"https:\/\/www.moree.de\/fr\/#organization\",\"name\":\"Moree.de\",\"url\":\"https:\/\/www.moree.de\/fr\/\",\"logo\":{\"@type\":\"ImageObject\",\"inLanguage\":\"fr-FR\",\"@id\":\"https:\/\/www.moree.de\/fr\/#\/schema\/logo\/image\/\",\"url\":\"https:\/\/www.moree.de\/wp-content\/uploads\/2021\/05\/moree-logo.svg\",\"contentUrl\":\"https:\/\/www.moree.de\/wp-content\/uploads\/2021\/05\/moree-logo.svg\",\"width\":349,\"height\":62,\"caption\":\"Moree.de\"},\"image\":{\"@id\":\"https:\/\/www.moree.de\/fr\/#\/schema\/logo\/image\/\"}}]}<\/script>\n<!-- \/ Yoast SEO plugin. -->","yoast_head_json":{"title":"Plage 52 Gris - Moree.de","robots":{"index":"index","follow":"follow","max-snippet":"max-snippet:-1","max-image-preview":"max-image-preview:large","max-video-preview":"max-video-preview:-1"},"canonical":"https:\/\/www.moree.de\/fr\/produit\/plage-52-gris\/","og_locale":"fr_FR","og_type":"article","og_title":"Plage 52 Gris - Moree.de","og_description":"Ambiance parfaite pour la terrasse, le jardin et le balcon, avec l'unit\u00e9 de batterie LED multicolore pour l'ext\u00e9rieur !","og_url":"https:\/\/www.moree.de\/fr\/produit\/plage-52-gris\/","og_site_name":"Moree.de","article_modified_time":"2025-10-29T12:34:51+00:00","og_image":[{"width":1000,"height":1000,"url":"https:\/\/www.moree.de\/wp-content\/uploads\/2021\/07\/Beach-52-shisha-tisch-outdoor-ambiente.jpg","type":"image\/jpeg"}],"twitter_card":"summary_large_image","twitter_misc":{"Dur\u00e9e de lecture estim\u00e9e":"2 minutes"},"schema":{"@context":"https:\/\/schema.org","@graph":[{"@type":"WebPage","@id":"https:\/\/www.moree.de\/fr\/produit\/plage-52-gris\/","url":"https:\/\/www.moree.de\/fr\/produit\/plage-52-gris\/","name":"Plage 52 Gris - Moree.de","isPartOf":{"@id":"https:\/\/www.moree.de\/fr\/#website"},"primaryImageOfPage":{"@id":"https:\/\/www.moree.de\/fr\/produit\/plage-52-gris\/#primaryimage"},"image":{"@id":"https:\/\/www.moree.de\/fr\/produit\/plage-52-gris\/#primaryimage"},"thumbnailUrl":"https:\/\/www.moree.de\/wp-content\/uploads\/2021\/07\/Beach-52-shisha-tisch-outdoor-ambiente.jpg","datePublished":"2021-07-13T07:58:23+00:00","dateModified":"2025-10-29T12:34:51+00:00","breadcrumb":{"@id":"https:\/\/www.moree.de\/fr\/produit\/plage-52-gris\/#breadcrumb"},"inLanguage":"fr-FR","potentialAction":[{"@type":"ReadAction","target":["https:\/\/www.moree.de\/fr\/produit\/plage-52-gris\/"]}]},{"@type":"ImageObject","inLanguage":"fr-FR","@id":"https:\/\/www.moree.de\/fr\/produit\/plage-52-gris\/#primaryimage","url":"https:\/\/www.moree.de\/wp-content\/uploads\/2021\/07\/Beach-52-shisha-tisch-outdoor-ambiente.jpg","contentUrl":"https:\/\/www.moree.de\/wp-content\/uploads\/2021\/07\/Beach-52-shisha-tisch-outdoor-ambiente.jpg","width":1000,"height":1000},{"@type":"BreadcrumbList","@id":"https:\/\/www.moree.de\/fr\/produit\/plage-52-gris\/#breadcrumb","itemListElement":[{"@type":"ListItem","position":1,"name":"Home","item":"https:\/\/www.moree.de\/fr\/"},{"@type":"ListItem","position":2,"name":"Shop","item":"https:\/\/www.moree.de\/shop\/"},{"@type":"ListItem","position":3,"name":"Plage 52 Gris"}]},{"@type":"WebSite","@id":"https:\/\/www.moree.de\/fr\/#website","url":"https:\/\/www.moree.de\/fr\/","name":"Moree.de","description":"Gastronomie M\u00f6bel, Lounge M\u00f6bel, Barhocker und LED M\u00f6bel","publisher":{"@id":"https:\/\/www.moree.de\/fr\/#organization"},"potentialAction":[{"@type":"SearchAction","target":{"@type":"EntryPoint","urlTemplate":"https:\/\/www.moree.de\/fr\/?s={search_term_string}"},"query-input":{"@type":"PropertyValueSpecification","valueRequired":true,"valueName":"search_term_string"}}],"inLanguage":"fr-FR"},{"@type":"Organization","@id":"https:\/\/www.moree.de\/fr\/#organization","name":"Moree.de","url":"https:\/\/www.moree.de\/fr\/","logo":{"@type":"ImageObject","inLanguage":"fr-FR","@id":"https:\/\/www.moree.de\/fr\/#\/schema\/logo\/image\/","url":"https:\/\/www.moree.de\/wp-content\/uploads\/2021\/05\/moree-logo.svg","contentUrl":"https:\/\/www.moree.de\/wp-content\/uploads\/2021\/05\/moree-logo.svg","width":349,"height":62,"caption":"Moree.de"},"image":{"@id":"https:\/\/www.moree.de\/fr\/#\/schema\/logo\/image\/"}}]}},"_links":{"self":[{"href":"https:\/\/www.moree.de\/fr\/wp-json\/wp\/v2\/product\/7891","targetHints":{"allow":["GET"]}}],"collection":[{"href":"https:\/\/www.moree.de\/fr\/wp-json\/wp\/v2\/product"}],"about":[{"href":"https:\/\/www.moree.de\/fr\/wp-json\/wp\/v2\/types\/product"}],"wp:featuredmedia":[{"embeddable":true,"href":"https:\/\/www.moree.de\/fr\/wp-json\/wp\/v2\/media\/5328"}],"wp:attachment":[{"href":"https:\/\/www.moree.de\/fr\/wp-json\/wp\/v2\/media?parent=7891"}],"wp:term":[{"taxonomy":"product_brand","embeddable":true,"href":"https:\/\/www.moree.de\/fr\/wp-json\/wp\/v2\/product_brand?post=7891"},{"taxonomy":"product_cat","embeddable":true,"href":"https:\/\/www.moree.de\/fr\/wp-json\/wp\/v2\/product_cat?post=7891"},{"taxonomy":"product_tag","embeddable":true,"href":"https:\/\/www.moree.de\/fr\/wp-json\/wp\/v2\/product_tag?post=7891"}],"curies":[{"name":"wp","href":"https:\/\/api.w.org\/{rel}","templated":true}]}}