{"id":7987,"date":"2021-05-17T16:58:49","date_gmt":"2021-07-16T14:58:49","guid":{"rendered":"https:\/\/www.moree.de\/produkt\/embout-radius\/"},"modified":"2025-10-29T13:34:48","modified_gmt":"2025-10-29T12:34:48","slug":"embout-radius","status":"publish","type":"product","link":"https:\/\/www.moree.de\/fr\/produit\/embout-radius\/","title":{"rendered":"Embout Radius"},"content":{"rendered":"<p>Compteur Moree<\/p>\n<p>Avec les modules de comptoir Moree, vous pouvez cr\u00e9er vos propres configurations de comptoir, parfaitement adapt\u00e9es \u00e0 vos \u00e9v\u00e9nements et \u00e0 vos locaux.<br \/>\nTous les modules peuvent \u00eatre combin\u00e9s les uns avec les autres. Equip\u00e9 de deux lumi\u00e8res LED multicolores sur l&rsquo;avant et l&rsquo;arri\u00e8re (plan de travail) du comptoir, qui peuvent \u00eatre contr\u00f4l\u00e9es ensemble ou s\u00e9par\u00e9ment, une personnalisation suppl\u00e9mentaire est possible gr\u00e2ce aux couleurs\/blancs. Ces fonctions sont contr\u00f4l\u00e9es par une t\u00e9l\u00e9commande \u00e0 4 canaux.<\/p>\n","protected":false},"excerpt":{"rendered":"<p>Les embouts &lsquo;Radius&rsquo; ont une finition laqu\u00e9e de haute qualit\u00e9 et un bord arrondi \u00e0 la hauteur de la planche du bar. L&#8217;embout &lsquo;Radius&rsquo; ferme les c\u00f4t\u00e9s des modules de bar, l&#8217;embout &lsquo;Radius 86&rsquo; appartient aux modules de buffet et le petit embout &lsquo;Radius&rsquo; S relie les modules de buffet et de bar.<\/p>\n","protected":false},"featured_media":5488,"template":"","meta":{"_acf_changed":false},"product_brand":[],"product_cat":[503,496,501],"product_tag":[],"class_list":{"0":"post-7987","1":"product","2":"type-product","3":"status-publish","4":"has-post-thumbnail","6":"product_cat-meuble-bar-comptoir","7":"product_cat-bar-lumineux","8":"product_cat-meuble-bar","10":"first","11":"instock","12":"taxable","13":"shipping-taxable","14":"purchasable","15":"product-type-variable"},"acf":[],"yoast_head":"<!-- This site is optimized with the Yoast SEO plugin v26.8 - https:\/\/yoast.com\/product\/yoast-seo-wordpress\/ -->\n<title>Embout Radius - Moree.de<\/title>\n<meta name=\"robots\" content=\"index, follow, max-snippet:-1, max-image-preview:large, max-video-preview:-1\" \/>\n<link rel=\"canonical\" href=\"https:\/\/www.moree.de\/fr\/produit\/embout-radius\/\" \/>\n<meta property=\"og:locale\" content=\"fr_FR\" \/>\n<meta property=\"og:type\" content=\"article\" \/>\n<meta property=\"og:title\" content=\"Embout Radius - Moree.de\" \/>\n<meta property=\"og:description\" content=\"Les embouts &#039;Radius&#039; ont une finition laqu\u00e9e de haute qualit\u00e9 et un bord arrondi \u00e0 la hauteur de la planche du bar. L&#039;embout &#039;Radius&#039; ferme les c\u00f4t\u00e9s des modules de bar, l&#039;embout &#039;Radius 86&#039; appartient aux modules de buffet et le petit embout &#039;Radius&#039; S relie les modules de buffet et de bar.\" \/>\n<meta property=\"og:url\" content=\"https:\/\/www.moree.de\/fr\/produit\/embout-radius\/\" \/>\n<meta property=\"og:site_name\" content=\"Moree.de\" \/>\n<meta property=\"article:modified_time\" content=\"2025-10-29T12:34:48+00:00\" \/>\n<meta property=\"og:image\" content=\"https:\/\/www.moree.de\/wp-content\/uploads\/2021\/07\/19-02-09-1M-Counter-Radius-Detail-1.jpg\" \/>\n\t<meta property=\"og:image:width\" content=\"800\" \/>\n\t<meta property=\"og:image:height\" content=\"600\" \/>\n\t<meta property=\"og:image:type\" content=\"image\/jpeg\" \/>\n<meta name=\"twitter:card\" content=\"summary_large_image\" \/>\n<script type=\"application\/ld+json\" class=\"yoast-schema-graph\">{\"@context\":\"https:\/\/schema.org\",\"@graph\":[{\"@type\":\"WebPage\",\"@id\":\"https:\/\/www.moree.de\/fr\/produit\/embout-radius\/\",\"url\":\"https:\/\/www.moree.de\/fr\/produit\/embout-radius\/\",\"name\":\"Embout Radius - Moree.de\",\"isPartOf\":{\"@id\":\"https:\/\/www.moree.de\/fr\/#website\"},\"primaryImageOfPage\":{\"@id\":\"https:\/\/www.moree.de\/fr\/produit\/embout-radius\/#primaryimage\"},\"image\":{\"@id\":\"https:\/\/www.moree.de\/fr\/produit\/embout-radius\/#primaryimage\"},\"thumbnailUrl\":\"https:\/\/www.moree.de\/wp-content\/uploads\/2021\/07\/19-02-09-1M-Counter-Radius-Detail-1.jpg\",\"datePublished\":\"2021-07-16T14:58:49+00:00\",\"dateModified\":\"2025-10-29T12:34:48+00:00\",\"breadcrumb\":{\"@id\":\"https:\/\/www.moree.de\/fr\/produit\/embout-radius\/#breadcrumb\"},\"inLanguage\":\"fr-FR\",\"potentialAction\":[{\"@type\":\"ReadAction\",\"target\":[\"https:\/\/www.moree.de\/fr\/produit\/embout-radius\/\"]}]},{\"@type\":\"ImageObject\",\"inLanguage\":\"fr-FR\",\"@id\":\"https:\/\/www.moree.de\/fr\/produit\/embout-radius\/#primaryimage\",\"url\":\"https:\/\/www.moree.de\/wp-content\/uploads\/2021\/07\/19-02-09-1M-Counter-Radius-Detail-1.jpg\",\"contentUrl\":\"https:\/\/www.moree.de\/wp-content\/uploads\/2021\/07\/19-02-09-1M-Counter-Radius-Detail-1.jpg\",\"width\":800,\"height\":600},{\"@type\":\"BreadcrumbList\",\"@id\":\"https:\/\/www.moree.de\/fr\/produit\/embout-radius\/#breadcrumb\",\"itemListElement\":[{\"@type\":\"ListItem\",\"position\":1,\"name\":\"Home\",\"item\":\"https:\/\/www.moree.de\/fr\/\"},{\"@type\":\"ListItem\",\"position\":2,\"name\":\"Shop\",\"item\":\"https:\/\/www.moree.de\/shop\/\"},{\"@type\":\"ListItem\",\"position\":3,\"name\":\"Embout Radius\"}]},{\"@type\":\"WebSite\",\"@id\":\"https:\/\/www.moree.de\/fr\/#website\",\"url\":\"https:\/\/www.moree.de\/fr\/\",\"name\":\"Moree.de\",\"description\":\"Gastronomie M\u00f6bel, Lounge M\u00f6bel, Barhocker und LED M\u00f6bel\",\"publisher\":{\"@id\":\"https:\/\/www.moree.de\/fr\/#organization\"},\"potentialAction\":[{\"@type\":\"SearchAction\",\"target\":{\"@type\":\"EntryPoint\",\"urlTemplate\":\"https:\/\/www.moree.de\/fr\/?s={search_term_string}\"},\"query-input\":{\"@type\":\"PropertyValueSpecification\",\"valueRequired\":true,\"valueName\":\"search_term_string\"}}],\"inLanguage\":\"fr-FR\"},{\"@type\":\"Organization\",\"@id\":\"https:\/\/www.moree.de\/fr\/#organization\",\"name\":\"Moree.de\",\"url\":\"https:\/\/www.moree.de\/fr\/\",\"logo\":{\"@type\":\"ImageObject\",\"inLanguage\":\"fr-FR\",\"@id\":\"https:\/\/www.moree.de\/fr\/#\/schema\/logo\/image\/\",\"url\":\"https:\/\/www.moree.de\/wp-content\/uploads\/2021\/05\/moree-logo.svg\",\"contentUrl\":\"https:\/\/www.moree.de\/wp-content\/uploads\/2021\/05\/moree-logo.svg\",\"width\":349,\"height\":62,\"caption\":\"Moree.de\"},\"image\":{\"@id\":\"https:\/\/www.moree.de\/fr\/#\/schema\/logo\/image\/\"}}]}<\/script>\n<!-- \/ Yoast SEO plugin. -->","yoast_head_json":{"title":"Embout Radius - Moree.de","robots":{"index":"index","follow":"follow","max-snippet":"max-snippet:-1","max-image-preview":"max-image-preview:large","max-video-preview":"max-video-preview:-1"},"canonical":"https:\/\/www.moree.de\/fr\/produit\/embout-radius\/","og_locale":"fr_FR","og_type":"article","og_title":"Embout Radius - Moree.de","og_description":"Les embouts 'Radius' ont une finition laqu\u00e9e de haute qualit\u00e9 et un bord arrondi \u00e0 la hauteur de la planche du bar. L'embout 'Radius' ferme les c\u00f4t\u00e9s des modules de bar, l'embout 'Radius 86' appartient aux modules de buffet et le petit embout 'Radius' S relie les modules de buffet et de bar.","og_url":"https:\/\/www.moree.de\/fr\/produit\/embout-radius\/","og_site_name":"Moree.de","article_modified_time":"2025-10-29T12:34:48+00:00","og_image":[{"width":800,"height":600,"url":"https:\/\/www.moree.de\/wp-content\/uploads\/2021\/07\/19-02-09-1M-Counter-Radius-Detail-1.jpg","type":"image\/jpeg"}],"twitter_card":"summary_large_image","schema":{"@context":"https:\/\/schema.org","@graph":[{"@type":"WebPage","@id":"https:\/\/www.moree.de\/fr\/produit\/embout-radius\/","url":"https:\/\/www.moree.de\/fr\/produit\/embout-radius\/","name":"Embout Radius - Moree.de","isPartOf":{"@id":"https:\/\/www.moree.de\/fr\/#website"},"primaryImageOfPage":{"@id":"https:\/\/www.moree.de\/fr\/produit\/embout-radius\/#primaryimage"},"image":{"@id":"https:\/\/www.moree.de\/fr\/produit\/embout-radius\/#primaryimage"},"thumbnailUrl":"https:\/\/www.moree.de\/wp-content\/uploads\/2021\/07\/19-02-09-1M-Counter-Radius-Detail-1.jpg","datePublished":"2021-07-16T14:58:49+00:00","dateModified":"2025-10-29T12:34:48+00:00","breadcrumb":{"@id":"https:\/\/www.moree.de\/fr\/produit\/embout-radius\/#breadcrumb"},"inLanguage":"fr-FR","potentialAction":[{"@type":"ReadAction","target":["https:\/\/www.moree.de\/fr\/produit\/embout-radius\/"]}]},{"@type":"ImageObject","inLanguage":"fr-FR","@id":"https:\/\/www.moree.de\/fr\/produit\/embout-radius\/#primaryimage","url":"https:\/\/www.moree.de\/wp-content\/uploads\/2021\/07\/19-02-09-1M-Counter-Radius-Detail-1.jpg","contentUrl":"https:\/\/www.moree.de\/wp-content\/uploads\/2021\/07\/19-02-09-1M-Counter-Radius-Detail-1.jpg","width":800,"height":600},{"@type":"BreadcrumbList","@id":"https:\/\/www.moree.de\/fr\/produit\/embout-radius\/#breadcrumb","itemListElement":[{"@type":"ListItem","position":1,"name":"Home","item":"https:\/\/www.moree.de\/fr\/"},{"@type":"ListItem","position":2,"name":"Shop","item":"https:\/\/www.moree.de\/shop\/"},{"@type":"ListItem","position":3,"name":"Embout Radius"}]},{"@type":"WebSite","@id":"https:\/\/www.moree.de\/fr\/#website","url":"https:\/\/www.moree.de\/fr\/","name":"Moree.de","description":"Gastronomie M\u00f6bel, Lounge M\u00f6bel, Barhocker und LED M\u00f6bel","publisher":{"@id":"https:\/\/www.moree.de\/fr\/#organization"},"potentialAction":[{"@type":"SearchAction","target":{"@type":"EntryPoint","urlTemplate":"https:\/\/www.moree.de\/fr\/?s={search_term_string}"},"query-input":{"@type":"PropertyValueSpecification","valueRequired":true,"valueName":"search_term_string"}}],"inLanguage":"fr-FR"},{"@type":"Organization","@id":"https:\/\/www.moree.de\/fr\/#organization","name":"Moree.de","url":"https:\/\/www.moree.de\/fr\/","logo":{"@type":"ImageObject","inLanguage":"fr-FR","@id":"https:\/\/www.moree.de\/fr\/#\/schema\/logo\/image\/","url":"https:\/\/www.moree.de\/wp-content\/uploads\/2021\/05\/moree-logo.svg","contentUrl":"https:\/\/www.moree.de\/wp-content\/uploads\/2021\/05\/moree-logo.svg","width":349,"height":62,"caption":"Moree.de"},"image":{"@id":"https:\/\/www.moree.de\/fr\/#\/schema\/logo\/image\/"}}]}},"_links":{"self":[{"href":"https:\/\/www.moree.de\/fr\/wp-json\/wp\/v2\/product\/7987","targetHints":{"allow":["GET"]}}],"collection":[{"href":"https:\/\/www.moree.de\/fr\/wp-json\/wp\/v2\/product"}],"about":[{"href":"https:\/\/www.moree.de\/fr\/wp-json\/wp\/v2\/types\/product"}],"wp:featuredmedia":[{"embeddable":true,"href":"https:\/\/www.moree.de\/fr\/wp-json\/wp\/v2\/media\/5488"}],"wp:attachment":[{"href":"https:\/\/www.moree.de\/fr\/wp-json\/wp\/v2\/media?parent=7987"}],"wp:term":[{"taxonomy":"product_brand","embeddable":true,"href":"https:\/\/www.moree.de\/fr\/wp-json\/wp\/v2\/product_brand?post=7987"},{"taxonomy":"product_cat","embeddable":true,"href":"https:\/\/www.moree.de\/fr\/wp-json\/wp\/v2\/product_cat?post=7987"},{"taxonomy":"product_tag","embeddable":true,"href":"https:\/\/www.moree.de\/fr\/wp-json\/wp\/v2\/product_tag?post=7987"}],"curies":[{"name":"wp","href":"https:\/\/api.w.org\/{rel}","templated":true}]}}