{"id":7999,"date":"2005-07-15T11:40:27","date_gmt":"2021-07-15T09:40:27","guid":{"rendered":"https:\/\/www.moree.de\/produkt\/star-60\/"},"modified":"2025-10-29T13:34:53","modified_gmt":"2025-10-29T12:34:53","slug":"etoile-lumineuse-noel","status":"publish","type":"product","link":"https:\/\/www.moree.de\/fr\/produit\/etoile-lumineuse-noel\/","title":{"rendered":"Star 60"},"content":{"rendered":"<p>Poinsettia \u00e0 DEL multicolore d\u00e9coratif pour l&rsquo;int\u00e9rieur et l&rsquo;ext\u00e9rieur.<\/p>\n<p>Avec la couronne de l&rsquo;Avent et le sapin de No\u00ebl, le poinsettia est devenu une tradition du temps de l&rsquo;Avent. Les \u00e9toiles modernes dot\u00e9es d&rsquo;un \u00e9clairage \u00e0 DEL sont des \u00e9l\u00e9ments d\u00e9coratifs populaires pendant la p\u00e9riode de No\u00ebl. Ils d\u00e9corent le jardin et la terrasse ainsi que l&rsquo;int\u00e9rieur de la maison et ajoutent de l&rsquo;ambiance et de la s\u00e9curit\u00e9 avec peu d&rsquo;efforts et mettent votre maison en valeur.<\/p>\n<p>Les \u00e9toiles \u00e0 DEL en plastique poly\u00e9thyl\u00e8ne robuste et r\u00e9sistant aux intemp\u00e9ries sont polyvalentes. Par exemple, ils peuvent \u00eatre utilis\u00e9s comme lampadaire pour \u00e9clairer le couloir ou l&rsquo;entr\u00e9e. Pour une utilisation en ext\u00e9rieur, sur la pelouse ou dans les parterres de fleurs, l&rsquo;\u00e9toile \u00e0 DEL de Moree est dot\u00e9e d&rsquo;un piquet de terre, qui est inclus dans la livraison. Cela garantit une position ferme. Le piquet de terre est viss\u00e9 directement sur l&rsquo;\u00e9toile lumineuse dans un filetage pr\u00e9vu \u00e0 cet effet. \u00c0 c\u00f4t\u00e9, il y a un support mural int\u00e9gr\u00e9 au dos du poinsettia. Il est ainsi possible d&rsquo;accrocher l&rsquo;\u00e9toile \u00e0 DEL fonctionnant sur piles aux portes et aux murs. Le changement de couleur peut \u00eatre facilement contr\u00f4l\u00e9 par une t\u00e9l\u00e9commande.<\/p>\n<p>Le Moree Star 60 est disponible en version c\u00e2ble ext\u00e9rieur et batterie.<br \/>\nL&rsquo;\u00e9toile de No\u00ebl \u00e0 DEL avec c\u00e2ble fixe offre la possibilit\u00e9 id\u00e9ale d&rsquo;illuminer les locaux sans interruption. Gr\u00e2ce \u00e0 la technologie DEL \u00e0 \u00e9conomie d&rsquo;\u00e9nergie, l&rsquo;\u00e9toile sans fil permet une autonomie de 7 heures et est id\u00e9ale pour une utilisation flexible.<\/p>\n<p>En plus de l&rsquo;\u00e9toile de 60 cm propos\u00e9e ici, une autre taille de l&rsquo;\u00e9toile lumineuse est \u00e9galement disponible en 40 cm.<\/p>\n","protected":false},"excerpt":{"rendered":"<p>Les \u00e9toiles \u00e0 DEL de Moree offrent un \u00e9clairage d&rsquo;ambiance dans le jardin et sur la terrasse, elles r\u00e9pandent \u00e9galement une grande ambiance de No\u00ebl \u00e0 l&rsquo;int\u00e9rieur. Contr\u00f4l\u00e9 par t\u00e9l\u00e9commande, disponible en version c\u00e2ble ou batterie &#8211; y compris suspension murale et piquet de terre.<\/p>\n","protected":false},"featured_media":5788,"template":"","meta":{"_acf_changed":false},"product_brand":[],"product_cat":[270,487,272,493,488,510,485],"product_tag":[],"class_list":{"0":"post-7999","1":"product","2":"type-product","3":"status-publish","4":"has-post-thumbnail","6":"product_cat-lampe-sans-fil","7":"product_cat-eclairage-led","8":"product_cat-salon-de-jardin-exterieur","9":"product_cat-lampe-murale","10":"product_cat-deco-lumiere","11":"product_cat-eclairage-exterieur-terrasse","12":"product_cat-lampe-exterieure-sans-fil","14":"first","15":"instock","16":"taxable","17":"shipping-taxable","18":"purchasable","19":"product-type-variable"},"acf":[],"yoast_head":"<!-- This site is optimized with the Yoast SEO plugin v26.8 - https:\/\/yoast.com\/product\/yoast-seo-wordpress\/ -->\n<title>Star 60 - Moree.de<\/title>\n<meta name=\"robots\" content=\"index, follow, max-snippet:-1, max-image-preview:large, max-video-preview:-1\" \/>\n<link rel=\"canonical\" href=\"https:\/\/www.moree.de\/fr\/produit\/etoile-lumineuse-noel\/\" \/>\n<meta property=\"og:locale\" content=\"fr_FR\" \/>\n<meta property=\"og:type\" content=\"article\" \/>\n<meta property=\"og:title\" content=\"Star 60 - Moree.de\" \/>\n<meta property=\"og:description\" content=\"Les \u00e9toiles \u00e0 DEL de Moree offrent un \u00e9clairage d&#039;ambiance dans le jardin et sur la terrasse, elles r\u00e9pandent \u00e9galement une grande ambiance de No\u00ebl \u00e0 l&#039;int\u00e9rieur. Contr\u00f4l\u00e9 par t\u00e9l\u00e9commande, disponible en version c\u00e2ble ou batterie - y compris suspension murale et piquet de terre.\" \/>\n<meta property=\"og:url\" content=\"https:\/\/www.moree.de\/fr\/produit\/etoile-lumineuse-noel\/\" \/>\n<meta property=\"og:site_name\" content=\"Moree.de\" \/>\n<meta property=\"article:modified_time\" content=\"2025-10-29T12:34:53+00:00\" \/>\n<meta property=\"og:image\" content=\"https:\/\/www.moree.de\/wp-content\/uploads\/2021\/07\/Moree-Star-60-Outdoor-Terrasse-e1626420259144.jpg\" \/>\n\t<meta property=\"og:image:width\" content=\"1000\" \/>\n\t<meta property=\"og:image:height\" content=\"800\" \/>\n\t<meta property=\"og:image:type\" content=\"image\/jpeg\" \/>\n<meta name=\"twitter:card\" content=\"summary_large_image\" \/>\n<meta name=\"twitter:label1\" content=\"Dur\u00e9e de lecture estim\u00e9e\" \/>\n\t<meta name=\"twitter:data1\" content=\"2 minutes\" \/>\n<script type=\"application\/ld+json\" class=\"yoast-schema-graph\">{\"@context\":\"https:\/\/schema.org\",\"@graph\":[{\"@type\":\"WebPage\",\"@id\":\"https:\/\/www.moree.de\/fr\/produit\/etoile-lumineuse-noel\/\",\"url\":\"https:\/\/www.moree.de\/fr\/produit\/etoile-lumineuse-noel\/\",\"name\":\"Star 60 - Moree.de\",\"isPartOf\":{\"@id\":\"https:\/\/www.moree.de\/fr\/#website\"},\"primaryImageOfPage\":{\"@id\":\"https:\/\/www.moree.de\/fr\/produit\/etoile-lumineuse-noel\/#primaryimage\"},\"image\":{\"@id\":\"https:\/\/www.moree.de\/fr\/produit\/etoile-lumineuse-noel\/#primaryimage\"},\"thumbnailUrl\":\"https:\/\/www.moree.de\/wp-content\/uploads\/2021\/07\/Moree-Star-60-Outdoor-Terrasse-e1626420259144.jpg\",\"datePublished\":\"2021-07-15T09:40:27+00:00\",\"dateModified\":\"2025-10-29T12:34:53+00:00\",\"breadcrumb\":{\"@id\":\"https:\/\/www.moree.de\/fr\/produit\/etoile-lumineuse-noel\/#breadcrumb\"},\"inLanguage\":\"fr-FR\",\"potentialAction\":[{\"@type\":\"ReadAction\",\"target\":[\"https:\/\/www.moree.de\/fr\/produit\/etoile-lumineuse-noel\/\"]}]},{\"@type\":\"ImageObject\",\"inLanguage\":\"fr-FR\",\"@id\":\"https:\/\/www.moree.de\/fr\/produit\/etoile-lumineuse-noel\/#primaryimage\",\"url\":\"https:\/\/www.moree.de\/wp-content\/uploads\/2021\/07\/Moree-Star-60-Outdoor-Terrasse-e1626420259144.jpg\",\"contentUrl\":\"https:\/\/www.moree.de\/wp-content\/uploads\/2021\/07\/Moree-Star-60-Outdoor-Terrasse-e1626420259144.jpg\",\"width\":1000,\"height\":800,\"caption\":\"\u00c9toile LED, \u00c9toile LED \u00e0 piles, \u00c9toile LED ext\u00e9rieure grand mod\u00e8le\"},{\"@type\":\"BreadcrumbList\",\"@id\":\"https:\/\/www.moree.de\/fr\/produit\/etoile-lumineuse-noel\/#breadcrumb\",\"itemListElement\":[{\"@type\":\"ListItem\",\"position\":1,\"name\":\"Home\",\"item\":\"https:\/\/www.moree.de\/fr\/\"},{\"@type\":\"ListItem\",\"position\":2,\"name\":\"Shop\",\"item\":\"https:\/\/www.moree.de\/shop\/\"},{\"@type\":\"ListItem\",\"position\":3,\"name\":\"Star 60\"}]},{\"@type\":\"WebSite\",\"@id\":\"https:\/\/www.moree.de\/fr\/#website\",\"url\":\"https:\/\/www.moree.de\/fr\/\",\"name\":\"Moree.de\",\"description\":\"Gastronomie M\u00f6bel, Lounge M\u00f6bel, Barhocker und LED M\u00f6bel\",\"publisher\":{\"@id\":\"https:\/\/www.moree.de\/fr\/#organization\"},\"potentialAction\":[{\"@type\":\"SearchAction\",\"target\":{\"@type\":\"EntryPoint\",\"urlTemplate\":\"https:\/\/www.moree.de\/fr\/?s={search_term_string}\"},\"query-input\":{\"@type\":\"PropertyValueSpecification\",\"valueRequired\":true,\"valueName\":\"search_term_string\"}}],\"inLanguage\":\"fr-FR\"},{\"@type\":\"Organization\",\"@id\":\"https:\/\/www.moree.de\/fr\/#organization\",\"name\":\"Moree.de\",\"url\":\"https:\/\/www.moree.de\/fr\/\",\"logo\":{\"@type\":\"ImageObject\",\"inLanguage\":\"fr-FR\",\"@id\":\"https:\/\/www.moree.de\/fr\/#\/schema\/logo\/image\/\",\"url\":\"https:\/\/www.moree.de\/wp-content\/uploads\/2021\/05\/moree-logo.svg\",\"contentUrl\":\"https:\/\/www.moree.de\/wp-content\/uploads\/2021\/05\/moree-logo.svg\",\"width\":349,\"height\":62,\"caption\":\"Moree.de\"},\"image\":{\"@id\":\"https:\/\/www.moree.de\/fr\/#\/schema\/logo\/image\/\"}}]}<\/script>\n<!-- \/ Yoast SEO plugin. -->","yoast_head_json":{"title":"Star 60 - Moree.de","robots":{"index":"index","follow":"follow","max-snippet":"max-snippet:-1","max-image-preview":"max-image-preview:large","max-video-preview":"max-video-preview:-1"},"canonical":"https:\/\/www.moree.de\/fr\/produit\/etoile-lumineuse-noel\/","og_locale":"fr_FR","og_type":"article","og_title":"Star 60 - Moree.de","og_description":"Les \u00e9toiles \u00e0 DEL de Moree offrent un \u00e9clairage d'ambiance dans le jardin et sur la terrasse, elles r\u00e9pandent \u00e9galement une grande ambiance de No\u00ebl \u00e0 l'int\u00e9rieur. Contr\u00f4l\u00e9 par t\u00e9l\u00e9commande, disponible en version c\u00e2ble ou batterie - y compris suspension murale et piquet de terre.","og_url":"https:\/\/www.moree.de\/fr\/produit\/etoile-lumineuse-noel\/","og_site_name":"Moree.de","article_modified_time":"2025-10-29T12:34:53+00:00","og_image":[{"width":1000,"height":800,"url":"https:\/\/www.moree.de\/wp-content\/uploads\/2021\/07\/Moree-Star-60-Outdoor-Terrasse-e1626420259144.jpg","type":"image\/jpeg"}],"twitter_card":"summary_large_image","twitter_misc":{"Dur\u00e9e de lecture estim\u00e9e":"2 minutes"},"schema":{"@context":"https:\/\/schema.org","@graph":[{"@type":"WebPage","@id":"https:\/\/www.moree.de\/fr\/produit\/etoile-lumineuse-noel\/","url":"https:\/\/www.moree.de\/fr\/produit\/etoile-lumineuse-noel\/","name":"Star 60 - Moree.de","isPartOf":{"@id":"https:\/\/www.moree.de\/fr\/#website"},"primaryImageOfPage":{"@id":"https:\/\/www.moree.de\/fr\/produit\/etoile-lumineuse-noel\/#primaryimage"},"image":{"@id":"https:\/\/www.moree.de\/fr\/produit\/etoile-lumineuse-noel\/#primaryimage"},"thumbnailUrl":"https:\/\/www.moree.de\/wp-content\/uploads\/2021\/07\/Moree-Star-60-Outdoor-Terrasse-e1626420259144.jpg","datePublished":"2021-07-15T09:40:27+00:00","dateModified":"2025-10-29T12:34:53+00:00","breadcrumb":{"@id":"https:\/\/www.moree.de\/fr\/produit\/etoile-lumineuse-noel\/#breadcrumb"},"inLanguage":"fr-FR","potentialAction":[{"@type":"ReadAction","target":["https:\/\/www.moree.de\/fr\/produit\/etoile-lumineuse-noel\/"]}]},{"@type":"ImageObject","inLanguage":"fr-FR","@id":"https:\/\/www.moree.de\/fr\/produit\/etoile-lumineuse-noel\/#primaryimage","url":"https:\/\/www.moree.de\/wp-content\/uploads\/2021\/07\/Moree-Star-60-Outdoor-Terrasse-e1626420259144.jpg","contentUrl":"https:\/\/www.moree.de\/wp-content\/uploads\/2021\/07\/Moree-Star-60-Outdoor-Terrasse-e1626420259144.jpg","width":1000,"height":800,"caption":"\u00c9toile LED, \u00c9toile LED \u00e0 piles, \u00c9toile LED ext\u00e9rieure grand mod\u00e8le"},{"@type":"BreadcrumbList","@id":"https:\/\/www.moree.de\/fr\/produit\/etoile-lumineuse-noel\/#breadcrumb","itemListElement":[{"@type":"ListItem","position":1,"name":"Home","item":"https:\/\/www.moree.de\/fr\/"},{"@type":"ListItem","position":2,"name":"Shop","item":"https:\/\/www.moree.de\/shop\/"},{"@type":"ListItem","position":3,"name":"Star 60"}]},{"@type":"WebSite","@id":"https:\/\/www.moree.de\/fr\/#website","url":"https:\/\/www.moree.de\/fr\/","name":"Moree.de","description":"Gastronomie M\u00f6bel, Lounge M\u00f6bel, Barhocker und LED M\u00f6bel","publisher":{"@id":"https:\/\/www.moree.de\/fr\/#organization"},"potentialAction":[{"@type":"SearchAction","target":{"@type":"EntryPoint","urlTemplate":"https:\/\/www.moree.de\/fr\/?s={search_term_string}"},"query-input":{"@type":"PropertyValueSpecification","valueRequired":true,"valueName":"search_term_string"}}],"inLanguage":"fr-FR"},{"@type":"Organization","@id":"https:\/\/www.moree.de\/fr\/#organization","name":"Moree.de","url":"https:\/\/www.moree.de\/fr\/","logo":{"@type":"ImageObject","inLanguage":"fr-FR","@id":"https:\/\/www.moree.de\/fr\/#\/schema\/logo\/image\/","url":"https:\/\/www.moree.de\/wp-content\/uploads\/2021\/05\/moree-logo.svg","contentUrl":"https:\/\/www.moree.de\/wp-content\/uploads\/2021\/05\/moree-logo.svg","width":349,"height":62,"caption":"Moree.de"},"image":{"@id":"https:\/\/www.moree.de\/fr\/#\/schema\/logo\/image\/"}}]}},"_links":{"self":[{"href":"https:\/\/www.moree.de\/fr\/wp-json\/wp\/v2\/product\/7999","targetHints":{"allow":["GET"]}}],"collection":[{"href":"https:\/\/www.moree.de\/fr\/wp-json\/wp\/v2\/product"}],"about":[{"href":"https:\/\/www.moree.de\/fr\/wp-json\/wp\/v2\/types\/product"}],"wp:featuredmedia":[{"embeddable":true,"href":"https:\/\/www.moree.de\/fr\/wp-json\/wp\/v2\/media\/5788"}],"wp:attachment":[{"href":"https:\/\/www.moree.de\/fr\/wp-json\/wp\/v2\/media?parent=7999"}],"wp:term":[{"taxonomy":"product_brand","embeddable":true,"href":"https:\/\/www.moree.de\/fr\/wp-json\/wp\/v2\/product_brand?post=7999"},{"taxonomy":"product_cat","embeddable":true,"href":"https:\/\/www.moree.de\/fr\/wp-json\/wp\/v2\/product_cat?post=7999"},{"taxonomy":"product_tag","embeddable":true,"href":"https:\/\/www.moree.de\/fr\/wp-json\/wp\/v2\/product_tag?post=7999"}],"curies":[{"name":"wp","href":"https:\/\/api.w.org\/{rel}","templated":true}]}}