{"id":8002,"date":"2005-07-15T12:11:34","date_gmt":"2021-07-15T10:11:34","guid":{"rendered":"https:\/\/www.moree.de\/produkt\/8002\/"},"modified":"2025-10-29T13:34:53","modified_gmt":"2025-10-29T12:34:53","slug":"deco-noel-exterieur","status":"publish","type":"product","link":"https:\/\/www.moree.de\/fr\/produit\/deco-noel-exterieur\/","title":{"rendered":"Star 40"},"content":{"rendered":"<p>Poinsettia \u00e0 DEL multicolore d\u00e9coratif pour l&rsquo;int\u00e9rieur et l&rsquo;ext\u00e9rieur.<\/p>\n<p>Le Moree Star 40 est un objet d\u00e9coratif color\u00e9 pour l&rsquo;\u00e9clairage de No\u00ebl et permet de r\u00e9aliser des concepts d&rsquo;\u00e9clairage tr\u00e8s diff\u00e9rents. En particulier pendant la saison sombre, l&rsquo;\u00e9clairage ext\u00e9rieur est un sujet important. Le poinsettia \u00e0 DEL est une source de lumi\u00e8re indirecte pour l&rsquo;espace ext\u00e9rieur et prolonge l&rsquo;espace de vie vers l&rsquo;ext\u00e9rieur. De grandes fen\u00eatres du sol au plafond dans le salon ou la cuisine ouvrent la vue sur la terrasse, le balcon ou le jardin, o\u00f9 l&rsquo;\u00e9toile peut \u00eatre plac\u00e9e pour attirer le regard. Le jardin ou la terrasse est per\u00e7u dans toute sa profondeur et son espace.<\/p>\n<p>Gr\u00e2ce au plastique poly\u00e9thyl\u00e8ne robuste, le poinsettia \u00e0 DEL est \u00e9galement prot\u00e9g\u00e9 des intemp\u00e9ries ext\u00e9rieures. Un piquet de terre, inclus dans la livraison, permet \u00e0 l&rsquo;\u00e9toile \u00e0 DEL de se tenir en toute s\u00e9curit\u00e9 dans les parterres de fleurs et sur la pelouse. L&rsquo;\u00e9toile de No\u00ebl lumineuse peut bien s\u00fbr aussi \u00eatre utilis\u00e9e \u00e0 l&rsquo;int\u00e9rieur. Gr\u00e2ce \u00e0 son support mural int\u00e9gr\u00e9, le poinsettia y offre \u00e9galement un \u00e9clairage moderne et atmosph\u00e9rique. Le changement de couleur peut \u00eatre facilement contr\u00f4l\u00e9 par une t\u00e9l\u00e9commande. Plusieurs programmes de changement de couleur peuvent \u00e9galement \u00eatre s\u00e9lectionn\u00e9s via la t\u00e9l\u00e9commande.<\/p>\n<p>Le Moree Star 40 est disponible en version c\u00e2ble ext\u00e9rieur et batterie.<br \/>\nL&rsquo;\u00e9toile de No\u00ebl \u00e0 DEL avec c\u00e2ble fixe offre la possibilit\u00e9 id\u00e9ale d&rsquo;illuminer les pi\u00e8ces sans interruption. Gr\u00e2ce \u00e0 la technologie DEL \u00e0 \u00e9conomie d&rsquo;\u00e9nergie, l&rsquo;\u00e9toile sans fil permet une autonomie de 7 heures et est id\u00e9ale pour une utilisation flexible.<\/p>\n<p>En plus de l&rsquo;\u00e9toile de 40 cm propos\u00e9e ici, une autre taille de l&rsquo;\u00e9toile lumineuse est \u00e9galement disponible en 60 cm.<\/p>\n","protected":false},"excerpt":{"rendered":"<p>Les \u00e9toiles \u00e0 DEL de Moree offrent un \u00e9clairage d&rsquo;ambiance dans le jardin et sur la terrasse, elles r\u00e9pandent \u00e9galement une grande ambiance de No\u00ebl \u00e0 l&rsquo;int\u00e9rieur. Contr\u00f4l\u00e9 par t\u00e9l\u00e9commande, disponible en version c\u00e2ble ou batterie &#8211; y compris suspension murale et piquet de terre.<\/p>\n","protected":false},"featured_media":5786,"template":"","meta":{"_acf_changed":false},"product_brand":[],"product_cat":[270,487,272,492,493,488,510,485],"product_tag":[],"class_list":{"0":"post-8002","1":"product","2":"type-product","3":"status-publish","4":"has-post-thumbnail","6":"product_cat-lampe-sans-fil","7":"product_cat-eclairage-led","8":"product_cat-salon-de-jardin-exterieur","9":"product_cat-ampe-de-table-exterieur","10":"product_cat-lampe-murale","11":"product_cat-deco-lumiere","12":"product_cat-eclairage-exterieur-terrasse","13":"product_cat-lampe-exterieure-sans-fil","15":"first","16":"outofstock","17":"taxable","18":"shipping-taxable","19":"purchasable","20":"product-type-variable"},"acf":[],"yoast_head":"<!-- This site is optimized with the Yoast SEO plugin v26.8 - https:\/\/yoast.com\/product\/yoast-seo-wordpress\/ -->\n<title>Star 40 - Moree.de<\/title>\n<meta name=\"robots\" content=\"index, follow, max-snippet:-1, max-image-preview:large, max-video-preview:-1\" \/>\n<link rel=\"canonical\" href=\"https:\/\/www.moree.de\/fr\/produit\/deco-noel-exterieur\/\" \/>\n<meta property=\"og:locale\" content=\"fr_FR\" \/>\n<meta property=\"og:type\" content=\"article\" \/>\n<meta property=\"og:title\" content=\"Star 40 - Moree.de\" \/>\n<meta property=\"og:description\" content=\"Les \u00e9toiles \u00e0 DEL de Moree offrent un \u00e9clairage d&#039;ambiance dans le jardin et sur la terrasse, elles r\u00e9pandent \u00e9galement une grande ambiance de No\u00ebl \u00e0 l&#039;int\u00e9rieur. Contr\u00f4l\u00e9 par t\u00e9l\u00e9commande, disponible en version c\u00e2ble ou batterie - y compris suspension murale et piquet de terre.\" \/>\n<meta property=\"og:url\" content=\"https:\/\/www.moree.de\/fr\/produit\/deco-noel-exterieur\/\" \/>\n<meta property=\"og:site_name\" content=\"Moree.de\" \/>\n<meta property=\"article:modified_time\" content=\"2025-10-29T12:34:53+00:00\" \/>\n<meta property=\"og:image\" content=\"https:\/\/www.moree.de\/wp-content\/uploads\/2021\/07\/Moree-Star-40-Terrasse-Weiss.jpg\" \/>\n\t<meta property=\"og:image:width\" content=\"1201\" \/>\n\t<meta property=\"og:image:height\" content=\"900\" \/>\n\t<meta property=\"og:image:type\" content=\"image\/jpeg\" \/>\n<meta name=\"twitter:card\" content=\"summary_large_image\" \/>\n<meta name=\"twitter:label1\" content=\"Dur\u00e9e de lecture estim\u00e9e\" \/>\n\t<meta name=\"twitter:data1\" content=\"2 minutes\" \/>\n<script type=\"application\/ld+json\" class=\"yoast-schema-graph\">{\"@context\":\"https:\/\/schema.org\",\"@graph\":[{\"@type\":\"WebPage\",\"@id\":\"https:\/\/www.moree.de\/fr\/produit\/deco-noel-exterieur\/\",\"url\":\"https:\/\/www.moree.de\/fr\/produit\/deco-noel-exterieur\/\",\"name\":\"Star 40 - Moree.de\",\"isPartOf\":{\"@id\":\"https:\/\/www.moree.de\/fr\/#website\"},\"primaryImageOfPage\":{\"@id\":\"https:\/\/www.moree.de\/fr\/produit\/deco-noel-exterieur\/#primaryimage\"},\"image\":{\"@id\":\"https:\/\/www.moree.de\/fr\/produit\/deco-noel-exterieur\/#primaryimage\"},\"thumbnailUrl\":\"https:\/\/www.moree.de\/wp-content\/uploads\/2021\/07\/Moree-Star-40-Terrasse-Weiss.jpg\",\"datePublished\":\"2021-07-15T10:11:34+00:00\",\"dateModified\":\"2025-10-29T12:34:53+00:00\",\"breadcrumb\":{\"@id\":\"https:\/\/www.moree.de\/fr\/produit\/deco-noel-exterieur\/#breadcrumb\"},\"inLanguage\":\"fr-FR\",\"potentialAction\":[{\"@type\":\"ReadAction\",\"target\":[\"https:\/\/www.moree.de\/fr\/produit\/deco-noel-exterieur\/\"]}]},{\"@type\":\"ImageObject\",\"inLanguage\":\"fr-FR\",\"@id\":\"https:\/\/www.moree.de\/fr\/produit\/deco-noel-exterieur\/#primaryimage\",\"url\":\"https:\/\/www.moree.de\/wp-content\/uploads\/2021\/07\/Moree-Star-40-Terrasse-Weiss.jpg\",\"contentUrl\":\"https:\/\/www.moree.de\/wp-content\/uploads\/2021\/07\/Moree-Star-40-Terrasse-Weiss.jpg\",\"width\":1201,\"height\":900,\"caption\":\"\u00c9toile LED Outdoor, \u00c9toile LED ext\u00e9rieure, \u00c9toile de No\u00ebl illumin\u00e9e,\"},{\"@type\":\"BreadcrumbList\",\"@id\":\"https:\/\/www.moree.de\/fr\/produit\/deco-noel-exterieur\/#breadcrumb\",\"itemListElement\":[{\"@type\":\"ListItem\",\"position\":1,\"name\":\"Home\",\"item\":\"https:\/\/www.moree.de\/fr\/\"},{\"@type\":\"ListItem\",\"position\":2,\"name\":\"Shop\",\"item\":\"https:\/\/www.moree.de\/shop\/\"},{\"@type\":\"ListItem\",\"position\":3,\"name\":\"Star 40\"}]},{\"@type\":\"WebSite\",\"@id\":\"https:\/\/www.moree.de\/fr\/#website\",\"url\":\"https:\/\/www.moree.de\/fr\/\",\"name\":\"Moree.de\",\"description\":\"Gastronomie M\u00f6bel, Lounge M\u00f6bel, Barhocker und LED M\u00f6bel\",\"publisher\":{\"@id\":\"https:\/\/www.moree.de\/fr\/#organization\"},\"potentialAction\":[{\"@type\":\"SearchAction\",\"target\":{\"@type\":\"EntryPoint\",\"urlTemplate\":\"https:\/\/www.moree.de\/fr\/?s={search_term_string}\"},\"query-input\":{\"@type\":\"PropertyValueSpecification\",\"valueRequired\":true,\"valueName\":\"search_term_string\"}}],\"inLanguage\":\"fr-FR\"},{\"@type\":\"Organization\",\"@id\":\"https:\/\/www.moree.de\/fr\/#organization\",\"name\":\"Moree.de\",\"url\":\"https:\/\/www.moree.de\/fr\/\",\"logo\":{\"@type\":\"ImageObject\",\"inLanguage\":\"fr-FR\",\"@id\":\"https:\/\/www.moree.de\/fr\/#\/schema\/logo\/image\/\",\"url\":\"https:\/\/www.moree.de\/wp-content\/uploads\/2021\/05\/moree-logo.svg\",\"contentUrl\":\"https:\/\/www.moree.de\/wp-content\/uploads\/2021\/05\/moree-logo.svg\",\"width\":349,\"height\":62,\"caption\":\"Moree.de\"},\"image\":{\"@id\":\"https:\/\/www.moree.de\/fr\/#\/schema\/logo\/image\/\"}}]}<\/script>\n<!-- \/ Yoast SEO plugin. -->","yoast_head_json":{"title":"Star 40 - Moree.de","robots":{"index":"index","follow":"follow","max-snippet":"max-snippet:-1","max-image-preview":"max-image-preview:large","max-video-preview":"max-video-preview:-1"},"canonical":"https:\/\/www.moree.de\/fr\/produit\/deco-noel-exterieur\/","og_locale":"fr_FR","og_type":"article","og_title":"Star 40 - Moree.de","og_description":"Les \u00e9toiles \u00e0 DEL de Moree offrent un \u00e9clairage d'ambiance dans le jardin et sur la terrasse, elles r\u00e9pandent \u00e9galement une grande ambiance de No\u00ebl \u00e0 l'int\u00e9rieur. Contr\u00f4l\u00e9 par t\u00e9l\u00e9commande, disponible en version c\u00e2ble ou batterie - y compris suspension murale et piquet de terre.","og_url":"https:\/\/www.moree.de\/fr\/produit\/deco-noel-exterieur\/","og_site_name":"Moree.de","article_modified_time":"2025-10-29T12:34:53+00:00","og_image":[{"width":1201,"height":900,"url":"https:\/\/www.moree.de\/wp-content\/uploads\/2021\/07\/Moree-Star-40-Terrasse-Weiss.jpg","type":"image\/jpeg"}],"twitter_card":"summary_large_image","twitter_misc":{"Dur\u00e9e de lecture estim\u00e9e":"2 minutes"},"schema":{"@context":"https:\/\/schema.org","@graph":[{"@type":"WebPage","@id":"https:\/\/www.moree.de\/fr\/produit\/deco-noel-exterieur\/","url":"https:\/\/www.moree.de\/fr\/produit\/deco-noel-exterieur\/","name":"Star 40 - Moree.de","isPartOf":{"@id":"https:\/\/www.moree.de\/fr\/#website"},"primaryImageOfPage":{"@id":"https:\/\/www.moree.de\/fr\/produit\/deco-noel-exterieur\/#primaryimage"},"image":{"@id":"https:\/\/www.moree.de\/fr\/produit\/deco-noel-exterieur\/#primaryimage"},"thumbnailUrl":"https:\/\/www.moree.de\/wp-content\/uploads\/2021\/07\/Moree-Star-40-Terrasse-Weiss.jpg","datePublished":"2021-07-15T10:11:34+00:00","dateModified":"2025-10-29T12:34:53+00:00","breadcrumb":{"@id":"https:\/\/www.moree.de\/fr\/produit\/deco-noel-exterieur\/#breadcrumb"},"inLanguage":"fr-FR","potentialAction":[{"@type":"ReadAction","target":["https:\/\/www.moree.de\/fr\/produit\/deco-noel-exterieur\/"]}]},{"@type":"ImageObject","inLanguage":"fr-FR","@id":"https:\/\/www.moree.de\/fr\/produit\/deco-noel-exterieur\/#primaryimage","url":"https:\/\/www.moree.de\/wp-content\/uploads\/2021\/07\/Moree-Star-40-Terrasse-Weiss.jpg","contentUrl":"https:\/\/www.moree.de\/wp-content\/uploads\/2021\/07\/Moree-Star-40-Terrasse-Weiss.jpg","width":1201,"height":900,"caption":"\u00c9toile LED Outdoor, \u00c9toile LED ext\u00e9rieure, \u00c9toile de No\u00ebl illumin\u00e9e,"},{"@type":"BreadcrumbList","@id":"https:\/\/www.moree.de\/fr\/produit\/deco-noel-exterieur\/#breadcrumb","itemListElement":[{"@type":"ListItem","position":1,"name":"Home","item":"https:\/\/www.moree.de\/fr\/"},{"@type":"ListItem","position":2,"name":"Shop","item":"https:\/\/www.moree.de\/shop\/"},{"@type":"ListItem","position":3,"name":"Star 40"}]},{"@type":"WebSite","@id":"https:\/\/www.moree.de\/fr\/#website","url":"https:\/\/www.moree.de\/fr\/","name":"Moree.de","description":"Gastronomie M\u00f6bel, Lounge M\u00f6bel, Barhocker und LED M\u00f6bel","publisher":{"@id":"https:\/\/www.moree.de\/fr\/#organization"},"potentialAction":[{"@type":"SearchAction","target":{"@type":"EntryPoint","urlTemplate":"https:\/\/www.moree.de\/fr\/?s={search_term_string}"},"query-input":{"@type":"PropertyValueSpecification","valueRequired":true,"valueName":"search_term_string"}}],"inLanguage":"fr-FR"},{"@type":"Organization","@id":"https:\/\/www.moree.de\/fr\/#organization","name":"Moree.de","url":"https:\/\/www.moree.de\/fr\/","logo":{"@type":"ImageObject","inLanguage":"fr-FR","@id":"https:\/\/www.moree.de\/fr\/#\/schema\/logo\/image\/","url":"https:\/\/www.moree.de\/wp-content\/uploads\/2021\/05\/moree-logo.svg","contentUrl":"https:\/\/www.moree.de\/wp-content\/uploads\/2021\/05\/moree-logo.svg","width":349,"height":62,"caption":"Moree.de"},"image":{"@id":"https:\/\/www.moree.de\/fr\/#\/schema\/logo\/image\/"}}]}},"_links":{"self":[{"href":"https:\/\/www.moree.de\/fr\/wp-json\/wp\/v2\/product\/8002","targetHints":{"allow":["GET"]}}],"collection":[{"href":"https:\/\/www.moree.de\/fr\/wp-json\/wp\/v2\/product"}],"about":[{"href":"https:\/\/www.moree.de\/fr\/wp-json\/wp\/v2\/types\/product"}],"wp:featuredmedia":[{"embeddable":true,"href":"https:\/\/www.moree.de\/fr\/wp-json\/wp\/v2\/media\/5786"}],"wp:attachment":[{"href":"https:\/\/www.moree.de\/fr\/wp-json\/wp\/v2\/media?parent=8002"}],"wp:term":[{"taxonomy":"product_brand","embeddable":true,"href":"https:\/\/www.moree.de\/fr\/wp-json\/wp\/v2\/product_brand?post=8002"},{"taxonomy":"product_cat","embeddable":true,"href":"https:\/\/www.moree.de\/fr\/wp-json\/wp\/v2\/product_cat?post=8002"},{"taxonomy":"product_tag","embeddable":true,"href":"https:\/\/www.moree.de\/fr\/wp-json\/wp\/v2\/product_tag?post=8002"}],"curies":[{"name":"wp","href":"https:\/\/api.w.org\/{rel}","templated":true}]}}