{"id":8005,"date":"2021-01-01T10:14:09","date_gmt":"2021-07-15T08:14:09","guid":{"rendered":"https:\/\/www.moree.de\/produkt\/shark\/"},"modified":"2025-10-29T13:34:50","modified_gmt":"2025-10-29T12:34:50","slug":"lampe-exterieur-design","status":"publish","type":"product","link":"https:\/\/www.moree.de\/fr\/produit\/lampe-exterieur-design\/","title":{"rendered":"Shark"},"content":{"rendered":"<p>&lsquo;Shark&rsquo; &#8211; Dangereusement beau<br \/>\nLa lampe &lsquo;Shark&rsquo; de Moree: quiconque place le lampadaire Shark dans son appartement, sa maison ou son jardin est assur\u00e9 d&rsquo;attirer l&rsquo;attention. Cet objet d\u00e9coratif lumineux en plastique blanc translucide c\u00e9l\u00e8bre la forme parfaite et l&rsquo;esth\u00e9tique inimitable d&rsquo;un aileron de requin. Dangereusement beau, cependant, n&rsquo;est que l&rsquo;effet du Shark: il brille en blanc ou dans la couleur de lumi\u00e8re souhait\u00e9e, cette derni\u00e8re gr\u00e2ce \u00e0 l&rsquo;unit\u00e9 \u00e0 DEL multicolore int\u00e9gr\u00e9e. Le mod\u00e8le \u00e0 DEL est \u00e9galement disponible avec un fonctionnement sur batterie.<\/p>\n<p>Aussi tentant que cela puisse \u00eatre, ne mettez pas le requin dans l&rsquo;eau, mais toujours l\u00e0 o\u00f9 vous voulez obtenir un effet AHA durable.<br \/>\nShark est disponible en tant que Shark Indoor, Shark Outdoor, Shark Indoor LED, Shark Outdoor LED et Shark Outdoor LED Battery.<\/p>\n<p>Conception: Aleksandr Mukomelov<\/p>\n","protected":false},"excerpt":{"rendered":"<p>Diff\u00e9rentes versions techniques sont disponibles avec une lumi\u00e8re blanche ou color\u00e9e, pour une utilisation int\u00e9rieure et ext\u00e9rieure, avec un c\u00e2ble ou une batterie rechargeable.<\/p>\n","protected":false},"featured_media":5606,"template":"","meta":{"_acf_changed":false},"product_brand":[],"product_cat":[270,487,272,488,510,485],"product_tag":[],"class_list":{"0":"post-8005","1":"product","2":"type-product","3":"status-publish","4":"has-post-thumbnail","6":"product_cat-lampe-sans-fil","7":"product_cat-eclairage-led","8":"product_cat-salon-de-jardin-exterieur","9":"product_cat-deco-lumiere","10":"product_cat-eclairage-exterieur-terrasse","11":"product_cat-lampe-exterieure-sans-fil","13":"first","14":"instock","15":"taxable","16":"shipping-taxable","17":"purchasable","18":"product-type-variable"},"acf":[],"yoast_head":"<!-- This site is optimized with the Yoast SEO plugin v26.8 - https:\/\/yoast.com\/product\/yoast-seo-wordpress\/ -->\n<title>Shark - Moree.de<\/title>\n<meta name=\"robots\" content=\"index, follow, max-snippet:-1, max-image-preview:large, max-video-preview:-1\" \/>\n<link rel=\"canonical\" href=\"https:\/\/www.moree.de\/fr\/produit\/lampe-exterieur-design\/\" \/>\n<meta property=\"og:locale\" content=\"fr_FR\" \/>\n<meta property=\"og:type\" content=\"article\" \/>\n<meta property=\"og:title\" content=\"Shark - Moree.de\" \/>\n<meta property=\"og:description\" content=\"Diff\u00e9rentes versions techniques sont disponibles avec une lumi\u00e8re blanche ou color\u00e9e, pour une utilisation int\u00e9rieure et ext\u00e9rieure, avec un c\u00e2ble ou une batterie rechargeable.\" \/>\n<meta property=\"og:url\" content=\"https:\/\/www.moree.de\/fr\/produit\/lampe-exterieur-design\/\" \/>\n<meta property=\"og:site_name\" content=\"Moree.de\" \/>\n<meta property=\"article:modified_time\" content=\"2025-10-29T12:34:50+00:00\" \/>\n<meta property=\"og:image\" content=\"https:\/\/www.moree.de\/wp-content\/uploads\/2021\/07\/Moree-Shark-Outdoor-Gartenleuchte-Terrassen-Lichtobjekt-dekorative-Lampe-e1626338209963.jpg\" \/>\n\t<meta property=\"og:image:width\" content=\"1200\" \/>\n\t<meta property=\"og:image:height\" content=\"900\" \/>\n\t<meta property=\"og:image:type\" content=\"image\/jpeg\" \/>\n<meta name=\"twitter:card\" content=\"summary_large_image\" \/>\n<meta name=\"twitter:label1\" content=\"Dur\u00e9e de lecture estim\u00e9e\" \/>\n\t<meta name=\"twitter:data1\" content=\"1 minute\" \/>\n<script type=\"application\/ld+json\" class=\"yoast-schema-graph\">{\"@context\":\"https:\/\/schema.org\",\"@graph\":[{\"@type\":\"WebPage\",\"@id\":\"https:\/\/www.moree.de\/fr\/produit\/lampe-exterieur-design\/\",\"url\":\"https:\/\/www.moree.de\/fr\/produit\/lampe-exterieur-design\/\",\"name\":\"Shark - Moree.de\",\"isPartOf\":{\"@id\":\"https:\/\/www.moree.de\/fr\/#website\"},\"primaryImageOfPage\":{\"@id\":\"https:\/\/www.moree.de\/fr\/produit\/lampe-exterieur-design\/#primaryimage\"},\"image\":{\"@id\":\"https:\/\/www.moree.de\/fr\/produit\/lampe-exterieur-design\/#primaryimage\"},\"thumbnailUrl\":\"https:\/\/www.moree.de\/wp-content\/uploads\/2021\/07\/Moree-Shark-Outdoor-Gartenleuchte-Terrassen-Lichtobjekt-dekorative-Lampe-e1626338209963.jpg\",\"datePublished\":\"2021-07-15T08:14:09+00:00\",\"dateModified\":\"2025-10-29T12:34:50+00:00\",\"breadcrumb\":{\"@id\":\"https:\/\/www.moree.de\/fr\/produit\/lampe-exterieur-design\/#breadcrumb\"},\"inLanguage\":\"fr-FR\",\"potentialAction\":[{\"@type\":\"ReadAction\",\"target\":[\"https:\/\/www.moree.de\/fr\/produit\/lampe-exterieur-design\/\"]}]},{\"@type\":\"ImageObject\",\"inLanguage\":\"fr-FR\",\"@id\":\"https:\/\/www.moree.de\/fr\/produit\/lampe-exterieur-design\/#primaryimage\",\"url\":\"https:\/\/www.moree.de\/wp-content\/uploads\/2021\/07\/Moree-Shark-Outdoor-Gartenleuchte-Terrassen-Lichtobjekt-dekorative-Lampe-e1626338209963.jpg\",\"contentUrl\":\"https:\/\/www.moree.de\/wp-content\/uploads\/2021\/07\/Moree-Shark-Outdoor-Gartenleuchte-Terrassen-Lichtobjekt-dekorative-Lampe-e1626338209963.jpg\",\"width\":1200,\"height\":900},{\"@type\":\"BreadcrumbList\",\"@id\":\"https:\/\/www.moree.de\/fr\/produit\/lampe-exterieur-design\/#breadcrumb\",\"itemListElement\":[{\"@type\":\"ListItem\",\"position\":1,\"name\":\"Home\",\"item\":\"https:\/\/www.moree.de\/fr\/\"},{\"@type\":\"ListItem\",\"position\":2,\"name\":\"Shop\",\"item\":\"https:\/\/www.moree.de\/shop\/\"},{\"@type\":\"ListItem\",\"position\":3,\"name\":\"Shark\"}]},{\"@type\":\"WebSite\",\"@id\":\"https:\/\/www.moree.de\/fr\/#website\",\"url\":\"https:\/\/www.moree.de\/fr\/\",\"name\":\"Moree.de\",\"description\":\"Gastronomie M\u00f6bel, Lounge M\u00f6bel, Barhocker und LED M\u00f6bel\",\"publisher\":{\"@id\":\"https:\/\/www.moree.de\/fr\/#organization\"},\"potentialAction\":[{\"@type\":\"SearchAction\",\"target\":{\"@type\":\"EntryPoint\",\"urlTemplate\":\"https:\/\/www.moree.de\/fr\/?s={search_term_string}\"},\"query-input\":{\"@type\":\"PropertyValueSpecification\",\"valueRequired\":true,\"valueName\":\"search_term_string\"}}],\"inLanguage\":\"fr-FR\"},{\"@type\":\"Organization\",\"@id\":\"https:\/\/www.moree.de\/fr\/#organization\",\"name\":\"Moree.de\",\"url\":\"https:\/\/www.moree.de\/fr\/\",\"logo\":{\"@type\":\"ImageObject\",\"inLanguage\":\"fr-FR\",\"@id\":\"https:\/\/www.moree.de\/fr\/#\/schema\/logo\/image\/\",\"url\":\"https:\/\/www.moree.de\/wp-content\/uploads\/2021\/05\/moree-logo.svg\",\"contentUrl\":\"https:\/\/www.moree.de\/wp-content\/uploads\/2021\/05\/moree-logo.svg\",\"width\":349,\"height\":62,\"caption\":\"Moree.de\"},\"image\":{\"@id\":\"https:\/\/www.moree.de\/fr\/#\/schema\/logo\/image\/\"}}]}<\/script>\n<!-- \/ Yoast SEO plugin. -->","yoast_head_json":{"title":"Shark - Moree.de","robots":{"index":"index","follow":"follow","max-snippet":"max-snippet:-1","max-image-preview":"max-image-preview:large","max-video-preview":"max-video-preview:-1"},"canonical":"https:\/\/www.moree.de\/fr\/produit\/lampe-exterieur-design\/","og_locale":"fr_FR","og_type":"article","og_title":"Shark - Moree.de","og_description":"Diff\u00e9rentes versions techniques sont disponibles avec une lumi\u00e8re blanche ou color\u00e9e, pour une utilisation int\u00e9rieure et ext\u00e9rieure, avec un c\u00e2ble ou une batterie rechargeable.","og_url":"https:\/\/www.moree.de\/fr\/produit\/lampe-exterieur-design\/","og_site_name":"Moree.de","article_modified_time":"2025-10-29T12:34:50+00:00","og_image":[{"width":1200,"height":900,"url":"https:\/\/www.moree.de\/wp-content\/uploads\/2021\/07\/Moree-Shark-Outdoor-Gartenleuchte-Terrassen-Lichtobjekt-dekorative-Lampe-e1626338209963.jpg","type":"image\/jpeg"}],"twitter_card":"summary_large_image","twitter_misc":{"Dur\u00e9e de lecture estim\u00e9e":"1 minute"},"schema":{"@context":"https:\/\/schema.org","@graph":[{"@type":"WebPage","@id":"https:\/\/www.moree.de\/fr\/produit\/lampe-exterieur-design\/","url":"https:\/\/www.moree.de\/fr\/produit\/lampe-exterieur-design\/","name":"Shark - Moree.de","isPartOf":{"@id":"https:\/\/www.moree.de\/fr\/#website"},"primaryImageOfPage":{"@id":"https:\/\/www.moree.de\/fr\/produit\/lampe-exterieur-design\/#primaryimage"},"image":{"@id":"https:\/\/www.moree.de\/fr\/produit\/lampe-exterieur-design\/#primaryimage"},"thumbnailUrl":"https:\/\/www.moree.de\/wp-content\/uploads\/2021\/07\/Moree-Shark-Outdoor-Gartenleuchte-Terrassen-Lichtobjekt-dekorative-Lampe-e1626338209963.jpg","datePublished":"2021-07-15T08:14:09+00:00","dateModified":"2025-10-29T12:34:50+00:00","breadcrumb":{"@id":"https:\/\/www.moree.de\/fr\/produit\/lampe-exterieur-design\/#breadcrumb"},"inLanguage":"fr-FR","potentialAction":[{"@type":"ReadAction","target":["https:\/\/www.moree.de\/fr\/produit\/lampe-exterieur-design\/"]}]},{"@type":"ImageObject","inLanguage":"fr-FR","@id":"https:\/\/www.moree.de\/fr\/produit\/lampe-exterieur-design\/#primaryimage","url":"https:\/\/www.moree.de\/wp-content\/uploads\/2021\/07\/Moree-Shark-Outdoor-Gartenleuchte-Terrassen-Lichtobjekt-dekorative-Lampe-e1626338209963.jpg","contentUrl":"https:\/\/www.moree.de\/wp-content\/uploads\/2021\/07\/Moree-Shark-Outdoor-Gartenleuchte-Terrassen-Lichtobjekt-dekorative-Lampe-e1626338209963.jpg","width":1200,"height":900},{"@type":"BreadcrumbList","@id":"https:\/\/www.moree.de\/fr\/produit\/lampe-exterieur-design\/#breadcrumb","itemListElement":[{"@type":"ListItem","position":1,"name":"Home","item":"https:\/\/www.moree.de\/fr\/"},{"@type":"ListItem","position":2,"name":"Shop","item":"https:\/\/www.moree.de\/shop\/"},{"@type":"ListItem","position":3,"name":"Shark"}]},{"@type":"WebSite","@id":"https:\/\/www.moree.de\/fr\/#website","url":"https:\/\/www.moree.de\/fr\/","name":"Moree.de","description":"Gastronomie M\u00f6bel, Lounge M\u00f6bel, Barhocker und LED M\u00f6bel","publisher":{"@id":"https:\/\/www.moree.de\/fr\/#organization"},"potentialAction":[{"@type":"SearchAction","target":{"@type":"EntryPoint","urlTemplate":"https:\/\/www.moree.de\/fr\/?s={search_term_string}"},"query-input":{"@type":"PropertyValueSpecification","valueRequired":true,"valueName":"search_term_string"}}],"inLanguage":"fr-FR"},{"@type":"Organization","@id":"https:\/\/www.moree.de\/fr\/#organization","name":"Moree.de","url":"https:\/\/www.moree.de\/fr\/","logo":{"@type":"ImageObject","inLanguage":"fr-FR","@id":"https:\/\/www.moree.de\/fr\/#\/schema\/logo\/image\/","url":"https:\/\/www.moree.de\/wp-content\/uploads\/2021\/05\/moree-logo.svg","contentUrl":"https:\/\/www.moree.de\/wp-content\/uploads\/2021\/05\/moree-logo.svg","width":349,"height":62,"caption":"Moree.de"},"image":{"@id":"https:\/\/www.moree.de\/fr\/#\/schema\/logo\/image\/"}}]}},"_links":{"self":[{"href":"https:\/\/www.moree.de\/fr\/wp-json\/wp\/v2\/product\/8005","targetHints":{"allow":["GET"]}}],"collection":[{"href":"https:\/\/www.moree.de\/fr\/wp-json\/wp\/v2\/product"}],"about":[{"href":"https:\/\/www.moree.de\/fr\/wp-json\/wp\/v2\/types\/product"}],"wp:featuredmedia":[{"embeddable":true,"href":"https:\/\/www.moree.de\/fr\/wp-json\/wp\/v2\/media\/5606"}],"wp:attachment":[{"href":"https:\/\/www.moree.de\/fr\/wp-json\/wp\/v2\/media?parent=8005"}],"wp:term":[{"taxonomy":"product_brand","embeddable":true,"href":"https:\/\/www.moree.de\/fr\/wp-json\/wp\/v2\/product_brand?post=8005"},{"taxonomy":"product_cat","embeddable":true,"href":"https:\/\/www.moree.de\/fr\/wp-json\/wp\/v2\/product_cat?post=8005"},{"taxonomy":"product_tag","embeddable":true,"href":"https:\/\/www.moree.de\/fr\/wp-json\/wp\/v2\/product_tag?post=8005"}],"curies":[{"name":"wp","href":"https:\/\/api.w.org\/{rel}","templated":true}]}}